{"id":40658,"date":"2025-04-09T07:12:16","date_gmt":"2025-04-09T13:12:16","guid":{"rendered":"https:\/\/www.mexicanguitarplayers.com\/tienda\/sin categor\u00eda\/pedal-t-c-p-guitarra-mod-mojo-mojo-paul-gilbert-edition\/"},"modified":"2026-05-01T07:17:24","modified_gmt":"2026-05-01T13:17:24","slug":"pedal-t-c-p-guitarra-mod-mojo-mojo-paul-gilbert-edition","status":"publish","type":"product","link":"https:\/\/www.mexicanguitarplayers.com\/en\/tienda\/cuerdas\/efectos\/efectos-individuales\/pedal-t-c-p-guitarra-mod-mojo-mojo-paul-gilbert-edition\/","title":{"rendered":"PEDAL T.C. P\/GUITARRA MOD. MOJO MOJO PAUL GILBERT EDITION"},"content":{"rendered":"<div style=\"text-align: justify\">\n<div>\n<h3>Mejora tu tono con Paul Gilbert.<\/h3>\n<\/div>\n<div>Estamos muy emocionados de haber colaborado con el poderoso Paul Gilbert en una edici\u00f3n especialmente modificada del pedal MOJO MOJO OVERDRIVE. Si est\u00e1s buscando un gran sonido de overdrive, es mejor que te al\u00edes con el mismo Sr. Big para tener el tono fundamental marcado a la perfecci\u00f3n. Luciendo un par de ajustes al circuito y un nuevo y elegante chasis morado, MOJO MOJO PAUL GILBERT EDITION es como el pollo tierno perfecto, combinando jugoso y crujiente de la manera m\u00e1s deliciosa posible. Paul siempre usa su pedal MOJO MOJO original con la misma configuraci\u00f3n de voz, as\u00ed que cambiamos el switch Voice por un nuevo switch 11. Al girar el switch 11, se activa un boost de ganancia masivo para obtener a\u00fan m\u00e1s boost y ataque. Y cr\u00e9enos, este realmente va a 11 en esa manera totalmente significativa y salvajemente rockera como Spinal Tap, d\u00e1ndote ese \u00faltimo empuj\u00f3n al precipicio. Agregamos un voltaje de placa de circuito intensificado a MONO MOJO PAUL GILBERT EDITION, lo que te brinda un margen de maniobra y una din\u00e1mica dram\u00e1ticamente mayores para un overdrive incre\u00edblemente vivo y elevado, manteniendo tu tono n\u00edtido, pero no tostado. Demos un paseo r\u00e1pido por los controles del MOJO MOJO PAUL GILBERT EDITION. En la planta baja encontrar\u00e1s un ecualizador activo extremadamente potente para aumentar y dar forma a las frecuencias agudas y graves de forma independiente. Y en el segundo piso, obtienes acceso instant\u00e1neo a los controles Drive y Level para realizar ajustes r\u00e1pidos y sencillos sobre la marcha. Conecta. Retoca. Rockea ! Es tan simple como eso. El MOJO MOJO PAUL GILBERT EDITION viene completamente cargado con un circuito true bypass para garantizar que conserve la integridad de la se\u00f1al de todos tus instrumentos, siempre que el pedal est\u00e9 apagado. Si como Paul Gilbert, pasas la mayor parte de tu vida tocando la guitarra, querr\u00e1s estar seguro de que si tus jugos creativos se interrumpen (Dios no lo quiera) no ser\u00e1 por tus pedales. MOJO MOJO PAUL GILBERT EDITION est\u00e1 construido con componentes de alta calidad no solo para brindarte extraordinarios tonos de overdrive, sino tambi\u00e9n para garantizarte que seguir\u00e1s rockeando durante a\u00f1os y a\u00f1os. Para alimentar tu nuevo pedal MOJO MOJO PAUL GILBERT EDITION, puedes usar una bater\u00eda de 9V o la entrada de alimentaci\u00f3n 9V DC. Si eliges una bater\u00eda, te proporcionamos un acceso muy f\u00e1cil al compartimento de la bater\u00eda con un solo tornillo. Sabemos que si te quedas sin energ\u00eda a mitad de la canci\u00f3n, debes poder cambiar la bater\u00eda antes del solo de guitarra. Por lo tanto, puedes abrir el pedal simplemente usando una moneda (o p\u00faa s\u00f3lida), asegur\u00e1ndote de que el rock no tenga que esperar demasiado.<\/div>\n<div>\n<h4>Characteristics<\/h4>\n<\/div>\n<div>\n<ul style=\"margin: 0px 0px 0px 25px\">\n<li style=\"list-style-type: circle;margin: 5px\">Pedal especialmente dise\u00f1ado y modificado en colaboraci\u00f3n con Paul Gilbert.<\/li>\n<li style=\"list-style-type: circle;margin: 5px\">Mod de ganancia adicional en lugar de switch de voz.<\/li>\n<li style=\"list-style-type: circle;margin: 5px\">Aumento del voltaje de la placa de circuito.<\/li>\n<li style=\"list-style-type: circle;margin: 5px\">Interfaz de 4 perillas.<\/li>\n<li style=\"list-style-type: circle;margin: 5px\">Ecualizador de 2 bandas.<\/li>\n<li style=\"list-style-type: circle;margin: 5px\">True bypass.<\/li>\n<li style=\"list-style-type: circle;margin: 5px\">Cero p\u00e9rdida de se\u00f1al.<\/li>\n<li style=\"list-style-type: circle;margin: 5px\">F\u00e1cil acceso al compartimento de la bater\u00eda.<\/li>\n<\/ul>\n<\/div>\n<\/div>","protected":false},"excerpt":{"rendered":"<p>Pedal overdrive Mojo Mojo especialmente dise\u00f1ado y modificado en colaboraci\u00f3n con Paul Gilbert, controles precisos, el switch de voz se reemplaz\u00f3 con un mod de ganancia adicional, el aumento del voltaje de la placa de circuito da mucho m\u00e1s espacio libre y din\u00e1mica para un sonido overdrive incre\u00edblemente vivo, la interfaz de 4 perillas permite un amplio ajuste tonal sin dejar de ser muy intuitiva para que puedas concentrarte en tocar, ecualizador de 2 bandas con perillas activas de graves y agudos que te permite dar forma a tu sonido, true bypass que permite una claridad \u00f3ptima y cero p\u00e9rdida de se\u00f1al cuando el pedal est\u00e1 apagado, f\u00e1cil acceso al compartimento de la bater\u00eda con un solo tornillo, el formato compacto cabe en cualquier pedalera, componentes de alta calidad para brindarte extraordinarios tonos de overdrive, robusta caja de metal fundido a presi\u00f3n, dise\u00f1ada para el uso rudo.&hellip; <a class=\"kt-excerpt-readmore more-link\" href=\"https:\/\/www.mexicanguitarplayers.com\/en\/tienda\/cuerdas\/efectos\/efectos-individuales\/pedal-t-c-p-guitarra-mod-mojo-mojo-paul-gilbert-edition\/\">Read more<\/a><\/p>","protected":false},"featured_media":40654,"comment_status":"open","ping_status":"closed","template":"","meta":{"kt_blocks_editor_width":""},"pwb-brand":[170],"product_brand":[],"product_cat":[224,241,504],"product_tag":[],"class_list":{"0":"post-40658","1":"product","2":"type-product","3":"status-publish","4":"has-post-thumbnail","6":"pwb-brand-tc-electronic","7":"product_cat-cuerdas","8":"product_cat-efectos","9":"product_cat-efectos-individuales","10":"product_shipping_class-0-5-kg","12":"first","13":"instock","14":"taxable","15":"shipping-taxable","16":"purchasable","17":"product-type-simple"},"yoast_head":"<!-- This site is optimized with the Yoast SEO plugin v27.5 - https:\/\/yoast.com\/product\/yoast-seo-wordpress\/ -->\n<title>PEDAL T.C. P\/GUITARRA MOD. MOJO MOJO PAUL GILBERT EDITION - Mexican Guitar Players<\/title>\n<meta name=\"description\" content=\"Pedal overdrive Mojo Mojo especialmente dise\u00f1ado y modificado en colaboraci\u00f3n con Paul Gilbert, controles precisos, el switch de voz se reemplaz\u00f3 con un mod de ganancia adicional, el aumento del voltaje de la placa de circuito da mucho m\u00e1s espacio libre y din\u00e1mica para un sonido overdrive incre\u00edblemente vivo, la interfaz de 4 perillas permite un amplio ajuste tonal sin dejar de ser muy intuitiva para que puedas concentrarte en tocar, ecualizador de 2 bandas con perillas activas de graves y agudos que te permite dar forma a tu sonido, true bypass que permite una claridad \u00f3ptima y cero p\u00e9rdida de se\u00f1al cuando el pedal est\u00e1 apagado, f\u00e1cil acceso al compartimento de la bater\u00eda con un solo tornillo, el formato compacto cabe en cualquier pedalera, componentes de alta calidad para brindarte extraordinarios tonos de overdrive, robusta caja de metal fundido a presi\u00f3n, dise\u00f1ada para el uso rudo.\" \/>\n<meta name=\"robots\" content=\"index, follow, max-snippet:-1, max-image-preview:large, max-video-preview:-1\" \/>\n<link rel=\"canonical\" href=\"https:\/\/www.mexicanguitarplayers.com\/en\/tienda\/sin%20categor\u00eda\/pedal-t-c-p-guitarra-mod-mojo-mojo-paul-gilbert-edition\/\" \/>\n<meta property=\"og:locale\" content=\"en_US\" \/>\n<meta property=\"og:type\" content=\"article\" \/>\n<meta property=\"og:title\" content=\"PEDAL T.C. P\/GUITARRA MOD. MOJO MOJO PAUL GILBERT EDITION - Mexican Guitar Players\" \/>\n<meta property=\"og:description\" content=\"Pedal overdrive Mojo Mojo especialmente dise\u00f1ado y modificado en colaboraci\u00f3n con Paul Gilbert, controles precisos, el switch de voz se reemplaz\u00f3 con un mod de ganancia adicional, el aumento del voltaje de la placa de circuito da mucho m\u00e1s espacio libre y din\u00e1mica para un sonido overdrive incre\u00edblemente vivo, la interfaz de 4 perillas permite un amplio ajuste tonal sin dejar de ser muy intuitiva para que puedas concentrarte en tocar, ecualizador de 2 bandas con perillas activas de graves y agudos que te permite dar forma a tu sonido, true bypass que permite una claridad \u00f3ptima y cero p\u00e9rdida de se\u00f1al cuando el pedal est\u00e1 apagado, f\u00e1cil acceso al compartimento de la bater\u00eda con un solo tornillo, el formato compacto cabe en cualquier pedalera, componentes de alta calidad para brindarte extraordinarios tonos de overdrive, robusta caja de metal fundido a presi\u00f3n, dise\u00f1ada para el uso rudo.\" \/>\n<meta property=\"og:url\" content=\"https:\/\/www.mexicanguitarplayers.com\/en\/tienda\/sin categor\u00eda\/pedal-t-c-p-guitarra-mod-mojo-mojo-paul-gilbert-edition\/\" \/>\n<meta property=\"og:site_name\" content=\"Mexican Guitar Players\" \/>\n<meta property=\"article:modified_time\" content=\"2026-05-01T13:17:24+00:00\" \/>\n<meta name=\"twitter:card\" content=\"summary_large_image\" \/>\n<meta name=\"twitter:label1\" content=\"Est. reading time\" \/>\n\t<meta name=\"twitter:data1\" content=\"3 minutes\" \/>\n<script type=\"application\/ld+json\" class=\"yoast-schema-graph\">{\"@context\":\"https:\\\/\\\/schema.org\",\"@graph\":[{\"@type\":[\"WebPage\",\"ItemPage\"],\"@id\":\"https:\\\/\\\/www.mexicanguitarplayers.com\\\/tienda\\\/sin categor\u00eda\\\/pedal-t-c-p-guitarra-mod-mojo-mojo-paul-gilbert-edition\\\/\",\"url\":\"https:\\\/\\\/www.mexicanguitarplayers.com\\\/tienda\\\/sin categor\u00eda\\\/pedal-t-c-p-guitarra-mod-mojo-mojo-paul-gilbert-edition\\\/\",\"name\":\"PEDAL T.C. P\\\/GUITARRA MOD. MOJO MOJO PAUL GILBERT EDITION - Mexican Guitar Players\",\"isPartOf\":{\"@id\":\"https:\\\/\\\/www.mexicanguitarplayers.com\\\/#website\"},\"primaryImageOfPage\":{\"@id\":\"https:\\\/\\\/www.mexicanguitarplayers.com\\\/tienda\\\/sin categor\u00eda\\\/pedal-t-c-p-guitarra-mod-mojo-mojo-paul-gilbert-edition\\\/#primaryimage\"},\"image\":{\"@id\":\"https:\\\/\\\/www.mexicanguitarplayers.com\\\/tienda\\\/sin categor\u00eda\\\/pedal-t-c-p-guitarra-mod-mojo-mojo-paul-gilbert-edition\\\/#primaryimage\"},\"thumbnailUrl\":\"https:\\\/\\\/www.mexicanguitarplayers.com\\\/wp-content\\\/uploads\\\/2025\\\/04\\\/VATCEMOJOMOPGE.jpg\",\"datePublished\":\"2025-04-09T13:12:16+00:00\",\"dateModified\":\"2026-05-01T13:17:24+00:00\",\"description\":\"Pedal overdrive Mojo Mojo especialmente dise\u00f1ado y modificado en colaboraci\u00f3n con Paul Gilbert, controles precisos, el switch de voz se reemplaz\u00f3 con un mod de ganancia adicional, el aumento del voltaje de la placa de circuito da mucho m\u00e1s espacio libre y din\u00e1mica para un sonido overdrive incre\u00edblemente vivo, la interfaz de 4 perillas permite un amplio ajuste tonal sin dejar de ser muy intuitiva para que puedas concentrarte en tocar, ecualizador de 2 bandas con perillas activas de graves y agudos que te permite dar forma a tu sonido, true bypass que permite una claridad \u00f3ptima y cero p\u00e9rdida de se\u00f1al cuando el pedal est\u00e1 apagado, f\u00e1cil acceso al compartimento de la bater\u00eda con un solo tornillo, el formato compacto cabe en cualquier pedalera, componentes de alta calidad para brindarte extraordinarios tonos de overdrive, robusta caja de metal fundido a presi\u00f3n, dise\u00f1ada para el uso rudo.\",\"breadcrumb\":{\"@id\":\"https:\\\/\\\/www.mexicanguitarplayers.com\\\/tienda\\\/sin categor\u00eda\\\/pedal-t-c-p-guitarra-mod-mojo-mojo-paul-gilbert-edition\\\/#breadcrumb\"},\"inLanguage\":\"en-US\",\"potentialAction\":[{\"@type\":\"ReadAction\",\"target\":[\"https:\\\/\\\/www.mexicanguitarplayers.com\\\/tienda\\\/sin categor\u00eda\\\/pedal-t-c-p-guitarra-mod-mojo-mojo-paul-gilbert-edition\\\/\"]}]},{\"@type\":\"ImageObject\",\"inLanguage\":\"en-US\",\"@id\":\"https:\\\/\\\/www.mexicanguitarplayers.com\\\/tienda\\\/sin categor\u00eda\\\/pedal-t-c-p-guitarra-mod-mojo-mojo-paul-gilbert-edition\\\/#primaryimage\",\"url\":\"https:\\\/\\\/www.mexicanguitarplayers.com\\\/wp-content\\\/uploads\\\/2025\\\/04\\\/VATCEMOJOMOPGE.jpg\",\"contentUrl\":\"https:\\\/\\\/www.mexicanguitarplayers.com\\\/wp-content\\\/uploads\\\/2025\\\/04\\\/VATCEMOJOMOPGE.jpg\",\"width\":1200,\"height\":1200},{\"@type\":\"BreadcrumbList\",\"@id\":\"https:\\\/\\\/www.mexicanguitarplayers.com\\\/tienda\\\/sin categor\u00eda\\\/pedal-t-c-p-guitarra-mod-mojo-mojo-paul-gilbert-edition\\\/#breadcrumb\",\"itemListElement\":[{\"@type\":\"ListItem\",\"position\":1,\"name\":\"Portada\",\"item\":\"https:\\\/\\\/www.mexicanguitarplayers.com\\\/\"},{\"@type\":\"ListItem\",\"position\":2,\"name\":\"Tienda\",\"item\":\"https:\\\/\\\/www.mexicanguitarplayers.com\\\/tienda\\\/\"},{\"@type\":\"ListItem\",\"position\":3,\"name\":\"PEDAL T.C. P\\\/GUITARRA MOD. MOJO MOJO PAUL GILBERT EDITION\"}]},{\"@type\":\"WebSite\",\"@id\":\"https:\\\/\\\/www.mexicanguitarplayers.com\\\/#website\",\"url\":\"https:\\\/\\\/www.mexicanguitarplayers.com\\\/\",\"name\":\"Mexican Guitar Players\",\"description\":\"Website\",\"publisher\":{\"@id\":\"https:\\\/\\\/www.mexicanguitarplayers.com\\\/#organization\"},\"potentialAction\":[{\"@type\":\"SearchAction\",\"target\":{\"@type\":\"EntryPoint\",\"urlTemplate\":\"https:\\\/\\\/www.mexicanguitarplayers.com\\\/?s={search_term_string}\"},\"query-input\":{\"@type\":\"PropertyValueSpecification\",\"valueRequired\":true,\"valueName\":\"search_term_string\"}}],\"inLanguage\":\"en-US\"},{\"@type\":\"Organization\",\"@id\":\"https:\\\/\\\/www.mexicanguitarplayers.com\\\/#organization\",\"name\":\"Mexican Guitar Players\",\"url\":\"https:\\\/\\\/www.mexicanguitarplayers.com\\\/\",\"logo\":{\"@type\":\"ImageObject\",\"inLanguage\":\"en-US\",\"@id\":\"https:\\\/\\\/www.mexicanguitarplayers.com\\\/#\\\/schema\\\/logo\\\/image\\\/\",\"url\":\"\",\"contentUrl\":\"\",\"caption\":\"Mexican Guitar Players\"},\"image\":{\"@id\":\"https:\\\/\\\/www.mexicanguitarplayers.com\\\/#\\\/schema\\\/logo\\\/image\\\/\"}}]}<\/script>\n<!-- \/ Yoast SEO plugin. -->","yoast_head_json":{"title":"PEDAL T.C. P\/GUITARRA MOD. MOJO MOJO PAUL GILBERT EDITION - Mexican Guitar Players","description":"Pedal overdrive Mojo Mojo especialmente dise\u00f1ado y modificado en colaboraci\u00f3n con Paul Gilbert, controles precisos, el switch de voz se reemplaz\u00f3 con un mod de ganancia adicional, el aumento del voltaje de la placa de circuito da mucho m\u00e1s espacio libre y din\u00e1mica para un sonido overdrive incre\u00edblemente vivo, la interfaz de 4 perillas permite un amplio ajuste tonal sin dejar de ser muy intuitiva para que puedas concentrarte en tocar, ecualizador de 2 bandas con perillas activas de graves y agudos que te permite dar forma a tu sonido, true bypass que permite una claridad \u00f3ptima y cero p\u00e9rdida de se\u00f1al cuando el pedal est\u00e1 apagado, f\u00e1cil acceso al compartimento de la bater\u00eda con un solo tornillo, el formato compacto cabe en cualquier pedalera, componentes de alta calidad para brindarte extraordinarios tonos de overdrive, robusta caja de metal fundido a presi\u00f3n, dise\u00f1ada para el uso rudo.","robots":{"index":"index","follow":"follow","max-snippet":"max-snippet:-1","max-image-preview":"max-image-preview:large","max-video-preview":"max-video-preview:-1"},"canonical":"https:\/\/www.mexicanguitarplayers.com\/en\/tienda\/sin categor\u00eda\/pedal-t-c-p-guitarra-mod-mojo-mojo-paul-gilbert-edition\/","og_locale":"en_US","og_type":"article","og_title":"PEDAL T.C. P\/GUITARRA MOD. MOJO MOJO PAUL GILBERT EDITION - Mexican Guitar Players","og_description":"Pedal overdrive Mojo Mojo especialmente dise\u00f1ado y modificado en colaboraci\u00f3n con Paul Gilbert, controles precisos, el switch de voz se reemplaz\u00f3 con un mod de ganancia adicional, el aumento del voltaje de la placa de circuito da mucho m\u00e1s espacio libre y din\u00e1mica para un sonido overdrive incre\u00edblemente vivo, la interfaz de 4 perillas permite un amplio ajuste tonal sin dejar de ser muy intuitiva para que puedas concentrarte en tocar, ecualizador de 2 bandas con perillas activas de graves y agudos que te permite dar forma a tu sonido, true bypass que permite una claridad \u00f3ptima y cero p\u00e9rdida de se\u00f1al cuando el pedal est\u00e1 apagado, f\u00e1cil acceso al compartimento de la bater\u00eda con un solo tornillo, el formato compacto cabe en cualquier pedalera, componentes de alta calidad para brindarte extraordinarios tonos de overdrive, robusta caja de metal fundido a presi\u00f3n, dise\u00f1ada para el uso rudo.","og_url":"https:\/\/www.mexicanguitarplayers.com\/en\/tienda\/sin categor\u00eda\/pedal-t-c-p-guitarra-mod-mojo-mojo-paul-gilbert-edition\/","og_site_name":"Mexican Guitar Players","article_modified_time":"2026-05-01T13:17:24+00:00","twitter_card":"summary_large_image","twitter_misc":{"Est. reading time":"3 minutes"},"schema":{"@context":"https:\/\/schema.org","@graph":[{"@type":["WebPage","ItemPage"],"@id":"https:\/\/www.mexicanguitarplayers.com\/tienda\/sin categor\u00eda\/pedal-t-c-p-guitarra-mod-mojo-mojo-paul-gilbert-edition\/","url":"https:\/\/www.mexicanguitarplayers.com\/tienda\/sin categor\u00eda\/pedal-t-c-p-guitarra-mod-mojo-mojo-paul-gilbert-edition\/","name":"PEDAL T.C. P\/GUITARRA MOD. MOJO MOJO PAUL GILBERT EDITION - Mexican Guitar Players","isPartOf":{"@id":"https:\/\/www.mexicanguitarplayers.com\/#website"},"primaryImageOfPage":{"@id":"https:\/\/www.mexicanguitarplayers.com\/tienda\/sin categor\u00eda\/pedal-t-c-p-guitarra-mod-mojo-mojo-paul-gilbert-edition\/#primaryimage"},"image":{"@id":"https:\/\/www.mexicanguitarplayers.com\/tienda\/sin categor\u00eda\/pedal-t-c-p-guitarra-mod-mojo-mojo-paul-gilbert-edition\/#primaryimage"},"thumbnailUrl":"https:\/\/www.mexicanguitarplayers.com\/wp-content\/uploads\/2025\/04\/VATCEMOJOMOPGE.jpg","datePublished":"2025-04-09T13:12:16+00:00","dateModified":"2026-05-01T13:17:24+00:00","description":"Pedal overdrive Mojo Mojo especialmente dise\u00f1ado y modificado en colaboraci\u00f3n con Paul Gilbert, controles precisos, el switch de voz se reemplaz\u00f3 con un mod de ganancia adicional, el aumento del voltaje de la placa de circuito da mucho m\u00e1s espacio libre y din\u00e1mica para un sonido overdrive incre\u00edblemente vivo, la interfaz de 4 perillas permite un amplio ajuste tonal sin dejar de ser muy intuitiva para que puedas concentrarte en tocar, ecualizador de 2 bandas con perillas activas de graves y agudos que te permite dar forma a tu sonido, true bypass que permite una claridad \u00f3ptima y cero p\u00e9rdida de se\u00f1al cuando el pedal est\u00e1 apagado, f\u00e1cil acceso al compartimento de la bater\u00eda con un solo tornillo, el formato compacto cabe en cualquier pedalera, componentes de alta calidad para brindarte extraordinarios tonos de overdrive, robusta caja de metal fundido a presi\u00f3n, dise\u00f1ada para el uso rudo.","breadcrumb":{"@id":"https:\/\/www.mexicanguitarplayers.com\/tienda\/sin categor\u00eda\/pedal-t-c-p-guitarra-mod-mojo-mojo-paul-gilbert-edition\/#breadcrumb"},"inLanguage":"en-US","potentialAction":[{"@type":"ReadAction","target":["https:\/\/www.mexicanguitarplayers.com\/tienda\/sin categor\u00eda\/pedal-t-c-p-guitarra-mod-mojo-mojo-paul-gilbert-edition\/"]}]},{"@type":"ImageObject","inLanguage":"en-US","@id":"https:\/\/www.mexicanguitarplayers.com\/tienda\/sin categor\u00eda\/pedal-t-c-p-guitarra-mod-mojo-mojo-paul-gilbert-edition\/#primaryimage","url":"https:\/\/www.mexicanguitarplayers.com\/wp-content\/uploads\/2025\/04\/VATCEMOJOMOPGE.jpg","contentUrl":"https:\/\/www.mexicanguitarplayers.com\/wp-content\/uploads\/2025\/04\/VATCEMOJOMOPGE.jpg","width":1200,"height":1200},{"@type":"BreadcrumbList","@id":"https:\/\/www.mexicanguitarplayers.com\/tienda\/sin categor\u00eda\/pedal-t-c-p-guitarra-mod-mojo-mojo-paul-gilbert-edition\/#breadcrumb","itemListElement":[{"@type":"ListItem","position":1,"name":"Portada","item":"https:\/\/www.mexicanguitarplayers.com\/"},{"@type":"ListItem","position":2,"name":"Tienda","item":"https:\/\/www.mexicanguitarplayers.com\/tienda\/"},{"@type":"ListItem","position":3,"name":"PEDAL T.C. P\/GUITARRA MOD. MOJO MOJO PAUL GILBERT EDITION"}]},{"@type":"WebSite","@id":"https:\/\/www.mexicanguitarplayers.com\/#website","url":"https:\/\/www.mexicanguitarplayers.com\/","name":"Mexican Guitar Players","description":"Website","publisher":{"@id":"https:\/\/www.mexicanguitarplayers.com\/#organization"},"potentialAction":[{"@type":"SearchAction","target":{"@type":"EntryPoint","urlTemplate":"https:\/\/www.mexicanguitarplayers.com\/?s={search_term_string}"},"query-input":{"@type":"PropertyValueSpecification","valueRequired":true,"valueName":"search_term_string"}}],"inLanguage":"en-US"},{"@type":"Organization","@id":"https:\/\/www.mexicanguitarplayers.com\/#organization","name":"Mexican Guitar Players","url":"https:\/\/www.mexicanguitarplayers.com\/","logo":{"@type":"ImageObject","inLanguage":"en-US","@id":"https:\/\/www.mexicanguitarplayers.com\/#\/schema\/logo\/image\/","url":"","contentUrl":"","caption":"Mexican Guitar Players"},"image":{"@id":"https:\/\/www.mexicanguitarplayers.com\/#\/schema\/logo\/image\/"}}]}},"brands":[{"id":170,"name":"TC-ELECTRONIC","slug":"tc-electronic"}],"_links":{"self":[{"href":"https:\/\/www.mexicanguitarplayers.com\/en\/wp-json\/wp\/v2\/product\/40658","targetHints":{"allow":["GET"]}}],"collection":[{"href":"https:\/\/www.mexicanguitarplayers.com\/en\/wp-json\/wp\/v2\/product"}],"about":[{"href":"https:\/\/www.mexicanguitarplayers.com\/en\/wp-json\/wp\/v2\/types\/product"}],"replies":[{"embeddable":true,"href":"https:\/\/www.mexicanguitarplayers.com\/en\/wp-json\/wp\/v2\/comments?post=40658"}],"wp:featuredmedia":[{"embeddable":true,"href":"https:\/\/www.mexicanguitarplayers.com\/en\/wp-json\/wp\/v2\/media\/40654"}],"wp:attachment":[{"href":"https:\/\/www.mexicanguitarplayers.com\/en\/wp-json\/wp\/v2\/media?parent=40658"}],"wp:term":[{"taxonomy":"pwb-brand","embeddable":true,"href":"https:\/\/www.mexicanguitarplayers.com\/en\/wp-json\/wp\/v2\/pwb-brand?post=40658"},{"taxonomy":"product_brand","embeddable":true,"href":"https:\/\/www.mexicanguitarplayers.com\/en\/wp-json\/wp\/v2\/product_brand?post=40658"},{"taxonomy":"product_cat","embeddable":true,"href":"https:\/\/www.mexicanguitarplayers.com\/en\/wp-json\/wp\/v2\/product_cat?post=40658"},{"taxonomy":"product_tag","embeddable":true,"href":"https:\/\/www.mexicanguitarplayers.com\/en\/wp-json\/wp\/v2\/product_tag?post=40658"}],"curies":[{"name":"wp","href":"https:\/\/api.w.org\/{rel}","templated":true}]}}