{"id":40700,"date":"2025-04-09T07:13:15","date_gmt":"2025-04-09T13:13:15","guid":{"rendered":"https:\/\/www.mexicanguitarplayers.com\/tienda\/sin categor\u00eda\/teclado-casio-portatil-lk-265-c-elim\/"},"modified":"2026-04-10T04:19:30","modified_gmt":"2026-04-10T10:19:30","slug":"teclado-casio-portatil-lk-265-c-elim","status":"publish","type":"product","link":"https:\/\/www.mexicanguitarplayers.com\/en\/tienda\/teclas\/teclados\/estandar\/teclado-casio-portatil-lk-265-c-elim\/","title":{"rendered":"TECLADO CASIO PORTATIL    LK-265 C\/ELIM."},"content":{"rendered":"<div style=\"text-align: justify\">\n<div>\n<h3>\u00a1Las lecciones hacen que aprender a tocar sea m\u00e1s divertido!<\/h3>\n<\/div>\n<div>Teclado similar al de un piano. Un teclado muy f\u00e1cil de usar que se asemeja mucho al de un piano ac\u00fastico. Sensibilidad al tacto. La funci\u00f3n de Touch Response (sensibilidad al tacto) te permite agregar delicadas sutilezas a las notas mediante la variaci\u00f3n de la presi\u00f3n aplicada a las teclas. Efectos digitales. Utiliza estos efectos para agregar reverberaci\u00f3n a fin de lograr una mayor profundidad y variedad de matices a tu interpretaci\u00f3n musical. Modo de m\u00fasica Dance. F\u00e1cil reproducci\u00f3n de canciones de Dance: S\u00f3lo hace falta tocar las teclas para reproducir m\u00fasica de Dance que exprese el estado de \u00e1nimo del DJ. O puedes utilizar la funci\u00f3n de reproducci\u00f3n integrada para aplicar las caracter\u00edsticas de los efectos de sonido de m\u00fasica de baile para obtener a\u00fan m\u00e1s diversi\u00f3n. Lecci\u00f3n Paso a Paso. Para dominar una canci\u00f3n, es mejor dividirla en fraseos cortos, dominar cada uno de los fraseos y luego juntar todo. La Lecci\u00f3n paso a paso hace exactamente eso y proporciona el apoyo que necesita para mejorar su interpretaci\u00f3n. Gu\u00eda de digitaci\u00f3n por voz. Cuando el teclado advierte que te encuentras en dificultades, te ayudar\u00e1 dict\u00e1ndote los n\u00fameros de los dedos que deber\u00e1s usar y para hacerlo, utiliza una simulaci\u00f3n de voz humana. 60 melod\u00edas del banco de canciones. Las canciones incorporadas cubren un amplio espectro de g\u00e9neros para que usted pueda no s\u00f3lo practicar las lecciones sino tambi\u00e9n disfrutar al escucharlas. Chordana Play. Vincula el teclado con la aplicaci\u00f3n Chordana Play descargada en tu dispositivo inteligente para aumentar la diversi\u00f3n. Ampl\u00eda el almacenamiento de canciones integradas del teclado. Utiliza un cable de audio para transferir 50 canciones integradas desde la aplicaci\u00f3n, adem\u00e1s de canciones descargadas como archivos MIDI y gu\u00e1rdelas en el teclado. Podr\u00e1s utilizar los datos de las canciones guardadas con la funci\u00f3n de acompa\u00f1amiento del teclado para disfrutar la funci\u00f3n de lecci\u00f3n paso a paso. Toca el teclado mientras est\u00e1 vinculado a la aplicaci\u00f3n. En la pantalla de la aplicaci\u00f3n del dispositivo m\u00f3vil aparece un rodillo de piano o \u201cpiano roll\u201d que muestra la partitura y la medici\u00f3n del comp\u00e1s. Incluso puedes utilizar la funci\u00f3n de iluminaci\u00f3n de teclas del teclado para que te ayude en tu interpretaci\u00f3n. Practica tocar m\u00fasica en la pantalla del dispositivo inteligente. Otra caracter\u00edstica divertida es la opci\u00f3n de tomar lecciones de tres pasos en el mismo dispositivo inteligente con el teclado virtual que aparece en la pantalla. Puedes confirmar los acordes, la melod\u00eda y el comp\u00e1s de forma visual en la pantalla mientras usas la funci\u00f3n de partituras para ayudarte a dominar la canci\u00f3n. Sus canciones de archivos MIDI descargadas y las 50 canciones integradas de la aplicaci\u00f3n est\u00e1n disponibles para que las uses en tus lecciones. 400 tonos de alta calidad. Esta variada selecci\u00f3n de tonos de instrumentos musicales te permite reproducir melod\u00edas de m\u00faltiples g\u00e9neros. 100 ritmos y acompa\u00f1amientos autom\u00e1ticos para m\u00fasica latina y de otros estilos del mundo entero. La avanzada funci\u00f3n de Acompa\u00f1amiento Autom\u00e1tico te brinda acceso a una vasta colecci\u00f3n de ritmos \u00e9tnicos de todo el mundo poniendo especial \u00e9nfasis en los ritmos de origen latino. \u00a1Adem\u00e1s de bossa nova, samba y otros ritmos b\u00e1sicos, tiene cumbia, reggaet\u00f3n, calypso y m\u00e1s! Pre ajuste con un bot\u00f3n (100 pre ajustes)  La funci\u00f3n de One Touch Preset (pre ajuste con un bot\u00f3n) configura el teclado autom\u00e1ticamente de acuerdo con el ritmo seleccionado en ese momento.<\/div>\n<div>\n<h4>Quick look<\/h4>\n<\/div>\n<ul style=\"margin: 0px 0px 0px 25px\">\n<li style=\"list-style-type: circle;margin: 5px\">Terminales de entrada y salida.<\/li>\n<li style=\"list-style-type: circle;margin: 5px\">Salida de amplificador.<\/li>\n<li style=\"list-style-type: circle;margin: 5px\">Speakers.<\/li>\n<li style=\"list-style-type: circle;margin: 5px\">Pedales.<\/li>\n<li style=\"list-style-type: circle;margin: 5px\">Control de afinaci\u00f3n.<\/li>\n<li style=\"list-style-type: circle;margin: 5px\">Transposici\u00f3n de teclas.<\/li>\n<li style=\"list-style-type: circle;margin: 5px\">Otras funciones.<\/li>\n<li style=\"list-style-type: circle;margin: 5px\">Metr\u00f3nomo.<\/li>\n<li style=\"list-style-type: circle;margin: 5px\">Conexi\u00f3n a aplicaci\u00f3n.<\/li>\n<li style=\"list-style-type: circle;margin: 5px\">Funci\u00f3n de lecciones.<\/li>\n<li style=\"list-style-type: circle;margin: 5px\">Canciones integradas.<\/li>\n<li style=\"list-style-type: circle;margin: 5px\">Acompa\u00f1amiento autom\u00e1tico.<\/li>\n<li style=\"list-style-type: circle;margin: 5px\">Ritmos\/Patrones.<\/li>\n<li style=\"list-style-type: circle;margin: 5px\">Efectos digitales.<\/li>\n<li style=\"list-style-type: circle;margin: 5px\">Tonos.<\/li>\n<li style=\"list-style-type: circle;margin: 5px\">Polifon\u00eda m\u00e1xima.<\/li>\n<li style=\"list-style-type: circle;margin: 5px\">Sensibilidad al tacto.<\/li>\n<li style=\"list-style-type: circle;margin: 5px\">Teclado.<\/li>\n<li style=\"list-style-type: circle;margin: 5px\">Weight.<\/li>\n<li style=\"list-style-type: circle;margin: 5px\">Dimensions.<\/li>\n<li style=\"list-style-type: circle;margin: 5px\">Requisitos de alimentaci\u00f3n.<\/li>\n<\/ul>\n<div>\n<div style=\"font-weight: bold\">Terminales de entrada y salida.<\/div>\n<div>\n<p>AUD\u00cdFONOS\/SALIDA (conector est\u00e9reo est\u00e1ndar). SOSTENIDO\/SORDINA. ENTRADA DE MICR. ENTRADA DE AUDIO. ALIMENTACI\u00d3N EXTERNA (9,5 V CC).<\/p>\n<\/div>\n<div style=\"font-weight: bold\">Salida de amplificador.<\/div>\n<div>\n<p>2W + 2W.<\/p>\n<\/div>\n<div style=\"font-weight: bold\">Speakers.<\/div>\n<div>\n<p>2 altavoces de 10 cm.<\/p>\n<\/div>\n<div style=\"font-weight: bold\">Pedales.<\/div>\n<div>\n<p>Conector est\u00e1ndar (sostenido, sostenuto, suave, ritmo).<\/p>\n<\/div>\n<div style=\"font-weight: bold\">Control de afinaci\u00f3n.<\/div>\n<div>\n<p>A4 = de 415,5 a 465,9 Hz (ajuste predeterminado inicial: 440 Hz).<\/p>\n<\/div>\n<div style=\"font-weight: bold\">Transposici\u00f3n de teclas.<\/div>\n<div>\n<p>\u00b11 octava (de -12 a 0 a +12 semitonos).<\/p>\n<\/div>\n<div style=\"font-weight: bold\">Otras funciones.<\/div>\n<div>\n<p>Modo de m\u00fasica Dance. Preajuste con un bot\u00f3n: 100 ajustes. Control de ritmo y del banco de canciones.<\/p>\n<\/div>\n<div style=\"font-weight: bold\">Metr\u00f3nomo.<\/div>\n<div>\n<p>Compases: Desactivado, 1 a 9 (intervalo de tempo: cuarto de nota = 20 a 255).<\/p>\n<\/div>\n<div style=\"font-weight: bold\">Conexi\u00f3n a aplicaci\u00f3n.<\/div>\n<div>\n<p>Yes.<\/p>\n<\/div>\n<div style=\"font-weight: bold\">Funci\u00f3n de lecciones.<\/div>\n<div>\n<p>Lecci\u00f3n Paso a Paso. Modo EZ. Selecci\u00f3n de parte de la lecci\u00f3n (mano derecha, mano izquierda, ambas manos). Evaluaci\u00f3n de desempe\u00f1o. Gu\u00eda de digitaci\u00f3n por voz.<\/p>\n<\/div>\n<div style=\"font-weight: bold\">Canciones integradas.<\/div>\n<div>\n<p>60 (melod\u00edas del banco de canciones).<\/p>\n<\/div>\n<div style=\"font-weight: bold\">Acompa\u00f1amiento autom\u00e1tico.<\/div>\n<div>\n<p>Modos: Acorde de CASIO, nota simple 1, nota simple 2 (6.\u00aa desactivada), nota simple 3 (en bajo), acorde completo. Controles: Inicio\/parada, introducci\u00f3n, normal\/relleno, variaci\u00f3n\/relleno, sincronizaci\u00f3n\/final.<\/p>\n<\/div>\n<div style=\"font-weight: bold\">Ritmos\/Patrones.<\/div>\n<div>\n<p>100 ritmos integrados, 50 ritmos de m\u00fasica Dance.<\/p>\n<\/div>\n<div style=\"font-weight: bold\">Efectos digitales.<\/div>\n<div>\n<p>Reverberaci\u00f3n (10 tipos), Hall virtual, efecto de m\u00fasica Dance.<\/p>\n<\/div>\n<div style=\"font-weight: bold\">Tonos.<\/div>\n<div>\n<p>400 tonos incorporados.<\/p>\n<\/div>\n<div style=\"font-weight: bold\">Polifon\u00eda m\u00e1xima.<\/div>\n<div>\n<p>48 notas.<\/p>\n<\/div>\n<div style=\"font-weight: bold\">Sensibilidad al tacto.<\/div>\n<div>\n<p>2 niveles de sensibilidad, desactivados.<\/p>\n<\/div>\n<div style=\"font-weight: bold\">Teclado.<\/div>\n<div>\n<p>61 teclas similares a las de un piano con sistema de iluminaci\u00f3n de teclas.<\/p>\n<\/div>\n<div style=\"font-weight: bold\">Weight.<\/div>\n<div>\n<p>3.6 kg (sin pilas).<\/p>\n<\/div>\n<div style=\"font-weight: bold\">Dimensions.<\/div>\n<div>\n<p>946 x 307 x 92 mm.<\/p>\n<\/div>\n<div style=\"font-weight: bold\">Requisitos de alimentaci\u00f3n.<\/div>\n<div>\n<p>6 pilas tama\u00f1o AA\/adaptador de CA: AD-E95100L.<\/p>\n<\/div>\n<\/div>\n<\/div>","protected":false},"excerpt":{"rendered":"<p>Teclado de 61 teclas similares a las de un piano con sistema de iluminaci\u00f3n de teclas, sensibilidad al tacto, polifon\u00eda m\u00e1xima de 48 notas, 400 tonos incorporados, efectos digitales, 100 ritmos integrados, 50 ritmos de m\u00fasica Dance, acompa\u00f1amiento autom\u00e1tico, 60 canciones integradas, funci\u00f3n de lecciones, lecci\u00f3n Paso a Paso, modo EZ, evaluaci\u00f3n de desempe\u00f1o, gu\u00eda de digitaci\u00f3n por voz, metr\u00f3nomo, modo de m\u00fasica Dance, 100 pre ajustes con un bot\u00f3n, control de ritmo y del banco de canciones, transposici\u00f3n de teclas: \u00b11 octava (de -12 a 0 a +12 semitonos), control de afinaci\u00f3n: A4 = de 415,5 a 465,9 Hz (ajuste predeterminado inicial: 440 Hz), conector est\u00e1ndar de pedal, 2 altavoces de 10 cm, salida de amplificador: 2W + 2W, salida de aud\u00edfonos, funciona con 6 pilas AA o adaptador de corriente AD-E95100L (incluido), incluye atril de partituras, dimensiones: 946 x 307 x 92 mm, peso: 3.6 kg (sin pilas).&hellip; <a class=\"kt-excerpt-readmore more-link\" href=\"https:\/\/www.mexicanguitarplayers.com\/en\/tienda\/teclas\/teclados\/estandar\/teclado-casio-portatil-lk-265-c-elim\/\">Read more<\/a><\/p>","protected":false},"featured_media":40699,"comment_status":"open","ping_status":"closed","template":"","meta":{"kt_blocks_editor_width":""},"pwb-brand":[274],"product_brand":[],"product_cat":[381,380,376],"product_tag":[],"class_list":{"0":"post-40700","1":"product","2":"type-product","3":"status-publish","4":"has-post-thumbnail","6":"pwb-brand-casio","7":"product_cat-estandar","8":"product_cat-teclados","9":"product_cat-teclas","10":"product_shipping_class-5-10-kg","12":"first","13":"outofstock","14":"taxable","15":"shipping-taxable","16":"purchasable","17":"product-type-simple"},"yoast_head":"<!-- This site is optimized with the Yoast SEO plugin v27.6 - https:\/\/yoast.com\/product\/yoast-seo-wordpress\/ -->\n<title>TECLADO CASIO PORTATIL  LK-265 C\/ELIM. - Mexican Guitar Players<\/title>\n<meta name=\"description\" content=\"Teclado de 61 teclas similares a las de un piano con sistema de iluminaci\u00f3n de teclas, sensibilidad al tacto, polifon\u00eda m\u00e1xima de 48 notas, 400 tonos incorporados, efectos digitales, 100 ritmos integrados, 50 ritmos de m\u00fasica Dance, acompa\u00f1amiento autom\u00e1tico, 60 canciones integradas, funci\u00f3n de lecciones, lecci\u00f3n Paso a Paso, modo EZ, evaluaci\u00f3n de desempe\u00f1o, gu\u00eda de digitaci\u00f3n por voz, metr\u00f3nomo, modo de m\u00fasica Dance, 100 pre ajustes con un bot\u00f3n, control de ritmo y del banco de canciones, transposici\u00f3n de teclas: \u00b11 octava (de -12 a 0 a +12 semitonos), control de afinaci\u00f3n: A4 = de 415,5 a 465,9 Hz (ajuste predeterminado inicial: 440 Hz), conector est\u00e1ndar de pedal, 2 altavoces de 10 cm, salida de amplificador: 2W + 2W, salida de aud\u00edfonos, funciona con 6 pilas AA o adaptador de corriente AD-E95100L (incluido), incluye atril de partituras, dimensiones: 946 x 307 x 92 mm, peso: 3.6 kg (sin pilas).\" \/>\n<meta name=\"robots\" content=\"index, follow, max-snippet:-1, max-image-preview:large, max-video-preview:-1\" \/>\n<link rel=\"canonical\" href=\"https:\/\/www.mexicanguitarplayers.com\/en\/tienda\/sin%20categor\u00eda\/teclado-casio-portatil-lk-265-c-elim\/\" \/>\n<meta property=\"og:locale\" content=\"en_US\" \/>\n<meta property=\"og:type\" content=\"article\" \/>\n<meta property=\"og:title\" content=\"TECLADO CASIO PORTATIL  LK-265 C\/ELIM. - Mexican Guitar Players\" \/>\n<meta property=\"og:description\" content=\"Teclado de 61 teclas similares a las de un piano con sistema de iluminaci\u00f3n de teclas, sensibilidad al tacto, polifon\u00eda m\u00e1xima de 48 notas, 400 tonos incorporados, efectos digitales, 100 ritmos integrados, 50 ritmos de m\u00fasica Dance, acompa\u00f1amiento autom\u00e1tico, 60 canciones integradas, funci\u00f3n de lecciones, lecci\u00f3n Paso a Paso, modo EZ, evaluaci\u00f3n de desempe\u00f1o, gu\u00eda de digitaci\u00f3n por voz, metr\u00f3nomo, modo de m\u00fasica Dance, 100 pre ajustes con un bot\u00f3n, control de ritmo y del banco de canciones, transposici\u00f3n de teclas: \u00b11 octava (de -12 a 0 a +12 semitonos), control de afinaci\u00f3n: A4 = de 415,5 a 465,9 Hz (ajuste predeterminado inicial: 440 Hz), conector est\u00e1ndar de pedal, 2 altavoces de 10 cm, salida de amplificador: 2W + 2W, salida de aud\u00edfonos, funciona con 6 pilas AA o adaptador de corriente AD-E95100L (incluido), incluye atril de partituras, dimensiones: 946 x 307 x 92 mm, peso: 3.6 kg (sin pilas).\" \/>\n<meta property=\"og:url\" content=\"https:\/\/www.mexicanguitarplayers.com\/en\/tienda\/sin categor\u00eda\/teclado-casio-portatil-lk-265-c-elim\/\" \/>\n<meta property=\"og:site_name\" content=\"Mexican Guitar Players\" \/>\n<meta property=\"article:modified_time\" content=\"2026-04-10T10:19:30+00:00\" \/>\n<meta name=\"twitter:card\" content=\"summary_large_image\" \/>\n<meta name=\"twitter:label1\" content=\"Est. reading time\" \/>\n\t<meta name=\"twitter:data1\" content=\"5 minutes\" \/>\n<script type=\"application\/ld+json\" class=\"yoast-schema-graph\">{\"@context\":\"https:\\\/\\\/schema.org\",\"@graph\":[{\"@type\":[\"WebPage\",\"ItemPage\"],\"@id\":\"https:\\\/\\\/www.mexicanguitarplayers.com\\\/tienda\\\/sin categor\u00eda\\\/teclado-casio-portatil-lk-265-c-elim\\\/\",\"url\":\"https:\\\/\\\/www.mexicanguitarplayers.com\\\/tienda\\\/sin categor\u00eda\\\/teclado-casio-portatil-lk-265-c-elim\\\/\",\"name\":\"TECLADO CASIO PORTATIL LK-265 C\\\/ELIM. - Mexican Guitar Players\",\"isPartOf\":{\"@id\":\"https:\\\/\\\/www.mexicanguitarplayers.com\\\/#website\"},\"primaryImageOfPage\":{\"@id\":\"https:\\\/\\\/www.mexicanguitarplayers.com\\\/tienda\\\/sin categor\u00eda\\\/teclado-casio-portatil-lk-265-c-elim\\\/#primaryimage\"},\"image\":{\"@id\":\"https:\\\/\\\/www.mexicanguitarplayers.com\\\/tienda\\\/sin categor\u00eda\\\/teclado-casio-portatil-lk-265-c-elim\\\/#primaryimage\"},\"thumbnailUrl\":\"https:\\\/\\\/www.mexicanguitarplayers.com\\\/wp-content\\\/uploads\\\/2025\\\/04\\\/ITCASLK265A.jpg\",\"datePublished\":\"2025-04-09T13:13:15+00:00\",\"dateModified\":\"2026-04-10T10:19:30+00:00\",\"description\":\"Teclado de 61 teclas similares a las de un piano con sistema de iluminaci\u00f3n de teclas, sensibilidad al tacto, polifon\u00eda m\u00e1xima de 48 notas, 400 tonos incorporados, efectos digitales, 100 ritmos integrados, 50 ritmos de m\u00fasica Dance, acompa\u00f1amiento autom\u00e1tico, 60 canciones integradas, funci\u00f3n de lecciones, lecci\u00f3n Paso a Paso, modo EZ, evaluaci\u00f3n de desempe\u00f1o, gu\u00eda de digitaci\u00f3n por voz, metr\u00f3nomo, modo de m\u00fasica Dance, 100 pre ajustes con un bot\u00f3n, control de ritmo y del banco de canciones, transposici\u00f3n de teclas: \u00b11 octava (de -12 a 0 a +12 semitonos), control de afinaci\u00f3n: A4 = de 415,5 a 465,9 Hz (ajuste predeterminado inicial: 440 Hz), conector est\u00e1ndar de pedal, 2 altavoces de 10 cm, salida de amplificador: 2W + 2W, salida de aud\u00edfonos, funciona con 6 pilas AA o adaptador de corriente AD-E95100L (incluido), incluye atril de partituras, dimensiones: 946 x 307 x 92 mm, peso: 3.6 kg (sin pilas).\",\"breadcrumb\":{\"@id\":\"https:\\\/\\\/www.mexicanguitarplayers.com\\\/tienda\\\/sin categor\u00eda\\\/teclado-casio-portatil-lk-265-c-elim\\\/#breadcrumb\"},\"inLanguage\":\"en-US\",\"potentialAction\":[{\"@type\":\"ReadAction\",\"target\":[\"https:\\\/\\\/www.mexicanguitarplayers.com\\\/tienda\\\/sin categor\u00eda\\\/teclado-casio-portatil-lk-265-c-elim\\\/\"]}]},{\"@type\":\"ImageObject\",\"inLanguage\":\"en-US\",\"@id\":\"https:\\\/\\\/www.mexicanguitarplayers.com\\\/tienda\\\/sin categor\u00eda\\\/teclado-casio-portatil-lk-265-c-elim\\\/#primaryimage\",\"url\":\"https:\\\/\\\/www.mexicanguitarplayers.com\\\/wp-content\\\/uploads\\\/2025\\\/04\\\/ITCASLK265A.jpg\",\"contentUrl\":\"https:\\\/\\\/www.mexicanguitarplayers.com\\\/wp-content\\\/uploads\\\/2025\\\/04\\\/ITCASLK265A.jpg\",\"width\":1600,\"height\":800},{\"@type\":\"BreadcrumbList\",\"@id\":\"https:\\\/\\\/www.mexicanguitarplayers.com\\\/tienda\\\/sin categor\u00eda\\\/teclado-casio-portatil-lk-265-c-elim\\\/#breadcrumb\",\"itemListElement\":[{\"@type\":\"ListItem\",\"position\":1,\"name\":\"Portada\",\"item\":\"https:\\\/\\\/www.mexicanguitarplayers.com\\\/\"},{\"@type\":\"ListItem\",\"position\":2,\"name\":\"Tienda\",\"item\":\"https:\\\/\\\/www.mexicanguitarplayers.com\\\/tienda\\\/\"},{\"@type\":\"ListItem\",\"position\":3,\"name\":\"TECLADO CASIO PORTATIL LK-265 C\\\/ELIM.\"}]},{\"@type\":\"WebSite\",\"@id\":\"https:\\\/\\\/www.mexicanguitarplayers.com\\\/#website\",\"url\":\"https:\\\/\\\/www.mexicanguitarplayers.com\\\/\",\"name\":\"Mexican Guitar Players\",\"description\":\"Website\",\"publisher\":{\"@id\":\"https:\\\/\\\/www.mexicanguitarplayers.com\\\/#organization\"},\"potentialAction\":[{\"@type\":\"SearchAction\",\"target\":{\"@type\":\"EntryPoint\",\"urlTemplate\":\"https:\\\/\\\/www.mexicanguitarplayers.com\\\/?s={search_term_string}\"},\"query-input\":{\"@type\":\"PropertyValueSpecification\",\"valueRequired\":true,\"valueName\":\"search_term_string\"}}],\"inLanguage\":\"en-US\"},{\"@type\":\"Organization\",\"@id\":\"https:\\\/\\\/www.mexicanguitarplayers.com\\\/#organization\",\"name\":\"Mexican Guitar Players\",\"url\":\"https:\\\/\\\/www.mexicanguitarplayers.com\\\/\",\"logo\":{\"@type\":\"ImageObject\",\"inLanguage\":\"en-US\",\"@id\":\"https:\\\/\\\/www.mexicanguitarplayers.com\\\/#\\\/schema\\\/logo\\\/image\\\/\",\"url\":\"\",\"contentUrl\":\"\",\"caption\":\"Mexican Guitar Players\"},\"image\":{\"@id\":\"https:\\\/\\\/www.mexicanguitarplayers.com\\\/#\\\/schema\\\/logo\\\/image\\\/\"}}]}<\/script>\n<!-- \/ Yoast SEO plugin. -->","yoast_head_json":{"title":"TECLADO CASIO PORTATIL  LK-265 C\/ELIM. - Mexican Guitar Players","description":"Teclado de 61 teclas similares a las de un piano con sistema de iluminaci\u00f3n de teclas, sensibilidad al tacto, polifon\u00eda m\u00e1xima de 48 notas, 400 tonos incorporados, efectos digitales, 100 ritmos integrados, 50 ritmos de m\u00fasica Dance, acompa\u00f1amiento autom\u00e1tico, 60 canciones integradas, funci\u00f3n de lecciones, lecci\u00f3n Paso a Paso, modo EZ, evaluaci\u00f3n de desempe\u00f1o, gu\u00eda de digitaci\u00f3n por voz, metr\u00f3nomo, modo de m\u00fasica Dance, 100 pre ajustes con un bot\u00f3n, control de ritmo y del banco de canciones, transposici\u00f3n de teclas: \u00b11 octava (de -12 a 0 a +12 semitonos), control de afinaci\u00f3n: A4 = de 415,5 a 465,9 Hz (ajuste predeterminado inicial: 440 Hz), conector est\u00e1ndar de pedal, 2 altavoces de 10 cm, salida de amplificador: 2W + 2W, salida de aud\u00edfonos, funciona con 6 pilas AA o adaptador de corriente AD-E95100L (incluido), incluye atril de partituras, dimensiones: 946 x 307 x 92 mm, peso: 3.6 kg (sin pilas).","robots":{"index":"index","follow":"follow","max-snippet":"max-snippet:-1","max-image-preview":"max-image-preview:large","max-video-preview":"max-video-preview:-1"},"canonical":"https:\/\/www.mexicanguitarplayers.com\/en\/tienda\/sin categor\u00eda\/teclado-casio-portatil-lk-265-c-elim\/","og_locale":"en_US","og_type":"article","og_title":"TECLADO CASIO PORTATIL  LK-265 C\/ELIM. - Mexican Guitar Players","og_description":"Teclado de 61 teclas similares a las de un piano con sistema de iluminaci\u00f3n de teclas, sensibilidad al tacto, polifon\u00eda m\u00e1xima de 48 notas, 400 tonos incorporados, efectos digitales, 100 ritmos integrados, 50 ritmos de m\u00fasica Dance, acompa\u00f1amiento autom\u00e1tico, 60 canciones integradas, funci\u00f3n de lecciones, lecci\u00f3n Paso a Paso, modo EZ, evaluaci\u00f3n de desempe\u00f1o, gu\u00eda de digitaci\u00f3n por voz, metr\u00f3nomo, modo de m\u00fasica Dance, 100 pre ajustes con un bot\u00f3n, control de ritmo y del banco de canciones, transposici\u00f3n de teclas: \u00b11 octava (de -12 a 0 a +12 semitonos), control de afinaci\u00f3n: A4 = de 415,5 a 465,9 Hz (ajuste predeterminado inicial: 440 Hz), conector est\u00e1ndar de pedal, 2 altavoces de 10 cm, salida de amplificador: 2W + 2W, salida de aud\u00edfonos, funciona con 6 pilas AA o adaptador de corriente AD-E95100L (incluido), incluye atril de partituras, dimensiones: 946 x 307 x 92 mm, peso: 3.6 kg (sin pilas).","og_url":"https:\/\/www.mexicanguitarplayers.com\/en\/tienda\/sin categor\u00eda\/teclado-casio-portatil-lk-265-c-elim\/","og_site_name":"Mexican Guitar Players","article_modified_time":"2026-04-10T10:19:30+00:00","twitter_card":"summary_large_image","twitter_misc":{"Est. reading time":"5 minutes"},"schema":{"@context":"https:\/\/schema.org","@graph":[{"@type":["WebPage","ItemPage"],"@id":"https:\/\/www.mexicanguitarplayers.com\/tienda\/sin categor\u00eda\/teclado-casio-portatil-lk-265-c-elim\/","url":"https:\/\/www.mexicanguitarplayers.com\/tienda\/sin categor\u00eda\/teclado-casio-portatil-lk-265-c-elim\/","name":"TECLADO CASIO PORTATIL LK-265 C\/ELIM. - Mexican Guitar Players","isPartOf":{"@id":"https:\/\/www.mexicanguitarplayers.com\/#website"},"primaryImageOfPage":{"@id":"https:\/\/www.mexicanguitarplayers.com\/tienda\/sin categor\u00eda\/teclado-casio-portatil-lk-265-c-elim\/#primaryimage"},"image":{"@id":"https:\/\/www.mexicanguitarplayers.com\/tienda\/sin categor\u00eda\/teclado-casio-portatil-lk-265-c-elim\/#primaryimage"},"thumbnailUrl":"https:\/\/www.mexicanguitarplayers.com\/wp-content\/uploads\/2025\/04\/ITCASLK265A.jpg","datePublished":"2025-04-09T13:13:15+00:00","dateModified":"2026-04-10T10:19:30+00:00","description":"Teclado de 61 teclas similares a las de un piano con sistema de iluminaci\u00f3n de teclas, sensibilidad al tacto, polifon\u00eda m\u00e1xima de 48 notas, 400 tonos incorporados, efectos digitales, 100 ritmos integrados, 50 ritmos de m\u00fasica Dance, acompa\u00f1amiento autom\u00e1tico, 60 canciones integradas, funci\u00f3n de lecciones, lecci\u00f3n Paso a Paso, modo EZ, evaluaci\u00f3n de desempe\u00f1o, gu\u00eda de digitaci\u00f3n por voz, metr\u00f3nomo, modo de m\u00fasica Dance, 100 pre ajustes con un bot\u00f3n, control de ritmo y del banco de canciones, transposici\u00f3n de teclas: \u00b11 octava (de -12 a 0 a +12 semitonos), control de afinaci\u00f3n: A4 = de 415,5 a 465,9 Hz (ajuste predeterminado inicial: 440 Hz), conector est\u00e1ndar de pedal, 2 altavoces de 10 cm, salida de amplificador: 2W + 2W, salida de aud\u00edfonos, funciona con 6 pilas AA o adaptador de corriente AD-E95100L (incluido), incluye atril de partituras, dimensiones: 946 x 307 x 92 mm, peso: 3.6 kg (sin pilas).","breadcrumb":{"@id":"https:\/\/www.mexicanguitarplayers.com\/tienda\/sin categor\u00eda\/teclado-casio-portatil-lk-265-c-elim\/#breadcrumb"},"inLanguage":"en-US","potentialAction":[{"@type":"ReadAction","target":["https:\/\/www.mexicanguitarplayers.com\/tienda\/sin categor\u00eda\/teclado-casio-portatil-lk-265-c-elim\/"]}]},{"@type":"ImageObject","inLanguage":"en-US","@id":"https:\/\/www.mexicanguitarplayers.com\/tienda\/sin categor\u00eda\/teclado-casio-portatil-lk-265-c-elim\/#primaryimage","url":"https:\/\/www.mexicanguitarplayers.com\/wp-content\/uploads\/2025\/04\/ITCASLK265A.jpg","contentUrl":"https:\/\/www.mexicanguitarplayers.com\/wp-content\/uploads\/2025\/04\/ITCASLK265A.jpg","width":1600,"height":800},{"@type":"BreadcrumbList","@id":"https:\/\/www.mexicanguitarplayers.com\/tienda\/sin categor\u00eda\/teclado-casio-portatil-lk-265-c-elim\/#breadcrumb","itemListElement":[{"@type":"ListItem","position":1,"name":"Portada","item":"https:\/\/www.mexicanguitarplayers.com\/"},{"@type":"ListItem","position":2,"name":"Tienda","item":"https:\/\/www.mexicanguitarplayers.com\/tienda\/"},{"@type":"ListItem","position":3,"name":"TECLADO CASIO PORTATIL LK-265 C\/ELIM."}]},{"@type":"WebSite","@id":"https:\/\/www.mexicanguitarplayers.com\/#website","url":"https:\/\/www.mexicanguitarplayers.com\/","name":"Mexican Guitar Players","description":"Website","publisher":{"@id":"https:\/\/www.mexicanguitarplayers.com\/#organization"},"potentialAction":[{"@type":"SearchAction","target":{"@type":"EntryPoint","urlTemplate":"https:\/\/www.mexicanguitarplayers.com\/?s={search_term_string}"},"query-input":{"@type":"PropertyValueSpecification","valueRequired":true,"valueName":"search_term_string"}}],"inLanguage":"en-US"},{"@type":"Organization","@id":"https:\/\/www.mexicanguitarplayers.com\/#organization","name":"Mexican Guitar Players","url":"https:\/\/www.mexicanguitarplayers.com\/","logo":{"@type":"ImageObject","inLanguage":"en-US","@id":"https:\/\/www.mexicanguitarplayers.com\/#\/schema\/logo\/image\/","url":"","contentUrl":"","caption":"Mexican Guitar Players"},"image":{"@id":"https:\/\/www.mexicanguitarplayers.com\/#\/schema\/logo\/image\/"}}]}},"brands":[{"id":274,"name":"CASIO","slug":"casio"}],"_links":{"self":[{"href":"https:\/\/www.mexicanguitarplayers.com\/en\/wp-json\/wp\/v2\/product\/40700","targetHints":{"allow":["GET"]}}],"collection":[{"href":"https:\/\/www.mexicanguitarplayers.com\/en\/wp-json\/wp\/v2\/product"}],"about":[{"href":"https:\/\/www.mexicanguitarplayers.com\/en\/wp-json\/wp\/v2\/types\/product"}],"replies":[{"embeddable":true,"href":"https:\/\/www.mexicanguitarplayers.com\/en\/wp-json\/wp\/v2\/comments?post=40700"}],"wp:featuredmedia":[{"embeddable":true,"href":"https:\/\/www.mexicanguitarplayers.com\/en\/wp-json\/wp\/v2\/media\/40699"}],"wp:attachment":[{"href":"https:\/\/www.mexicanguitarplayers.com\/en\/wp-json\/wp\/v2\/media?parent=40700"}],"wp:term":[{"taxonomy":"pwb-brand","embeddable":true,"href":"https:\/\/www.mexicanguitarplayers.com\/en\/wp-json\/wp\/v2\/pwb-brand?post=40700"},{"taxonomy":"product_brand","embeddable":true,"href":"https:\/\/www.mexicanguitarplayers.com\/en\/wp-json\/wp\/v2\/product_brand?post=40700"},{"taxonomy":"product_cat","embeddable":true,"href":"https:\/\/www.mexicanguitarplayers.com\/en\/wp-json\/wp\/v2\/product_cat?post=40700"},{"taxonomy":"product_tag","embeddable":true,"href":"https:\/\/www.mexicanguitarplayers.com\/en\/wp-json\/wp\/v2\/product_tag?post=40700"}],"curies":[{"name":"wp","href":"https:\/\/api.w.org\/{rel}","templated":true}]}}