{"id":40755,"date":"2025-04-09T07:14:30","date_gmt":"2025-04-09T13:14:30","guid":{"rendered":"https:\/\/www.mexicanguitarplayers.com\/tienda\/sin categor\u00eda\/funda-turbosound-mod-ts-pc15-1\/"},"modified":"2026-04-14T04:15:25","modified_gmt":"2026-04-14T10:15:25","slug":"funda-turbosound-mod-ts-pc15-1","status":"publish","type":"product","link":"https:\/\/www.mexicanguitarplayers.com\/en\/tienda\/accesorios\/estuches-y-fundas\/para-bafle\/funda-turbosound-mod-ts-pc15-1\/","title":{"rendered":"FUNDA TURBOSOUND MOD. TS-PC15-1"},"content":{"rendered":"<div style=\"text-align: justify\">\n<div>\n<h3>FUNDA TURBOSOUND MOD. TS-PC15-1<\/h3>\n<\/div>\n<div>El TS-PC15-1 es una cubierta deluxe dise\u00f1ada espec\u00edficamente para proteger tu altavoz iQ15\/iX15 de Turbosound. Fabricada con nylon negro resistente, esta cubierta no solo es atractiva, sino que tambi\u00e9n ofrece una protecci\u00f3n excepcional contra los elementos. Sus m\u00faltiples capas de tela de nylon resistente mantienen alejada el agua, el polvo y la suciedad, asegurando la integridad de tu altavoz en todo momento, ya sea durante el transporte o en el lugar del evento. Adem\u00e1s, su grueso acolchado interior brinda una protecci\u00f3n adicional contra golpes y abolladuras, mientras que las aberturas personalizadas permiten un f\u00e1cil acceso a las asas de transporte del gabinete. Con el TS-PC15-1, puedes estar seguro de que tu altavoz iQ15\/iX15 estar\u00e1 protegido de manera \u00f3ptima durante tus desplazamientos y presentaciones en vivo.<\/div>\n<div>\n<h4>Characteristics<\/h4>\n<\/div>\n<div>\n<ul style=\"margin: 0px 0px 0px 25px\">\n<li style=\"list-style-type: circle;margin: 5px\">Model<\/li>\n<li style=\"list-style-type: circle;margin: 5px\">Dise\u00f1ado para<\/li>\n<li style=\"list-style-type: circle;margin: 5px\">Material<\/li>\n<li style=\"list-style-type: circle;margin: 5px\">Protecci\u00f3n<\/li>\n<li style=\"list-style-type: circle;margin: 5px\">Capas de tela<\/li>\n<li style=\"list-style-type: circle;margin: 5px\">Acolchado interior<\/li>\n<li style=\"list-style-type: circle;margin: 5px\">Aberturas personalizadas<\/li>\n<li style=\"list-style-type: circle;margin: 5px\">Compatibilidad:<\/li>\n<li style=\"list-style-type: circle;margin: 5px\">Color<\/li>\n<\/ul>\n<\/div>\n<\/div>","protected":false},"excerpt":{"rendered":"<p>La cubierta protectora Deluxe resistente al agua para altavoces de 15 pulgadas ofrece una protecci\u00f3n confiable durante el transporte y el almacenamiento. Su resistente material exterior de nylon de m\u00faltiples capas en color negro evita la entrada de suciedad y polvo, mientras que el grueso acolchado interior de espuma proporciona una protecci\u00f3n superior para el altavoz. Con aberturas que permiten acceder a las asas integradas en el gabinete, esta cubierta es ideal para mantener tu altavoz seguro y en \u00f3ptimas condiciones. Es compatible con una variedad de altavoces de 15 pulgadas, incluyendo los modelos iQ15 y iX15 de Turbosound, y otros de dimensiones similares.&hellip; <a class=\"kt-excerpt-readmore more-link\" href=\"https:\/\/www.mexicanguitarplayers.com\/en\/tienda\/accesorios\/estuches-y-fundas\/para-bafle\/funda-turbosound-mod-ts-pc15-1\/\">Read more<\/a><\/p>","protected":false},"featured_media":40751,"comment_status":"open","ping_status":"closed","template":"","meta":{"kt_blocks_editor_width":""},"pwb-brand":[498],"product_brand":[],"product_cat":[85,517,519],"product_tag":[],"class_list":{"0":"post-40755","1":"product","2":"type-product","3":"status-publish","4":"has-post-thumbnail","6":"pwb-brand-turbosound","7":"product_cat-accesorios","8":"product_cat-estuches-y-fundas","9":"product_cat-para-bafle","10":"product_shipping_class-0-5-kg","12":"first","13":"outofstock","14":"taxable","15":"shipping-taxable","16":"purchasable","17":"product-type-simple"},"yoast_head":"<!-- This site is optimized with the Yoast SEO plugin v27.5 - https:\/\/yoast.com\/product\/yoast-seo-wordpress\/ -->\n<title>FUNDA TURBOSOUND MOD. TS-PC15-1 - Mexican Guitar Players<\/title>\n<meta name=\"description\" content=\"La cubierta protectora Deluxe resistente al agua para altavoces de 15 pulgadas ofrece una protecci\u00f3n confiable durante el transporte y el almacenamiento. Su resistente material exterior de nylon de m\u00faltiples capas en color negro evita la entrada de suciedad y polvo, mientras que el grueso acolchado interior de espuma proporciona una protecci\u00f3n superior para el altavoz. Con aberturas que permiten acceder a las asas integradas en el gabinete, esta cubierta es ideal para mantener tu altavoz seguro y en \u00f3ptimas condiciones. Es compatible con una variedad de altavoces de 15 pulgadas, incluyendo los modelos iQ15 y iX15 de Turbosound, y otros de dimensiones similares.\" \/>\n<meta name=\"robots\" content=\"index, follow, max-snippet:-1, max-image-preview:large, max-video-preview:-1\" \/>\n<link rel=\"canonical\" href=\"https:\/\/www.mexicanguitarplayers.com\/en\/tienda\/sin%20categor\u00eda\/funda-turbosound-mod-ts-pc15-1\/\" \/>\n<meta property=\"og:locale\" content=\"en_US\" \/>\n<meta property=\"og:type\" content=\"article\" \/>\n<meta property=\"og:title\" content=\"FUNDA TURBOSOUND MOD. TS-PC15-1 - Mexican Guitar Players\" \/>\n<meta property=\"og:description\" content=\"La cubierta protectora Deluxe resistente al agua para altavoces de 15 pulgadas ofrece una protecci\u00f3n confiable durante el transporte y el almacenamiento. Su resistente material exterior de nylon de m\u00faltiples capas en color negro evita la entrada de suciedad y polvo, mientras que el grueso acolchado interior de espuma proporciona una protecci\u00f3n superior para el altavoz. Con aberturas que permiten acceder a las asas integradas en el gabinete, esta cubierta es ideal para mantener tu altavoz seguro y en \u00f3ptimas condiciones. Es compatible con una variedad de altavoces de 15 pulgadas, incluyendo los modelos iQ15 y iX15 de Turbosound, y otros de dimensiones similares.\" \/>\n<meta property=\"og:url\" content=\"https:\/\/www.mexicanguitarplayers.com\/en\/tienda\/sin categor\u00eda\/funda-turbosound-mod-ts-pc15-1\/\" \/>\n<meta property=\"og:site_name\" content=\"Mexican Guitar Players\" \/>\n<meta property=\"article:modified_time\" content=\"2026-04-14T10:15:25+00:00\" \/>\n<meta name=\"twitter:card\" content=\"summary_large_image\" \/>\n<meta name=\"twitter:label1\" content=\"Est. reading time\" \/>\n\t<meta name=\"twitter:data1\" content=\"1 minute\" \/>\n<script type=\"application\/ld+json\" class=\"yoast-schema-graph\">{\"@context\":\"https:\\\/\\\/schema.org\",\"@graph\":[{\"@type\":[\"WebPage\",\"ItemPage\"],\"@id\":\"https:\\\/\\\/www.mexicanguitarplayers.com\\\/tienda\\\/sin categor\u00eda\\\/funda-turbosound-mod-ts-pc15-1\\\/\",\"url\":\"https:\\\/\\\/www.mexicanguitarplayers.com\\\/tienda\\\/sin categor\u00eda\\\/funda-turbosound-mod-ts-pc15-1\\\/\",\"name\":\"FUNDA TURBOSOUND MOD. TS-PC15-1 - Mexican Guitar Players\",\"isPartOf\":{\"@id\":\"https:\\\/\\\/www.mexicanguitarplayers.com\\\/#website\"},\"primaryImageOfPage\":{\"@id\":\"https:\\\/\\\/www.mexicanguitarplayers.com\\\/tienda\\\/sin categor\u00eda\\\/funda-turbosound-mod-ts-pc15-1\\\/#primaryimage\"},\"image\":{\"@id\":\"https:\\\/\\\/www.mexicanguitarplayers.com\\\/tienda\\\/sin categor\u00eda\\\/funda-turbosound-mod-ts-pc15-1\\\/#primaryimage\"},\"thumbnailUrl\":\"https:\\\/\\\/www.mexicanguitarplayers.com\\\/wp-content\\\/uploads\\\/2025\\\/04\\\/VATURTSPC151.jpg\",\"datePublished\":\"2025-04-09T13:14:30+00:00\",\"dateModified\":\"2026-04-14T10:15:25+00:00\",\"description\":\"La cubierta protectora Deluxe resistente al agua para altavoces de 15 pulgadas ofrece una protecci\u00f3n confiable durante el transporte y el almacenamiento. Su resistente material exterior de nylon de m\u00faltiples capas en color negro evita la entrada de suciedad y polvo, mientras que el grueso acolchado interior de espuma proporciona una protecci\u00f3n superior para el altavoz. Con aberturas que permiten acceder a las asas integradas en el gabinete, esta cubierta es ideal para mantener tu altavoz seguro y en \u00f3ptimas condiciones. Es compatible con una variedad de altavoces de 15 pulgadas, incluyendo los modelos iQ15 y iX15 de Turbosound, y otros de dimensiones similares.\",\"breadcrumb\":{\"@id\":\"https:\\\/\\\/www.mexicanguitarplayers.com\\\/tienda\\\/sin categor\u00eda\\\/funda-turbosound-mod-ts-pc15-1\\\/#breadcrumb\"},\"inLanguage\":\"en-US\",\"potentialAction\":[{\"@type\":\"ReadAction\",\"target\":[\"https:\\\/\\\/www.mexicanguitarplayers.com\\\/tienda\\\/sin categor\u00eda\\\/funda-turbosound-mod-ts-pc15-1\\\/\"]}]},{\"@type\":\"ImageObject\",\"inLanguage\":\"en-US\",\"@id\":\"https:\\\/\\\/www.mexicanguitarplayers.com\\\/tienda\\\/sin categor\u00eda\\\/funda-turbosound-mod-ts-pc15-1\\\/#primaryimage\",\"url\":\"https:\\\/\\\/www.mexicanguitarplayers.com\\\/wp-content\\\/uploads\\\/2025\\\/04\\\/VATURTSPC151.jpg\",\"contentUrl\":\"https:\\\/\\\/www.mexicanguitarplayers.com\\\/wp-content\\\/uploads\\\/2025\\\/04\\\/VATURTSPC151.jpg\",\"width\":1200,\"height\":1200},{\"@type\":\"BreadcrumbList\",\"@id\":\"https:\\\/\\\/www.mexicanguitarplayers.com\\\/tienda\\\/sin categor\u00eda\\\/funda-turbosound-mod-ts-pc15-1\\\/#breadcrumb\",\"itemListElement\":[{\"@type\":\"ListItem\",\"position\":1,\"name\":\"Portada\",\"item\":\"https:\\\/\\\/www.mexicanguitarplayers.com\\\/\"},{\"@type\":\"ListItem\",\"position\":2,\"name\":\"Tienda\",\"item\":\"https:\\\/\\\/www.mexicanguitarplayers.com\\\/tienda\\\/\"},{\"@type\":\"ListItem\",\"position\":3,\"name\":\"FUNDA TURBOSOUND MOD. TS-PC15-1\"}]},{\"@type\":\"WebSite\",\"@id\":\"https:\\\/\\\/www.mexicanguitarplayers.com\\\/#website\",\"url\":\"https:\\\/\\\/www.mexicanguitarplayers.com\\\/\",\"name\":\"Mexican Guitar Players\",\"description\":\"Website\",\"publisher\":{\"@id\":\"https:\\\/\\\/www.mexicanguitarplayers.com\\\/#organization\"},\"potentialAction\":[{\"@type\":\"SearchAction\",\"target\":{\"@type\":\"EntryPoint\",\"urlTemplate\":\"https:\\\/\\\/www.mexicanguitarplayers.com\\\/?s={search_term_string}\"},\"query-input\":{\"@type\":\"PropertyValueSpecification\",\"valueRequired\":true,\"valueName\":\"search_term_string\"}}],\"inLanguage\":\"en-US\"},{\"@type\":\"Organization\",\"@id\":\"https:\\\/\\\/www.mexicanguitarplayers.com\\\/#organization\",\"name\":\"Mexican Guitar Players\",\"url\":\"https:\\\/\\\/www.mexicanguitarplayers.com\\\/\",\"logo\":{\"@type\":\"ImageObject\",\"inLanguage\":\"en-US\",\"@id\":\"https:\\\/\\\/www.mexicanguitarplayers.com\\\/#\\\/schema\\\/logo\\\/image\\\/\",\"url\":\"\",\"contentUrl\":\"\",\"caption\":\"Mexican Guitar Players\"},\"image\":{\"@id\":\"https:\\\/\\\/www.mexicanguitarplayers.com\\\/#\\\/schema\\\/logo\\\/image\\\/\"}}]}<\/script>\n<!-- \/ Yoast SEO plugin. -->","yoast_head_json":{"title":"FUNDA TURBOSOUND MOD. TS-PC15-1 - Mexican Guitar Players","description":"La cubierta protectora Deluxe resistente al agua para altavoces de 15 pulgadas ofrece una protecci\u00f3n confiable durante el transporte y el almacenamiento. Su resistente material exterior de nylon de m\u00faltiples capas en color negro evita la entrada de suciedad y polvo, mientras que el grueso acolchado interior de espuma proporciona una protecci\u00f3n superior para el altavoz. Con aberturas que permiten acceder a las asas integradas en el gabinete, esta cubierta es ideal para mantener tu altavoz seguro y en \u00f3ptimas condiciones. Es compatible con una variedad de altavoces de 15 pulgadas, incluyendo los modelos iQ15 y iX15 de Turbosound, y otros de dimensiones similares.","robots":{"index":"index","follow":"follow","max-snippet":"max-snippet:-1","max-image-preview":"max-image-preview:large","max-video-preview":"max-video-preview:-1"},"canonical":"https:\/\/www.mexicanguitarplayers.com\/en\/tienda\/sin categor\u00eda\/funda-turbosound-mod-ts-pc15-1\/","og_locale":"en_US","og_type":"article","og_title":"FUNDA TURBOSOUND MOD. TS-PC15-1 - Mexican Guitar Players","og_description":"La cubierta protectora Deluxe resistente al agua para altavoces de 15 pulgadas ofrece una protecci\u00f3n confiable durante el transporte y el almacenamiento. Su resistente material exterior de nylon de m\u00faltiples capas en color negro evita la entrada de suciedad y polvo, mientras que el grueso acolchado interior de espuma proporciona una protecci\u00f3n superior para el altavoz. Con aberturas que permiten acceder a las asas integradas en el gabinete, esta cubierta es ideal para mantener tu altavoz seguro y en \u00f3ptimas condiciones. Es compatible con una variedad de altavoces de 15 pulgadas, incluyendo los modelos iQ15 y iX15 de Turbosound, y otros de dimensiones similares.","og_url":"https:\/\/www.mexicanguitarplayers.com\/en\/tienda\/sin categor\u00eda\/funda-turbosound-mod-ts-pc15-1\/","og_site_name":"Mexican Guitar Players","article_modified_time":"2026-04-14T10:15:25+00:00","twitter_card":"summary_large_image","twitter_misc":{"Est. reading time":"1 minute"},"schema":{"@context":"https:\/\/schema.org","@graph":[{"@type":["WebPage","ItemPage"],"@id":"https:\/\/www.mexicanguitarplayers.com\/tienda\/sin categor\u00eda\/funda-turbosound-mod-ts-pc15-1\/","url":"https:\/\/www.mexicanguitarplayers.com\/tienda\/sin categor\u00eda\/funda-turbosound-mod-ts-pc15-1\/","name":"FUNDA TURBOSOUND MOD. TS-PC15-1 - Mexican Guitar Players","isPartOf":{"@id":"https:\/\/www.mexicanguitarplayers.com\/#website"},"primaryImageOfPage":{"@id":"https:\/\/www.mexicanguitarplayers.com\/tienda\/sin categor\u00eda\/funda-turbosound-mod-ts-pc15-1\/#primaryimage"},"image":{"@id":"https:\/\/www.mexicanguitarplayers.com\/tienda\/sin categor\u00eda\/funda-turbosound-mod-ts-pc15-1\/#primaryimage"},"thumbnailUrl":"https:\/\/www.mexicanguitarplayers.com\/wp-content\/uploads\/2025\/04\/VATURTSPC151.jpg","datePublished":"2025-04-09T13:14:30+00:00","dateModified":"2026-04-14T10:15:25+00:00","description":"La cubierta protectora Deluxe resistente al agua para altavoces de 15 pulgadas ofrece una protecci\u00f3n confiable durante el transporte y el almacenamiento. Su resistente material exterior de nylon de m\u00faltiples capas en color negro evita la entrada de suciedad y polvo, mientras que el grueso acolchado interior de espuma proporciona una protecci\u00f3n superior para el altavoz. Con aberturas que permiten acceder a las asas integradas en el gabinete, esta cubierta es ideal para mantener tu altavoz seguro y en \u00f3ptimas condiciones. Es compatible con una variedad de altavoces de 15 pulgadas, incluyendo los modelos iQ15 y iX15 de Turbosound, y otros de dimensiones similares.","breadcrumb":{"@id":"https:\/\/www.mexicanguitarplayers.com\/tienda\/sin categor\u00eda\/funda-turbosound-mod-ts-pc15-1\/#breadcrumb"},"inLanguage":"en-US","potentialAction":[{"@type":"ReadAction","target":["https:\/\/www.mexicanguitarplayers.com\/tienda\/sin categor\u00eda\/funda-turbosound-mod-ts-pc15-1\/"]}]},{"@type":"ImageObject","inLanguage":"en-US","@id":"https:\/\/www.mexicanguitarplayers.com\/tienda\/sin categor\u00eda\/funda-turbosound-mod-ts-pc15-1\/#primaryimage","url":"https:\/\/www.mexicanguitarplayers.com\/wp-content\/uploads\/2025\/04\/VATURTSPC151.jpg","contentUrl":"https:\/\/www.mexicanguitarplayers.com\/wp-content\/uploads\/2025\/04\/VATURTSPC151.jpg","width":1200,"height":1200},{"@type":"BreadcrumbList","@id":"https:\/\/www.mexicanguitarplayers.com\/tienda\/sin categor\u00eda\/funda-turbosound-mod-ts-pc15-1\/#breadcrumb","itemListElement":[{"@type":"ListItem","position":1,"name":"Portada","item":"https:\/\/www.mexicanguitarplayers.com\/"},{"@type":"ListItem","position":2,"name":"Tienda","item":"https:\/\/www.mexicanguitarplayers.com\/tienda\/"},{"@type":"ListItem","position":3,"name":"FUNDA TURBOSOUND MOD. TS-PC15-1"}]},{"@type":"WebSite","@id":"https:\/\/www.mexicanguitarplayers.com\/#website","url":"https:\/\/www.mexicanguitarplayers.com\/","name":"Mexican Guitar Players","description":"Website","publisher":{"@id":"https:\/\/www.mexicanguitarplayers.com\/#organization"},"potentialAction":[{"@type":"SearchAction","target":{"@type":"EntryPoint","urlTemplate":"https:\/\/www.mexicanguitarplayers.com\/?s={search_term_string}"},"query-input":{"@type":"PropertyValueSpecification","valueRequired":true,"valueName":"search_term_string"}}],"inLanguage":"en-US"},{"@type":"Organization","@id":"https:\/\/www.mexicanguitarplayers.com\/#organization","name":"Mexican Guitar Players","url":"https:\/\/www.mexicanguitarplayers.com\/","logo":{"@type":"ImageObject","inLanguage":"en-US","@id":"https:\/\/www.mexicanguitarplayers.com\/#\/schema\/logo\/image\/","url":"","contentUrl":"","caption":"Mexican Guitar Players"},"image":{"@id":"https:\/\/www.mexicanguitarplayers.com\/#\/schema\/logo\/image\/"}}]}},"brands":[{"id":498,"name":"TURBO SOUND","slug":"turbosound"}],"_links":{"self":[{"href":"https:\/\/www.mexicanguitarplayers.com\/en\/wp-json\/wp\/v2\/product\/40755","targetHints":{"allow":["GET"]}}],"collection":[{"href":"https:\/\/www.mexicanguitarplayers.com\/en\/wp-json\/wp\/v2\/product"}],"about":[{"href":"https:\/\/www.mexicanguitarplayers.com\/en\/wp-json\/wp\/v2\/types\/product"}],"replies":[{"embeddable":true,"href":"https:\/\/www.mexicanguitarplayers.com\/en\/wp-json\/wp\/v2\/comments?post=40755"}],"wp:featuredmedia":[{"embeddable":true,"href":"https:\/\/www.mexicanguitarplayers.com\/en\/wp-json\/wp\/v2\/media\/40751"}],"wp:attachment":[{"href":"https:\/\/www.mexicanguitarplayers.com\/en\/wp-json\/wp\/v2\/media?parent=40755"}],"wp:term":[{"taxonomy":"pwb-brand","embeddable":true,"href":"https:\/\/www.mexicanguitarplayers.com\/en\/wp-json\/wp\/v2\/pwb-brand?post=40755"},{"taxonomy":"product_brand","embeddable":true,"href":"https:\/\/www.mexicanguitarplayers.com\/en\/wp-json\/wp\/v2\/product_brand?post=40755"},{"taxonomy":"product_cat","embeddable":true,"href":"https:\/\/www.mexicanguitarplayers.com\/en\/wp-json\/wp\/v2\/product_cat?post=40755"},{"taxonomy":"product_tag","embeddable":true,"href":"https:\/\/www.mexicanguitarplayers.com\/en\/wp-json\/wp\/v2\/product_tag?post=40755"}],"curies":[{"name":"wp","href":"https:\/\/api.w.org\/{rel}","templated":true}]}}