{"id":40765,"date":"2025-04-09T07:14:44","date_gmt":"2025-04-09T13:14:44","guid":{"rendered":"https:\/\/www.mexicanguitarplayers.com\/tienda\/sin categor\u00eda\/pedal-ashdown-p-bajo-mod-gzrpedal\/"},"modified":"2026-04-10T04:19:23","modified_gmt":"2026-04-10T10:19:23","slug":"pedal-ashdown-p-bajo-mod-gzrpedal","status":"publish","type":"product","link":"https:\/\/www.mexicanguitarplayers.com\/en\/tienda\/cuerdas\/efectos\/efectos-individuales\/pedal-ashdown-p-bajo-mod-gzrpedal\/","title":{"rendered":"PEDAL ASHDOWN P\/BAJO MOD. GZRPEDAL"},"content":{"rendered":"<div style=\"text-align: justify\">\n<div>\n<h3>Pedal Signature Geezer Buttler de Doom con ecualizador dual VU y unidad drive conmutable.<\/h3>\n<\/div>\n<div>Pedal Geezer Butler de Doom. Durante los \u00faltimos 18 meses, hemos estado hablando internamente sobre lo que requiere una gran distorsi\u00f3n de graves para obtener un tono utilizable. Fundamentalmente, gira en torno a un ecualizador, una estructura predeterminada para impulsar las frecuencias correctas para el track correcto, para cortar o sentar tu sonido con una rica y brillante profundidad en tu funda favorita con tu compa\u00f1ero de ruido. Con esto, no miramos m\u00e1s all\u00e1 de Geezer Butler y su uso de la din\u00e1mica en sus canciones que resuenan tan reales hoy como hicieron cuando se grabaron. El groove de &#8220;Hand of Doom&#8221; con Geezer y Bill, el cambio de car\u00e1cter hace que ese track sea lo que es. Entonces, \u00bfQu\u00e9 pasar\u00eda si pudieras controlar el ecualizador previo de cada unidad con un ecualizador activo de 5 bandas? D\u00e1ndote dos tonos separados con dos unidades individuales que se pueden pinchar en el momento deseado para darte el impulso que tanto necesitas en ricos arm\u00f3nicos. Entonces, dada la revelaci\u00f3n, nos dispusimos a hacer que el &#8220;Pedal of Doom&#8221; se forjada en las profundidades m\u00e1s oscuras de Essex. Cuenta con una salida DI aislada de transformador integrado con dos ecualizadores conmutables. Dos medidores VU dise\u00f1ados para garantizar que tu se\u00f1al de graves est\u00e9 balanceada en la entrada y salida de la ruta de la se\u00f1al. Usa el medidor de entrada para llevar el ecualizador al nivel deseado dependiendo de la salida de tu instrumento. El medidor de salida garantiza que la se\u00f1al que regresa a tu amplificador es tal como entra para evitar saltos no deseados de ganancia o al contrario, para garantizar aumentos de ganancia cuando sea necesario. Por supuesto, la necesidad de impulsar esos sonidos con una rica distorsi\u00f3n arm\u00f3nica era una necesidad de este pedal con la opci\u00f3n de marcar la cantidad justa de ganancia para esos momentos que requieren el sonido de Doom conmutable cuando sea necesario. Despu\u00e9s de recibir innumerables solicitudes para hacer un pedal de preamplificador Geezer Butler basado en Head of Doom, nos lanzamos al proyecto y presentamos hoy &#8220;The Pedal of Doom&#8221;. Quer\u00edamos que el pedal tuviera un terminado de alta calidad antes de present\u00e1rselo a Geezer, as\u00ed que despu\u00e9s de unos meses el pedal estaba listo y se lo enviamos a Geezer para su aprobaci\u00f3n. Sin saber en qu\u00e9 hab\u00edamos estado trabajando, Geezer qued\u00f3 impresionado con el pedal y tuvo algunas palabras muy amables para decir &#8220;Este es sin duda el pedal con el mejor sonido y dise\u00f1o que he tocado y con mi amplificador realmente tiene el sonido de la perdici\u00f3n por el que vivo&#8221;.<\/div>\n<div>\n<h4>Quick look<\/h4>\n<\/div>\n<ul style=\"margin: 0px 0px 0px 25px\">\n<li style=\"list-style-type: circle;margin: 5px\">Trae el Domm.<\/li>\n<li style=\"list-style-type: circle;margin: 5px\">Equalizer<\/li>\n<li style=\"list-style-type: circle;margin: 5px\">Departure.<\/li>\n<li style=\"list-style-type: circle;margin: 5px\">Feeding.<\/li>\n<li style=\"list-style-type: circle;margin: 5px\">Dimensions.<\/li>\n<li style=\"list-style-type: circle;margin: 5px\">Weight.<\/li>\n<\/ul>\n<div>\n<div style=\"font-weight: bold\">Trae el Domm.<\/div>\n<div>\n<p>Marca un overdrive tan incre\u00edble que tendr\u00e1s que tener cuidado de no invocar al fin del mundo.<\/p>\n<\/div>\n<div style=\"font-weight: bold\">Equalizer<\/div>\n<div>\n<p>Ecualizador dual para dar forma al tono de ambos canales. Cada lado incluye Bass, Lo Mid y Hi Mid separados y luego hay un agudo compartido. Cada ecualizador es conmutable. Ecualizador de 4 bandas, graves, medios graves, medios agudos y agudos.<\/p>\n<\/div>\n<div style=\"font-weight: bold\">Departure.<\/div>\n<div>\n<p>Pedal of Doom viene con una salida DI balanceada pro para conectar al FOH o cualquier entrada de nivel de l\u00ednea.<\/p>\n<\/div>\n<div style=\"font-weight: bold\">Feeding.<\/div>\n<div>\n<p>9-18V pin fuente de alimentaci\u00f3n externa, pin central negativo.<\/p>\n<\/div>\n<div style=\"font-weight: bold\">Dimensions.<\/div>\n<div>\n<p>60 x 180 x 120 mm.<\/p>\n<\/div>\n<div style=\"font-weight: bold\">Weight.<\/div>\n<div>\n<p>1.2 kg.<\/p>\n<\/div>\n<\/div>\n<\/div>","protected":false},"excerpt":{"rendered":"<p>Pedal para bajo, incre\u00edble overdrive, ecualizador dual de 4 bandas conmutable (graves, medios graves, medios agudos y agudos), salida DI balanceada, alimentaci\u00f3n: 9-18V pin fuente de alimentaci\u00f3n externa, pin central negativo, dimensiones: 60 x 180 x 120 mm, peso: 1.2 kg.&hellip; <a class=\"kt-excerpt-readmore more-link\" href=\"https:\/\/www.mexicanguitarplayers.com\/en\/tienda\/cuerdas\/efectos\/efectos-individuales\/pedal-ashdown-p-bajo-mod-gzrpedal\/\">Read more<\/a><\/p>","protected":false},"featured_media":40758,"comment_status":"open","ping_status":"closed","template":"","meta":{"kt_blocks_editor_width":""},"pwb-brand":[257],"product_brand":[],"product_cat":[224,241,504],"product_tag":[],"class_list":{"0":"post-40765","1":"product","2":"type-product","3":"status-publish","4":"has-post-thumbnail","6":"pwb-brand-ashdown","7":"product_cat-cuerdas","8":"product_cat-efectos","9":"product_cat-efectos-individuales","10":"product_shipping_class-0-5-kg","12":"first","13":"outofstock","14":"taxable","15":"shipping-taxable","16":"purchasable","17":"product-type-simple"},"yoast_head":"<!-- This site is optimized with the Yoast SEO plugin v27.6 - https:\/\/yoast.com\/product\/yoast-seo-wordpress\/ -->\n<title>PEDAL ASHDOWN P\/BAJO MOD. GZRPEDAL - Mexican Guitar Players<\/title>\n<meta name=\"description\" content=\"Pedal para bajo, incre\u00edble overdrive, ecualizador dual de 4 bandas conmutable (graves, medios graves, medios agudos y agudos), salida DI balanceada, alimentaci\u00f3n: 9-18V pin fuente de alimentaci\u00f3n externa, pin central negativo, dimensiones: 60 x 180 x 120 mm, peso: 1.2 kg.\" \/>\n<meta name=\"robots\" content=\"index, follow, max-snippet:-1, max-image-preview:large, max-video-preview:-1\" \/>\n<link rel=\"canonical\" href=\"https:\/\/www.mexicanguitarplayers.com\/en\/tienda\/sin%20categor\u00eda\/pedal-ashdown-p-bajo-mod-gzrpedal\/\" \/>\n<meta property=\"og:locale\" content=\"en_US\" \/>\n<meta property=\"og:type\" content=\"article\" \/>\n<meta property=\"og:title\" content=\"PEDAL ASHDOWN P\/BAJO MOD. GZRPEDAL - Mexican Guitar Players\" \/>\n<meta property=\"og:description\" content=\"Pedal para bajo, incre\u00edble overdrive, ecualizador dual de 4 bandas conmutable (graves, medios graves, medios agudos y agudos), salida DI balanceada, alimentaci\u00f3n: 9-18V pin fuente de alimentaci\u00f3n externa, pin central negativo, dimensiones: 60 x 180 x 120 mm, peso: 1.2 kg.\" \/>\n<meta property=\"og:url\" content=\"https:\/\/www.mexicanguitarplayers.com\/en\/tienda\/sin categor\u00eda\/pedal-ashdown-p-bajo-mod-gzrpedal\/\" \/>\n<meta property=\"og:site_name\" content=\"Mexican Guitar Players\" \/>\n<meta property=\"article:modified_time\" content=\"2026-04-10T10:19:23+00:00\" \/>\n<meta name=\"twitter:card\" content=\"summary_large_image\" \/>\n<meta name=\"twitter:label1\" content=\"Est. reading time\" \/>\n\t<meta name=\"twitter:data1\" content=\"3 minutes\" \/>\n<script type=\"application\/ld+json\" class=\"yoast-schema-graph\">{\"@context\":\"https:\\\/\\\/schema.org\",\"@graph\":[{\"@type\":[\"WebPage\",\"ItemPage\"],\"@id\":\"https:\\\/\\\/www.mexicanguitarplayers.com\\\/tienda\\\/sin categor\u00eda\\\/pedal-ashdown-p-bajo-mod-gzrpedal\\\/\",\"url\":\"https:\\\/\\\/www.mexicanguitarplayers.com\\\/tienda\\\/sin categor\u00eda\\\/pedal-ashdown-p-bajo-mod-gzrpedal\\\/\",\"name\":\"PEDAL ASHDOWN P\\\/BAJO MOD. GZRPEDAL - Mexican Guitar Players\",\"isPartOf\":{\"@id\":\"https:\\\/\\\/www.mexicanguitarplayers.com\\\/#website\"},\"primaryImageOfPage\":{\"@id\":\"https:\\\/\\\/www.mexicanguitarplayers.com\\\/tienda\\\/sin categor\u00eda\\\/pedal-ashdown-p-bajo-mod-gzrpedal\\\/#primaryimage\"},\"image\":{\"@id\":\"https:\\\/\\\/www.mexicanguitarplayers.com\\\/tienda\\\/sin categor\u00eda\\\/pedal-ashdown-p-bajo-mod-gzrpedal\\\/#primaryimage\"},\"thumbnailUrl\":\"https:\\\/\\\/www.mexicanguitarplayers.com\\\/wp-content\\\/uploads\\\/2025\\\/04\\\/VAASOGZRPEDAL.jpg\",\"datePublished\":\"2025-04-09T13:14:44+00:00\",\"dateModified\":\"2026-04-10T10:19:23+00:00\",\"description\":\"Pedal para bajo, incre\u00edble overdrive, ecualizador dual de 4 bandas conmutable (graves, medios graves, medios agudos y agudos), salida DI balanceada, alimentaci\u00f3n: 9-18V pin fuente de alimentaci\u00f3n externa, pin central negativo, dimensiones: 60 x 180 x 120 mm, peso: 1.2 kg.\",\"breadcrumb\":{\"@id\":\"https:\\\/\\\/www.mexicanguitarplayers.com\\\/tienda\\\/sin categor\u00eda\\\/pedal-ashdown-p-bajo-mod-gzrpedal\\\/#breadcrumb\"},\"inLanguage\":\"en-US\",\"potentialAction\":[{\"@type\":\"ReadAction\",\"target\":[\"https:\\\/\\\/www.mexicanguitarplayers.com\\\/tienda\\\/sin categor\u00eda\\\/pedal-ashdown-p-bajo-mod-gzrpedal\\\/\"]}]},{\"@type\":\"ImageObject\",\"inLanguage\":\"en-US\",\"@id\":\"https:\\\/\\\/www.mexicanguitarplayers.com\\\/tienda\\\/sin categor\u00eda\\\/pedal-ashdown-p-bajo-mod-gzrpedal\\\/#primaryimage\",\"url\":\"https:\\\/\\\/www.mexicanguitarplayers.com\\\/wp-content\\\/uploads\\\/2025\\\/04\\\/VAASOGZRPEDAL.jpg\",\"contentUrl\":\"https:\\\/\\\/www.mexicanguitarplayers.com\\\/wp-content\\\/uploads\\\/2025\\\/04\\\/VAASOGZRPEDAL.jpg\",\"width\":1200,\"height\":1200},{\"@type\":\"BreadcrumbList\",\"@id\":\"https:\\\/\\\/www.mexicanguitarplayers.com\\\/tienda\\\/sin categor\u00eda\\\/pedal-ashdown-p-bajo-mod-gzrpedal\\\/#breadcrumb\",\"itemListElement\":[{\"@type\":\"ListItem\",\"position\":1,\"name\":\"Portada\",\"item\":\"https:\\\/\\\/www.mexicanguitarplayers.com\\\/\"},{\"@type\":\"ListItem\",\"position\":2,\"name\":\"Tienda\",\"item\":\"https:\\\/\\\/www.mexicanguitarplayers.com\\\/tienda\\\/\"},{\"@type\":\"ListItem\",\"position\":3,\"name\":\"PEDAL ASHDOWN P\\\/BAJO MOD. GZRPEDAL\"}]},{\"@type\":\"WebSite\",\"@id\":\"https:\\\/\\\/www.mexicanguitarplayers.com\\\/#website\",\"url\":\"https:\\\/\\\/www.mexicanguitarplayers.com\\\/\",\"name\":\"Mexican Guitar Players\",\"description\":\"Website\",\"publisher\":{\"@id\":\"https:\\\/\\\/www.mexicanguitarplayers.com\\\/#organization\"},\"potentialAction\":[{\"@type\":\"SearchAction\",\"target\":{\"@type\":\"EntryPoint\",\"urlTemplate\":\"https:\\\/\\\/www.mexicanguitarplayers.com\\\/?s={search_term_string}\"},\"query-input\":{\"@type\":\"PropertyValueSpecification\",\"valueRequired\":true,\"valueName\":\"search_term_string\"}}],\"inLanguage\":\"en-US\"},{\"@type\":\"Organization\",\"@id\":\"https:\\\/\\\/www.mexicanguitarplayers.com\\\/#organization\",\"name\":\"Mexican Guitar Players\",\"url\":\"https:\\\/\\\/www.mexicanguitarplayers.com\\\/\",\"logo\":{\"@type\":\"ImageObject\",\"inLanguage\":\"en-US\",\"@id\":\"https:\\\/\\\/www.mexicanguitarplayers.com\\\/#\\\/schema\\\/logo\\\/image\\\/\",\"url\":\"\",\"contentUrl\":\"\",\"caption\":\"Mexican Guitar Players\"},\"image\":{\"@id\":\"https:\\\/\\\/www.mexicanguitarplayers.com\\\/#\\\/schema\\\/logo\\\/image\\\/\"}}]}<\/script>\n<!-- \/ Yoast SEO plugin. -->","yoast_head_json":{"title":"PEDAL ASHDOWN P\/BAJO MOD. GZRPEDAL - Mexican Guitar Players","description":"Pedal para bajo, incre\u00edble overdrive, ecualizador dual de 4 bandas conmutable (graves, medios graves, medios agudos y agudos), salida DI balanceada, alimentaci\u00f3n: 9-18V pin fuente de alimentaci\u00f3n externa, pin central negativo, dimensiones: 60 x 180 x 120 mm, peso: 1.2 kg.","robots":{"index":"index","follow":"follow","max-snippet":"max-snippet:-1","max-image-preview":"max-image-preview:large","max-video-preview":"max-video-preview:-1"},"canonical":"https:\/\/www.mexicanguitarplayers.com\/en\/tienda\/sin categor\u00eda\/pedal-ashdown-p-bajo-mod-gzrpedal\/","og_locale":"en_US","og_type":"article","og_title":"PEDAL ASHDOWN P\/BAJO MOD. GZRPEDAL - Mexican Guitar Players","og_description":"Pedal para bajo, incre\u00edble overdrive, ecualizador dual de 4 bandas conmutable (graves, medios graves, medios agudos y agudos), salida DI balanceada, alimentaci\u00f3n: 9-18V pin fuente de alimentaci\u00f3n externa, pin central negativo, dimensiones: 60 x 180 x 120 mm, peso: 1.2 kg.","og_url":"https:\/\/www.mexicanguitarplayers.com\/en\/tienda\/sin categor\u00eda\/pedal-ashdown-p-bajo-mod-gzrpedal\/","og_site_name":"Mexican Guitar Players","article_modified_time":"2026-04-10T10:19:23+00:00","twitter_card":"summary_large_image","twitter_misc":{"Est. reading time":"3 minutes"},"schema":{"@context":"https:\/\/schema.org","@graph":[{"@type":["WebPage","ItemPage"],"@id":"https:\/\/www.mexicanguitarplayers.com\/tienda\/sin categor\u00eda\/pedal-ashdown-p-bajo-mod-gzrpedal\/","url":"https:\/\/www.mexicanguitarplayers.com\/tienda\/sin categor\u00eda\/pedal-ashdown-p-bajo-mod-gzrpedal\/","name":"PEDAL ASHDOWN P\/BAJO MOD. GZRPEDAL - Mexican Guitar Players","isPartOf":{"@id":"https:\/\/www.mexicanguitarplayers.com\/#website"},"primaryImageOfPage":{"@id":"https:\/\/www.mexicanguitarplayers.com\/tienda\/sin categor\u00eda\/pedal-ashdown-p-bajo-mod-gzrpedal\/#primaryimage"},"image":{"@id":"https:\/\/www.mexicanguitarplayers.com\/tienda\/sin categor\u00eda\/pedal-ashdown-p-bajo-mod-gzrpedal\/#primaryimage"},"thumbnailUrl":"https:\/\/www.mexicanguitarplayers.com\/wp-content\/uploads\/2025\/04\/VAASOGZRPEDAL.jpg","datePublished":"2025-04-09T13:14:44+00:00","dateModified":"2026-04-10T10:19:23+00:00","description":"Pedal para bajo, incre\u00edble overdrive, ecualizador dual de 4 bandas conmutable (graves, medios graves, medios agudos y agudos), salida DI balanceada, alimentaci\u00f3n: 9-18V pin fuente de alimentaci\u00f3n externa, pin central negativo, dimensiones: 60 x 180 x 120 mm, peso: 1.2 kg.","breadcrumb":{"@id":"https:\/\/www.mexicanguitarplayers.com\/tienda\/sin categor\u00eda\/pedal-ashdown-p-bajo-mod-gzrpedal\/#breadcrumb"},"inLanguage":"en-US","potentialAction":[{"@type":"ReadAction","target":["https:\/\/www.mexicanguitarplayers.com\/tienda\/sin categor\u00eda\/pedal-ashdown-p-bajo-mod-gzrpedal\/"]}]},{"@type":"ImageObject","inLanguage":"en-US","@id":"https:\/\/www.mexicanguitarplayers.com\/tienda\/sin categor\u00eda\/pedal-ashdown-p-bajo-mod-gzrpedal\/#primaryimage","url":"https:\/\/www.mexicanguitarplayers.com\/wp-content\/uploads\/2025\/04\/VAASOGZRPEDAL.jpg","contentUrl":"https:\/\/www.mexicanguitarplayers.com\/wp-content\/uploads\/2025\/04\/VAASOGZRPEDAL.jpg","width":1200,"height":1200},{"@type":"BreadcrumbList","@id":"https:\/\/www.mexicanguitarplayers.com\/tienda\/sin categor\u00eda\/pedal-ashdown-p-bajo-mod-gzrpedal\/#breadcrumb","itemListElement":[{"@type":"ListItem","position":1,"name":"Portada","item":"https:\/\/www.mexicanguitarplayers.com\/"},{"@type":"ListItem","position":2,"name":"Tienda","item":"https:\/\/www.mexicanguitarplayers.com\/tienda\/"},{"@type":"ListItem","position":3,"name":"PEDAL ASHDOWN P\/BAJO MOD. GZRPEDAL"}]},{"@type":"WebSite","@id":"https:\/\/www.mexicanguitarplayers.com\/#website","url":"https:\/\/www.mexicanguitarplayers.com\/","name":"Mexican Guitar Players","description":"Website","publisher":{"@id":"https:\/\/www.mexicanguitarplayers.com\/#organization"},"potentialAction":[{"@type":"SearchAction","target":{"@type":"EntryPoint","urlTemplate":"https:\/\/www.mexicanguitarplayers.com\/?s={search_term_string}"},"query-input":{"@type":"PropertyValueSpecification","valueRequired":true,"valueName":"search_term_string"}}],"inLanguage":"en-US"},{"@type":"Organization","@id":"https:\/\/www.mexicanguitarplayers.com\/#organization","name":"Mexican Guitar Players","url":"https:\/\/www.mexicanguitarplayers.com\/","logo":{"@type":"ImageObject","inLanguage":"en-US","@id":"https:\/\/www.mexicanguitarplayers.com\/#\/schema\/logo\/image\/","url":"","contentUrl":"","caption":"Mexican Guitar Players"},"image":{"@id":"https:\/\/www.mexicanguitarplayers.com\/#\/schema\/logo\/image\/"}}]}},"brands":[{"id":257,"name":"ASHDOWN","slug":"ashdown"}],"_links":{"self":[{"href":"https:\/\/www.mexicanguitarplayers.com\/en\/wp-json\/wp\/v2\/product\/40765","targetHints":{"allow":["GET"]}}],"collection":[{"href":"https:\/\/www.mexicanguitarplayers.com\/en\/wp-json\/wp\/v2\/product"}],"about":[{"href":"https:\/\/www.mexicanguitarplayers.com\/en\/wp-json\/wp\/v2\/types\/product"}],"replies":[{"embeddable":true,"href":"https:\/\/www.mexicanguitarplayers.com\/en\/wp-json\/wp\/v2\/comments?post=40765"}],"wp:featuredmedia":[{"embeddable":true,"href":"https:\/\/www.mexicanguitarplayers.com\/en\/wp-json\/wp\/v2\/media\/40758"}],"wp:attachment":[{"href":"https:\/\/www.mexicanguitarplayers.com\/en\/wp-json\/wp\/v2\/media?parent=40765"}],"wp:term":[{"taxonomy":"pwb-brand","embeddable":true,"href":"https:\/\/www.mexicanguitarplayers.com\/en\/wp-json\/wp\/v2\/pwb-brand?post=40765"},{"taxonomy":"product_brand","embeddable":true,"href":"https:\/\/www.mexicanguitarplayers.com\/en\/wp-json\/wp\/v2\/product_brand?post=40765"},{"taxonomy":"product_cat","embeddable":true,"href":"https:\/\/www.mexicanguitarplayers.com\/en\/wp-json\/wp\/v2\/product_cat?post=40765"},{"taxonomy":"product_tag","embeddable":true,"href":"https:\/\/www.mexicanguitarplayers.com\/en\/wp-json\/wp\/v2\/product_tag?post=40765"}],"curies":[{"name":"wp","href":"https:\/\/api.w.org\/{rel}","templated":true}]}}