{"id":40787,"date":"2025-04-09T07:15:17","date_gmt":"2025-04-09T13:15:17","guid":{"rendered":"https:\/\/www.mexicanguitarplayers.com\/tienda\/sin categor\u00eda\/funda-proel-p-bajo-elect-bag150b\/"},"modified":"2026-05-01T07:17:18","modified_gmt":"2026-05-01T13:17:18","slug":"funda-proel-p-bajo-elect-bag150b","status":"publish","type":"product","link":"https:\/\/www.mexicanguitarplayers.com\/en\/tienda\/accesorios\/estuches-y-fundas\/para-bajo-estuches-y-fundas\/funda-proel-p-bajo-elect-bag150b\/","title":{"rendered":"FUNDA PROEL P\/BAJO  ELECT.   BAG150B"},"content":{"rendered":"<div style=\"text-align: justify\">\n<div>\n<h3>Funda PROEL para bajo el\u00e9ctrico BAG150B<\/h3>\n<\/div>\n<div>La &#8220;Serie 150&#8221; de fundas blandas para guitarra ha sido dise\u00f1ada para m\u00fasicos aficionados que buscan un producto resistente, pr\u00e1ctico y econ\u00f3mico al mismo tiempo. Est\u00e1n fabricadas con poli\u00e9ster 600D suave a prueba de desgarros, est\u00e1n acolchadas con poliuretano de alta densidad de 10 mm e incluyen un forro en nylon 90D con inserciones reforzadas para proteger el puente y el clavijero. Pr\u00e1ctica asa lateral para el transporte. Correas acolchadas ajustables para los hombros, con ojales met\u00e1licos e inserciones reflectantes. Incluyen bolsillos frontales amplios para partituras y accesorios y cremalleras resistentes con tirador de metal fundido.<\/div>\n<div>\n<h4>Characteristics<\/h4>\n<\/div>\n<div>\n<ul style=\"margin: 0px 0px 0px 25px\">\n<li style=\"list-style-type: circle;margin: 5px\">Model<\/li>\n<li style=\"list-style-type: circle;margin: 5px\">Weight<\/li>\n<li style=\"list-style-type: circle;margin: 5px\">Material<\/li>\n<li style=\"list-style-type: circle;margin: 5px\">Color<\/li>\n<li style=\"list-style-type: circle;margin: 5px\">caracteristicas<\/li>\n<\/ul>\n<\/div>\n<\/div>","protected":false},"excerpt":{"rendered":"<p>Funda para bajo el\u00e9ctrico de Poli\u00e9ster 600D acolchado a prueba de desgarros de 10 mm de poliuretano de alta densidad y forro de nylon 90D con inserci\u00f3n reforzada en color Negro. Pr\u00e1ctica asa lateral para el transporte y correas acolchadas ajustables para los hombros con ojales met\u00e1licos e inserciones reflectantes, bolsillo superior para accesorios, bolsillo frontal amplio para partituras y accesorios y cremalleras duraderas con tirador de metal fundido.&hellip; <a class=\"kt-excerpt-readmore more-link\" href=\"https:\/\/www.mexicanguitarplayers.com\/en\/tienda\/accesorios\/estuches-y-fundas\/para-bajo-estuches-y-fundas\/funda-proel-p-bajo-elect-bag150b\/\">Read more<\/a><\/p>","protected":false},"featured_media":40782,"comment_status":"open","ping_status":"closed","template":"","meta":{"kt_blocks_editor_width":""},"pwb-brand":[252],"product_brand":[],"product_cat":[85,517,578],"product_tag":[],"class_list":{"0":"post-40787","1":"product","2":"type-product","3":"status-publish","4":"has-post-thumbnail","6":"pwb-brand-proel","7":"product_cat-accesorios","8":"product_cat-estuches-y-fundas","9":"product_cat-para-bajo-estuches-y-fundas","10":"product_shipping_class-0-5-kg","12":"first","13":"instock","14":"taxable","15":"shipping-taxable","16":"purchasable","17":"product-type-simple"},"yoast_head":"<!-- This site is optimized with the Yoast SEO plugin v27.5 - https:\/\/yoast.com\/product\/yoast-seo-wordpress\/ -->\n<title>FUNDA PROEL P\/BAJO ELECT.  BAG150B - Mexican Guitar Players<\/title>\n<meta name=\"description\" content=\"Funda para bajo el\u00e9ctrico de Poli\u00e9ster 600D acolchado a prueba de desgarros de 10 mm de poliuretano de alta densidad y forro de nylon 90D con inserci\u00f3n reforzada en color Negro. Pr\u00e1ctica asa lateral para el transporte y correas acolchadas ajustables para los hombros con ojales met\u00e1licos e inserciones reflectantes, bolsillo superior para accesorios, bolsillo frontal amplio para partituras y accesorios y cremalleras duraderas con tirador de metal fundido.\" \/>\n<meta name=\"robots\" content=\"index, follow, max-snippet:-1, max-image-preview:large, max-video-preview:-1\" \/>\n<link rel=\"canonical\" href=\"https:\/\/www.mexicanguitarplayers.com\/en\/tienda\/sin%20categor\u00eda\/funda-proel-p-bajo-elect-bag150b\/\" \/>\n<meta property=\"og:locale\" content=\"en_US\" \/>\n<meta property=\"og:type\" content=\"article\" \/>\n<meta property=\"og:title\" content=\"FUNDA PROEL P\/BAJO ELECT.  BAG150B - Mexican Guitar Players\" \/>\n<meta property=\"og:description\" content=\"Funda para bajo el\u00e9ctrico de Poli\u00e9ster 600D acolchado a prueba de desgarros de 10 mm de poliuretano de alta densidad y forro de nylon 90D con inserci\u00f3n reforzada en color Negro. Pr\u00e1ctica asa lateral para el transporte y correas acolchadas ajustables para los hombros con ojales met\u00e1licos e inserciones reflectantes, bolsillo superior para accesorios, bolsillo frontal amplio para partituras y accesorios y cremalleras duraderas con tirador de metal fundido.\" \/>\n<meta property=\"og:url\" content=\"https:\/\/www.mexicanguitarplayers.com\/en\/tienda\/sin categor\u00eda\/funda-proel-p-bajo-elect-bag150b\/\" \/>\n<meta property=\"og:site_name\" content=\"Mexican Guitar Players\" \/>\n<meta property=\"article:modified_time\" content=\"2026-05-01T13:17:18+00:00\" \/>\n<meta name=\"twitter:card\" content=\"summary_large_image\" \/>\n<meta name=\"twitter:label1\" content=\"Est. reading time\" \/>\n\t<meta name=\"twitter:data1\" content=\"1 minute\" \/>\n<script type=\"application\/ld+json\" class=\"yoast-schema-graph\">{\"@context\":\"https:\\\/\\\/schema.org\",\"@graph\":[{\"@type\":[\"WebPage\",\"ItemPage\"],\"@id\":\"https:\\\/\\\/www.mexicanguitarplayers.com\\\/tienda\\\/sin categor\u00eda\\\/funda-proel-p-bajo-elect-bag150b\\\/\",\"url\":\"https:\\\/\\\/www.mexicanguitarplayers.com\\\/tienda\\\/sin categor\u00eda\\\/funda-proel-p-bajo-elect-bag150b\\\/\",\"name\":\"FUNDA PROEL P\\\/BAJO ELECT. BAG150B - Mexican Guitar Players\",\"isPartOf\":{\"@id\":\"https:\\\/\\\/www.mexicanguitarplayers.com\\\/#website\"},\"primaryImageOfPage\":{\"@id\":\"https:\\\/\\\/www.mexicanguitarplayers.com\\\/tienda\\\/sin categor\u00eda\\\/funda-proel-p-bajo-elect-bag150b\\\/#primaryimage\"},\"image\":{\"@id\":\"https:\\\/\\\/www.mexicanguitarplayers.com\\\/tienda\\\/sin categor\u00eda\\\/funda-proel-p-bajo-elect-bag150b\\\/#primaryimage\"},\"thumbnailUrl\":\"https:\\\/\\\/www.mexicanguitarplayers.com\\\/wp-content\\\/uploads\\\/2025\\\/04\\\/VAPREBAG150B.jpg\",\"datePublished\":\"2025-04-09T13:15:17+00:00\",\"dateModified\":\"2026-05-01T13:17:18+00:00\",\"description\":\"Funda para bajo el\u00e9ctrico de Poli\u00e9ster 600D acolchado a prueba de desgarros de 10 mm de poliuretano de alta densidad y forro de nylon 90D con inserci\u00f3n reforzada en color Negro. Pr\u00e1ctica asa lateral para el transporte y correas acolchadas ajustables para los hombros con ojales met\u00e1licos e inserciones reflectantes, bolsillo superior para accesorios, bolsillo frontal amplio para partituras y accesorios y cremalleras duraderas con tirador de metal fundido.\",\"breadcrumb\":{\"@id\":\"https:\\\/\\\/www.mexicanguitarplayers.com\\\/tienda\\\/sin categor\u00eda\\\/funda-proel-p-bajo-elect-bag150b\\\/#breadcrumb\"},\"inLanguage\":\"en-US\",\"potentialAction\":[{\"@type\":\"ReadAction\",\"target\":[\"https:\\\/\\\/www.mexicanguitarplayers.com\\\/tienda\\\/sin categor\u00eda\\\/funda-proel-p-bajo-elect-bag150b\\\/\"]}]},{\"@type\":\"ImageObject\",\"inLanguage\":\"en-US\",\"@id\":\"https:\\\/\\\/www.mexicanguitarplayers.com\\\/tienda\\\/sin categor\u00eda\\\/funda-proel-p-bajo-elect-bag150b\\\/#primaryimage\",\"url\":\"https:\\\/\\\/www.mexicanguitarplayers.com\\\/wp-content\\\/uploads\\\/2025\\\/04\\\/VAPREBAG150B.jpg\",\"contentUrl\":\"https:\\\/\\\/www.mexicanguitarplayers.com\\\/wp-content\\\/uploads\\\/2025\\\/04\\\/VAPREBAG150B.jpg\",\"width\":1200,\"height\":1200},{\"@type\":\"BreadcrumbList\",\"@id\":\"https:\\\/\\\/www.mexicanguitarplayers.com\\\/tienda\\\/sin categor\u00eda\\\/funda-proel-p-bajo-elect-bag150b\\\/#breadcrumb\",\"itemListElement\":[{\"@type\":\"ListItem\",\"position\":1,\"name\":\"Portada\",\"item\":\"https:\\\/\\\/www.mexicanguitarplayers.com\\\/\"},{\"@type\":\"ListItem\",\"position\":2,\"name\":\"Tienda\",\"item\":\"https:\\\/\\\/www.mexicanguitarplayers.com\\\/tienda\\\/\"},{\"@type\":\"ListItem\",\"position\":3,\"name\":\"FUNDA PROEL P\\\/BAJO ELECT. BAG150B\"}]},{\"@type\":\"WebSite\",\"@id\":\"https:\\\/\\\/www.mexicanguitarplayers.com\\\/#website\",\"url\":\"https:\\\/\\\/www.mexicanguitarplayers.com\\\/\",\"name\":\"Mexican Guitar Players\",\"description\":\"Website\",\"publisher\":{\"@id\":\"https:\\\/\\\/www.mexicanguitarplayers.com\\\/#organization\"},\"potentialAction\":[{\"@type\":\"SearchAction\",\"target\":{\"@type\":\"EntryPoint\",\"urlTemplate\":\"https:\\\/\\\/www.mexicanguitarplayers.com\\\/?s={search_term_string}\"},\"query-input\":{\"@type\":\"PropertyValueSpecification\",\"valueRequired\":true,\"valueName\":\"search_term_string\"}}],\"inLanguage\":\"en-US\"},{\"@type\":\"Organization\",\"@id\":\"https:\\\/\\\/www.mexicanguitarplayers.com\\\/#organization\",\"name\":\"Mexican Guitar Players\",\"url\":\"https:\\\/\\\/www.mexicanguitarplayers.com\\\/\",\"logo\":{\"@type\":\"ImageObject\",\"inLanguage\":\"en-US\",\"@id\":\"https:\\\/\\\/www.mexicanguitarplayers.com\\\/#\\\/schema\\\/logo\\\/image\\\/\",\"url\":\"\",\"contentUrl\":\"\",\"caption\":\"Mexican Guitar Players\"},\"image\":{\"@id\":\"https:\\\/\\\/www.mexicanguitarplayers.com\\\/#\\\/schema\\\/logo\\\/image\\\/\"}}]}<\/script>\n<!-- \/ Yoast SEO plugin. -->","yoast_head_json":{"title":"FUNDA PROEL P\/BAJO ELECT.  BAG150B - Mexican Guitar Players","description":"Funda para bajo el\u00e9ctrico de Poli\u00e9ster 600D acolchado a prueba de desgarros de 10 mm de poliuretano de alta densidad y forro de nylon 90D con inserci\u00f3n reforzada en color Negro. Pr\u00e1ctica asa lateral para el transporte y correas acolchadas ajustables para los hombros con ojales met\u00e1licos e inserciones reflectantes, bolsillo superior para accesorios, bolsillo frontal amplio para partituras y accesorios y cremalleras duraderas con tirador de metal fundido.","robots":{"index":"index","follow":"follow","max-snippet":"max-snippet:-1","max-image-preview":"max-image-preview:large","max-video-preview":"max-video-preview:-1"},"canonical":"https:\/\/www.mexicanguitarplayers.com\/en\/tienda\/sin categor\u00eda\/funda-proel-p-bajo-elect-bag150b\/","og_locale":"en_US","og_type":"article","og_title":"FUNDA PROEL P\/BAJO ELECT.  BAG150B - Mexican Guitar Players","og_description":"Funda para bajo el\u00e9ctrico de Poli\u00e9ster 600D acolchado a prueba de desgarros de 10 mm de poliuretano de alta densidad y forro de nylon 90D con inserci\u00f3n reforzada en color Negro. Pr\u00e1ctica asa lateral para el transporte y correas acolchadas ajustables para los hombros con ojales met\u00e1licos e inserciones reflectantes, bolsillo superior para accesorios, bolsillo frontal amplio para partituras y accesorios y cremalleras duraderas con tirador de metal fundido.","og_url":"https:\/\/www.mexicanguitarplayers.com\/en\/tienda\/sin categor\u00eda\/funda-proel-p-bajo-elect-bag150b\/","og_site_name":"Mexican Guitar Players","article_modified_time":"2026-05-01T13:17:18+00:00","twitter_card":"summary_large_image","twitter_misc":{"Est. reading time":"1 minute"},"schema":{"@context":"https:\/\/schema.org","@graph":[{"@type":["WebPage","ItemPage"],"@id":"https:\/\/www.mexicanguitarplayers.com\/tienda\/sin categor\u00eda\/funda-proel-p-bajo-elect-bag150b\/","url":"https:\/\/www.mexicanguitarplayers.com\/tienda\/sin categor\u00eda\/funda-proel-p-bajo-elect-bag150b\/","name":"FUNDA PROEL P\/BAJO ELECT. BAG150B - Mexican Guitar Players","isPartOf":{"@id":"https:\/\/www.mexicanguitarplayers.com\/#website"},"primaryImageOfPage":{"@id":"https:\/\/www.mexicanguitarplayers.com\/tienda\/sin categor\u00eda\/funda-proel-p-bajo-elect-bag150b\/#primaryimage"},"image":{"@id":"https:\/\/www.mexicanguitarplayers.com\/tienda\/sin categor\u00eda\/funda-proel-p-bajo-elect-bag150b\/#primaryimage"},"thumbnailUrl":"https:\/\/www.mexicanguitarplayers.com\/wp-content\/uploads\/2025\/04\/VAPREBAG150B.jpg","datePublished":"2025-04-09T13:15:17+00:00","dateModified":"2026-05-01T13:17:18+00:00","description":"Funda para bajo el\u00e9ctrico de Poli\u00e9ster 600D acolchado a prueba de desgarros de 10 mm de poliuretano de alta densidad y forro de nylon 90D con inserci\u00f3n reforzada en color Negro. Pr\u00e1ctica asa lateral para el transporte y correas acolchadas ajustables para los hombros con ojales met\u00e1licos e inserciones reflectantes, bolsillo superior para accesorios, bolsillo frontal amplio para partituras y accesorios y cremalleras duraderas con tirador de metal fundido.","breadcrumb":{"@id":"https:\/\/www.mexicanguitarplayers.com\/tienda\/sin categor\u00eda\/funda-proel-p-bajo-elect-bag150b\/#breadcrumb"},"inLanguage":"en-US","potentialAction":[{"@type":"ReadAction","target":["https:\/\/www.mexicanguitarplayers.com\/tienda\/sin categor\u00eda\/funda-proel-p-bajo-elect-bag150b\/"]}]},{"@type":"ImageObject","inLanguage":"en-US","@id":"https:\/\/www.mexicanguitarplayers.com\/tienda\/sin categor\u00eda\/funda-proel-p-bajo-elect-bag150b\/#primaryimage","url":"https:\/\/www.mexicanguitarplayers.com\/wp-content\/uploads\/2025\/04\/VAPREBAG150B.jpg","contentUrl":"https:\/\/www.mexicanguitarplayers.com\/wp-content\/uploads\/2025\/04\/VAPREBAG150B.jpg","width":1200,"height":1200},{"@type":"BreadcrumbList","@id":"https:\/\/www.mexicanguitarplayers.com\/tienda\/sin categor\u00eda\/funda-proel-p-bajo-elect-bag150b\/#breadcrumb","itemListElement":[{"@type":"ListItem","position":1,"name":"Portada","item":"https:\/\/www.mexicanguitarplayers.com\/"},{"@type":"ListItem","position":2,"name":"Tienda","item":"https:\/\/www.mexicanguitarplayers.com\/tienda\/"},{"@type":"ListItem","position":3,"name":"FUNDA PROEL P\/BAJO ELECT. BAG150B"}]},{"@type":"WebSite","@id":"https:\/\/www.mexicanguitarplayers.com\/#website","url":"https:\/\/www.mexicanguitarplayers.com\/","name":"Mexican Guitar Players","description":"Website","publisher":{"@id":"https:\/\/www.mexicanguitarplayers.com\/#organization"},"potentialAction":[{"@type":"SearchAction","target":{"@type":"EntryPoint","urlTemplate":"https:\/\/www.mexicanguitarplayers.com\/?s={search_term_string}"},"query-input":{"@type":"PropertyValueSpecification","valueRequired":true,"valueName":"search_term_string"}}],"inLanguage":"en-US"},{"@type":"Organization","@id":"https:\/\/www.mexicanguitarplayers.com\/#organization","name":"Mexican Guitar Players","url":"https:\/\/www.mexicanguitarplayers.com\/","logo":{"@type":"ImageObject","inLanguage":"en-US","@id":"https:\/\/www.mexicanguitarplayers.com\/#\/schema\/logo\/image\/","url":"","contentUrl":"","caption":"Mexican Guitar Players"},"image":{"@id":"https:\/\/www.mexicanguitarplayers.com\/#\/schema\/logo\/image\/"}}]}},"brands":[{"id":252,"name":"PROEL","slug":"proel"}],"_links":{"self":[{"href":"https:\/\/www.mexicanguitarplayers.com\/en\/wp-json\/wp\/v2\/product\/40787","targetHints":{"allow":["GET"]}}],"collection":[{"href":"https:\/\/www.mexicanguitarplayers.com\/en\/wp-json\/wp\/v2\/product"}],"about":[{"href":"https:\/\/www.mexicanguitarplayers.com\/en\/wp-json\/wp\/v2\/types\/product"}],"replies":[{"embeddable":true,"href":"https:\/\/www.mexicanguitarplayers.com\/en\/wp-json\/wp\/v2\/comments?post=40787"}],"wp:featuredmedia":[{"embeddable":true,"href":"https:\/\/www.mexicanguitarplayers.com\/en\/wp-json\/wp\/v2\/media\/40782"}],"wp:attachment":[{"href":"https:\/\/www.mexicanguitarplayers.com\/en\/wp-json\/wp\/v2\/media?parent=40787"}],"wp:term":[{"taxonomy":"pwb-brand","embeddable":true,"href":"https:\/\/www.mexicanguitarplayers.com\/en\/wp-json\/wp\/v2\/pwb-brand?post=40787"},{"taxonomy":"product_brand","embeddable":true,"href":"https:\/\/www.mexicanguitarplayers.com\/en\/wp-json\/wp\/v2\/product_brand?post=40787"},{"taxonomy":"product_cat","embeddable":true,"href":"https:\/\/www.mexicanguitarplayers.com\/en\/wp-json\/wp\/v2\/product_cat?post=40787"},{"taxonomy":"product_tag","embeddable":true,"href":"https:\/\/www.mexicanguitarplayers.com\/en\/wp-json\/wp\/v2\/product_tag?post=40787"}],"curies":[{"name":"wp","href":"https:\/\/api.w.org\/{rel}","templated":true}]}}