{"id":40798,"date":"2025-04-09T07:15:32","date_gmt":"2025-04-09T13:15:32","guid":{"rendered":"https:\/\/www.mexicanguitarplayers.com\/tienda\/sin categor\u00eda\/acordeon-hohner-teclas-bravoiii-120\/"},"modified":"2025-04-09T07:15:32","modified_gmt":"2025-04-09T13:15:32","slug":"acordeon-hohner-teclas-bravoiii-120","status":"publish","type":"product","link":"https:\/\/www.mexicanguitarplayers.com\/en\/tienda\/alientos\/acordeones\/de-teclas\/acordeon-hohner-teclas-bravoiii-120\/","title":{"rendered":"ACORDEON HOHNER TECLAS    BRAVOIII 120"},"content":{"rendered":"<div style=\"text-align: justify\">\n<div>\n<h3>Versatibilidad en un Acorde\u00f3n de teclas.<\/h3>\n<\/div>\n<div>La serie Bravo de acordeones de Hohner establece un est\u00e1ndar para estudiantes y principiantes. Los instrumentos robustos y musicalmente vers\u00e1tiles en estas series ofrecen el mismo rendimiento con el que cuentan instrumentos considerablemente m\u00e1s caros. Un buen ejemplo es la incorporaci\u00f3n del mecanismo T-Keyboard en la serie Bravo, algo que nos da una facilidad excepcional para tocar y un servicio sencillo. El equipo de proyectos de Hohner fue dirigido por maestros y estudiantes en lo que respecta a aspectos importantes de dise\u00f1o: El instrumento deber\u00eda ser lo m\u00e1s ligero posible, especialmente para los alumnos m\u00e1s j\u00f3venes. Los acordeones de 48 bajos pesan solamente 4.9 kg, por lo que tal vez son los m\u00e1s ligeros disponibles en su clase, los instrumentos m\u00e1s grandes tambi\u00e9n son excepcionalmente ligeros.<\/div>\n<div>\n<h4>Quick look<\/h4>\n<\/div>\n<ul style=\"margin: 0px 0px 0px 25px\">\n<li style=\"list-style-type: circle;margin: 5px\">Teclas.<\/li>\n<li style=\"list-style-type: circle;margin: 5px\">Notas.<\/li>\n<li style=\"list-style-type: circle;margin: 5px\">Nota mas baja.<\/li>\n<li style=\"list-style-type: circle;margin: 5px\">Nota mas alta.<\/li>\n<li style=\"list-style-type: circle;margin: 5px\">Voces.<\/li>\n<li style=\"list-style-type: circle;margin: 5px\">Registros.<\/li>\n<li style=\"list-style-type: circle;margin: 5px\">Botones de acompa\u00f1amiento de bajos.<\/li>\n<li style=\"list-style-type: circle;margin: 5px\">Tama\u00f1o.<\/li>\n<li style=\"list-style-type: circle;margin: 5px\">Weight.<\/li>\n<li style=\"list-style-type: circle;margin: 5px\">Accessories included.<\/li>\n<\/ul>\n<div>\n<div style=\"font-weight: bold\">Teclas.<\/div>\n<div>\n<p>41 teclas.<\/p>\n<\/div>\n<div style=\"font-weight: bold\">Notas.<\/div>\n<div>\n<p>41 notas. Acordeon Crom\u00e1tico.<\/p>\n<\/div>\n<div style=\"font-weight: bold\">Nota mas baja.<\/div>\n<div>\n<p>F (Fa).<\/p>\n<\/div>\n<div style=\"font-weight: bold\">Nota mas alta.<\/div>\n<div>\n<p>A (La).<\/p>\n<\/div>\n<div style=\"font-weight: bold\">Voces.<\/div>\n<div>\n<p>3<\/p>\n<\/div>\n<div style=\"font-weight: bold\">Registros.<\/div>\n<div>\n<p>7<\/p>\n<\/div>\n<div style=\"font-weight: bold\">Botones de acompa\u00f1amiento de bajos.<\/div>\n<div>\n<p>120 botones  en 6 lineas.<\/p>\n<\/div>\n<div style=\"font-weight: bold\">Tama\u00f1o.<\/div>\n<div>\n<p>48 x 18.5 cms.<\/p>\n<\/div>\n<div style=\"font-weight: bold\">Weight.<\/div>\n<div>\n<p>9.2 kg.<\/p>\n<\/div>\n<div style=\"font-weight: bold\">Accessories included.<\/div>\n<div>\n<p>Correa y funda de transporte.<\/p>\n<\/div>\n<\/div>\n<\/div>","protected":false},"excerpt":{"rendered":"<p>Acorde\u00f3n Hohner Bravo III 120, crom\u00e1tico, 41 notas, 3 voces, 120 botones de bajos, 7 registros, 4 voces graves est\u00e1ndar, 3 registros de bajo est\u00e1ndar, nota m\u00e1sbaja: F, nota m\u00e1s alta: A, dimensiones: 48 cm x 18,5 cm, peso: 9.2 kg, incluye correa y funda de transporte.&hellip; <a class=\"kt-excerpt-readmore more-link\" href=\"https:\/\/www.mexicanguitarplayers.com\/en\/tienda\/alientos\/acordeones\/de-teclas\/acordeon-hohner-teclas-bravoiii-120\/\">Read more<\/a><\/p>","protected":false},"featured_media":40788,"comment_status":"open","ping_status":"closed","template":"","meta":{"kt_blocks_editor_width":""},"pwb-brand":[395],"product_brand":[],"product_cat":[389,388,392],"product_tag":[],"class_list":{"0":"post-40798","1":"product","2":"type-product","3":"status-publish","4":"has-post-thumbnail","6":"pwb-brand-hohner","7":"product_cat-acordeones","8":"product_cat-alientos","9":"product_cat-de-teclas","10":"product_shipping_class-15-20-kg","12":"first","13":"outofstock","14":"taxable","15":"shipping-taxable","16":"purchasable","17":"product-type-simple"},"yoast_head":"<!-- This site is optimized with the Yoast SEO plugin v27.3 - https:\/\/yoast.com\/product\/yoast-seo-wordpress\/ -->\n<title>ACORDEON HOHNER TECLAS  BRAVOIII 120 - Mexican Guitar Players<\/title>\n<meta name=\"description\" content=\"Acorde\u00f3n Hohner Bravo III 120, crom\u00e1tico, 41 notas, 3 voces, 120 botones de bajos, 7 registros, 4 voces graves est\u00e1ndar, 3 registros de bajo est\u00e1ndar, nota m\u00e1sbaja: F, nota m\u00e1s alta: A, dimensiones: 48 cm x 18,5 cm, peso: 9.2 kg, incluye correa y funda de transporte.\" \/>\n<meta name=\"robots\" content=\"index, follow, max-snippet:-1, max-image-preview:large, max-video-preview:-1\" \/>\n<link rel=\"canonical\" href=\"https:\/\/www.mexicanguitarplayers.com\/en\/tienda\/sin%20categor\u00eda\/acordeon-hohner-teclas-bravoiii-120\/\" \/>\n<meta property=\"og:locale\" content=\"en_US\" \/>\n<meta property=\"og:type\" content=\"article\" \/>\n<meta property=\"og:title\" content=\"ACORDEON HOHNER TECLAS  BRAVOIII 120 - Mexican Guitar Players\" \/>\n<meta property=\"og:description\" content=\"Acorde\u00f3n Hohner Bravo III 120, crom\u00e1tico, 41 notas, 3 voces, 120 botones de bajos, 7 registros, 4 voces graves est\u00e1ndar, 3 registros de bajo est\u00e1ndar, nota m\u00e1sbaja: F, nota m\u00e1s alta: A, dimensiones: 48 cm x 18,5 cm, peso: 9.2 kg, incluye correa y funda de transporte.\" \/>\n<meta property=\"og:url\" content=\"https:\/\/www.mexicanguitarplayers.com\/en\/tienda\/sin categor\u00eda\/acordeon-hohner-teclas-bravoiii-120\/\" \/>\n<meta property=\"og:site_name\" content=\"Mexican Guitar Players\" \/>\n<meta name=\"twitter:card\" content=\"summary_large_image\" \/>\n<meta name=\"twitter:label1\" content=\"Est. reading time\" \/>\n\t<meta name=\"twitter:data1\" content=\"1 minute\" \/>\n<script type=\"application\/ld+json\" class=\"yoast-schema-graph\">{\"@context\":\"https:\\\/\\\/schema.org\",\"@graph\":[{\"@type\":[\"WebPage\",\"ItemPage\"],\"@id\":\"https:\\\/\\\/www.mexicanguitarplayers.com\\\/tienda\\\/sin categor\u00eda\\\/acordeon-hohner-teclas-bravoiii-120\\\/\",\"url\":\"https:\\\/\\\/www.mexicanguitarplayers.com\\\/tienda\\\/sin categor\u00eda\\\/acordeon-hohner-teclas-bravoiii-120\\\/\",\"name\":\"ACORDEON HOHNER TECLAS BRAVOIII 120 - Mexican Guitar Players\",\"isPartOf\":{\"@id\":\"https:\\\/\\\/www.mexicanguitarplayers.com\\\/#website\"},\"primaryImageOfPage\":{\"@id\":\"https:\\\/\\\/www.mexicanguitarplayers.com\\\/tienda\\\/sin categor\u00eda\\\/acordeon-hohner-teclas-bravoiii-120\\\/#primaryimage\"},\"image\":{\"@id\":\"https:\\\/\\\/www.mexicanguitarplayers.com\\\/tienda\\\/sin categor\u00eda\\\/acordeon-hohner-teclas-bravoiii-120\\\/#primaryimage\"},\"thumbnailUrl\":\"https:\\\/\\\/www.mexicanguitarplayers.com\\\/wp-content\\\/uploads\\\/2025\\\/04\\\/ITHOHBRAIII120.jpg\",\"datePublished\":\"2025-04-09T13:15:32+00:00\",\"description\":\"Acorde\u00f3n Hohner Bravo III 120, crom\u00e1tico, 41 notas, 3 voces, 120 botones de bajos, 7 registros, 4 voces graves est\u00e1ndar, 3 registros de bajo est\u00e1ndar, nota m\u00e1sbaja: F, nota m\u00e1s alta: A, dimensiones: 48 cm x 18,5 cm, peso: 9.2 kg, incluye correa y funda de transporte.\",\"breadcrumb\":{\"@id\":\"https:\\\/\\\/www.mexicanguitarplayers.com\\\/tienda\\\/sin categor\u00eda\\\/acordeon-hohner-teclas-bravoiii-120\\\/#breadcrumb\"},\"inLanguage\":\"en-US\",\"potentialAction\":[{\"@type\":\"ReadAction\",\"target\":[\"https:\\\/\\\/www.mexicanguitarplayers.com\\\/tienda\\\/sin categor\u00eda\\\/acordeon-hohner-teclas-bravoiii-120\\\/\"]}]},{\"@type\":\"ImageObject\",\"inLanguage\":\"en-US\",\"@id\":\"https:\\\/\\\/www.mexicanguitarplayers.com\\\/tienda\\\/sin categor\u00eda\\\/acordeon-hohner-teclas-bravoiii-120\\\/#primaryimage\",\"url\":\"https:\\\/\\\/www.mexicanguitarplayers.com\\\/wp-content\\\/uploads\\\/2025\\\/04\\\/ITHOHBRAIII120.jpg\",\"contentUrl\":\"https:\\\/\\\/www.mexicanguitarplayers.com\\\/wp-content\\\/uploads\\\/2025\\\/04\\\/ITHOHBRAIII120.jpg\",\"width\":1200,\"height\":1200},{\"@type\":\"BreadcrumbList\",\"@id\":\"https:\\\/\\\/www.mexicanguitarplayers.com\\\/tienda\\\/sin categor\u00eda\\\/acordeon-hohner-teclas-bravoiii-120\\\/#breadcrumb\",\"itemListElement\":[{\"@type\":\"ListItem\",\"position\":1,\"name\":\"Portada\",\"item\":\"https:\\\/\\\/www.mexicanguitarplayers.com\\\/\"},{\"@type\":\"ListItem\",\"position\":2,\"name\":\"Tienda\",\"item\":\"https:\\\/\\\/www.mexicanguitarplayers.com\\\/tienda\\\/\"},{\"@type\":\"ListItem\",\"position\":3,\"name\":\"ACORDEON HOHNER TECLAS BRAVOIII 120\"}]},{\"@type\":\"WebSite\",\"@id\":\"https:\\\/\\\/www.mexicanguitarplayers.com\\\/#website\",\"url\":\"https:\\\/\\\/www.mexicanguitarplayers.com\\\/\",\"name\":\"Mexican Guitar Players\",\"description\":\"Website\",\"publisher\":{\"@id\":\"https:\\\/\\\/www.mexicanguitarplayers.com\\\/#organization\"},\"potentialAction\":[{\"@type\":\"SearchAction\",\"target\":{\"@type\":\"EntryPoint\",\"urlTemplate\":\"https:\\\/\\\/www.mexicanguitarplayers.com\\\/?s={search_term_string}\"},\"query-input\":{\"@type\":\"PropertyValueSpecification\",\"valueRequired\":true,\"valueName\":\"search_term_string\"}}],\"inLanguage\":\"en-US\"},{\"@type\":\"Organization\",\"@id\":\"https:\\\/\\\/www.mexicanguitarplayers.com\\\/#organization\",\"name\":\"Mexican Guitar Players\",\"url\":\"https:\\\/\\\/www.mexicanguitarplayers.com\\\/\",\"logo\":{\"@type\":\"ImageObject\",\"inLanguage\":\"en-US\",\"@id\":\"https:\\\/\\\/www.mexicanguitarplayers.com\\\/#\\\/schema\\\/logo\\\/image\\\/\",\"url\":\"\",\"contentUrl\":\"\",\"caption\":\"Mexican Guitar Players\"},\"image\":{\"@id\":\"https:\\\/\\\/www.mexicanguitarplayers.com\\\/#\\\/schema\\\/logo\\\/image\\\/\"}}]}<\/script>\n<!-- \/ Yoast SEO plugin. -->","yoast_head_json":{"title":"ACORDEON HOHNER TECLAS  BRAVOIII 120 - Mexican Guitar Players","description":"Acorde\u00f3n Hohner Bravo III 120, crom\u00e1tico, 41 notas, 3 voces, 120 botones de bajos, 7 registros, 4 voces graves est\u00e1ndar, 3 registros de bajo est\u00e1ndar, nota m\u00e1sbaja: F, nota m\u00e1s alta: A, dimensiones: 48 cm x 18,5 cm, peso: 9.2 kg, incluye correa y funda de transporte.","robots":{"index":"index","follow":"follow","max-snippet":"max-snippet:-1","max-image-preview":"max-image-preview:large","max-video-preview":"max-video-preview:-1"},"canonical":"https:\/\/www.mexicanguitarplayers.com\/en\/tienda\/sin categor\u00eda\/acordeon-hohner-teclas-bravoiii-120\/","og_locale":"en_US","og_type":"article","og_title":"ACORDEON HOHNER TECLAS  BRAVOIII 120 - Mexican Guitar Players","og_description":"Acorde\u00f3n Hohner Bravo III 120, crom\u00e1tico, 41 notas, 3 voces, 120 botones de bajos, 7 registros, 4 voces graves est\u00e1ndar, 3 registros de bajo est\u00e1ndar, nota m\u00e1sbaja: F, nota m\u00e1s alta: A, dimensiones: 48 cm x 18,5 cm, peso: 9.2 kg, incluye correa y funda de transporte.","og_url":"https:\/\/www.mexicanguitarplayers.com\/en\/tienda\/sin categor\u00eda\/acordeon-hohner-teclas-bravoiii-120\/","og_site_name":"Mexican Guitar Players","twitter_card":"summary_large_image","twitter_misc":{"Est. reading time":"1 minute"},"schema":{"@context":"https:\/\/schema.org","@graph":[{"@type":["WebPage","ItemPage"],"@id":"https:\/\/www.mexicanguitarplayers.com\/tienda\/sin categor\u00eda\/acordeon-hohner-teclas-bravoiii-120\/","url":"https:\/\/www.mexicanguitarplayers.com\/tienda\/sin categor\u00eda\/acordeon-hohner-teclas-bravoiii-120\/","name":"ACORDEON HOHNER TECLAS BRAVOIII 120 - Mexican Guitar Players","isPartOf":{"@id":"https:\/\/www.mexicanguitarplayers.com\/#website"},"primaryImageOfPage":{"@id":"https:\/\/www.mexicanguitarplayers.com\/tienda\/sin categor\u00eda\/acordeon-hohner-teclas-bravoiii-120\/#primaryimage"},"image":{"@id":"https:\/\/www.mexicanguitarplayers.com\/tienda\/sin categor\u00eda\/acordeon-hohner-teclas-bravoiii-120\/#primaryimage"},"thumbnailUrl":"https:\/\/www.mexicanguitarplayers.com\/wp-content\/uploads\/2025\/04\/ITHOHBRAIII120.jpg","datePublished":"2025-04-09T13:15:32+00:00","description":"Acorde\u00f3n Hohner Bravo III 120, crom\u00e1tico, 41 notas, 3 voces, 120 botones de bajos, 7 registros, 4 voces graves est\u00e1ndar, 3 registros de bajo est\u00e1ndar, nota m\u00e1sbaja: F, nota m\u00e1s alta: A, dimensiones: 48 cm x 18,5 cm, peso: 9.2 kg, incluye correa y funda de transporte.","breadcrumb":{"@id":"https:\/\/www.mexicanguitarplayers.com\/tienda\/sin categor\u00eda\/acordeon-hohner-teclas-bravoiii-120\/#breadcrumb"},"inLanguage":"en-US","potentialAction":[{"@type":"ReadAction","target":["https:\/\/www.mexicanguitarplayers.com\/tienda\/sin categor\u00eda\/acordeon-hohner-teclas-bravoiii-120\/"]}]},{"@type":"ImageObject","inLanguage":"en-US","@id":"https:\/\/www.mexicanguitarplayers.com\/tienda\/sin categor\u00eda\/acordeon-hohner-teclas-bravoiii-120\/#primaryimage","url":"https:\/\/www.mexicanguitarplayers.com\/wp-content\/uploads\/2025\/04\/ITHOHBRAIII120.jpg","contentUrl":"https:\/\/www.mexicanguitarplayers.com\/wp-content\/uploads\/2025\/04\/ITHOHBRAIII120.jpg","width":1200,"height":1200},{"@type":"BreadcrumbList","@id":"https:\/\/www.mexicanguitarplayers.com\/tienda\/sin categor\u00eda\/acordeon-hohner-teclas-bravoiii-120\/#breadcrumb","itemListElement":[{"@type":"ListItem","position":1,"name":"Portada","item":"https:\/\/www.mexicanguitarplayers.com\/"},{"@type":"ListItem","position":2,"name":"Tienda","item":"https:\/\/www.mexicanguitarplayers.com\/tienda\/"},{"@type":"ListItem","position":3,"name":"ACORDEON HOHNER TECLAS BRAVOIII 120"}]},{"@type":"WebSite","@id":"https:\/\/www.mexicanguitarplayers.com\/#website","url":"https:\/\/www.mexicanguitarplayers.com\/","name":"Mexican Guitar Players","description":"Website","publisher":{"@id":"https:\/\/www.mexicanguitarplayers.com\/#organization"},"potentialAction":[{"@type":"SearchAction","target":{"@type":"EntryPoint","urlTemplate":"https:\/\/www.mexicanguitarplayers.com\/?s={search_term_string}"},"query-input":{"@type":"PropertyValueSpecification","valueRequired":true,"valueName":"search_term_string"}}],"inLanguage":"en-US"},{"@type":"Organization","@id":"https:\/\/www.mexicanguitarplayers.com\/#organization","name":"Mexican Guitar Players","url":"https:\/\/www.mexicanguitarplayers.com\/","logo":{"@type":"ImageObject","inLanguage":"en-US","@id":"https:\/\/www.mexicanguitarplayers.com\/#\/schema\/logo\/image\/","url":"","contentUrl":"","caption":"Mexican Guitar Players"},"image":{"@id":"https:\/\/www.mexicanguitarplayers.com\/#\/schema\/logo\/image\/"}}]}},"brands":[{"id":395,"name":"HOHNER","slug":"hohner"}],"_links":{"self":[{"href":"https:\/\/www.mexicanguitarplayers.com\/en\/wp-json\/wp\/v2\/product\/40798","targetHints":{"allow":["GET"]}}],"collection":[{"href":"https:\/\/www.mexicanguitarplayers.com\/en\/wp-json\/wp\/v2\/product"}],"about":[{"href":"https:\/\/www.mexicanguitarplayers.com\/en\/wp-json\/wp\/v2\/types\/product"}],"replies":[{"embeddable":true,"href":"https:\/\/www.mexicanguitarplayers.com\/en\/wp-json\/wp\/v2\/comments?post=40798"}],"wp:featuredmedia":[{"embeddable":true,"href":"https:\/\/www.mexicanguitarplayers.com\/en\/wp-json\/wp\/v2\/media\/40788"}],"wp:attachment":[{"href":"https:\/\/www.mexicanguitarplayers.com\/en\/wp-json\/wp\/v2\/media?parent=40798"}],"wp:term":[{"taxonomy":"pwb-brand","embeddable":true,"href":"https:\/\/www.mexicanguitarplayers.com\/en\/wp-json\/wp\/v2\/pwb-brand?post=40798"},{"taxonomy":"product_brand","embeddable":true,"href":"https:\/\/www.mexicanguitarplayers.com\/en\/wp-json\/wp\/v2\/product_brand?post=40798"},{"taxonomy":"product_cat","embeddable":true,"href":"https:\/\/www.mexicanguitarplayers.com\/en\/wp-json\/wp\/v2\/product_cat?post=40798"},{"taxonomy":"product_tag","embeddable":true,"href":"https:\/\/www.mexicanguitarplayers.com\/en\/wp-json\/wp\/v2\/product_tag?post=40798"}],"curies":[{"name":"wp","href":"https:\/\/api.w.org\/{rel}","templated":true}]}}