{"id":40806,"date":"2025-04-09T07:15:41","date_gmt":"2025-04-09T13:15:41","guid":{"rendered":"https:\/\/www.mexicanguitarplayers.com\/tienda\/sin categor\u00eda\/amplificador-ashdown-p-bajo-rm-800-evo\/"},"modified":"2026-04-10T04:19:20","modified_gmt":"2026-04-10T10:19:20","slug":"amplificador-ashdown-p-bajo-rm-800-evo","status":"publish","type":"product","link":"https:\/\/www.mexicanguitarplayers.com\/en\/tienda\/cuerdas\/amplificadores-cuerdas\/amps-para-bajo\/amplificador-ashdown-p-bajo-rm-800-evo\/","title":{"rendered":"AMPLIFICADOR ASHDOWN P\/BAJO RM-800-EVO"},"content":{"rendered":"<div style=\"text-align: justify\">\n<div>\n<h3>Potencia y calidad de sonido grave.<\/h3>\n<\/div>\n<div>La secci\u00f3n de amplificaci\u00f3n de 800 watts del RM800 de Ashdown ha sido dise\u00f1ada para mantener una mayor profundidad en los graves, medios m\u00e1s definidos y agudos transitorios que proporcionan una carga de salida de 4 ohms. Los amplificadores Rootmaster de Ashdown son la opci\u00f3n perfecta para bajistas que trabajan buscando potencia y caracter\u00edsticas sin demasiado peso. El preamplificador EVO Rootmaster ahora incluye una entrada para instrumentos activos o pasivos, esto establece una clara ruta de la se\u00f1al al control de entrada, permiti\u00e9ndote ajustar tu nivel de entrada por medio del medidor VU de Ashdown. Con la se\u00f1al en su nivel \u00f3ptimo, podr\u00e1s acceder a las caracter\u00edsticas dise\u00f1adas para mejorar tu tono, como el bot\u00f3n Shape, ecualizador de 5 bandas y compresor integrado. El control Drive, como siempre proporciona una deliciosa emulaci\u00f3n de overdrive de bulbos, mientras que los controles d sub arm\u00f3nicos agregan mayor gordura a tu sonido, ambos pueden ser cambiados con el footswitch FS2 (se vende por separado). Los cabezales EVO cuentan tambi\u00e9n con una secci\u00f3n de actualizaci\u00f3n de potencia, adem\u00e1s de un bot\u00f3n de mute. Lo que es a\u00fan m\u00e1s genial, es que cuando se cambia a mute, el medidor VU de Ashdown cambia de naranja a azul, creando la iluminaci\u00f3n ambiental perfecta entre sets.<\/div>\n<div>\n<h4>Quick look<\/h4>\n<\/div>\n<ul style=\"margin: 0px 0px 0px 25px\">\n<li style=\"list-style-type: circle;margin: 5px\">Power.<\/li>\n<li style=\"list-style-type: circle;margin: 5px\">Channels.<\/li>\n<li style=\"list-style-type: circle;margin: 5px\">Tickets.<\/li>\n<li style=\"list-style-type: circle;margin: 5px\">Impedance.<\/li>\n<li style=\"list-style-type: circle;margin: 5px\">Controls<\/li>\n<li style=\"list-style-type: circle;margin: 5px\">FX loop.<\/li>\n<li style=\"list-style-type: circle;margin: 5px\">Departures.<\/li>\n<li style=\"list-style-type: circle;margin: 5px\">Dimensions.<\/li>\n<li style=\"list-style-type: circle;margin: 5px\">Weight.<\/li>\n<\/ul>\n<div>\n<div style=\"font-weight: bold\">Power.<\/div>\n<div>\n<p>800 watts.<\/p>\n<\/div>\n<div style=\"font-weight: bold\">Channels.<\/div>\n<div>\n<p>1.<\/p>\n<\/div>\n<div style=\"font-weight: bold\">Tickets.<\/div>\n<div>\n<p>2 entradas: Activa y pasiva.<\/p>\n<\/div>\n<div style=\"font-weight: bold\">Impedance.<\/div>\n<div>\n<p>M\u00ednimo 4 ohms.<\/p>\n<\/div>\n<div style=\"font-weight: bold\">Controls<\/div>\n<div>\n<p>Ecualizador de 5 bandas, nivel de entrada, compresor, drive, sub arm\u00f3nicos, nivel de salida, mezcla, mute, switch shape y switch de EQ.<\/p>\n<\/div>\n<div style=\"font-weight: bold\">FX loop.<\/div>\n<div>\n<p>Yes.<\/p>\n<\/div>\n<div style=\"font-weight: bold\">Departures.<\/div>\n<div>\n<p>DI XLR, 2 speakon y salida de afinador.<\/p>\n<\/div>\n<div style=\"font-weight: bold\">Dimensions.<\/div>\n<div>\n<p>313 x 209 x 86 mm.<\/p>\n<\/div>\n<div style=\"font-weight: bold\">Weight.<\/div>\n<div>\n<p>5 kg.<\/p>\n<\/div>\n<\/div>\n<\/div>","protected":false},"excerpt":{"rendered":"<p>Amplificador para bajo, potencia de 800 watts, un canal, entrada activa y pasiva, impedancia de 4 ohms, controles: EQ de 5 bandas, nivel de entrada, compresor, drive, sub arm\u00f3nicos, nivel de salida, mezcla, mute, switch shape y switch de EQ, loop de FX, salida DI (XLR), 2 speakon y salida de afinador, dimensiones: 313 x 209 x 86 mm, peso: 5 kg.&hellip; <a class=\"kt-excerpt-readmore more-link\" href=\"https:\/\/www.mexicanguitarplayers.com\/en\/tienda\/cuerdas\/amplificadores-cuerdas\/amps-para-bajo\/amplificador-ashdown-p-bajo-rm-800-evo\/\">Read more<\/a><\/p>","protected":false},"featured_media":40799,"comment_status":"open","ping_status":"closed","template":"","meta":{"kt_blocks_editor_width":""},"pwb-brand":[257],"product_brand":[],"product_cat":[219,254,224],"product_tag":[],"class_list":{"0":"post-40806","1":"product","2":"type-product","3":"status-publish","4":"has-post-thumbnail","6":"pwb-brand-ashdown","7":"product_cat-amplificadores-audio","8":"product_cat-amps-para-bajo","9":"product_cat-cuerdas","10":"product_shipping_class-5-10-kg","12":"first","13":"outofstock","14":"taxable","15":"shipping-taxable","16":"purchasable","17":"product-type-simple"},"yoast_head":"<!-- This site is optimized with the Yoast SEO plugin v27.5 - https:\/\/yoast.com\/product\/yoast-seo-wordpress\/ -->\n<title>AMPLIFICADOR ASHDOWN P\/BAJO RM-800-EVO - Mexican Guitar Players<\/title>\n<meta name=\"description\" content=\"Amplificador para bajo, potencia de 800 watts, un canal, entrada activa y pasiva, impedancia de 4 ohms, controles: EQ de 5 bandas, nivel de entrada, compresor, drive, sub arm\u00f3nicos, nivel de salida, mezcla, mute, switch shape y switch de EQ, loop de FX, salida DI (XLR), 2 speakon y salida de afinador, dimensiones: 313 x 209 x 86 mm, peso: 5 kg.\" \/>\n<meta name=\"robots\" content=\"index, follow, max-snippet:-1, max-image-preview:large, max-video-preview:-1\" \/>\n<link rel=\"canonical\" href=\"https:\/\/www.mexicanguitarplayers.com\/en\/tienda\/sin%20categor\u00eda\/amplificador-ashdown-p-bajo-rm-800-evo\/\" \/>\n<meta property=\"og:locale\" content=\"en_US\" \/>\n<meta property=\"og:type\" content=\"article\" \/>\n<meta property=\"og:title\" content=\"AMPLIFICADOR ASHDOWN P\/BAJO RM-800-EVO - Mexican Guitar Players\" \/>\n<meta property=\"og:description\" content=\"Amplificador para bajo, potencia de 800 watts, un canal, entrada activa y pasiva, impedancia de 4 ohms, controles: EQ de 5 bandas, nivel de entrada, compresor, drive, sub arm\u00f3nicos, nivel de salida, mezcla, mute, switch shape y switch de EQ, loop de FX, salida DI (XLR), 2 speakon y salida de afinador, dimensiones: 313 x 209 x 86 mm, peso: 5 kg.\" \/>\n<meta property=\"og:url\" content=\"https:\/\/www.mexicanguitarplayers.com\/en\/tienda\/sin categor\u00eda\/amplificador-ashdown-p-bajo-rm-800-evo\/\" \/>\n<meta property=\"og:site_name\" content=\"Mexican Guitar Players\" \/>\n<meta property=\"article:modified_time\" content=\"2026-04-10T10:19:20+00:00\" \/>\n<meta name=\"twitter:card\" content=\"summary_large_image\" \/>\n<meta name=\"twitter:label1\" content=\"Est. reading time\" \/>\n\t<meta name=\"twitter:data1\" content=\"2 minutes\" \/>\n<script type=\"application\/ld+json\" class=\"yoast-schema-graph\">{\"@context\":\"https:\\\/\\\/schema.org\",\"@graph\":[{\"@type\":[\"WebPage\",\"ItemPage\"],\"@id\":\"https:\\\/\\\/www.mexicanguitarplayers.com\\\/tienda\\\/sin categor\u00eda\\\/amplificador-ashdown-p-bajo-rm-800-evo\\\/\",\"url\":\"https:\\\/\\\/www.mexicanguitarplayers.com\\\/tienda\\\/sin categor\u00eda\\\/amplificador-ashdown-p-bajo-rm-800-evo\\\/\",\"name\":\"AMPLIFICADOR ASHDOWN P\\\/BAJO RM-800-EVO - Mexican Guitar Players\",\"isPartOf\":{\"@id\":\"https:\\\/\\\/www.mexicanguitarplayers.com\\\/#website\"},\"primaryImageOfPage\":{\"@id\":\"https:\\\/\\\/www.mexicanguitarplayers.com\\\/tienda\\\/sin categor\u00eda\\\/amplificador-ashdown-p-bajo-rm-800-evo\\\/#primaryimage\"},\"image\":{\"@id\":\"https:\\\/\\\/www.mexicanguitarplayers.com\\\/tienda\\\/sin categor\u00eda\\\/amplificador-ashdown-p-bajo-rm-800-evo\\\/#primaryimage\"},\"thumbnailUrl\":\"https:\\\/\\\/www.mexicanguitarplayers.com\\\/wp-content\\\/uploads\\\/2025\\\/04\\\/ICASORM800EVO.jpg\",\"datePublished\":\"2025-04-09T13:15:41+00:00\",\"dateModified\":\"2026-04-10T10:19:20+00:00\",\"description\":\"Amplificador para bajo, potencia de 800 watts, un canal, entrada activa y pasiva, impedancia de 4 ohms, controles: EQ de 5 bandas, nivel de entrada, compresor, drive, sub arm\u00f3nicos, nivel de salida, mezcla, mute, switch shape y switch de EQ, loop de FX, salida DI (XLR), 2 speakon y salida de afinador, dimensiones: 313 x 209 x 86 mm, peso: 5 kg.\",\"breadcrumb\":{\"@id\":\"https:\\\/\\\/www.mexicanguitarplayers.com\\\/tienda\\\/sin categor\u00eda\\\/amplificador-ashdown-p-bajo-rm-800-evo\\\/#breadcrumb\"},\"inLanguage\":\"en-US\",\"potentialAction\":[{\"@type\":\"ReadAction\",\"target\":[\"https:\\\/\\\/www.mexicanguitarplayers.com\\\/tienda\\\/sin categor\u00eda\\\/amplificador-ashdown-p-bajo-rm-800-evo\\\/\"]}]},{\"@type\":\"ImageObject\",\"inLanguage\":\"en-US\",\"@id\":\"https:\\\/\\\/www.mexicanguitarplayers.com\\\/tienda\\\/sin categor\u00eda\\\/amplificador-ashdown-p-bajo-rm-800-evo\\\/#primaryimage\",\"url\":\"https:\\\/\\\/www.mexicanguitarplayers.com\\\/wp-content\\\/uploads\\\/2025\\\/04\\\/ICASORM800EVO.jpg\",\"contentUrl\":\"https:\\\/\\\/www.mexicanguitarplayers.com\\\/wp-content\\\/uploads\\\/2025\\\/04\\\/ICASORM800EVO.jpg\",\"width\":1600,\"height\":800},{\"@type\":\"BreadcrumbList\",\"@id\":\"https:\\\/\\\/www.mexicanguitarplayers.com\\\/tienda\\\/sin categor\u00eda\\\/amplificador-ashdown-p-bajo-rm-800-evo\\\/#breadcrumb\",\"itemListElement\":[{\"@type\":\"ListItem\",\"position\":1,\"name\":\"Portada\",\"item\":\"https:\\\/\\\/www.mexicanguitarplayers.com\\\/\"},{\"@type\":\"ListItem\",\"position\":2,\"name\":\"Tienda\",\"item\":\"https:\\\/\\\/www.mexicanguitarplayers.com\\\/tienda\\\/\"},{\"@type\":\"ListItem\",\"position\":3,\"name\":\"AMPLIFICADOR ASHDOWN P\\\/BAJO RM-800-EVO\"}]},{\"@type\":\"WebSite\",\"@id\":\"https:\\\/\\\/www.mexicanguitarplayers.com\\\/#website\",\"url\":\"https:\\\/\\\/www.mexicanguitarplayers.com\\\/\",\"name\":\"Mexican Guitar Players\",\"description\":\"Website\",\"publisher\":{\"@id\":\"https:\\\/\\\/www.mexicanguitarplayers.com\\\/#organization\"},\"potentialAction\":[{\"@type\":\"SearchAction\",\"target\":{\"@type\":\"EntryPoint\",\"urlTemplate\":\"https:\\\/\\\/www.mexicanguitarplayers.com\\\/?s={search_term_string}\"},\"query-input\":{\"@type\":\"PropertyValueSpecification\",\"valueRequired\":true,\"valueName\":\"search_term_string\"}}],\"inLanguage\":\"en-US\"},{\"@type\":\"Organization\",\"@id\":\"https:\\\/\\\/www.mexicanguitarplayers.com\\\/#organization\",\"name\":\"Mexican Guitar Players\",\"url\":\"https:\\\/\\\/www.mexicanguitarplayers.com\\\/\",\"logo\":{\"@type\":\"ImageObject\",\"inLanguage\":\"en-US\",\"@id\":\"https:\\\/\\\/www.mexicanguitarplayers.com\\\/#\\\/schema\\\/logo\\\/image\\\/\",\"url\":\"\",\"contentUrl\":\"\",\"caption\":\"Mexican Guitar Players\"},\"image\":{\"@id\":\"https:\\\/\\\/www.mexicanguitarplayers.com\\\/#\\\/schema\\\/logo\\\/image\\\/\"}}]}<\/script>\n<!-- \/ Yoast SEO plugin. -->","yoast_head_json":{"title":"AMPLIFICADOR ASHDOWN P\/BAJO RM-800-EVO - Mexican Guitar Players","description":"Amplificador para bajo, potencia de 800 watts, un canal, entrada activa y pasiva, impedancia de 4 ohms, controles: EQ de 5 bandas, nivel de entrada, compresor, drive, sub arm\u00f3nicos, nivel de salida, mezcla, mute, switch shape y switch de EQ, loop de FX, salida DI (XLR), 2 speakon y salida de afinador, dimensiones: 313 x 209 x 86 mm, peso: 5 kg.","robots":{"index":"index","follow":"follow","max-snippet":"max-snippet:-1","max-image-preview":"max-image-preview:large","max-video-preview":"max-video-preview:-1"},"canonical":"https:\/\/www.mexicanguitarplayers.com\/en\/tienda\/sin categor\u00eda\/amplificador-ashdown-p-bajo-rm-800-evo\/","og_locale":"en_US","og_type":"article","og_title":"AMPLIFICADOR ASHDOWN P\/BAJO RM-800-EVO - Mexican Guitar Players","og_description":"Amplificador para bajo, potencia de 800 watts, un canal, entrada activa y pasiva, impedancia de 4 ohms, controles: EQ de 5 bandas, nivel de entrada, compresor, drive, sub arm\u00f3nicos, nivel de salida, mezcla, mute, switch shape y switch de EQ, loop de FX, salida DI (XLR), 2 speakon y salida de afinador, dimensiones: 313 x 209 x 86 mm, peso: 5 kg.","og_url":"https:\/\/www.mexicanguitarplayers.com\/en\/tienda\/sin categor\u00eda\/amplificador-ashdown-p-bajo-rm-800-evo\/","og_site_name":"Mexican Guitar Players","article_modified_time":"2026-04-10T10:19:20+00:00","twitter_card":"summary_large_image","twitter_misc":{"Est. reading time":"2 minutes"},"schema":{"@context":"https:\/\/schema.org","@graph":[{"@type":["WebPage","ItemPage"],"@id":"https:\/\/www.mexicanguitarplayers.com\/tienda\/sin categor\u00eda\/amplificador-ashdown-p-bajo-rm-800-evo\/","url":"https:\/\/www.mexicanguitarplayers.com\/tienda\/sin categor\u00eda\/amplificador-ashdown-p-bajo-rm-800-evo\/","name":"AMPLIFICADOR ASHDOWN P\/BAJO RM-800-EVO - Mexican Guitar Players","isPartOf":{"@id":"https:\/\/www.mexicanguitarplayers.com\/#website"},"primaryImageOfPage":{"@id":"https:\/\/www.mexicanguitarplayers.com\/tienda\/sin categor\u00eda\/amplificador-ashdown-p-bajo-rm-800-evo\/#primaryimage"},"image":{"@id":"https:\/\/www.mexicanguitarplayers.com\/tienda\/sin categor\u00eda\/amplificador-ashdown-p-bajo-rm-800-evo\/#primaryimage"},"thumbnailUrl":"https:\/\/www.mexicanguitarplayers.com\/wp-content\/uploads\/2025\/04\/ICASORM800EVO.jpg","datePublished":"2025-04-09T13:15:41+00:00","dateModified":"2026-04-10T10:19:20+00:00","description":"Amplificador para bajo, potencia de 800 watts, un canal, entrada activa y pasiva, impedancia de 4 ohms, controles: EQ de 5 bandas, nivel de entrada, compresor, drive, sub arm\u00f3nicos, nivel de salida, mezcla, mute, switch shape y switch de EQ, loop de FX, salida DI (XLR), 2 speakon y salida de afinador, dimensiones: 313 x 209 x 86 mm, peso: 5 kg.","breadcrumb":{"@id":"https:\/\/www.mexicanguitarplayers.com\/tienda\/sin categor\u00eda\/amplificador-ashdown-p-bajo-rm-800-evo\/#breadcrumb"},"inLanguage":"en-US","potentialAction":[{"@type":"ReadAction","target":["https:\/\/www.mexicanguitarplayers.com\/tienda\/sin categor\u00eda\/amplificador-ashdown-p-bajo-rm-800-evo\/"]}]},{"@type":"ImageObject","inLanguage":"en-US","@id":"https:\/\/www.mexicanguitarplayers.com\/tienda\/sin categor\u00eda\/amplificador-ashdown-p-bajo-rm-800-evo\/#primaryimage","url":"https:\/\/www.mexicanguitarplayers.com\/wp-content\/uploads\/2025\/04\/ICASORM800EVO.jpg","contentUrl":"https:\/\/www.mexicanguitarplayers.com\/wp-content\/uploads\/2025\/04\/ICASORM800EVO.jpg","width":1600,"height":800},{"@type":"BreadcrumbList","@id":"https:\/\/www.mexicanguitarplayers.com\/tienda\/sin categor\u00eda\/amplificador-ashdown-p-bajo-rm-800-evo\/#breadcrumb","itemListElement":[{"@type":"ListItem","position":1,"name":"Portada","item":"https:\/\/www.mexicanguitarplayers.com\/"},{"@type":"ListItem","position":2,"name":"Tienda","item":"https:\/\/www.mexicanguitarplayers.com\/tienda\/"},{"@type":"ListItem","position":3,"name":"AMPLIFICADOR ASHDOWN P\/BAJO RM-800-EVO"}]},{"@type":"WebSite","@id":"https:\/\/www.mexicanguitarplayers.com\/#website","url":"https:\/\/www.mexicanguitarplayers.com\/","name":"Mexican Guitar Players","description":"Website","publisher":{"@id":"https:\/\/www.mexicanguitarplayers.com\/#organization"},"potentialAction":[{"@type":"SearchAction","target":{"@type":"EntryPoint","urlTemplate":"https:\/\/www.mexicanguitarplayers.com\/?s={search_term_string}"},"query-input":{"@type":"PropertyValueSpecification","valueRequired":true,"valueName":"search_term_string"}}],"inLanguage":"en-US"},{"@type":"Organization","@id":"https:\/\/www.mexicanguitarplayers.com\/#organization","name":"Mexican Guitar Players","url":"https:\/\/www.mexicanguitarplayers.com\/","logo":{"@type":"ImageObject","inLanguage":"en-US","@id":"https:\/\/www.mexicanguitarplayers.com\/#\/schema\/logo\/image\/","url":"","contentUrl":"","caption":"Mexican Guitar Players"},"image":{"@id":"https:\/\/www.mexicanguitarplayers.com\/#\/schema\/logo\/image\/"}}]}},"brands":[{"id":257,"name":"ASHDOWN","slug":"ashdown"}],"_links":{"self":[{"href":"https:\/\/www.mexicanguitarplayers.com\/en\/wp-json\/wp\/v2\/product\/40806","targetHints":{"allow":["GET"]}}],"collection":[{"href":"https:\/\/www.mexicanguitarplayers.com\/en\/wp-json\/wp\/v2\/product"}],"about":[{"href":"https:\/\/www.mexicanguitarplayers.com\/en\/wp-json\/wp\/v2\/types\/product"}],"replies":[{"embeddable":true,"href":"https:\/\/www.mexicanguitarplayers.com\/en\/wp-json\/wp\/v2\/comments?post=40806"}],"wp:featuredmedia":[{"embeddable":true,"href":"https:\/\/www.mexicanguitarplayers.com\/en\/wp-json\/wp\/v2\/media\/40799"}],"wp:attachment":[{"href":"https:\/\/www.mexicanguitarplayers.com\/en\/wp-json\/wp\/v2\/media?parent=40806"}],"wp:term":[{"taxonomy":"pwb-brand","embeddable":true,"href":"https:\/\/www.mexicanguitarplayers.com\/en\/wp-json\/wp\/v2\/pwb-brand?post=40806"},{"taxonomy":"product_brand","embeddable":true,"href":"https:\/\/www.mexicanguitarplayers.com\/en\/wp-json\/wp\/v2\/product_brand?post=40806"},{"taxonomy":"product_cat","embeddable":true,"href":"https:\/\/www.mexicanguitarplayers.com\/en\/wp-json\/wp\/v2\/product_cat?post=40806"},{"taxonomy":"product_tag","embeddable":true,"href":"https:\/\/www.mexicanguitarplayers.com\/en\/wp-json\/wp\/v2\/product_tag?post=40806"}],"curies":[{"name":"wp","href":"https:\/\/api.w.org\/{rel}","templated":true}]}}