{"id":40812,"date":"2025-04-09T07:15:49","date_gmt":"2025-04-09T13:15:49","guid":{"rendered":"https:\/\/www.mexicanguitarplayers.com\/tienda\/sin categor\u00eda\/pastilla-sd-brazo-puente-sc-hot-strat\/"},"modified":"2026-04-10T04:19:19","modified_gmt":"2026-04-10T10:19:19","slug":"pastilla-sd-brazo-puente-sc-hot-strat","status":"publish","type":"product","link":"https:\/\/www.mexicanguitarplayers.com\/en\/tienda\/accesorios\/para-guitarras\/pastillas-para-guitarra-electrica\/pastilla-sd-brazo-puente-sc-hot-strat\/","title":{"rendered":"PASTILLA SD BRAZO PUENTE SC HOT STRAT"},"content":{"rendered":"<div style=\"text-align: justify\">\n<div>\n<h3>Te proporciona un sonido m\u00e1s grande, m\u00e1s audaz, m\u00e1s fuerte y m\u00e1s robusto.<\/h3>\n<\/div>\n<div>La pastilla Hot Strat de alta salida brindar\u00e1 m\u00e1s rendimiento y rango medio musical de lo que tu querida Stratocaster jam\u00e1s haya tenido. Esta pastilla toma el brillo cl\u00e1sico de gama alta y agrega un corte tipo humbucker ligeramente m\u00e1s bajo que har\u00e1 que tus acordes suenen explosivos y tus solos salten como nunca antes. El sonido es m\u00e1s c\u00e1lido que el de una pastilla Stratocaster tradicional, rico en potentes arm\u00f3nicos. Los imanes de alnico 5 elevados son m\u00e1s altos para obtener un campo magn\u00e9tico m\u00e1s fuerte y profundo que aumente la salida y la bobina overwound proporciona potencia y calidez adicionales, es excelente para obtener los sonidos pesados de una Strat. Una opci\u00f3n popular para la posici\u00f3n de puente de una Strat, la pastilla Hot Strat combina bien con las pastillas de Strat con voz vintage para una guitarra moderna y flexible. Tambi\u00e9n fabricamos una versi\u00f3n RWRP (bobinado inverso, polaridad inversa) de modo que cuando se instala en la posici\u00f3n central y se combina con las pastillas de brazo  o de puente, se cancelar\u00e1 el zumbido y te brindar\u00e1 el sonido 2 y 4 m\u00e1s grande posible sin el zumbido de 60 ciclos. Las bobinas de la Hot Strat se fabrican a mano utilizando el exclusivo bobinado de alto rendimiento y los imanes de alnico 5 rectificados a mano m\u00e1s altos, laqueados para una mayor estabilidad y encerados para dar un rendimiento sin chirridos. Est\u00e1 disponible tambi\u00e9n en una configuraci\u00f3n tapped para ofrecer m\u00faltiples opciones de salida. Los modelos de brazo, central y puente tendr\u00e1n la misma salida, direcci\u00f3n del bobinado y polaridad magn\u00e9tica. Posici\u00f3n RWRP central (bobinado inverso, polaridad inversa): Escoge esta opci\u00f3n para tener una pastilla que cancele el zumbido con uno de nuestros modelos de brazo o puente. Todos los sets, excepto el modelo exclusivo de Jimi Hendrix, vienen con un RWRP central como pastilla central. Tapped: Los modelos de alta salida pueden tener esta opci\u00f3n &#8220;tap&#8221; disponible. Se coloca un cable conductor adicional a la mitad del bobinado, lo que permite el cableado a un potenci\u00f3metro push-pull o un mini switch de palanca para brindar una opci\u00f3n de nivel de salida vintage adicional.<\/div>\n<div>\n<h4>Quick look<\/h4>\n<\/div>\n<ul style=\"margin: 0px 0px 0px 25px\">\n<li style=\"list-style-type: circle;margin: 5px\">Modelo.<\/li>\n<li style=\"list-style-type: circle;margin: 5px\">Posici\u00f3n.<\/li>\n<li style=\"list-style-type: circle;margin: 5px\">Espaciado.<\/li>\n<li style=\"list-style-type: circle;margin: 5px\">Alambrado.<\/li>\n<li style=\"list-style-type: circle;margin: 5px\">Im\u00e1n.<\/li>\n<li style=\"list-style-type: circle;margin: 5px\">Resistencia.<\/li>\n<\/ul>\n<div>\n<div style=\"font-weight: bold\">Modelo.<\/div>\n<div>\n<p>Hot Strat.<\/p>\n<\/div>\n<div style=\"font-weight: bold\">Posici\u00f3n.<\/div>\n<div>\n<p>Para brazo o puente.<\/p>\n<\/div>\n<div style=\"font-weight: bold\">Espaciado.<\/div>\n<div>\n<p>Est\u00e1ndar.<\/p>\n<\/div>\n<div style=\"font-weight: bold\">Alambrado.<\/div>\n<div>\n<p>PVC Lead Wire.<\/p>\n<\/div>\n<div style=\"font-weight: bold\">Im\u00e1n.<\/div>\n<div>\n<p>Alnico 5.<\/p>\n<\/div>\n<div style=\"font-weight: bold\">Resistencia.<\/div>\n<div>\n<p>15.85 kilo-ohms.<\/p>\n<\/div>\n<\/div>\n<\/div>","protected":false},"excerpt":{"rendered":"<p>Pastilla single-coil para guitarra el\u00e9ctrica de 6 cuerdas, modelo Hot Strat, posici\u00f3n: brazo o puente,  im\u00e1n: alnico 5, cableado: PVC Lead Wire, tipo: pasivo, resistencia: 15.85 kilo-ohms, si alguna vez quisiste escuchar tu Stratocaster favorita m\u00e1s grande, m\u00e1s audaz, m\u00e1s fuerte y m\u00e1s robusta, estas pastillas de alto rendimiento te dar\u00e1n toneladas de salida y rango medio, sonidos \u201dintermedios\u201d incre\u00edblemente completos (sin zumbidos) y un glorioso tono en la posici\u00f3n del brazo.&hellip; <a class=\"kt-excerpt-readmore more-link\" href=\"https:\/\/www.mexicanguitarplayers.com\/en\/tienda\/accesorios\/para-guitarras\/pastillas-para-guitarra-electrica\/pastilla-sd-brazo-puente-sc-hot-strat\/\">Read more<\/a><\/p>","protected":false},"featured_media":40807,"comment_status":"open","ping_status":"closed","template":"","meta":{"kt_blocks_editor_width":""},"pwb-brand":[502],"product_brand":[],"product_cat":[85,336,353],"product_tag":[],"class_list":{"0":"post-40812","1":"product","2":"type-product","3":"status-publish","4":"has-post-thumbnail","6":"pwb-brand-seymour-duncan","7":"product_cat-accesorios","8":"product_cat-para-guitarras","9":"product_cat-pastillas-para-guitarra-electrica","10":"product_shipping_class-0-5-kg","12":"first","13":"outofstock","14":"taxable","15":"shipping-taxable","16":"purchasable","17":"product-type-simple"},"yoast_head":"<!-- This site is optimized with the Yoast SEO plugin v27.6 - https:\/\/yoast.com\/product\/yoast-seo-wordpress\/ -->\n<title>PASTILLA SD BRAZO PUENTE SC HOT STRAT - Mexican Guitar Players<\/title>\n<meta name=\"description\" content=\"Pastilla single-coil para guitarra el\u00e9ctrica de 6 cuerdas, modelo Hot Strat, posici\u00f3n: brazo o puente, im\u00e1n: alnico 5, cableado: PVC Lead Wire, tipo: pasivo, resistencia: 15.85 kilo-ohms, si alguna vez quisiste escuchar tu Stratocaster favorita m\u00e1s grande, m\u00e1s audaz, m\u00e1s fuerte y m\u00e1s robusta, estas pastillas de alto rendimiento te dar\u00e1n toneladas de salida y rango medio, sonidos \u201dintermedios\u201d incre\u00edblemente completos (sin zumbidos) y un glorioso tono en la posici\u00f3n del brazo.\" \/>\n<meta name=\"robots\" content=\"index, follow, max-snippet:-1, max-image-preview:large, max-video-preview:-1\" \/>\n<link rel=\"canonical\" href=\"https:\/\/www.mexicanguitarplayers.com\/en\/tienda\/sin%20categor\u00eda\/pastilla-sd-brazo-puente-sc-hot-strat\/\" \/>\n<meta property=\"og:locale\" content=\"en_US\" \/>\n<meta property=\"og:type\" content=\"article\" \/>\n<meta property=\"og:title\" content=\"PASTILLA SD BRAZO PUENTE SC HOT STRAT - Mexican Guitar Players\" \/>\n<meta property=\"og:description\" content=\"Pastilla single-coil para guitarra el\u00e9ctrica de 6 cuerdas, modelo Hot Strat, posici\u00f3n: brazo o puente, im\u00e1n: alnico 5, cableado: PVC Lead Wire, tipo: pasivo, resistencia: 15.85 kilo-ohms, si alguna vez quisiste escuchar tu Stratocaster favorita m\u00e1s grande, m\u00e1s audaz, m\u00e1s fuerte y m\u00e1s robusta, estas pastillas de alto rendimiento te dar\u00e1n toneladas de salida y rango medio, sonidos \u201dintermedios\u201d incre\u00edblemente completos (sin zumbidos) y un glorioso tono en la posici\u00f3n del brazo.\" \/>\n<meta property=\"og:url\" content=\"https:\/\/www.mexicanguitarplayers.com\/en\/tienda\/sin categor\u00eda\/pastilla-sd-brazo-puente-sc-hot-strat\/\" \/>\n<meta property=\"og:site_name\" content=\"Mexican Guitar Players\" \/>\n<meta property=\"article:modified_time\" content=\"2026-04-10T10:19:19+00:00\" \/>\n<meta name=\"twitter:card\" content=\"summary_large_image\" \/>\n<meta name=\"twitter:label1\" content=\"Est. reading time\" \/>\n\t<meta name=\"twitter:data1\" content=\"2 minutes\" \/>\n<script type=\"application\/ld+json\" class=\"yoast-schema-graph\">{\"@context\":\"https:\\\/\\\/schema.org\",\"@graph\":[{\"@type\":[\"WebPage\",\"ItemPage\"],\"@id\":\"https:\\\/\\\/www.mexicanguitarplayers.com\\\/tienda\\\/sin categor\u00eda\\\/pastilla-sd-brazo-puente-sc-hot-strat\\\/\",\"url\":\"https:\\\/\\\/www.mexicanguitarplayers.com\\\/tienda\\\/sin categor\u00eda\\\/pastilla-sd-brazo-puente-sc-hot-strat\\\/\",\"name\":\"PASTILLA SD BRAZO PUENTE SC HOT STRAT - Mexican Guitar Players\",\"isPartOf\":{\"@id\":\"https:\\\/\\\/www.mexicanguitarplayers.com\\\/#website\"},\"primaryImageOfPage\":{\"@id\":\"https:\\\/\\\/www.mexicanguitarplayers.com\\\/tienda\\\/sin categor\u00eda\\\/pastilla-sd-brazo-puente-sc-hot-strat\\\/#primaryimage\"},\"image\":{\"@id\":\"https:\\\/\\\/www.mexicanguitarplayers.com\\\/tienda\\\/sin categor\u00eda\\\/pastilla-sd-brazo-puente-sc-hot-strat\\\/#primaryimage\"},\"thumbnailUrl\":\"https:\\\/\\\/www.mexicanguitarplayers.com\\\/wp-content\\\/uploads\\\/2025\\\/04\\\/RASEOSSL3HOSTR.jpg\",\"datePublished\":\"2025-04-09T13:15:49+00:00\",\"dateModified\":\"2026-04-10T10:19:19+00:00\",\"description\":\"Pastilla single-coil para guitarra el\u00e9ctrica de 6 cuerdas, modelo Hot Strat, posici\u00f3n: brazo o puente, im\u00e1n: alnico 5, cableado: PVC Lead Wire, tipo: pasivo, resistencia: 15.85 kilo-ohms, si alguna vez quisiste escuchar tu Stratocaster favorita m\u00e1s grande, m\u00e1s audaz, m\u00e1s fuerte y m\u00e1s robusta, estas pastillas de alto rendimiento te dar\u00e1n toneladas de salida y rango medio, sonidos \u201dintermedios\u201d incre\u00edblemente completos (sin zumbidos) y un glorioso tono en la posici\u00f3n del brazo.\",\"breadcrumb\":{\"@id\":\"https:\\\/\\\/www.mexicanguitarplayers.com\\\/tienda\\\/sin categor\u00eda\\\/pastilla-sd-brazo-puente-sc-hot-strat\\\/#breadcrumb\"},\"inLanguage\":\"en-US\",\"potentialAction\":[{\"@type\":\"ReadAction\",\"target\":[\"https:\\\/\\\/www.mexicanguitarplayers.com\\\/tienda\\\/sin categor\u00eda\\\/pastilla-sd-brazo-puente-sc-hot-strat\\\/\"]}]},{\"@type\":\"ImageObject\",\"inLanguage\":\"en-US\",\"@id\":\"https:\\\/\\\/www.mexicanguitarplayers.com\\\/tienda\\\/sin categor\u00eda\\\/pastilla-sd-brazo-puente-sc-hot-strat\\\/#primaryimage\",\"url\":\"https:\\\/\\\/www.mexicanguitarplayers.com\\\/wp-content\\\/uploads\\\/2025\\\/04\\\/RASEOSSL3HOSTR.jpg\",\"contentUrl\":\"https:\\\/\\\/www.mexicanguitarplayers.com\\\/wp-content\\\/uploads\\\/2025\\\/04\\\/RASEOSSL3HOSTR.jpg\",\"width\":1600,\"height\":800},{\"@type\":\"BreadcrumbList\",\"@id\":\"https:\\\/\\\/www.mexicanguitarplayers.com\\\/tienda\\\/sin categor\u00eda\\\/pastilla-sd-brazo-puente-sc-hot-strat\\\/#breadcrumb\",\"itemListElement\":[{\"@type\":\"ListItem\",\"position\":1,\"name\":\"Portada\",\"item\":\"https:\\\/\\\/www.mexicanguitarplayers.com\\\/\"},{\"@type\":\"ListItem\",\"position\":2,\"name\":\"Tienda\",\"item\":\"https:\\\/\\\/www.mexicanguitarplayers.com\\\/tienda\\\/\"},{\"@type\":\"ListItem\",\"position\":3,\"name\":\"PASTILLA SD BRAZO PUENTE SC HOT STRAT\"}]},{\"@type\":\"WebSite\",\"@id\":\"https:\\\/\\\/www.mexicanguitarplayers.com\\\/#website\",\"url\":\"https:\\\/\\\/www.mexicanguitarplayers.com\\\/\",\"name\":\"Mexican Guitar Players\",\"description\":\"Website\",\"publisher\":{\"@id\":\"https:\\\/\\\/www.mexicanguitarplayers.com\\\/#organization\"},\"potentialAction\":[{\"@type\":\"SearchAction\",\"target\":{\"@type\":\"EntryPoint\",\"urlTemplate\":\"https:\\\/\\\/www.mexicanguitarplayers.com\\\/?s={search_term_string}\"},\"query-input\":{\"@type\":\"PropertyValueSpecification\",\"valueRequired\":true,\"valueName\":\"search_term_string\"}}],\"inLanguage\":\"en-US\"},{\"@type\":\"Organization\",\"@id\":\"https:\\\/\\\/www.mexicanguitarplayers.com\\\/#organization\",\"name\":\"Mexican Guitar Players\",\"url\":\"https:\\\/\\\/www.mexicanguitarplayers.com\\\/\",\"logo\":{\"@type\":\"ImageObject\",\"inLanguage\":\"en-US\",\"@id\":\"https:\\\/\\\/www.mexicanguitarplayers.com\\\/#\\\/schema\\\/logo\\\/image\\\/\",\"url\":\"\",\"contentUrl\":\"\",\"caption\":\"Mexican Guitar Players\"},\"image\":{\"@id\":\"https:\\\/\\\/www.mexicanguitarplayers.com\\\/#\\\/schema\\\/logo\\\/image\\\/\"}}]}<\/script>\n<!-- \/ Yoast SEO plugin. -->","yoast_head_json":{"title":"PASTILLA SD BRAZO PUENTE SC HOT STRAT - Mexican Guitar Players","description":"Pastilla single-coil para guitarra el\u00e9ctrica de 6 cuerdas, modelo Hot Strat, posici\u00f3n: brazo o puente, im\u00e1n: alnico 5, cableado: PVC Lead Wire, tipo: pasivo, resistencia: 15.85 kilo-ohms, si alguna vez quisiste escuchar tu Stratocaster favorita m\u00e1s grande, m\u00e1s audaz, m\u00e1s fuerte y m\u00e1s robusta, estas pastillas de alto rendimiento te dar\u00e1n toneladas de salida y rango medio, sonidos \u201dintermedios\u201d incre\u00edblemente completos (sin zumbidos) y un glorioso tono en la posici\u00f3n del brazo.","robots":{"index":"index","follow":"follow","max-snippet":"max-snippet:-1","max-image-preview":"max-image-preview:large","max-video-preview":"max-video-preview:-1"},"canonical":"https:\/\/www.mexicanguitarplayers.com\/en\/tienda\/sin categor\u00eda\/pastilla-sd-brazo-puente-sc-hot-strat\/","og_locale":"en_US","og_type":"article","og_title":"PASTILLA SD BRAZO PUENTE SC HOT STRAT - Mexican Guitar Players","og_description":"Pastilla single-coil para guitarra el\u00e9ctrica de 6 cuerdas, modelo Hot Strat, posici\u00f3n: brazo o puente, im\u00e1n: alnico 5, cableado: PVC Lead Wire, tipo: pasivo, resistencia: 15.85 kilo-ohms, si alguna vez quisiste escuchar tu Stratocaster favorita m\u00e1s grande, m\u00e1s audaz, m\u00e1s fuerte y m\u00e1s robusta, estas pastillas de alto rendimiento te dar\u00e1n toneladas de salida y rango medio, sonidos \u201dintermedios\u201d incre\u00edblemente completos (sin zumbidos) y un glorioso tono en la posici\u00f3n del brazo.","og_url":"https:\/\/www.mexicanguitarplayers.com\/en\/tienda\/sin categor\u00eda\/pastilla-sd-brazo-puente-sc-hot-strat\/","og_site_name":"Mexican Guitar Players","article_modified_time":"2026-04-10T10:19:19+00:00","twitter_card":"summary_large_image","twitter_misc":{"Est. reading time":"2 minutes"},"schema":{"@context":"https:\/\/schema.org","@graph":[{"@type":["WebPage","ItemPage"],"@id":"https:\/\/www.mexicanguitarplayers.com\/tienda\/sin categor\u00eda\/pastilla-sd-brazo-puente-sc-hot-strat\/","url":"https:\/\/www.mexicanguitarplayers.com\/tienda\/sin categor\u00eda\/pastilla-sd-brazo-puente-sc-hot-strat\/","name":"PASTILLA SD BRAZO PUENTE SC HOT STRAT - Mexican Guitar Players","isPartOf":{"@id":"https:\/\/www.mexicanguitarplayers.com\/#website"},"primaryImageOfPage":{"@id":"https:\/\/www.mexicanguitarplayers.com\/tienda\/sin categor\u00eda\/pastilla-sd-brazo-puente-sc-hot-strat\/#primaryimage"},"image":{"@id":"https:\/\/www.mexicanguitarplayers.com\/tienda\/sin categor\u00eda\/pastilla-sd-brazo-puente-sc-hot-strat\/#primaryimage"},"thumbnailUrl":"https:\/\/www.mexicanguitarplayers.com\/wp-content\/uploads\/2025\/04\/RASEOSSL3HOSTR.jpg","datePublished":"2025-04-09T13:15:49+00:00","dateModified":"2026-04-10T10:19:19+00:00","description":"Pastilla single-coil para guitarra el\u00e9ctrica de 6 cuerdas, modelo Hot Strat, posici\u00f3n: brazo o puente, im\u00e1n: alnico 5, cableado: PVC Lead Wire, tipo: pasivo, resistencia: 15.85 kilo-ohms, si alguna vez quisiste escuchar tu Stratocaster favorita m\u00e1s grande, m\u00e1s audaz, m\u00e1s fuerte y m\u00e1s robusta, estas pastillas de alto rendimiento te dar\u00e1n toneladas de salida y rango medio, sonidos \u201dintermedios\u201d incre\u00edblemente completos (sin zumbidos) y un glorioso tono en la posici\u00f3n del brazo.","breadcrumb":{"@id":"https:\/\/www.mexicanguitarplayers.com\/tienda\/sin categor\u00eda\/pastilla-sd-brazo-puente-sc-hot-strat\/#breadcrumb"},"inLanguage":"en-US","potentialAction":[{"@type":"ReadAction","target":["https:\/\/www.mexicanguitarplayers.com\/tienda\/sin categor\u00eda\/pastilla-sd-brazo-puente-sc-hot-strat\/"]}]},{"@type":"ImageObject","inLanguage":"en-US","@id":"https:\/\/www.mexicanguitarplayers.com\/tienda\/sin categor\u00eda\/pastilla-sd-brazo-puente-sc-hot-strat\/#primaryimage","url":"https:\/\/www.mexicanguitarplayers.com\/wp-content\/uploads\/2025\/04\/RASEOSSL3HOSTR.jpg","contentUrl":"https:\/\/www.mexicanguitarplayers.com\/wp-content\/uploads\/2025\/04\/RASEOSSL3HOSTR.jpg","width":1600,"height":800},{"@type":"BreadcrumbList","@id":"https:\/\/www.mexicanguitarplayers.com\/tienda\/sin categor\u00eda\/pastilla-sd-brazo-puente-sc-hot-strat\/#breadcrumb","itemListElement":[{"@type":"ListItem","position":1,"name":"Portada","item":"https:\/\/www.mexicanguitarplayers.com\/"},{"@type":"ListItem","position":2,"name":"Tienda","item":"https:\/\/www.mexicanguitarplayers.com\/tienda\/"},{"@type":"ListItem","position":3,"name":"PASTILLA SD BRAZO PUENTE SC HOT STRAT"}]},{"@type":"WebSite","@id":"https:\/\/www.mexicanguitarplayers.com\/#website","url":"https:\/\/www.mexicanguitarplayers.com\/","name":"Mexican Guitar Players","description":"Website","publisher":{"@id":"https:\/\/www.mexicanguitarplayers.com\/#organization"},"potentialAction":[{"@type":"SearchAction","target":{"@type":"EntryPoint","urlTemplate":"https:\/\/www.mexicanguitarplayers.com\/?s={search_term_string}"},"query-input":{"@type":"PropertyValueSpecification","valueRequired":true,"valueName":"search_term_string"}}],"inLanguage":"en-US"},{"@type":"Organization","@id":"https:\/\/www.mexicanguitarplayers.com\/#organization","name":"Mexican Guitar Players","url":"https:\/\/www.mexicanguitarplayers.com\/","logo":{"@type":"ImageObject","inLanguage":"en-US","@id":"https:\/\/www.mexicanguitarplayers.com\/#\/schema\/logo\/image\/","url":"","contentUrl":"","caption":"Mexican Guitar Players"},"image":{"@id":"https:\/\/www.mexicanguitarplayers.com\/#\/schema\/logo\/image\/"}}]}},"brands":[{"id":502,"name":"SEYMOUR DUNCAN","slug":"seymour-duncan"}],"_links":{"self":[{"href":"https:\/\/www.mexicanguitarplayers.com\/en\/wp-json\/wp\/v2\/product\/40812","targetHints":{"allow":["GET"]}}],"collection":[{"href":"https:\/\/www.mexicanguitarplayers.com\/en\/wp-json\/wp\/v2\/product"}],"about":[{"href":"https:\/\/www.mexicanguitarplayers.com\/en\/wp-json\/wp\/v2\/types\/product"}],"replies":[{"embeddable":true,"href":"https:\/\/www.mexicanguitarplayers.com\/en\/wp-json\/wp\/v2\/comments?post=40812"}],"wp:featuredmedia":[{"embeddable":true,"href":"https:\/\/www.mexicanguitarplayers.com\/en\/wp-json\/wp\/v2\/media\/40807"}],"wp:attachment":[{"href":"https:\/\/www.mexicanguitarplayers.com\/en\/wp-json\/wp\/v2\/media?parent=40812"}],"wp:term":[{"taxonomy":"pwb-brand","embeddable":true,"href":"https:\/\/www.mexicanguitarplayers.com\/en\/wp-json\/wp\/v2\/pwb-brand?post=40812"},{"taxonomy":"product_brand","embeddable":true,"href":"https:\/\/www.mexicanguitarplayers.com\/en\/wp-json\/wp\/v2\/product_brand?post=40812"},{"taxonomy":"product_cat","embeddable":true,"href":"https:\/\/www.mexicanguitarplayers.com\/en\/wp-json\/wp\/v2\/product_cat?post=40812"},{"taxonomy":"product_tag","embeddable":true,"href":"https:\/\/www.mexicanguitarplayers.com\/en\/wp-json\/wp\/v2\/product_tag?post=40812"}],"curies":[{"name":"wp","href":"https:\/\/api.w.org\/{rel}","templated":true}]}}