{"id":40821,"date":"2025-04-09T07:16:04","date_gmt":"2025-04-09T13:16:04","guid":{"rendered":"https:\/\/www.mexicanguitarplayers.com\/tienda\/sin categor\u00eda\/estuche-gator-p-controlador-gu-eva-2314-3\/"},"modified":"2026-05-01T07:17:18","modified_gmt":"2026-05-01T13:17:18","slug":"estuche-gator-p-controlador-gu-eva-2314-3","status":"publish","type":"product","link":"https:\/\/www.mexicanguitarplayers.com\/en\/tienda\/accesorios\/estuches-y-fundas\/para-dj\/estuche-gator-p-controlador-gu-eva-2314-3\/","title":{"rendered":"ESTUCHE GATOR P\/CONTROLADOR GU-EVA-2314-3"},"content":{"rendered":"<div style=\"text-align: justify\">\n<div>\n<h3>Transporta tu equipo con total seguridad.<\/h3>\n<\/div>\n<div>El estuche mediano para controlador de DJ GU-EVA-2314-3 de Gator es un estuche de transporte r\u00edgido liviano y port\u00e1til con un peso de tan solo 1.4 kg. Proporciona una protecci\u00f3n confiable para tu controlador de DJ cuando vas a un concierto. Es compatible con los controladores Pioneer DDJ-SR, DDJ-SB2 y Numark NV. El estuche cuenta con un  marco moldeado de EVA para proteger tu equipo de abolladuras y golpes no deseados durante el transporte y un compartimento con cierre forrado con espuma enreversada para proporcionar una amortiguaci\u00f3n suave para tu controlador. Adem\u00e1s de las asas de transporte superiores reforzadas con nylon, una c\u00f3moda correa ajustable para el hombro te permite transportar este estuche con una gran comodidad. El exterior completamente negro est\u00e1 adornado con un peque\u00f1o logotipo de Gator en color blanco recubierto de goma. Tambi\u00e9n hay una peque\u00f1a insignia en el exterior con el n\u00famero de modelo para una f\u00e1cil identificaci\u00f3n. Dise\u00f1ado pensando en los DJ, este estuche tambi\u00e9n puede transportar una gran variedad de equipos adicionales, como pedaleras, multiefectos, cables y m\u00e1s.<\/div>\n<div>\n<h4>Quick look<\/h4>\n<\/div>\n<ul style=\"margin: 0px 0px 0px 25px\">\n<li style=\"list-style-type: circle;margin: 5px\">Longitud interior.<\/li>\n<li style=\"list-style-type: circle;margin: 5px\">Ancho interior.<\/li>\n<li style=\"list-style-type: circle;margin: 5px\">Altura interior.<\/li>\n<li style=\"list-style-type: circle;margin: 5px\">Longitud exterior.<\/li>\n<li style=\"list-style-type: circle;margin: 5px\">Ancho exterior.<\/li>\n<li style=\"list-style-type: circle;margin: 5px\">Altura exterior.<\/li>\n<li style=\"list-style-type: circle;margin: 5px\">Weight.<\/li>\n<\/ul>\n<div>\n<div style=\"font-weight: bold\">Longitud interior.<\/div>\n<div>\n<p>23.3&#8243; pulgadas (591.82 mm).<\/p>\n<\/div>\n<div style=\"font-weight: bold\">Ancho interior.<\/div>\n<div>\n<p>14&#8243; pulgadas (355.6 mm).<\/p>\n<\/div>\n<div style=\"font-weight: bold\">Altura interior.<\/div>\n<div>\n<p>3.5&#8243; pulgadas (88.9 mm).<\/p>\n<\/div>\n<div style=\"font-weight: bold\">Longitud exterior.<\/div>\n<div>\n<p>24&#8243; pulgadas (609.6 mm).<\/p>\n<\/div>\n<div style=\"font-weight: bold\">Ancho exterior.<\/div>\n<div>\n<p>14.75&#8243; pulgadas (374.65 mm).<\/p>\n<\/div>\n<div style=\"font-weight: bold\">Altura exterior.<\/div>\n<div>\n<p>5.25&#8243; pulgadas (133.35 mm).<\/p>\n<\/div>\n<div style=\"font-weight: bold\">Weight.<\/div>\n<div>\n<p>1.4 kg.<\/p>\n<\/div>\n<\/div>\n<div>\n<h4>Characteristics<\/h4>\n<\/div>\n<div>\n<ul style=\"margin: 0px 0px 0px 25px\">\n<li style=\"list-style-type: circle;margin: 5px\">Estuche para controlador de DJ, se ajusta a los controladores Pioneer DDJ-SR, DDJ-SB2 y Numark NV.<\/li>\n<li style=\"list-style-type: circle;margin: 5px\">Construcci\u00f3n ligera con capa exterior de EVA reforzada.<\/li>\n<li style=\"list-style-type: circle;margin: 5px\">Interior forrado con acolchado de espuma enrollada.<\/li>\n<li style=\"list-style-type: circle;margin: 5px\">Correa de hombro acolchada ajustable y extra\u00edble.<\/li>\n<li style=\"list-style-type: circle;margin: 5px\">Asa de transporte de nylon reforzado.<\/li>\n<li style=\"list-style-type: circle;margin: 5px\">Insignia con el nombre del modelo y el logotipo de Gator en color gris recubierto de goma.<\/li>\n<li style=\"list-style-type: circle;margin: 5px\">Productos compatibles<\/li>\n<\/ul>\n<\/div>\n<\/div>","protected":false},"excerpt":{"rendered":"<p>Estuche mediano para controlador de DJ, 23\u201d x 14\u201d x 3\u201d pulgadas, se ajusta a los controladores Pioneer DDJ-SR, DDJ-SB2 y Numark NV, construcci\u00f3n ligera con capa exterior de EVA reforzada, interior forrado con acolchado de espuma enrollada, correa de hombro acolchada ajustable y extra\u00edble, asa de transporte de nylon reforzado, insignia con el nombre del modelo y el logotipo de Gator en color gris recubierto de goma, longitud interior: 23.3\u201d pulgadas (591.82 mm), ancho interior: 14\u201d pulgadas (355.6 mm), altura interior: 3.5\u201d pulgadas (88.9 mm), longitud exterior: 24\u201d pulgadas (609.6 mm), ancho exterior: 14.75\u201d pulgadas (374.65 mm), altura exterior: 5.25\u201d pulgadas (133.35 mm), peso: 1.4 kg.&hellip; <a class=\"kt-excerpt-readmore more-link\" href=\"https:\/\/www.mexicanguitarplayers.com\/en\/tienda\/accesorios\/estuches-y-fundas\/para-dj\/estuche-gator-p-controlador-gu-eva-2314-3\/\">Read more<\/a><\/p>","protected":false},"featured_media":40813,"comment_status":"open","ping_status":"closed","template":"","meta":{"kt_blocks_editor_width":""},"pwb-brand":[572],"product_brand":[],"product_cat":[85,517,518],"product_tag":[],"class_list":{"0":"post-40821","1":"product","2":"type-product","3":"status-publish","4":"has-post-thumbnail","6":"pwb-brand-gator","7":"product_cat-accesorios","8":"product_cat-estuches-y-fundas","9":"product_cat-para-dj","10":"product_shipping_class-0-5-kg","12":"first","13":"instock","14":"taxable","15":"shipping-taxable","16":"purchasable","17":"product-type-simple"},"yoast_head":"<!-- This site is optimized with the Yoast SEO plugin v27.5 - https:\/\/yoast.com\/product\/yoast-seo-wordpress\/ -->\n<title>ESTUCHE GATOR P\/CONTROLADOR GU-EVA-2314-3 - Mexican Guitar Players<\/title>\n<meta name=\"description\" content=\"Estuche mediano para controlador de DJ, 23\u201d x 14\u201d x 3\u201d pulgadas, se ajusta a los controladores Pioneer DDJ-SR, DDJ-SB2 y Numark NV, construcci\u00f3n ligera con capa exterior de EVA reforzada, interior forrado con acolchado de espuma enrollada, correa de hombro acolchada ajustable y extra\u00edble, asa de transporte de nylon reforzado, insignia con el nombre del modelo y el logotipo de Gator en color gris recubierto de goma, longitud interior: 23.3\u201d pulgadas (591.82 mm), ancho interior: 14\u201d pulgadas (355.6 mm), altura interior: 3.5\u201d pulgadas (88.9 mm), longitud exterior: 24\u201d pulgadas (609.6 mm), ancho exterior: 14.75\u201d pulgadas (374.65 mm), altura exterior: 5.25\u201d pulgadas (133.35 mm), peso: 1.4 kg.\" \/>\n<meta name=\"robots\" content=\"index, follow, max-snippet:-1, max-image-preview:large, max-video-preview:-1\" \/>\n<link rel=\"canonical\" href=\"https:\/\/www.mexicanguitarplayers.com\/en\/tienda\/sin%20categor\u00eda\/estuche-gator-p-controlador-gu-eva-2314-3\/\" \/>\n<meta property=\"og:locale\" content=\"en_US\" \/>\n<meta property=\"og:type\" content=\"article\" \/>\n<meta property=\"og:title\" content=\"ESTUCHE GATOR P\/CONTROLADOR GU-EVA-2314-3 - Mexican Guitar Players\" \/>\n<meta property=\"og:description\" content=\"Estuche mediano para controlador de DJ, 23\u201d x 14\u201d x 3\u201d pulgadas, se ajusta a los controladores Pioneer DDJ-SR, DDJ-SB2 y Numark NV, construcci\u00f3n ligera con capa exterior de EVA reforzada, interior forrado con acolchado de espuma enrollada, correa de hombro acolchada ajustable y extra\u00edble, asa de transporte de nylon reforzado, insignia con el nombre del modelo y el logotipo de Gator en color gris recubierto de goma, longitud interior: 23.3\u201d pulgadas (591.82 mm), ancho interior: 14\u201d pulgadas (355.6 mm), altura interior: 3.5\u201d pulgadas (88.9 mm), longitud exterior: 24\u201d pulgadas (609.6 mm), ancho exterior: 14.75\u201d pulgadas (374.65 mm), altura exterior: 5.25\u201d pulgadas (133.35 mm), peso: 1.4 kg.\" \/>\n<meta property=\"og:url\" content=\"https:\/\/www.mexicanguitarplayers.com\/en\/tienda\/sin categor\u00eda\/estuche-gator-p-controlador-gu-eva-2314-3\/\" \/>\n<meta property=\"og:site_name\" content=\"Mexican Guitar Players\" \/>\n<meta property=\"article:modified_time\" content=\"2026-05-01T13:17:18+00:00\" \/>\n<meta name=\"twitter:card\" content=\"summary_large_image\" \/>\n<meta name=\"twitter:label1\" content=\"Est. reading time\" \/>\n\t<meta name=\"twitter:data1\" content=\"2 minutes\" \/>\n<script type=\"application\/ld+json\" class=\"yoast-schema-graph\">{\"@context\":\"https:\\\/\\\/schema.org\",\"@graph\":[{\"@type\":[\"WebPage\",\"ItemPage\"],\"@id\":\"https:\\\/\\\/www.mexicanguitarplayers.com\\\/tienda\\\/sin categor\u00eda\\\/estuche-gator-p-controlador-gu-eva-2314-3\\\/\",\"url\":\"https:\\\/\\\/www.mexicanguitarplayers.com\\\/tienda\\\/sin categor\u00eda\\\/estuche-gator-p-controlador-gu-eva-2314-3\\\/\",\"name\":\"ESTUCHE GATOR P\\\/CONTROLADOR GU-EVA-2314-3 - Mexican Guitar Players\",\"isPartOf\":{\"@id\":\"https:\\\/\\\/www.mexicanguitarplayers.com\\\/#website\"},\"primaryImageOfPage\":{\"@id\":\"https:\\\/\\\/www.mexicanguitarplayers.com\\\/tienda\\\/sin categor\u00eda\\\/estuche-gator-p-controlador-gu-eva-2314-3\\\/#primaryimage\"},\"image\":{\"@id\":\"https:\\\/\\\/www.mexicanguitarplayers.com\\\/tienda\\\/sin categor\u00eda\\\/estuche-gator-p-controlador-gu-eva-2314-3\\\/#primaryimage\"},\"thumbnailUrl\":\"https:\\\/\\\/www.mexicanguitarplayers.com\\\/wp-content\\\/uploads\\\/2025\\\/04\\\/VAGATGUEVA2314.jpg\",\"datePublished\":\"2025-04-09T13:16:04+00:00\",\"dateModified\":\"2026-05-01T13:17:18+00:00\",\"description\":\"Estuche mediano para controlador de DJ, 23\u201d x 14\u201d x 3\u201d pulgadas, se ajusta a los controladores Pioneer DDJ-SR, DDJ-SB2 y Numark NV, construcci\u00f3n ligera con capa exterior de EVA reforzada, interior forrado con acolchado de espuma enrollada, correa de hombro acolchada ajustable y extra\u00edble, asa de transporte de nylon reforzado, insignia con el nombre del modelo y el logotipo de Gator en color gris recubierto de goma, longitud interior: 23.3\u201d pulgadas (591.82 mm), ancho interior: 14\u201d pulgadas (355.6 mm), altura interior: 3.5\u201d pulgadas (88.9 mm), longitud exterior: 24\u201d pulgadas (609.6 mm), ancho exterior: 14.75\u201d pulgadas (374.65 mm), altura exterior: 5.25\u201d pulgadas (133.35 mm), peso: 1.4 kg.\",\"breadcrumb\":{\"@id\":\"https:\\\/\\\/www.mexicanguitarplayers.com\\\/tienda\\\/sin categor\u00eda\\\/estuche-gator-p-controlador-gu-eva-2314-3\\\/#breadcrumb\"},\"inLanguage\":\"en-US\",\"potentialAction\":[{\"@type\":\"ReadAction\",\"target\":[\"https:\\\/\\\/www.mexicanguitarplayers.com\\\/tienda\\\/sin categor\u00eda\\\/estuche-gator-p-controlador-gu-eva-2314-3\\\/\"]}]},{\"@type\":\"ImageObject\",\"inLanguage\":\"en-US\",\"@id\":\"https:\\\/\\\/www.mexicanguitarplayers.com\\\/tienda\\\/sin categor\u00eda\\\/estuche-gator-p-controlador-gu-eva-2314-3\\\/#primaryimage\",\"url\":\"https:\\\/\\\/www.mexicanguitarplayers.com\\\/wp-content\\\/uploads\\\/2025\\\/04\\\/VAGATGUEVA2314.jpg\",\"contentUrl\":\"https:\\\/\\\/www.mexicanguitarplayers.com\\\/wp-content\\\/uploads\\\/2025\\\/04\\\/VAGATGUEVA2314.jpg\",\"width\":1200,\"height\":1200},{\"@type\":\"BreadcrumbList\",\"@id\":\"https:\\\/\\\/www.mexicanguitarplayers.com\\\/tienda\\\/sin categor\u00eda\\\/estuche-gator-p-controlador-gu-eva-2314-3\\\/#breadcrumb\",\"itemListElement\":[{\"@type\":\"ListItem\",\"position\":1,\"name\":\"Portada\",\"item\":\"https:\\\/\\\/www.mexicanguitarplayers.com\\\/\"},{\"@type\":\"ListItem\",\"position\":2,\"name\":\"Tienda\",\"item\":\"https:\\\/\\\/www.mexicanguitarplayers.com\\\/tienda\\\/\"},{\"@type\":\"ListItem\",\"position\":3,\"name\":\"ESTUCHE GATOR P\\\/CONTROLADOR GU-EVA-2314-3\"}]},{\"@type\":\"WebSite\",\"@id\":\"https:\\\/\\\/www.mexicanguitarplayers.com\\\/#website\",\"url\":\"https:\\\/\\\/www.mexicanguitarplayers.com\\\/\",\"name\":\"Mexican Guitar Players\",\"description\":\"Website\",\"publisher\":{\"@id\":\"https:\\\/\\\/www.mexicanguitarplayers.com\\\/#organization\"},\"potentialAction\":[{\"@type\":\"SearchAction\",\"target\":{\"@type\":\"EntryPoint\",\"urlTemplate\":\"https:\\\/\\\/www.mexicanguitarplayers.com\\\/?s={search_term_string}\"},\"query-input\":{\"@type\":\"PropertyValueSpecification\",\"valueRequired\":true,\"valueName\":\"search_term_string\"}}],\"inLanguage\":\"en-US\"},{\"@type\":\"Organization\",\"@id\":\"https:\\\/\\\/www.mexicanguitarplayers.com\\\/#organization\",\"name\":\"Mexican Guitar Players\",\"url\":\"https:\\\/\\\/www.mexicanguitarplayers.com\\\/\",\"logo\":{\"@type\":\"ImageObject\",\"inLanguage\":\"en-US\",\"@id\":\"https:\\\/\\\/www.mexicanguitarplayers.com\\\/#\\\/schema\\\/logo\\\/image\\\/\",\"url\":\"\",\"contentUrl\":\"\",\"caption\":\"Mexican Guitar Players\"},\"image\":{\"@id\":\"https:\\\/\\\/www.mexicanguitarplayers.com\\\/#\\\/schema\\\/logo\\\/image\\\/\"}}]}<\/script>\n<!-- \/ Yoast SEO plugin. -->","yoast_head_json":{"title":"ESTUCHE GATOR P\/CONTROLADOR GU-EVA-2314-3 - Mexican Guitar Players","description":"Estuche mediano para controlador de DJ, 23\u201d x 14\u201d x 3\u201d pulgadas, se ajusta a los controladores Pioneer DDJ-SR, DDJ-SB2 y Numark NV, construcci\u00f3n ligera con capa exterior de EVA reforzada, interior forrado con acolchado de espuma enrollada, correa de hombro acolchada ajustable y extra\u00edble, asa de transporte de nylon reforzado, insignia con el nombre del modelo y el logotipo de Gator en color gris recubierto de goma, longitud interior: 23.3\u201d pulgadas (591.82 mm), ancho interior: 14\u201d pulgadas (355.6 mm), altura interior: 3.5\u201d pulgadas (88.9 mm), longitud exterior: 24\u201d pulgadas (609.6 mm), ancho exterior: 14.75\u201d pulgadas (374.65 mm), altura exterior: 5.25\u201d pulgadas (133.35 mm), peso: 1.4 kg.","robots":{"index":"index","follow":"follow","max-snippet":"max-snippet:-1","max-image-preview":"max-image-preview:large","max-video-preview":"max-video-preview:-1"},"canonical":"https:\/\/www.mexicanguitarplayers.com\/en\/tienda\/sin categor\u00eda\/estuche-gator-p-controlador-gu-eva-2314-3\/","og_locale":"en_US","og_type":"article","og_title":"ESTUCHE GATOR P\/CONTROLADOR GU-EVA-2314-3 - Mexican Guitar Players","og_description":"Estuche mediano para controlador de DJ, 23\u201d x 14\u201d x 3\u201d pulgadas, se ajusta a los controladores Pioneer DDJ-SR, DDJ-SB2 y Numark NV, construcci\u00f3n ligera con capa exterior de EVA reforzada, interior forrado con acolchado de espuma enrollada, correa de hombro acolchada ajustable y extra\u00edble, asa de transporte de nylon reforzado, insignia con el nombre del modelo y el logotipo de Gator en color gris recubierto de goma, longitud interior: 23.3\u201d pulgadas (591.82 mm), ancho interior: 14\u201d pulgadas (355.6 mm), altura interior: 3.5\u201d pulgadas (88.9 mm), longitud exterior: 24\u201d pulgadas (609.6 mm), ancho exterior: 14.75\u201d pulgadas (374.65 mm), altura exterior: 5.25\u201d pulgadas (133.35 mm), peso: 1.4 kg.","og_url":"https:\/\/www.mexicanguitarplayers.com\/en\/tienda\/sin categor\u00eda\/estuche-gator-p-controlador-gu-eva-2314-3\/","og_site_name":"Mexican Guitar Players","article_modified_time":"2026-05-01T13:17:18+00:00","twitter_card":"summary_large_image","twitter_misc":{"Est. reading time":"2 minutes"},"schema":{"@context":"https:\/\/schema.org","@graph":[{"@type":["WebPage","ItemPage"],"@id":"https:\/\/www.mexicanguitarplayers.com\/tienda\/sin categor\u00eda\/estuche-gator-p-controlador-gu-eva-2314-3\/","url":"https:\/\/www.mexicanguitarplayers.com\/tienda\/sin categor\u00eda\/estuche-gator-p-controlador-gu-eva-2314-3\/","name":"ESTUCHE GATOR P\/CONTROLADOR GU-EVA-2314-3 - Mexican Guitar Players","isPartOf":{"@id":"https:\/\/www.mexicanguitarplayers.com\/#website"},"primaryImageOfPage":{"@id":"https:\/\/www.mexicanguitarplayers.com\/tienda\/sin categor\u00eda\/estuche-gator-p-controlador-gu-eva-2314-3\/#primaryimage"},"image":{"@id":"https:\/\/www.mexicanguitarplayers.com\/tienda\/sin categor\u00eda\/estuche-gator-p-controlador-gu-eva-2314-3\/#primaryimage"},"thumbnailUrl":"https:\/\/www.mexicanguitarplayers.com\/wp-content\/uploads\/2025\/04\/VAGATGUEVA2314.jpg","datePublished":"2025-04-09T13:16:04+00:00","dateModified":"2026-05-01T13:17:18+00:00","description":"Estuche mediano para controlador de DJ, 23\u201d x 14\u201d x 3\u201d pulgadas, se ajusta a los controladores Pioneer DDJ-SR, DDJ-SB2 y Numark NV, construcci\u00f3n ligera con capa exterior de EVA reforzada, interior forrado con acolchado de espuma enrollada, correa de hombro acolchada ajustable y extra\u00edble, asa de transporte de nylon reforzado, insignia con el nombre del modelo y el logotipo de Gator en color gris recubierto de goma, longitud interior: 23.3\u201d pulgadas (591.82 mm), ancho interior: 14\u201d pulgadas (355.6 mm), altura interior: 3.5\u201d pulgadas (88.9 mm), longitud exterior: 24\u201d pulgadas (609.6 mm), ancho exterior: 14.75\u201d pulgadas (374.65 mm), altura exterior: 5.25\u201d pulgadas (133.35 mm), peso: 1.4 kg.","breadcrumb":{"@id":"https:\/\/www.mexicanguitarplayers.com\/tienda\/sin categor\u00eda\/estuche-gator-p-controlador-gu-eva-2314-3\/#breadcrumb"},"inLanguage":"en-US","potentialAction":[{"@type":"ReadAction","target":["https:\/\/www.mexicanguitarplayers.com\/tienda\/sin categor\u00eda\/estuche-gator-p-controlador-gu-eva-2314-3\/"]}]},{"@type":"ImageObject","inLanguage":"en-US","@id":"https:\/\/www.mexicanguitarplayers.com\/tienda\/sin categor\u00eda\/estuche-gator-p-controlador-gu-eva-2314-3\/#primaryimage","url":"https:\/\/www.mexicanguitarplayers.com\/wp-content\/uploads\/2025\/04\/VAGATGUEVA2314.jpg","contentUrl":"https:\/\/www.mexicanguitarplayers.com\/wp-content\/uploads\/2025\/04\/VAGATGUEVA2314.jpg","width":1200,"height":1200},{"@type":"BreadcrumbList","@id":"https:\/\/www.mexicanguitarplayers.com\/tienda\/sin categor\u00eda\/estuche-gator-p-controlador-gu-eva-2314-3\/#breadcrumb","itemListElement":[{"@type":"ListItem","position":1,"name":"Portada","item":"https:\/\/www.mexicanguitarplayers.com\/"},{"@type":"ListItem","position":2,"name":"Tienda","item":"https:\/\/www.mexicanguitarplayers.com\/tienda\/"},{"@type":"ListItem","position":3,"name":"ESTUCHE GATOR P\/CONTROLADOR GU-EVA-2314-3"}]},{"@type":"WebSite","@id":"https:\/\/www.mexicanguitarplayers.com\/#website","url":"https:\/\/www.mexicanguitarplayers.com\/","name":"Mexican Guitar Players","description":"Website","publisher":{"@id":"https:\/\/www.mexicanguitarplayers.com\/#organization"},"potentialAction":[{"@type":"SearchAction","target":{"@type":"EntryPoint","urlTemplate":"https:\/\/www.mexicanguitarplayers.com\/?s={search_term_string}"},"query-input":{"@type":"PropertyValueSpecification","valueRequired":true,"valueName":"search_term_string"}}],"inLanguage":"en-US"},{"@type":"Organization","@id":"https:\/\/www.mexicanguitarplayers.com\/#organization","name":"Mexican Guitar Players","url":"https:\/\/www.mexicanguitarplayers.com\/","logo":{"@type":"ImageObject","inLanguage":"en-US","@id":"https:\/\/www.mexicanguitarplayers.com\/#\/schema\/logo\/image\/","url":"","contentUrl":"","caption":"Mexican Guitar Players"},"image":{"@id":"https:\/\/www.mexicanguitarplayers.com\/#\/schema\/logo\/image\/"}}]}},"brands":[{"id":572,"name":"GATOR","slug":"gator"}],"_links":{"self":[{"href":"https:\/\/www.mexicanguitarplayers.com\/en\/wp-json\/wp\/v2\/product\/40821","targetHints":{"allow":["GET"]}}],"collection":[{"href":"https:\/\/www.mexicanguitarplayers.com\/en\/wp-json\/wp\/v2\/product"}],"about":[{"href":"https:\/\/www.mexicanguitarplayers.com\/en\/wp-json\/wp\/v2\/types\/product"}],"replies":[{"embeddable":true,"href":"https:\/\/www.mexicanguitarplayers.com\/en\/wp-json\/wp\/v2\/comments?post=40821"}],"wp:featuredmedia":[{"embeddable":true,"href":"https:\/\/www.mexicanguitarplayers.com\/en\/wp-json\/wp\/v2\/media\/40813"}],"wp:attachment":[{"href":"https:\/\/www.mexicanguitarplayers.com\/en\/wp-json\/wp\/v2\/media?parent=40821"}],"wp:term":[{"taxonomy":"pwb-brand","embeddable":true,"href":"https:\/\/www.mexicanguitarplayers.com\/en\/wp-json\/wp\/v2\/pwb-brand?post=40821"},{"taxonomy":"product_brand","embeddable":true,"href":"https:\/\/www.mexicanguitarplayers.com\/en\/wp-json\/wp\/v2\/product_brand?post=40821"},{"taxonomy":"product_cat","embeddable":true,"href":"https:\/\/www.mexicanguitarplayers.com\/en\/wp-json\/wp\/v2\/product_cat?post=40821"},{"taxonomy":"product_tag","embeddable":true,"href":"https:\/\/www.mexicanguitarplayers.com\/en\/wp-json\/wp\/v2\/product_tag?post=40821"}],"curies":[{"name":"wp","href":"https:\/\/api.w.org\/{rel}","templated":true}]}}