{"id":40827,"date":"2025-04-09T07:16:13","date_gmt":"2025-04-09T13:16:13","guid":{"rendered":"https:\/\/www.mexicanguitarplayers.com\/tienda\/sin categor\u00eda\/pastillas-sd-juego-hb-psyclone-vintage-n\/"},"modified":"2026-01-01T07:39:08","modified_gmt":"2026-01-01T13:39:08","slug":"pastillas-sd-juego-hb-psyclone-vintage-n","status":"publish","type":"product","link":"https:\/\/www.mexicanguitarplayers.com\/en\/tienda\/accesorios\/para-guitarras\/pastillas-para-guitarra-electrica\/pastillas-sd-juego-hb-psyclone-vintage-n\/","title":{"rendered":"PASTILLAS SD JUEGO HB PSYCLONE VINTAGE N"},"content":{"rendered":"<div style=\"text-align: justify\">\n<div>\n<h3>Recreando el sonido distintivo de las pastillas Filter&#8217;Tron originales.<\/h3>\n<\/div>\n<div>Las pastillas Seymour Duncan Psyclone Vintage recrean el sonido distintivo de las pastillas Filter&#8217;Tron originales de los a\u00f1os 50 y 60. Debido al espaciado de polos m\u00e1s estrecho, bajo DCR y fuerte magnetismo, el tono cae en alg\u00fan lugar entre un humbucker estilo PAF y un single-coil: c\u00e1lido, claro, \u00e1gil y dulce, lo que lo convierte en el complemento perfecto para el country, el jazz y el rock cl\u00e1sico. La pastilla del brazo est\u00e1 dise\u00f1ada para recrear a la perfecci\u00f3n la especificaci\u00f3n original de la pastilla Filter&#8217;Tron de los a\u00f1os 50, mientras que la pastilla del puente est\u00e1 calibrada con un viento ligeramente m\u00e1s caliente para equilibrar los niveles de salida y crear un tono m\u00e1s completo. Dise\u00f1ado originalmente en nuestra Custom Shop, tuvimos especial cuidado al  buscar materiales para asegurarnos de que el aspecto y el ajuste de las pastillas sean perfectos, ya sea que est\u00e9s restaurando una guitarra antigua o coloc\u00e1ndolas en un cl\u00e1sico moderno. Las pastillas Psyclone Vintage son reemplazos directos para cualquier guitarra encaminada para pastillas estilo Filter&#8217;Tron e incluyen el hardware correcto para las opciones de montaje directo o de anillo de pastilla. Las pastillas Psyclone cancelan el zumbido y utilizan un cable de un s\u00f3lo conductor. Cada pastilla Psyclone est\u00e1 hecha a mano en Santa B\u00e1rbara, California.<\/div>\n<div>\n<h4>Quick look<\/h4>\n<\/div>\n<ul style=\"margin: 0px 0px 0px 25px\">\n<li style=\"list-style-type: circle;margin: 5px\">Modelo.<\/li>\n<li style=\"list-style-type: circle;margin: 5px\">Posici\u00f3n.<\/li>\n<li style=\"list-style-type: circle;margin: 5px\">Espaciado.<\/li>\n<li style=\"list-style-type: circle;margin: 5px\">Alambrado.<\/li>\n<li style=\"list-style-type: circle;margin: 5px\">Im\u00e1n.<\/li>\n<li style=\"list-style-type: circle;margin: 5px\">Resistencia.<\/li>\n<\/ul>\n<div>\n<div style=\"font-weight: bold\">Modelo.<\/div>\n<div>\n<p>Psyclone Vintage.<\/p>\n<\/div>\n<div style=\"font-weight: bold\">Posici\u00f3n.<\/div>\n<div>\n<p>Set para brazo y puente.<\/p>\n<\/div>\n<div style=\"font-weight: bold\">Espaciado.<\/div>\n<div>\n<p>Est\u00e1ndar.<\/p>\n<\/div>\n<div style=\"font-weight: bold\">Alambrado.<\/div>\n<div>\n<p>Un conductor, blindado.<\/p>\n<\/div>\n<div style=\"font-weight: bold\">Im\u00e1n.<\/div>\n<div>\n<p>Alnico 5.<\/p>\n<\/div>\n<div style=\"font-weight: bold\">Resistencia.<\/div>\n<div>\n<p>Brazo: 5.32 kilo-ohms. Puente: 5.32 kilo-ohms.<\/p>\n<\/div>\n<\/div>\n<\/div>","protected":false},"excerpt":{"rendered":"<p>Set de pastillas pasivas para guitarra de 6 cuerdas, modelo: HB Psyclone Vintage, posici\u00f3n: puente y brazo, im\u00e1n: alnico 5, cableado: un conductor, blindado, espaciado est\u00e1ndar, resistencia brazo: 5.32 kilo-ohms, resistencia puente: 5.32 kilo-ohms, cubierta color n\u00edquel, suave, articulado y \u00e1gil, ya sea que est\u00e9s tocando country o utilizando stacks de amplificadores, el sonido de las pastillas de estilo Filter&#8217;Tron sigue siendo una opci\u00f3n cl\u00e1sica y distintiva.&hellip; <a class=\"kt-excerpt-readmore more-link\" href=\"https:\/\/www.mexicanguitarplayers.com\/en\/tienda\/accesorios\/para-guitarras\/pastillas-para-guitarra-electrica\/pastillas-sd-juego-hb-psyclone-vintage-n\/\">Read more<\/a><\/p>","protected":false},"featured_media":40822,"comment_status":"open","ping_status":"closed","template":"","meta":{"kt_blocks_editor_width":""},"pwb-brand":[502],"product_brand":[],"product_cat":[85,336,353],"product_tag":[],"class_list":{"0":"post-40827","1":"product","2":"type-product","3":"status-publish","4":"has-post-thumbnail","6":"pwb-brand-seymour-duncan","7":"product_cat-accesorios","8":"product_cat-para-guitarras","9":"product_cat-pastillas-para-guitarra-electrica","10":"product_shipping_class-0-5-kg","12":"first","13":"outofstock","14":"taxable","15":"shipping-taxable","16":"purchasable","17":"product-type-simple"},"yoast_head":"<!-- This site is optimized with the Yoast SEO plugin v27.3 - https:\/\/yoast.com\/product\/yoast-seo-wordpress\/ -->\n<title>PASTILLAS SD JUEGO HB PSYCLONE VINTAGE N - Mexican Guitar Players<\/title>\n<meta name=\"description\" content=\"Set de pastillas pasivas para guitarra de 6 cuerdas, modelo: HB Psyclone Vintage, posici\u00f3n: puente y brazo, im\u00e1n: alnico 5, cableado: un conductor, blindado, espaciado est\u00e1ndar, resistencia brazo: 5.32 kilo-ohms, resistencia puente: 5.32 kilo-ohms, cubierta color n\u00edquel, suave, articulado y \u00e1gil, ya sea que est\u00e9s tocando country o utilizando stacks de amplificadores, el sonido de las pastillas de estilo Filter&#039;Tron sigue siendo una opci\u00f3n cl\u00e1sica y distintiva.\" \/>\n<meta name=\"robots\" content=\"index, follow, max-snippet:-1, max-image-preview:large, max-video-preview:-1\" \/>\n<link rel=\"canonical\" href=\"https:\/\/www.mexicanguitarplayers.com\/en\/tienda\/sin%20categor\u00eda\/pastillas-sd-juego-hb-psyclone-vintage-n\/\" \/>\n<meta property=\"og:locale\" content=\"en_US\" \/>\n<meta property=\"og:type\" content=\"article\" \/>\n<meta property=\"og:title\" content=\"PASTILLAS SD JUEGO HB PSYCLONE VINTAGE N - Mexican Guitar Players\" \/>\n<meta property=\"og:description\" content=\"Set de pastillas pasivas para guitarra de 6 cuerdas, modelo: HB Psyclone Vintage, posici\u00f3n: puente y brazo, im\u00e1n: alnico 5, cableado: un conductor, blindado, espaciado est\u00e1ndar, resistencia brazo: 5.32 kilo-ohms, resistencia puente: 5.32 kilo-ohms, cubierta color n\u00edquel, suave, articulado y \u00e1gil, ya sea que est\u00e9s tocando country o utilizando stacks de amplificadores, el sonido de las pastillas de estilo Filter&#039;Tron sigue siendo una opci\u00f3n cl\u00e1sica y distintiva.\" \/>\n<meta property=\"og:url\" content=\"https:\/\/www.mexicanguitarplayers.com\/en\/tienda\/sin categor\u00eda\/pastillas-sd-juego-hb-psyclone-vintage-n\/\" \/>\n<meta property=\"og:site_name\" content=\"Mexican Guitar Players\" \/>\n<meta property=\"article:modified_time\" content=\"2026-01-01T13:39:08+00:00\" \/>\n<meta name=\"twitter:card\" content=\"summary_large_image\" \/>\n<meta name=\"twitter:label1\" content=\"Est. reading time\" \/>\n\t<meta name=\"twitter:data1\" content=\"1 minute\" \/>\n<script type=\"application\/ld+json\" class=\"yoast-schema-graph\">{\"@context\":\"https:\\\/\\\/schema.org\",\"@graph\":[{\"@type\":[\"WebPage\",\"ItemPage\"],\"@id\":\"https:\\\/\\\/www.mexicanguitarplayers.com\\\/tienda\\\/sin categor\u00eda\\\/pastillas-sd-juego-hb-psyclone-vintage-n\\\/\",\"url\":\"https:\\\/\\\/www.mexicanguitarplayers.com\\\/tienda\\\/sin categor\u00eda\\\/pastillas-sd-juego-hb-psyclone-vintage-n\\\/\",\"name\":\"PASTILLAS SD JUEGO HB PSYCLONE VINTAGE N - Mexican Guitar Players\",\"isPartOf\":{\"@id\":\"https:\\\/\\\/www.mexicanguitarplayers.com\\\/#website\"},\"primaryImageOfPage\":{\"@id\":\"https:\\\/\\\/www.mexicanguitarplayers.com\\\/tienda\\\/sin categor\u00eda\\\/pastillas-sd-juego-hb-psyclone-vintage-n\\\/#primaryimage\"},\"image\":{\"@id\":\"https:\\\/\\\/www.mexicanguitarplayers.com\\\/tienda\\\/sin categor\u00eda\\\/pastillas-sd-juego-hb-psyclone-vintage-n\\\/#primaryimage\"},\"thumbnailUrl\":\"https:\\\/\\\/www.mexicanguitarplayers.com\\\/wp-content\\\/uploads\\\/2025\\\/04\\\/RASEOPSYVINSET.jpg\",\"datePublished\":\"2025-04-09T13:16:13+00:00\",\"dateModified\":\"2026-01-01T13:39:08+00:00\",\"description\":\"Set de pastillas pasivas para guitarra de 6 cuerdas, modelo: HB Psyclone Vintage, posici\u00f3n: puente y brazo, im\u00e1n: alnico 5, cableado: un conductor, blindado, espaciado est\u00e1ndar, resistencia brazo: 5.32 kilo-ohms, resistencia puente: 5.32 kilo-ohms, cubierta color n\u00edquel, suave, articulado y \u00e1gil, ya sea que est\u00e9s tocando country o utilizando stacks de amplificadores, el sonido de las pastillas de estilo Filter'Tron sigue siendo una opci\u00f3n cl\u00e1sica y distintiva.\",\"breadcrumb\":{\"@id\":\"https:\\\/\\\/www.mexicanguitarplayers.com\\\/tienda\\\/sin categor\u00eda\\\/pastillas-sd-juego-hb-psyclone-vintage-n\\\/#breadcrumb\"},\"inLanguage\":\"en-US\",\"potentialAction\":[{\"@type\":\"ReadAction\",\"target\":[\"https:\\\/\\\/www.mexicanguitarplayers.com\\\/tienda\\\/sin categor\u00eda\\\/pastillas-sd-juego-hb-psyclone-vintage-n\\\/\"]}]},{\"@type\":\"ImageObject\",\"inLanguage\":\"en-US\",\"@id\":\"https:\\\/\\\/www.mexicanguitarplayers.com\\\/tienda\\\/sin categor\u00eda\\\/pastillas-sd-juego-hb-psyclone-vintage-n\\\/#primaryimage\",\"url\":\"https:\\\/\\\/www.mexicanguitarplayers.com\\\/wp-content\\\/uploads\\\/2025\\\/04\\\/RASEOPSYVINSET.jpg\",\"contentUrl\":\"https:\\\/\\\/www.mexicanguitarplayers.com\\\/wp-content\\\/uploads\\\/2025\\\/04\\\/RASEOPSYVINSET.jpg\",\"width\":1200,\"height\":1200},{\"@type\":\"BreadcrumbList\",\"@id\":\"https:\\\/\\\/www.mexicanguitarplayers.com\\\/tienda\\\/sin categor\u00eda\\\/pastillas-sd-juego-hb-psyclone-vintage-n\\\/#breadcrumb\",\"itemListElement\":[{\"@type\":\"ListItem\",\"position\":1,\"name\":\"Portada\",\"item\":\"https:\\\/\\\/www.mexicanguitarplayers.com\\\/\"},{\"@type\":\"ListItem\",\"position\":2,\"name\":\"Tienda\",\"item\":\"https:\\\/\\\/www.mexicanguitarplayers.com\\\/tienda\\\/\"},{\"@type\":\"ListItem\",\"position\":3,\"name\":\"PASTILLAS SD JUEGO HB PSYCLONE VINTAGE N\"}]},{\"@type\":\"WebSite\",\"@id\":\"https:\\\/\\\/www.mexicanguitarplayers.com\\\/#website\",\"url\":\"https:\\\/\\\/www.mexicanguitarplayers.com\\\/\",\"name\":\"Mexican Guitar Players\",\"description\":\"Website\",\"publisher\":{\"@id\":\"https:\\\/\\\/www.mexicanguitarplayers.com\\\/#organization\"},\"potentialAction\":[{\"@type\":\"SearchAction\",\"target\":{\"@type\":\"EntryPoint\",\"urlTemplate\":\"https:\\\/\\\/www.mexicanguitarplayers.com\\\/?s={search_term_string}\"},\"query-input\":{\"@type\":\"PropertyValueSpecification\",\"valueRequired\":true,\"valueName\":\"search_term_string\"}}],\"inLanguage\":\"en-US\"},{\"@type\":\"Organization\",\"@id\":\"https:\\\/\\\/www.mexicanguitarplayers.com\\\/#organization\",\"name\":\"Mexican Guitar Players\",\"url\":\"https:\\\/\\\/www.mexicanguitarplayers.com\\\/\",\"logo\":{\"@type\":\"ImageObject\",\"inLanguage\":\"en-US\",\"@id\":\"https:\\\/\\\/www.mexicanguitarplayers.com\\\/#\\\/schema\\\/logo\\\/image\\\/\",\"url\":\"\",\"contentUrl\":\"\",\"caption\":\"Mexican Guitar Players\"},\"image\":{\"@id\":\"https:\\\/\\\/www.mexicanguitarplayers.com\\\/#\\\/schema\\\/logo\\\/image\\\/\"}}]}<\/script>\n<!-- \/ Yoast SEO plugin. -->","yoast_head_json":{"title":"PASTILLAS SD JUEGO HB PSYCLONE VINTAGE N - Mexican Guitar Players","description":"Set de pastillas pasivas para guitarra de 6 cuerdas, modelo: HB Psyclone Vintage, posici\u00f3n: puente y brazo, im\u00e1n: alnico 5, cableado: un conductor, blindado, espaciado est\u00e1ndar, resistencia brazo: 5.32 kilo-ohms, resistencia puente: 5.32 kilo-ohms, cubierta color n\u00edquel, suave, articulado y \u00e1gil, ya sea que est\u00e9s tocando country o utilizando stacks de amplificadores, el sonido de las pastillas de estilo Filter'Tron sigue siendo una opci\u00f3n cl\u00e1sica y distintiva.","robots":{"index":"index","follow":"follow","max-snippet":"max-snippet:-1","max-image-preview":"max-image-preview:large","max-video-preview":"max-video-preview:-1"},"canonical":"https:\/\/www.mexicanguitarplayers.com\/en\/tienda\/sin categor\u00eda\/pastillas-sd-juego-hb-psyclone-vintage-n\/","og_locale":"en_US","og_type":"article","og_title":"PASTILLAS SD JUEGO HB PSYCLONE VINTAGE N - Mexican Guitar Players","og_description":"Set de pastillas pasivas para guitarra de 6 cuerdas, modelo: HB Psyclone Vintage, posici\u00f3n: puente y brazo, im\u00e1n: alnico 5, cableado: un conductor, blindado, espaciado est\u00e1ndar, resistencia brazo: 5.32 kilo-ohms, resistencia puente: 5.32 kilo-ohms, cubierta color n\u00edquel, suave, articulado y \u00e1gil, ya sea que est\u00e9s tocando country o utilizando stacks de amplificadores, el sonido de las pastillas de estilo Filter'Tron sigue siendo una opci\u00f3n cl\u00e1sica y distintiva.","og_url":"https:\/\/www.mexicanguitarplayers.com\/en\/tienda\/sin categor\u00eda\/pastillas-sd-juego-hb-psyclone-vintage-n\/","og_site_name":"Mexican Guitar Players","article_modified_time":"2026-01-01T13:39:08+00:00","twitter_card":"summary_large_image","twitter_misc":{"Est. reading time":"1 minute"},"schema":{"@context":"https:\/\/schema.org","@graph":[{"@type":["WebPage","ItemPage"],"@id":"https:\/\/www.mexicanguitarplayers.com\/tienda\/sin categor\u00eda\/pastillas-sd-juego-hb-psyclone-vintage-n\/","url":"https:\/\/www.mexicanguitarplayers.com\/tienda\/sin categor\u00eda\/pastillas-sd-juego-hb-psyclone-vintage-n\/","name":"PASTILLAS SD JUEGO HB PSYCLONE VINTAGE N - Mexican Guitar Players","isPartOf":{"@id":"https:\/\/www.mexicanguitarplayers.com\/#website"},"primaryImageOfPage":{"@id":"https:\/\/www.mexicanguitarplayers.com\/tienda\/sin categor\u00eda\/pastillas-sd-juego-hb-psyclone-vintage-n\/#primaryimage"},"image":{"@id":"https:\/\/www.mexicanguitarplayers.com\/tienda\/sin categor\u00eda\/pastillas-sd-juego-hb-psyclone-vintage-n\/#primaryimage"},"thumbnailUrl":"https:\/\/www.mexicanguitarplayers.com\/wp-content\/uploads\/2025\/04\/RASEOPSYVINSET.jpg","datePublished":"2025-04-09T13:16:13+00:00","dateModified":"2026-01-01T13:39:08+00:00","description":"Set de pastillas pasivas para guitarra de 6 cuerdas, modelo: HB Psyclone Vintage, posici\u00f3n: puente y brazo, im\u00e1n: alnico 5, cableado: un conductor, blindado, espaciado est\u00e1ndar, resistencia brazo: 5.32 kilo-ohms, resistencia puente: 5.32 kilo-ohms, cubierta color n\u00edquel, suave, articulado y \u00e1gil, ya sea que est\u00e9s tocando country o utilizando stacks de amplificadores, el sonido de las pastillas de estilo Filter'Tron sigue siendo una opci\u00f3n cl\u00e1sica y distintiva.","breadcrumb":{"@id":"https:\/\/www.mexicanguitarplayers.com\/tienda\/sin categor\u00eda\/pastillas-sd-juego-hb-psyclone-vintage-n\/#breadcrumb"},"inLanguage":"en-US","potentialAction":[{"@type":"ReadAction","target":["https:\/\/www.mexicanguitarplayers.com\/tienda\/sin categor\u00eda\/pastillas-sd-juego-hb-psyclone-vintage-n\/"]}]},{"@type":"ImageObject","inLanguage":"en-US","@id":"https:\/\/www.mexicanguitarplayers.com\/tienda\/sin categor\u00eda\/pastillas-sd-juego-hb-psyclone-vintage-n\/#primaryimage","url":"https:\/\/www.mexicanguitarplayers.com\/wp-content\/uploads\/2025\/04\/RASEOPSYVINSET.jpg","contentUrl":"https:\/\/www.mexicanguitarplayers.com\/wp-content\/uploads\/2025\/04\/RASEOPSYVINSET.jpg","width":1200,"height":1200},{"@type":"BreadcrumbList","@id":"https:\/\/www.mexicanguitarplayers.com\/tienda\/sin categor\u00eda\/pastillas-sd-juego-hb-psyclone-vintage-n\/#breadcrumb","itemListElement":[{"@type":"ListItem","position":1,"name":"Portada","item":"https:\/\/www.mexicanguitarplayers.com\/"},{"@type":"ListItem","position":2,"name":"Tienda","item":"https:\/\/www.mexicanguitarplayers.com\/tienda\/"},{"@type":"ListItem","position":3,"name":"PASTILLAS SD JUEGO HB PSYCLONE VINTAGE N"}]},{"@type":"WebSite","@id":"https:\/\/www.mexicanguitarplayers.com\/#website","url":"https:\/\/www.mexicanguitarplayers.com\/","name":"Mexican Guitar Players","description":"Website","publisher":{"@id":"https:\/\/www.mexicanguitarplayers.com\/#organization"},"potentialAction":[{"@type":"SearchAction","target":{"@type":"EntryPoint","urlTemplate":"https:\/\/www.mexicanguitarplayers.com\/?s={search_term_string}"},"query-input":{"@type":"PropertyValueSpecification","valueRequired":true,"valueName":"search_term_string"}}],"inLanguage":"en-US"},{"@type":"Organization","@id":"https:\/\/www.mexicanguitarplayers.com\/#organization","name":"Mexican Guitar Players","url":"https:\/\/www.mexicanguitarplayers.com\/","logo":{"@type":"ImageObject","inLanguage":"en-US","@id":"https:\/\/www.mexicanguitarplayers.com\/#\/schema\/logo\/image\/","url":"","contentUrl":"","caption":"Mexican Guitar Players"},"image":{"@id":"https:\/\/www.mexicanguitarplayers.com\/#\/schema\/logo\/image\/"}}]}},"brands":[{"id":502,"name":"SEYMOUR DUNCAN","slug":"seymour-duncan"}],"_links":{"self":[{"href":"https:\/\/www.mexicanguitarplayers.com\/en\/wp-json\/wp\/v2\/product\/40827","targetHints":{"allow":["GET"]}}],"collection":[{"href":"https:\/\/www.mexicanguitarplayers.com\/en\/wp-json\/wp\/v2\/product"}],"about":[{"href":"https:\/\/www.mexicanguitarplayers.com\/en\/wp-json\/wp\/v2\/types\/product"}],"replies":[{"embeddable":true,"href":"https:\/\/www.mexicanguitarplayers.com\/en\/wp-json\/wp\/v2\/comments?post=40827"}],"wp:featuredmedia":[{"embeddable":true,"href":"https:\/\/www.mexicanguitarplayers.com\/en\/wp-json\/wp\/v2\/media\/40822"}],"wp:attachment":[{"href":"https:\/\/www.mexicanguitarplayers.com\/en\/wp-json\/wp\/v2\/media?parent=40827"}],"wp:term":[{"taxonomy":"pwb-brand","embeddable":true,"href":"https:\/\/www.mexicanguitarplayers.com\/en\/wp-json\/wp\/v2\/pwb-brand?post=40827"},{"taxonomy":"product_brand","embeddable":true,"href":"https:\/\/www.mexicanguitarplayers.com\/en\/wp-json\/wp\/v2\/product_brand?post=40827"},{"taxonomy":"product_cat","embeddable":true,"href":"https:\/\/www.mexicanguitarplayers.com\/en\/wp-json\/wp\/v2\/product_cat?post=40827"},{"taxonomy":"product_tag","embeddable":true,"href":"https:\/\/www.mexicanguitarplayers.com\/en\/wp-json\/wp\/v2\/product_tag?post=40827"}],"curies":[{"name":"wp","href":"https:\/\/api.w.org\/{rel}","templated":true}]}}