{"id":40846,"date":"2025-04-09T07:17:31","date_gmt":"2025-04-09T13:17:31","guid":{"rendered":"https:\/\/www.mexicanguitarplayers.com\/tienda\/sin categor\u00eda\/guitarra-schecter-elect-pt-standard\/"},"modified":"2026-04-10T04:19:16","modified_gmt":"2026-04-10T10:19:16","slug":"guitarra-schecter-elect-pt-standard","status":"publish","type":"product","link":"https:\/\/www.mexicanguitarplayers.com\/en\/tienda\/cuerdas\/guitarras-cuerdas\/electricas\/guitarras-electricas-solidas\/guitarra-schecter-elect-pt-standard\/","title":{"rendered":"GUITARRA SCHECTER ELECT. PT STANDARD"},"content":{"rendered":"<div style=\"text-align: justify\">\n<div>\n<h3>Schecter Diamond Standard, Estilo Excepcional y Sonido Potente en Cada Nota<\/h3>\n<\/div>\n<div>Schecter Diamond Standard, guitarra el\u00e9ctrica de alto rendimiento, dise\u00f1ada para ofrecer tanto estilo como versatilidad. Su cuerpo de caoba con una tapa de figured burl le da un aspecto elegante y moderno. El m\u00e1stil de arce tostado con perfil Thin &#8220;C&#8221; y un diapas\u00f3n de palisandro de 14&#8243; de radio proporciona una excelente comodidad y facilidad de ejecuci\u00f3n, ideal para guitarristas de cualquier estilo. Con una longitud de escala de 25.5&#8243; y 22 trastes jumbo, esta guitarra ofrece una acci\u00f3n suave y r\u00e1pida. La cejuela de grafito de 42 mm de ancho asegura estabilidad en la afinaci\u00f3n, y el ajuste del truss rod permite un control preciso sobre el m\u00e1stil. La Schecter Diamond Standard est\u00e1 equipada con dos pastillas Schecter Diamond Standard con cobertura met\u00e1lica negra, que brindan un sonido potente y vers\u00e1til. Los controles incluyen un volumen maestro, un tono maestro y un interruptor de 3 posiciones, lo que permite una amplia gama de opciones tonales. El puente Schecter Diamond Hardtail garantiza una afinaci\u00f3n estable y un sustain excelente, mientras que los botones met\u00e1licos dome aportan un toque de sofisticaci\u00f3n al dise\u00f1o. Para esta guitarra es ideal el estuche r\u00edgido Schecter 1622 SGR-Universal (se vende por separado) para proteger el instrumento cuando no est\u00e1 en uso.<\/div>\n<div>\n<h4>Quick look<\/h4>\n<\/div>\n<ul style=\"margin: 0px 0px 0px 25px\">\n<li style=\"list-style-type: circle;margin: 5px\">Ajuste del truss rod<\/li>\n<li style=\"list-style-type: circle;margin: 5px\">Estuche<\/li>\n<li style=\"list-style-type: circle;margin: 5px\">Controls<\/li>\n<\/ul>\n<div>\n<div style=\"font-weight: bold\">Ajuste del truss rod<\/div>\n<div>\n<p>2 v\u00edas con tuerca Allen de 5\/32&#8243; (4 mm)<\/p>\n<\/div>\n<div style=\"font-weight: bold\">Estuche<\/div>\n<div>\n<p>1622 SGR-Universal Guitar Hardcase (Se vende por separado)<\/p>\n<\/div>\n<div style=\"font-weight: bold\">Controls<\/div>\n<div>\n<p>Volumen maestro Tono maestro Interruptor de 3 posiciones (Pickup selector)<\/p>\n<\/div>\n<\/div>\n<\/div>","protected":false},"excerpt":{"rendered":"<p>Schecter Diamond Standard, guitarra el\u00e9ctrica con cuerpo de caoba y tapa de figured burl, ofrece un dise\u00f1o elegante y moderno. Su m\u00e1stil de arce tostado con perfil Thin \u201dC\u201d y diapas\u00f3n de palisandro de 14\u201d de radio brinda comodidad y rapidez. Equipada con dos pastillas Schecter Diamond Standard con cobertura met\u00e1lica negra, proporciona un sonido vers\u00e1til. Los controles incluyen volumen maestro, tono maestro y interruptor de 3 posiciones. El puente Schecter Diamond Hardtail asegura estabilidad en la afinaci\u00f3n. Incluye perillas. Estuche r\u00edgido tipo domo 1622 SGR-Estuche (vendido por separado).&hellip; <a class=\"kt-excerpt-readmore more-link\" href=\"https:\/\/www.mexicanguitarplayers.com\/en\/tienda\/cuerdas\/guitarras-cuerdas\/electricas\/guitarras-electricas-solidas\/guitarra-schecter-elect-pt-standard\/\">Read more<\/a><\/p>","protected":false},"featured_media":40833,"comment_status":"open","ping_status":"closed","template":"","meta":{"kt_blocks_editor_width":""},"pwb-brand":[175],"product_brand":[],"product_cat":[224,313,312,314],"product_tag":[],"class_list":{"0":"post-40846","1":"product","2":"type-product","3":"status-publish","4":"has-post-thumbnail","6":"pwb-brand-schecter","7":"product_cat-cuerdas","8":"product_cat-electricas","9":"product_cat-guitarras-cuerdas","10":"product_cat-guitarras-electricas-solidas","11":"product_shipping_class-0-5-kg","13":"first","14":"outofstock","15":"taxable","16":"shipping-taxable","17":"purchasable","18":"product-type-simple"},"yoast_head":"<!-- This site is optimized with the Yoast SEO plugin v27.5 - https:\/\/yoast.com\/product\/yoast-seo-wordpress\/ -->\n<title>GUITARRA SCHECTER ELECT. PT STANDARD - Mexican Guitar Players<\/title>\n<meta name=\"description\" content=\"Schecter Diamond Standard, guitarra el\u00e9ctrica con cuerpo de caoba y tapa de figured burl, ofrece un dise\u00f1o elegante y moderno. Su m\u00e1stil de arce tostado con perfil Thin \u201dC\u201d y diapas\u00f3n de palisandro de 14\u201d de radio brinda comodidad y rapidez. Equipada con dos pastillas Schecter Diamond Standard con cobertura met\u00e1lica negra, proporciona un sonido vers\u00e1til. Los controles incluyen volumen maestro, tono maestro y interruptor de 3 posiciones. El puente Schecter Diamond Hardtail asegura estabilidad en la afinaci\u00f3n. Incluye perillas. Estuche r\u00edgido tipo domo 1622 SGR-Estuche (vendido por separado).\" \/>\n<meta name=\"robots\" content=\"index, follow, max-snippet:-1, max-image-preview:large, max-video-preview:-1\" \/>\n<link rel=\"canonical\" href=\"https:\/\/www.mexicanguitarplayers.com\/en\/tienda\/sin%20categor\u00eda\/guitarra-schecter-elect-pt-standard\/\" \/>\n<meta property=\"og:locale\" content=\"en_US\" \/>\n<meta property=\"og:type\" content=\"article\" \/>\n<meta property=\"og:title\" content=\"GUITARRA SCHECTER ELECT. PT STANDARD - Mexican Guitar Players\" \/>\n<meta property=\"og:description\" content=\"Schecter Diamond Standard, guitarra el\u00e9ctrica con cuerpo de caoba y tapa de figured burl, ofrece un dise\u00f1o elegante y moderno. Su m\u00e1stil de arce tostado con perfil Thin \u201dC\u201d y diapas\u00f3n de palisandro de 14\u201d de radio brinda comodidad y rapidez. Equipada con dos pastillas Schecter Diamond Standard con cobertura met\u00e1lica negra, proporciona un sonido vers\u00e1til. Los controles incluyen volumen maestro, tono maestro y interruptor de 3 posiciones. El puente Schecter Diamond Hardtail asegura estabilidad en la afinaci\u00f3n. Incluye perillas. Estuche r\u00edgido tipo domo 1622 SGR-Estuche (vendido por separado).\" \/>\n<meta property=\"og:url\" content=\"https:\/\/www.mexicanguitarplayers.com\/en\/tienda\/sin categor\u00eda\/guitarra-schecter-elect-pt-standard\/\" \/>\n<meta property=\"og:site_name\" content=\"Mexican Guitar Players\" \/>\n<meta property=\"article:modified_time\" content=\"2026-04-10T10:19:16+00:00\" \/>\n<meta name=\"twitter:card\" content=\"summary_large_image\" \/>\n<meta name=\"twitter:label1\" content=\"Est. reading time\" \/>\n\t<meta name=\"twitter:data1\" content=\"1 minute\" \/>\n<script type=\"application\/ld+json\" class=\"yoast-schema-graph\">{\"@context\":\"https:\\\/\\\/schema.org\",\"@graph\":[{\"@type\":[\"WebPage\",\"ItemPage\"],\"@id\":\"https:\\\/\\\/www.mexicanguitarplayers.com\\\/tienda\\\/sin categor\u00eda\\\/guitarra-schecter-elect-pt-standard\\\/\",\"url\":\"https:\\\/\\\/www.mexicanguitarplayers.com\\\/tienda\\\/sin categor\u00eda\\\/guitarra-schecter-elect-pt-standard\\\/\",\"name\":\"GUITARRA SCHECTER ELECT. PT STANDARD - Mexican Guitar Players\",\"isPartOf\":{\"@id\":\"https:\\\/\\\/www.mexicanguitarplayers.com\\\/#website\"},\"primaryImageOfPage\":{\"@id\":\"https:\\\/\\\/www.mexicanguitarplayers.com\\\/tienda\\\/sin categor\u00eda\\\/guitarra-schecter-elect-pt-standard\\\/#primaryimage\"},\"image\":{\"@id\":\"https:\\\/\\\/www.mexicanguitarplayers.com\\\/tienda\\\/sin categor\u00eda\\\/guitarra-schecter-elect-pt-standard\\\/#primaryimage\"},\"thumbnailUrl\":\"https:\\\/\\\/www.mexicanguitarplayers.com\\\/wp-content\\\/uploads\\\/2025\\\/04\\\/ISSCCPTSTANDAR.png\",\"datePublished\":\"2025-04-09T13:17:31+00:00\",\"dateModified\":\"2026-04-10T10:19:16+00:00\",\"description\":\"Schecter Diamond Standard, guitarra el\u00e9ctrica con cuerpo de caoba y tapa de figured burl, ofrece un dise\u00f1o elegante y moderno. Su m\u00e1stil de arce tostado con perfil Thin \u201dC\u201d y diapas\u00f3n de palisandro de 14\u201d de radio brinda comodidad y rapidez. Equipada con dos pastillas Schecter Diamond Standard con cobertura met\u00e1lica negra, proporciona un sonido vers\u00e1til. Los controles incluyen volumen maestro, tono maestro y interruptor de 3 posiciones. El puente Schecter Diamond Hardtail asegura estabilidad en la afinaci\u00f3n. Incluye perillas. Estuche r\u00edgido tipo domo 1622 SGR-Estuche (vendido por separado).\",\"breadcrumb\":{\"@id\":\"https:\\\/\\\/www.mexicanguitarplayers.com\\\/tienda\\\/sin categor\u00eda\\\/guitarra-schecter-elect-pt-standard\\\/#breadcrumb\"},\"inLanguage\":\"en-US\",\"potentialAction\":[{\"@type\":\"ReadAction\",\"target\":[\"https:\\\/\\\/www.mexicanguitarplayers.com\\\/tienda\\\/sin categor\u00eda\\\/guitarra-schecter-elect-pt-standard\\\/\"]}]},{\"@type\":\"ImageObject\",\"inLanguage\":\"en-US\",\"@id\":\"https:\\\/\\\/www.mexicanguitarplayers.com\\\/tienda\\\/sin categor\u00eda\\\/guitarra-schecter-elect-pt-standard\\\/#primaryimage\",\"url\":\"https:\\\/\\\/www.mexicanguitarplayers.com\\\/wp-content\\\/uploads\\\/2025\\\/04\\\/ISSCCPTSTANDAR.png\",\"contentUrl\":\"https:\\\/\\\/www.mexicanguitarplayers.com\\\/wp-content\\\/uploads\\\/2025\\\/04\\\/ISSCCPTSTANDAR.png\",\"width\":800,\"height\":1600},{\"@type\":\"BreadcrumbList\",\"@id\":\"https:\\\/\\\/www.mexicanguitarplayers.com\\\/tienda\\\/sin categor\u00eda\\\/guitarra-schecter-elect-pt-standard\\\/#breadcrumb\",\"itemListElement\":[{\"@type\":\"ListItem\",\"position\":1,\"name\":\"Portada\",\"item\":\"https:\\\/\\\/www.mexicanguitarplayers.com\\\/\"},{\"@type\":\"ListItem\",\"position\":2,\"name\":\"Tienda\",\"item\":\"https:\\\/\\\/www.mexicanguitarplayers.com\\\/tienda\\\/\"},{\"@type\":\"ListItem\",\"position\":3,\"name\":\"GUITARRA SCHECTER ELECT. PT STANDARD\"}]},{\"@type\":\"WebSite\",\"@id\":\"https:\\\/\\\/www.mexicanguitarplayers.com\\\/#website\",\"url\":\"https:\\\/\\\/www.mexicanguitarplayers.com\\\/\",\"name\":\"Mexican Guitar Players\",\"description\":\"Website\",\"publisher\":{\"@id\":\"https:\\\/\\\/www.mexicanguitarplayers.com\\\/#organization\"},\"potentialAction\":[{\"@type\":\"SearchAction\",\"target\":{\"@type\":\"EntryPoint\",\"urlTemplate\":\"https:\\\/\\\/www.mexicanguitarplayers.com\\\/?s={search_term_string}\"},\"query-input\":{\"@type\":\"PropertyValueSpecification\",\"valueRequired\":true,\"valueName\":\"search_term_string\"}}],\"inLanguage\":\"en-US\"},{\"@type\":\"Organization\",\"@id\":\"https:\\\/\\\/www.mexicanguitarplayers.com\\\/#organization\",\"name\":\"Mexican Guitar Players\",\"url\":\"https:\\\/\\\/www.mexicanguitarplayers.com\\\/\",\"logo\":{\"@type\":\"ImageObject\",\"inLanguage\":\"en-US\",\"@id\":\"https:\\\/\\\/www.mexicanguitarplayers.com\\\/#\\\/schema\\\/logo\\\/image\\\/\",\"url\":\"\",\"contentUrl\":\"\",\"caption\":\"Mexican Guitar Players\"},\"image\":{\"@id\":\"https:\\\/\\\/www.mexicanguitarplayers.com\\\/#\\\/schema\\\/logo\\\/image\\\/\"}}]}<\/script>\n<!-- \/ Yoast SEO plugin. -->","yoast_head_json":{"title":"GUITARRA SCHECTER ELECT. PT STANDARD - Mexican Guitar Players","description":"Schecter Diamond Standard, guitarra el\u00e9ctrica con cuerpo de caoba y tapa de figured burl, ofrece un dise\u00f1o elegante y moderno. Su m\u00e1stil de arce tostado con perfil Thin \u201dC\u201d y diapas\u00f3n de palisandro de 14\u201d de radio brinda comodidad y rapidez. Equipada con dos pastillas Schecter Diamond Standard con cobertura met\u00e1lica negra, proporciona un sonido vers\u00e1til. Los controles incluyen volumen maestro, tono maestro y interruptor de 3 posiciones. El puente Schecter Diamond Hardtail asegura estabilidad en la afinaci\u00f3n. Incluye perillas. Estuche r\u00edgido tipo domo 1622 SGR-Estuche (vendido por separado).","robots":{"index":"index","follow":"follow","max-snippet":"max-snippet:-1","max-image-preview":"max-image-preview:large","max-video-preview":"max-video-preview:-1"},"canonical":"https:\/\/www.mexicanguitarplayers.com\/en\/tienda\/sin categor\u00eda\/guitarra-schecter-elect-pt-standard\/","og_locale":"en_US","og_type":"article","og_title":"GUITARRA SCHECTER ELECT. PT STANDARD - Mexican Guitar Players","og_description":"Schecter Diamond Standard, guitarra el\u00e9ctrica con cuerpo de caoba y tapa de figured burl, ofrece un dise\u00f1o elegante y moderno. Su m\u00e1stil de arce tostado con perfil Thin \u201dC\u201d y diapas\u00f3n de palisandro de 14\u201d de radio brinda comodidad y rapidez. Equipada con dos pastillas Schecter Diamond Standard con cobertura met\u00e1lica negra, proporciona un sonido vers\u00e1til. Los controles incluyen volumen maestro, tono maestro y interruptor de 3 posiciones. El puente Schecter Diamond Hardtail asegura estabilidad en la afinaci\u00f3n. Incluye perillas. Estuche r\u00edgido tipo domo 1622 SGR-Estuche (vendido por separado).","og_url":"https:\/\/www.mexicanguitarplayers.com\/en\/tienda\/sin categor\u00eda\/guitarra-schecter-elect-pt-standard\/","og_site_name":"Mexican Guitar Players","article_modified_time":"2026-04-10T10:19:16+00:00","twitter_card":"summary_large_image","twitter_misc":{"Est. reading time":"1 minute"},"schema":{"@context":"https:\/\/schema.org","@graph":[{"@type":["WebPage","ItemPage"],"@id":"https:\/\/www.mexicanguitarplayers.com\/tienda\/sin categor\u00eda\/guitarra-schecter-elect-pt-standard\/","url":"https:\/\/www.mexicanguitarplayers.com\/tienda\/sin categor\u00eda\/guitarra-schecter-elect-pt-standard\/","name":"GUITARRA SCHECTER ELECT. PT STANDARD - Mexican Guitar Players","isPartOf":{"@id":"https:\/\/www.mexicanguitarplayers.com\/#website"},"primaryImageOfPage":{"@id":"https:\/\/www.mexicanguitarplayers.com\/tienda\/sin categor\u00eda\/guitarra-schecter-elect-pt-standard\/#primaryimage"},"image":{"@id":"https:\/\/www.mexicanguitarplayers.com\/tienda\/sin categor\u00eda\/guitarra-schecter-elect-pt-standard\/#primaryimage"},"thumbnailUrl":"https:\/\/www.mexicanguitarplayers.com\/wp-content\/uploads\/2025\/04\/ISSCCPTSTANDAR.png","datePublished":"2025-04-09T13:17:31+00:00","dateModified":"2026-04-10T10:19:16+00:00","description":"Schecter Diamond Standard, guitarra el\u00e9ctrica con cuerpo de caoba y tapa de figured burl, ofrece un dise\u00f1o elegante y moderno. Su m\u00e1stil de arce tostado con perfil Thin \u201dC\u201d y diapas\u00f3n de palisandro de 14\u201d de radio brinda comodidad y rapidez. Equipada con dos pastillas Schecter Diamond Standard con cobertura met\u00e1lica negra, proporciona un sonido vers\u00e1til. Los controles incluyen volumen maestro, tono maestro y interruptor de 3 posiciones. El puente Schecter Diamond Hardtail asegura estabilidad en la afinaci\u00f3n. Incluye perillas. Estuche r\u00edgido tipo domo 1622 SGR-Estuche (vendido por separado).","breadcrumb":{"@id":"https:\/\/www.mexicanguitarplayers.com\/tienda\/sin categor\u00eda\/guitarra-schecter-elect-pt-standard\/#breadcrumb"},"inLanguage":"en-US","potentialAction":[{"@type":"ReadAction","target":["https:\/\/www.mexicanguitarplayers.com\/tienda\/sin categor\u00eda\/guitarra-schecter-elect-pt-standard\/"]}]},{"@type":"ImageObject","inLanguage":"en-US","@id":"https:\/\/www.mexicanguitarplayers.com\/tienda\/sin categor\u00eda\/guitarra-schecter-elect-pt-standard\/#primaryimage","url":"https:\/\/www.mexicanguitarplayers.com\/wp-content\/uploads\/2025\/04\/ISSCCPTSTANDAR.png","contentUrl":"https:\/\/www.mexicanguitarplayers.com\/wp-content\/uploads\/2025\/04\/ISSCCPTSTANDAR.png","width":800,"height":1600},{"@type":"BreadcrumbList","@id":"https:\/\/www.mexicanguitarplayers.com\/tienda\/sin categor\u00eda\/guitarra-schecter-elect-pt-standard\/#breadcrumb","itemListElement":[{"@type":"ListItem","position":1,"name":"Portada","item":"https:\/\/www.mexicanguitarplayers.com\/"},{"@type":"ListItem","position":2,"name":"Tienda","item":"https:\/\/www.mexicanguitarplayers.com\/tienda\/"},{"@type":"ListItem","position":3,"name":"GUITARRA SCHECTER ELECT. PT STANDARD"}]},{"@type":"WebSite","@id":"https:\/\/www.mexicanguitarplayers.com\/#website","url":"https:\/\/www.mexicanguitarplayers.com\/","name":"Mexican Guitar Players","description":"Website","publisher":{"@id":"https:\/\/www.mexicanguitarplayers.com\/#organization"},"potentialAction":[{"@type":"SearchAction","target":{"@type":"EntryPoint","urlTemplate":"https:\/\/www.mexicanguitarplayers.com\/?s={search_term_string}"},"query-input":{"@type":"PropertyValueSpecification","valueRequired":true,"valueName":"search_term_string"}}],"inLanguage":"en-US"},{"@type":"Organization","@id":"https:\/\/www.mexicanguitarplayers.com\/#organization","name":"Mexican Guitar Players","url":"https:\/\/www.mexicanguitarplayers.com\/","logo":{"@type":"ImageObject","inLanguage":"en-US","@id":"https:\/\/www.mexicanguitarplayers.com\/#\/schema\/logo\/image\/","url":"","contentUrl":"","caption":"Mexican Guitar Players"},"image":{"@id":"https:\/\/www.mexicanguitarplayers.com\/#\/schema\/logo\/image\/"}}]}},"brands":[{"id":175,"name":"SCHECTER","slug":"schecter"}],"_links":{"self":[{"href":"https:\/\/www.mexicanguitarplayers.com\/en\/wp-json\/wp\/v2\/product\/40846","targetHints":{"allow":["GET"]}}],"collection":[{"href":"https:\/\/www.mexicanguitarplayers.com\/en\/wp-json\/wp\/v2\/product"}],"about":[{"href":"https:\/\/www.mexicanguitarplayers.com\/en\/wp-json\/wp\/v2\/types\/product"}],"replies":[{"embeddable":true,"href":"https:\/\/www.mexicanguitarplayers.com\/en\/wp-json\/wp\/v2\/comments?post=40846"}],"wp:featuredmedia":[{"embeddable":true,"href":"https:\/\/www.mexicanguitarplayers.com\/en\/wp-json\/wp\/v2\/media\/40833"}],"wp:attachment":[{"href":"https:\/\/www.mexicanguitarplayers.com\/en\/wp-json\/wp\/v2\/media?parent=40846"}],"wp:term":[{"taxonomy":"pwb-brand","embeddable":true,"href":"https:\/\/www.mexicanguitarplayers.com\/en\/wp-json\/wp\/v2\/pwb-brand?post=40846"},{"taxonomy":"product_brand","embeddable":true,"href":"https:\/\/www.mexicanguitarplayers.com\/en\/wp-json\/wp\/v2\/product_brand?post=40846"},{"taxonomy":"product_cat","embeddable":true,"href":"https:\/\/www.mexicanguitarplayers.com\/en\/wp-json\/wp\/v2\/product_cat?post=40846"},{"taxonomy":"product_tag","embeddable":true,"href":"https:\/\/www.mexicanguitarplayers.com\/en\/wp-json\/wp\/v2\/product_tag?post=40846"}],"curies":[{"name":"wp","href":"https:\/\/api.w.org\/{rel}","templated":true}]}}