{"id":40921,"date":"2025-04-09T07:19:23","date_gmt":"2025-04-09T13:19:23","guid":{"rendered":"https:\/\/www.mexicanguitarplayers.com\/tienda\/sin categor\u00eda\/protector-westone-mod-true-fit-eartips\/"},"modified":"2026-05-01T07:17:14","modified_gmt":"2026-05-01T13:17:14","slug":"protector-westone-mod-true-fit-eartips","status":"publish","type":"product","link":"https:\/\/www.mexicanguitarplayers.com\/en\/tienda\/accesorios\/varios\/protector-westone-mod-true-fit-eartips\/","title":{"rendered":"PROTECTOR WESTONE MOD. TRUE-FIT EARTIPS"},"content":{"rendered":"<div style=\"text-align: justify\">\n<div>\n<h3>Para una gran escucha.<\/h3>\n<\/div>\n<div>Las almohadillas de silicona Star aprovechan todas las innovaciones y experiencia que Westone ha desarrollado en caso 60 a\u00f1os de fabricaci\u00f3n de productos para el o\u00eddo humano. Nuestras puntas de silicona reemplazables son tan c\u00f3modas que se pueden usar durante horas y horas, incluso puedes olvidar que las est\u00e1s utilizando. Las puntas para o\u00eddos de Westone mejoran el rendimiento de los auriculares internos al garantizar un aislamiento de ruido superior y un excelente ajuste. Las puntas para o\u00eddos de silicona patentadas de Westone est\u00e1n disponibles en 5 tama\u00f1os diferentes y encontrar un ajuste adecuado mejorar\u00e1 el rendimiento de tus auriculares intrauditivos al garantizar un aislamiento de ruido superior y un excelente ajuste. Estas puntas se ajustan a una gran variedad de populares monitores intrauditivos, lo que te permite disfrutar de las mejores puntas para o\u00eddos en el mercado con tus monitores actuales.<\/div>\n<div>\n<h4>Quick look<\/h4>\n<\/div>\n<ul style=\"margin: 0px 0px 0px 25px\">\n<li style=\"list-style-type: circle;margin: 5px\">Ajuste flexible.<\/li>\n<li style=\"list-style-type: circle;margin: 5px\">Di\u00e1metro de 10.5 mm y longitud de 10 mm.<\/li>\n<li style=\"list-style-type: circle;margin: 5px\">5 pares de puntas reemplazables.<\/li>\n<li style=\"list-style-type: circle;margin: 5px\">60 a\u00f1os de dise\u00f1o de piezas personalizadas para o\u00eddo.<\/li>\n<li style=\"list-style-type: circle;margin: 5px\">Compatible con otras marcas populares de monitores.<\/li>\n<\/ul>\n<div>\n<div style=\"font-weight: bold\">Ajuste flexible.<\/div>\n<div>\n<p>Las puntas de o\u00eddo de Star Silicone tienen un dise\u00f1o flexible que te brinda un ajuste individual que proporciona una excelente retenci\u00f3n de sonido, aislamiento de ruido y comodidad en un auricular reemplazable. De hecho, se sienten tan c\u00f3modos que incluso puedes olvidar que los tienes puestos.<\/p>\n<\/div>\n<div style=\"font-weight: bold\">Di\u00e1metro de 10.5 mm y longitud de 10 mm.<\/div>\n<div>\n<p>Dise\u00f1adas para canales auditivos m\u00e1s peque\u00f1os, estas puntas de silicona brindan comodidad y ajuste superiores y un aislamiento ac\u00fastico impresionante en unas puntas ligeras y flexibles. Al igual que con todos los auriculares de Westone, aseg\u00farate de seleccionar el tama\u00f1o adecuado para ti, esto te brindar\u00e1 la mejor experiencia, comodidad y aislamiento ac\u00fastico.<\/p>\n<\/div>\n<div style=\"font-weight: bold\">5 pares de puntas reemplazables.<\/div>\n<div>\n<p>Con 5 pares de nuestros auriculares reemplazables nunca tendr\u00e1s que preocuparte cuando los pierdas antes de dar un show o cuando tus amigos te pidan en un bar.<\/p>\n<\/div>\n<div style=\"font-weight: bold\">60 a\u00f1os de dise\u00f1o de piezas personalizadas para o\u00eddo.<\/div>\n<div>\n<p>Nuestros Star Tips de silicona utilizan todas las innovaciones y experiencia que Westone ha desarrollado en casi 60 a\u00f1os de dise\u00f1o y fabricaci\u00f3n de productos para el o\u00eddo humano. Estos auriculares reemplazables mejoran el rendimiento de los auriculares internos al garantizar un aislamiento de ruido superior y un excelente ajuste.<\/p>\n<\/div>\n<div style=\"font-weight: bold\">Compatible con otras marcas populares de monitores.<\/div>\n<div>\n<p>Las puntas de silicona de Westone son las mejores del mercado actual y son compatibles con  muchas otras marcas de aud\u00edfonos de monitoreo.<\/p>\n<\/div>\n<\/div>\n<\/div>","protected":false},"excerpt":{"rendered":"<p>Protectores Westone para o\u00eddo, almohadillas de silicona reemplazables, s\u00faper c\u00f3modas, se pueden usar durante horas y horas, mejoran el rendimiento de los auriculares internos, garantizan un aislamiento de ruido superior y un excelente ajuste, se ajustan a una gran variedad de populares monitores intrauditivos, dise\u00f1adas para canales auditivos peque\u00f1os, di\u00e1metro de 10.5 mm, longitud de 10 mm.&hellip; <a class=\"kt-excerpt-readmore more-link\" href=\"https:\/\/www.mexicanguitarplayers.com\/en\/tienda\/accesorios\/varios\/protector-westone-mod-true-fit-eartips\/\">Read more<\/a><\/p>","protected":false},"featured_media":40920,"comment_status":"open","ping_status":"closed","template":"","meta":{"kt_blocks_editor_width":""},"pwb-brand":[651],"product_brand":[],"product_cat":[85,249],"product_tag":[],"class_list":{"0":"post-40921","1":"product","2":"type-product","3":"status-publish","4":"has-post-thumbnail","6":"pwb-brand-westone-audio","7":"product_cat-accesorios","8":"product_cat-varios","9":"product_shipping_class-0-5-kg","11":"first","12":"instock","13":"taxable","14":"shipping-taxable","15":"purchasable","16":"product-type-simple"},"yoast_head":"<!-- This site is optimized with the Yoast SEO plugin v27.5 - https:\/\/yoast.com\/product\/yoast-seo-wordpress\/ -->\n<title>PROTECTOR WESTONE MOD. TRUE-FIT EARTIPS - Mexican Guitar Players<\/title>\n<meta name=\"description\" content=\"Protectores Westone para o\u00eddo, almohadillas de silicona reemplazables, s\u00faper c\u00f3modas, se pueden usar durante horas y horas, mejoran el rendimiento de los auriculares internos, garantizan un aislamiento de ruido superior y un excelente ajuste, se ajustan a una gran variedad de populares monitores intrauditivos, dise\u00f1adas para canales auditivos peque\u00f1os, di\u00e1metro de 10.5 mm, longitud de 10 mm.\" \/>\n<meta name=\"robots\" content=\"index, follow, max-snippet:-1, max-image-preview:large, max-video-preview:-1\" \/>\n<link rel=\"canonical\" href=\"https:\/\/www.mexicanguitarplayers.com\/en\/tienda\/sin%20categor\u00eda\/protector-westone-mod-true-fit-eartips\/\" \/>\n<meta property=\"og:locale\" content=\"en_US\" \/>\n<meta property=\"og:type\" content=\"article\" \/>\n<meta property=\"og:title\" content=\"PROTECTOR WESTONE MOD. TRUE-FIT EARTIPS - Mexican Guitar Players\" \/>\n<meta property=\"og:description\" content=\"Protectores Westone para o\u00eddo, almohadillas de silicona reemplazables, s\u00faper c\u00f3modas, se pueden usar durante horas y horas, mejoran el rendimiento de los auriculares internos, garantizan un aislamiento de ruido superior y un excelente ajuste, se ajustan a una gran variedad de populares monitores intrauditivos, dise\u00f1adas para canales auditivos peque\u00f1os, di\u00e1metro de 10.5 mm, longitud de 10 mm.\" \/>\n<meta property=\"og:url\" content=\"https:\/\/www.mexicanguitarplayers.com\/en\/tienda\/sin categor\u00eda\/protector-westone-mod-true-fit-eartips\/\" \/>\n<meta property=\"og:site_name\" content=\"Mexican Guitar Players\" \/>\n<meta property=\"article:modified_time\" content=\"2026-05-01T13:17:14+00:00\" \/>\n<meta name=\"twitter:card\" content=\"summary_large_image\" \/>\n<meta name=\"twitter:label1\" content=\"Est. reading time\" \/>\n\t<meta name=\"twitter:data1\" content=\"2 minutes\" \/>\n<script type=\"application\/ld+json\" class=\"yoast-schema-graph\">{\"@context\":\"https:\\\/\\\/schema.org\",\"@graph\":[{\"@type\":[\"WebPage\",\"ItemPage\"],\"@id\":\"https:\\\/\\\/www.mexicanguitarplayers.com\\\/tienda\\\/sin categor\u00eda\\\/protector-westone-mod-true-fit-eartips\\\/\",\"url\":\"https:\\\/\\\/www.mexicanguitarplayers.com\\\/tienda\\\/sin categor\u00eda\\\/protector-westone-mod-true-fit-eartips\\\/\",\"name\":\"PROTECTOR WESTONE MOD. TRUE-FIT EARTIPS - Mexican Guitar Players\",\"isPartOf\":{\"@id\":\"https:\\\/\\\/www.mexicanguitarplayers.com\\\/#website\"},\"primaryImageOfPage\":{\"@id\":\"https:\\\/\\\/www.mexicanguitarplayers.com\\\/tienda\\\/sin categor\u00eda\\\/protector-westone-mod-true-fit-eartips\\\/#primaryimage\"},\"image\":{\"@id\":\"https:\\\/\\\/www.mexicanguitarplayers.com\\\/tienda\\\/sin categor\u00eda\\\/protector-westone-mod-true-fit-eartips\\\/#primaryimage\"},\"thumbnailUrl\":\"https:\\\/\\\/www.mexicanguitarplayers.com\\\/wp-content\\\/uploads\\\/2025\\\/04\\\/RAWESTRUEFIT.jpg\",\"datePublished\":\"2025-04-09T13:19:23+00:00\",\"dateModified\":\"2026-05-01T13:17:14+00:00\",\"description\":\"Protectores Westone para o\u00eddo, almohadillas de silicona reemplazables, s\u00faper c\u00f3modas, se pueden usar durante horas y horas, mejoran el rendimiento de los auriculares internos, garantizan un aislamiento de ruido superior y un excelente ajuste, se ajustan a una gran variedad de populares monitores intrauditivos, dise\u00f1adas para canales auditivos peque\u00f1os, di\u00e1metro de 10.5 mm, longitud de 10 mm.\",\"breadcrumb\":{\"@id\":\"https:\\\/\\\/www.mexicanguitarplayers.com\\\/tienda\\\/sin categor\u00eda\\\/protector-westone-mod-true-fit-eartips\\\/#breadcrumb\"},\"inLanguage\":\"en-US\",\"potentialAction\":[{\"@type\":\"ReadAction\",\"target\":[\"https:\\\/\\\/www.mexicanguitarplayers.com\\\/tienda\\\/sin categor\u00eda\\\/protector-westone-mod-true-fit-eartips\\\/\"]}]},{\"@type\":\"ImageObject\",\"inLanguage\":\"en-US\",\"@id\":\"https:\\\/\\\/www.mexicanguitarplayers.com\\\/tienda\\\/sin categor\u00eda\\\/protector-westone-mod-true-fit-eartips\\\/#primaryimage\",\"url\":\"https:\\\/\\\/www.mexicanguitarplayers.com\\\/wp-content\\\/uploads\\\/2025\\\/04\\\/RAWESTRUEFIT.jpg\",\"contentUrl\":\"https:\\\/\\\/www.mexicanguitarplayers.com\\\/wp-content\\\/uploads\\\/2025\\\/04\\\/RAWESTRUEFIT.jpg\",\"width\":1200,\"height\":1200},{\"@type\":\"BreadcrumbList\",\"@id\":\"https:\\\/\\\/www.mexicanguitarplayers.com\\\/tienda\\\/sin categor\u00eda\\\/protector-westone-mod-true-fit-eartips\\\/#breadcrumb\",\"itemListElement\":[{\"@type\":\"ListItem\",\"position\":1,\"name\":\"Portada\",\"item\":\"https:\\\/\\\/www.mexicanguitarplayers.com\\\/\"},{\"@type\":\"ListItem\",\"position\":2,\"name\":\"Tienda\",\"item\":\"https:\\\/\\\/www.mexicanguitarplayers.com\\\/tienda\\\/\"},{\"@type\":\"ListItem\",\"position\":3,\"name\":\"PROTECTOR WESTONE MOD. TRUE-FIT EARTIPS\"}]},{\"@type\":\"WebSite\",\"@id\":\"https:\\\/\\\/www.mexicanguitarplayers.com\\\/#website\",\"url\":\"https:\\\/\\\/www.mexicanguitarplayers.com\\\/\",\"name\":\"Mexican Guitar Players\",\"description\":\"Website\",\"publisher\":{\"@id\":\"https:\\\/\\\/www.mexicanguitarplayers.com\\\/#organization\"},\"potentialAction\":[{\"@type\":\"SearchAction\",\"target\":{\"@type\":\"EntryPoint\",\"urlTemplate\":\"https:\\\/\\\/www.mexicanguitarplayers.com\\\/?s={search_term_string}\"},\"query-input\":{\"@type\":\"PropertyValueSpecification\",\"valueRequired\":true,\"valueName\":\"search_term_string\"}}],\"inLanguage\":\"en-US\"},{\"@type\":\"Organization\",\"@id\":\"https:\\\/\\\/www.mexicanguitarplayers.com\\\/#organization\",\"name\":\"Mexican Guitar Players\",\"url\":\"https:\\\/\\\/www.mexicanguitarplayers.com\\\/\",\"logo\":{\"@type\":\"ImageObject\",\"inLanguage\":\"en-US\",\"@id\":\"https:\\\/\\\/www.mexicanguitarplayers.com\\\/#\\\/schema\\\/logo\\\/image\\\/\",\"url\":\"\",\"contentUrl\":\"\",\"caption\":\"Mexican Guitar Players\"},\"image\":{\"@id\":\"https:\\\/\\\/www.mexicanguitarplayers.com\\\/#\\\/schema\\\/logo\\\/image\\\/\"}}]}<\/script>\n<!-- \/ Yoast SEO plugin. -->","yoast_head_json":{"title":"PROTECTOR WESTONE MOD. TRUE-FIT EARTIPS - Mexican Guitar Players","description":"Protectores Westone para o\u00eddo, almohadillas de silicona reemplazables, s\u00faper c\u00f3modas, se pueden usar durante horas y horas, mejoran el rendimiento de los auriculares internos, garantizan un aislamiento de ruido superior y un excelente ajuste, se ajustan a una gran variedad de populares monitores intrauditivos, dise\u00f1adas para canales auditivos peque\u00f1os, di\u00e1metro de 10.5 mm, longitud de 10 mm.","robots":{"index":"index","follow":"follow","max-snippet":"max-snippet:-1","max-image-preview":"max-image-preview:large","max-video-preview":"max-video-preview:-1"},"canonical":"https:\/\/www.mexicanguitarplayers.com\/en\/tienda\/sin categor\u00eda\/protector-westone-mod-true-fit-eartips\/","og_locale":"en_US","og_type":"article","og_title":"PROTECTOR WESTONE MOD. TRUE-FIT EARTIPS - Mexican Guitar Players","og_description":"Protectores Westone para o\u00eddo, almohadillas de silicona reemplazables, s\u00faper c\u00f3modas, se pueden usar durante horas y horas, mejoran el rendimiento de los auriculares internos, garantizan un aislamiento de ruido superior y un excelente ajuste, se ajustan a una gran variedad de populares monitores intrauditivos, dise\u00f1adas para canales auditivos peque\u00f1os, di\u00e1metro de 10.5 mm, longitud de 10 mm.","og_url":"https:\/\/www.mexicanguitarplayers.com\/en\/tienda\/sin categor\u00eda\/protector-westone-mod-true-fit-eartips\/","og_site_name":"Mexican Guitar Players","article_modified_time":"2026-05-01T13:17:14+00:00","twitter_card":"summary_large_image","twitter_misc":{"Est. reading time":"2 minutes"},"schema":{"@context":"https:\/\/schema.org","@graph":[{"@type":["WebPage","ItemPage"],"@id":"https:\/\/www.mexicanguitarplayers.com\/tienda\/sin categor\u00eda\/protector-westone-mod-true-fit-eartips\/","url":"https:\/\/www.mexicanguitarplayers.com\/tienda\/sin categor\u00eda\/protector-westone-mod-true-fit-eartips\/","name":"PROTECTOR WESTONE MOD. TRUE-FIT EARTIPS - Mexican Guitar Players","isPartOf":{"@id":"https:\/\/www.mexicanguitarplayers.com\/#website"},"primaryImageOfPage":{"@id":"https:\/\/www.mexicanguitarplayers.com\/tienda\/sin categor\u00eda\/protector-westone-mod-true-fit-eartips\/#primaryimage"},"image":{"@id":"https:\/\/www.mexicanguitarplayers.com\/tienda\/sin categor\u00eda\/protector-westone-mod-true-fit-eartips\/#primaryimage"},"thumbnailUrl":"https:\/\/www.mexicanguitarplayers.com\/wp-content\/uploads\/2025\/04\/RAWESTRUEFIT.jpg","datePublished":"2025-04-09T13:19:23+00:00","dateModified":"2026-05-01T13:17:14+00:00","description":"Protectores Westone para o\u00eddo, almohadillas de silicona reemplazables, s\u00faper c\u00f3modas, se pueden usar durante horas y horas, mejoran el rendimiento de los auriculares internos, garantizan un aislamiento de ruido superior y un excelente ajuste, se ajustan a una gran variedad de populares monitores intrauditivos, dise\u00f1adas para canales auditivos peque\u00f1os, di\u00e1metro de 10.5 mm, longitud de 10 mm.","breadcrumb":{"@id":"https:\/\/www.mexicanguitarplayers.com\/tienda\/sin categor\u00eda\/protector-westone-mod-true-fit-eartips\/#breadcrumb"},"inLanguage":"en-US","potentialAction":[{"@type":"ReadAction","target":["https:\/\/www.mexicanguitarplayers.com\/tienda\/sin categor\u00eda\/protector-westone-mod-true-fit-eartips\/"]}]},{"@type":"ImageObject","inLanguage":"en-US","@id":"https:\/\/www.mexicanguitarplayers.com\/tienda\/sin categor\u00eda\/protector-westone-mod-true-fit-eartips\/#primaryimage","url":"https:\/\/www.mexicanguitarplayers.com\/wp-content\/uploads\/2025\/04\/RAWESTRUEFIT.jpg","contentUrl":"https:\/\/www.mexicanguitarplayers.com\/wp-content\/uploads\/2025\/04\/RAWESTRUEFIT.jpg","width":1200,"height":1200},{"@type":"BreadcrumbList","@id":"https:\/\/www.mexicanguitarplayers.com\/tienda\/sin categor\u00eda\/protector-westone-mod-true-fit-eartips\/#breadcrumb","itemListElement":[{"@type":"ListItem","position":1,"name":"Portada","item":"https:\/\/www.mexicanguitarplayers.com\/"},{"@type":"ListItem","position":2,"name":"Tienda","item":"https:\/\/www.mexicanguitarplayers.com\/tienda\/"},{"@type":"ListItem","position":3,"name":"PROTECTOR WESTONE MOD. TRUE-FIT EARTIPS"}]},{"@type":"WebSite","@id":"https:\/\/www.mexicanguitarplayers.com\/#website","url":"https:\/\/www.mexicanguitarplayers.com\/","name":"Mexican Guitar Players","description":"Website","publisher":{"@id":"https:\/\/www.mexicanguitarplayers.com\/#organization"},"potentialAction":[{"@type":"SearchAction","target":{"@type":"EntryPoint","urlTemplate":"https:\/\/www.mexicanguitarplayers.com\/?s={search_term_string}"},"query-input":{"@type":"PropertyValueSpecification","valueRequired":true,"valueName":"search_term_string"}}],"inLanguage":"en-US"},{"@type":"Organization","@id":"https:\/\/www.mexicanguitarplayers.com\/#organization","name":"Mexican Guitar Players","url":"https:\/\/www.mexicanguitarplayers.com\/","logo":{"@type":"ImageObject","inLanguage":"en-US","@id":"https:\/\/www.mexicanguitarplayers.com\/#\/schema\/logo\/image\/","url":"","contentUrl":"","caption":"Mexican Guitar Players"},"image":{"@id":"https:\/\/www.mexicanguitarplayers.com\/#\/schema\/logo\/image\/"}}]}},"brands":[{"id":651,"name":"WESTONE AUDIO","slug":"westone-audio"}],"_links":{"self":[{"href":"https:\/\/www.mexicanguitarplayers.com\/en\/wp-json\/wp\/v2\/product\/40921","targetHints":{"allow":["GET"]}}],"collection":[{"href":"https:\/\/www.mexicanguitarplayers.com\/en\/wp-json\/wp\/v2\/product"}],"about":[{"href":"https:\/\/www.mexicanguitarplayers.com\/en\/wp-json\/wp\/v2\/types\/product"}],"replies":[{"embeddable":true,"href":"https:\/\/www.mexicanguitarplayers.com\/en\/wp-json\/wp\/v2\/comments?post=40921"}],"wp:featuredmedia":[{"embeddable":true,"href":"https:\/\/www.mexicanguitarplayers.com\/en\/wp-json\/wp\/v2\/media\/40920"}],"wp:attachment":[{"href":"https:\/\/www.mexicanguitarplayers.com\/en\/wp-json\/wp\/v2\/media?parent=40921"}],"wp:term":[{"taxonomy":"pwb-brand","embeddable":true,"href":"https:\/\/www.mexicanguitarplayers.com\/en\/wp-json\/wp\/v2\/pwb-brand?post=40921"},{"taxonomy":"product_brand","embeddable":true,"href":"https:\/\/www.mexicanguitarplayers.com\/en\/wp-json\/wp\/v2\/product_brand?post=40921"},{"taxonomy":"product_cat","embeddable":true,"href":"https:\/\/www.mexicanguitarplayers.com\/en\/wp-json\/wp\/v2\/product_cat?post=40921"},{"taxonomy":"product_tag","embeddable":true,"href":"https:\/\/www.mexicanguitarplayers.com\/en\/wp-json\/wp\/v2\/product_tag?post=40921"}],"curies":[{"name":"wp","href":"https:\/\/api.w.org\/{rel}","templated":true}]}}