{"id":40923,"date":"2025-04-09T07:19:25","date_gmt":"2025-04-09T13:19:25","guid":{"rendered":"https:\/\/www.mexicanguitarplayers.com\/tienda\/sin categor\u00eda\/pedal-source-audio-lunar-phaser\/"},"modified":"2026-04-10T04:19:06","modified_gmt":"2026-04-10T10:19:06","slug":"pedal-source-audio-lunar-phaser","status":"publish","type":"product","link":"https:\/\/www.mexicanguitarplayers.com\/en\/tienda\/cuerdas\/efectos\/efectos-individuales\/pedal-source-audio-lunar-phaser\/","title":{"rendered":"PEDAL SOURCE AUDIO LUNAR PHASER"},"content":{"rendered":"<div style=\"text-align: justify\">\n<div>\n<h3>Un phaser suave y resonante.<\/h3>\n<\/div>\n<div>El Lunar Phaser ofrece tres estilos de modulaci\u00f3n de fase est\u00e9reo de remolino. Escoge entre Vibe (un efecto thumping uni-vibe), Cl\u00e1sico (un phaser resonante y cremoso de 4 etapas) y Multi (un phaser de 8 etapas altamente animado pero suave y satisfactorio). Explora a\u00fan m\u00e1s el paisaje sonoro con la perilla Shape para modificar gradualmente la forma de onda LFO de una onda sinusoidal suave y ondulada a una onda cuadrada agresiva y agitada. Fuera de su caja, el Lunar Phaser ofrece un tremendo rango tonal, pero debajo de la carcasa, este pedal es una potencia de control y flexibilidad. Cada pedal de la l\u00ednea One Series es compatible con la app Neuro Mobile (una descarga gratuita para iOS y Andriod). Vincula el Lunar a la app Neuro y accede a la librer\u00eda gratuita de Source Audio de algoritmos adicionales de phaser, flanger y chorus, cada uno puede ser descargado directamente a tu pedal. La app Neuro tambi\u00e9n ofrece un extenso set de par\u00e1metros ajustables que incluyen Wet\/Dry, Mix, nivel de Salida, Tr\u00e9molo, un ecualizador param\u00e9trico, retenci\u00f3n Low, enrutamiento avanzado de se\u00f1al y m\u00e1s. Adem\u00e1s, cada pedal One Series es totalmente compatible con MIDI cuando se combina con el Neuro Hub (anteriormente Soundblox Hub), d\u00e1ndote el poder de guardar hasta 128 preajustes. <\/div>\n<div>\n<h4>Quick look<\/h4>\n<\/div>\n<ul style=\"margin: 0px 0px 0px 25px\">\n<li style=\"list-style-type: circle;margin: 5px\">Estilos.<\/li>\n<li style=\"list-style-type: circle;margin: 5px\">Perilla Shape.<\/li>\n<li style=\"list-style-type: circle;margin: 5px\">Bypass universal.<\/li>\n<li style=\"list-style-type: circle;margin: 5px\">Power supply.<\/li>\n<li style=\"list-style-type: circle;margin: 5px\">Accessories included.<\/li>\n<li style=\"list-style-type: circle;margin: 5px\">Energy consumption.<\/li>\n<li style=\"list-style-type: circle;margin: 5px\">Puertos USB.<\/li>\n<li style=\"list-style-type: circle;margin: 5px\">Case.<\/li>\n<li style=\"list-style-type: circle;margin: 5px\">Dimensions.<\/li>\n<\/ul>\n<div>\n<div style=\"font-weight: bold\">Estilos.<\/div>\n<div>\n<p>3 estilos de modulaci\u00f3n:  Vibe (efecto thumping uni-vibe). Cl\u00e1sico (phaser resonante y cremoso de 4 etapas). Multi (phaser de 8 etapas altamente animado pero suave y satisfactorio).<\/p>\n<\/div>\n<div style=\"font-weight: bold\">Perilla Shape.<\/div>\n<div>\n<p>Modifica gradualmente la forma de onda LFO.<\/p>\n<\/div>\n<div style=\"font-weight: bold\">Bypass universal.<\/div>\n<div>\n<p>Selecciona entre buffer anal\u00f3gico o true bypass basado en rel\u00e9.<\/p>\n<\/div>\n<div style=\"font-weight: bold\">Power supply.<\/div>\n<div>\n<p>Incluye adaptador de 9V DC (300 mA \/ Tip negativo).<\/p>\n<\/div>\n<div style=\"font-weight: bold\">Accessories included.<\/div>\n<div>\n<p>Cable de 1\/8\u201d a 1\/4&#8243; para conexi\u00f3n a la aplicaci\u00f3n Neuro Mobile.<\/p>\n<\/div>\n<div style=\"font-weight: bold\">Energy consumption.<\/div>\n<div>\n<p>150 mA.<\/p>\n<\/div>\n<div style=\"font-weight: bold\">Puertos USB.<\/div>\n<div>\n<p>Para actualizaciones de firmware.<\/p>\n<\/div>\n<div style=\"font-weight: bold\">Case.<\/div>\n<div>\n<p>Aluminio cepillado anodizado.<\/p>\n<\/div>\n<div style=\"font-weight: bold\">Dimensions.<\/div>\n<div>\n<p>114.3 x 69.8 x 50.8 mm (incluyendo perillas).<\/p>\n<\/div>\n<\/div>\n<\/div>","protected":false},"excerpt":{"rendered":"<p>Pedal phaser, 3 estilos de modulaci\u00f3n: vibe (efecto thumping uni-vibe), cl\u00e1sico (phaser resonante y cremoso de 4 etapas) y multi (phaser de 8 etapas altamente animado pero suave y satisfactorio), perilla Shape que modifica gradualmente la forma de onda LFO, jacks est\u00e9reo de entrada y salida, crea modulaci\u00f3n profunda y amplia, compatibilidad con app Neuro Mobile, bypass universal (selecciona entre buffer anal\u00f3gico o true bypass basado en rel\u00e9), control de expresi\u00f3n, tap tempo, switch de tap tempo externo, dimensiones: 114.3 x 69.8 x 50.8 mm (incluyendo perillas).&hellip; <a class=\"kt-excerpt-readmore more-link\" href=\"https:\/\/www.mexicanguitarplayers.com\/en\/tienda\/cuerdas\/efectos\/efectos-individuales\/pedal-source-audio-lunar-phaser\/\">Read more<\/a><\/p>","protected":false},"featured_media":40922,"comment_status":"open","ping_status":"closed","template":"","meta":{"kt_blocks_editor_width":""},"pwb-brand":[608],"product_brand":[],"product_cat":[224,241,504],"product_tag":[],"class_list":{"0":"post-40923","1":"product","2":"type-product","3":"status-publish","4":"has-post-thumbnail","6":"pwb-brand-source-audio","7":"product_cat-cuerdas","8":"product_cat-efectos","9":"product_cat-efectos-individuales","10":"product_shipping_class-0-5-kg","12":"first","13":"outofstock","14":"taxable","15":"shipping-taxable","16":"purchasable","17":"product-type-simple"},"yoast_head":"<!-- This site is optimized with the Yoast SEO plugin v27.5 - https:\/\/yoast.com\/product\/yoast-seo-wordpress\/ -->\n<title>PEDAL SOURCE AUDIO LUNAR PHASER - Mexican Guitar Players<\/title>\n<meta name=\"description\" content=\"Pedal phaser, 3 estilos de modulaci\u00f3n: vibe (efecto thumping uni-vibe), cl\u00e1sico (phaser resonante y cremoso de 4 etapas) y multi (phaser de 8 etapas altamente animado pero suave y satisfactorio), perilla Shape que modifica gradualmente la forma de onda LFO, jacks est\u00e9reo de entrada y salida, crea modulaci\u00f3n profunda y amplia, compatibilidad con app Neuro Mobile, bypass universal (selecciona entre buffer anal\u00f3gico o true bypass basado en rel\u00e9), control de expresi\u00f3n, tap tempo, switch de tap tempo externo, dimensiones: 114.3 x 69.8 x 50.8 mm (incluyendo perillas).\" \/>\n<meta name=\"robots\" content=\"index, follow, max-snippet:-1, max-image-preview:large, max-video-preview:-1\" \/>\n<link rel=\"canonical\" href=\"https:\/\/www.mexicanguitarplayers.com\/en\/tienda\/sin%20categor\u00eda\/pedal-source-audio-lunar-phaser\/\" \/>\n<meta property=\"og:locale\" content=\"en_US\" \/>\n<meta property=\"og:type\" content=\"article\" \/>\n<meta property=\"og:title\" content=\"PEDAL SOURCE AUDIO LUNAR PHASER - Mexican Guitar Players\" \/>\n<meta property=\"og:description\" content=\"Pedal phaser, 3 estilos de modulaci\u00f3n: vibe (efecto thumping uni-vibe), cl\u00e1sico (phaser resonante y cremoso de 4 etapas) y multi (phaser de 8 etapas altamente animado pero suave y satisfactorio), perilla Shape que modifica gradualmente la forma de onda LFO, jacks est\u00e9reo de entrada y salida, crea modulaci\u00f3n profunda y amplia, compatibilidad con app Neuro Mobile, bypass universal (selecciona entre buffer anal\u00f3gico o true bypass basado en rel\u00e9), control de expresi\u00f3n, tap tempo, switch de tap tempo externo, dimensiones: 114.3 x 69.8 x 50.8 mm (incluyendo perillas).\" \/>\n<meta property=\"og:url\" content=\"https:\/\/www.mexicanguitarplayers.com\/en\/tienda\/sin categor\u00eda\/pedal-source-audio-lunar-phaser\/\" \/>\n<meta property=\"og:site_name\" content=\"Mexican Guitar Players\" \/>\n<meta property=\"article:modified_time\" content=\"2026-04-10T10:19:06+00:00\" \/>\n<meta name=\"twitter:card\" content=\"summary_large_image\" \/>\n<meta name=\"twitter:label1\" content=\"Est. reading time\" \/>\n\t<meta name=\"twitter:data1\" content=\"2 minutes\" \/>\n<script type=\"application\/ld+json\" class=\"yoast-schema-graph\">{\"@context\":\"https:\\\/\\\/schema.org\",\"@graph\":[{\"@type\":[\"WebPage\",\"ItemPage\"],\"@id\":\"https:\\\/\\\/www.mexicanguitarplayers.com\\\/tienda\\\/sin categor\u00eda\\\/pedal-source-audio-lunar-phaser\\\/\",\"url\":\"https:\\\/\\\/www.mexicanguitarplayers.com\\\/tienda\\\/sin categor\u00eda\\\/pedal-source-audio-lunar-phaser\\\/\",\"name\":\"PEDAL SOURCE AUDIO LUNAR PHASER - Mexican Guitar Players\",\"isPartOf\":{\"@id\":\"https:\\\/\\\/www.mexicanguitarplayers.com\\\/#website\"},\"primaryImageOfPage\":{\"@id\":\"https:\\\/\\\/www.mexicanguitarplayers.com\\\/tienda\\\/sin categor\u00eda\\\/pedal-source-audio-lunar-phaser\\\/#primaryimage\"},\"image\":{\"@id\":\"https:\\\/\\\/www.mexicanguitarplayers.com\\\/tienda\\\/sin categor\u00eda\\\/pedal-source-audio-lunar-phaser\\\/#primaryimage\"},\"thumbnailUrl\":\"https:\\\/\\\/www.mexicanguitarplayers.com\\\/wp-content\\\/uploads\\\/2025\\\/04\\\/VASIOSA241.jpg\",\"datePublished\":\"2025-04-09T13:19:25+00:00\",\"dateModified\":\"2026-04-10T10:19:06+00:00\",\"description\":\"Pedal phaser, 3 estilos de modulaci\u00f3n: vibe (efecto thumping uni-vibe), cl\u00e1sico (phaser resonante y cremoso de 4 etapas) y multi (phaser de 8 etapas altamente animado pero suave y satisfactorio), perilla Shape que modifica gradualmente la forma de onda LFO, jacks est\u00e9reo de entrada y salida, crea modulaci\u00f3n profunda y amplia, compatibilidad con app Neuro Mobile, bypass universal (selecciona entre buffer anal\u00f3gico o true bypass basado en rel\u00e9), control de expresi\u00f3n, tap tempo, switch de tap tempo externo, dimensiones: 114.3 x 69.8 x 50.8 mm (incluyendo perillas).\",\"breadcrumb\":{\"@id\":\"https:\\\/\\\/www.mexicanguitarplayers.com\\\/tienda\\\/sin categor\u00eda\\\/pedal-source-audio-lunar-phaser\\\/#breadcrumb\"},\"inLanguage\":\"en-US\",\"potentialAction\":[{\"@type\":\"ReadAction\",\"target\":[\"https:\\\/\\\/www.mexicanguitarplayers.com\\\/tienda\\\/sin categor\u00eda\\\/pedal-source-audio-lunar-phaser\\\/\"]}]},{\"@type\":\"ImageObject\",\"inLanguage\":\"en-US\",\"@id\":\"https:\\\/\\\/www.mexicanguitarplayers.com\\\/tienda\\\/sin categor\u00eda\\\/pedal-source-audio-lunar-phaser\\\/#primaryimage\",\"url\":\"https:\\\/\\\/www.mexicanguitarplayers.com\\\/wp-content\\\/uploads\\\/2025\\\/04\\\/VASIOSA241.jpg\",\"contentUrl\":\"https:\\\/\\\/www.mexicanguitarplayers.com\\\/wp-content\\\/uploads\\\/2025\\\/04\\\/VASIOSA241.jpg\",\"width\":800,\"height\":1600},{\"@type\":\"BreadcrumbList\",\"@id\":\"https:\\\/\\\/www.mexicanguitarplayers.com\\\/tienda\\\/sin categor\u00eda\\\/pedal-source-audio-lunar-phaser\\\/#breadcrumb\",\"itemListElement\":[{\"@type\":\"ListItem\",\"position\":1,\"name\":\"Portada\",\"item\":\"https:\\\/\\\/www.mexicanguitarplayers.com\\\/\"},{\"@type\":\"ListItem\",\"position\":2,\"name\":\"Tienda\",\"item\":\"https:\\\/\\\/www.mexicanguitarplayers.com\\\/tienda\\\/\"},{\"@type\":\"ListItem\",\"position\":3,\"name\":\"PEDAL SOURCE AUDIO LUNAR PHASER\"}]},{\"@type\":\"WebSite\",\"@id\":\"https:\\\/\\\/www.mexicanguitarplayers.com\\\/#website\",\"url\":\"https:\\\/\\\/www.mexicanguitarplayers.com\\\/\",\"name\":\"Mexican Guitar Players\",\"description\":\"Website\",\"publisher\":{\"@id\":\"https:\\\/\\\/www.mexicanguitarplayers.com\\\/#organization\"},\"potentialAction\":[{\"@type\":\"SearchAction\",\"target\":{\"@type\":\"EntryPoint\",\"urlTemplate\":\"https:\\\/\\\/www.mexicanguitarplayers.com\\\/?s={search_term_string}\"},\"query-input\":{\"@type\":\"PropertyValueSpecification\",\"valueRequired\":true,\"valueName\":\"search_term_string\"}}],\"inLanguage\":\"en-US\"},{\"@type\":\"Organization\",\"@id\":\"https:\\\/\\\/www.mexicanguitarplayers.com\\\/#organization\",\"name\":\"Mexican Guitar Players\",\"url\":\"https:\\\/\\\/www.mexicanguitarplayers.com\\\/\",\"logo\":{\"@type\":\"ImageObject\",\"inLanguage\":\"en-US\",\"@id\":\"https:\\\/\\\/www.mexicanguitarplayers.com\\\/#\\\/schema\\\/logo\\\/image\\\/\",\"url\":\"\",\"contentUrl\":\"\",\"caption\":\"Mexican Guitar Players\"},\"image\":{\"@id\":\"https:\\\/\\\/www.mexicanguitarplayers.com\\\/#\\\/schema\\\/logo\\\/image\\\/\"}}]}<\/script>\n<!-- \/ Yoast SEO plugin. -->","yoast_head_json":{"title":"PEDAL SOURCE AUDIO LUNAR PHASER - Mexican Guitar Players","description":"Pedal phaser, 3 estilos de modulaci\u00f3n: vibe (efecto thumping uni-vibe), cl\u00e1sico (phaser resonante y cremoso de 4 etapas) y multi (phaser de 8 etapas altamente animado pero suave y satisfactorio), perilla Shape que modifica gradualmente la forma de onda LFO, jacks est\u00e9reo de entrada y salida, crea modulaci\u00f3n profunda y amplia, compatibilidad con app Neuro Mobile, bypass universal (selecciona entre buffer anal\u00f3gico o true bypass basado en rel\u00e9), control de expresi\u00f3n, tap tempo, switch de tap tempo externo, dimensiones: 114.3 x 69.8 x 50.8 mm (incluyendo perillas).","robots":{"index":"index","follow":"follow","max-snippet":"max-snippet:-1","max-image-preview":"max-image-preview:large","max-video-preview":"max-video-preview:-1"},"canonical":"https:\/\/www.mexicanguitarplayers.com\/en\/tienda\/sin categor\u00eda\/pedal-source-audio-lunar-phaser\/","og_locale":"en_US","og_type":"article","og_title":"PEDAL SOURCE AUDIO LUNAR PHASER - Mexican Guitar Players","og_description":"Pedal phaser, 3 estilos de modulaci\u00f3n: vibe (efecto thumping uni-vibe), cl\u00e1sico (phaser resonante y cremoso de 4 etapas) y multi (phaser de 8 etapas altamente animado pero suave y satisfactorio), perilla Shape que modifica gradualmente la forma de onda LFO, jacks est\u00e9reo de entrada y salida, crea modulaci\u00f3n profunda y amplia, compatibilidad con app Neuro Mobile, bypass universal (selecciona entre buffer anal\u00f3gico o true bypass basado en rel\u00e9), control de expresi\u00f3n, tap tempo, switch de tap tempo externo, dimensiones: 114.3 x 69.8 x 50.8 mm (incluyendo perillas).","og_url":"https:\/\/www.mexicanguitarplayers.com\/en\/tienda\/sin categor\u00eda\/pedal-source-audio-lunar-phaser\/","og_site_name":"Mexican Guitar Players","article_modified_time":"2026-04-10T10:19:06+00:00","twitter_card":"summary_large_image","twitter_misc":{"Est. reading time":"2 minutes"},"schema":{"@context":"https:\/\/schema.org","@graph":[{"@type":["WebPage","ItemPage"],"@id":"https:\/\/www.mexicanguitarplayers.com\/tienda\/sin categor\u00eda\/pedal-source-audio-lunar-phaser\/","url":"https:\/\/www.mexicanguitarplayers.com\/tienda\/sin categor\u00eda\/pedal-source-audio-lunar-phaser\/","name":"PEDAL SOURCE AUDIO LUNAR PHASER - Mexican Guitar Players","isPartOf":{"@id":"https:\/\/www.mexicanguitarplayers.com\/#website"},"primaryImageOfPage":{"@id":"https:\/\/www.mexicanguitarplayers.com\/tienda\/sin categor\u00eda\/pedal-source-audio-lunar-phaser\/#primaryimage"},"image":{"@id":"https:\/\/www.mexicanguitarplayers.com\/tienda\/sin categor\u00eda\/pedal-source-audio-lunar-phaser\/#primaryimage"},"thumbnailUrl":"https:\/\/www.mexicanguitarplayers.com\/wp-content\/uploads\/2025\/04\/VASIOSA241.jpg","datePublished":"2025-04-09T13:19:25+00:00","dateModified":"2026-04-10T10:19:06+00:00","description":"Pedal phaser, 3 estilos de modulaci\u00f3n: vibe (efecto thumping uni-vibe), cl\u00e1sico (phaser resonante y cremoso de 4 etapas) y multi (phaser de 8 etapas altamente animado pero suave y satisfactorio), perilla Shape que modifica gradualmente la forma de onda LFO, jacks est\u00e9reo de entrada y salida, crea modulaci\u00f3n profunda y amplia, compatibilidad con app Neuro Mobile, bypass universal (selecciona entre buffer anal\u00f3gico o true bypass basado en rel\u00e9), control de expresi\u00f3n, tap tempo, switch de tap tempo externo, dimensiones: 114.3 x 69.8 x 50.8 mm (incluyendo perillas).","breadcrumb":{"@id":"https:\/\/www.mexicanguitarplayers.com\/tienda\/sin categor\u00eda\/pedal-source-audio-lunar-phaser\/#breadcrumb"},"inLanguage":"en-US","potentialAction":[{"@type":"ReadAction","target":["https:\/\/www.mexicanguitarplayers.com\/tienda\/sin categor\u00eda\/pedal-source-audio-lunar-phaser\/"]}]},{"@type":"ImageObject","inLanguage":"en-US","@id":"https:\/\/www.mexicanguitarplayers.com\/tienda\/sin categor\u00eda\/pedal-source-audio-lunar-phaser\/#primaryimage","url":"https:\/\/www.mexicanguitarplayers.com\/wp-content\/uploads\/2025\/04\/VASIOSA241.jpg","contentUrl":"https:\/\/www.mexicanguitarplayers.com\/wp-content\/uploads\/2025\/04\/VASIOSA241.jpg","width":800,"height":1600},{"@type":"BreadcrumbList","@id":"https:\/\/www.mexicanguitarplayers.com\/tienda\/sin categor\u00eda\/pedal-source-audio-lunar-phaser\/#breadcrumb","itemListElement":[{"@type":"ListItem","position":1,"name":"Portada","item":"https:\/\/www.mexicanguitarplayers.com\/"},{"@type":"ListItem","position":2,"name":"Tienda","item":"https:\/\/www.mexicanguitarplayers.com\/tienda\/"},{"@type":"ListItem","position":3,"name":"PEDAL SOURCE AUDIO LUNAR PHASER"}]},{"@type":"WebSite","@id":"https:\/\/www.mexicanguitarplayers.com\/#website","url":"https:\/\/www.mexicanguitarplayers.com\/","name":"Mexican Guitar Players","description":"Website","publisher":{"@id":"https:\/\/www.mexicanguitarplayers.com\/#organization"},"potentialAction":[{"@type":"SearchAction","target":{"@type":"EntryPoint","urlTemplate":"https:\/\/www.mexicanguitarplayers.com\/?s={search_term_string}"},"query-input":{"@type":"PropertyValueSpecification","valueRequired":true,"valueName":"search_term_string"}}],"inLanguage":"en-US"},{"@type":"Organization","@id":"https:\/\/www.mexicanguitarplayers.com\/#organization","name":"Mexican Guitar Players","url":"https:\/\/www.mexicanguitarplayers.com\/","logo":{"@type":"ImageObject","inLanguage":"en-US","@id":"https:\/\/www.mexicanguitarplayers.com\/#\/schema\/logo\/image\/","url":"","contentUrl":"","caption":"Mexican Guitar Players"},"image":{"@id":"https:\/\/www.mexicanguitarplayers.com\/#\/schema\/logo\/image\/"}}]}},"brands":[{"id":608,"name":"AUDIO SOURCE","slug":"source-audio"}],"_links":{"self":[{"href":"https:\/\/www.mexicanguitarplayers.com\/en\/wp-json\/wp\/v2\/product\/40923","targetHints":{"allow":["GET"]}}],"collection":[{"href":"https:\/\/www.mexicanguitarplayers.com\/en\/wp-json\/wp\/v2\/product"}],"about":[{"href":"https:\/\/www.mexicanguitarplayers.com\/en\/wp-json\/wp\/v2\/types\/product"}],"replies":[{"embeddable":true,"href":"https:\/\/www.mexicanguitarplayers.com\/en\/wp-json\/wp\/v2\/comments?post=40923"}],"wp:featuredmedia":[{"embeddable":true,"href":"https:\/\/www.mexicanguitarplayers.com\/en\/wp-json\/wp\/v2\/media\/40922"}],"wp:attachment":[{"href":"https:\/\/www.mexicanguitarplayers.com\/en\/wp-json\/wp\/v2\/media?parent=40923"}],"wp:term":[{"taxonomy":"pwb-brand","embeddable":true,"href":"https:\/\/www.mexicanguitarplayers.com\/en\/wp-json\/wp\/v2\/pwb-brand?post=40923"},{"taxonomy":"product_brand","embeddable":true,"href":"https:\/\/www.mexicanguitarplayers.com\/en\/wp-json\/wp\/v2\/product_brand?post=40923"},{"taxonomy":"product_cat","embeddable":true,"href":"https:\/\/www.mexicanguitarplayers.com\/en\/wp-json\/wp\/v2\/product_cat?post=40923"},{"taxonomy":"product_tag","embeddable":true,"href":"https:\/\/www.mexicanguitarplayers.com\/en\/wp-json\/wp\/v2\/product_tag?post=40923"}],"curies":[{"name":"wp","href":"https:\/\/api.w.org\/{rel}","templated":true}]}}