{"id":40928,"date":"2025-04-09T07:19:32","date_gmt":"2025-04-09T13:19:32","guid":{"rendered":"https:\/\/www.mexicanguitarplayers.com\/tienda\/sin categor\u00eda\/pedal-t-c-p-guitarra-mod-bucket-brigade-analog-delay\/"},"modified":"2026-05-01T07:17:13","modified_gmt":"2026-05-01T13:17:13","slug":"pedal-t-c-p-guitarra-mod-bucket-brigade-analog-delay","status":"publish","type":"product","link":"https:\/\/www.mexicanguitarplayers.com\/en\/tienda\/cuerdas\/efectos\/efectos-individuales\/pedal-t-c-p-guitarra-mod-bucket-brigade-analog-delay\/","title":{"rendered":"PEDAL T.C. P\/GUITARRA MOD. BUCKET BRIGADE ANALOG DELAY"},"content":{"rendered":"<div style=\"text-align: justify\">\n<div>\n<h3>El Regimiento de la Repetici\u00f3n.<\/h3>\n<\/div>\n<div>Encontrar\u00e1s a los combatientes cl\u00e1sicos del dispositivo Bucket Brigade dentro de este resistente y compacto maestro de la repetici\u00f3n. Queremos que tenga esa vibra vintage distintiva y genuina que solo un verdadero dise\u00f1o BDD anal\u00f3gico puede brindarte. Cuando desees escuchar tus \u00faltimas notas en repetici\u00f3n, la l\u00ednea de delay articulada del Bucket Brigade y las reproducciones de sonido c\u00e1lido seguramente te pondr\u00e1n una gran sonrisa en la cara. Misi\u00f3n cumplida. La duraci\u00f3n del delay es clave para cualquier pedal de delay y en ese sentido, Bucket Brigade viene con una resistencia que est\u00e1 a la par con el Stallone aficionado de los a\u00f1os 80. Cuando giras la perilla Feedback al m\u00e1ximo, llegar\u00e1s a no menos de 600 ms de delicioso delay que sigue dando&#8230; dando&#8230; dando. Repetir es sencillo, pero repetir con calidez, hacer que los seguimientos sean sorprendentemente elegantes y no menos musicales, requiere un conjunto de habilidades muy particular. Bucket Brigade nace con ese conjunto de habilidades y trata la l\u00ednea de retardo con una serie de filtros cuidadosamente elaborados en el circuito en el circuito de retroalimentaci\u00f3n, lo que da como resultado repeticiones deliciosamente c\u00e1lidas. Si deseas que tu delay obtenga una dimensi\u00f3n adicional, nos aseguramos de que puedas aplicarlo sin esfuerzo con solo presionar un switch. Activa el switch MOD y Bucket Brigade agregar\u00e1 modulaci\u00f3n a las notas retardadas de tu se\u00f1al. Hemos marcado una velocidad de modulaci\u00f3n fija, pero puedes ajustarla a tu gusto a trav\u00e9s de un potenci\u00f3metro de ajuste SPEED interno. Ajusta la perilla DEPTH para moverte r\u00e1pida y \u00e1gilmente entre los per\u00edmetros exteriores del campo de modulaci\u00f3n. Cuando ir all\u00ed y d\u00f3nde instalar el campamento depende completamente de ti. En el vientre de esta bestia de retardo encontrar\u00e1s un dise\u00f1o anal\u00f3gico de pared a pared que adaptamos con precisi\u00f3n de grado militar con el \u00fanico prop\u00f3sito de poner la herramienta de expresi\u00f3n m\u00e1s poderosa en tus capaces manos. \u00bfEs posible que un pedal suene antiguo y fresco al mismo tiempo? La respuesta es s\u00ed. Bucket Brigade uno lo mejor del pasado y del presente con elegancia en un solo pedal. A pesar de que obtienes una asombrosa longitud de delay de 600 ms y modulaci\u00f3n opciones, Bucket Brigade mantiene su tama\u00f1o compacto y cabe f\u00e1cilmente en cualquier pedalera. Y mientras estamos en eso, con los jacks montados en la parte superior, puedes optimizar a\u00fan m\u00e1s el espacio limitado de tu pedalera. Esta brigada nunca sacar\u00e1 la primera sangre, pero si surgen problemas, est\u00e1 lista para tomar posici\u00f3n y mantenerse firme a toda costa. Desde el chasis s\u00f3lido hasta las perillas, el switch y el footswitch, s\u00f3lo ponlo en marcha. No es solo tan aficionado como Stallone en los a\u00f1os 80, tambi\u00e9n es como la supervivencia. Gracias al dise\u00f1o True Bypass, la se\u00f1al original de tu guitarra tiene un paso seguro a trav\u00e9s del Bucket Brigade sin coloraci\u00f3n s\u00f3nica de ning\u00fan tipo cuando no est\u00e1 activada. Cuando se pincha, obviamente cambiar\u00e1 su sonido, como se pretend\u00eda, pero una vez m\u00e1s tu se\u00f1al original es sagrada, por lo que cuando ajustas la perilla VOL solo se ven afectadas las notas retrasadas. Tu tono original permanecer\u00e1 recto y verdadero en todo momento.<\/div>\n<div>\n<h4>Quick look<\/h4>\n<\/div>\n<ul style=\"margin: 0px 0px 0px 25px\">\n<li style=\"list-style-type: circle;margin: 5px\">Entrance.<\/li>\n<li style=\"list-style-type: circle;margin: 5px\">Impedance.<\/li>\n<li style=\"list-style-type: circle;margin: 5px\">Departure.<\/li>\n<li style=\"list-style-type: circle;margin: 5px\">Power input.<\/li>\n<li style=\"list-style-type: circle;margin: 5px\">Dimensions.<\/li>\n<li style=\"list-style-type: circle;margin: 5px\">Weight.<\/li>\n<\/ul>\n<div>\n<div style=\"font-weight: bold\">Entrance.<\/div>\n<div>\n<p>Jack TS 1\/4&#8243; desbalanceado.<\/p>\n<\/div>\n<div style=\"font-weight: bold\">Impedance.<\/div>\n<div>\n<p>&gt; 350 kilo-ohms.<\/p>\n<\/div>\n<div style=\"font-weight: bold\">Departure.<\/div>\n<div>\n<p>Jack TS 1\/4&#8243; desbalanceado.<\/p>\n<\/div>\n<div style=\"font-weight: bold\">Power input.<\/div>\n<div>\n<p>Est\u00e1ndar 9 V DC, centro negativo, 40 mA.<\/p>\n<\/div>\n<div style=\"font-weight: bold\">Dimensions.<\/div>\n<div>\n<p>95 x 57 x 56 mm.<\/p>\n<\/div>\n<div style=\"font-weight: bold\">Weight.<\/div>\n<div>\n<p>0.30 kg.<\/p>\n<\/div>\n<\/div>\n<\/div>","protected":false},"excerpt":{"rendered":"<p>Pedal de delay BBD anal\u00f3gico estilo vintage con tiempo de retardo de 600 ms, repeticiones c\u00e1lidas, modulaci\u00f3n opcional y control de profundidad, l\u00ednea de delay pr\u00edstina con repeticiones exuberantes y c\u00e1lidas, switch de modulaci\u00f3n opcional que agrega un hermoso efecto de chorus al delay, la perilla de profundidad ajusta la intensidad de la modulaci\u00f3n, el potenci\u00f3metro interno ajusta la velocidad de modulaci\u00f3n, el circuito totalmente anal\u00f3gico produce tonos ricos y c\u00e1lidos, tama\u00f1o compacto que cabe en cualquier pedalera, los jacks montados en la parte superior permiten apilar m\u00e1s pedales en tu pedalera, dise\u00f1ado para el uso rudo, true bypass para una m\u00e1xima integridad de la se\u00f1al, dimensiones: 95 x 57 x 56 mm, peso: 0.30 kg.&hellip; <a class=\"kt-excerpt-readmore more-link\" href=\"https:\/\/www.mexicanguitarplayers.com\/en\/tienda\/cuerdas\/efectos\/efectos-individuales\/pedal-t-c-p-guitarra-mod-bucket-brigade-analog-delay\/\">Read more<\/a><\/p>","protected":false},"featured_media":40924,"comment_status":"open","ping_status":"closed","template":"","meta":{"kt_blocks_editor_width":""},"pwb-brand":[170],"product_brand":[],"product_cat":[224,241,504],"product_tag":[],"class_list":{"0":"post-40928","1":"product","2":"type-product","3":"status-publish","4":"has-post-thumbnail","6":"pwb-brand-tc-electronic","7":"product_cat-cuerdas","8":"product_cat-efectos","9":"product_cat-efectos-individuales","10":"product_shipping_class-0-5-kg","12":"first","13":"instock","14":"taxable","15":"shipping-taxable","16":"purchasable","17":"product-type-simple"},"yoast_head":"<!-- This site is optimized with the Yoast SEO plugin v27.5 - https:\/\/yoast.com\/product\/yoast-seo-wordpress\/ -->\n<title>PEDAL T.C. P\/GUITARRA MOD. BUCKET BRIGADE ANALOG DELAY - Mexican Guitar Players<\/title>\n<meta name=\"description\" content=\"Pedal de delay BBD anal\u00f3gico estilo vintage con tiempo de retardo de 600 ms, repeticiones c\u00e1lidas, modulaci\u00f3n opcional y control de profundidad, l\u00ednea de delay pr\u00edstina con repeticiones exuberantes y c\u00e1lidas, switch de modulaci\u00f3n opcional que agrega un hermoso efecto de chorus al delay, la perilla de profundidad ajusta la intensidad de la modulaci\u00f3n, el potenci\u00f3metro interno ajusta la velocidad de modulaci\u00f3n, el circuito totalmente anal\u00f3gico produce tonos ricos y c\u00e1lidos, tama\u00f1o compacto que cabe en cualquier pedalera, los jacks montados en la parte superior permiten apilar m\u00e1s pedales en tu pedalera, dise\u00f1ado para el uso rudo, true bypass para una m\u00e1xima integridad de la se\u00f1al, dimensiones: 95 x 57 x 56 mm, peso: 0.30 kg.\" \/>\n<meta name=\"robots\" content=\"index, follow, max-snippet:-1, max-image-preview:large, max-video-preview:-1\" \/>\n<link rel=\"canonical\" href=\"https:\/\/www.mexicanguitarplayers.com\/en\/tienda\/sin%20categor\u00eda\/pedal-t-c-p-guitarra-mod-bucket-brigade-analog-delay\/\" \/>\n<meta property=\"og:locale\" content=\"en_US\" \/>\n<meta property=\"og:type\" content=\"article\" \/>\n<meta property=\"og:title\" content=\"PEDAL T.C. P\/GUITARRA MOD. BUCKET BRIGADE ANALOG DELAY - Mexican Guitar Players\" \/>\n<meta property=\"og:description\" content=\"Pedal de delay BBD anal\u00f3gico estilo vintage con tiempo de retardo de 600 ms, repeticiones c\u00e1lidas, modulaci\u00f3n opcional y control de profundidad, l\u00ednea de delay pr\u00edstina con repeticiones exuberantes y c\u00e1lidas, switch de modulaci\u00f3n opcional que agrega un hermoso efecto de chorus al delay, la perilla de profundidad ajusta la intensidad de la modulaci\u00f3n, el potenci\u00f3metro interno ajusta la velocidad de modulaci\u00f3n, el circuito totalmente anal\u00f3gico produce tonos ricos y c\u00e1lidos, tama\u00f1o compacto que cabe en cualquier pedalera, los jacks montados en la parte superior permiten apilar m\u00e1s pedales en tu pedalera, dise\u00f1ado para el uso rudo, true bypass para una m\u00e1xima integridad de la se\u00f1al, dimensiones: 95 x 57 x 56 mm, peso: 0.30 kg.\" \/>\n<meta property=\"og:url\" content=\"https:\/\/www.mexicanguitarplayers.com\/en\/tienda\/sin categor\u00eda\/pedal-t-c-p-guitarra-mod-bucket-brigade-analog-delay\/\" \/>\n<meta property=\"og:site_name\" content=\"Mexican Guitar Players\" \/>\n<meta property=\"article:modified_time\" content=\"2026-05-01T13:17:13+00:00\" \/>\n<meta name=\"twitter:card\" content=\"summary_large_image\" \/>\n<meta name=\"twitter:label1\" content=\"Est. reading time\" \/>\n\t<meta name=\"twitter:data1\" content=\"3 minutes\" \/>\n<script type=\"application\/ld+json\" class=\"yoast-schema-graph\">{\"@context\":\"https:\\\/\\\/schema.org\",\"@graph\":[{\"@type\":[\"WebPage\",\"ItemPage\"],\"@id\":\"https:\\\/\\\/www.mexicanguitarplayers.com\\\/tienda\\\/sin categor\u00eda\\\/pedal-t-c-p-guitarra-mod-bucket-brigade-analog-delay\\\/\",\"url\":\"https:\\\/\\\/www.mexicanguitarplayers.com\\\/tienda\\\/sin categor\u00eda\\\/pedal-t-c-p-guitarra-mod-bucket-brigade-analog-delay\\\/\",\"name\":\"PEDAL T.C. P\\\/GUITARRA MOD. BUCKET BRIGADE ANALOG DELAY - Mexican Guitar Players\",\"isPartOf\":{\"@id\":\"https:\\\/\\\/www.mexicanguitarplayers.com\\\/#website\"},\"primaryImageOfPage\":{\"@id\":\"https:\\\/\\\/www.mexicanguitarplayers.com\\\/tienda\\\/sin categor\u00eda\\\/pedal-t-c-p-guitarra-mod-bucket-brigade-analog-delay\\\/#primaryimage\"},\"image\":{\"@id\":\"https:\\\/\\\/www.mexicanguitarplayers.com\\\/tienda\\\/sin categor\u00eda\\\/pedal-t-c-p-guitarra-mod-bucket-brigade-analog-delay\\\/#primaryimage\"},\"thumbnailUrl\":\"https:\\\/\\\/www.mexicanguitarplayers.com\\\/wp-content\\\/uploads\\\/2025\\\/04\\\/VATCEBUCKEBRAN.jpg\",\"datePublished\":\"2025-04-09T13:19:32+00:00\",\"dateModified\":\"2026-05-01T13:17:13+00:00\",\"description\":\"Pedal de delay BBD anal\u00f3gico estilo vintage con tiempo de retardo de 600 ms, repeticiones c\u00e1lidas, modulaci\u00f3n opcional y control de profundidad, l\u00ednea de delay pr\u00edstina con repeticiones exuberantes y c\u00e1lidas, switch de modulaci\u00f3n opcional que agrega un hermoso efecto de chorus al delay, la perilla de profundidad ajusta la intensidad de la modulaci\u00f3n, el potenci\u00f3metro interno ajusta la velocidad de modulaci\u00f3n, el circuito totalmente anal\u00f3gico produce tonos ricos y c\u00e1lidos, tama\u00f1o compacto que cabe en cualquier pedalera, los jacks montados en la parte superior permiten apilar m\u00e1s pedales en tu pedalera, dise\u00f1ado para el uso rudo, true bypass para una m\u00e1xima integridad de la se\u00f1al, dimensiones: 95 x 57 x 56 mm, peso: 0.30 kg.\",\"breadcrumb\":{\"@id\":\"https:\\\/\\\/www.mexicanguitarplayers.com\\\/tienda\\\/sin categor\u00eda\\\/pedal-t-c-p-guitarra-mod-bucket-brigade-analog-delay\\\/#breadcrumb\"},\"inLanguage\":\"en-US\",\"potentialAction\":[{\"@type\":\"ReadAction\",\"target\":[\"https:\\\/\\\/www.mexicanguitarplayers.com\\\/tienda\\\/sin categor\u00eda\\\/pedal-t-c-p-guitarra-mod-bucket-brigade-analog-delay\\\/\"]}]},{\"@type\":\"ImageObject\",\"inLanguage\":\"en-US\",\"@id\":\"https:\\\/\\\/www.mexicanguitarplayers.com\\\/tienda\\\/sin categor\u00eda\\\/pedal-t-c-p-guitarra-mod-bucket-brigade-analog-delay\\\/#primaryimage\",\"url\":\"https:\\\/\\\/www.mexicanguitarplayers.com\\\/wp-content\\\/uploads\\\/2025\\\/04\\\/VATCEBUCKEBRAN.jpg\",\"contentUrl\":\"https:\\\/\\\/www.mexicanguitarplayers.com\\\/wp-content\\\/uploads\\\/2025\\\/04\\\/VATCEBUCKEBRAN.jpg\",\"width\":1200,\"height\":1200},{\"@type\":\"BreadcrumbList\",\"@id\":\"https:\\\/\\\/www.mexicanguitarplayers.com\\\/tienda\\\/sin categor\u00eda\\\/pedal-t-c-p-guitarra-mod-bucket-brigade-analog-delay\\\/#breadcrumb\",\"itemListElement\":[{\"@type\":\"ListItem\",\"position\":1,\"name\":\"Portada\",\"item\":\"https:\\\/\\\/www.mexicanguitarplayers.com\\\/\"},{\"@type\":\"ListItem\",\"position\":2,\"name\":\"Tienda\",\"item\":\"https:\\\/\\\/www.mexicanguitarplayers.com\\\/tienda\\\/\"},{\"@type\":\"ListItem\",\"position\":3,\"name\":\"PEDAL T.C. P\\\/GUITARRA MOD. BUCKET BRIGADE ANALOG DELAY\"}]},{\"@type\":\"WebSite\",\"@id\":\"https:\\\/\\\/www.mexicanguitarplayers.com\\\/#website\",\"url\":\"https:\\\/\\\/www.mexicanguitarplayers.com\\\/\",\"name\":\"Mexican Guitar Players\",\"description\":\"Website\",\"publisher\":{\"@id\":\"https:\\\/\\\/www.mexicanguitarplayers.com\\\/#organization\"},\"potentialAction\":[{\"@type\":\"SearchAction\",\"target\":{\"@type\":\"EntryPoint\",\"urlTemplate\":\"https:\\\/\\\/www.mexicanguitarplayers.com\\\/?s={search_term_string}\"},\"query-input\":{\"@type\":\"PropertyValueSpecification\",\"valueRequired\":true,\"valueName\":\"search_term_string\"}}],\"inLanguage\":\"en-US\"},{\"@type\":\"Organization\",\"@id\":\"https:\\\/\\\/www.mexicanguitarplayers.com\\\/#organization\",\"name\":\"Mexican Guitar Players\",\"url\":\"https:\\\/\\\/www.mexicanguitarplayers.com\\\/\",\"logo\":{\"@type\":\"ImageObject\",\"inLanguage\":\"en-US\",\"@id\":\"https:\\\/\\\/www.mexicanguitarplayers.com\\\/#\\\/schema\\\/logo\\\/image\\\/\",\"url\":\"\",\"contentUrl\":\"\",\"caption\":\"Mexican Guitar Players\"},\"image\":{\"@id\":\"https:\\\/\\\/www.mexicanguitarplayers.com\\\/#\\\/schema\\\/logo\\\/image\\\/\"}}]}<\/script>\n<!-- \/ Yoast SEO plugin. -->","yoast_head_json":{"title":"PEDAL T.C. P\/GUITARRA MOD. BUCKET BRIGADE ANALOG DELAY - Mexican Guitar Players","description":"Pedal de delay BBD anal\u00f3gico estilo vintage con tiempo de retardo de 600 ms, repeticiones c\u00e1lidas, modulaci\u00f3n opcional y control de profundidad, l\u00ednea de delay pr\u00edstina con repeticiones exuberantes y c\u00e1lidas, switch de modulaci\u00f3n opcional que agrega un hermoso efecto de chorus al delay, la perilla de profundidad ajusta la intensidad de la modulaci\u00f3n, el potenci\u00f3metro interno ajusta la velocidad de modulaci\u00f3n, el circuito totalmente anal\u00f3gico produce tonos ricos y c\u00e1lidos, tama\u00f1o compacto que cabe en cualquier pedalera, los jacks montados en la parte superior permiten apilar m\u00e1s pedales en tu pedalera, dise\u00f1ado para el uso rudo, true bypass para una m\u00e1xima integridad de la se\u00f1al, dimensiones: 95 x 57 x 56 mm, peso: 0.30 kg.","robots":{"index":"index","follow":"follow","max-snippet":"max-snippet:-1","max-image-preview":"max-image-preview:large","max-video-preview":"max-video-preview:-1"},"canonical":"https:\/\/www.mexicanguitarplayers.com\/en\/tienda\/sin categor\u00eda\/pedal-t-c-p-guitarra-mod-bucket-brigade-analog-delay\/","og_locale":"en_US","og_type":"article","og_title":"PEDAL T.C. P\/GUITARRA MOD. BUCKET BRIGADE ANALOG DELAY - Mexican Guitar Players","og_description":"Pedal de delay BBD anal\u00f3gico estilo vintage con tiempo de retardo de 600 ms, repeticiones c\u00e1lidas, modulaci\u00f3n opcional y control de profundidad, l\u00ednea de delay pr\u00edstina con repeticiones exuberantes y c\u00e1lidas, switch de modulaci\u00f3n opcional que agrega un hermoso efecto de chorus al delay, la perilla de profundidad ajusta la intensidad de la modulaci\u00f3n, el potenci\u00f3metro interno ajusta la velocidad de modulaci\u00f3n, el circuito totalmente anal\u00f3gico produce tonos ricos y c\u00e1lidos, tama\u00f1o compacto que cabe en cualquier pedalera, los jacks montados en la parte superior permiten apilar m\u00e1s pedales en tu pedalera, dise\u00f1ado para el uso rudo, true bypass para una m\u00e1xima integridad de la se\u00f1al, dimensiones: 95 x 57 x 56 mm, peso: 0.30 kg.","og_url":"https:\/\/www.mexicanguitarplayers.com\/en\/tienda\/sin categor\u00eda\/pedal-t-c-p-guitarra-mod-bucket-brigade-analog-delay\/","og_site_name":"Mexican Guitar Players","article_modified_time":"2026-05-01T13:17:13+00:00","twitter_card":"summary_large_image","twitter_misc":{"Est. reading time":"3 minutes"},"schema":{"@context":"https:\/\/schema.org","@graph":[{"@type":["WebPage","ItemPage"],"@id":"https:\/\/www.mexicanguitarplayers.com\/tienda\/sin categor\u00eda\/pedal-t-c-p-guitarra-mod-bucket-brigade-analog-delay\/","url":"https:\/\/www.mexicanguitarplayers.com\/tienda\/sin categor\u00eda\/pedal-t-c-p-guitarra-mod-bucket-brigade-analog-delay\/","name":"PEDAL T.C. P\/GUITARRA MOD. BUCKET BRIGADE ANALOG DELAY - Mexican Guitar Players","isPartOf":{"@id":"https:\/\/www.mexicanguitarplayers.com\/#website"},"primaryImageOfPage":{"@id":"https:\/\/www.mexicanguitarplayers.com\/tienda\/sin categor\u00eda\/pedal-t-c-p-guitarra-mod-bucket-brigade-analog-delay\/#primaryimage"},"image":{"@id":"https:\/\/www.mexicanguitarplayers.com\/tienda\/sin categor\u00eda\/pedal-t-c-p-guitarra-mod-bucket-brigade-analog-delay\/#primaryimage"},"thumbnailUrl":"https:\/\/www.mexicanguitarplayers.com\/wp-content\/uploads\/2025\/04\/VATCEBUCKEBRAN.jpg","datePublished":"2025-04-09T13:19:32+00:00","dateModified":"2026-05-01T13:17:13+00:00","description":"Pedal de delay BBD anal\u00f3gico estilo vintage con tiempo de retardo de 600 ms, repeticiones c\u00e1lidas, modulaci\u00f3n opcional y control de profundidad, l\u00ednea de delay pr\u00edstina con repeticiones exuberantes y c\u00e1lidas, switch de modulaci\u00f3n opcional que agrega un hermoso efecto de chorus al delay, la perilla de profundidad ajusta la intensidad de la modulaci\u00f3n, el potenci\u00f3metro interno ajusta la velocidad de modulaci\u00f3n, el circuito totalmente anal\u00f3gico produce tonos ricos y c\u00e1lidos, tama\u00f1o compacto que cabe en cualquier pedalera, los jacks montados en la parte superior permiten apilar m\u00e1s pedales en tu pedalera, dise\u00f1ado para el uso rudo, true bypass para una m\u00e1xima integridad de la se\u00f1al, dimensiones: 95 x 57 x 56 mm, peso: 0.30 kg.","breadcrumb":{"@id":"https:\/\/www.mexicanguitarplayers.com\/tienda\/sin categor\u00eda\/pedal-t-c-p-guitarra-mod-bucket-brigade-analog-delay\/#breadcrumb"},"inLanguage":"en-US","potentialAction":[{"@type":"ReadAction","target":["https:\/\/www.mexicanguitarplayers.com\/tienda\/sin categor\u00eda\/pedal-t-c-p-guitarra-mod-bucket-brigade-analog-delay\/"]}]},{"@type":"ImageObject","inLanguage":"en-US","@id":"https:\/\/www.mexicanguitarplayers.com\/tienda\/sin categor\u00eda\/pedal-t-c-p-guitarra-mod-bucket-brigade-analog-delay\/#primaryimage","url":"https:\/\/www.mexicanguitarplayers.com\/wp-content\/uploads\/2025\/04\/VATCEBUCKEBRAN.jpg","contentUrl":"https:\/\/www.mexicanguitarplayers.com\/wp-content\/uploads\/2025\/04\/VATCEBUCKEBRAN.jpg","width":1200,"height":1200},{"@type":"BreadcrumbList","@id":"https:\/\/www.mexicanguitarplayers.com\/tienda\/sin categor\u00eda\/pedal-t-c-p-guitarra-mod-bucket-brigade-analog-delay\/#breadcrumb","itemListElement":[{"@type":"ListItem","position":1,"name":"Portada","item":"https:\/\/www.mexicanguitarplayers.com\/"},{"@type":"ListItem","position":2,"name":"Tienda","item":"https:\/\/www.mexicanguitarplayers.com\/tienda\/"},{"@type":"ListItem","position":3,"name":"PEDAL T.C. P\/GUITARRA MOD. BUCKET BRIGADE ANALOG DELAY"}]},{"@type":"WebSite","@id":"https:\/\/www.mexicanguitarplayers.com\/#website","url":"https:\/\/www.mexicanguitarplayers.com\/","name":"Mexican Guitar Players","description":"Website","publisher":{"@id":"https:\/\/www.mexicanguitarplayers.com\/#organization"},"potentialAction":[{"@type":"SearchAction","target":{"@type":"EntryPoint","urlTemplate":"https:\/\/www.mexicanguitarplayers.com\/?s={search_term_string}"},"query-input":{"@type":"PropertyValueSpecification","valueRequired":true,"valueName":"search_term_string"}}],"inLanguage":"en-US"},{"@type":"Organization","@id":"https:\/\/www.mexicanguitarplayers.com\/#organization","name":"Mexican Guitar Players","url":"https:\/\/www.mexicanguitarplayers.com\/","logo":{"@type":"ImageObject","inLanguage":"en-US","@id":"https:\/\/www.mexicanguitarplayers.com\/#\/schema\/logo\/image\/","url":"","contentUrl":"","caption":"Mexican Guitar Players"},"image":{"@id":"https:\/\/www.mexicanguitarplayers.com\/#\/schema\/logo\/image\/"}}]}},"brands":[{"id":170,"name":"TC-ELECTRONIC","slug":"tc-electronic"}],"_links":{"self":[{"href":"https:\/\/www.mexicanguitarplayers.com\/en\/wp-json\/wp\/v2\/product\/40928","targetHints":{"allow":["GET"]}}],"collection":[{"href":"https:\/\/www.mexicanguitarplayers.com\/en\/wp-json\/wp\/v2\/product"}],"about":[{"href":"https:\/\/www.mexicanguitarplayers.com\/en\/wp-json\/wp\/v2\/types\/product"}],"replies":[{"embeddable":true,"href":"https:\/\/www.mexicanguitarplayers.com\/en\/wp-json\/wp\/v2\/comments?post=40928"}],"wp:featuredmedia":[{"embeddable":true,"href":"https:\/\/www.mexicanguitarplayers.com\/en\/wp-json\/wp\/v2\/media\/40924"}],"wp:attachment":[{"href":"https:\/\/www.mexicanguitarplayers.com\/en\/wp-json\/wp\/v2\/media?parent=40928"}],"wp:term":[{"taxonomy":"pwb-brand","embeddable":true,"href":"https:\/\/www.mexicanguitarplayers.com\/en\/wp-json\/wp\/v2\/pwb-brand?post=40928"},{"taxonomy":"product_brand","embeddable":true,"href":"https:\/\/www.mexicanguitarplayers.com\/en\/wp-json\/wp\/v2\/product_brand?post=40928"},{"taxonomy":"product_cat","embeddable":true,"href":"https:\/\/www.mexicanguitarplayers.com\/en\/wp-json\/wp\/v2\/product_cat?post=40928"},{"taxonomy":"product_tag","embeddable":true,"href":"https:\/\/www.mexicanguitarplayers.com\/en\/wp-json\/wp\/v2\/product_tag?post=40928"}],"curies":[{"name":"wp","href":"https:\/\/api.w.org\/{rel}","templated":true}]}}