{"id":40977,"date":"2025-04-09T07:20:39","date_gmt":"2025-04-09T13:20:39","guid":{"rendered":"https:\/\/www.mexicanguitarplayers.com\/tienda\/sin categor\u00eda\/pastilla-sd-puente-sh-8b-invader\/"},"modified":"2026-04-10T04:19:00","modified_gmt":"2026-04-10T10:19:00","slug":"pastilla-sd-puente-sh-8b-invader","status":"publish","type":"product","link":"https:\/\/www.mexicanguitarplayers.com\/en\/tienda\/accesorios\/para-guitarras\/pastillas-para-guitarra-electrica\/pastilla-sd-puente-sh-8b-invader\/","title":{"rendered":"PASTILLA SD PUENTE SH-8B INVADER"},"content":{"rendered":"<div style=\"text-align: justify\">\n<div>\n<h3>Instalar una pastilla Invader cambia el ADN de tu guitarra.<\/h3>\n<\/div>\n<div>No importa lo peligrosa que suene tu pastilla est\u00e1ndar, Invader transformar\u00e1 tu guitarra en la bestia malvada y con un sonido pesado que siempre supiste que podr\u00eda ser. El poder de la Invader proviene de la combinaci\u00f3n de bobinas, especialmente enrolladas, tres grandes imanes de cer\u00e1mica y sus llamativas piezas polares de \u00f3xido de metal de gran tama\u00f1o. Estas piezas polares \u00fanicas expanden el campo magn\u00e9tico general y ampl\u00edan el espectro de frecuencia, raz\u00f3n por la cual cada nota tocada a trav\u00e9s de una pastilla Invader suena tan rica y masiva. Los imanes de cer\u00e1mica agregan profundidad y claridad, mientras que las grandes tapas hexagonales brindan un equilibrio suave de cuerda a cuerda. La pastilla Invader ofrece la respuesta de gama baja m\u00e1s gruesa y profunda de cualquier pastilla pasiva que fabricamos. Los acordes suenan casi subs\u00f3nicos con afinaciones m\u00e1s bajas, pero se equilibran muy bien con los agudos crujientes, manteniendo todo bien definido. Mientras que la pastilla Invader para puente parece mezquina y viciosa, porque es mezquina y viciosa, el humbucker Invader para brazo es sorprendentemente c\u00e1lido y suave, a pesar de su aspecto intimidante y produce un crujido grueso y un sustain quejumbroso. Construido a mano en nuestra f\u00e1brica de Santa Barbara, California, la pastilla Invader cuenta con tres grandes imanes de barra de cer\u00e1mica, postes de \u00f3xido de metal de gran tama\u00f1o, placa inferior de n\u00edquel plateado, cable conductor de 4 conductores para m\u00faltiples opciones de cableado y est\u00e1 encapsulado en cera al vac\u00edo para un rendimiento sin chirridos. La pastilla Invader est\u00e1 disponible en opciones de montaje activo y pasivo de 6, 7 y 8 cuerdas.<\/div>\n<div>\n<h4>Quick look<\/h4>\n<\/div>\n<ul style=\"margin: 0px 0px 0px 25px\">\n<li style=\"list-style-type: circle;margin: 5px\">Modelo.<\/li>\n<li style=\"list-style-type: circle;margin: 5px\">Posici\u00f3n.<\/li>\n<li style=\"list-style-type: circle;margin: 5px\">Espaciado.<\/li>\n<li style=\"list-style-type: circle;margin: 5px\">Alambrado.<\/li>\n<li style=\"list-style-type: circle;margin: 5px\">Im\u00e1n.<\/li>\n<li style=\"list-style-type: circle;margin: 5px\">DCR.<\/li>\n<\/ul>\n<div>\n<div style=\"font-weight: bold\">Modelo.<\/div>\n<div>\n<p>Invader.<\/p>\n<\/div>\n<div style=\"font-weight: bold\">Posici\u00f3n.<\/div>\n<div>\n<p>Bridge.<\/p>\n<\/div>\n<div style=\"font-weight: bold\">Espaciado.<\/div>\n<div>\n<p>Est\u00e1ndar.<\/p>\n<\/div>\n<div style=\"font-weight: bold\">Alambrado.<\/div>\n<div>\n<p>4 conductores, blindado.<\/p>\n<\/div>\n<div style=\"font-weight: bold\">Im\u00e1n.<\/div>\n<div>\n<p>Cer\u00e1mica.<\/p>\n<\/div>\n<div style=\"font-weight: bold\">DCR.<\/div>\n<div>\n<p>Puente: 16.60k.<\/p>\n<\/div>\n<\/div>\n<\/div>","protected":false},"excerpt":{"rendered":"<p>Pastilla humbucker pasiva para guitarra el\u00e9ctrica de 6 cuerdas, modelo Invader, posici\u00f3n: puente, cableado: 4 conductores, blindado, im\u00e1n: cer\u00e1mica, salida ultra alta con un sonido enorme, apariencia y sonido como ninguna otra pastilla, sonido ruidoso, vicioso y sin disculpas, el modelo de brazo combina una apariencia intimidando con un sonido c\u00e1lido y sobrio.&hellip; <a class=\"kt-excerpt-readmore more-link\" href=\"https:\/\/www.mexicanguitarplayers.com\/en\/tienda\/accesorios\/para-guitarras\/pastillas-para-guitarra-electrica\/pastilla-sd-puente-sh-8b-invader\/\">Read more<\/a><\/p>","protected":false},"featured_media":40968,"comment_status":"open","ping_status":"closed","template":"","meta":{"kt_blocks_editor_width":""},"pwb-brand":[502],"product_brand":[],"product_cat":[85,336,353],"product_tag":[],"class_list":{"0":"post-40977","1":"product","2":"type-product","3":"status-publish","4":"has-post-thumbnail","6":"pwb-brand-seymour-duncan","7":"product_cat-accesorios","8":"product_cat-para-guitarras","9":"product_cat-pastillas-para-guitarra-electrica","10":"product_shipping_class-0-5-kg","12":"first","13":"outofstock","14":"taxable","15":"shipping-taxable","16":"purchasable","17":"product-type-simple"},"yoast_head":"<!-- This site is optimized with the Yoast SEO plugin v27.5 - https:\/\/yoast.com\/product\/yoast-seo-wordpress\/ -->\n<title>PASTILLA SD PUENTE SH-8B INVADER - Mexican Guitar Players<\/title>\n<meta name=\"description\" content=\"Pastilla humbucker pasiva para guitarra el\u00e9ctrica de 6 cuerdas, modelo Invader, posici\u00f3n: puente, cableado: 4 conductores, blindado, im\u00e1n: cer\u00e1mica, salida ultra alta con un sonido enorme, apariencia y sonido como ninguna otra pastilla, sonido ruidoso, vicioso y sin disculpas, el modelo de brazo combina una apariencia intimidando con un sonido c\u00e1lido y sobrio.\" \/>\n<meta name=\"robots\" content=\"index, follow, max-snippet:-1, max-image-preview:large, max-video-preview:-1\" \/>\n<link rel=\"canonical\" href=\"https:\/\/www.mexicanguitarplayers.com\/en\/tienda\/sin%20categor\u00eda\/pastilla-sd-puente-sh-8b-invader\/\" \/>\n<meta property=\"og:locale\" content=\"en_US\" \/>\n<meta property=\"og:type\" content=\"article\" \/>\n<meta property=\"og:title\" content=\"PASTILLA SD PUENTE SH-8B INVADER - Mexican Guitar Players\" \/>\n<meta property=\"og:description\" content=\"Pastilla humbucker pasiva para guitarra el\u00e9ctrica de 6 cuerdas, modelo Invader, posici\u00f3n: puente, cableado: 4 conductores, blindado, im\u00e1n: cer\u00e1mica, salida ultra alta con un sonido enorme, apariencia y sonido como ninguna otra pastilla, sonido ruidoso, vicioso y sin disculpas, el modelo de brazo combina una apariencia intimidando con un sonido c\u00e1lido y sobrio.\" \/>\n<meta property=\"og:url\" content=\"https:\/\/www.mexicanguitarplayers.com\/en\/tienda\/sin categor\u00eda\/pastilla-sd-puente-sh-8b-invader\/\" \/>\n<meta property=\"og:site_name\" content=\"Mexican Guitar Players\" \/>\n<meta property=\"article:modified_time\" content=\"2026-04-10T10:19:00+00:00\" \/>\n<meta name=\"twitter:card\" content=\"summary_large_image\" \/>\n<meta name=\"twitter:label1\" content=\"Est. reading time\" \/>\n\t<meta name=\"twitter:data1\" content=\"2 minutes\" \/>\n<script type=\"application\/ld+json\" class=\"yoast-schema-graph\">{\"@context\":\"https:\\\/\\\/schema.org\",\"@graph\":[{\"@type\":[\"WebPage\",\"ItemPage\"],\"@id\":\"https:\\\/\\\/www.mexicanguitarplayers.com\\\/tienda\\\/sin categor\u00eda\\\/pastilla-sd-puente-sh-8b-invader\\\/\",\"url\":\"https:\\\/\\\/www.mexicanguitarplayers.com\\\/tienda\\\/sin categor\u00eda\\\/pastilla-sd-puente-sh-8b-invader\\\/\",\"name\":\"PASTILLA SD PUENTE SH-8B INVADER - Mexican Guitar Players\",\"isPartOf\":{\"@id\":\"https:\\\/\\\/www.mexicanguitarplayers.com\\\/#website\"},\"primaryImageOfPage\":{\"@id\":\"https:\\\/\\\/www.mexicanguitarplayers.com\\\/tienda\\\/sin categor\u00eda\\\/pastilla-sd-puente-sh-8b-invader\\\/#primaryimage\"},\"image\":{\"@id\":\"https:\\\/\\\/www.mexicanguitarplayers.com\\\/tienda\\\/sin categor\u00eda\\\/pastilla-sd-puente-sh-8b-invader\\\/#primaryimage\"},\"thumbnailUrl\":\"https:\\\/\\\/www.mexicanguitarplayers.com\\\/wp-content\\\/uploads\\\/2025\\\/04\\\/RASEOSH8BINDER.jpg\",\"datePublished\":\"2025-04-09T13:20:39+00:00\",\"dateModified\":\"2026-04-10T10:19:00+00:00\",\"description\":\"Pastilla humbucker pasiva para guitarra el\u00e9ctrica de 6 cuerdas, modelo Invader, posici\u00f3n: puente, cableado: 4 conductores, blindado, im\u00e1n: cer\u00e1mica, salida ultra alta con un sonido enorme, apariencia y sonido como ninguna otra pastilla, sonido ruidoso, vicioso y sin disculpas, el modelo de brazo combina una apariencia intimidando con un sonido c\u00e1lido y sobrio.\",\"breadcrumb\":{\"@id\":\"https:\\\/\\\/www.mexicanguitarplayers.com\\\/tienda\\\/sin categor\u00eda\\\/pastilla-sd-puente-sh-8b-invader\\\/#breadcrumb\"},\"inLanguage\":\"en-US\",\"potentialAction\":[{\"@type\":\"ReadAction\",\"target\":[\"https:\\\/\\\/www.mexicanguitarplayers.com\\\/tienda\\\/sin categor\u00eda\\\/pastilla-sd-puente-sh-8b-invader\\\/\"]}]},{\"@type\":\"ImageObject\",\"inLanguage\":\"en-US\",\"@id\":\"https:\\\/\\\/www.mexicanguitarplayers.com\\\/tienda\\\/sin categor\u00eda\\\/pastilla-sd-puente-sh-8b-invader\\\/#primaryimage\",\"url\":\"https:\\\/\\\/www.mexicanguitarplayers.com\\\/wp-content\\\/uploads\\\/2025\\\/04\\\/RASEOSH8BINDER.jpg\",\"contentUrl\":\"https:\\\/\\\/www.mexicanguitarplayers.com\\\/wp-content\\\/uploads\\\/2025\\\/04\\\/RASEOSH8BINDER.jpg\",\"width\":1200,\"height\":1200},{\"@type\":\"BreadcrumbList\",\"@id\":\"https:\\\/\\\/www.mexicanguitarplayers.com\\\/tienda\\\/sin categor\u00eda\\\/pastilla-sd-puente-sh-8b-invader\\\/#breadcrumb\",\"itemListElement\":[{\"@type\":\"ListItem\",\"position\":1,\"name\":\"Portada\",\"item\":\"https:\\\/\\\/www.mexicanguitarplayers.com\\\/\"},{\"@type\":\"ListItem\",\"position\":2,\"name\":\"Tienda\",\"item\":\"https:\\\/\\\/www.mexicanguitarplayers.com\\\/tienda\\\/\"},{\"@type\":\"ListItem\",\"position\":3,\"name\":\"PASTILLA SD PUENTE SH-8B INVADER\"}]},{\"@type\":\"WebSite\",\"@id\":\"https:\\\/\\\/www.mexicanguitarplayers.com\\\/#website\",\"url\":\"https:\\\/\\\/www.mexicanguitarplayers.com\\\/\",\"name\":\"Mexican Guitar Players\",\"description\":\"Website\",\"publisher\":{\"@id\":\"https:\\\/\\\/www.mexicanguitarplayers.com\\\/#organization\"},\"potentialAction\":[{\"@type\":\"SearchAction\",\"target\":{\"@type\":\"EntryPoint\",\"urlTemplate\":\"https:\\\/\\\/www.mexicanguitarplayers.com\\\/?s={search_term_string}\"},\"query-input\":{\"@type\":\"PropertyValueSpecification\",\"valueRequired\":true,\"valueName\":\"search_term_string\"}}],\"inLanguage\":\"en-US\"},{\"@type\":\"Organization\",\"@id\":\"https:\\\/\\\/www.mexicanguitarplayers.com\\\/#organization\",\"name\":\"Mexican Guitar Players\",\"url\":\"https:\\\/\\\/www.mexicanguitarplayers.com\\\/\",\"logo\":{\"@type\":\"ImageObject\",\"inLanguage\":\"en-US\",\"@id\":\"https:\\\/\\\/www.mexicanguitarplayers.com\\\/#\\\/schema\\\/logo\\\/image\\\/\",\"url\":\"\",\"contentUrl\":\"\",\"caption\":\"Mexican Guitar Players\"},\"image\":{\"@id\":\"https:\\\/\\\/www.mexicanguitarplayers.com\\\/#\\\/schema\\\/logo\\\/image\\\/\"}}]}<\/script>\n<!-- \/ Yoast SEO plugin. -->","yoast_head_json":{"title":"PASTILLA SD PUENTE SH-8B INVADER - Mexican Guitar Players","description":"Pastilla humbucker pasiva para guitarra el\u00e9ctrica de 6 cuerdas, modelo Invader, posici\u00f3n: puente, cableado: 4 conductores, blindado, im\u00e1n: cer\u00e1mica, salida ultra alta con un sonido enorme, apariencia y sonido como ninguna otra pastilla, sonido ruidoso, vicioso y sin disculpas, el modelo de brazo combina una apariencia intimidando con un sonido c\u00e1lido y sobrio.","robots":{"index":"index","follow":"follow","max-snippet":"max-snippet:-1","max-image-preview":"max-image-preview:large","max-video-preview":"max-video-preview:-1"},"canonical":"https:\/\/www.mexicanguitarplayers.com\/en\/tienda\/sin categor\u00eda\/pastilla-sd-puente-sh-8b-invader\/","og_locale":"en_US","og_type":"article","og_title":"PASTILLA SD PUENTE SH-8B INVADER - Mexican Guitar Players","og_description":"Pastilla humbucker pasiva para guitarra el\u00e9ctrica de 6 cuerdas, modelo Invader, posici\u00f3n: puente, cableado: 4 conductores, blindado, im\u00e1n: cer\u00e1mica, salida ultra alta con un sonido enorme, apariencia y sonido como ninguna otra pastilla, sonido ruidoso, vicioso y sin disculpas, el modelo de brazo combina una apariencia intimidando con un sonido c\u00e1lido y sobrio.","og_url":"https:\/\/www.mexicanguitarplayers.com\/en\/tienda\/sin categor\u00eda\/pastilla-sd-puente-sh-8b-invader\/","og_site_name":"Mexican Guitar Players","article_modified_time":"2026-04-10T10:19:00+00:00","twitter_card":"summary_large_image","twitter_misc":{"Est. reading time":"2 minutes"},"schema":{"@context":"https:\/\/schema.org","@graph":[{"@type":["WebPage","ItemPage"],"@id":"https:\/\/www.mexicanguitarplayers.com\/tienda\/sin categor\u00eda\/pastilla-sd-puente-sh-8b-invader\/","url":"https:\/\/www.mexicanguitarplayers.com\/tienda\/sin categor\u00eda\/pastilla-sd-puente-sh-8b-invader\/","name":"PASTILLA SD PUENTE SH-8B INVADER - Mexican Guitar Players","isPartOf":{"@id":"https:\/\/www.mexicanguitarplayers.com\/#website"},"primaryImageOfPage":{"@id":"https:\/\/www.mexicanguitarplayers.com\/tienda\/sin categor\u00eda\/pastilla-sd-puente-sh-8b-invader\/#primaryimage"},"image":{"@id":"https:\/\/www.mexicanguitarplayers.com\/tienda\/sin categor\u00eda\/pastilla-sd-puente-sh-8b-invader\/#primaryimage"},"thumbnailUrl":"https:\/\/www.mexicanguitarplayers.com\/wp-content\/uploads\/2025\/04\/RASEOSH8BINDER.jpg","datePublished":"2025-04-09T13:20:39+00:00","dateModified":"2026-04-10T10:19:00+00:00","description":"Pastilla humbucker pasiva para guitarra el\u00e9ctrica de 6 cuerdas, modelo Invader, posici\u00f3n: puente, cableado: 4 conductores, blindado, im\u00e1n: cer\u00e1mica, salida ultra alta con un sonido enorme, apariencia y sonido como ninguna otra pastilla, sonido ruidoso, vicioso y sin disculpas, el modelo de brazo combina una apariencia intimidando con un sonido c\u00e1lido y sobrio.","breadcrumb":{"@id":"https:\/\/www.mexicanguitarplayers.com\/tienda\/sin categor\u00eda\/pastilla-sd-puente-sh-8b-invader\/#breadcrumb"},"inLanguage":"en-US","potentialAction":[{"@type":"ReadAction","target":["https:\/\/www.mexicanguitarplayers.com\/tienda\/sin categor\u00eda\/pastilla-sd-puente-sh-8b-invader\/"]}]},{"@type":"ImageObject","inLanguage":"en-US","@id":"https:\/\/www.mexicanguitarplayers.com\/tienda\/sin categor\u00eda\/pastilla-sd-puente-sh-8b-invader\/#primaryimage","url":"https:\/\/www.mexicanguitarplayers.com\/wp-content\/uploads\/2025\/04\/RASEOSH8BINDER.jpg","contentUrl":"https:\/\/www.mexicanguitarplayers.com\/wp-content\/uploads\/2025\/04\/RASEOSH8BINDER.jpg","width":1200,"height":1200},{"@type":"BreadcrumbList","@id":"https:\/\/www.mexicanguitarplayers.com\/tienda\/sin categor\u00eda\/pastilla-sd-puente-sh-8b-invader\/#breadcrumb","itemListElement":[{"@type":"ListItem","position":1,"name":"Portada","item":"https:\/\/www.mexicanguitarplayers.com\/"},{"@type":"ListItem","position":2,"name":"Tienda","item":"https:\/\/www.mexicanguitarplayers.com\/tienda\/"},{"@type":"ListItem","position":3,"name":"PASTILLA SD PUENTE SH-8B INVADER"}]},{"@type":"WebSite","@id":"https:\/\/www.mexicanguitarplayers.com\/#website","url":"https:\/\/www.mexicanguitarplayers.com\/","name":"Mexican Guitar Players","description":"Website","publisher":{"@id":"https:\/\/www.mexicanguitarplayers.com\/#organization"},"potentialAction":[{"@type":"SearchAction","target":{"@type":"EntryPoint","urlTemplate":"https:\/\/www.mexicanguitarplayers.com\/?s={search_term_string}"},"query-input":{"@type":"PropertyValueSpecification","valueRequired":true,"valueName":"search_term_string"}}],"inLanguage":"en-US"},{"@type":"Organization","@id":"https:\/\/www.mexicanguitarplayers.com\/#organization","name":"Mexican Guitar Players","url":"https:\/\/www.mexicanguitarplayers.com\/","logo":{"@type":"ImageObject","inLanguage":"en-US","@id":"https:\/\/www.mexicanguitarplayers.com\/#\/schema\/logo\/image\/","url":"","contentUrl":"","caption":"Mexican Guitar Players"},"image":{"@id":"https:\/\/www.mexicanguitarplayers.com\/#\/schema\/logo\/image\/"}}]}},"brands":[{"id":502,"name":"SEYMOUR DUNCAN","slug":"seymour-duncan"}],"_links":{"self":[{"href":"https:\/\/www.mexicanguitarplayers.com\/en\/wp-json\/wp\/v2\/product\/40977","targetHints":{"allow":["GET"]}}],"collection":[{"href":"https:\/\/www.mexicanguitarplayers.com\/en\/wp-json\/wp\/v2\/product"}],"about":[{"href":"https:\/\/www.mexicanguitarplayers.com\/en\/wp-json\/wp\/v2\/types\/product"}],"replies":[{"embeddable":true,"href":"https:\/\/www.mexicanguitarplayers.com\/en\/wp-json\/wp\/v2\/comments?post=40977"}],"wp:featuredmedia":[{"embeddable":true,"href":"https:\/\/www.mexicanguitarplayers.com\/en\/wp-json\/wp\/v2\/media\/40968"}],"wp:attachment":[{"href":"https:\/\/www.mexicanguitarplayers.com\/en\/wp-json\/wp\/v2\/media?parent=40977"}],"wp:term":[{"taxonomy":"pwb-brand","embeddable":true,"href":"https:\/\/www.mexicanguitarplayers.com\/en\/wp-json\/wp\/v2\/pwb-brand?post=40977"},{"taxonomy":"product_brand","embeddable":true,"href":"https:\/\/www.mexicanguitarplayers.com\/en\/wp-json\/wp\/v2\/product_brand?post=40977"},{"taxonomy":"product_cat","embeddable":true,"href":"https:\/\/www.mexicanguitarplayers.com\/en\/wp-json\/wp\/v2\/product_cat?post=40977"},{"taxonomy":"product_tag","embeddable":true,"href":"https:\/\/www.mexicanguitarplayers.com\/en\/wp-json\/wp\/v2\/product_tag?post=40977"}],"curies":[{"name":"wp","href":"https:\/\/api.w.org\/{rel}","templated":true}]}}