{"id":40983,"date":"2025-04-09T07:20:49","date_gmt":"2025-04-09T13:20:49","guid":{"rendered":"https:\/\/www.mexicanguitarplayers.com\/tienda\/sin categor\u00eda\/estuche-skb-p-herrajes-1skb-tpx2\/"},"modified":"2026-04-10T04:19:00","modified_gmt":"2026-04-10T10:19:00","slug":"estuche-skb-p-herrajes-1skb-tpx2","status":"publish","type":"product","link":"https:\/\/www.mexicanguitarplayers.com\/en\/tienda\/accesorios\/para-bateria\/estuche-skb-p-herrajes-1skb-tpx2\/","title":{"rendered":"ESTUCHE SKB P\/HERRAJES 1SKB-TPX2"},"content":{"rendered":"<div style=\"text-align: justify\">\n<div>\n<h3>Entregando la mejor seguridad.<\/h3>\n<\/div>\n<div>El estuche 1SKB-TPX2 es una versi\u00f3n reducida del SKB-TPX1, moldeado por rotaci\u00f3n con el patr\u00f3n patentado X para una resistencia y durabilidad, de polietileno lineal de baja densidad. Este es un estuche de carga de alto nivel con una tapa y una bandeja extra\u00edbles. Los mangos Sure Grip con un tope de 90\u00b0 grados est\u00e1n dise\u00f1ados para un f\u00e1cil levantamiento y transporte, 4 ruedas con frenos, una hebilla de liberaci\u00f3n deslizante robusta y de alta tensi\u00f3n y correas de alta resistencia. El 1SKB-TPX2 tiene una exclusiva b\u00f3veda de platillos integrada con 4 almohadillas que pueden contener hasta 6 platillos y almacenamiento alfombrado para una tarola, lo que lo convierte en lo \u00faltimo en transporte de peque\u00f1os kits.<\/div>\n<div>\n<h4>Quick look<\/h4>\n<\/div>\n<ul style=\"margin: 0px 0px 0px 25px\">\n<li style=\"list-style-type: circle;margin: 5px\">Longitud exterior.<\/li>\n<li style=\"list-style-type: circle;margin: 5px\">Ancho exterior.<\/li>\n<li style=\"list-style-type: circle;margin: 5px\">Profundidad exterior.<\/li>\n<li style=\"list-style-type: circle;margin: 5px\">Weight.<\/li>\n<li style=\"list-style-type: circle;margin: 5px\">Bandeja.<\/li>\n<li style=\"list-style-type: circle;margin: 5px\">Espacio para tarola.<\/li>\n<li style=\"list-style-type: circle;margin: 5px\">Espacio para hardware.<\/li>\n<\/ul>\n<div>\n<div style=\"font-weight: bold\">Longitud exterior.<\/div>\n<div>\n<p>77.47 cm.<\/p>\n<\/div>\n<div style=\"font-weight: bold\">Ancho exterior.<\/div>\n<div>\n<p>36.83 cm.<\/p>\n<\/div>\n<div style=\"font-weight: bold\">Profundidad exterior.<\/div>\n<div>\n<p>63.50 cm.<\/p>\n<\/div>\n<div style=\"font-weight: bold\">Weight.<\/div>\n<div>\n<p>18.33 kg.<\/p>\n<\/div>\n<div style=\"font-weight: bold\">Bandeja.<\/div>\n<div>\n<p>66.04 x 19.68 x 16.51 cm.<\/p>\n<\/div>\n<div style=\"font-weight: bold\">Espacio para tarola.<\/div>\n<div>\n<p>38.1 x 24.13 x 40.64 cm.<\/p>\n<\/div>\n<div style=\"font-weight: bold\">Espacio para hardware.<\/div>\n<div>\n<p>30.48 x 25.4 x 40.64 cm.<\/p>\n<\/div>\n<\/div>\n<div>\n<h4>Characteristics<\/h4>\n<\/div>\n<div>\n<ul style=\"margin: 0px 0px 0px 25px\">\n<li style=\"list-style-type: circle;margin: 5px\">Carga superior para un f\u00e1cil acceso.<\/li>\n<li style=\"list-style-type: circle;margin: 5px\">Bandeja extra\u00edble.<\/li>\n<li style=\"list-style-type: circle;margin: 5px\">Pliegue hacia abajo de la b\u00f3veda para platillos.<\/li>\n<li style=\"list-style-type: circle;margin: 5px\">Puede guardar hasta 6 platillos de 20&#8243; pulgadas.<\/li>\n<li style=\"list-style-type: circle;margin: 5px\">Espacio para almacenar una tarola.<\/li>\n<li style=\"list-style-type: circle;margin: 5px\">Ruedas de bloqueo de 3\u201d.<\/li>\n<li style=\"list-style-type: circle;margin: 5px\">Correa de banda resistente para un cierre confiable.<\/li>\n<li style=\"list-style-type: circle;margin: 5px\">Hebilla de liberaci\u00f3n de deslizamiento resistente de alta tensi\u00f3n.<\/li>\n<\/ul>\n<\/div>\n<\/div>","protected":false},"excerpt":{"rendered":"<p>Estuche para herrajes, cuenta con una b\u00f3veda con 4 almohadillas para guardar hasta 6 platillos de 20\u201d pulgadas y almacenamiento alfombrado para una tarola, estuche moldeado por rotaci\u00f3n con patr\u00f3n patentado X, gran resistencia y durabilidad, tapa y bandeja extra\u00edbles, carga superior para un f\u00e1cil acceso, ruedas de bloqueo de 3\u201d, correa de banda resistente para un cierre confiable, hebilla de liberaci\u00f3n de deslizamiento resistente de alta tensi\u00f3n, longitud exterior: 77.47 cm, ancho exterior: 36.83 cm, profundidad exterior: 63.50 cm, peso: 18.33 kg.&hellip; <a class=\"kt-excerpt-readmore more-link\" href=\"https:\/\/www.mexicanguitarplayers.com\/en\/tienda\/accesorios\/para-bateria\/estuche-skb-p-herrajes-1skb-tpx2\/\">Read more<\/a><\/p>","protected":false},"featured_media":40978,"comment_status":"open","ping_status":"closed","template":"","meta":{"kt_blocks_editor_width":""},"pwb-brand":[609],"product_brand":[],"product_cat":[85,517,306],"product_tag":[],"class_list":{"0":"post-40983","1":"product","2":"type-product","3":"status-publish","4":"has-post-thumbnail","6":"pwb-brand-skb","7":"product_cat-accesorios","8":"product_cat-estuches-y-fundas","9":"product_cat-para-bateria","10":"product_shipping_class-20-25-kg","12":"first","13":"outofstock","14":"taxable","15":"shipping-taxable","16":"purchasable","17":"product-type-simple"},"yoast_head":"<!-- This site is optimized with the Yoast SEO plugin v27.5 - https:\/\/yoast.com\/product\/yoast-seo-wordpress\/ -->\n<title>ESTUCHE SKB P\/HERRAJES 1SKB-TPX2 - Mexican Guitar Players<\/title>\n<meta name=\"description\" content=\"Estuche para herrajes, cuenta con una b\u00f3veda con 4 almohadillas para guardar hasta 6 platillos de 20\u201d pulgadas y almacenamiento alfombrado para una tarola, estuche moldeado por rotaci\u00f3n con patr\u00f3n patentado X, gran resistencia y durabilidad, tapa y bandeja extra\u00edbles, carga superior para un f\u00e1cil acceso, ruedas de bloqueo de 3\u201d, correa de banda resistente para un cierre confiable, hebilla de liberaci\u00f3n de deslizamiento resistente de alta tensi\u00f3n, longitud exterior: 77.47 cm, ancho exterior: 36.83 cm, profundidad exterior: 63.50 cm, peso: 18.33 kg.\" \/>\n<meta name=\"robots\" content=\"index, follow, max-snippet:-1, max-image-preview:large, max-video-preview:-1\" \/>\n<link rel=\"canonical\" href=\"https:\/\/www.mexicanguitarplayers.com\/en\/tienda\/sin%20categor\u00eda\/estuche-skb-p-herrajes-1skb-tpx2\/\" \/>\n<meta property=\"og:locale\" content=\"en_US\" \/>\n<meta property=\"og:type\" content=\"article\" \/>\n<meta property=\"og:title\" content=\"ESTUCHE SKB P\/HERRAJES 1SKB-TPX2 - Mexican Guitar Players\" \/>\n<meta property=\"og:description\" content=\"Estuche para herrajes, cuenta con una b\u00f3veda con 4 almohadillas para guardar hasta 6 platillos de 20\u201d pulgadas y almacenamiento alfombrado para una tarola, estuche moldeado por rotaci\u00f3n con patr\u00f3n patentado X, gran resistencia y durabilidad, tapa y bandeja extra\u00edbles, carga superior para un f\u00e1cil acceso, ruedas de bloqueo de 3\u201d, correa de banda resistente para un cierre confiable, hebilla de liberaci\u00f3n de deslizamiento resistente de alta tensi\u00f3n, longitud exterior: 77.47 cm, ancho exterior: 36.83 cm, profundidad exterior: 63.50 cm, peso: 18.33 kg.\" \/>\n<meta property=\"og:url\" content=\"https:\/\/www.mexicanguitarplayers.com\/en\/tienda\/sin categor\u00eda\/estuche-skb-p-herrajes-1skb-tpx2\/\" \/>\n<meta property=\"og:site_name\" content=\"Mexican Guitar Players\" \/>\n<meta property=\"article:modified_time\" content=\"2026-04-10T10:19:00+00:00\" \/>\n<meta name=\"twitter:card\" content=\"summary_large_image\" \/>\n<meta name=\"twitter:label1\" content=\"Est. reading time\" \/>\n\t<meta name=\"twitter:data1\" content=\"1 minute\" \/>\n<script type=\"application\/ld+json\" class=\"yoast-schema-graph\">{\"@context\":\"https:\\\/\\\/schema.org\",\"@graph\":[{\"@type\":[\"WebPage\",\"ItemPage\"],\"@id\":\"https:\\\/\\\/www.mexicanguitarplayers.com\\\/tienda\\\/sin categor\u00eda\\\/estuche-skb-p-herrajes-1skb-tpx2\\\/\",\"url\":\"https:\\\/\\\/www.mexicanguitarplayers.com\\\/tienda\\\/sin categor\u00eda\\\/estuche-skb-p-herrajes-1skb-tpx2\\\/\",\"name\":\"ESTUCHE SKB P\\\/HERRAJES 1SKB-TPX2 - Mexican Guitar Players\",\"isPartOf\":{\"@id\":\"https:\\\/\\\/www.mexicanguitarplayers.com\\\/#website\"},\"primaryImageOfPage\":{\"@id\":\"https:\\\/\\\/www.mexicanguitarplayers.com\\\/tienda\\\/sin categor\u00eda\\\/estuche-skb-p-herrajes-1skb-tpx2\\\/#primaryimage\"},\"image\":{\"@id\":\"https:\\\/\\\/www.mexicanguitarplayers.com\\\/tienda\\\/sin categor\u00eda\\\/estuche-skb-p-herrajes-1skb-tpx2\\\/#primaryimage\"},\"thumbnailUrl\":\"https:\\\/\\\/www.mexicanguitarplayers.com\\\/wp-content\\\/uploads\\\/2025\\\/04\\\/VASKB1SKBTPX2.jpg\",\"datePublished\":\"2025-04-09T13:20:49+00:00\",\"dateModified\":\"2026-04-10T10:19:00+00:00\",\"description\":\"Estuche para herrajes, cuenta con una b\u00f3veda con 4 almohadillas para guardar hasta 6 platillos de 20\u201d pulgadas y almacenamiento alfombrado para una tarola, estuche moldeado por rotaci\u00f3n con patr\u00f3n patentado X, gran resistencia y durabilidad, tapa y bandeja extra\u00edbles, carga superior para un f\u00e1cil acceso, ruedas de bloqueo de 3\u201d, correa de banda resistente para un cierre confiable, hebilla de liberaci\u00f3n de deslizamiento resistente de alta tensi\u00f3n, longitud exterior: 77.47 cm, ancho exterior: 36.83 cm, profundidad exterior: 63.50 cm, peso: 18.33 kg.\",\"breadcrumb\":{\"@id\":\"https:\\\/\\\/www.mexicanguitarplayers.com\\\/tienda\\\/sin categor\u00eda\\\/estuche-skb-p-herrajes-1skb-tpx2\\\/#breadcrumb\"},\"inLanguage\":\"en-US\",\"potentialAction\":[{\"@type\":\"ReadAction\",\"target\":[\"https:\\\/\\\/www.mexicanguitarplayers.com\\\/tienda\\\/sin categor\u00eda\\\/estuche-skb-p-herrajes-1skb-tpx2\\\/\"]}]},{\"@type\":\"ImageObject\",\"inLanguage\":\"en-US\",\"@id\":\"https:\\\/\\\/www.mexicanguitarplayers.com\\\/tienda\\\/sin categor\u00eda\\\/estuche-skb-p-herrajes-1skb-tpx2\\\/#primaryimage\",\"url\":\"https:\\\/\\\/www.mexicanguitarplayers.com\\\/wp-content\\\/uploads\\\/2025\\\/04\\\/VASKB1SKBTPX2.jpg\",\"contentUrl\":\"https:\\\/\\\/www.mexicanguitarplayers.com\\\/wp-content\\\/uploads\\\/2025\\\/04\\\/VASKB1SKBTPX2.jpg\",\"width\":1200,\"height\":1200},{\"@type\":\"BreadcrumbList\",\"@id\":\"https:\\\/\\\/www.mexicanguitarplayers.com\\\/tienda\\\/sin categor\u00eda\\\/estuche-skb-p-herrajes-1skb-tpx2\\\/#breadcrumb\",\"itemListElement\":[{\"@type\":\"ListItem\",\"position\":1,\"name\":\"Portada\",\"item\":\"https:\\\/\\\/www.mexicanguitarplayers.com\\\/\"},{\"@type\":\"ListItem\",\"position\":2,\"name\":\"Tienda\",\"item\":\"https:\\\/\\\/www.mexicanguitarplayers.com\\\/tienda\\\/\"},{\"@type\":\"ListItem\",\"position\":3,\"name\":\"ESTUCHE SKB P\\\/HERRAJES 1SKB-TPX2\"}]},{\"@type\":\"WebSite\",\"@id\":\"https:\\\/\\\/www.mexicanguitarplayers.com\\\/#website\",\"url\":\"https:\\\/\\\/www.mexicanguitarplayers.com\\\/\",\"name\":\"Mexican Guitar Players\",\"description\":\"Website\",\"publisher\":{\"@id\":\"https:\\\/\\\/www.mexicanguitarplayers.com\\\/#organization\"},\"potentialAction\":[{\"@type\":\"SearchAction\",\"target\":{\"@type\":\"EntryPoint\",\"urlTemplate\":\"https:\\\/\\\/www.mexicanguitarplayers.com\\\/?s={search_term_string}\"},\"query-input\":{\"@type\":\"PropertyValueSpecification\",\"valueRequired\":true,\"valueName\":\"search_term_string\"}}],\"inLanguage\":\"en-US\"},{\"@type\":\"Organization\",\"@id\":\"https:\\\/\\\/www.mexicanguitarplayers.com\\\/#organization\",\"name\":\"Mexican Guitar Players\",\"url\":\"https:\\\/\\\/www.mexicanguitarplayers.com\\\/\",\"logo\":{\"@type\":\"ImageObject\",\"inLanguage\":\"en-US\",\"@id\":\"https:\\\/\\\/www.mexicanguitarplayers.com\\\/#\\\/schema\\\/logo\\\/image\\\/\",\"url\":\"\",\"contentUrl\":\"\",\"caption\":\"Mexican Guitar Players\"},\"image\":{\"@id\":\"https:\\\/\\\/www.mexicanguitarplayers.com\\\/#\\\/schema\\\/logo\\\/image\\\/\"}}]}<\/script>\n<!-- \/ Yoast SEO plugin. -->","yoast_head_json":{"title":"ESTUCHE SKB P\/HERRAJES 1SKB-TPX2 - Mexican Guitar Players","description":"Estuche para herrajes, cuenta con una b\u00f3veda con 4 almohadillas para guardar hasta 6 platillos de 20\u201d pulgadas y almacenamiento alfombrado para una tarola, estuche moldeado por rotaci\u00f3n con patr\u00f3n patentado X, gran resistencia y durabilidad, tapa y bandeja extra\u00edbles, carga superior para un f\u00e1cil acceso, ruedas de bloqueo de 3\u201d, correa de banda resistente para un cierre confiable, hebilla de liberaci\u00f3n de deslizamiento resistente de alta tensi\u00f3n, longitud exterior: 77.47 cm, ancho exterior: 36.83 cm, profundidad exterior: 63.50 cm, peso: 18.33 kg.","robots":{"index":"index","follow":"follow","max-snippet":"max-snippet:-1","max-image-preview":"max-image-preview:large","max-video-preview":"max-video-preview:-1"},"canonical":"https:\/\/www.mexicanguitarplayers.com\/en\/tienda\/sin categor\u00eda\/estuche-skb-p-herrajes-1skb-tpx2\/","og_locale":"en_US","og_type":"article","og_title":"ESTUCHE SKB P\/HERRAJES 1SKB-TPX2 - Mexican Guitar Players","og_description":"Estuche para herrajes, cuenta con una b\u00f3veda con 4 almohadillas para guardar hasta 6 platillos de 20\u201d pulgadas y almacenamiento alfombrado para una tarola, estuche moldeado por rotaci\u00f3n con patr\u00f3n patentado X, gran resistencia y durabilidad, tapa y bandeja extra\u00edbles, carga superior para un f\u00e1cil acceso, ruedas de bloqueo de 3\u201d, correa de banda resistente para un cierre confiable, hebilla de liberaci\u00f3n de deslizamiento resistente de alta tensi\u00f3n, longitud exterior: 77.47 cm, ancho exterior: 36.83 cm, profundidad exterior: 63.50 cm, peso: 18.33 kg.","og_url":"https:\/\/www.mexicanguitarplayers.com\/en\/tienda\/sin categor\u00eda\/estuche-skb-p-herrajes-1skb-tpx2\/","og_site_name":"Mexican Guitar Players","article_modified_time":"2026-04-10T10:19:00+00:00","twitter_card":"summary_large_image","twitter_misc":{"Est. reading time":"1 minute"},"schema":{"@context":"https:\/\/schema.org","@graph":[{"@type":["WebPage","ItemPage"],"@id":"https:\/\/www.mexicanguitarplayers.com\/tienda\/sin categor\u00eda\/estuche-skb-p-herrajes-1skb-tpx2\/","url":"https:\/\/www.mexicanguitarplayers.com\/tienda\/sin categor\u00eda\/estuche-skb-p-herrajes-1skb-tpx2\/","name":"ESTUCHE SKB P\/HERRAJES 1SKB-TPX2 - Mexican Guitar Players","isPartOf":{"@id":"https:\/\/www.mexicanguitarplayers.com\/#website"},"primaryImageOfPage":{"@id":"https:\/\/www.mexicanguitarplayers.com\/tienda\/sin categor\u00eda\/estuche-skb-p-herrajes-1skb-tpx2\/#primaryimage"},"image":{"@id":"https:\/\/www.mexicanguitarplayers.com\/tienda\/sin categor\u00eda\/estuche-skb-p-herrajes-1skb-tpx2\/#primaryimage"},"thumbnailUrl":"https:\/\/www.mexicanguitarplayers.com\/wp-content\/uploads\/2025\/04\/VASKB1SKBTPX2.jpg","datePublished":"2025-04-09T13:20:49+00:00","dateModified":"2026-04-10T10:19:00+00:00","description":"Estuche para herrajes, cuenta con una b\u00f3veda con 4 almohadillas para guardar hasta 6 platillos de 20\u201d pulgadas y almacenamiento alfombrado para una tarola, estuche moldeado por rotaci\u00f3n con patr\u00f3n patentado X, gran resistencia y durabilidad, tapa y bandeja extra\u00edbles, carga superior para un f\u00e1cil acceso, ruedas de bloqueo de 3\u201d, correa de banda resistente para un cierre confiable, hebilla de liberaci\u00f3n de deslizamiento resistente de alta tensi\u00f3n, longitud exterior: 77.47 cm, ancho exterior: 36.83 cm, profundidad exterior: 63.50 cm, peso: 18.33 kg.","breadcrumb":{"@id":"https:\/\/www.mexicanguitarplayers.com\/tienda\/sin categor\u00eda\/estuche-skb-p-herrajes-1skb-tpx2\/#breadcrumb"},"inLanguage":"en-US","potentialAction":[{"@type":"ReadAction","target":["https:\/\/www.mexicanguitarplayers.com\/tienda\/sin categor\u00eda\/estuche-skb-p-herrajes-1skb-tpx2\/"]}]},{"@type":"ImageObject","inLanguage":"en-US","@id":"https:\/\/www.mexicanguitarplayers.com\/tienda\/sin categor\u00eda\/estuche-skb-p-herrajes-1skb-tpx2\/#primaryimage","url":"https:\/\/www.mexicanguitarplayers.com\/wp-content\/uploads\/2025\/04\/VASKB1SKBTPX2.jpg","contentUrl":"https:\/\/www.mexicanguitarplayers.com\/wp-content\/uploads\/2025\/04\/VASKB1SKBTPX2.jpg","width":1200,"height":1200},{"@type":"BreadcrumbList","@id":"https:\/\/www.mexicanguitarplayers.com\/tienda\/sin categor\u00eda\/estuche-skb-p-herrajes-1skb-tpx2\/#breadcrumb","itemListElement":[{"@type":"ListItem","position":1,"name":"Portada","item":"https:\/\/www.mexicanguitarplayers.com\/"},{"@type":"ListItem","position":2,"name":"Tienda","item":"https:\/\/www.mexicanguitarplayers.com\/tienda\/"},{"@type":"ListItem","position":3,"name":"ESTUCHE SKB P\/HERRAJES 1SKB-TPX2"}]},{"@type":"WebSite","@id":"https:\/\/www.mexicanguitarplayers.com\/#website","url":"https:\/\/www.mexicanguitarplayers.com\/","name":"Mexican Guitar Players","description":"Website","publisher":{"@id":"https:\/\/www.mexicanguitarplayers.com\/#organization"},"potentialAction":[{"@type":"SearchAction","target":{"@type":"EntryPoint","urlTemplate":"https:\/\/www.mexicanguitarplayers.com\/?s={search_term_string}"},"query-input":{"@type":"PropertyValueSpecification","valueRequired":true,"valueName":"search_term_string"}}],"inLanguage":"en-US"},{"@type":"Organization","@id":"https:\/\/www.mexicanguitarplayers.com\/#organization","name":"Mexican Guitar Players","url":"https:\/\/www.mexicanguitarplayers.com\/","logo":{"@type":"ImageObject","inLanguage":"en-US","@id":"https:\/\/www.mexicanguitarplayers.com\/#\/schema\/logo\/image\/","url":"","contentUrl":"","caption":"Mexican Guitar Players"},"image":{"@id":"https:\/\/www.mexicanguitarplayers.com\/#\/schema\/logo\/image\/"}}]}},"brands":[{"id":609,"name":"SKB","slug":"skb"}],"_links":{"self":[{"href":"https:\/\/www.mexicanguitarplayers.com\/en\/wp-json\/wp\/v2\/product\/40983","targetHints":{"allow":["GET"]}}],"collection":[{"href":"https:\/\/www.mexicanguitarplayers.com\/en\/wp-json\/wp\/v2\/product"}],"about":[{"href":"https:\/\/www.mexicanguitarplayers.com\/en\/wp-json\/wp\/v2\/types\/product"}],"replies":[{"embeddable":true,"href":"https:\/\/www.mexicanguitarplayers.com\/en\/wp-json\/wp\/v2\/comments?post=40983"}],"wp:featuredmedia":[{"embeddable":true,"href":"https:\/\/www.mexicanguitarplayers.com\/en\/wp-json\/wp\/v2\/media\/40978"}],"wp:attachment":[{"href":"https:\/\/www.mexicanguitarplayers.com\/en\/wp-json\/wp\/v2\/media?parent=40983"}],"wp:term":[{"taxonomy":"pwb-brand","embeddable":true,"href":"https:\/\/www.mexicanguitarplayers.com\/en\/wp-json\/wp\/v2\/pwb-brand?post=40983"},{"taxonomy":"product_brand","embeddable":true,"href":"https:\/\/www.mexicanguitarplayers.com\/en\/wp-json\/wp\/v2\/product_brand?post=40983"},{"taxonomy":"product_cat","embeddable":true,"href":"https:\/\/www.mexicanguitarplayers.com\/en\/wp-json\/wp\/v2\/product_cat?post=40983"},{"taxonomy":"product_tag","embeddable":true,"href":"https:\/\/www.mexicanguitarplayers.com\/en\/wp-json\/wp\/v2\/product_tag?post=40983"}],"curies":[{"name":"wp","href":"https:\/\/api.w.org\/{rel}","templated":true}]}}