{"id":41006,"date":"2025-04-09T07:21:23","date_gmt":"2025-04-09T13:21:23","guid":{"rendered":"https:\/\/www.mexicanguitarplayers.com\/tienda\/sin categor\u00eda\/bafle-fonestar-mod-sonora-4t\/"},"modified":"2026-05-01T07:17:10","modified_gmt":"2026-05-01T13:17:10","slug":"bafle-fonestar-mod-sonora-4t","status":"publish","type":"product","link":"https:\/\/www.mexicanguitarplayers.com\/en\/tienda\/audio\/bafles-y-bocinas\/bafles\/instalacion\/bafle-fonestar-mod-sonora-4t\/","title":{"rendered":"BAFLE FONESTAR MOD. SONORA-4T"},"content":{"rendered":"<div style=\"text-align: justify\">\n<div>\n<h3>La nueva imagen del sonido.<\/h3>\n<\/div>\n<div>Apoyados en nuestra dilatada experiencia en el sector del sonido, FONESTAR ha creado SONORA. SONORA es una serie de altavoces especialmente dise\u00f1ados para aplicaciones de megafon\u00eda y sonido ambiental. Su excelente acabado y dise\u00f1o elegante, permiten una integraci\u00f3n perfecta en cualquier espacio. Est\u00e1n completamente preparados para su uso en exteriores ya que tienen rejilla de aluminio y protecci\u00f3n contra el agua (IP-66) y ambientes marinos. Adem\u00e1s, SONORA proporciona una gran calidad sonora con un sonido definido y sin distorsi\u00f3n. Incluyen todos los accesorios necesarios para una instalaci\u00f3n sencilla y r\u00e1pida: soporte de fijaci\u00f3n orientable con tratamiento para intemperie, tornillos de acero inoxidable y cable de seguridad de acero.<\/div>\n<div>\n<h4>Quick look<\/h4>\n<\/div>\n<ul style=\"margin: 0px 0px 0px 25px\">\n<li style=\"list-style-type: circle;margin: 5px\">Characteristics.<\/li>\n<li style=\"list-style-type: circle;margin: 5px\">Power.<\/li>\n<li style=\"list-style-type: circle;margin: 5px\">Speakers.<\/li>\n<li style=\"list-style-type: circle;margin: 5px\">Frequency response.<\/li>\n<li style=\"list-style-type: circle;margin: 5px\">Impedance.<\/li>\n<li style=\"list-style-type: circle;margin: 5px\">Sensitivity.<\/li>\n<li style=\"list-style-type: circle;margin: 5px\">Presi\u00f3n ac\u00fastica m\u00e1xima.<\/li>\n<li style=\"list-style-type: circle;margin: 5px\">\u00c1ngulo de cobertura.<\/li>\n<li style=\"list-style-type: circle;margin: 5px\">Protecciones.<\/li>\n<li style=\"list-style-type: circle;margin: 5px\">Material.<\/li>\n<li style=\"list-style-type: circle;margin: 5px\">Switch.<\/li>\n<li style=\"list-style-type: circle;margin: 5px\">Connectors.<\/li>\n<li style=\"list-style-type: circle;margin: 5px\">Rango de temperatura.<\/li>\n<li style=\"list-style-type: circle;margin: 5px\">Dimensions.<\/li>\n<li style=\"list-style-type: circle;margin: 5px\">Weight.<\/li>\n<li style=\"list-style-type: circle;margin: 5px\">Accessories included.<\/li>\n<\/ul>\n<div>\n<div style=\"font-weight: bold\">Characteristics.<\/div>\n<div>\n<p>Altavoz de sonorizaci\u00f3n con transformador de l\u00ednea 100 v y baja impedancia. Preparado para uso en exteriores, protecci\u00f3n contra agua y materiales anticorrosi\u00f3n.<\/p>\n<\/div>\n<div style=\"font-weight: bold\">Power.<\/div>\n<div>\n<p>RMS: 30 watts. M\u00e1ximo: 60 watts.<\/p>\n<\/div>\n<div style=\"font-weight: bold\">Speakers.<\/div>\n<div>\n<p>1 woofer polipropileno 4&#8243;. 1 tweeter 1&#8243;.<\/p>\n<\/div>\n<div style=\"font-weight: bold\">Frequency response.<\/div>\n<div>\n<p>120 &#8211; 20,000 Hz<\/p>\n<\/div>\n<div style=\"font-weight: bold\">Impedance.<\/div>\n<div>\n<p>30 watts RMS @ 100 v (333 ohms). 15 watts RMS @ 100 v (667 ohms). 7.5 watts RMS @ 100 v (1,333 ohms). 3.75 watts RMS @ 100 v (2,667 ohms). Baja z: 8 ohms.<\/p>\n<\/div>\n<div style=\"font-weight: bold\">Sensitivity.<\/div>\n<div>\n<p>84 dB @ 1w\/1m. 73 dB @ 1w\/4m.<\/p>\n<\/div>\n<div style=\"font-weight: bold\">Presi\u00f3n ac\u00fastica m\u00e1xima.<\/div>\n<div>\n<p>98 dB @ m\u00e1x. W\/1m. 87 dB @ m\u00e1x. W\/4m.<\/p>\n<\/div>\n<div style=\"font-weight: bold\">\u00c1ngulo de cobertura.<\/div>\n<div>\n<p>270\u00b0 @ 500 Hz, 130\u00b0 @ 1 kHz, 85\u00b0 @ 2 kHz, 70\u00b0 @ 4 kHz (-6 dB).<\/p>\n<\/div>\n<div style=\"font-weight: bold\">Protecciones.<\/div>\n<div>\n<p>IP-66. IEC 60068-2-11 ensayos ambientales (niebla salina).<\/p>\n<\/div>\n<div style=\"font-weight: bold\">Material.<\/div>\n<div>\n<p>Rejilla de aluminio. Soporte con tratamiento para intemperie. Tornillos de acero inoxidable.<\/p>\n<\/div>\n<div style=\"font-weight: bold\">Switch.<\/div>\n<div>\n<p>Selector W en alta Z y baja Z.<\/p>\n<\/div>\n<div style=\"font-weight: bold\">Connectors.<\/div>\n<div>\n<p>Euroblock para cable 0.25 &#8211; 2.5 mm2 de secci\u00f3n.<\/p>\n<\/div>\n<div style=\"font-weight: bold\">Rango de temperatura.<\/div>\n<div>\n<p>-10\u00b0C a 60\u00b0C.<\/p>\n<\/div>\n<div style=\"font-weight: bold\">Dimensions.<\/div>\n<div>\n<p>125 x 202 x 125 mm.<\/p>\n<\/div>\n<div style=\"font-weight: bold\">Weight.<\/div>\n<div>\n<p>1.7 kg.<\/p>\n<\/div>\n<div style=\"font-weight: bold\">Accessories included.<\/div>\n<div>\n<p>Soporte de fijaci\u00f3n orientable \u00b1 60\u00ba en todas direcciones. Cable de seguridad de acero.<\/p>\n<\/div>\n<\/div>\n<\/div>","protected":false},"excerpt":{"rendered":"<p>Bafle de sonorizaci\u00f3n con transformador de l\u00ednea 100 V y baja impedancia, para aplicaciones de megafon\u00eda y de sonido ambiental en locales p\u00fablicos como restaurantes, cafeter\u00edas, supermercados, centros comerciales, etc., potencia: 30 watts RMS, 60 watts m\u00e1ximo, un woofer de polipropileno de 4\u201d y un tweeter de 1\u201d, respuesta de frecuencia: 120 &#8211; 20,000 Hz, impedancia: 30 watts RMS@100 V (333 ohms), 15 watts RMS@100 V (667 ohms), 7.5 watts RMS@100 V (1,333 ohms), 3.75 watts RMS@100 V (2,667 ohms), Baja Z: 8 ohms, sensibilidad: 84 dB @ 1 W\/1 m y 73 dB @ 1 W\/4 m, SPL m\u00e1ximo: 98 dB @ max. W\/1 m y 87 dB @ max. W\/4 m, \u00e1ngulo de cobertura: 270\u00b0 @ 500 Hz, 130\u00b0 @ 1 kHz, 85\u00b0 @ 2 kHz, 70\u00b0 @ 4 kHz (-6 dB), protecciones: IEC 60068-2-11 Ensayos ambientales (Niebla salina), material: rejilla de aluminio, soporte con tratamiento para intemperie y tornillos de acero inoxidable, switch selector W en alta Z y baja Z, conectores: Euroblock para cable 0.25 &#8211; 2.5 mm2 de secci\u00f3n, rango de temperatura: -10\u00b0C a 60\u00b0C, dimensiones: 125 x 202 x 125 mm, peso: 1.7 kg, accesorios incluidos: soporte de fijaci\u00f3n orientable \u00b1 60\u00ba en todas direcciones y cable de seguridad de acero.&hellip; <a class=\"kt-excerpt-readmore more-link\" href=\"https:\/\/www.mexicanguitarplayers.com\/en\/tienda\/audio\/bafles-y-bocinas\/bafles\/instalacion\/bafle-fonestar-mod-sonora-4t\/\">Read more<\/a><\/p>","protected":false},"featured_media":40992,"comment_status":"open","ping_status":"closed","template":"","meta":{"kt_blocks_editor_width":""},"pwb-brand":[487],"product_brand":[],"product_cat":[213,222,221,243],"product_tag":[],"class_list":{"0":"post-41006","1":"product","2":"type-product","3":"status-publish","4":"has-post-thumbnail","6":"pwb-brand-fonestar","7":"product_cat-audio","8":"product_cat-bafles","9":"product_cat-bafles-y-bocinas","10":"product_cat-instalacion","11":"product_shipping_class-0-5-kg","13":"first","14":"instock","15":"taxable","16":"shipping-taxable","17":"purchasable","18":"product-type-simple"},"yoast_head":"<!-- This site is optimized with the Yoast SEO plugin v27.5 - https:\/\/yoast.com\/product\/yoast-seo-wordpress\/ -->\n<title>BAFLE FONESTAR MOD. SONORA-4T - Mexican Guitar Players<\/title>\n<meta name=\"description\" content=\"Bafle de sonorizaci\u00f3n con transformador de l\u00ednea 100 V y baja impedancia, para aplicaciones de megafon\u00eda y de sonido ambiental en locales p\u00fablicos como restaurantes, cafeter\u00edas, supermercados, centros comerciales, etc., potencia: 30 watts RMS, 60 watts m\u00e1ximo, un woofer de polipropileno de 4\u201d y un tweeter de 1\u201d, respuesta de frecuencia: 120 - 20,000 Hz, impedancia: 30 watts RMS@100 V (333 ohms), 15 watts RMS@100 V (667 ohms), 7.5 watts RMS@100 V (1,333 ohms), 3.75 watts RMS@100 V (2,667 ohms), Baja Z: 8 ohms, sensibilidad: 84 dB @ 1 W\/1 m y 73 dB @ 1 W\/4 m, SPL m\u00e1ximo: 98 dB @ max. W\/1 m y 87 dB @ max. W\/4 m, \u00e1ngulo de cobertura: 270\u00b0 @ 500 Hz, 130\u00b0 @ 1 kHz, 85\u00b0 @ 2 kHz, 70\u00b0 @ 4 kHz (-6 dB), protecciones: IEC 60068-2-11 Ensayos ambientales (Niebla salina), material: rejilla de aluminio, soporte con tratamiento para intemperie y tornillos de acero inoxidable, switch selector W en alta Z y baja Z, conectores: Euroblock para cable 0.25 - 2.5 mm2 de secci\u00f3n, rango de temperatura: -10\u00b0C a 60\u00b0C, dimensiones: 125 x 202 x 125 mm, peso: 1.7 kg, accesorios incluidos: soporte de fijaci\u00f3n orientable \u00b1 60\u00ba en todas direcciones y cable de seguridad de acero.\" \/>\n<meta name=\"robots\" content=\"index, follow, max-snippet:-1, max-image-preview:large, max-video-preview:-1\" \/>\n<link rel=\"canonical\" href=\"https:\/\/www.mexicanguitarplayers.com\/en\/tienda\/sin%20categor\u00eda\/bafle-fonestar-mod-sonora-4t\/\" \/>\n<meta property=\"og:locale\" content=\"en_US\" \/>\n<meta property=\"og:type\" content=\"article\" \/>\n<meta property=\"og:title\" content=\"BAFLE FONESTAR MOD. SONORA-4T - Mexican Guitar Players\" \/>\n<meta property=\"og:description\" content=\"Bafle de sonorizaci\u00f3n con transformador de l\u00ednea 100 V y baja impedancia, para aplicaciones de megafon\u00eda y de sonido ambiental en locales p\u00fablicos como restaurantes, cafeter\u00edas, supermercados, centros comerciales, etc., potencia: 30 watts RMS, 60 watts m\u00e1ximo, un woofer de polipropileno de 4\u201d y un tweeter de 1\u201d, respuesta de frecuencia: 120 - 20,000 Hz, impedancia: 30 watts RMS@100 V (333 ohms), 15 watts RMS@100 V (667 ohms), 7.5 watts RMS@100 V (1,333 ohms), 3.75 watts RMS@100 V (2,667 ohms), Baja Z: 8 ohms, sensibilidad: 84 dB @ 1 W\/1 m y 73 dB @ 1 W\/4 m, SPL m\u00e1ximo: 98 dB @ max. W\/1 m y 87 dB @ max. W\/4 m, \u00e1ngulo de cobertura: 270\u00b0 @ 500 Hz, 130\u00b0 @ 1 kHz, 85\u00b0 @ 2 kHz, 70\u00b0 @ 4 kHz (-6 dB), protecciones: IEC 60068-2-11 Ensayos ambientales (Niebla salina), material: rejilla de aluminio, soporte con tratamiento para intemperie y tornillos de acero inoxidable, switch selector W en alta Z y baja Z, conectores: Euroblock para cable 0.25 - 2.5 mm2 de secci\u00f3n, rango de temperatura: -10\u00b0C a 60\u00b0C, dimensiones: 125 x 202 x 125 mm, peso: 1.7 kg, accesorios incluidos: soporte de fijaci\u00f3n orientable \u00b1 60\u00ba en todas direcciones y cable de seguridad de acero.\" \/>\n<meta property=\"og:url\" content=\"https:\/\/www.mexicanguitarplayers.com\/en\/tienda\/sin categor\u00eda\/bafle-fonestar-mod-sonora-4t\/\" \/>\n<meta property=\"og:site_name\" content=\"Mexican Guitar Players\" \/>\n<meta property=\"article:modified_time\" content=\"2026-05-01T13:17:10+00:00\" \/>\n<meta name=\"twitter:card\" content=\"summary_large_image\" \/>\n<meta name=\"twitter:label1\" content=\"Est. reading time\" \/>\n\t<meta name=\"twitter:data1\" content=\"2 minutes\" \/>\n<script type=\"application\/ld+json\" class=\"yoast-schema-graph\">{\"@context\":\"https:\\\/\\\/schema.org\",\"@graph\":[{\"@type\":[\"WebPage\",\"ItemPage\"],\"@id\":\"https:\\\/\\\/www.mexicanguitarplayers.com\\\/tienda\\\/sin categor\u00eda\\\/bafle-fonestar-mod-sonora-4t\\\/\",\"url\":\"https:\\\/\\\/www.mexicanguitarplayers.com\\\/tienda\\\/sin categor\u00eda\\\/bafle-fonestar-mod-sonora-4t\\\/\",\"name\":\"BAFLE FONESTAR MOD. SONORA-4T - Mexican Guitar Players\",\"isPartOf\":{\"@id\":\"https:\\\/\\\/www.mexicanguitarplayers.com\\\/#website\"},\"primaryImageOfPage\":{\"@id\":\"https:\\\/\\\/www.mexicanguitarplayers.com\\\/tienda\\\/sin categor\u00eda\\\/bafle-fonestar-mod-sonora-4t\\\/#primaryimage\"},\"image\":{\"@id\":\"https:\\\/\\\/www.mexicanguitarplayers.com\\\/tienda\\\/sin categor\u00eda\\\/bafle-fonestar-mod-sonora-4t\\\/#primaryimage\"},\"thumbnailUrl\":\"https:\\\/\\\/www.mexicanguitarplayers.com\\\/wp-content\\\/uploads\\\/2025\\\/04\\\/IAFONSONORA4T.jpg\",\"datePublished\":\"2025-04-09T13:21:23+00:00\",\"dateModified\":\"2026-05-01T13:17:10+00:00\",\"description\":\"Bafle de sonorizaci\u00f3n con transformador de l\u00ednea 100 V y baja impedancia, para aplicaciones de megafon\u00eda y de sonido ambiental en locales p\u00fablicos como restaurantes, cafeter\u00edas, supermercados, centros comerciales, etc., potencia: 30 watts RMS, 60 watts m\u00e1ximo, un woofer de polipropileno de 4\u201d y un tweeter de 1\u201d, respuesta de frecuencia: 120 - 20,000 Hz, impedancia: 30 watts RMS@100 V (333 ohms), 15 watts RMS@100 V (667 ohms), 7.5 watts RMS@100 V (1,333 ohms), 3.75 watts RMS@100 V (2,667 ohms), Baja Z: 8 ohms, sensibilidad: 84 dB @ 1 W\\\/1 m y 73 dB @ 1 W\\\/4 m, SPL m\u00e1ximo: 98 dB @ max. W\\\/1 m y 87 dB @ max. W\\\/4 m, \u00e1ngulo de cobertura: 270\u00b0 @ 500 Hz, 130\u00b0 @ 1 kHz, 85\u00b0 @ 2 kHz, 70\u00b0 @ 4 kHz (-6 dB), protecciones: IEC 60068-2-11 Ensayos ambientales (Niebla salina), material: rejilla de aluminio, soporte con tratamiento para intemperie y tornillos de acero inoxidable, switch selector W en alta Z y baja Z, conectores: Euroblock para cable 0.25 - 2.5 mm2 de secci\u00f3n, rango de temperatura: -10\u00b0C a 60\u00b0C, dimensiones: 125 x 202 x 125 mm, peso: 1.7 kg, accesorios incluidos: soporte de fijaci\u00f3n orientable \u00b1 60\u00ba en todas direcciones y cable de seguridad de acero.\",\"breadcrumb\":{\"@id\":\"https:\\\/\\\/www.mexicanguitarplayers.com\\\/tienda\\\/sin categor\u00eda\\\/bafle-fonestar-mod-sonora-4t\\\/#breadcrumb\"},\"inLanguage\":\"en-US\",\"potentialAction\":[{\"@type\":\"ReadAction\",\"target\":[\"https:\\\/\\\/www.mexicanguitarplayers.com\\\/tienda\\\/sin categor\u00eda\\\/bafle-fonestar-mod-sonora-4t\\\/\"]}]},{\"@type\":\"ImageObject\",\"inLanguage\":\"en-US\",\"@id\":\"https:\\\/\\\/www.mexicanguitarplayers.com\\\/tienda\\\/sin categor\u00eda\\\/bafle-fonestar-mod-sonora-4t\\\/#primaryimage\",\"url\":\"https:\\\/\\\/www.mexicanguitarplayers.com\\\/wp-content\\\/uploads\\\/2025\\\/04\\\/IAFONSONORA4T.jpg\",\"contentUrl\":\"https:\\\/\\\/www.mexicanguitarplayers.com\\\/wp-content\\\/uploads\\\/2025\\\/04\\\/IAFONSONORA4T.jpg\",\"width\":1200,\"height\":1200},{\"@type\":\"BreadcrumbList\",\"@id\":\"https:\\\/\\\/www.mexicanguitarplayers.com\\\/tienda\\\/sin categor\u00eda\\\/bafle-fonestar-mod-sonora-4t\\\/#breadcrumb\",\"itemListElement\":[{\"@type\":\"ListItem\",\"position\":1,\"name\":\"Portada\",\"item\":\"https:\\\/\\\/www.mexicanguitarplayers.com\\\/\"},{\"@type\":\"ListItem\",\"position\":2,\"name\":\"Tienda\",\"item\":\"https:\\\/\\\/www.mexicanguitarplayers.com\\\/tienda\\\/\"},{\"@type\":\"ListItem\",\"position\":3,\"name\":\"BAFLE FONESTAR MOD. SONORA-4T\"}]},{\"@type\":\"WebSite\",\"@id\":\"https:\\\/\\\/www.mexicanguitarplayers.com\\\/#website\",\"url\":\"https:\\\/\\\/www.mexicanguitarplayers.com\\\/\",\"name\":\"Mexican Guitar Players\",\"description\":\"Website\",\"publisher\":{\"@id\":\"https:\\\/\\\/www.mexicanguitarplayers.com\\\/#organization\"},\"potentialAction\":[{\"@type\":\"SearchAction\",\"target\":{\"@type\":\"EntryPoint\",\"urlTemplate\":\"https:\\\/\\\/www.mexicanguitarplayers.com\\\/?s={search_term_string}\"},\"query-input\":{\"@type\":\"PropertyValueSpecification\",\"valueRequired\":true,\"valueName\":\"search_term_string\"}}],\"inLanguage\":\"en-US\"},{\"@type\":\"Organization\",\"@id\":\"https:\\\/\\\/www.mexicanguitarplayers.com\\\/#organization\",\"name\":\"Mexican Guitar Players\",\"url\":\"https:\\\/\\\/www.mexicanguitarplayers.com\\\/\",\"logo\":{\"@type\":\"ImageObject\",\"inLanguage\":\"en-US\",\"@id\":\"https:\\\/\\\/www.mexicanguitarplayers.com\\\/#\\\/schema\\\/logo\\\/image\\\/\",\"url\":\"\",\"contentUrl\":\"\",\"caption\":\"Mexican Guitar Players\"},\"image\":{\"@id\":\"https:\\\/\\\/www.mexicanguitarplayers.com\\\/#\\\/schema\\\/logo\\\/image\\\/\"}}]}<\/script>\n<!-- \/ Yoast SEO plugin. -->","yoast_head_json":{"title":"BAFLE FONESTAR MOD. SONORA-4T - Mexican Guitar Players","description":"Bafle de sonorizaci\u00f3n con transformador de l\u00ednea 100 V y baja impedancia, para aplicaciones de megafon\u00eda y de sonido ambiental en locales p\u00fablicos como restaurantes, cafeter\u00edas, supermercados, centros comerciales, etc., potencia: 30 watts RMS, 60 watts m\u00e1ximo, un woofer de polipropileno de 4\u201d y un tweeter de 1\u201d, respuesta de frecuencia: 120 - 20,000 Hz, impedancia: 30 watts RMS@100 V (333 ohms), 15 watts RMS@100 V (667 ohms), 7.5 watts RMS@100 V (1,333 ohms), 3.75 watts RMS@100 V (2,667 ohms), Baja Z: 8 ohms, sensibilidad: 84 dB @ 1 W\/1 m y 73 dB @ 1 W\/4 m, SPL m\u00e1ximo: 98 dB @ max. W\/1 m y 87 dB @ max. W\/4 m, \u00e1ngulo de cobertura: 270\u00b0 @ 500 Hz, 130\u00b0 @ 1 kHz, 85\u00b0 @ 2 kHz, 70\u00b0 @ 4 kHz (-6 dB), protecciones: IEC 60068-2-11 Ensayos ambientales (Niebla salina), material: rejilla de aluminio, soporte con tratamiento para intemperie y tornillos de acero inoxidable, switch selector W en alta Z y baja Z, conectores: Euroblock para cable 0.25 - 2.5 mm2 de secci\u00f3n, rango de temperatura: -10\u00b0C a 60\u00b0C, dimensiones: 125 x 202 x 125 mm, peso: 1.7 kg, accesorios incluidos: soporte de fijaci\u00f3n orientable \u00b1 60\u00ba en todas direcciones y cable de seguridad de acero.","robots":{"index":"index","follow":"follow","max-snippet":"max-snippet:-1","max-image-preview":"max-image-preview:large","max-video-preview":"max-video-preview:-1"},"canonical":"https:\/\/www.mexicanguitarplayers.com\/en\/tienda\/sin categor\u00eda\/bafle-fonestar-mod-sonora-4t\/","og_locale":"en_US","og_type":"article","og_title":"BAFLE FONESTAR MOD. SONORA-4T - Mexican Guitar Players","og_description":"Bafle de sonorizaci\u00f3n con transformador de l\u00ednea 100 V y baja impedancia, para aplicaciones de megafon\u00eda y de sonido ambiental en locales p\u00fablicos como restaurantes, cafeter\u00edas, supermercados, centros comerciales, etc., potencia: 30 watts RMS, 60 watts m\u00e1ximo, un woofer de polipropileno de 4\u201d y un tweeter de 1\u201d, respuesta de frecuencia: 120 - 20,000 Hz, impedancia: 30 watts RMS@100 V (333 ohms), 15 watts RMS@100 V (667 ohms), 7.5 watts RMS@100 V (1,333 ohms), 3.75 watts RMS@100 V (2,667 ohms), Baja Z: 8 ohms, sensibilidad: 84 dB @ 1 W\/1 m y 73 dB @ 1 W\/4 m, SPL m\u00e1ximo: 98 dB @ max. W\/1 m y 87 dB @ max. W\/4 m, \u00e1ngulo de cobertura: 270\u00b0 @ 500 Hz, 130\u00b0 @ 1 kHz, 85\u00b0 @ 2 kHz, 70\u00b0 @ 4 kHz (-6 dB), protecciones: IEC 60068-2-11 Ensayos ambientales (Niebla salina), material: rejilla de aluminio, soporte con tratamiento para intemperie y tornillos de acero inoxidable, switch selector W en alta Z y baja Z, conectores: Euroblock para cable 0.25 - 2.5 mm2 de secci\u00f3n, rango de temperatura: -10\u00b0C a 60\u00b0C, dimensiones: 125 x 202 x 125 mm, peso: 1.7 kg, accesorios incluidos: soporte de fijaci\u00f3n orientable \u00b1 60\u00ba en todas direcciones y cable de seguridad de acero.","og_url":"https:\/\/www.mexicanguitarplayers.com\/en\/tienda\/sin categor\u00eda\/bafle-fonestar-mod-sonora-4t\/","og_site_name":"Mexican Guitar Players","article_modified_time":"2026-05-01T13:17:10+00:00","twitter_card":"summary_large_image","twitter_misc":{"Est. reading time":"2 minutes"},"schema":{"@context":"https:\/\/schema.org","@graph":[{"@type":["WebPage","ItemPage"],"@id":"https:\/\/www.mexicanguitarplayers.com\/tienda\/sin categor\u00eda\/bafle-fonestar-mod-sonora-4t\/","url":"https:\/\/www.mexicanguitarplayers.com\/tienda\/sin categor\u00eda\/bafle-fonestar-mod-sonora-4t\/","name":"BAFLE FONESTAR MOD. SONORA-4T - Mexican Guitar Players","isPartOf":{"@id":"https:\/\/www.mexicanguitarplayers.com\/#website"},"primaryImageOfPage":{"@id":"https:\/\/www.mexicanguitarplayers.com\/tienda\/sin categor\u00eda\/bafle-fonestar-mod-sonora-4t\/#primaryimage"},"image":{"@id":"https:\/\/www.mexicanguitarplayers.com\/tienda\/sin categor\u00eda\/bafle-fonestar-mod-sonora-4t\/#primaryimage"},"thumbnailUrl":"https:\/\/www.mexicanguitarplayers.com\/wp-content\/uploads\/2025\/04\/IAFONSONORA4T.jpg","datePublished":"2025-04-09T13:21:23+00:00","dateModified":"2026-05-01T13:17:10+00:00","description":"Bafle de sonorizaci\u00f3n con transformador de l\u00ednea 100 V y baja impedancia, para aplicaciones de megafon\u00eda y de sonido ambiental en locales p\u00fablicos como restaurantes, cafeter\u00edas, supermercados, centros comerciales, etc., potencia: 30 watts RMS, 60 watts m\u00e1ximo, un woofer de polipropileno de 4\u201d y un tweeter de 1\u201d, respuesta de frecuencia: 120 - 20,000 Hz, impedancia: 30 watts RMS@100 V (333 ohms), 15 watts RMS@100 V (667 ohms), 7.5 watts RMS@100 V (1,333 ohms), 3.75 watts RMS@100 V (2,667 ohms), Baja Z: 8 ohms, sensibilidad: 84 dB @ 1 W\/1 m y 73 dB @ 1 W\/4 m, SPL m\u00e1ximo: 98 dB @ max. W\/1 m y 87 dB @ max. W\/4 m, \u00e1ngulo de cobertura: 270\u00b0 @ 500 Hz, 130\u00b0 @ 1 kHz, 85\u00b0 @ 2 kHz, 70\u00b0 @ 4 kHz (-6 dB), protecciones: IEC 60068-2-11 Ensayos ambientales (Niebla salina), material: rejilla de aluminio, soporte con tratamiento para intemperie y tornillos de acero inoxidable, switch selector W en alta Z y baja Z, conectores: Euroblock para cable 0.25 - 2.5 mm2 de secci\u00f3n, rango de temperatura: -10\u00b0C a 60\u00b0C, dimensiones: 125 x 202 x 125 mm, peso: 1.7 kg, accesorios incluidos: soporte de fijaci\u00f3n orientable \u00b1 60\u00ba en todas direcciones y cable de seguridad de acero.","breadcrumb":{"@id":"https:\/\/www.mexicanguitarplayers.com\/tienda\/sin categor\u00eda\/bafle-fonestar-mod-sonora-4t\/#breadcrumb"},"inLanguage":"en-US","potentialAction":[{"@type":"ReadAction","target":["https:\/\/www.mexicanguitarplayers.com\/tienda\/sin categor\u00eda\/bafle-fonestar-mod-sonora-4t\/"]}]},{"@type":"ImageObject","inLanguage":"en-US","@id":"https:\/\/www.mexicanguitarplayers.com\/tienda\/sin categor\u00eda\/bafle-fonestar-mod-sonora-4t\/#primaryimage","url":"https:\/\/www.mexicanguitarplayers.com\/wp-content\/uploads\/2025\/04\/IAFONSONORA4T.jpg","contentUrl":"https:\/\/www.mexicanguitarplayers.com\/wp-content\/uploads\/2025\/04\/IAFONSONORA4T.jpg","width":1200,"height":1200},{"@type":"BreadcrumbList","@id":"https:\/\/www.mexicanguitarplayers.com\/tienda\/sin categor\u00eda\/bafle-fonestar-mod-sonora-4t\/#breadcrumb","itemListElement":[{"@type":"ListItem","position":1,"name":"Portada","item":"https:\/\/www.mexicanguitarplayers.com\/"},{"@type":"ListItem","position":2,"name":"Tienda","item":"https:\/\/www.mexicanguitarplayers.com\/tienda\/"},{"@type":"ListItem","position":3,"name":"BAFLE FONESTAR MOD. SONORA-4T"}]},{"@type":"WebSite","@id":"https:\/\/www.mexicanguitarplayers.com\/#website","url":"https:\/\/www.mexicanguitarplayers.com\/","name":"Mexican Guitar Players","description":"Website","publisher":{"@id":"https:\/\/www.mexicanguitarplayers.com\/#organization"},"potentialAction":[{"@type":"SearchAction","target":{"@type":"EntryPoint","urlTemplate":"https:\/\/www.mexicanguitarplayers.com\/?s={search_term_string}"},"query-input":{"@type":"PropertyValueSpecification","valueRequired":true,"valueName":"search_term_string"}}],"inLanguage":"en-US"},{"@type":"Organization","@id":"https:\/\/www.mexicanguitarplayers.com\/#organization","name":"Mexican Guitar Players","url":"https:\/\/www.mexicanguitarplayers.com\/","logo":{"@type":"ImageObject","inLanguage":"en-US","@id":"https:\/\/www.mexicanguitarplayers.com\/#\/schema\/logo\/image\/","url":"","contentUrl":"","caption":"Mexican Guitar Players"},"image":{"@id":"https:\/\/www.mexicanguitarplayers.com\/#\/schema\/logo\/image\/"}}]}},"brands":[{"id":487,"name":"FONESTAR","slug":"fonestar"}],"_links":{"self":[{"href":"https:\/\/www.mexicanguitarplayers.com\/en\/wp-json\/wp\/v2\/product\/41006","targetHints":{"allow":["GET"]}}],"collection":[{"href":"https:\/\/www.mexicanguitarplayers.com\/en\/wp-json\/wp\/v2\/product"}],"about":[{"href":"https:\/\/www.mexicanguitarplayers.com\/en\/wp-json\/wp\/v2\/types\/product"}],"replies":[{"embeddable":true,"href":"https:\/\/www.mexicanguitarplayers.com\/en\/wp-json\/wp\/v2\/comments?post=41006"}],"wp:featuredmedia":[{"embeddable":true,"href":"https:\/\/www.mexicanguitarplayers.com\/en\/wp-json\/wp\/v2\/media\/40992"}],"wp:attachment":[{"href":"https:\/\/www.mexicanguitarplayers.com\/en\/wp-json\/wp\/v2\/media?parent=41006"}],"wp:term":[{"taxonomy":"pwb-brand","embeddable":true,"href":"https:\/\/www.mexicanguitarplayers.com\/en\/wp-json\/wp\/v2\/pwb-brand?post=41006"},{"taxonomy":"product_brand","embeddable":true,"href":"https:\/\/www.mexicanguitarplayers.com\/en\/wp-json\/wp\/v2\/product_brand?post=41006"},{"taxonomy":"product_cat","embeddable":true,"href":"https:\/\/www.mexicanguitarplayers.com\/en\/wp-json\/wp\/v2\/product_cat?post=41006"},{"taxonomy":"product_tag","embeddable":true,"href":"https:\/\/www.mexicanguitarplayers.com\/en\/wp-json\/wp\/v2\/product_tag?post=41006"}],"curies":[{"name":"wp","href":"https:\/\/api.w.org\/{rel}","templated":true}]}}