{"id":41044,"date":"2025-04-09T07:22:14","date_gmt":"2025-04-09T13:22:14","guid":{"rendered":"https:\/\/www.mexicanguitarplayers.com\/tienda\/sin categor\u00eda\/interfaz-behringer-mod-umc-404hd\/"},"modified":"2026-05-01T07:17:08","modified_gmt":"2026-05-01T13:17:08","slug":"interfaz-behringer-mod-umc-404hd","status":"publish","type":"product","link":"https:\/\/www.mexicanguitarplayers.com\/en\/tienda\/audio\/interfaces\/interfaz-behringer-mod-umc-404hd\/","title":{"rendered":"INTERFAZ BEHRINGER  MOD. UMC-404HD"},"content":{"rendered":"<div style=\"text-align: justify\">\n<div>\n<h3>Un paquete invaluable para el m\u00fasico.<\/h3>\n<\/div>\n<div>La incre\u00edble interfaz U-PHORIA UMC404HD crea una brecha entre tu creatividad y tus fans. Con este incre\u00edblemente r\u00e1pido estudio USB 2.0 en una caja podr\u00e1s grabar tu pr\u00f3xima obra maestra en minutos con toda la conectividad necesaria para tus micr\u00f3fonos, guitarras, teclados e incluso dispositivos MIDI. Graba una voz perfecta a tu computadora basada en DAW gracias a sus 4 preamplificadores para micr\u00f3fono puros de clase mundial de dise\u00f1o MIDAS, que incluyen alimentaci\u00f3n phantom +48V para micr\u00f3fonos de condensador, todos pasan por convertidores de 24 bits\/192 kHz para obtener la mejor calidad de sonido disponible. Si eres tanto cantautor, productor o si solamente requieres una interfaz s\u00f3lida para reproducir pistas de acompa\u00f1amiento en un concierto, esta interfaz te ayudar\u00e1 a brillar en el dominio digital. Cuando sea el momento de grabar en tu computadora Mac o Windows, conecta tus micr\u00f3fonos, instrumentos o fuentes de nivel de l\u00ednea a la interfaz combinando entradas XLR\/TRS para una m\u00e1xima flexibilidad. Conecta y comunica dispositivos MIDI para a\u00f1adir el beneficio de las superficies de control para el flujo de trabajo de estudio. T\u00fa tomas en serio tus pistas y la UMC404HD lo respetar\u00e1, eso proporciona hasta 192 kHz de resoluci\u00f3n, incluso para las aplicaciones musicales m\u00e1s exigentes, as\u00ed como post-producci\u00f3n de video. Trabaja con confianza y precisi\u00f3n con tu software de grabaci\u00f3n favorito para obtener resultados cada vez m\u00e1s profesionales.<\/div>\n<div>\n<h4>Quick look<\/h4>\n<\/div>\n<ul style=\"margin: 0px 0px 0px 25px\">\n<li style=\"list-style-type: circle;margin: 5px\">Entrance.<\/li>\n<li style=\"list-style-type: circle;margin: 5px\">Departure.<\/li>\n<li style=\"list-style-type: circle;margin: 5px\">Datos del sistema.<\/li>\n<li style=\"list-style-type: circle;margin: 5px\">Insertos.<\/li>\n<li style=\"list-style-type: circle;margin: 5px\">MIDI I\/O.<\/li>\n<li style=\"list-style-type: circle;margin: 5px\">Monitorizaci\u00f3n.<\/li>\n<li style=\"list-style-type: circle;margin: 5px\">Lock de seguridad.<\/li>\n<li style=\"list-style-type: circle;margin: 5px\">Digital processing.<\/li>\n<li style=\"list-style-type: circle;margin: 5px\">Conectividad bus de computadora.<\/li>\n<li style=\"list-style-type: circle;margin: 5px\">Software.<\/li>\n<li style=\"list-style-type: circle;margin: 5px\">Energy.<\/li>\n<li style=\"list-style-type: circle;margin: 5px\">Dimensions.<\/li>\n<li style=\"list-style-type: circle;margin: 5px\">Weight.<\/li>\n<\/ul>\n<div>\n<div style=\"font-weight: bold\">Entrance.<\/div>\n<div>\n<p>Preamps: 4 Midas. Tipo: 4 conectores combo XLR\/TRS (Mic\/Line\/Instrument. Nivel de atenuaci\u00f3n de entrada: 4 x pad switch. Respuesta de frecuencia: 10 Hz &#8211; 30 kHz (0 \/ -3 dB). Impedancia: Mic in: 3 kohms \/ Entrada de instrumento: 1 mohm. Nivel de entrada m\u00e1ximo: Mic: -4 dBu \/ Instrument: -3 dBu. Alimentaci\u00f3n phantom: +48V conmutable.<\/p>\n<\/div>\n<div style=\"font-weight: bold\">Departure.<\/div>\n<div>\n<p>Tipo: 1 x 1\/4&#8243; est\u00e9reo (aud\u00edfonos) \/ 2 x 1\/4&#8243; TRS (Main Line out) \/ 2 x XLR (Main Line Out) \/ 4 x TRS 1\/4&#8243; (Playback Line Out) \/ 4 x RCA (Playback Line Out). Respuesta de frecuencia: 10 Hz &#8211; 43 kHz (0 \/ -0.3 dB). Nivel m\u00e1ximo de salida: +3 dBu.<\/p>\n<\/div>\n<div style=\"font-weight: bold\">Datos del sistema.<\/div>\n<div>\n<p>Rango din\u00e1mico: 100 dB ponderado A. Respuesta de frecuencia: 10 Hz &#8211; 43 kHz (0 \/ +0.3 dB).<\/p>\n<\/div>\n<div style=\"font-weight: bold\">Insertos.<\/div>\n<div>\n<p>Tipo: 4 x TRS 1\/4&#8243;. Impedancia: 100 ohms env\u00edo \/ 10 kohms retorno. Nivel de entrada m\u00e1ximo: +3 dBu.<\/p>\n<\/div>\n<div style=\"font-weight: bold\">MIDI I\/O.<\/div>\n<div>\n<p>Tipo: DIN de 5 pines, 1 entrada y 1 salida.<\/p>\n<\/div>\n<div style=\"font-weight: bold\">Monitorizaci\u00f3n.<\/div>\n<div>\n<p>Control de monitor directo: Control de mezcla de balance (input playback). Aud\u00edfonos DJ cueing: Monitor A\/B switch (salida 1-2 \/ 3-4 select).<\/p>\n<\/div>\n<div style=\"font-weight: bold\">Lock de seguridad.<\/div>\n<div>\n<p>Kensington security lock: S\u00ed.<\/p>\n<\/div>\n<div style=\"font-weight: bold\">Digital processing.<\/div>\n<div>\n<p>Tasas de muestreo soportadas: 44.1 \/ 48 \/ 88.2 \/ 96 \/ 176.4 \/ 192 kHz.<\/p>\n<\/div>\n<div style=\"font-weight: bold\">Conectividad bus de computadora.<\/div>\n<div>\n<p>USB 2.0, tipo B.<\/p>\n<\/div>\n<div style=\"font-weight: bold\">Software.<\/div>\n<div>\n<p>Sistemas operativos: Mac OSX, Windows XP o superior. Drivers: Mac no requiere, para Windows, disponible para descargar desde behringer.com<\/p>\n<\/div>\n<div style=\"font-weight: bold\">Energy.<\/div>\n<div>\n<p>Consumo de energ\u00eda: M\u00e1ximo 2.5 watts. Fuente de alimentaci\u00f3n: Conector USB (alimentado desde la computadora) o adaptador de corriente. Voltaje: 100-240V~, 50\/60 Hz.<\/p>\n<\/div>\n<div style=\"font-weight: bold\">Dimensions.<\/div>\n<div>\n<p>45.81 x 292 x 130 mm.<\/p>\n<\/div>\n<div style=\"font-weight: bold\">Weight.<\/div>\n<div>\n<p>1.2 kg.<\/p>\n<\/div>\n<\/div>\n<\/div>","protected":false},"excerpt":{"rendered":"<p>Interfaz de audio U-Phoria, 4&#215;4, 24-Bit\/192 kHz, USB Audio\/MIDI, 4 preamplificadores Midas con alimentaci\u00f3n phantom +48V, compatible con los programas de grabaci\u00f3n m\u00e1s populares, compatible con Windows y Mac, 4 entradas y 4 salidas m\u00e1s 1 I\/O MIDI con latencia ultra baja, inserciones an\u00e1logas para el uso de efectos externos, monitoreo de latencia cero durante la grabaci\u00f3n, control de mezcla Input\/Playback y switch Mono\/Est\u00e9reo para monitoreo directo, potente salida de aud\u00edfonos con control de nivel y selecci\u00f3n de fuente de monitor A\/B para DJ-style cueing, indicadores de Estado, Se\u00f1al y Clip, puerto USB para conexi\u00f3n y alimentaci\u00f3n, resistente chasis de metal resistente a los impactos, dimensiones: 45.81 x 292 x130 mm, peso: 1.2 kg.&hellip; <a class=\"kt-excerpt-readmore more-link\" href=\"https:\/\/www.mexicanguitarplayers.com\/en\/tienda\/audio\/interfaces\/interfaz-behringer-mod-umc-404hd\/\">Read more<\/a><\/p>","protected":false},"featured_media":41040,"comment_status":"open","ping_status":"closed","template":"","meta":{"kt_blocks_editor_width":""},"pwb-brand":[171],"product_brand":[],"product_cat":[213,233],"product_tag":[],"class_list":{"0":"post-41044","1":"product","2":"type-product","3":"status-publish","4":"has-post-thumbnail","6":"pwb-brand-behringer","7":"product_cat-audio","8":"product_cat-interfaces","9":"product_shipping_class-0-5-kg","11":"first","12":"instock","13":"taxable","14":"shipping-taxable","15":"purchasable","16":"product-type-simple"},"yoast_head":"<!-- This site is optimized with the Yoast SEO plugin v27.6 - https:\/\/yoast.com\/product\/yoast-seo-wordpress\/ -->\n<title>INTERFAZ BEHRINGER MOD. UMC-404HD - Mexican Guitar Players<\/title>\n<meta name=\"description\" content=\"Interfaz de audio U-Phoria, 4x4, 24-Bit\/192 kHz, USB Audio\/MIDI, 4 preamplificadores Midas con alimentaci\u00f3n phantom +48V, compatible con los programas de grabaci\u00f3n m\u00e1s populares, compatible con Windows y Mac, 4 entradas y 4 salidas m\u00e1s 1 I\/O MIDI con latencia ultra baja, inserciones an\u00e1logas para el uso de efectos externos, monitoreo de latencia cero durante la grabaci\u00f3n, control de mezcla Input\/Playback y switch Mono\/Est\u00e9reo para monitoreo directo, potente salida de aud\u00edfonos con control de nivel y selecci\u00f3n de fuente de monitor A\/B para DJ-style cueing, indicadores de Estado, Se\u00f1al y Clip, puerto USB para conexi\u00f3n y alimentaci\u00f3n, resistente chasis de metal resistente a los impactos, dimensiones: 45.81 x 292 x130 mm, peso: 1.2 kg.\" \/>\n<meta name=\"robots\" content=\"index, follow, max-snippet:-1, max-image-preview:large, max-video-preview:-1\" \/>\n<link rel=\"canonical\" href=\"https:\/\/www.mexicanguitarplayers.com\/en\/tienda\/sin%20categor\u00eda\/interfaz-behringer-mod-umc-404hd\/\" \/>\n<meta property=\"og:locale\" content=\"en_US\" \/>\n<meta property=\"og:type\" content=\"article\" \/>\n<meta property=\"og:title\" content=\"INTERFAZ BEHRINGER MOD. UMC-404HD - Mexican Guitar Players\" \/>\n<meta property=\"og:description\" content=\"Interfaz de audio U-Phoria, 4x4, 24-Bit\/192 kHz, USB Audio\/MIDI, 4 preamplificadores Midas con alimentaci\u00f3n phantom +48V, compatible con los programas de grabaci\u00f3n m\u00e1s populares, compatible con Windows y Mac, 4 entradas y 4 salidas m\u00e1s 1 I\/O MIDI con latencia ultra baja, inserciones an\u00e1logas para el uso de efectos externos, monitoreo de latencia cero durante la grabaci\u00f3n, control de mezcla Input\/Playback y switch Mono\/Est\u00e9reo para monitoreo directo, potente salida de aud\u00edfonos con control de nivel y selecci\u00f3n de fuente de monitor A\/B para DJ-style cueing, indicadores de Estado, Se\u00f1al y Clip, puerto USB para conexi\u00f3n y alimentaci\u00f3n, resistente chasis de metal resistente a los impactos, dimensiones: 45.81 x 292 x130 mm, peso: 1.2 kg.\" \/>\n<meta property=\"og:url\" content=\"https:\/\/www.mexicanguitarplayers.com\/en\/tienda\/sin categor\u00eda\/interfaz-behringer-mod-umc-404hd\/\" \/>\n<meta property=\"og:site_name\" content=\"Mexican Guitar Players\" \/>\n<meta property=\"article:modified_time\" content=\"2026-05-01T13:17:08+00:00\" \/>\n<meta name=\"twitter:card\" content=\"summary_large_image\" \/>\n<meta name=\"twitter:label1\" content=\"Est. reading time\" \/>\n\t<meta name=\"twitter:data1\" content=\"3 minutes\" \/>\n<script type=\"application\/ld+json\" class=\"yoast-schema-graph\">{\"@context\":\"https:\\\/\\\/schema.org\",\"@graph\":[{\"@type\":[\"WebPage\",\"ItemPage\"],\"@id\":\"https:\\\/\\\/www.mexicanguitarplayers.com\\\/tienda\\\/sin categor\u00eda\\\/interfaz-behringer-mod-umc-404hd\\\/\",\"url\":\"https:\\\/\\\/www.mexicanguitarplayers.com\\\/tienda\\\/sin categor\u00eda\\\/interfaz-behringer-mod-umc-404hd\\\/\",\"name\":\"INTERFAZ BEHRINGER MOD. UMC-404HD - Mexican Guitar Players\",\"isPartOf\":{\"@id\":\"https:\\\/\\\/www.mexicanguitarplayers.com\\\/#website\"},\"primaryImageOfPage\":{\"@id\":\"https:\\\/\\\/www.mexicanguitarplayers.com\\\/tienda\\\/sin categor\u00eda\\\/interfaz-behringer-mod-umc-404hd\\\/#primaryimage\"},\"image\":{\"@id\":\"https:\\\/\\\/www.mexicanguitarplayers.com\\\/tienda\\\/sin categor\u00eda\\\/interfaz-behringer-mod-umc-404hd\\\/#primaryimage\"},\"thumbnailUrl\":\"https:\\\/\\\/www.mexicanguitarplayers.com\\\/wp-content\\\/uploads\\\/2025\\\/04\\\/IABEHUMC404HD.jpg\",\"datePublished\":\"2025-04-09T13:22:14+00:00\",\"dateModified\":\"2026-05-01T13:17:08+00:00\",\"description\":\"Interfaz de audio U-Phoria, 4x4, 24-Bit\\\/192 kHz, USB Audio\\\/MIDI, 4 preamplificadores Midas con alimentaci\u00f3n phantom +48V, compatible con los programas de grabaci\u00f3n m\u00e1s populares, compatible con Windows y Mac, 4 entradas y 4 salidas m\u00e1s 1 I\\\/O MIDI con latencia ultra baja, inserciones an\u00e1logas para el uso de efectos externos, monitoreo de latencia cero durante la grabaci\u00f3n, control de mezcla Input\\\/Playback y switch Mono\\\/Est\u00e9reo para monitoreo directo, potente salida de aud\u00edfonos con control de nivel y selecci\u00f3n de fuente de monitor A\\\/B para DJ-style cueing, indicadores de Estado, Se\u00f1al y Clip, puerto USB para conexi\u00f3n y alimentaci\u00f3n, resistente chasis de metal resistente a los impactos, dimensiones: 45.81 x 292 x130 mm, peso: 1.2 kg.\",\"breadcrumb\":{\"@id\":\"https:\\\/\\\/www.mexicanguitarplayers.com\\\/tienda\\\/sin categor\u00eda\\\/interfaz-behringer-mod-umc-404hd\\\/#breadcrumb\"},\"inLanguage\":\"en-US\",\"potentialAction\":[{\"@type\":\"ReadAction\",\"target\":[\"https:\\\/\\\/www.mexicanguitarplayers.com\\\/tienda\\\/sin categor\u00eda\\\/interfaz-behringer-mod-umc-404hd\\\/\"]}]},{\"@type\":\"ImageObject\",\"inLanguage\":\"en-US\",\"@id\":\"https:\\\/\\\/www.mexicanguitarplayers.com\\\/tienda\\\/sin categor\u00eda\\\/interfaz-behringer-mod-umc-404hd\\\/#primaryimage\",\"url\":\"https:\\\/\\\/www.mexicanguitarplayers.com\\\/wp-content\\\/uploads\\\/2025\\\/04\\\/IABEHUMC404HD.jpg\",\"contentUrl\":\"https:\\\/\\\/www.mexicanguitarplayers.com\\\/wp-content\\\/uploads\\\/2025\\\/04\\\/IABEHUMC404HD.jpg\",\"width\":1600,\"height\":800},{\"@type\":\"BreadcrumbList\",\"@id\":\"https:\\\/\\\/www.mexicanguitarplayers.com\\\/tienda\\\/sin categor\u00eda\\\/interfaz-behringer-mod-umc-404hd\\\/#breadcrumb\",\"itemListElement\":[{\"@type\":\"ListItem\",\"position\":1,\"name\":\"Portada\",\"item\":\"https:\\\/\\\/www.mexicanguitarplayers.com\\\/\"},{\"@type\":\"ListItem\",\"position\":2,\"name\":\"Tienda\",\"item\":\"https:\\\/\\\/www.mexicanguitarplayers.com\\\/tienda\\\/\"},{\"@type\":\"ListItem\",\"position\":3,\"name\":\"INTERFAZ BEHRINGER MOD. UMC-404HD\"}]},{\"@type\":\"WebSite\",\"@id\":\"https:\\\/\\\/www.mexicanguitarplayers.com\\\/#website\",\"url\":\"https:\\\/\\\/www.mexicanguitarplayers.com\\\/\",\"name\":\"Mexican Guitar Players\",\"description\":\"Website\",\"publisher\":{\"@id\":\"https:\\\/\\\/www.mexicanguitarplayers.com\\\/#organization\"},\"potentialAction\":[{\"@type\":\"SearchAction\",\"target\":{\"@type\":\"EntryPoint\",\"urlTemplate\":\"https:\\\/\\\/www.mexicanguitarplayers.com\\\/?s={search_term_string}\"},\"query-input\":{\"@type\":\"PropertyValueSpecification\",\"valueRequired\":true,\"valueName\":\"search_term_string\"}}],\"inLanguage\":\"en-US\"},{\"@type\":\"Organization\",\"@id\":\"https:\\\/\\\/www.mexicanguitarplayers.com\\\/#organization\",\"name\":\"Mexican Guitar Players\",\"url\":\"https:\\\/\\\/www.mexicanguitarplayers.com\\\/\",\"logo\":{\"@type\":\"ImageObject\",\"inLanguage\":\"en-US\",\"@id\":\"https:\\\/\\\/www.mexicanguitarplayers.com\\\/#\\\/schema\\\/logo\\\/image\\\/\",\"url\":\"\",\"contentUrl\":\"\",\"caption\":\"Mexican Guitar Players\"},\"image\":{\"@id\":\"https:\\\/\\\/www.mexicanguitarplayers.com\\\/#\\\/schema\\\/logo\\\/image\\\/\"}}]}<\/script>\n<!-- \/ Yoast SEO plugin. -->","yoast_head_json":{"title":"INTERFAZ BEHRINGER MOD. UMC-404HD - Mexican Guitar Players","description":"Interfaz de audio U-Phoria, 4x4, 24-Bit\/192 kHz, USB Audio\/MIDI, 4 preamplificadores Midas con alimentaci\u00f3n phantom +48V, compatible con los programas de grabaci\u00f3n m\u00e1s populares, compatible con Windows y Mac, 4 entradas y 4 salidas m\u00e1s 1 I\/O MIDI con latencia ultra baja, inserciones an\u00e1logas para el uso de efectos externos, monitoreo de latencia cero durante la grabaci\u00f3n, control de mezcla Input\/Playback y switch Mono\/Est\u00e9reo para monitoreo directo, potente salida de aud\u00edfonos con control de nivel y selecci\u00f3n de fuente de monitor A\/B para DJ-style cueing, indicadores de Estado, Se\u00f1al y Clip, puerto USB para conexi\u00f3n y alimentaci\u00f3n, resistente chasis de metal resistente a los impactos, dimensiones: 45.81 x 292 x130 mm, peso: 1.2 kg.","robots":{"index":"index","follow":"follow","max-snippet":"max-snippet:-1","max-image-preview":"max-image-preview:large","max-video-preview":"max-video-preview:-1"},"canonical":"https:\/\/www.mexicanguitarplayers.com\/en\/tienda\/sin categor\u00eda\/interfaz-behringer-mod-umc-404hd\/","og_locale":"en_US","og_type":"article","og_title":"INTERFAZ BEHRINGER MOD. UMC-404HD - Mexican Guitar Players","og_description":"Interfaz de audio U-Phoria, 4x4, 24-Bit\/192 kHz, USB Audio\/MIDI, 4 preamplificadores Midas con alimentaci\u00f3n phantom +48V, compatible con los programas de grabaci\u00f3n m\u00e1s populares, compatible con Windows y Mac, 4 entradas y 4 salidas m\u00e1s 1 I\/O MIDI con latencia ultra baja, inserciones an\u00e1logas para el uso de efectos externos, monitoreo de latencia cero durante la grabaci\u00f3n, control de mezcla Input\/Playback y switch Mono\/Est\u00e9reo para monitoreo directo, potente salida de aud\u00edfonos con control de nivel y selecci\u00f3n de fuente de monitor A\/B para DJ-style cueing, indicadores de Estado, Se\u00f1al y Clip, puerto USB para conexi\u00f3n y alimentaci\u00f3n, resistente chasis de metal resistente a los impactos, dimensiones: 45.81 x 292 x130 mm, peso: 1.2 kg.","og_url":"https:\/\/www.mexicanguitarplayers.com\/en\/tienda\/sin categor\u00eda\/interfaz-behringer-mod-umc-404hd\/","og_site_name":"Mexican Guitar Players","article_modified_time":"2026-05-01T13:17:08+00:00","twitter_card":"summary_large_image","twitter_misc":{"Est. reading time":"3 minutes"},"schema":{"@context":"https:\/\/schema.org","@graph":[{"@type":["WebPage","ItemPage"],"@id":"https:\/\/www.mexicanguitarplayers.com\/tienda\/sin categor\u00eda\/interfaz-behringer-mod-umc-404hd\/","url":"https:\/\/www.mexicanguitarplayers.com\/tienda\/sin categor\u00eda\/interfaz-behringer-mod-umc-404hd\/","name":"INTERFAZ BEHRINGER MOD. UMC-404HD - Mexican Guitar Players","isPartOf":{"@id":"https:\/\/www.mexicanguitarplayers.com\/#website"},"primaryImageOfPage":{"@id":"https:\/\/www.mexicanguitarplayers.com\/tienda\/sin categor\u00eda\/interfaz-behringer-mod-umc-404hd\/#primaryimage"},"image":{"@id":"https:\/\/www.mexicanguitarplayers.com\/tienda\/sin categor\u00eda\/interfaz-behringer-mod-umc-404hd\/#primaryimage"},"thumbnailUrl":"https:\/\/www.mexicanguitarplayers.com\/wp-content\/uploads\/2025\/04\/IABEHUMC404HD.jpg","datePublished":"2025-04-09T13:22:14+00:00","dateModified":"2026-05-01T13:17:08+00:00","description":"Interfaz de audio U-Phoria, 4x4, 24-Bit\/192 kHz, USB Audio\/MIDI, 4 preamplificadores Midas con alimentaci\u00f3n phantom +48V, compatible con los programas de grabaci\u00f3n m\u00e1s populares, compatible con Windows y Mac, 4 entradas y 4 salidas m\u00e1s 1 I\/O MIDI con latencia ultra baja, inserciones an\u00e1logas para el uso de efectos externos, monitoreo de latencia cero durante la grabaci\u00f3n, control de mezcla Input\/Playback y switch Mono\/Est\u00e9reo para monitoreo directo, potente salida de aud\u00edfonos con control de nivel y selecci\u00f3n de fuente de monitor A\/B para DJ-style cueing, indicadores de Estado, Se\u00f1al y Clip, puerto USB para conexi\u00f3n y alimentaci\u00f3n, resistente chasis de metal resistente a los impactos, dimensiones: 45.81 x 292 x130 mm, peso: 1.2 kg.","breadcrumb":{"@id":"https:\/\/www.mexicanguitarplayers.com\/tienda\/sin categor\u00eda\/interfaz-behringer-mod-umc-404hd\/#breadcrumb"},"inLanguage":"en-US","potentialAction":[{"@type":"ReadAction","target":["https:\/\/www.mexicanguitarplayers.com\/tienda\/sin categor\u00eda\/interfaz-behringer-mod-umc-404hd\/"]}]},{"@type":"ImageObject","inLanguage":"en-US","@id":"https:\/\/www.mexicanguitarplayers.com\/tienda\/sin categor\u00eda\/interfaz-behringer-mod-umc-404hd\/#primaryimage","url":"https:\/\/www.mexicanguitarplayers.com\/wp-content\/uploads\/2025\/04\/IABEHUMC404HD.jpg","contentUrl":"https:\/\/www.mexicanguitarplayers.com\/wp-content\/uploads\/2025\/04\/IABEHUMC404HD.jpg","width":1600,"height":800},{"@type":"BreadcrumbList","@id":"https:\/\/www.mexicanguitarplayers.com\/tienda\/sin categor\u00eda\/interfaz-behringer-mod-umc-404hd\/#breadcrumb","itemListElement":[{"@type":"ListItem","position":1,"name":"Portada","item":"https:\/\/www.mexicanguitarplayers.com\/"},{"@type":"ListItem","position":2,"name":"Tienda","item":"https:\/\/www.mexicanguitarplayers.com\/tienda\/"},{"@type":"ListItem","position":3,"name":"INTERFAZ BEHRINGER MOD. UMC-404HD"}]},{"@type":"WebSite","@id":"https:\/\/www.mexicanguitarplayers.com\/#website","url":"https:\/\/www.mexicanguitarplayers.com\/","name":"Mexican Guitar Players","description":"Website","publisher":{"@id":"https:\/\/www.mexicanguitarplayers.com\/#organization"},"potentialAction":[{"@type":"SearchAction","target":{"@type":"EntryPoint","urlTemplate":"https:\/\/www.mexicanguitarplayers.com\/?s={search_term_string}"},"query-input":{"@type":"PropertyValueSpecification","valueRequired":true,"valueName":"search_term_string"}}],"inLanguage":"en-US"},{"@type":"Organization","@id":"https:\/\/www.mexicanguitarplayers.com\/#organization","name":"Mexican Guitar Players","url":"https:\/\/www.mexicanguitarplayers.com\/","logo":{"@type":"ImageObject","inLanguage":"en-US","@id":"https:\/\/www.mexicanguitarplayers.com\/#\/schema\/logo\/image\/","url":"","contentUrl":"","caption":"Mexican Guitar Players"},"image":{"@id":"https:\/\/www.mexicanguitarplayers.com\/#\/schema\/logo\/image\/"}}]}},"brands":[{"id":171,"name":"BEHRINGER","slug":"behringer"}],"_links":{"self":[{"href":"https:\/\/www.mexicanguitarplayers.com\/en\/wp-json\/wp\/v2\/product\/41044","targetHints":{"allow":["GET"]}}],"collection":[{"href":"https:\/\/www.mexicanguitarplayers.com\/en\/wp-json\/wp\/v2\/product"}],"about":[{"href":"https:\/\/www.mexicanguitarplayers.com\/en\/wp-json\/wp\/v2\/types\/product"}],"replies":[{"embeddable":true,"href":"https:\/\/www.mexicanguitarplayers.com\/en\/wp-json\/wp\/v2\/comments?post=41044"}],"wp:featuredmedia":[{"embeddable":true,"href":"https:\/\/www.mexicanguitarplayers.com\/en\/wp-json\/wp\/v2\/media\/41040"}],"wp:attachment":[{"href":"https:\/\/www.mexicanguitarplayers.com\/en\/wp-json\/wp\/v2\/media?parent=41044"}],"wp:term":[{"taxonomy":"pwb-brand","embeddable":true,"href":"https:\/\/www.mexicanguitarplayers.com\/en\/wp-json\/wp\/v2\/pwb-brand?post=41044"},{"taxonomy":"product_brand","embeddable":true,"href":"https:\/\/www.mexicanguitarplayers.com\/en\/wp-json\/wp\/v2\/product_brand?post=41044"},{"taxonomy":"product_cat","embeddable":true,"href":"https:\/\/www.mexicanguitarplayers.com\/en\/wp-json\/wp\/v2\/product_cat?post=41044"},{"taxonomy":"product_tag","embeddable":true,"href":"https:\/\/www.mexicanguitarplayers.com\/en\/wp-json\/wp\/v2\/product_tag?post=41044"}],"curies":[{"name":"wp","href":"https:\/\/api.w.org\/{rel}","templated":true}]}}