{"id":41100,"date":"2025-04-09T07:24:48","date_gmt":"2025-04-09T13:24:48","guid":{"rendered":"https:\/\/www.mexicanguitarplayers.com\/tienda\/sin categor\u00eda\/soporte-hercules-p-clarinete-ds-561b\/"},"modified":"2026-04-10T04:18:53","modified_gmt":"2026-04-10T10:18:53","slug":"soporte-hercules-p-clarinete-ds-561b","status":"publish","type":"product","link":"https:\/\/www.mexicanguitarplayers.com\/en\/tienda\/accesorios\/stands\/para-instrumento-stands\/soporte-hercules-p-clarinete-ds-561b\/","title":{"rendered":"SOPORTE HERCULES P\/CLARINETE DS-561B"},"content":{"rendered":"<div style=\"text-align: justify\">\n<div>\n<h3>El mejor soporte para tu clarinete.<\/h3>\n<\/div>\n<div>El soporte DS-561B de Hercules es ideal para tu clarinete asi como muy practico para guardarse. Cuenta con un apoyo multifunci\u00f3n y una base de apoyo que permiten que sit\u00fae el instrumento en dos posiciones distintas para un acceso m\u00e1s c\u00f3modo. Altura variable para poder acoger distintos clarinetes bajos y fagots. Patas movibles con pines de bloqueo para adaptarse a otros soportes que est\u00e9n en su entorno. Se pueden acoplar soportes complementarios sobre las patas lo que le permite ahorrar espacio. Grandes figuras de la m\u00fasica, como Sammy Hagar, Dave Matthews Band, Megadeth y Ted Nugent entre otros, prefieren Hercules sobre otras marcas.<\/div>\n<div>\n<h4>Quick look<\/h4>\n<\/div>\n<ul style=\"margin: 0px 0px 0px 25px\">\n<li style=\"list-style-type: circle;margin: 5px\">Apoyo multifunci\u00f3n y base de apoyo.<\/li>\n<li style=\"list-style-type: circle;margin: 5px\">Dise\u00f1o profesional.<\/li>\n<li style=\"list-style-type: circle;margin: 5px\">Altura variable.<\/li>\n<li style=\"list-style-type: circle;margin: 5px\">Patas movibles.<\/li>\n<li style=\"list-style-type: circle;margin: 5px\">Opciones.<\/li>\n<li style=\"list-style-type: circle;margin: 5px\">Altura.<\/li>\n<li style=\"list-style-type: circle;margin: 5px\">Weight.<\/li>\n<li style=\"list-style-type: circle;margin: 5px\">Capacidad de carga.<\/li>\n<li style=\"list-style-type: circle;margin: 5px\">Tama\u00f1o cerrado.<\/li>\n<\/ul>\n<div>\n<div style=\"font-weight: bold\">Apoyo multifunci\u00f3n y base de apoyo.<\/div>\n<div>\n<p>Permite que sit\u00fae el instrumento en dos posiciones distintas para un acceso m\u00e1s c\u00f3modo.<\/p>\n<\/div>\n<div style=\"font-weight: bold\">Dise\u00f1o profesional.<\/div>\n<div>\n<p>Sostiene con seguridad el clarinete bajo incluso con lapica de apoyo extendida.<\/p>\n<\/div>\n<div style=\"font-weight: bold\">Altura variable.<\/div>\n<div>\n<p>Para poder acoger distintos clarinets bajos y fagots.<\/p>\n<\/div>\n<div style=\"font-weight: bold\">Patas movibles.<\/div>\n<div>\n<p>Con pins de bloqueo para adaptarse a otros soportes que est\u00e9n en su entorno.<\/p>\n<\/div>\n<div style=\"font-weight: bold\">Opciones.<\/div>\n<div>\n<p>Se pueden acoplar soportes complementarios sobre las patas lo que le permite ahorrar espacio.<\/p>\n<\/div>\n<div style=\"font-weight: bold\">Altura.<\/div>\n<div>\n<p>670 -1010 mm.<\/p>\n<\/div>\n<div style=\"font-weight: bold\">Weight.<\/div>\n<div>\n<p>2.27 Kg.<\/p>\n<\/div>\n<div style=\"font-weight: bold\">Capacidad de carga.<\/div>\n<div>\n<p>15 Kg.<\/p>\n<\/div>\n<div style=\"font-weight: bold\">Tama\u00f1o cerrado.<\/div>\n<div>\n<p>630 x 150 mm.<\/p>\n<\/div>\n<\/div>\n<\/div>","protected":false},"excerpt":{"rendered":"<p>Soporte Hercules para clarinete bajo o fagot. Modelo: DS-561B. Apoyo multifunci\u00f3n y base de apoyo que permiten que sit\u00fae el instrumento en dos posiciones distintas para un acceso m\u00e1s c\u00f3modo. Sostiene con seguridad el clarinete bajo, inclusocon la pica de apoyo extendida. Altura variable. Patas movibles con pines de bloqueo. Altura: 670 &#8211; 1010 mm. Peso: 2.27 Kg. Capacidad de carga: 15 Kg. Tama\u00f1o cerrado: 630 x 150 mm.&hellip; <a class=\"kt-excerpt-readmore more-link\" href=\"https:\/\/www.mexicanguitarplayers.com\/en\/tienda\/accesorios\/stands\/para-instrumento-stands\/soporte-hercules-p-clarinete-ds-561b\/\">Read more<\/a><\/p>","protected":false},"featured_media":41098,"comment_status":"open","ping_status":"closed","template":"","meta":{"kt_blocks_editor_width":""},"pwb-brand":[587],"product_brand":[],"product_cat":[85,510,416],"product_tag":[],"class_list":{"0":"post-41100","1":"product","2":"type-product","3":"status-publish","4":"has-post-thumbnail","6":"pwb-brand-hercules","7":"product_cat-accesorios","8":"product_cat-para-instrumento-stands","9":"product_cat-stands","10":"product_shipping_class-0-5-kg","12":"first","13":"outofstock","14":"taxable","15":"shipping-taxable","16":"purchasable","17":"product-type-simple"},"yoast_head":"<!-- This site is optimized with the Yoast SEO plugin v27.5 - https:\/\/yoast.com\/product\/yoast-seo-wordpress\/ -->\n<title>SOPORTE HERCULES P\/CLARINETE DS-561B - Mexican Guitar Players<\/title>\n<meta name=\"description\" content=\"Soporte Hercules para clarinete bajo o fagot. Modelo: DS-561B. Apoyo multifunci\u00f3n y base de apoyo que permiten que sit\u00fae el instrumento en dos posiciones distintas para un acceso m\u00e1s c\u00f3modo. Sostiene con seguridad el clarinete bajo, inclusocon la pica de apoyo extendida. Altura variable. Patas movibles con pines de bloqueo. Altura: 670 - 1010 mm. Peso: 2.27 Kg. Capacidad de carga: 15 Kg. Tama\u00f1o cerrado: 630 x 150 mm.\" \/>\n<meta name=\"robots\" content=\"index, follow, max-snippet:-1, max-image-preview:large, max-video-preview:-1\" \/>\n<link rel=\"canonical\" href=\"https:\/\/www.mexicanguitarplayers.com\/en\/tienda\/sin%20categor\u00eda\/soporte-hercules-p-clarinete-ds-561b\/\" \/>\n<meta property=\"og:locale\" content=\"en_US\" \/>\n<meta property=\"og:type\" content=\"article\" \/>\n<meta property=\"og:title\" content=\"SOPORTE HERCULES P\/CLARINETE DS-561B - Mexican Guitar Players\" \/>\n<meta property=\"og:description\" content=\"Soporte Hercules para clarinete bajo o fagot. Modelo: DS-561B. Apoyo multifunci\u00f3n y base de apoyo que permiten que sit\u00fae el instrumento en dos posiciones distintas para un acceso m\u00e1s c\u00f3modo. Sostiene con seguridad el clarinete bajo, inclusocon la pica de apoyo extendida. Altura variable. Patas movibles con pines de bloqueo. Altura: 670 - 1010 mm. Peso: 2.27 Kg. Capacidad de carga: 15 Kg. Tama\u00f1o cerrado: 630 x 150 mm.\" \/>\n<meta property=\"og:url\" content=\"https:\/\/www.mexicanguitarplayers.com\/en\/tienda\/sin categor\u00eda\/soporte-hercules-p-clarinete-ds-561b\/\" \/>\n<meta property=\"og:site_name\" content=\"Mexican Guitar Players\" \/>\n<meta property=\"article:modified_time\" content=\"2026-04-10T10:18:53+00:00\" \/>\n<meta name=\"twitter:card\" content=\"summary_large_image\" \/>\n<meta name=\"twitter:label1\" content=\"Est. reading time\" \/>\n\t<meta name=\"twitter:data1\" content=\"1 minute\" \/>\n<script type=\"application\/ld+json\" class=\"yoast-schema-graph\">{\"@context\":\"https:\\\/\\\/schema.org\",\"@graph\":[{\"@type\":[\"WebPage\",\"ItemPage\"],\"@id\":\"https:\\\/\\\/www.mexicanguitarplayers.com\\\/tienda\\\/sin categor\u00eda\\\/soporte-hercules-p-clarinete-ds-561b\\\/\",\"url\":\"https:\\\/\\\/www.mexicanguitarplayers.com\\\/tienda\\\/sin categor\u00eda\\\/soporte-hercules-p-clarinete-ds-561b\\\/\",\"name\":\"SOPORTE HERCULES P\\\/CLARINETE DS-561B - Mexican Guitar Players\",\"isPartOf\":{\"@id\":\"https:\\\/\\\/www.mexicanguitarplayers.com\\\/#website\"},\"primaryImageOfPage\":{\"@id\":\"https:\\\/\\\/www.mexicanguitarplayers.com\\\/tienda\\\/sin categor\u00eda\\\/soporte-hercules-p-clarinete-ds-561b\\\/#primaryimage\"},\"image\":{\"@id\":\"https:\\\/\\\/www.mexicanguitarplayers.com\\\/tienda\\\/sin categor\u00eda\\\/soporte-hercules-p-clarinete-ds-561b\\\/#primaryimage\"},\"thumbnailUrl\":\"https:\\\/\\\/www.mexicanguitarplayers.com\\\/wp-content\\\/uploads\\\/2025\\\/04\\\/VAHERDS561B.jpg\",\"datePublished\":\"2025-04-09T13:24:48+00:00\",\"dateModified\":\"2026-04-10T10:18:53+00:00\",\"description\":\"Soporte Hercules para clarinete bajo o fagot. Modelo: DS-561B. Apoyo multifunci\u00f3n y base de apoyo que permiten que sit\u00fae el instrumento en dos posiciones distintas para un acceso m\u00e1s c\u00f3modo. Sostiene con seguridad el clarinete bajo, inclusocon la pica de apoyo extendida. Altura variable. Patas movibles con pines de bloqueo. Altura: 670 - 1010 mm. Peso: 2.27 Kg. Capacidad de carga: 15 Kg. Tama\u00f1o cerrado: 630 x 150 mm.\",\"breadcrumb\":{\"@id\":\"https:\\\/\\\/www.mexicanguitarplayers.com\\\/tienda\\\/sin categor\u00eda\\\/soporte-hercules-p-clarinete-ds-561b\\\/#breadcrumb\"},\"inLanguage\":\"en-US\",\"potentialAction\":[{\"@type\":\"ReadAction\",\"target\":[\"https:\\\/\\\/www.mexicanguitarplayers.com\\\/tienda\\\/sin categor\u00eda\\\/soporte-hercules-p-clarinete-ds-561b\\\/\"]}]},{\"@type\":\"ImageObject\",\"inLanguage\":\"en-US\",\"@id\":\"https:\\\/\\\/www.mexicanguitarplayers.com\\\/tienda\\\/sin categor\u00eda\\\/soporte-hercules-p-clarinete-ds-561b\\\/#primaryimage\",\"url\":\"https:\\\/\\\/www.mexicanguitarplayers.com\\\/wp-content\\\/uploads\\\/2025\\\/04\\\/VAHERDS561B.jpg\",\"contentUrl\":\"https:\\\/\\\/www.mexicanguitarplayers.com\\\/wp-content\\\/uploads\\\/2025\\\/04\\\/VAHERDS561B.jpg\",\"width\":1200,\"height\":1200},{\"@type\":\"BreadcrumbList\",\"@id\":\"https:\\\/\\\/www.mexicanguitarplayers.com\\\/tienda\\\/sin categor\u00eda\\\/soporte-hercules-p-clarinete-ds-561b\\\/#breadcrumb\",\"itemListElement\":[{\"@type\":\"ListItem\",\"position\":1,\"name\":\"Portada\",\"item\":\"https:\\\/\\\/www.mexicanguitarplayers.com\\\/\"},{\"@type\":\"ListItem\",\"position\":2,\"name\":\"Tienda\",\"item\":\"https:\\\/\\\/www.mexicanguitarplayers.com\\\/tienda\\\/\"},{\"@type\":\"ListItem\",\"position\":3,\"name\":\"SOPORTE HERCULES P\\\/CLARINETE DS-561B\"}]},{\"@type\":\"WebSite\",\"@id\":\"https:\\\/\\\/www.mexicanguitarplayers.com\\\/#website\",\"url\":\"https:\\\/\\\/www.mexicanguitarplayers.com\\\/\",\"name\":\"Mexican Guitar Players\",\"description\":\"Website\",\"publisher\":{\"@id\":\"https:\\\/\\\/www.mexicanguitarplayers.com\\\/#organization\"},\"potentialAction\":[{\"@type\":\"SearchAction\",\"target\":{\"@type\":\"EntryPoint\",\"urlTemplate\":\"https:\\\/\\\/www.mexicanguitarplayers.com\\\/?s={search_term_string}\"},\"query-input\":{\"@type\":\"PropertyValueSpecification\",\"valueRequired\":true,\"valueName\":\"search_term_string\"}}],\"inLanguage\":\"en-US\"},{\"@type\":\"Organization\",\"@id\":\"https:\\\/\\\/www.mexicanguitarplayers.com\\\/#organization\",\"name\":\"Mexican Guitar Players\",\"url\":\"https:\\\/\\\/www.mexicanguitarplayers.com\\\/\",\"logo\":{\"@type\":\"ImageObject\",\"inLanguage\":\"en-US\",\"@id\":\"https:\\\/\\\/www.mexicanguitarplayers.com\\\/#\\\/schema\\\/logo\\\/image\\\/\",\"url\":\"\",\"contentUrl\":\"\",\"caption\":\"Mexican Guitar Players\"},\"image\":{\"@id\":\"https:\\\/\\\/www.mexicanguitarplayers.com\\\/#\\\/schema\\\/logo\\\/image\\\/\"}}]}<\/script>\n<!-- \/ Yoast SEO plugin. -->","yoast_head_json":{"title":"SOPORTE HERCULES P\/CLARINETE DS-561B - Mexican Guitar Players","description":"Soporte Hercules para clarinete bajo o fagot. Modelo: DS-561B. Apoyo multifunci\u00f3n y base de apoyo que permiten que sit\u00fae el instrumento en dos posiciones distintas para un acceso m\u00e1s c\u00f3modo. Sostiene con seguridad el clarinete bajo, inclusocon la pica de apoyo extendida. Altura variable. Patas movibles con pines de bloqueo. Altura: 670 - 1010 mm. Peso: 2.27 Kg. Capacidad de carga: 15 Kg. Tama\u00f1o cerrado: 630 x 150 mm.","robots":{"index":"index","follow":"follow","max-snippet":"max-snippet:-1","max-image-preview":"max-image-preview:large","max-video-preview":"max-video-preview:-1"},"canonical":"https:\/\/www.mexicanguitarplayers.com\/en\/tienda\/sin categor\u00eda\/soporte-hercules-p-clarinete-ds-561b\/","og_locale":"en_US","og_type":"article","og_title":"SOPORTE HERCULES P\/CLARINETE DS-561B - Mexican Guitar Players","og_description":"Soporte Hercules para clarinete bajo o fagot. Modelo: DS-561B. Apoyo multifunci\u00f3n y base de apoyo que permiten que sit\u00fae el instrumento en dos posiciones distintas para un acceso m\u00e1s c\u00f3modo. Sostiene con seguridad el clarinete bajo, inclusocon la pica de apoyo extendida. Altura variable. Patas movibles con pines de bloqueo. Altura: 670 - 1010 mm. Peso: 2.27 Kg. Capacidad de carga: 15 Kg. Tama\u00f1o cerrado: 630 x 150 mm.","og_url":"https:\/\/www.mexicanguitarplayers.com\/en\/tienda\/sin categor\u00eda\/soporte-hercules-p-clarinete-ds-561b\/","og_site_name":"Mexican Guitar Players","article_modified_time":"2026-04-10T10:18:53+00:00","twitter_card":"summary_large_image","twitter_misc":{"Est. reading time":"1 minute"},"schema":{"@context":"https:\/\/schema.org","@graph":[{"@type":["WebPage","ItemPage"],"@id":"https:\/\/www.mexicanguitarplayers.com\/tienda\/sin categor\u00eda\/soporte-hercules-p-clarinete-ds-561b\/","url":"https:\/\/www.mexicanguitarplayers.com\/tienda\/sin categor\u00eda\/soporte-hercules-p-clarinete-ds-561b\/","name":"SOPORTE HERCULES P\/CLARINETE DS-561B - Mexican Guitar Players","isPartOf":{"@id":"https:\/\/www.mexicanguitarplayers.com\/#website"},"primaryImageOfPage":{"@id":"https:\/\/www.mexicanguitarplayers.com\/tienda\/sin categor\u00eda\/soporte-hercules-p-clarinete-ds-561b\/#primaryimage"},"image":{"@id":"https:\/\/www.mexicanguitarplayers.com\/tienda\/sin categor\u00eda\/soporte-hercules-p-clarinete-ds-561b\/#primaryimage"},"thumbnailUrl":"https:\/\/www.mexicanguitarplayers.com\/wp-content\/uploads\/2025\/04\/VAHERDS561B.jpg","datePublished":"2025-04-09T13:24:48+00:00","dateModified":"2026-04-10T10:18:53+00:00","description":"Soporte Hercules para clarinete bajo o fagot. Modelo: DS-561B. Apoyo multifunci\u00f3n y base de apoyo que permiten que sit\u00fae el instrumento en dos posiciones distintas para un acceso m\u00e1s c\u00f3modo. Sostiene con seguridad el clarinete bajo, inclusocon la pica de apoyo extendida. Altura variable. Patas movibles con pines de bloqueo. Altura: 670 - 1010 mm. Peso: 2.27 Kg. Capacidad de carga: 15 Kg. Tama\u00f1o cerrado: 630 x 150 mm.","breadcrumb":{"@id":"https:\/\/www.mexicanguitarplayers.com\/tienda\/sin categor\u00eda\/soporte-hercules-p-clarinete-ds-561b\/#breadcrumb"},"inLanguage":"en-US","potentialAction":[{"@type":"ReadAction","target":["https:\/\/www.mexicanguitarplayers.com\/tienda\/sin categor\u00eda\/soporte-hercules-p-clarinete-ds-561b\/"]}]},{"@type":"ImageObject","inLanguage":"en-US","@id":"https:\/\/www.mexicanguitarplayers.com\/tienda\/sin categor\u00eda\/soporte-hercules-p-clarinete-ds-561b\/#primaryimage","url":"https:\/\/www.mexicanguitarplayers.com\/wp-content\/uploads\/2025\/04\/VAHERDS561B.jpg","contentUrl":"https:\/\/www.mexicanguitarplayers.com\/wp-content\/uploads\/2025\/04\/VAHERDS561B.jpg","width":1200,"height":1200},{"@type":"BreadcrumbList","@id":"https:\/\/www.mexicanguitarplayers.com\/tienda\/sin categor\u00eda\/soporte-hercules-p-clarinete-ds-561b\/#breadcrumb","itemListElement":[{"@type":"ListItem","position":1,"name":"Portada","item":"https:\/\/www.mexicanguitarplayers.com\/"},{"@type":"ListItem","position":2,"name":"Tienda","item":"https:\/\/www.mexicanguitarplayers.com\/tienda\/"},{"@type":"ListItem","position":3,"name":"SOPORTE HERCULES P\/CLARINETE DS-561B"}]},{"@type":"WebSite","@id":"https:\/\/www.mexicanguitarplayers.com\/#website","url":"https:\/\/www.mexicanguitarplayers.com\/","name":"Mexican Guitar Players","description":"Website","publisher":{"@id":"https:\/\/www.mexicanguitarplayers.com\/#organization"},"potentialAction":[{"@type":"SearchAction","target":{"@type":"EntryPoint","urlTemplate":"https:\/\/www.mexicanguitarplayers.com\/?s={search_term_string}"},"query-input":{"@type":"PropertyValueSpecification","valueRequired":true,"valueName":"search_term_string"}}],"inLanguage":"en-US"},{"@type":"Organization","@id":"https:\/\/www.mexicanguitarplayers.com\/#organization","name":"Mexican Guitar Players","url":"https:\/\/www.mexicanguitarplayers.com\/","logo":{"@type":"ImageObject","inLanguage":"en-US","@id":"https:\/\/www.mexicanguitarplayers.com\/#\/schema\/logo\/image\/","url":"","contentUrl":"","caption":"Mexican Guitar Players"},"image":{"@id":"https:\/\/www.mexicanguitarplayers.com\/#\/schema\/logo\/image\/"}}]}},"brands":[{"id":587,"name":"HERCULES","slug":"hercules"}],"_links":{"self":[{"href":"https:\/\/www.mexicanguitarplayers.com\/en\/wp-json\/wp\/v2\/product\/41100","targetHints":{"allow":["GET"]}}],"collection":[{"href":"https:\/\/www.mexicanguitarplayers.com\/en\/wp-json\/wp\/v2\/product"}],"about":[{"href":"https:\/\/www.mexicanguitarplayers.com\/en\/wp-json\/wp\/v2\/types\/product"}],"replies":[{"embeddable":true,"href":"https:\/\/www.mexicanguitarplayers.com\/en\/wp-json\/wp\/v2\/comments?post=41100"}],"wp:featuredmedia":[{"embeddable":true,"href":"https:\/\/www.mexicanguitarplayers.com\/en\/wp-json\/wp\/v2\/media\/41098"}],"wp:attachment":[{"href":"https:\/\/www.mexicanguitarplayers.com\/en\/wp-json\/wp\/v2\/media?parent=41100"}],"wp:term":[{"taxonomy":"pwb-brand","embeddable":true,"href":"https:\/\/www.mexicanguitarplayers.com\/en\/wp-json\/wp\/v2\/pwb-brand?post=41100"},{"taxonomy":"product_brand","embeddable":true,"href":"https:\/\/www.mexicanguitarplayers.com\/en\/wp-json\/wp\/v2\/product_brand?post=41100"},{"taxonomy":"product_cat","embeddable":true,"href":"https:\/\/www.mexicanguitarplayers.com\/en\/wp-json\/wp\/v2\/product_cat?post=41100"},{"taxonomy":"product_tag","embeddable":true,"href":"https:\/\/www.mexicanguitarplayers.com\/en\/wp-json\/wp\/v2\/product_tag?post=41100"}],"curies":[{"name":"wp","href":"https:\/\/api.w.org\/{rel}","templated":true}]}}