{"id":41130,"date":"2025-04-09T07:25:59","date_gmt":"2025-04-09T13:25:59","guid":{"rendered":"https:\/\/www.mexicanguitarplayers.com\/tienda\/sin categor\u00eda\/pedal-behringer-eq700-graphic-equalizer\/"},"modified":"2026-04-21T07:15:04","modified_gmt":"2026-04-21T13:15:04","slug":"pedal-behringer-eq700-graphic-equalizer","status":"publish","type":"product","link":"https:\/\/www.mexicanguitarplayers.com\/en\/tienda\/cuerdas\/efectos\/efectos-individuales\/pedal-behringer-eq700-graphic-equalizer\/","title":{"rendered":"PEDAL BEHRINGER EQ700 GRAPHIC EQUALIZER"},"content":{"rendered":"<div style=\"text-align: justify\">\n<div>\n<h3>Height equalization.<\/h3>\n<\/div>\n<div>Maestro del tono. Con 15 dB de boost\/cut por banda, el EQ700 de siete frecuencias fue cuidadosamente optimizado para proporcionar las herramientas m\u00e1s avanzadas para ecualizar tu guitarra. Por supuesto, para hacer pleno uso de las capacidades de este pedal, hay que entender primero algunos conceptos b\u00e1sicos sobre el rango de frecuencia. El EQ700 cubre el espectro de audio de menos 100 Hz a m\u00e1s de 6.4 kHz, lo que te permite cortar o aumentar efectivamente una gran cantidad de frecuencias para ayudar a enfocar tu sonido. Se ha prestado especial atenci\u00f3n a las frecuencias cr\u00edticas de gama media, que pueden crear o romper tu sonido. La siguiente secci\u00f3n te ofrece consejos que te permitir\u00e1n esculpir el sonido perfecto para tu guitarra en muy poco tiempo. \u00bfC\u00f3mo funciona la ecualizaci\u00f3n? Imagina el rango de frecuencias de audio como una carretera muy ancha con un mont\u00f3n de carriles. Cada uno de estos carriles representa una banda de frecuencia espec\u00edfica. Los carriles del lado izquierdo contienen la frecuencia grave, bajo, voces graves, bombo y toms. Los carriles del medio llevan la frecuencia media, la zona fundamental de la mayor\u00eda de los instrumentos y las voces masculinas y femeninas. Los carriles del lado derecho llevan las frecuencias agudas, como la tarola, platillos e instrumentos de percusi\u00f3n agudos, lo que a\u00f1ade un chisporroteo a la mezcla. Aplicando ecualizaci\u00f3n a la guitarra. La mayor\u00eda de las guitarras ac\u00fasticas y el\u00e9ctricas se encuentran entre los 100 Hz y los 6.4 kHz. Incluso los cambios ligeros en este rango pueden causar una tremenda variaci\u00f3n en la energ\u00eda y el impacto general, ya que el o\u00eddo humano es especialmente sensible a este rango. Aumentar las frecuencias alrededor de 200 Hz &#8211; 400 Hz a menudo proporciona calor y cuerpo, mientras aumentan las frecuencias en el rango de 3.2 kHz &#8211; 6.4 kHz se agrega claridad a las se\u00f1ales de guitarra limpia. Dependiendo de la cantidad de distorsi\u00f3n en este mismo rango, se puede arruinar el sonido de una guitarra el\u00e9ctrica saturada, mediante la adici\u00f3n de arm\u00f3nicos \u00e1speros. Uno de los errores m\u00e1s comunes es agregar demasiado grave a las guitarras ac\u00fasticas. Si las frecuencias graves se incrementan excesivamente, la ac\u00fastica se puede perder f\u00e1cilmente en la mezcla total. La mayor\u00eda de las guitarras ac\u00fasticas son tambi\u00e9n propensas a la retroalimentaci\u00f3n en el rango de 200 Hz &#8211; 400 Hz. Una regla general que ofrece mejores resultados se logra a menudo mediante la b\u00fasqueda y reducci\u00f3n de las bandas de frecuencia que est\u00e1n ofendiendo y luego se aumenta el volumen total, en lugar de aumentar una banda espec\u00edfica. C\u00f3mo las bandas de frecuencia espec\u00edficas del EQ700 pueden dar forma a tu sonido. 100 Hz (low bass) Boost: Para agregar plenitud a las guitarras, especialmente guitarras el\u00e9ctricas limpias. 100 Hz Cut: Para reducir el tono fangoso y controlar la respuesta de la guitarra ac\u00fastica. 200 Hz (soft bass) Boost:  Para aumentar el calor de todas las guitarras y proporcionar un sonido un poco m\u00e1s duro. 200 Hz Cut:  Para incrementar claridad y reducir retroalimentaci\u00f3n en guitarras ac\u00fasticas. 400 Hz (hard bass) Boost:  Para agregar definici\u00f3n a las partes r\u00edtmicas. 400 HZ Cut:  Para reducir retroalimentaci\u00f3n en guitarras ac\u00fasticas (esta es una zona de retroalimentaci\u00f3n importante para flattops piezo-equipadas). 800 Hz Boost:  Para agregar un borde agresivo al sonido en general. 800 Hz Cut: Para reducir el contenido nasal o similar a una trompeta. A menudo referido como el s\u00edndrome de la guitarra barata. 1.6 kHz Boost:  Para hacer que la guitarra est\u00e9 presente en la mezcla. Crea un tono m\u00e1s distintivo. 1.6 kHz Cut:  Para eliminar la tonta competici\u00f3n con las voces (las voces fundamentales ocupan el rango de aproximadamente 1.0 kHz &#8211; 2.5 kHz). 3.2 kHz Boost: Para agregar un ataque significativo a todas las guitarras. Crea un tono a\u00fan m\u00e1s distintivo. 3.2 kHz Cut: Para eliminar la aspereza. 6.4 kHz Boost:  Para agregar bordes y aumentar el brillo de todas las guitarras, 6.4 kHz Cut: Para suavizar las guitarras de sonido delgado y quitar el chirrido de la cuerda.<\/div>\n<div>\n<h4>Quick look<\/h4>\n<\/div>\n<ul style=\"margin: 0px 0px 0px 25px\">\n<li style=\"list-style-type: circle;margin: 5px\">Entrance.<\/li>\n<li style=\"list-style-type: circle;margin: 5px\">Departure.<\/li>\n<li style=\"list-style-type: circle;margin: 5px\">Power supply.<\/li>\n<li style=\"list-style-type: circle;margin: 5px\">Dimensions.<\/li>\n<li style=\"list-style-type: circle;margin: 5px\">Weight.<\/li>\n<\/ul>\n<div>\n<div style=\"font-weight: bold\">Entrance.<\/div>\n<div>\n<p>Conector: Jack mono de 6.3 mm.Impedancia: 500 kohms.<\/p>\n<\/div>\n<div style=\"font-weight: bold\">Departure.<\/div>\n<div>\n<p>Conector: Jack mono de 6.3 mm.Impedancia: 1 kohm.<\/p>\n<\/div>\n<div style=\"font-weight: bold\">Power supply.<\/div>\n<div>\n<p>9V~, 100 mA DC regulada.Adaptador PSU_SB DC Behringer.Conector de alimentaci\u00f3n: Jack de 2 mm para DC.Bater\u00eda: 9V tipo 6LR61.Consumo de energ\u00eda: 30 mA.<\/p>\n<\/div>\n<div style=\"font-weight: bold\">Dimensions.<\/div>\n<div>\n<p>54 x 70 x 123 mm.<\/p>\n<\/div>\n<div style=\"font-weight: bold\">Weight.<\/div>\n<div>\n<p>0.33 kg.<\/p>\n<\/div>\n<\/div>\n<\/div>","protected":false},"excerpt":{"rendered":"<p>Pedal ecualizador gr\u00e1fico de 7 bandas, forma tu sonido y elimina la retroalimentaci\u00f3n, amplia fama de frecuencias de 100 Hz a 6.4 kHz con un potente boost\/cut de 15 dB por banda, LED de estado para On\/Off y checar la bater\u00eda, funciona con una pila de 9V o un adaptador de corriente PSU-SB DC de Behringer (no incluido),interruptor de On\/Off de primera clase para una mayor integridad de la se\u00f1al enel modo bypass, dimensiones: 54 x 70 x 123 mm, peso: 0.33 kg.&hellip; <a class=\"kt-excerpt-readmore more-link\" href=\"https:\/\/www.mexicanguitarplayers.com\/en\/tienda\/cuerdas\/efectos\/efectos-individuales\/pedal-behringer-eq700-graphic-equalizer\/\">Read more<\/a><\/p>","protected":false},"featured_media":41127,"comment_status":"open","ping_status":"closed","template":"","meta":{"kt_blocks_editor_width":""},"pwb-brand":[171],"product_brand":[],"product_cat":[224,241,504],"product_tag":[],"class_list":{"0":"post-41130","1":"product","2":"type-product","3":"status-publish","4":"has-post-thumbnail","6":"pwb-brand-behringer","7":"product_cat-cuerdas","8":"product_cat-efectos","9":"product_cat-efectos-individuales","10":"product_shipping_class-0-5-kg","12":"first","13":"outofstock","14":"taxable","15":"shipping-taxable","16":"purchasable","17":"product-type-simple"},"yoast_head":"<!-- This site is optimized with the Yoast SEO plugin v27.5 - https:\/\/yoast.com\/product\/yoast-seo-wordpress\/ -->\n<title>PEDAL BEHRINGER EQ700 GRAPHIC EQUALIZER - Mexican Guitar Players<\/title>\n<meta name=\"description\" content=\"Pedal ecualizador gr\u00e1fico de 7 bandas, forma tu sonido y elimina la retroalimentaci\u00f3n, amplia fama de frecuencias de 100 Hz a 6.4 kHz con un potente boost\/cut de 15 dB por banda, LED de estado para On\/Off y checar la bater\u00eda, funciona con una pila de 9V o un adaptador de corriente PSU-SB DC de Behringer (no incluido),interruptor de On\/Off de primera clase para una mayor integridad de la se\u00f1al enel modo bypass, dimensiones: 54 x 70 x 123 mm, peso: 0.33 kg.\" \/>\n<meta name=\"robots\" content=\"index, follow, max-snippet:-1, max-image-preview:large, max-video-preview:-1\" \/>\n<link rel=\"canonical\" href=\"https:\/\/www.mexicanguitarplayers.com\/en\/tienda\/sin%20categor\u00eda\/pedal-behringer-eq700-graphic-equalizer\/\" \/>\n<meta property=\"og:locale\" content=\"en_US\" \/>\n<meta property=\"og:type\" content=\"article\" \/>\n<meta property=\"og:title\" content=\"PEDAL BEHRINGER EQ700 GRAPHIC EQUALIZER - Mexican Guitar Players\" \/>\n<meta property=\"og:description\" content=\"Pedal ecualizador gr\u00e1fico de 7 bandas, forma tu sonido y elimina la retroalimentaci\u00f3n, amplia fama de frecuencias de 100 Hz a 6.4 kHz con un potente boost\/cut de 15 dB por banda, LED de estado para On\/Off y checar la bater\u00eda, funciona con una pila de 9V o un adaptador de corriente PSU-SB DC de Behringer (no incluido),interruptor de On\/Off de primera clase para una mayor integridad de la se\u00f1al enel modo bypass, dimensiones: 54 x 70 x 123 mm, peso: 0.33 kg.\" \/>\n<meta property=\"og:url\" content=\"https:\/\/www.mexicanguitarplayers.com\/en\/tienda\/sin categor\u00eda\/pedal-behringer-eq700-graphic-equalizer\/\" \/>\n<meta property=\"og:site_name\" content=\"Mexican Guitar Players\" \/>\n<meta property=\"article:modified_time\" content=\"2026-04-21T13:15:04+00:00\" \/>\n<meta name=\"twitter:card\" content=\"summary_large_image\" \/>\n<meta name=\"twitter:label1\" content=\"Est. reading time\" \/>\n\t<meta name=\"twitter:data1\" content=\"4 minutes\" \/>\n<script type=\"application\/ld+json\" class=\"yoast-schema-graph\">{\"@context\":\"https:\\\/\\\/schema.org\",\"@graph\":[{\"@type\":[\"WebPage\",\"ItemPage\"],\"@id\":\"https:\\\/\\\/www.mexicanguitarplayers.com\\\/tienda\\\/sin categor\u00eda\\\/pedal-behringer-eq700-graphic-equalizer\\\/\",\"url\":\"https:\\\/\\\/www.mexicanguitarplayers.com\\\/tienda\\\/sin categor\u00eda\\\/pedal-behringer-eq700-graphic-equalizer\\\/\",\"name\":\"PEDAL BEHRINGER EQ700 GRAPHIC EQUALIZER - Mexican Guitar Players\",\"isPartOf\":{\"@id\":\"https:\\\/\\\/www.mexicanguitarplayers.com\\\/#website\"},\"primaryImageOfPage\":{\"@id\":\"https:\\\/\\\/www.mexicanguitarplayers.com\\\/tienda\\\/sin categor\u00eda\\\/pedal-behringer-eq700-graphic-equalizer\\\/#primaryimage\"},\"image\":{\"@id\":\"https:\\\/\\\/www.mexicanguitarplayers.com\\\/tienda\\\/sin categor\u00eda\\\/pedal-behringer-eq700-graphic-equalizer\\\/#primaryimage\"},\"thumbnailUrl\":\"https:\\\/\\\/www.mexicanguitarplayers.com\\\/wp-content\\\/uploads\\\/2025\\\/04\\\/VABEHEQ700.jpg\",\"datePublished\":\"2025-04-09T13:25:59+00:00\",\"dateModified\":\"2026-04-21T13:15:04+00:00\",\"description\":\"Pedal ecualizador gr\u00e1fico de 7 bandas, forma tu sonido y elimina la retroalimentaci\u00f3n, amplia fama de frecuencias de 100 Hz a 6.4 kHz con un potente boost\\\/cut de 15 dB por banda, LED de estado para On\\\/Off y checar la bater\u00eda, funciona con una pila de 9V o un adaptador de corriente PSU-SB DC de Behringer (no incluido),interruptor de On\\\/Off de primera clase para una mayor integridad de la se\u00f1al enel modo bypass, dimensiones: 54 x 70 x 123 mm, peso: 0.33 kg.\",\"breadcrumb\":{\"@id\":\"https:\\\/\\\/www.mexicanguitarplayers.com\\\/tienda\\\/sin categor\u00eda\\\/pedal-behringer-eq700-graphic-equalizer\\\/#breadcrumb\"},\"inLanguage\":\"en-US\",\"potentialAction\":[{\"@type\":\"ReadAction\",\"target\":[\"https:\\\/\\\/www.mexicanguitarplayers.com\\\/tienda\\\/sin categor\u00eda\\\/pedal-behringer-eq700-graphic-equalizer\\\/\"]}]},{\"@type\":\"ImageObject\",\"inLanguage\":\"en-US\",\"@id\":\"https:\\\/\\\/www.mexicanguitarplayers.com\\\/tienda\\\/sin categor\u00eda\\\/pedal-behringer-eq700-graphic-equalizer\\\/#primaryimage\",\"url\":\"https:\\\/\\\/www.mexicanguitarplayers.com\\\/wp-content\\\/uploads\\\/2025\\\/04\\\/VABEHEQ700.jpg\",\"contentUrl\":\"https:\\\/\\\/www.mexicanguitarplayers.com\\\/wp-content\\\/uploads\\\/2025\\\/04\\\/VABEHEQ700.jpg\",\"width\":1200,\"height\":1200},{\"@type\":\"BreadcrumbList\",\"@id\":\"https:\\\/\\\/www.mexicanguitarplayers.com\\\/tienda\\\/sin categor\u00eda\\\/pedal-behringer-eq700-graphic-equalizer\\\/#breadcrumb\",\"itemListElement\":[{\"@type\":\"ListItem\",\"position\":1,\"name\":\"Portada\",\"item\":\"https:\\\/\\\/www.mexicanguitarplayers.com\\\/\"},{\"@type\":\"ListItem\",\"position\":2,\"name\":\"Tienda\",\"item\":\"https:\\\/\\\/www.mexicanguitarplayers.com\\\/tienda\\\/\"},{\"@type\":\"ListItem\",\"position\":3,\"name\":\"PEDAL BEHRINGER EQ700 GRAPHIC EQUALIZER\"}]},{\"@type\":\"WebSite\",\"@id\":\"https:\\\/\\\/www.mexicanguitarplayers.com\\\/#website\",\"url\":\"https:\\\/\\\/www.mexicanguitarplayers.com\\\/\",\"name\":\"Mexican Guitar Players\",\"description\":\"Website\",\"publisher\":{\"@id\":\"https:\\\/\\\/www.mexicanguitarplayers.com\\\/#organization\"},\"potentialAction\":[{\"@type\":\"SearchAction\",\"target\":{\"@type\":\"EntryPoint\",\"urlTemplate\":\"https:\\\/\\\/www.mexicanguitarplayers.com\\\/?s={search_term_string}\"},\"query-input\":{\"@type\":\"PropertyValueSpecification\",\"valueRequired\":true,\"valueName\":\"search_term_string\"}}],\"inLanguage\":\"en-US\"},{\"@type\":\"Organization\",\"@id\":\"https:\\\/\\\/www.mexicanguitarplayers.com\\\/#organization\",\"name\":\"Mexican Guitar Players\",\"url\":\"https:\\\/\\\/www.mexicanguitarplayers.com\\\/\",\"logo\":{\"@type\":\"ImageObject\",\"inLanguage\":\"en-US\",\"@id\":\"https:\\\/\\\/www.mexicanguitarplayers.com\\\/#\\\/schema\\\/logo\\\/image\\\/\",\"url\":\"\",\"contentUrl\":\"\",\"caption\":\"Mexican Guitar Players\"},\"image\":{\"@id\":\"https:\\\/\\\/www.mexicanguitarplayers.com\\\/#\\\/schema\\\/logo\\\/image\\\/\"}}]}<\/script>\n<!-- \/ Yoast SEO plugin. -->","yoast_head_json":{"title":"PEDAL BEHRINGER EQ700 GRAPHIC EQUALIZER - Mexican Guitar Players","description":"Pedal ecualizador gr\u00e1fico de 7 bandas, forma tu sonido y elimina la retroalimentaci\u00f3n, amplia fama de frecuencias de 100 Hz a 6.4 kHz con un potente boost\/cut de 15 dB por banda, LED de estado para On\/Off y checar la bater\u00eda, funciona con una pila de 9V o un adaptador de corriente PSU-SB DC de Behringer (no incluido),interruptor de On\/Off de primera clase para una mayor integridad de la se\u00f1al enel modo bypass, dimensiones: 54 x 70 x 123 mm, peso: 0.33 kg.","robots":{"index":"index","follow":"follow","max-snippet":"max-snippet:-1","max-image-preview":"max-image-preview:large","max-video-preview":"max-video-preview:-1"},"canonical":"https:\/\/www.mexicanguitarplayers.com\/en\/tienda\/sin categor\u00eda\/pedal-behringer-eq700-graphic-equalizer\/","og_locale":"en_US","og_type":"article","og_title":"PEDAL BEHRINGER EQ700 GRAPHIC EQUALIZER - Mexican Guitar Players","og_description":"Pedal ecualizador gr\u00e1fico de 7 bandas, forma tu sonido y elimina la retroalimentaci\u00f3n, amplia fama de frecuencias de 100 Hz a 6.4 kHz con un potente boost\/cut de 15 dB por banda, LED de estado para On\/Off y checar la bater\u00eda, funciona con una pila de 9V o un adaptador de corriente PSU-SB DC de Behringer (no incluido),interruptor de On\/Off de primera clase para una mayor integridad de la se\u00f1al enel modo bypass, dimensiones: 54 x 70 x 123 mm, peso: 0.33 kg.","og_url":"https:\/\/www.mexicanguitarplayers.com\/en\/tienda\/sin categor\u00eda\/pedal-behringer-eq700-graphic-equalizer\/","og_site_name":"Mexican Guitar Players","article_modified_time":"2026-04-21T13:15:04+00:00","twitter_card":"summary_large_image","twitter_misc":{"Est. reading time":"4 minutes"},"schema":{"@context":"https:\/\/schema.org","@graph":[{"@type":["WebPage","ItemPage"],"@id":"https:\/\/www.mexicanguitarplayers.com\/tienda\/sin categor\u00eda\/pedal-behringer-eq700-graphic-equalizer\/","url":"https:\/\/www.mexicanguitarplayers.com\/tienda\/sin categor\u00eda\/pedal-behringer-eq700-graphic-equalizer\/","name":"PEDAL BEHRINGER EQ700 GRAPHIC EQUALIZER - Mexican Guitar Players","isPartOf":{"@id":"https:\/\/www.mexicanguitarplayers.com\/#website"},"primaryImageOfPage":{"@id":"https:\/\/www.mexicanguitarplayers.com\/tienda\/sin categor\u00eda\/pedal-behringer-eq700-graphic-equalizer\/#primaryimage"},"image":{"@id":"https:\/\/www.mexicanguitarplayers.com\/tienda\/sin categor\u00eda\/pedal-behringer-eq700-graphic-equalizer\/#primaryimage"},"thumbnailUrl":"https:\/\/www.mexicanguitarplayers.com\/wp-content\/uploads\/2025\/04\/VABEHEQ700.jpg","datePublished":"2025-04-09T13:25:59+00:00","dateModified":"2026-04-21T13:15:04+00:00","description":"Pedal ecualizador gr\u00e1fico de 7 bandas, forma tu sonido y elimina la retroalimentaci\u00f3n, amplia fama de frecuencias de 100 Hz a 6.4 kHz con un potente boost\/cut de 15 dB por banda, LED de estado para On\/Off y checar la bater\u00eda, funciona con una pila de 9V o un adaptador de corriente PSU-SB DC de Behringer (no incluido),interruptor de On\/Off de primera clase para una mayor integridad de la se\u00f1al enel modo bypass, dimensiones: 54 x 70 x 123 mm, peso: 0.33 kg.","breadcrumb":{"@id":"https:\/\/www.mexicanguitarplayers.com\/tienda\/sin categor\u00eda\/pedal-behringer-eq700-graphic-equalizer\/#breadcrumb"},"inLanguage":"en-US","potentialAction":[{"@type":"ReadAction","target":["https:\/\/www.mexicanguitarplayers.com\/tienda\/sin categor\u00eda\/pedal-behringer-eq700-graphic-equalizer\/"]}]},{"@type":"ImageObject","inLanguage":"en-US","@id":"https:\/\/www.mexicanguitarplayers.com\/tienda\/sin categor\u00eda\/pedal-behringer-eq700-graphic-equalizer\/#primaryimage","url":"https:\/\/www.mexicanguitarplayers.com\/wp-content\/uploads\/2025\/04\/VABEHEQ700.jpg","contentUrl":"https:\/\/www.mexicanguitarplayers.com\/wp-content\/uploads\/2025\/04\/VABEHEQ700.jpg","width":1200,"height":1200},{"@type":"BreadcrumbList","@id":"https:\/\/www.mexicanguitarplayers.com\/tienda\/sin categor\u00eda\/pedal-behringer-eq700-graphic-equalizer\/#breadcrumb","itemListElement":[{"@type":"ListItem","position":1,"name":"Portada","item":"https:\/\/www.mexicanguitarplayers.com\/"},{"@type":"ListItem","position":2,"name":"Tienda","item":"https:\/\/www.mexicanguitarplayers.com\/tienda\/"},{"@type":"ListItem","position":3,"name":"PEDAL BEHRINGER EQ700 GRAPHIC EQUALIZER"}]},{"@type":"WebSite","@id":"https:\/\/www.mexicanguitarplayers.com\/#website","url":"https:\/\/www.mexicanguitarplayers.com\/","name":"Mexican Guitar Players","description":"Website","publisher":{"@id":"https:\/\/www.mexicanguitarplayers.com\/#organization"},"potentialAction":[{"@type":"SearchAction","target":{"@type":"EntryPoint","urlTemplate":"https:\/\/www.mexicanguitarplayers.com\/?s={search_term_string}"},"query-input":{"@type":"PropertyValueSpecification","valueRequired":true,"valueName":"search_term_string"}}],"inLanguage":"en-US"},{"@type":"Organization","@id":"https:\/\/www.mexicanguitarplayers.com\/#organization","name":"Mexican Guitar Players","url":"https:\/\/www.mexicanguitarplayers.com\/","logo":{"@type":"ImageObject","inLanguage":"en-US","@id":"https:\/\/www.mexicanguitarplayers.com\/#\/schema\/logo\/image\/","url":"","contentUrl":"","caption":"Mexican Guitar Players"},"image":{"@id":"https:\/\/www.mexicanguitarplayers.com\/#\/schema\/logo\/image\/"}}]}},"brands":[{"id":171,"name":"BEHRINGER","slug":"behringer"}],"_links":{"self":[{"href":"https:\/\/www.mexicanguitarplayers.com\/en\/wp-json\/wp\/v2\/product\/41130","targetHints":{"allow":["GET"]}}],"collection":[{"href":"https:\/\/www.mexicanguitarplayers.com\/en\/wp-json\/wp\/v2\/product"}],"about":[{"href":"https:\/\/www.mexicanguitarplayers.com\/en\/wp-json\/wp\/v2\/types\/product"}],"replies":[{"embeddable":true,"href":"https:\/\/www.mexicanguitarplayers.com\/en\/wp-json\/wp\/v2\/comments?post=41130"}],"wp:featuredmedia":[{"embeddable":true,"href":"https:\/\/www.mexicanguitarplayers.com\/en\/wp-json\/wp\/v2\/media\/41127"}],"wp:attachment":[{"href":"https:\/\/www.mexicanguitarplayers.com\/en\/wp-json\/wp\/v2\/media?parent=41130"}],"wp:term":[{"taxonomy":"pwb-brand","embeddable":true,"href":"https:\/\/www.mexicanguitarplayers.com\/en\/wp-json\/wp\/v2\/pwb-brand?post=41130"},{"taxonomy":"product_brand","embeddable":true,"href":"https:\/\/www.mexicanguitarplayers.com\/en\/wp-json\/wp\/v2\/product_brand?post=41130"},{"taxonomy":"product_cat","embeddable":true,"href":"https:\/\/www.mexicanguitarplayers.com\/en\/wp-json\/wp\/v2\/product_cat?post=41130"},{"taxonomy":"product_tag","embeddable":true,"href":"https:\/\/www.mexicanguitarplayers.com\/en\/wp-json\/wp\/v2\/product_tag?post=41130"}],"curies":[{"name":"wp","href":"https:\/\/api.w.org\/{rel}","templated":true}]}}