{"id":41154,"date":"2025-04-09T07:26:33","date_gmt":"2025-04-09T13:26:33","guid":{"rendered":"https:\/\/www.mexicanguitarplayers.com\/tienda\/sin categor\u00eda\/columna-audiocenter-modelo-l65\/"},"modified":"2026-04-10T04:18:48","modified_gmt":"2026-04-10T10:18:48","slug":"columna-audiocenter-modelo-l65","status":"publish","type":"product","link":"https:\/\/www.mexicanguitarplayers.com\/en\/tienda\/audio\/bafles-y-bocinas\/bafles\/bafles-activos\/columna-audiocenter-modelo-l65\/","title":{"rendered":"COLUMNA AUDIOCENTER MODELO L65"},"content":{"rendered":"<div style=\"text-align: justify\">\n<div>\n<h3>Sistema de audio tipo columna, con Proceso digital integrado.<\/h3>\n<\/div>\n<div>Columna pasiva de 6 medios agudos de 5\u201d, y 4 drivers de 1\u201d marca Beyma la cual es alimentada v\u00eda NL2 por el Subwoofer L65S (se vende por separado). Un amplificador clase D nos ofrece una potencia de 3400 W, con una respuesta de frecuencia de 42Hz- 20kHZ y una presi\u00f3n sonora m\u00e1xima de 134 dB. Sistema de protecci\u00f3n para corto circuitos, protecci\u00f3n de se\u00f1al de entrada y salida. Un encendido suave, protecci\u00f3n contra voltaje alto y voltaje bajo. Por la parte trasera encontraremos conexiones anal\u00f3gicas para transmitir se\u00f1al (2 combo XLR Neutrik de entrada, 1XLR macho de salida9, adem\u00e1s de su conexi\u00f3n BT que permite vincular dispositivos muy f\u00e1cilmente.<\/div>\n<div>\n<h4>Quick look<\/h4>\n<\/div>\n<ul style=\"margin: 0px 0px 0px 25px\">\n<li style=\"list-style-type: circle;margin: 5px\">Kind.<\/li>\n<li style=\"list-style-type: circle;margin: 5px\">Respuesta de frecuencia (-6 dB c\u00e1mara anec\u00f3ica).<\/li>\n<li style=\"list-style-type: circle;margin: 5px\">Maximum SPL.<\/li>\n<li style=\"list-style-type: circle;margin: 5px\">Driver LF.<\/li>\n<li style=\"list-style-type: circle;margin: 5px\">Driver HF.<\/li>\n<li style=\"list-style-type: circle;margin: 5px\">\u00c1ngulo de cobertura nominal (sim\u00e9trico).<\/li>\n<li style=\"list-style-type: circle;margin: 5px\">\u00c1ngulo de cobertura vertical.<\/li>\n<li style=\"list-style-type: circle;margin: 5px\">Crossover de procesador.<\/li>\n<li style=\"list-style-type: circle;margin: 5px\">Tipo de amplificador.<\/li>\n<li style=\"list-style-type: circle;margin: 5px\">Potencia de amplificador.<\/li>\n<li style=\"list-style-type: circle;margin: 5px\">Respuesta de frecuencia de amplificador.<\/li>\n<li style=\"list-style-type: circle;margin: 5px\">Distorsi\u00f3n de intermodulaci\u00f3n.<\/li>\n<li style=\"list-style-type: circle;margin: 5px\">Distorsi\u00f3n arm\u00f3nica total.<\/li>\n<li style=\"list-style-type: circle;margin: 5px\">Protecci\u00f3n.<\/li>\n<li style=\"list-style-type: circle;margin: 5px\">Sistema de enfriamiento.<\/li>\n<li style=\"list-style-type: circle;margin: 5px\">Se\u00f1al de entrada.<\/li>\n<li style=\"list-style-type: circle;margin: 5px\">Se\u00f1al de salida.<\/li>\n<li style=\"list-style-type: circle;margin: 5px\">Salida Link de amplificador L65.<\/li>\n<li style=\"list-style-type: circle;margin: 5px\">Power input.<\/li>\n<li style=\"list-style-type: circle;margin: 5px\">Voltaje de trabajo.<\/li>\n<li style=\"list-style-type: circle;margin: 5px\">Material del gabinete.<\/li>\n<li style=\"list-style-type: circle;margin: 5px\">Orificio del soporte de base.<\/li>\n<li style=\"list-style-type: circle;margin: 5px\">Dimensions.<\/li>\n<li style=\"list-style-type: circle;margin: 5px\">Altura para 1pc L65 + 1pc L65S + Polo.<\/li>\n<li style=\"list-style-type: circle;margin: 5px\">Weight.<\/li>\n<\/ul>\n<div>\n<div style=\"font-weight: bold\">Kind.<\/div>\n<div>\n<p>Sistema de altavoz de columna controlada por DSP.<\/p>\n<\/div>\n<div style=\"font-weight: bold\">Respuesta de frecuencia (-6 dB c\u00e1mara anec\u00f3ica).<\/div>\n<div>\n<p>40 Hz &#8211; 20 kHz.<\/p>\n<\/div>\n<div style=\"font-weight: bold\">Maximum SPL.<\/div>\n<div>\n<p>134 dB.<\/p>\n<\/div>\n<div style=\"font-weight: bold\">Driver LF.<\/div>\n<div>\n<p>6 drivers Audiocenter de 5\u201d de ferrita.<\/p>\n<\/div>\n<div style=\"font-weight: bold\">Driver HF.<\/div>\n<div>\n<p>4 drivers Beyma de 1\u201d.<\/p>\n<\/div>\n<div style=\"font-weight: bold\">\u00c1ngulo de cobertura nominal (sim\u00e9trico).<\/div>\n<div>\n<p>110\u00b0.<\/p>\n<\/div>\n<div style=\"font-weight: bold\">\u00c1ngulo de cobertura vertical.<\/div>\n<div>\n<p>10\u00b0.<\/p>\n<\/div>\n<div style=\"font-weight: bold\">Crossover de procesador.<\/div>\n<div>\n<p>Se\u00f1al de frecuencia de 96 kHz, precisi\u00f3n de 24 bits controlada por DSP.<\/p>\n<\/div>\n<div style=\"font-weight: bold\">Tipo de amplificador.<\/div>\n<div>\n<p>Clase D.<\/p>\n<\/div>\n<div style=\"font-weight: bold\">Potencia de amplificador.<\/div>\n<div>\n<p>3600W.<\/p>\n<\/div>\n<div style=\"font-weight: bold\">Respuesta de frecuencia de amplificador.<\/div>\n<div>\n<p>20 Hz &#8211; 20 kHz (\u00b10.5 dB).<\/p>\n<\/div>\n<div style=\"font-weight: bold\">Distorsi\u00f3n de intermodulaci\u00f3n.<\/div>\n<div>\n<p>&lt;0.5%.<\/p>\n<\/div>\n<div style=\"font-weight: bold\">Distorsi\u00f3n arm\u00f3nica total.<\/div>\n<div>\n<p>&lt;0.5%.<\/p>\n<\/div>\n<div style=\"font-weight: bold\">Protecci\u00f3n.<\/div>\n<div>\n<p>Protecci\u00f3n DC, protecci\u00f3n contra cortocircuitos, protecci\u00f3n contra sobrecalentamiento, protecci\u00f3n contra sobrecarga de entrada, protecci\u00f3n contra sobrecarga de salida, protecci\u00f3n de arranque suave, protecci\u00f3n contra sobretensi\u00f3n, protecci\u00f3n contra subtensi\u00f3n.<\/p>\n<\/div>\n<div style=\"font-weight: bold\">Sistema de enfriamiento.<\/div>\n<div>\n<p>Ventiladores + convecci\u00f3n de aire.<\/p>\n<\/div>\n<div style=\"font-weight: bold\">Se\u00f1al de entrada.<\/div>\n<div>\n<p>2 combo (NEUTRIK\u00ae hembra XLR &amp; Mono jack 6.35). 1 Bluetooth.<\/p>\n<\/div>\n<div style=\"font-weight: bold\">Se\u00f1al de salida.<\/div>\n<div>\n<p>1 Neutrik XLR macho.<\/p>\n<\/div>\n<div style=\"font-weight: bold\">Salida Link de amplificador L65.<\/div>\n<div>\n<p>1 Neutrik NL4MP.<\/p>\n<\/div>\n<div style=\"font-weight: bold\">Power input.<\/div>\n<div>\n<p>Socket de 3 pines.<\/p>\n<\/div>\n<div style=\"font-weight: bold\">Voltaje de trabajo.<\/div>\n<div>\n<p>100-130V\/60Hz o 220-240V\/50Hz.<\/p>\n<\/div>\n<div style=\"font-weight: bold\">Material del gabinete.<\/div>\n<div>\n<p>CNC de excelente madera.<\/p>\n<\/div>\n<div style=\"font-weight: bold\">Orificio del soporte de base.<\/div>\n<div>\n<p>F35mm (0\/10\u00b0 ajustable).<\/p>\n<\/div>\n<div style=\"font-weight: bold\">Dimensions.<\/div>\n<div>\n<p>153 x 1224 x 177 mm.<\/p>\n<\/div>\n<div style=\"font-weight: bold\">Altura para 1pc L65 + 1pc L65S + Polo.<\/div>\n<div>\n<p>2100 mm.<\/p>\n<\/div>\n<div style=\"font-weight: bold\">Weight.<\/div>\n<div>\n<p>18 kg.<\/p>\n<\/div>\n<\/div>\n<\/div>","protected":false},"excerpt":{"rendered":"<p>Columna pasiva para sistema de audio con DSP, 6 medios agudos de 5\u201d y 4 drivers Beyma de 1\u201d, alimentada v\u00eda NL2 por medio del subwoofer L65S, respuesta de frecuencia: 40 Hz a 20 kHz, SPL m\u00e1ximo: 134 dB, \u00e1ngulo de cobertura: 110\u00b0 x 10\u00b0, amplificaci\u00f3n clase D, potencia AES: 3600W, dimensiones: 156 \u00d7 1,224 \u00d7 177 mm, peso: 18 kg.&hellip; <a class=\"kt-excerpt-readmore more-link\" href=\"https:\/\/www.mexicanguitarplayers.com\/en\/tienda\/audio\/bafles-y-bocinas\/bafles\/bafles-activos\/columna-audiocenter-modelo-l65\/\">Read more<\/a><\/p>","protected":false},"featured_media":41145,"comment_status":"open","ping_status":"closed","template":"","meta":{"kt_blocks_editor_width":""},"pwb-brand":[525],"product_brand":[],"product_cat":[213,222,472,221],"product_tag":[],"class_list":{"0":"post-41154","1":"product","2":"type-product","3":"status-publish","4":"has-post-thumbnail","6":"pwb-brand-audiocenter","7":"product_cat-audio","8":"product_cat-bafles","9":"product_cat-bafles-activos","10":"product_cat-bafles-y-bocinas","11":"product_shipping_class-20-25-kg","13":"first","14":"outofstock","15":"taxable","16":"shipping-taxable","17":"purchasable","18":"product-type-simple"},"yoast_head":"<!-- This site is optimized with the Yoast SEO plugin v27.5 - https:\/\/yoast.com\/product\/yoast-seo-wordpress\/ -->\n<title>COLUMNA AUDIOCENTER MODELO L65 - Mexican Guitar Players<\/title>\n<meta name=\"description\" content=\"Columna pasiva para sistema de audio con DSP, 6 medios agudos de 5\u201d y 4 drivers Beyma de 1\u201d, alimentada v\u00eda NL2 por medio del subwoofer L65S, respuesta de frecuencia: 40 Hz a 20 kHz, SPL m\u00e1ximo: 134 dB, \u00e1ngulo de cobertura: 110\u00b0 x 10\u00b0, amplificaci\u00f3n clase D, potencia AES: 3600W, dimensiones: 156 \u00d7 1,224 \u00d7 177 mm, peso: 18 kg.\" \/>\n<meta name=\"robots\" content=\"index, follow, max-snippet:-1, max-image-preview:large, max-video-preview:-1\" \/>\n<link rel=\"canonical\" href=\"https:\/\/www.mexicanguitarplayers.com\/en\/tienda\/sin%20categor\u00eda\/columna-audiocenter-modelo-l65\/\" \/>\n<meta property=\"og:locale\" content=\"en_US\" \/>\n<meta property=\"og:type\" content=\"article\" \/>\n<meta property=\"og:title\" content=\"COLUMNA AUDIOCENTER MODELO L65 - Mexican Guitar Players\" \/>\n<meta property=\"og:description\" content=\"Columna pasiva para sistema de audio con DSP, 6 medios agudos de 5\u201d y 4 drivers Beyma de 1\u201d, alimentada v\u00eda NL2 por medio del subwoofer L65S, respuesta de frecuencia: 40 Hz a 20 kHz, SPL m\u00e1ximo: 134 dB, \u00e1ngulo de cobertura: 110\u00b0 x 10\u00b0, amplificaci\u00f3n clase D, potencia AES: 3600W, dimensiones: 156 \u00d7 1,224 \u00d7 177 mm, peso: 18 kg.\" \/>\n<meta property=\"og:url\" content=\"https:\/\/www.mexicanguitarplayers.com\/en\/tienda\/sin categor\u00eda\/columna-audiocenter-modelo-l65\/\" \/>\n<meta property=\"og:site_name\" content=\"Mexican Guitar Players\" \/>\n<meta property=\"article:modified_time\" content=\"2026-04-10T10:18:48+00:00\" \/>\n<meta name=\"twitter:card\" content=\"summary_large_image\" \/>\n<meta name=\"twitter:label1\" content=\"Est. reading time\" \/>\n\t<meta name=\"twitter:data1\" content=\"2 minutes\" \/>\n<script type=\"application\/ld+json\" class=\"yoast-schema-graph\">{\"@context\":\"https:\\\/\\\/schema.org\",\"@graph\":[{\"@type\":[\"WebPage\",\"ItemPage\"],\"@id\":\"https:\\\/\\\/www.mexicanguitarplayers.com\\\/tienda\\\/sin categor\u00eda\\\/columna-audiocenter-modelo-l65\\\/\",\"url\":\"https:\\\/\\\/www.mexicanguitarplayers.com\\\/tienda\\\/sin categor\u00eda\\\/columna-audiocenter-modelo-l65\\\/\",\"name\":\"COLUMNA AUDIOCENTER MODELO L65 - Mexican Guitar Players\",\"isPartOf\":{\"@id\":\"https:\\\/\\\/www.mexicanguitarplayers.com\\\/#website\"},\"primaryImageOfPage\":{\"@id\":\"https:\\\/\\\/www.mexicanguitarplayers.com\\\/tienda\\\/sin categor\u00eda\\\/columna-audiocenter-modelo-l65\\\/#primaryimage\"},\"image\":{\"@id\":\"https:\\\/\\\/www.mexicanguitarplayers.com\\\/tienda\\\/sin categor\u00eda\\\/columna-audiocenter-modelo-l65\\\/#primaryimage\"},\"thumbnailUrl\":\"https:\\\/\\\/www.mexicanguitarplayers.com\\\/wp-content\\\/uploads\\\/2025\\\/04\\\/IAACTL65.jpg\",\"datePublished\":\"2025-04-09T13:26:33+00:00\",\"dateModified\":\"2026-04-10T10:18:48+00:00\",\"description\":\"Columna pasiva para sistema de audio con DSP, 6 medios agudos de 5\u201d y 4 drivers Beyma de 1\u201d, alimentada v\u00eda NL2 por medio del subwoofer L65S, respuesta de frecuencia: 40 Hz a 20 kHz, SPL m\u00e1ximo: 134 dB, \u00e1ngulo de cobertura: 110\u00b0 x 10\u00b0, amplificaci\u00f3n clase D, potencia AES: 3600W, dimensiones: 156 \u00d7 1,224 \u00d7 177 mm, peso: 18 kg.\",\"breadcrumb\":{\"@id\":\"https:\\\/\\\/www.mexicanguitarplayers.com\\\/tienda\\\/sin categor\u00eda\\\/columna-audiocenter-modelo-l65\\\/#breadcrumb\"},\"inLanguage\":\"en-US\",\"potentialAction\":[{\"@type\":\"ReadAction\",\"target\":[\"https:\\\/\\\/www.mexicanguitarplayers.com\\\/tienda\\\/sin categor\u00eda\\\/columna-audiocenter-modelo-l65\\\/\"]}]},{\"@type\":\"ImageObject\",\"inLanguage\":\"en-US\",\"@id\":\"https:\\\/\\\/www.mexicanguitarplayers.com\\\/tienda\\\/sin categor\u00eda\\\/columna-audiocenter-modelo-l65\\\/#primaryimage\",\"url\":\"https:\\\/\\\/www.mexicanguitarplayers.com\\\/wp-content\\\/uploads\\\/2025\\\/04\\\/IAACTL65.jpg\",\"contentUrl\":\"https:\\\/\\\/www.mexicanguitarplayers.com\\\/wp-content\\\/uploads\\\/2025\\\/04\\\/IAACTL65.jpg\",\"width\":800,\"height\":1600},{\"@type\":\"BreadcrumbList\",\"@id\":\"https:\\\/\\\/www.mexicanguitarplayers.com\\\/tienda\\\/sin categor\u00eda\\\/columna-audiocenter-modelo-l65\\\/#breadcrumb\",\"itemListElement\":[{\"@type\":\"ListItem\",\"position\":1,\"name\":\"Portada\",\"item\":\"https:\\\/\\\/www.mexicanguitarplayers.com\\\/\"},{\"@type\":\"ListItem\",\"position\":2,\"name\":\"Tienda\",\"item\":\"https:\\\/\\\/www.mexicanguitarplayers.com\\\/tienda\\\/\"},{\"@type\":\"ListItem\",\"position\":3,\"name\":\"COLUMNA AUDIOCENTER MODELO L65\"}]},{\"@type\":\"WebSite\",\"@id\":\"https:\\\/\\\/www.mexicanguitarplayers.com\\\/#website\",\"url\":\"https:\\\/\\\/www.mexicanguitarplayers.com\\\/\",\"name\":\"Mexican Guitar Players\",\"description\":\"Website\",\"publisher\":{\"@id\":\"https:\\\/\\\/www.mexicanguitarplayers.com\\\/#organization\"},\"potentialAction\":[{\"@type\":\"SearchAction\",\"target\":{\"@type\":\"EntryPoint\",\"urlTemplate\":\"https:\\\/\\\/www.mexicanguitarplayers.com\\\/?s={search_term_string}\"},\"query-input\":{\"@type\":\"PropertyValueSpecification\",\"valueRequired\":true,\"valueName\":\"search_term_string\"}}],\"inLanguage\":\"en-US\"},{\"@type\":\"Organization\",\"@id\":\"https:\\\/\\\/www.mexicanguitarplayers.com\\\/#organization\",\"name\":\"Mexican Guitar Players\",\"url\":\"https:\\\/\\\/www.mexicanguitarplayers.com\\\/\",\"logo\":{\"@type\":\"ImageObject\",\"inLanguage\":\"en-US\",\"@id\":\"https:\\\/\\\/www.mexicanguitarplayers.com\\\/#\\\/schema\\\/logo\\\/image\\\/\",\"url\":\"\",\"contentUrl\":\"\",\"caption\":\"Mexican Guitar Players\"},\"image\":{\"@id\":\"https:\\\/\\\/www.mexicanguitarplayers.com\\\/#\\\/schema\\\/logo\\\/image\\\/\"}}]}<\/script>\n<!-- \/ Yoast SEO plugin. -->","yoast_head_json":{"title":"COLUMNA AUDIOCENTER MODELO L65 - Mexican Guitar Players","description":"Columna pasiva para sistema de audio con DSP, 6 medios agudos de 5\u201d y 4 drivers Beyma de 1\u201d, alimentada v\u00eda NL2 por medio del subwoofer L65S, respuesta de frecuencia: 40 Hz a 20 kHz, SPL m\u00e1ximo: 134 dB, \u00e1ngulo de cobertura: 110\u00b0 x 10\u00b0, amplificaci\u00f3n clase D, potencia AES: 3600W, dimensiones: 156 \u00d7 1,224 \u00d7 177 mm, peso: 18 kg.","robots":{"index":"index","follow":"follow","max-snippet":"max-snippet:-1","max-image-preview":"max-image-preview:large","max-video-preview":"max-video-preview:-1"},"canonical":"https:\/\/www.mexicanguitarplayers.com\/en\/tienda\/sin categor\u00eda\/columna-audiocenter-modelo-l65\/","og_locale":"en_US","og_type":"article","og_title":"COLUMNA AUDIOCENTER MODELO L65 - Mexican Guitar Players","og_description":"Columna pasiva para sistema de audio con DSP, 6 medios agudos de 5\u201d y 4 drivers Beyma de 1\u201d, alimentada v\u00eda NL2 por medio del subwoofer L65S, respuesta de frecuencia: 40 Hz a 20 kHz, SPL m\u00e1ximo: 134 dB, \u00e1ngulo de cobertura: 110\u00b0 x 10\u00b0, amplificaci\u00f3n clase D, potencia AES: 3600W, dimensiones: 156 \u00d7 1,224 \u00d7 177 mm, peso: 18 kg.","og_url":"https:\/\/www.mexicanguitarplayers.com\/en\/tienda\/sin categor\u00eda\/columna-audiocenter-modelo-l65\/","og_site_name":"Mexican Guitar Players","article_modified_time":"2026-04-10T10:18:48+00:00","twitter_card":"summary_large_image","twitter_misc":{"Est. reading time":"2 minutes"},"schema":{"@context":"https:\/\/schema.org","@graph":[{"@type":["WebPage","ItemPage"],"@id":"https:\/\/www.mexicanguitarplayers.com\/tienda\/sin categor\u00eda\/columna-audiocenter-modelo-l65\/","url":"https:\/\/www.mexicanguitarplayers.com\/tienda\/sin categor\u00eda\/columna-audiocenter-modelo-l65\/","name":"COLUMNA AUDIOCENTER MODELO L65 - Mexican Guitar Players","isPartOf":{"@id":"https:\/\/www.mexicanguitarplayers.com\/#website"},"primaryImageOfPage":{"@id":"https:\/\/www.mexicanguitarplayers.com\/tienda\/sin categor\u00eda\/columna-audiocenter-modelo-l65\/#primaryimage"},"image":{"@id":"https:\/\/www.mexicanguitarplayers.com\/tienda\/sin categor\u00eda\/columna-audiocenter-modelo-l65\/#primaryimage"},"thumbnailUrl":"https:\/\/www.mexicanguitarplayers.com\/wp-content\/uploads\/2025\/04\/IAACTL65.jpg","datePublished":"2025-04-09T13:26:33+00:00","dateModified":"2026-04-10T10:18:48+00:00","description":"Columna pasiva para sistema de audio con DSP, 6 medios agudos de 5\u201d y 4 drivers Beyma de 1\u201d, alimentada v\u00eda NL2 por medio del subwoofer L65S, respuesta de frecuencia: 40 Hz a 20 kHz, SPL m\u00e1ximo: 134 dB, \u00e1ngulo de cobertura: 110\u00b0 x 10\u00b0, amplificaci\u00f3n clase D, potencia AES: 3600W, dimensiones: 156 \u00d7 1,224 \u00d7 177 mm, peso: 18 kg.","breadcrumb":{"@id":"https:\/\/www.mexicanguitarplayers.com\/tienda\/sin categor\u00eda\/columna-audiocenter-modelo-l65\/#breadcrumb"},"inLanguage":"en-US","potentialAction":[{"@type":"ReadAction","target":["https:\/\/www.mexicanguitarplayers.com\/tienda\/sin categor\u00eda\/columna-audiocenter-modelo-l65\/"]}]},{"@type":"ImageObject","inLanguage":"en-US","@id":"https:\/\/www.mexicanguitarplayers.com\/tienda\/sin categor\u00eda\/columna-audiocenter-modelo-l65\/#primaryimage","url":"https:\/\/www.mexicanguitarplayers.com\/wp-content\/uploads\/2025\/04\/IAACTL65.jpg","contentUrl":"https:\/\/www.mexicanguitarplayers.com\/wp-content\/uploads\/2025\/04\/IAACTL65.jpg","width":800,"height":1600},{"@type":"BreadcrumbList","@id":"https:\/\/www.mexicanguitarplayers.com\/tienda\/sin categor\u00eda\/columna-audiocenter-modelo-l65\/#breadcrumb","itemListElement":[{"@type":"ListItem","position":1,"name":"Portada","item":"https:\/\/www.mexicanguitarplayers.com\/"},{"@type":"ListItem","position":2,"name":"Tienda","item":"https:\/\/www.mexicanguitarplayers.com\/tienda\/"},{"@type":"ListItem","position":3,"name":"COLUMNA AUDIOCENTER MODELO L65"}]},{"@type":"WebSite","@id":"https:\/\/www.mexicanguitarplayers.com\/#website","url":"https:\/\/www.mexicanguitarplayers.com\/","name":"Mexican Guitar Players","description":"Website","publisher":{"@id":"https:\/\/www.mexicanguitarplayers.com\/#organization"},"potentialAction":[{"@type":"SearchAction","target":{"@type":"EntryPoint","urlTemplate":"https:\/\/www.mexicanguitarplayers.com\/?s={search_term_string}"},"query-input":{"@type":"PropertyValueSpecification","valueRequired":true,"valueName":"search_term_string"}}],"inLanguage":"en-US"},{"@type":"Organization","@id":"https:\/\/www.mexicanguitarplayers.com\/#organization","name":"Mexican Guitar Players","url":"https:\/\/www.mexicanguitarplayers.com\/","logo":{"@type":"ImageObject","inLanguage":"en-US","@id":"https:\/\/www.mexicanguitarplayers.com\/#\/schema\/logo\/image\/","url":"","contentUrl":"","caption":"Mexican Guitar Players"},"image":{"@id":"https:\/\/www.mexicanguitarplayers.com\/#\/schema\/logo\/image\/"}}]}},"brands":[{"id":525,"name":"AUDIOCENTER","slug":"audiocenter"}],"_links":{"self":[{"href":"https:\/\/www.mexicanguitarplayers.com\/en\/wp-json\/wp\/v2\/product\/41154","targetHints":{"allow":["GET"]}}],"collection":[{"href":"https:\/\/www.mexicanguitarplayers.com\/en\/wp-json\/wp\/v2\/product"}],"about":[{"href":"https:\/\/www.mexicanguitarplayers.com\/en\/wp-json\/wp\/v2\/types\/product"}],"replies":[{"embeddable":true,"href":"https:\/\/www.mexicanguitarplayers.com\/en\/wp-json\/wp\/v2\/comments?post=41154"}],"wp:featuredmedia":[{"embeddable":true,"href":"https:\/\/www.mexicanguitarplayers.com\/en\/wp-json\/wp\/v2\/media\/41145"}],"wp:attachment":[{"href":"https:\/\/www.mexicanguitarplayers.com\/en\/wp-json\/wp\/v2\/media?parent=41154"}],"wp:term":[{"taxonomy":"pwb-brand","embeddable":true,"href":"https:\/\/www.mexicanguitarplayers.com\/en\/wp-json\/wp\/v2\/pwb-brand?post=41154"},{"taxonomy":"product_brand","embeddable":true,"href":"https:\/\/www.mexicanguitarplayers.com\/en\/wp-json\/wp\/v2\/product_brand?post=41154"},{"taxonomy":"product_cat","embeddable":true,"href":"https:\/\/www.mexicanguitarplayers.com\/en\/wp-json\/wp\/v2\/product_cat?post=41154"},{"taxonomy":"product_tag","embeddable":true,"href":"https:\/\/www.mexicanguitarplayers.com\/en\/wp-json\/wp\/v2\/product_tag?post=41154"}],"curies":[{"name":"wp","href":"https:\/\/api.w.org\/{rel}","templated":true}]}}