{"id":41200,"date":"2025-04-09T07:27:35","date_gmt":"2025-04-09T13:27:35","guid":{"rendered":"https:\/\/www.mexicanguitarplayers.com\/tienda\/sin categor\u00eda\/guitarra-schecter-elect-mod-reaper-6-elite\/"},"modified":"2026-04-10T04:18:42","modified_gmt":"2026-04-10T10:18:42","slug":"guitarra-schecter-elect-mod-reaper-6-elite","status":"publish","type":"product","link":"https:\/\/www.mexicanguitarplayers.com\/en\/tienda\/cuerdas\/guitarras-cuerdas\/electricas\/guitarras-electricas-solidas\/guitarra-schecter-elect-mod-reaper-6-elite\/","title":{"rendered":"GUITARRA SCHECTER ELECT. MOD. REAPER-6 ELITE"},"content":{"rendered":"<div style=\"text-align: justify\">\n<div>\n<h3>Reaper-6 Elite Deep Ocean Blue<\/h3>\n<\/div>\n<div>Reaper-6 Elite es una excelente colecci\u00f3n de maderas tonales de caoba, arce gu\u00e9 facilita un tono ac\u00fastico suave, que se convierte f\u00e1cilmente en una salida de metal equilibrada pero decisiva con la ayuda de los humbuckers duales de San Andreas. Cuando se combina con un m\u00e1stil en forma de &#8220;C&#8221; c\u00f3modo y de ejecuci\u00f3n r\u00e1pida. Dise\u00f1ados con el puente Hipshot Ibby HM de Reaper-6 Elite y los sintonizadores Grip-Lock.<\/div>\n<div>\n<h4>Characteristics<\/h4>\n<\/div>\n<div>\n<ul style=\"margin: 0px 0px 0px 25px\">\n<li style=\"list-style-type: circle;margin: 5px\">GENERAL<\/li>\n<li style=\"list-style-type: circle;margin: 5px\">NECK<\/li>\n<li style=\"list-style-type: circle;margin: 5px\">BODY<\/li>\n<li style=\"list-style-type: circle;margin: 5px\">ELECTRONICS<\/li>\n<li style=\"list-style-type: circle;margin: 5px\">ACCESSORIES<\/li>\n<\/ul>\n<\/div>\n<\/div>","protected":false},"excerpt":{"rendered":"<p>Guitarra el\u00e9ctrica de 6 cuerdas con estilo y detalles decisivos. La tapa de arce acolchado y el cuerpo de caoba africana Khaya tienen un tono de hacha inconfundible y una apariencia sobresaliente. La uni\u00f3n de cuello genera una resonancia y un sostenido impresionantes al tiempo que mejora la integridad estructural. Los humbuckers Schecter USA San Andreas brindan rendimiento y versatilidad para una exploraci\u00f3n s\u00f3nica casi infinita. El interruptor selector de pastillas de 3 v\u00edas y las perillas de c\u00fapula de metal push-pull brindan acceso a un campo de juego tonal completo.Dise\u00f1o de Perfil de cuello ultrafino en forma de \u201dC\u201d con un acabado satinado natural para mayor comodidad y acceso al diapas\u00f3n sin igual, el puente Hipshot Ibby HM y los sintonizadores Grip-Lock promueven una entonaci\u00f3n perfecta y hermosos herrajes negros y cromados con tuerca XL Black TUSQ a juego.&hellip; <a class=\"kt-excerpt-readmore more-link\" href=\"https:\/\/www.mexicanguitarplayers.com\/en\/tienda\/cuerdas\/guitarras-cuerdas\/electricas\/guitarras-electricas-solidas\/guitarra-schecter-elect-mod-reaper-6-elite\/\">Read more<\/a><\/p>","protected":false},"featured_media":41190,"comment_status":"open","ping_status":"closed","template":"","meta":{"kt_blocks_editor_width":""},"pwb-brand":[175],"product_brand":[],"product_cat":[224,313,312,314],"product_tag":[],"class_list":{"0":"post-41200","1":"product","2":"type-product","3":"status-publish","4":"has-post-thumbnail","6":"pwb-brand-schecter","7":"product_cat-cuerdas","8":"product_cat-electricas","9":"product_cat-guitarras-cuerdas","10":"product_cat-guitarras-electricas-solidas","11":"product_shipping_class-5-10-kg","13":"first","14":"outofstock","15":"taxable","16":"shipping-taxable","17":"purchasable","18":"product-type-simple"},"yoast_head":"<!-- This site is optimized with the Yoast SEO plugin v27.5 - https:\/\/yoast.com\/product\/yoast-seo-wordpress\/ -->\n<title>GUITARRA SCHECTER ELECT. MOD. REAPER-6 ELITE - Mexican Guitar Players<\/title>\n<meta name=\"description\" content=\"Guitarra el\u00e9ctrica de 6 cuerdas con estilo y detalles decisivos. La tapa de arce acolchado y el cuerpo de caoba africana Khaya tienen un tono de hacha inconfundible y una apariencia sobresaliente. La uni\u00f3n de cuello genera una resonancia y un sostenido impresionantes al tiempo que mejora la integridad estructural. Los humbuckers Schecter USA San Andreas brindan rendimiento y versatilidad para una exploraci\u00f3n s\u00f3nica casi infinita. El interruptor selector de pastillas de 3 v\u00edas y las perillas de c\u00fapula de metal push-pull brindan acceso a un campo de juego tonal completo.Dise\u00f1o de Perfil de cuello ultrafino en forma de \u201dC\u201d con un acabado satinado natural para mayor comodidad y acceso al diapas\u00f3n sin igual, el puente Hipshot Ibby HM y los sintonizadores Grip-Lock promueven una entonaci\u00f3n perfecta y hermosos herrajes negros y cromados con tuerca XL Black TUSQ a juego.\" \/>\n<meta name=\"robots\" content=\"index, follow, max-snippet:-1, max-image-preview:large, max-video-preview:-1\" \/>\n<link rel=\"canonical\" href=\"https:\/\/www.mexicanguitarplayers.com\/en\/tienda\/sin%20categor\u00eda\/guitarra-schecter-elect-mod-reaper-6-elite\/\" \/>\n<meta property=\"og:locale\" content=\"en_US\" \/>\n<meta property=\"og:type\" content=\"article\" \/>\n<meta property=\"og:title\" content=\"GUITARRA SCHECTER ELECT. MOD. REAPER-6 ELITE - Mexican Guitar Players\" \/>\n<meta property=\"og:description\" content=\"Guitarra el\u00e9ctrica de 6 cuerdas con estilo y detalles decisivos. La tapa de arce acolchado y el cuerpo de caoba africana Khaya tienen un tono de hacha inconfundible y una apariencia sobresaliente. La uni\u00f3n de cuello genera una resonancia y un sostenido impresionantes al tiempo que mejora la integridad estructural. Los humbuckers Schecter USA San Andreas brindan rendimiento y versatilidad para una exploraci\u00f3n s\u00f3nica casi infinita. El interruptor selector de pastillas de 3 v\u00edas y las perillas de c\u00fapula de metal push-pull brindan acceso a un campo de juego tonal completo.Dise\u00f1o de Perfil de cuello ultrafino en forma de \u201dC\u201d con un acabado satinado natural para mayor comodidad y acceso al diapas\u00f3n sin igual, el puente Hipshot Ibby HM y los sintonizadores Grip-Lock promueven una entonaci\u00f3n perfecta y hermosos herrajes negros y cromados con tuerca XL Black TUSQ a juego.\" \/>\n<meta property=\"og:url\" content=\"https:\/\/www.mexicanguitarplayers.com\/en\/tienda\/sin categor\u00eda\/guitarra-schecter-elect-mod-reaper-6-elite\/\" \/>\n<meta property=\"og:site_name\" content=\"Mexican Guitar Players\" \/>\n<meta property=\"article:modified_time\" content=\"2026-04-10T10:18:42+00:00\" \/>\n<meta name=\"twitter:card\" content=\"summary_large_image\" \/>\n<script type=\"application\/ld+json\" class=\"yoast-schema-graph\">{\"@context\":\"https:\\\/\\\/schema.org\",\"@graph\":[{\"@type\":[\"WebPage\",\"ItemPage\"],\"@id\":\"https:\\\/\\\/www.mexicanguitarplayers.com\\\/tienda\\\/sin categor\u00eda\\\/guitarra-schecter-elect-mod-reaper-6-elite\\\/\",\"url\":\"https:\\\/\\\/www.mexicanguitarplayers.com\\\/tienda\\\/sin categor\u00eda\\\/guitarra-schecter-elect-mod-reaper-6-elite\\\/\",\"name\":\"GUITARRA SCHECTER ELECT. MOD. REAPER-6 ELITE - Mexican Guitar Players\",\"isPartOf\":{\"@id\":\"https:\\\/\\\/www.mexicanguitarplayers.com\\\/#website\"},\"primaryImageOfPage\":{\"@id\":\"https:\\\/\\\/www.mexicanguitarplayers.com\\\/tienda\\\/sin categor\u00eda\\\/guitarra-schecter-elect-mod-reaper-6-elite\\\/#primaryimage\"},\"image\":{\"@id\":\"https:\\\/\\\/www.mexicanguitarplayers.com\\\/tienda\\\/sin categor\u00eda\\\/guitarra-schecter-elect-mod-reaper-6-elite\\\/#primaryimage\"},\"thumbnailUrl\":\"https:\\\/\\\/www.mexicanguitarplayers.com\\\/wp-content\\\/uploads\\\/2025\\\/04\\\/ISSCCREAPER6EL.jpg\",\"datePublished\":\"2025-04-09T13:27:35+00:00\",\"dateModified\":\"2026-04-10T10:18:42+00:00\",\"description\":\"Guitarra el\u00e9ctrica de 6 cuerdas con estilo y detalles decisivos. La tapa de arce acolchado y el cuerpo de caoba africana Khaya tienen un tono de hacha inconfundible y una apariencia sobresaliente. La uni\u00f3n de cuello genera una resonancia y un sostenido impresionantes al tiempo que mejora la integridad estructural. Los humbuckers Schecter USA San Andreas brindan rendimiento y versatilidad para una exploraci\u00f3n s\u00f3nica casi infinita. El interruptor selector de pastillas de 3 v\u00edas y las perillas de c\u00fapula de metal push-pull brindan acceso a un campo de juego tonal completo.Dise\u00f1o de Perfil de cuello ultrafino en forma de \u201dC\u201d con un acabado satinado natural para mayor comodidad y acceso al diapas\u00f3n sin igual, el puente Hipshot Ibby HM y los sintonizadores Grip-Lock promueven una entonaci\u00f3n perfecta y hermosos herrajes negros y cromados con tuerca XL Black TUSQ a juego.\",\"breadcrumb\":{\"@id\":\"https:\\\/\\\/www.mexicanguitarplayers.com\\\/tienda\\\/sin categor\u00eda\\\/guitarra-schecter-elect-mod-reaper-6-elite\\\/#breadcrumb\"},\"inLanguage\":\"en-US\",\"potentialAction\":[{\"@type\":\"ReadAction\",\"target\":[\"https:\\\/\\\/www.mexicanguitarplayers.com\\\/tienda\\\/sin categor\u00eda\\\/guitarra-schecter-elect-mod-reaper-6-elite\\\/\"]}]},{\"@type\":\"ImageObject\",\"inLanguage\":\"en-US\",\"@id\":\"https:\\\/\\\/www.mexicanguitarplayers.com\\\/tienda\\\/sin categor\u00eda\\\/guitarra-schecter-elect-mod-reaper-6-elite\\\/#primaryimage\",\"url\":\"https:\\\/\\\/www.mexicanguitarplayers.com\\\/wp-content\\\/uploads\\\/2025\\\/04\\\/ISSCCREAPER6EL.jpg\",\"contentUrl\":\"https:\\\/\\\/www.mexicanguitarplayers.com\\\/wp-content\\\/uploads\\\/2025\\\/04\\\/ISSCCREAPER6EL.jpg\",\"width\":800,\"height\":1600},{\"@type\":\"BreadcrumbList\",\"@id\":\"https:\\\/\\\/www.mexicanguitarplayers.com\\\/tienda\\\/sin categor\u00eda\\\/guitarra-schecter-elect-mod-reaper-6-elite\\\/#breadcrumb\",\"itemListElement\":[{\"@type\":\"ListItem\",\"position\":1,\"name\":\"Portada\",\"item\":\"https:\\\/\\\/www.mexicanguitarplayers.com\\\/\"},{\"@type\":\"ListItem\",\"position\":2,\"name\":\"Tienda\",\"item\":\"https:\\\/\\\/www.mexicanguitarplayers.com\\\/tienda\\\/\"},{\"@type\":\"ListItem\",\"position\":3,\"name\":\"GUITARRA SCHECTER ELECT. MOD. REAPER-6 ELITE\"}]},{\"@type\":\"WebSite\",\"@id\":\"https:\\\/\\\/www.mexicanguitarplayers.com\\\/#website\",\"url\":\"https:\\\/\\\/www.mexicanguitarplayers.com\\\/\",\"name\":\"Mexican Guitar Players\",\"description\":\"Website\",\"publisher\":{\"@id\":\"https:\\\/\\\/www.mexicanguitarplayers.com\\\/#organization\"},\"potentialAction\":[{\"@type\":\"SearchAction\",\"target\":{\"@type\":\"EntryPoint\",\"urlTemplate\":\"https:\\\/\\\/www.mexicanguitarplayers.com\\\/?s={search_term_string}\"},\"query-input\":{\"@type\":\"PropertyValueSpecification\",\"valueRequired\":true,\"valueName\":\"search_term_string\"}}],\"inLanguage\":\"en-US\"},{\"@type\":\"Organization\",\"@id\":\"https:\\\/\\\/www.mexicanguitarplayers.com\\\/#organization\",\"name\":\"Mexican Guitar Players\",\"url\":\"https:\\\/\\\/www.mexicanguitarplayers.com\\\/\",\"logo\":{\"@type\":\"ImageObject\",\"inLanguage\":\"en-US\",\"@id\":\"https:\\\/\\\/www.mexicanguitarplayers.com\\\/#\\\/schema\\\/logo\\\/image\\\/\",\"url\":\"\",\"contentUrl\":\"\",\"caption\":\"Mexican Guitar Players\"},\"image\":{\"@id\":\"https:\\\/\\\/www.mexicanguitarplayers.com\\\/#\\\/schema\\\/logo\\\/image\\\/\"}}]}<\/script>\n<!-- \/ Yoast SEO plugin. -->","yoast_head_json":{"title":"GUITARRA SCHECTER ELECT. MOD. REAPER-6 ELITE - Mexican Guitar Players","description":"Guitarra el\u00e9ctrica de 6 cuerdas con estilo y detalles decisivos. La tapa de arce acolchado y el cuerpo de caoba africana Khaya tienen un tono de hacha inconfundible y una apariencia sobresaliente. La uni\u00f3n de cuello genera una resonancia y un sostenido impresionantes al tiempo que mejora la integridad estructural. Los humbuckers Schecter USA San Andreas brindan rendimiento y versatilidad para una exploraci\u00f3n s\u00f3nica casi infinita. El interruptor selector de pastillas de 3 v\u00edas y las perillas de c\u00fapula de metal push-pull brindan acceso a un campo de juego tonal completo.Dise\u00f1o de Perfil de cuello ultrafino en forma de \u201dC\u201d con un acabado satinado natural para mayor comodidad y acceso al diapas\u00f3n sin igual, el puente Hipshot Ibby HM y los sintonizadores Grip-Lock promueven una entonaci\u00f3n perfecta y hermosos herrajes negros y cromados con tuerca XL Black TUSQ a juego.","robots":{"index":"index","follow":"follow","max-snippet":"max-snippet:-1","max-image-preview":"max-image-preview:large","max-video-preview":"max-video-preview:-1"},"canonical":"https:\/\/www.mexicanguitarplayers.com\/en\/tienda\/sin categor\u00eda\/guitarra-schecter-elect-mod-reaper-6-elite\/","og_locale":"en_US","og_type":"article","og_title":"GUITARRA SCHECTER ELECT. MOD. REAPER-6 ELITE - Mexican Guitar Players","og_description":"Guitarra el\u00e9ctrica de 6 cuerdas con estilo y detalles decisivos. La tapa de arce acolchado y el cuerpo de caoba africana Khaya tienen un tono de hacha inconfundible y una apariencia sobresaliente. La uni\u00f3n de cuello genera una resonancia y un sostenido impresionantes al tiempo que mejora la integridad estructural. Los humbuckers Schecter USA San Andreas brindan rendimiento y versatilidad para una exploraci\u00f3n s\u00f3nica casi infinita. El interruptor selector de pastillas de 3 v\u00edas y las perillas de c\u00fapula de metal push-pull brindan acceso a un campo de juego tonal completo.Dise\u00f1o de Perfil de cuello ultrafino en forma de \u201dC\u201d con un acabado satinado natural para mayor comodidad y acceso al diapas\u00f3n sin igual, el puente Hipshot Ibby HM y los sintonizadores Grip-Lock promueven una entonaci\u00f3n perfecta y hermosos herrajes negros y cromados con tuerca XL Black TUSQ a juego.","og_url":"https:\/\/www.mexicanguitarplayers.com\/en\/tienda\/sin categor\u00eda\/guitarra-schecter-elect-mod-reaper-6-elite\/","og_site_name":"Mexican Guitar Players","article_modified_time":"2026-04-10T10:18:42+00:00","twitter_card":"summary_large_image","schema":{"@context":"https:\/\/schema.org","@graph":[{"@type":["WebPage","ItemPage"],"@id":"https:\/\/www.mexicanguitarplayers.com\/tienda\/sin categor\u00eda\/guitarra-schecter-elect-mod-reaper-6-elite\/","url":"https:\/\/www.mexicanguitarplayers.com\/tienda\/sin categor\u00eda\/guitarra-schecter-elect-mod-reaper-6-elite\/","name":"GUITARRA SCHECTER ELECT. MOD. REAPER-6 ELITE - Mexican Guitar Players","isPartOf":{"@id":"https:\/\/www.mexicanguitarplayers.com\/#website"},"primaryImageOfPage":{"@id":"https:\/\/www.mexicanguitarplayers.com\/tienda\/sin categor\u00eda\/guitarra-schecter-elect-mod-reaper-6-elite\/#primaryimage"},"image":{"@id":"https:\/\/www.mexicanguitarplayers.com\/tienda\/sin categor\u00eda\/guitarra-schecter-elect-mod-reaper-6-elite\/#primaryimage"},"thumbnailUrl":"https:\/\/www.mexicanguitarplayers.com\/wp-content\/uploads\/2025\/04\/ISSCCREAPER6EL.jpg","datePublished":"2025-04-09T13:27:35+00:00","dateModified":"2026-04-10T10:18:42+00:00","description":"Guitarra el\u00e9ctrica de 6 cuerdas con estilo y detalles decisivos. La tapa de arce acolchado y el cuerpo de caoba africana Khaya tienen un tono de hacha inconfundible y una apariencia sobresaliente. La uni\u00f3n de cuello genera una resonancia y un sostenido impresionantes al tiempo que mejora la integridad estructural. Los humbuckers Schecter USA San Andreas brindan rendimiento y versatilidad para una exploraci\u00f3n s\u00f3nica casi infinita. El interruptor selector de pastillas de 3 v\u00edas y las perillas de c\u00fapula de metal push-pull brindan acceso a un campo de juego tonal completo.Dise\u00f1o de Perfil de cuello ultrafino en forma de \u201dC\u201d con un acabado satinado natural para mayor comodidad y acceso al diapas\u00f3n sin igual, el puente Hipshot Ibby HM y los sintonizadores Grip-Lock promueven una entonaci\u00f3n perfecta y hermosos herrajes negros y cromados con tuerca XL Black TUSQ a juego.","breadcrumb":{"@id":"https:\/\/www.mexicanguitarplayers.com\/tienda\/sin categor\u00eda\/guitarra-schecter-elect-mod-reaper-6-elite\/#breadcrumb"},"inLanguage":"en-US","potentialAction":[{"@type":"ReadAction","target":["https:\/\/www.mexicanguitarplayers.com\/tienda\/sin categor\u00eda\/guitarra-schecter-elect-mod-reaper-6-elite\/"]}]},{"@type":"ImageObject","inLanguage":"en-US","@id":"https:\/\/www.mexicanguitarplayers.com\/tienda\/sin categor\u00eda\/guitarra-schecter-elect-mod-reaper-6-elite\/#primaryimage","url":"https:\/\/www.mexicanguitarplayers.com\/wp-content\/uploads\/2025\/04\/ISSCCREAPER6EL.jpg","contentUrl":"https:\/\/www.mexicanguitarplayers.com\/wp-content\/uploads\/2025\/04\/ISSCCREAPER6EL.jpg","width":800,"height":1600},{"@type":"BreadcrumbList","@id":"https:\/\/www.mexicanguitarplayers.com\/tienda\/sin categor\u00eda\/guitarra-schecter-elect-mod-reaper-6-elite\/#breadcrumb","itemListElement":[{"@type":"ListItem","position":1,"name":"Portada","item":"https:\/\/www.mexicanguitarplayers.com\/"},{"@type":"ListItem","position":2,"name":"Tienda","item":"https:\/\/www.mexicanguitarplayers.com\/tienda\/"},{"@type":"ListItem","position":3,"name":"GUITARRA SCHECTER ELECT. MOD. REAPER-6 ELITE"}]},{"@type":"WebSite","@id":"https:\/\/www.mexicanguitarplayers.com\/#website","url":"https:\/\/www.mexicanguitarplayers.com\/","name":"Mexican Guitar Players","description":"Website","publisher":{"@id":"https:\/\/www.mexicanguitarplayers.com\/#organization"},"potentialAction":[{"@type":"SearchAction","target":{"@type":"EntryPoint","urlTemplate":"https:\/\/www.mexicanguitarplayers.com\/?s={search_term_string}"},"query-input":{"@type":"PropertyValueSpecification","valueRequired":true,"valueName":"search_term_string"}}],"inLanguage":"en-US"},{"@type":"Organization","@id":"https:\/\/www.mexicanguitarplayers.com\/#organization","name":"Mexican Guitar Players","url":"https:\/\/www.mexicanguitarplayers.com\/","logo":{"@type":"ImageObject","inLanguage":"en-US","@id":"https:\/\/www.mexicanguitarplayers.com\/#\/schema\/logo\/image\/","url":"","contentUrl":"","caption":"Mexican Guitar Players"},"image":{"@id":"https:\/\/www.mexicanguitarplayers.com\/#\/schema\/logo\/image\/"}}]}},"brands":[{"id":175,"name":"SCHECTER","slug":"schecter"}],"_links":{"self":[{"href":"https:\/\/www.mexicanguitarplayers.com\/en\/wp-json\/wp\/v2\/product\/41200","targetHints":{"allow":["GET"]}}],"collection":[{"href":"https:\/\/www.mexicanguitarplayers.com\/en\/wp-json\/wp\/v2\/product"}],"about":[{"href":"https:\/\/www.mexicanguitarplayers.com\/en\/wp-json\/wp\/v2\/types\/product"}],"replies":[{"embeddable":true,"href":"https:\/\/www.mexicanguitarplayers.com\/en\/wp-json\/wp\/v2\/comments?post=41200"}],"wp:featuredmedia":[{"embeddable":true,"href":"https:\/\/www.mexicanguitarplayers.com\/en\/wp-json\/wp\/v2\/media\/41190"}],"wp:attachment":[{"href":"https:\/\/www.mexicanguitarplayers.com\/en\/wp-json\/wp\/v2\/media?parent=41200"}],"wp:term":[{"taxonomy":"pwb-brand","embeddable":true,"href":"https:\/\/www.mexicanguitarplayers.com\/en\/wp-json\/wp\/v2\/pwb-brand?post=41200"},{"taxonomy":"product_brand","embeddable":true,"href":"https:\/\/www.mexicanguitarplayers.com\/en\/wp-json\/wp\/v2\/product_brand?post=41200"},{"taxonomy":"product_cat","embeddable":true,"href":"https:\/\/www.mexicanguitarplayers.com\/en\/wp-json\/wp\/v2\/product_cat?post=41200"},{"taxonomy":"product_tag","embeddable":true,"href":"https:\/\/www.mexicanguitarplayers.com\/en\/wp-json\/wp\/v2\/product_tag?post=41200"}],"curies":[{"name":"wp","href":"https:\/\/api.w.org\/{rel}","templated":true}]}}