{"id":41207,"date":"2025-04-09T07:27:45","date_gmt":"2025-04-09T13:27:45","guid":{"rendered":"https:\/\/www.mexicanguitarplayers.com\/tienda\/sin categor\u00eda\/bafle-behringer-p-pa-mod-vs1520\/"},"modified":"2026-04-10T04:18:41","modified_gmt":"2026-04-10T10:18:41","slug":"bafle-behringer-p-pa-mod-vs1520","status":"publish","type":"product","link":"https:\/\/www.mexicanguitarplayers.com\/en\/tienda\/audio\/bafles-y-bocinas\/bafles\/bafles-pasivos\/bafle-behringer-p-pa-mod-vs1520\/","title":{"rendered":"BAFLE BEHRINGER P\/PA MOD. VS1520"},"content":{"rendered":"<div style=\"text-align: justify\">\n<div>\n<h3>Poder y fidelidad a tu audio a un bajo precio.<\/h3>\n<\/div>\n<div>El altavoz EUROLIVE VS1520 es exactamente lo que esperas de Behringer, capacidad de manejo de potencia de 600 watts, m\u00e1s funciones y absolutamente m\u00e1s asequible. Gracias al driver de baja frecuencia de 15&#8243; pulgadas extremadamente potente y de larga excursi\u00f3n y al driver de alta frecuencia electrodin\u00e1mico dual, el VS1520 llega listo para llevarlo al l\u00edmite de inmediato. El VS1520 est\u00e1 destinado a convertirse en una leyenda por derecho propio junto con los otros modelos de la serie EUROLIVE que han convertido a Behringer en el l\u00edder mundial en altavoces. Transductores dise\u00f1ados a medida. Nuestros transductores LF y HF est\u00e1n dise\u00f1ados espec\u00edficamente para cada aplicaci\u00f3n, es lo que nos diferencia de la competencia. Cuando compras un altavoz Behringer, puedes estar seguro de que los transductores en el interior han sido dise\u00f1ados para funcionar sin problemas junto con cualquier otro elemento para obtener resultados verdaderamente profesionales. El EUROLIVE VS1520 produce cantidades masivas de graves con medios articulados y detallados y agudos cristalinos.<\/div>\n<div>\n<h4>Quick look<\/h4>\n<\/div>\n<ul style=\"margin: 0px 0px 0px 25px\">\n<li style=\"list-style-type: circle;margin: 5px\">Power.<\/li>\n<li style=\"list-style-type: circle;margin: 5px\">Tipo de sistema.<\/li>\n<li style=\"list-style-type: circle;margin: 5px\">Frequency response.<\/li>\n<li style=\"list-style-type: circle;margin: 5px\">Impedance.<\/li>\n<li style=\"list-style-type: circle;margin: 5px\">SPL.<\/li>\n<li style=\"list-style-type: circle;margin: 5px\">Dispersi\u00f3n.<\/li>\n<li style=\"list-style-type: circle;margin: 5px\">Frecuencia de crossover.<\/li>\n<li style=\"list-style-type: circle;margin: 5px\">Anclajes.<\/li>\n<li style=\"list-style-type: circle;margin: 5px\">Componentes.<\/li>\n<li style=\"list-style-type: circle;margin: 5px\">Dimensions.<\/li>\n<li style=\"list-style-type: circle;margin: 5px\">Weight.<\/li>\n<\/ul>\n<div>\n<div style=\"font-weight: bold\">Power.<\/div>\n<div>\n<p>Continua: 150 watts. Pico: 600 watts.<\/p>\n<\/div>\n<div style=\"font-weight: bold\">Tipo de sistema.<\/div>\n<div>\n<p>Altavoz de 2 v\u00edas de rango completo.<\/p>\n<\/div>\n<div style=\"font-weight: bold\">Frequency response.<\/div>\n<div>\n<p>60 Hz &#8211; 20 kHz.<\/p>\n<\/div>\n<div style=\"font-weight: bold\">Impedance.<\/div>\n<div>\n<p>8 ohms.<\/p>\n<\/div>\n<div style=\"font-weight: bold\">SPL.<\/div>\n<div>\n<p>93 dB (espacio completo, 1W@1m).<\/p>\n<\/div>\n<div style=\"font-weight: bold\">Dispersi\u00f3n.<\/div>\n<div>\n<p>80\u00b0 x 40\u00b0.<\/p>\n<\/div>\n<div style=\"font-weight: bold\">Frecuencia de crossover.<\/div>\n<div>\n<p>3 kHz.<\/p>\n<\/div>\n<div style=\"font-weight: bold\">Anclajes.<\/div>\n<div>\n<p>Asa ergon\u00f3mica y adaptador de soporte integrado.<\/p>\n<\/div>\n<div style=\"font-weight: bold\">Componentes.<\/div>\n<div>\n<p>Agudos: Driver dual electro din\u00e1mico. Graves: Woofer de 15&#8243; pulgadas (385 mm).<\/p>\n<\/div>\n<div style=\"font-weight: bold\">Dimensions.<\/div>\n<div>\n<p>370 x 600 x 430 mm.<\/p>\n<\/div>\n<div style=\"font-weight: bold\">Weight.<\/div>\n<div>\n<p>17.1 kg.<\/p>\n<\/div>\n<\/div>\n<\/div>","protected":false},"excerpt":{"rendered":"<p>Bafle pasivo de alto rendimiento de 600 watts a 2 v\u00edas con driver de 15\u201d pulgadas de larga excursi\u00f3n extremadamente potente y driver electrodin\u00e1mico dual patentado para una reproducci\u00f3n de alta frecuencia excepcional, impedancia: 8 ohms, calidad de sonido excepcional, amplio ancho de banda de frecuencia y rango din\u00e1mico, circuitos de protecci\u00f3n contra sobrecarga que garantizan una protecci\u00f3n \u00f3ptima del driver HF, dise\u00f1o de gu\u00eda de onda el\u00edptica ultra ancha para dispersi\u00f3n de sonido, tr\u00edpode integral y adaptador de soporte, gabinete trapezoidal para una f\u00e1cil matriz y precisi\u00f3n s\u00f3nica, asas ergon\u00f3micas para facilitar el transporte, rejilla de acero para una protecci\u00f3n \u00f3ptima de los altavoces, dos conectores jack profesionales de 1\/4\u201d, dimensiones: 370 x 600 x 430 mm, peso: 17.1 kg.&hellip; <a class=\"kt-excerpt-readmore more-link\" href=\"https:\/\/www.mexicanguitarplayers.com\/en\/tienda\/audio\/bafles-y-bocinas\/bafles\/bafles-pasivos\/bafle-behringer-p-pa-mod-vs1520\/\">Read more<\/a><\/p>","protected":false},"featured_media":41203,"comment_status":"open","ping_status":"closed","template":"","meta":{"kt_blocks_editor_width":""},"pwb-brand":[171],"product_brand":[],"product_cat":[213,222,223,221],"product_tag":[],"class_list":{"0":"post-41207","1":"product","2":"type-product","3":"status-publish","4":"has-post-thumbnail","6":"pwb-brand-behringer","7":"product_cat-audio","8":"product_cat-bafles","9":"product_cat-bafles-pasivos","10":"product_cat-bafles-y-bocinas","11":"product_shipping_class-20-25-kg","13":"first","14":"instock","15":"taxable","16":"shipping-taxable","17":"purchasable","18":"product-type-simple"},"yoast_head":"<!-- This site is optimized with the Yoast SEO plugin v27.5 - https:\/\/yoast.com\/product\/yoast-seo-wordpress\/ -->\n<title>BAFLE BEHRINGER P\/PA MOD. VS1520 - Mexican Guitar Players<\/title>\n<meta name=\"description\" content=\"Bafle pasivo de alto rendimiento de 600 watts a 2 v\u00edas con driver de 15\u201d pulgadas de larga excursi\u00f3n extremadamente potente y driver electrodin\u00e1mico dual patentado para una reproducci\u00f3n de alta frecuencia excepcional, impedancia: 8 ohms, calidad de sonido excepcional, amplio ancho de banda de frecuencia y rango din\u00e1mico, circuitos de protecci\u00f3n contra sobrecarga que garantizan una protecci\u00f3n \u00f3ptima del driver HF, dise\u00f1o de gu\u00eda de onda el\u00edptica ultra ancha para dispersi\u00f3n de sonido, tr\u00edpode integral y adaptador de soporte, gabinete trapezoidal para una f\u00e1cil matriz y precisi\u00f3n s\u00f3nica, asas ergon\u00f3micas para facilitar el transporte, rejilla de acero para una protecci\u00f3n \u00f3ptima de los altavoces, dos conectores jack profesionales de 1\/4\u201d, dimensiones: 370 x 600 x 430 mm, peso: 17.1 kg.\" \/>\n<meta name=\"robots\" content=\"index, follow, max-snippet:-1, max-image-preview:large, max-video-preview:-1\" \/>\n<link rel=\"canonical\" href=\"https:\/\/www.mexicanguitarplayers.com\/en\/tienda\/sin%20categor\u00eda\/bafle-behringer-p-pa-mod-vs1520\/\" \/>\n<meta property=\"og:locale\" content=\"en_US\" \/>\n<meta property=\"og:type\" content=\"article\" \/>\n<meta property=\"og:title\" content=\"BAFLE BEHRINGER P\/PA MOD. VS1520 - Mexican Guitar Players\" \/>\n<meta property=\"og:description\" content=\"Bafle pasivo de alto rendimiento de 600 watts a 2 v\u00edas con driver de 15\u201d pulgadas de larga excursi\u00f3n extremadamente potente y driver electrodin\u00e1mico dual patentado para una reproducci\u00f3n de alta frecuencia excepcional, impedancia: 8 ohms, calidad de sonido excepcional, amplio ancho de banda de frecuencia y rango din\u00e1mico, circuitos de protecci\u00f3n contra sobrecarga que garantizan una protecci\u00f3n \u00f3ptima del driver HF, dise\u00f1o de gu\u00eda de onda el\u00edptica ultra ancha para dispersi\u00f3n de sonido, tr\u00edpode integral y adaptador de soporte, gabinete trapezoidal para una f\u00e1cil matriz y precisi\u00f3n s\u00f3nica, asas ergon\u00f3micas para facilitar el transporte, rejilla de acero para una protecci\u00f3n \u00f3ptima de los altavoces, dos conectores jack profesionales de 1\/4\u201d, dimensiones: 370 x 600 x 430 mm, peso: 17.1 kg.\" \/>\n<meta property=\"og:url\" content=\"https:\/\/www.mexicanguitarplayers.com\/en\/tienda\/sin categor\u00eda\/bafle-behringer-p-pa-mod-vs1520\/\" \/>\n<meta property=\"og:site_name\" content=\"Mexican Guitar Players\" \/>\n<meta property=\"article:modified_time\" content=\"2026-04-10T10:18:41+00:00\" \/>\n<meta name=\"twitter:card\" content=\"summary_large_image\" \/>\n<meta name=\"twitter:label1\" content=\"Est. reading time\" \/>\n\t<meta name=\"twitter:data1\" content=\"1 minute\" \/>\n<script type=\"application\/ld+json\" class=\"yoast-schema-graph\">{\"@context\":\"https:\\\/\\\/schema.org\",\"@graph\":[{\"@type\":[\"WebPage\",\"ItemPage\"],\"@id\":\"https:\\\/\\\/www.mexicanguitarplayers.com\\\/tienda\\\/sin categor\u00eda\\\/bafle-behringer-p-pa-mod-vs1520\\\/\",\"url\":\"https:\\\/\\\/www.mexicanguitarplayers.com\\\/tienda\\\/sin categor\u00eda\\\/bafle-behringer-p-pa-mod-vs1520\\\/\",\"name\":\"BAFLE BEHRINGER P\\\/PA MOD. VS1520 - Mexican Guitar Players\",\"isPartOf\":{\"@id\":\"https:\\\/\\\/www.mexicanguitarplayers.com\\\/#website\"},\"primaryImageOfPage\":{\"@id\":\"https:\\\/\\\/www.mexicanguitarplayers.com\\\/tienda\\\/sin categor\u00eda\\\/bafle-behringer-p-pa-mod-vs1520\\\/#primaryimage\"},\"image\":{\"@id\":\"https:\\\/\\\/www.mexicanguitarplayers.com\\\/tienda\\\/sin categor\u00eda\\\/bafle-behringer-p-pa-mod-vs1520\\\/#primaryimage\"},\"thumbnailUrl\":\"https:\\\/\\\/www.mexicanguitarplayers.com\\\/wp-content\\\/uploads\\\/2025\\\/04\\\/IABEHVS1520.jpg\",\"datePublished\":\"2025-04-09T13:27:45+00:00\",\"dateModified\":\"2026-04-10T10:18:41+00:00\",\"description\":\"Bafle pasivo de alto rendimiento de 600 watts a 2 v\u00edas con driver de 15\u201d pulgadas de larga excursi\u00f3n extremadamente potente y driver electrodin\u00e1mico dual patentado para una reproducci\u00f3n de alta frecuencia excepcional, impedancia: 8 ohms, calidad de sonido excepcional, amplio ancho de banda de frecuencia y rango din\u00e1mico, circuitos de protecci\u00f3n contra sobrecarga que garantizan una protecci\u00f3n \u00f3ptima del driver HF, dise\u00f1o de gu\u00eda de onda el\u00edptica ultra ancha para dispersi\u00f3n de sonido, tr\u00edpode integral y adaptador de soporte, gabinete trapezoidal para una f\u00e1cil matriz y precisi\u00f3n s\u00f3nica, asas ergon\u00f3micas para facilitar el transporte, rejilla de acero para una protecci\u00f3n \u00f3ptima de los altavoces, dos conectores jack profesionales de 1\\\/4\u201d, dimensiones: 370 x 600 x 430 mm, peso: 17.1 kg.\",\"breadcrumb\":{\"@id\":\"https:\\\/\\\/www.mexicanguitarplayers.com\\\/tienda\\\/sin categor\u00eda\\\/bafle-behringer-p-pa-mod-vs1520\\\/#breadcrumb\"},\"inLanguage\":\"en-US\",\"potentialAction\":[{\"@type\":\"ReadAction\",\"target\":[\"https:\\\/\\\/www.mexicanguitarplayers.com\\\/tienda\\\/sin categor\u00eda\\\/bafle-behringer-p-pa-mod-vs1520\\\/\"]}]},{\"@type\":\"ImageObject\",\"inLanguage\":\"en-US\",\"@id\":\"https:\\\/\\\/www.mexicanguitarplayers.com\\\/tienda\\\/sin categor\u00eda\\\/bafle-behringer-p-pa-mod-vs1520\\\/#primaryimage\",\"url\":\"https:\\\/\\\/www.mexicanguitarplayers.com\\\/wp-content\\\/uploads\\\/2025\\\/04\\\/IABEHVS1520.jpg\",\"contentUrl\":\"https:\\\/\\\/www.mexicanguitarplayers.com\\\/wp-content\\\/uploads\\\/2025\\\/04\\\/IABEHVS1520.jpg\",\"width\":1200,\"height\":1200},{\"@type\":\"BreadcrumbList\",\"@id\":\"https:\\\/\\\/www.mexicanguitarplayers.com\\\/tienda\\\/sin categor\u00eda\\\/bafle-behringer-p-pa-mod-vs1520\\\/#breadcrumb\",\"itemListElement\":[{\"@type\":\"ListItem\",\"position\":1,\"name\":\"Portada\",\"item\":\"https:\\\/\\\/www.mexicanguitarplayers.com\\\/\"},{\"@type\":\"ListItem\",\"position\":2,\"name\":\"Tienda\",\"item\":\"https:\\\/\\\/www.mexicanguitarplayers.com\\\/tienda\\\/\"},{\"@type\":\"ListItem\",\"position\":3,\"name\":\"BAFLE BEHRINGER P\\\/PA MOD. VS1520\"}]},{\"@type\":\"WebSite\",\"@id\":\"https:\\\/\\\/www.mexicanguitarplayers.com\\\/#website\",\"url\":\"https:\\\/\\\/www.mexicanguitarplayers.com\\\/\",\"name\":\"Mexican Guitar Players\",\"description\":\"Website\",\"publisher\":{\"@id\":\"https:\\\/\\\/www.mexicanguitarplayers.com\\\/#organization\"},\"potentialAction\":[{\"@type\":\"SearchAction\",\"target\":{\"@type\":\"EntryPoint\",\"urlTemplate\":\"https:\\\/\\\/www.mexicanguitarplayers.com\\\/?s={search_term_string}\"},\"query-input\":{\"@type\":\"PropertyValueSpecification\",\"valueRequired\":true,\"valueName\":\"search_term_string\"}}],\"inLanguage\":\"en-US\"},{\"@type\":\"Organization\",\"@id\":\"https:\\\/\\\/www.mexicanguitarplayers.com\\\/#organization\",\"name\":\"Mexican Guitar Players\",\"url\":\"https:\\\/\\\/www.mexicanguitarplayers.com\\\/\",\"logo\":{\"@type\":\"ImageObject\",\"inLanguage\":\"en-US\",\"@id\":\"https:\\\/\\\/www.mexicanguitarplayers.com\\\/#\\\/schema\\\/logo\\\/image\\\/\",\"url\":\"\",\"contentUrl\":\"\",\"caption\":\"Mexican Guitar Players\"},\"image\":{\"@id\":\"https:\\\/\\\/www.mexicanguitarplayers.com\\\/#\\\/schema\\\/logo\\\/image\\\/\"}}]}<\/script>\n<!-- \/ Yoast SEO plugin. -->","yoast_head_json":{"title":"BAFLE BEHRINGER P\/PA MOD. VS1520 - Mexican Guitar Players","description":"Bafle pasivo de alto rendimiento de 600 watts a 2 v\u00edas con driver de 15\u201d pulgadas de larga excursi\u00f3n extremadamente potente y driver electrodin\u00e1mico dual patentado para una reproducci\u00f3n de alta frecuencia excepcional, impedancia: 8 ohms, calidad de sonido excepcional, amplio ancho de banda de frecuencia y rango din\u00e1mico, circuitos de protecci\u00f3n contra sobrecarga que garantizan una protecci\u00f3n \u00f3ptima del driver HF, dise\u00f1o de gu\u00eda de onda el\u00edptica ultra ancha para dispersi\u00f3n de sonido, tr\u00edpode integral y adaptador de soporte, gabinete trapezoidal para una f\u00e1cil matriz y precisi\u00f3n s\u00f3nica, asas ergon\u00f3micas para facilitar el transporte, rejilla de acero para una protecci\u00f3n \u00f3ptima de los altavoces, dos conectores jack profesionales de 1\/4\u201d, dimensiones: 370 x 600 x 430 mm, peso: 17.1 kg.","robots":{"index":"index","follow":"follow","max-snippet":"max-snippet:-1","max-image-preview":"max-image-preview:large","max-video-preview":"max-video-preview:-1"},"canonical":"https:\/\/www.mexicanguitarplayers.com\/en\/tienda\/sin categor\u00eda\/bafle-behringer-p-pa-mod-vs1520\/","og_locale":"en_US","og_type":"article","og_title":"BAFLE BEHRINGER P\/PA MOD. VS1520 - Mexican Guitar Players","og_description":"Bafle pasivo de alto rendimiento de 600 watts a 2 v\u00edas con driver de 15\u201d pulgadas de larga excursi\u00f3n extremadamente potente y driver electrodin\u00e1mico dual patentado para una reproducci\u00f3n de alta frecuencia excepcional, impedancia: 8 ohms, calidad de sonido excepcional, amplio ancho de banda de frecuencia y rango din\u00e1mico, circuitos de protecci\u00f3n contra sobrecarga que garantizan una protecci\u00f3n \u00f3ptima del driver HF, dise\u00f1o de gu\u00eda de onda el\u00edptica ultra ancha para dispersi\u00f3n de sonido, tr\u00edpode integral y adaptador de soporte, gabinete trapezoidal para una f\u00e1cil matriz y precisi\u00f3n s\u00f3nica, asas ergon\u00f3micas para facilitar el transporte, rejilla de acero para una protecci\u00f3n \u00f3ptima de los altavoces, dos conectores jack profesionales de 1\/4\u201d, dimensiones: 370 x 600 x 430 mm, peso: 17.1 kg.","og_url":"https:\/\/www.mexicanguitarplayers.com\/en\/tienda\/sin categor\u00eda\/bafle-behringer-p-pa-mod-vs1520\/","og_site_name":"Mexican Guitar Players","article_modified_time":"2026-04-10T10:18:41+00:00","twitter_card":"summary_large_image","twitter_misc":{"Est. reading time":"1 minute"},"schema":{"@context":"https:\/\/schema.org","@graph":[{"@type":["WebPage","ItemPage"],"@id":"https:\/\/www.mexicanguitarplayers.com\/tienda\/sin categor\u00eda\/bafle-behringer-p-pa-mod-vs1520\/","url":"https:\/\/www.mexicanguitarplayers.com\/tienda\/sin categor\u00eda\/bafle-behringer-p-pa-mod-vs1520\/","name":"BAFLE BEHRINGER P\/PA MOD. VS1520 - Mexican Guitar Players","isPartOf":{"@id":"https:\/\/www.mexicanguitarplayers.com\/#website"},"primaryImageOfPage":{"@id":"https:\/\/www.mexicanguitarplayers.com\/tienda\/sin categor\u00eda\/bafle-behringer-p-pa-mod-vs1520\/#primaryimage"},"image":{"@id":"https:\/\/www.mexicanguitarplayers.com\/tienda\/sin categor\u00eda\/bafle-behringer-p-pa-mod-vs1520\/#primaryimage"},"thumbnailUrl":"https:\/\/www.mexicanguitarplayers.com\/wp-content\/uploads\/2025\/04\/IABEHVS1520.jpg","datePublished":"2025-04-09T13:27:45+00:00","dateModified":"2026-04-10T10:18:41+00:00","description":"Bafle pasivo de alto rendimiento de 600 watts a 2 v\u00edas con driver de 15\u201d pulgadas de larga excursi\u00f3n extremadamente potente y driver electrodin\u00e1mico dual patentado para una reproducci\u00f3n de alta frecuencia excepcional, impedancia: 8 ohms, calidad de sonido excepcional, amplio ancho de banda de frecuencia y rango din\u00e1mico, circuitos de protecci\u00f3n contra sobrecarga que garantizan una protecci\u00f3n \u00f3ptima del driver HF, dise\u00f1o de gu\u00eda de onda el\u00edptica ultra ancha para dispersi\u00f3n de sonido, tr\u00edpode integral y adaptador de soporte, gabinete trapezoidal para una f\u00e1cil matriz y precisi\u00f3n s\u00f3nica, asas ergon\u00f3micas para facilitar el transporte, rejilla de acero para una protecci\u00f3n \u00f3ptima de los altavoces, dos conectores jack profesionales de 1\/4\u201d, dimensiones: 370 x 600 x 430 mm, peso: 17.1 kg.","breadcrumb":{"@id":"https:\/\/www.mexicanguitarplayers.com\/tienda\/sin categor\u00eda\/bafle-behringer-p-pa-mod-vs1520\/#breadcrumb"},"inLanguage":"en-US","potentialAction":[{"@type":"ReadAction","target":["https:\/\/www.mexicanguitarplayers.com\/tienda\/sin categor\u00eda\/bafle-behringer-p-pa-mod-vs1520\/"]}]},{"@type":"ImageObject","inLanguage":"en-US","@id":"https:\/\/www.mexicanguitarplayers.com\/tienda\/sin categor\u00eda\/bafle-behringer-p-pa-mod-vs1520\/#primaryimage","url":"https:\/\/www.mexicanguitarplayers.com\/wp-content\/uploads\/2025\/04\/IABEHVS1520.jpg","contentUrl":"https:\/\/www.mexicanguitarplayers.com\/wp-content\/uploads\/2025\/04\/IABEHVS1520.jpg","width":1200,"height":1200},{"@type":"BreadcrumbList","@id":"https:\/\/www.mexicanguitarplayers.com\/tienda\/sin categor\u00eda\/bafle-behringer-p-pa-mod-vs1520\/#breadcrumb","itemListElement":[{"@type":"ListItem","position":1,"name":"Portada","item":"https:\/\/www.mexicanguitarplayers.com\/"},{"@type":"ListItem","position":2,"name":"Tienda","item":"https:\/\/www.mexicanguitarplayers.com\/tienda\/"},{"@type":"ListItem","position":3,"name":"BAFLE BEHRINGER P\/PA MOD. VS1520"}]},{"@type":"WebSite","@id":"https:\/\/www.mexicanguitarplayers.com\/#website","url":"https:\/\/www.mexicanguitarplayers.com\/","name":"Mexican Guitar Players","description":"Website","publisher":{"@id":"https:\/\/www.mexicanguitarplayers.com\/#organization"},"potentialAction":[{"@type":"SearchAction","target":{"@type":"EntryPoint","urlTemplate":"https:\/\/www.mexicanguitarplayers.com\/?s={search_term_string}"},"query-input":{"@type":"PropertyValueSpecification","valueRequired":true,"valueName":"search_term_string"}}],"inLanguage":"en-US"},{"@type":"Organization","@id":"https:\/\/www.mexicanguitarplayers.com\/#organization","name":"Mexican Guitar Players","url":"https:\/\/www.mexicanguitarplayers.com\/","logo":{"@type":"ImageObject","inLanguage":"en-US","@id":"https:\/\/www.mexicanguitarplayers.com\/#\/schema\/logo\/image\/","url":"","contentUrl":"","caption":"Mexican Guitar Players"},"image":{"@id":"https:\/\/www.mexicanguitarplayers.com\/#\/schema\/logo\/image\/"}}]}},"brands":[{"id":171,"name":"BEHRINGER","slug":"behringer"}],"_links":{"self":[{"href":"https:\/\/www.mexicanguitarplayers.com\/en\/wp-json\/wp\/v2\/product\/41207","targetHints":{"allow":["GET"]}}],"collection":[{"href":"https:\/\/www.mexicanguitarplayers.com\/en\/wp-json\/wp\/v2\/product"}],"about":[{"href":"https:\/\/www.mexicanguitarplayers.com\/en\/wp-json\/wp\/v2\/types\/product"}],"replies":[{"embeddable":true,"href":"https:\/\/www.mexicanguitarplayers.com\/en\/wp-json\/wp\/v2\/comments?post=41207"}],"wp:featuredmedia":[{"embeddable":true,"href":"https:\/\/www.mexicanguitarplayers.com\/en\/wp-json\/wp\/v2\/media\/41203"}],"wp:attachment":[{"href":"https:\/\/www.mexicanguitarplayers.com\/en\/wp-json\/wp\/v2\/media?parent=41207"}],"wp:term":[{"taxonomy":"pwb-brand","embeddable":true,"href":"https:\/\/www.mexicanguitarplayers.com\/en\/wp-json\/wp\/v2\/pwb-brand?post=41207"},{"taxonomy":"product_brand","embeddable":true,"href":"https:\/\/www.mexicanguitarplayers.com\/en\/wp-json\/wp\/v2\/product_brand?post=41207"},{"taxonomy":"product_cat","embeddable":true,"href":"https:\/\/www.mexicanguitarplayers.com\/en\/wp-json\/wp\/v2\/product_cat?post=41207"},{"taxonomy":"product_tag","embeddable":true,"href":"https:\/\/www.mexicanguitarplayers.com\/en\/wp-json\/wp\/v2\/product_tag?post=41207"}],"curies":[{"name":"wp","href":"https:\/\/api.w.org\/{rel}","templated":true}]}}