{"id":41212,"date":"2025-04-09T07:27:53","date_gmt":"2025-04-09T13:27:53","guid":{"rendered":"https:\/\/www.mexicanguitarplayers.com\/tienda\/sin categor\u00eda\/pedal-fishman-platinum-stage-pro-plt-301\/"},"modified":"2026-01-20T13:15:06","modified_gmt":"2026-01-20T19:15:06","slug":"pedal-fishman-platinum-stage-pro-plt-301","status":"publish","type":"product","link":"https:\/\/www.mexicanguitarplayers.com\/en\/tienda\/cuerdas\/efectos\/multiefectos\/pedal-fishman-platinum-stage-pro-plt-301\/","title":{"rendered":"PEDAL FISHMAN PLATINUM STAGE PRO-PLT-301"},"content":{"rendered":"<div style=\"text-align: justify\">\n<div>\n<h3>Ideal para el m\u00fasico m\u00f3vil.<\/h3>\n<\/div>\n<div>Completamente redise\u00f1ado desde cero, el preamplificador de instrumentos unviersal Platinum Stage totalmente anal\u00f3gico ofrece detalles s\u00f3nicos incre\u00edblemente precisos para cualquier instrumento ac\u00fastico. Un preamplificador discreto de clase A y de gran headroom que utiliza circuitos de precisi\u00f3n de alta velocidad para la m\u00e1s alta fidelidad y baja distorsi\u00f3n. Los centros de tonos cl\u00e1sicos de Fishman con sweepable mid se combina con un modo de EQ de guitarra\/bajo conmutable, lo que lo hace m\u00e1s musical para instrumentos graves y m\u00e1s universal para grabar y en vivo. El nuevo Platinum Stage integra caracter\u00edsticas cr\u00edticas de rendimiento, como aumento de volumen ajustable y una salida D.I. XLR alojada en un hermoso dise\u00f1o listo para el uso rudo. Con un clip para cintur\u00f3n incluido, el Platinum Stage es perfecto para instrumentistas m\u00f3viles, como mandolina y viol\u00edn. Tambi\u00e9n se puede alimentar por medio de alimentaci\u00f3n phantom de 48V, ofreciendo un control completo sobre tu sonido sin el uso de pilas.<\/div>\n<div>\n<h4>Quick look<\/h4>\n<\/div>\n<ul style=\"margin: 0px 0px 0px 25px\">\n<li style=\"list-style-type: circle;margin: 5px\">Formaci\u00f3n del tono.<\/li>\n<li style=\"list-style-type: circle;margin: 5px\">Control de retroalimentaci\u00f3n.<\/li>\n<li style=\"list-style-type: circle;margin: 5px\">Feeding.<\/li>\n<li style=\"list-style-type: circle;margin: 5px\">Vida de la bater\u00eda.<\/li>\n<li style=\"list-style-type: circle;margin: 5px\">Audio.<\/li>\n<li style=\"list-style-type: circle;margin: 5px\">Dimensions.<\/li>\n<li style=\"list-style-type: circle;margin: 5px\">Weight.<\/li>\n<\/ul>\n<div>\n<div style=\"font-weight: bold\">Formaci\u00f3n del tono.<\/div>\n<div>\n<p>Ecualizador de 4 bandas con filtro low-cut ajustable y sweepable mid.<\/p>\n<\/div>\n<div style=\"font-weight: bold\">Control de retroalimentaci\u00f3n.<\/div>\n<div>\n<p>Switch de inversi\u00f3n de fase.<\/p>\n<\/div>\n<div style=\"font-weight: bold\">Feeding.<\/div>\n<div>\n<p>Pila de 9V (no incluida), alimentaci\u00f3n phantom de 48V o adaptador de corriente Fishman 910-R (opcional).<\/p>\n<\/div>\n<div style=\"font-weight: bold\">Vida de la bater\u00eda.<\/div>\n<div>\n<p>70 horas.<\/p>\n<\/div>\n<div style=\"font-weight: bold\">Audio.<\/div>\n<div>\n<p>Una entrada de instrumento 1\/4&#8243;. Una salida de amplificador 1\/4&#8243;. Salida D.I. XLR balanceada.<\/p>\n<\/div>\n<div style=\"font-weight: bold\">Dimensions.<\/div>\n<div>\n<p>143 x 85 x 30 mm.<\/p>\n<\/div>\n<div style=\"font-weight: bold\">Weight.<\/div>\n<div>\n<p>0.30 kg.<\/p>\n<\/div>\n<\/div>\n<div>\n<h4>Characteristics<\/h4>\n<\/div>\n<div>\n<ul style=\"margin: 0px 0px 0px 25px\">\n<li style=\"list-style-type: circle;margin: 5px\">Preamplificador discreto Clase A de 17V de alto headroom.<\/li>\n<li style=\"list-style-type: circle;margin: 5px\">Control de tono de 4 bandas con filtro de frecuencia y sweep-mid.<\/li>\n<li style=\"list-style-type: circle;margin: 5px\">Modo EQ que adapta el ecualizador para ajos u otros instrumentos.<\/li>\n<li style=\"list-style-type: circle;margin: 5px\">Control de fase.<\/li>\n<li style=\"list-style-type: circle;margin: 5px\">Switch de aumento de volumen con control de nivel.<\/li>\n<li style=\"list-style-type: circle;margin: 5px\">D.I. balanceado con ajuste EQ pre\/post y auto ground-lift.<\/li>\n<li style=\"list-style-type: circle;margin: 5px\">Incluye clip para cintur\u00f3n.<\/li>\n<\/ul>\n<\/div>\n<\/div>","protected":false},"excerpt":{"rendered":"<p>Preamplificador de instrumento discreto de 17V de Clase A, ideal para m\u00fasicos m\u00f3viles, como viol\u00edn o mandolina, alto headroom, control de tono de 4 bandas con sweep-mid y filtro de frecuencia, modo EQ que adapta el ecualizador para bajos u otros instrumentos, control de fase, switch de aumento de volumen con control de nivel, D.I. balanceado con configuraci\u00f3n de ecualizaci\u00f3n pre\/post y auto ground-lift, incluye clip para cintur\u00f3n, funciona con una pila de 9V (no incluida), alimentaci\u00f3n phantom de 48V o adaptador de corriente Fishman 910-R (opcional), vida de la bater\u00eda: 70 horas, una entrada de 1\/4\u201d de instrumento, una salida de 1\/4\u201d para amplificador, salida D.I. XLR balanceada, dimensiones: 143 x 85 x 30 mm, peso: 0.30 kg.&hellip; <a class=\"kt-excerpt-readmore more-link\" href=\"https:\/\/www.mexicanguitarplayers.com\/en\/tienda\/cuerdas\/efectos\/multiefectos\/pedal-fishman-platinum-stage-pro-plt-301\/\">Read more<\/a><\/p>","protected":false},"featured_media":41208,"comment_status":"open","ping_status":"closed","template":"","meta":{"kt_blocks_editor_width":""},"pwb-brand":[248],"product_brand":[],"product_cat":[224,241,242],"product_tag":[],"class_list":{"0":"post-41212","1":"product","2":"type-product","3":"status-publish","4":"has-post-thumbnail","6":"pwb-brand-fishman","7":"product_cat-cuerdas","8":"product_cat-efectos","9":"product_cat-multiefectos","10":"product_shipping_class-0-5-kg","12":"first","13":"outofstock","14":"taxable","15":"shipping-taxable","16":"purchasable","17":"product-type-simple"},"yoast_head":"<!-- This site is optimized with the Yoast SEO plugin v27.3 - https:\/\/yoast.com\/product\/yoast-seo-wordpress\/ -->\n<title>PEDAL FISHMAN PLATINUM STAGE PRO-PLT-301 - Mexican Guitar Players<\/title>\n<meta name=\"description\" content=\"Preamplificador de instrumento discreto de 17V de Clase A, ideal para m\u00fasicos m\u00f3viles, como viol\u00edn o mandolina, alto headroom, control de tono de 4 bandas con sweep-mid y filtro de frecuencia, modo EQ que adapta el ecualizador para bajos u otros instrumentos, control de fase, switch de aumento de volumen con control de nivel, D.I. balanceado con configuraci\u00f3n de ecualizaci\u00f3n pre\/post y auto ground-lift, incluye clip para cintur\u00f3n, funciona con una pila de 9V (no incluida), alimentaci\u00f3n phantom de 48V o adaptador de corriente Fishman 910-R (opcional), vida de la bater\u00eda: 70 horas, una entrada de 1\/4\u201d de instrumento, una salida de 1\/4\u201d para amplificador, salida D.I. XLR balanceada, dimensiones: 143 x 85 x 30 mm, peso: 0.30 kg.\" \/>\n<meta name=\"robots\" content=\"index, follow, max-snippet:-1, max-image-preview:large, max-video-preview:-1\" \/>\n<link rel=\"canonical\" href=\"https:\/\/www.mexicanguitarplayers.com\/en\/tienda\/sin%20categor\u00eda\/pedal-fishman-platinum-stage-pro-plt-301\/\" \/>\n<meta property=\"og:locale\" content=\"en_US\" \/>\n<meta property=\"og:type\" content=\"article\" \/>\n<meta property=\"og:title\" content=\"PEDAL FISHMAN PLATINUM STAGE PRO-PLT-301 - Mexican Guitar Players\" \/>\n<meta property=\"og:description\" content=\"Preamplificador de instrumento discreto de 17V de Clase A, ideal para m\u00fasicos m\u00f3viles, como viol\u00edn o mandolina, alto headroom, control de tono de 4 bandas con sweep-mid y filtro de frecuencia, modo EQ que adapta el ecualizador para bajos u otros instrumentos, control de fase, switch de aumento de volumen con control de nivel, D.I. balanceado con configuraci\u00f3n de ecualizaci\u00f3n pre\/post y auto ground-lift, incluye clip para cintur\u00f3n, funciona con una pila de 9V (no incluida), alimentaci\u00f3n phantom de 48V o adaptador de corriente Fishman 910-R (opcional), vida de la bater\u00eda: 70 horas, una entrada de 1\/4\u201d de instrumento, una salida de 1\/4\u201d para amplificador, salida D.I. XLR balanceada, dimensiones: 143 x 85 x 30 mm, peso: 0.30 kg.\" \/>\n<meta property=\"og:url\" content=\"https:\/\/www.mexicanguitarplayers.com\/en\/tienda\/sin categor\u00eda\/pedal-fishman-platinum-stage-pro-plt-301\/\" \/>\n<meta property=\"og:site_name\" content=\"Mexican Guitar Players\" \/>\n<meta property=\"article:modified_time\" content=\"2026-01-20T19:15:06+00:00\" \/>\n<meta name=\"twitter:card\" content=\"summary_large_image\" \/>\n<meta name=\"twitter:label1\" content=\"Est. reading time\" \/>\n\t<meta name=\"twitter:data1\" content=\"2 minutes\" \/>\n<script type=\"application\/ld+json\" class=\"yoast-schema-graph\">{\"@context\":\"https:\\\/\\\/schema.org\",\"@graph\":[{\"@type\":[\"WebPage\",\"ItemPage\"],\"@id\":\"https:\\\/\\\/www.mexicanguitarplayers.com\\\/tienda\\\/sin categor\u00eda\\\/pedal-fishman-platinum-stage-pro-plt-301\\\/\",\"url\":\"https:\\\/\\\/www.mexicanguitarplayers.com\\\/tienda\\\/sin categor\u00eda\\\/pedal-fishman-platinum-stage-pro-plt-301\\\/\",\"name\":\"PEDAL FISHMAN PLATINUM STAGE PRO-PLT-301 - Mexican Guitar Players\",\"isPartOf\":{\"@id\":\"https:\\\/\\\/www.mexicanguitarplayers.com\\\/#website\"},\"primaryImageOfPage\":{\"@id\":\"https:\\\/\\\/www.mexicanguitarplayers.com\\\/tienda\\\/sin categor\u00eda\\\/pedal-fishman-platinum-stage-pro-plt-301\\\/#primaryimage\"},\"image\":{\"@id\":\"https:\\\/\\\/www.mexicanguitarplayers.com\\\/tienda\\\/sin categor\u00eda\\\/pedal-fishman-platinum-stage-pro-plt-301\\\/#primaryimage\"},\"thumbnailUrl\":\"https:\\\/\\\/www.mexicanguitarplayers.com\\\/wp-content\\\/uploads\\\/2025\\\/04\\\/VAFISPROPLT301.jpg\",\"datePublished\":\"2025-04-09T13:27:53+00:00\",\"dateModified\":\"2026-01-20T19:15:06+00:00\",\"description\":\"Preamplificador de instrumento discreto de 17V de Clase A, ideal para m\u00fasicos m\u00f3viles, como viol\u00edn o mandolina, alto headroom, control de tono de 4 bandas con sweep-mid y filtro de frecuencia, modo EQ que adapta el ecualizador para bajos u otros instrumentos, control de fase, switch de aumento de volumen con control de nivel, D.I. balanceado con configuraci\u00f3n de ecualizaci\u00f3n pre\\\/post y auto ground-lift, incluye clip para cintur\u00f3n, funciona con una pila de 9V (no incluida), alimentaci\u00f3n phantom de 48V o adaptador de corriente Fishman 910-R (opcional), vida de la bater\u00eda: 70 horas, una entrada de 1\\\/4\u201d de instrumento, una salida de 1\\\/4\u201d para amplificador, salida D.I. XLR balanceada, dimensiones: 143 x 85 x 30 mm, peso: 0.30 kg.\",\"breadcrumb\":{\"@id\":\"https:\\\/\\\/www.mexicanguitarplayers.com\\\/tienda\\\/sin categor\u00eda\\\/pedal-fishman-platinum-stage-pro-plt-301\\\/#breadcrumb\"},\"inLanguage\":\"en-US\",\"potentialAction\":[{\"@type\":\"ReadAction\",\"target\":[\"https:\\\/\\\/www.mexicanguitarplayers.com\\\/tienda\\\/sin categor\u00eda\\\/pedal-fishman-platinum-stage-pro-plt-301\\\/\"]}]},{\"@type\":\"ImageObject\",\"inLanguage\":\"en-US\",\"@id\":\"https:\\\/\\\/www.mexicanguitarplayers.com\\\/tienda\\\/sin categor\u00eda\\\/pedal-fishman-platinum-stage-pro-plt-301\\\/#primaryimage\",\"url\":\"https:\\\/\\\/www.mexicanguitarplayers.com\\\/wp-content\\\/uploads\\\/2025\\\/04\\\/VAFISPROPLT301.jpg\",\"contentUrl\":\"https:\\\/\\\/www.mexicanguitarplayers.com\\\/wp-content\\\/uploads\\\/2025\\\/04\\\/VAFISPROPLT301.jpg\",\"width\":1200,\"height\":1200},{\"@type\":\"BreadcrumbList\",\"@id\":\"https:\\\/\\\/www.mexicanguitarplayers.com\\\/tienda\\\/sin categor\u00eda\\\/pedal-fishman-platinum-stage-pro-plt-301\\\/#breadcrumb\",\"itemListElement\":[{\"@type\":\"ListItem\",\"position\":1,\"name\":\"Portada\",\"item\":\"https:\\\/\\\/www.mexicanguitarplayers.com\\\/\"},{\"@type\":\"ListItem\",\"position\":2,\"name\":\"Tienda\",\"item\":\"https:\\\/\\\/www.mexicanguitarplayers.com\\\/tienda\\\/\"},{\"@type\":\"ListItem\",\"position\":3,\"name\":\"PEDAL FISHMAN PLATINUM STAGE PRO-PLT-301\"}]},{\"@type\":\"WebSite\",\"@id\":\"https:\\\/\\\/www.mexicanguitarplayers.com\\\/#website\",\"url\":\"https:\\\/\\\/www.mexicanguitarplayers.com\\\/\",\"name\":\"Mexican Guitar Players\",\"description\":\"Website\",\"publisher\":{\"@id\":\"https:\\\/\\\/www.mexicanguitarplayers.com\\\/#organization\"},\"potentialAction\":[{\"@type\":\"SearchAction\",\"target\":{\"@type\":\"EntryPoint\",\"urlTemplate\":\"https:\\\/\\\/www.mexicanguitarplayers.com\\\/?s={search_term_string}\"},\"query-input\":{\"@type\":\"PropertyValueSpecification\",\"valueRequired\":true,\"valueName\":\"search_term_string\"}}],\"inLanguage\":\"en-US\"},{\"@type\":\"Organization\",\"@id\":\"https:\\\/\\\/www.mexicanguitarplayers.com\\\/#organization\",\"name\":\"Mexican Guitar Players\",\"url\":\"https:\\\/\\\/www.mexicanguitarplayers.com\\\/\",\"logo\":{\"@type\":\"ImageObject\",\"inLanguage\":\"en-US\",\"@id\":\"https:\\\/\\\/www.mexicanguitarplayers.com\\\/#\\\/schema\\\/logo\\\/image\\\/\",\"url\":\"\",\"contentUrl\":\"\",\"caption\":\"Mexican Guitar Players\"},\"image\":{\"@id\":\"https:\\\/\\\/www.mexicanguitarplayers.com\\\/#\\\/schema\\\/logo\\\/image\\\/\"}}]}<\/script>\n<!-- \/ Yoast SEO plugin. -->","yoast_head_json":{"title":"PEDAL FISHMAN PLATINUM STAGE PRO-PLT-301 - Mexican Guitar Players","description":"Preamplificador de instrumento discreto de 17V de Clase A, ideal para m\u00fasicos m\u00f3viles, como viol\u00edn o mandolina, alto headroom, control de tono de 4 bandas con sweep-mid y filtro de frecuencia, modo EQ que adapta el ecualizador para bajos u otros instrumentos, control de fase, switch de aumento de volumen con control de nivel, D.I. balanceado con configuraci\u00f3n de ecualizaci\u00f3n pre\/post y auto ground-lift, incluye clip para cintur\u00f3n, funciona con una pila de 9V (no incluida), alimentaci\u00f3n phantom de 48V o adaptador de corriente Fishman 910-R (opcional), vida de la bater\u00eda: 70 horas, una entrada de 1\/4\u201d de instrumento, una salida de 1\/4\u201d para amplificador, salida D.I. XLR balanceada, dimensiones: 143 x 85 x 30 mm, peso: 0.30 kg.","robots":{"index":"index","follow":"follow","max-snippet":"max-snippet:-1","max-image-preview":"max-image-preview:large","max-video-preview":"max-video-preview:-1"},"canonical":"https:\/\/www.mexicanguitarplayers.com\/en\/tienda\/sin categor\u00eda\/pedal-fishman-platinum-stage-pro-plt-301\/","og_locale":"en_US","og_type":"article","og_title":"PEDAL FISHMAN PLATINUM STAGE PRO-PLT-301 - Mexican Guitar Players","og_description":"Preamplificador de instrumento discreto de 17V de Clase A, ideal para m\u00fasicos m\u00f3viles, como viol\u00edn o mandolina, alto headroom, control de tono de 4 bandas con sweep-mid y filtro de frecuencia, modo EQ que adapta el ecualizador para bajos u otros instrumentos, control de fase, switch de aumento de volumen con control de nivel, D.I. balanceado con configuraci\u00f3n de ecualizaci\u00f3n pre\/post y auto ground-lift, incluye clip para cintur\u00f3n, funciona con una pila de 9V (no incluida), alimentaci\u00f3n phantom de 48V o adaptador de corriente Fishman 910-R (opcional), vida de la bater\u00eda: 70 horas, una entrada de 1\/4\u201d de instrumento, una salida de 1\/4\u201d para amplificador, salida D.I. XLR balanceada, dimensiones: 143 x 85 x 30 mm, peso: 0.30 kg.","og_url":"https:\/\/www.mexicanguitarplayers.com\/en\/tienda\/sin categor\u00eda\/pedal-fishman-platinum-stage-pro-plt-301\/","og_site_name":"Mexican Guitar Players","article_modified_time":"2026-01-20T19:15:06+00:00","twitter_card":"summary_large_image","twitter_misc":{"Est. reading time":"2 minutes"},"schema":{"@context":"https:\/\/schema.org","@graph":[{"@type":["WebPage","ItemPage"],"@id":"https:\/\/www.mexicanguitarplayers.com\/tienda\/sin categor\u00eda\/pedal-fishman-platinum-stage-pro-plt-301\/","url":"https:\/\/www.mexicanguitarplayers.com\/tienda\/sin categor\u00eda\/pedal-fishman-platinum-stage-pro-plt-301\/","name":"PEDAL FISHMAN PLATINUM STAGE PRO-PLT-301 - Mexican Guitar Players","isPartOf":{"@id":"https:\/\/www.mexicanguitarplayers.com\/#website"},"primaryImageOfPage":{"@id":"https:\/\/www.mexicanguitarplayers.com\/tienda\/sin categor\u00eda\/pedal-fishman-platinum-stage-pro-plt-301\/#primaryimage"},"image":{"@id":"https:\/\/www.mexicanguitarplayers.com\/tienda\/sin categor\u00eda\/pedal-fishman-platinum-stage-pro-plt-301\/#primaryimage"},"thumbnailUrl":"https:\/\/www.mexicanguitarplayers.com\/wp-content\/uploads\/2025\/04\/VAFISPROPLT301.jpg","datePublished":"2025-04-09T13:27:53+00:00","dateModified":"2026-01-20T19:15:06+00:00","description":"Preamplificador de instrumento discreto de 17V de Clase A, ideal para m\u00fasicos m\u00f3viles, como viol\u00edn o mandolina, alto headroom, control de tono de 4 bandas con sweep-mid y filtro de frecuencia, modo EQ que adapta el ecualizador para bajos u otros instrumentos, control de fase, switch de aumento de volumen con control de nivel, D.I. balanceado con configuraci\u00f3n de ecualizaci\u00f3n pre\/post y auto ground-lift, incluye clip para cintur\u00f3n, funciona con una pila de 9V (no incluida), alimentaci\u00f3n phantom de 48V o adaptador de corriente Fishman 910-R (opcional), vida de la bater\u00eda: 70 horas, una entrada de 1\/4\u201d de instrumento, una salida de 1\/4\u201d para amplificador, salida D.I. XLR balanceada, dimensiones: 143 x 85 x 30 mm, peso: 0.30 kg.","breadcrumb":{"@id":"https:\/\/www.mexicanguitarplayers.com\/tienda\/sin categor\u00eda\/pedal-fishman-platinum-stage-pro-plt-301\/#breadcrumb"},"inLanguage":"en-US","potentialAction":[{"@type":"ReadAction","target":["https:\/\/www.mexicanguitarplayers.com\/tienda\/sin categor\u00eda\/pedal-fishman-platinum-stage-pro-plt-301\/"]}]},{"@type":"ImageObject","inLanguage":"en-US","@id":"https:\/\/www.mexicanguitarplayers.com\/tienda\/sin categor\u00eda\/pedal-fishman-platinum-stage-pro-plt-301\/#primaryimage","url":"https:\/\/www.mexicanguitarplayers.com\/wp-content\/uploads\/2025\/04\/VAFISPROPLT301.jpg","contentUrl":"https:\/\/www.mexicanguitarplayers.com\/wp-content\/uploads\/2025\/04\/VAFISPROPLT301.jpg","width":1200,"height":1200},{"@type":"BreadcrumbList","@id":"https:\/\/www.mexicanguitarplayers.com\/tienda\/sin categor\u00eda\/pedal-fishman-platinum-stage-pro-plt-301\/#breadcrumb","itemListElement":[{"@type":"ListItem","position":1,"name":"Portada","item":"https:\/\/www.mexicanguitarplayers.com\/"},{"@type":"ListItem","position":2,"name":"Tienda","item":"https:\/\/www.mexicanguitarplayers.com\/tienda\/"},{"@type":"ListItem","position":3,"name":"PEDAL FISHMAN PLATINUM STAGE PRO-PLT-301"}]},{"@type":"WebSite","@id":"https:\/\/www.mexicanguitarplayers.com\/#website","url":"https:\/\/www.mexicanguitarplayers.com\/","name":"Mexican Guitar Players","description":"Website","publisher":{"@id":"https:\/\/www.mexicanguitarplayers.com\/#organization"},"potentialAction":[{"@type":"SearchAction","target":{"@type":"EntryPoint","urlTemplate":"https:\/\/www.mexicanguitarplayers.com\/?s={search_term_string}"},"query-input":{"@type":"PropertyValueSpecification","valueRequired":true,"valueName":"search_term_string"}}],"inLanguage":"en-US"},{"@type":"Organization","@id":"https:\/\/www.mexicanguitarplayers.com\/#organization","name":"Mexican Guitar Players","url":"https:\/\/www.mexicanguitarplayers.com\/","logo":{"@type":"ImageObject","inLanguage":"en-US","@id":"https:\/\/www.mexicanguitarplayers.com\/#\/schema\/logo\/image\/","url":"","contentUrl":"","caption":"Mexican Guitar Players"},"image":{"@id":"https:\/\/www.mexicanguitarplayers.com\/#\/schema\/logo\/image\/"}}]}},"brands":[{"id":248,"name":"FISHMAN","slug":"fishman"}],"_links":{"self":[{"href":"https:\/\/www.mexicanguitarplayers.com\/en\/wp-json\/wp\/v2\/product\/41212","targetHints":{"allow":["GET"]}}],"collection":[{"href":"https:\/\/www.mexicanguitarplayers.com\/en\/wp-json\/wp\/v2\/product"}],"about":[{"href":"https:\/\/www.mexicanguitarplayers.com\/en\/wp-json\/wp\/v2\/types\/product"}],"replies":[{"embeddable":true,"href":"https:\/\/www.mexicanguitarplayers.com\/en\/wp-json\/wp\/v2\/comments?post=41212"}],"wp:featuredmedia":[{"embeddable":true,"href":"https:\/\/www.mexicanguitarplayers.com\/en\/wp-json\/wp\/v2\/media\/41208"}],"wp:attachment":[{"href":"https:\/\/www.mexicanguitarplayers.com\/en\/wp-json\/wp\/v2\/media?parent=41212"}],"wp:term":[{"taxonomy":"pwb-brand","embeddable":true,"href":"https:\/\/www.mexicanguitarplayers.com\/en\/wp-json\/wp\/v2\/pwb-brand?post=41212"},{"taxonomy":"product_brand","embeddable":true,"href":"https:\/\/www.mexicanguitarplayers.com\/en\/wp-json\/wp\/v2\/product_brand?post=41212"},{"taxonomy":"product_cat","embeddable":true,"href":"https:\/\/www.mexicanguitarplayers.com\/en\/wp-json\/wp\/v2\/product_cat?post=41212"},{"taxonomy":"product_tag","embeddable":true,"href":"https:\/\/www.mexicanguitarplayers.com\/en\/wp-json\/wp\/v2\/product_tag?post=41212"}],"curies":[{"name":"wp","href":"https:\/\/api.w.org\/{rel}","templated":true}]}}