{"id":41232,"date":"2025-04-09T07:28:20","date_gmt":"2025-04-09T13:28:20","guid":{"rendered":"https:\/\/www.mexicanguitarplayers.com\/tienda\/sin categor\u00eda\/pastilla-sd-brazo-green-magic-hb-neck\/"},"modified":"2026-05-01T07:17:00","modified_gmt":"2026-05-01T13:17:00","slug":"pastilla-sd-brazo-green-magic-hb-neck","status":"publish","type":"product","link":"https:\/\/www.mexicanguitarplayers.com\/en\/tienda\/accesorios\/para-guitarras\/pastillas-para-guitarra-electrica\/pastilla-sd-brazo-green-magic-hb-neck\/","title":{"rendered":"PASTILLA SD BRAZO GREEN MAGIC HB NECK"},"content":{"rendered":"<div style=\"text-align: justify\">\n<div>\n<h3>Un im\u00e1n instalado al rev\u00e9s.<\/h3>\n<\/div>\n<div>Los guitarristas han buscado durante mucho tiempo los solitarios tonos huecos de blues rock que surgieron a finales de los a\u00f1os 60. Para un guitarrista, su tono caracter\u00edstico se logr\u00f3 como resultado de un accidente afortunado: Una pastilla con un im\u00e1n instalado al rev\u00e9s. Con Green Magics, cuando cada pastilla se elige individualmente, obtendr\u00e1s los tonos cl\u00e1sicos de brazo y puente que se esperan con humbuckers de voz vintage. En la posici\u00f3n combinada, con el im\u00e1n invertido de la pastilla del brazo, las pastillas estar\u00e1n desfasadas entre s\u00ed, dando la claridad y expresividad generalmente asociadas con las single-coils. Para cualquier guitarrista que quiera expandir la versatilidad de su guitarra y capturar los tonos aut\u00e9nticos de la era dorada del blues rock con un toque sobrenatural, obt\u00e9n el set Green Magic.<\/div>\n<div>\n<h4>Quick look<\/h4>\n<\/div>\n<ul style=\"margin: 0px 0px 0px 25px\">\n<li style=\"list-style-type: circle;margin: 5px\">Modelo.<\/li>\n<li style=\"list-style-type: circle;margin: 5px\">Posici\u00f3n.<\/li>\n<li style=\"list-style-type: circle;margin: 5px\">Espaciado.<\/li>\n<li style=\"list-style-type: circle;margin: 5px\">Alambrado.<\/li>\n<li style=\"list-style-type: circle;margin: 5px\">Im\u00e1n.<\/li>\n<li style=\"list-style-type: circle;margin: 5px\">Resistencia.<\/li>\n<\/ul>\n<div>\n<div style=\"font-weight: bold\">Modelo.<\/div>\n<div>\n<p>Green Magic.<\/p>\n<\/div>\n<div style=\"font-weight: bold\">Posici\u00f3n.<\/div>\n<div>\n<p>Arm<\/p>\n<\/div>\n<div style=\"font-weight: bold\">Espaciado.<\/div>\n<div>\n<p>Est\u00e1ndar.<\/p>\n<\/div>\n<div style=\"font-weight: bold\">Alambrado.<\/div>\n<div>\n<p>4 conductores.<\/p>\n<\/div>\n<div style=\"font-weight: bold\">Im\u00e1n.<\/div>\n<div>\n<p>Alnico 2.<\/p>\n<\/div>\n<div style=\"font-weight: bold\">Resistencia.<\/div>\n<div>\n<p>7.7 kilo-ohms.<\/p>\n<\/div>\n<\/div>\n<\/div>","protected":false},"excerpt":{"rendered":"<p>Pastilla humbucker pasiva para guitarra el\u00e9ctrica de 6 cuerdas, modelo Green Magic, posici\u00f3n: brazo, cableado: 4 cables blindado, im\u00e1n: alnico 2, resistencia: 7.7 kilo-ohms, im\u00e1n instalado al rev\u00e9s, claridad y gran expresividad, obt\u00e9n  los tonos aut\u00e9nticos de la era dorada del blues rock con un toque sobrenatural.&hellip; <a class=\"kt-excerpt-readmore more-link\" href=\"https:\/\/www.mexicanguitarplayers.com\/en\/tienda\/accesorios\/para-guitarras\/pastillas-para-guitarra-electrica\/pastilla-sd-brazo-green-magic-hb-neck\/\">Read more<\/a><\/p>","protected":false},"featured_media":41227,"comment_status":"open","ping_status":"closed","template":"","meta":{"kt_blocks_editor_width":""},"pwb-brand":[502],"product_brand":[],"product_cat":[85,336,353],"product_tag":[],"class_list":{"0":"post-41232","1":"product","2":"type-product","3":"status-publish","4":"has-post-thumbnail","6":"pwb-brand-seymour-duncan","7":"product_cat-accesorios","8":"product_cat-para-guitarras","9":"product_cat-pastillas-para-guitarra-electrica","10":"product_shipping_class-0-5-kg","12":"first","13":"instock","14":"taxable","15":"shipping-taxable","16":"purchasable","17":"product-type-simple"},"yoast_head":"<!-- This site is optimized with the Yoast SEO plugin v27.5 - https:\/\/yoast.com\/product\/yoast-seo-wordpress\/ -->\n<title>PASTILLA SD BRAZO GREEN MAGIC HB NECK - Mexican Guitar Players<\/title>\n<meta name=\"description\" content=\"Pastilla humbucker pasiva para guitarra el\u00e9ctrica de 6 cuerdas, modelo Green Magic, posici\u00f3n: brazo, cableado: 4 cables blindado, im\u00e1n: alnico 2, resistencia: 7.7 kilo-ohms, im\u00e1n instalado al rev\u00e9s, claridad y gran expresividad, obt\u00e9n los tonos aut\u00e9nticos de la era dorada del blues rock con un toque sobrenatural.\" \/>\n<meta name=\"robots\" content=\"index, follow, max-snippet:-1, max-image-preview:large, max-video-preview:-1\" \/>\n<link rel=\"canonical\" href=\"https:\/\/www.mexicanguitarplayers.com\/en\/tienda\/sin%20categor\u00eda\/pastilla-sd-brazo-green-magic-hb-neck\/\" \/>\n<meta property=\"og:locale\" content=\"en_US\" \/>\n<meta property=\"og:type\" content=\"article\" \/>\n<meta property=\"og:title\" content=\"PASTILLA SD BRAZO GREEN MAGIC HB NECK - Mexican Guitar Players\" \/>\n<meta property=\"og:description\" content=\"Pastilla humbucker pasiva para guitarra el\u00e9ctrica de 6 cuerdas, modelo Green Magic, posici\u00f3n: brazo, cableado: 4 cables blindado, im\u00e1n: alnico 2, resistencia: 7.7 kilo-ohms, im\u00e1n instalado al rev\u00e9s, claridad y gran expresividad, obt\u00e9n los tonos aut\u00e9nticos de la era dorada del blues rock con un toque sobrenatural.\" \/>\n<meta property=\"og:url\" content=\"https:\/\/www.mexicanguitarplayers.com\/en\/tienda\/sin categor\u00eda\/pastilla-sd-brazo-green-magic-hb-neck\/\" \/>\n<meta property=\"og:site_name\" content=\"Mexican Guitar Players\" \/>\n<meta property=\"article:modified_time\" content=\"2026-05-01T13:17:00+00:00\" \/>\n<meta name=\"twitter:card\" content=\"summary_large_image\" \/>\n<meta name=\"twitter:label1\" content=\"Est. reading time\" \/>\n\t<meta name=\"twitter:data1\" content=\"1 minute\" \/>\n<script type=\"application\/ld+json\" class=\"yoast-schema-graph\">{\"@context\":\"https:\\\/\\\/schema.org\",\"@graph\":[{\"@type\":[\"WebPage\",\"ItemPage\"],\"@id\":\"https:\\\/\\\/www.mexicanguitarplayers.com\\\/tienda\\\/sin categor\u00eda\\\/pastilla-sd-brazo-green-magic-hb-neck\\\/\",\"url\":\"https:\\\/\\\/www.mexicanguitarplayers.com\\\/tienda\\\/sin categor\u00eda\\\/pastilla-sd-brazo-green-magic-hb-neck\\\/\",\"name\":\"PASTILLA SD BRAZO GREEN MAGIC HB NECK - Mexican Guitar Players\",\"isPartOf\":{\"@id\":\"https:\\\/\\\/www.mexicanguitarplayers.com\\\/#website\"},\"primaryImageOfPage\":{\"@id\":\"https:\\\/\\\/www.mexicanguitarplayers.com\\\/tienda\\\/sin categor\u00eda\\\/pastilla-sd-brazo-green-magic-hb-neck\\\/#primaryimage\"},\"image\":{\"@id\":\"https:\\\/\\\/www.mexicanguitarplayers.com\\\/tienda\\\/sin categor\u00eda\\\/pastilla-sd-brazo-green-magic-hb-neck\\\/#primaryimage\"},\"thumbnailUrl\":\"https:\\\/\\\/www.mexicanguitarplayers.com\\\/wp-content\\\/uploads\\\/2025\\\/04\\\/RASEOGRNMGHBNE.jpg\",\"datePublished\":\"2025-04-09T13:28:20+00:00\",\"dateModified\":\"2026-05-01T13:17:00+00:00\",\"description\":\"Pastilla humbucker pasiva para guitarra el\u00e9ctrica de 6 cuerdas, modelo Green Magic, posici\u00f3n: brazo, cableado: 4 cables blindado, im\u00e1n: alnico 2, resistencia: 7.7 kilo-ohms, im\u00e1n instalado al rev\u00e9s, claridad y gran expresividad, obt\u00e9n los tonos aut\u00e9nticos de la era dorada del blues rock con un toque sobrenatural.\",\"breadcrumb\":{\"@id\":\"https:\\\/\\\/www.mexicanguitarplayers.com\\\/tienda\\\/sin categor\u00eda\\\/pastilla-sd-brazo-green-magic-hb-neck\\\/#breadcrumb\"},\"inLanguage\":\"en-US\",\"potentialAction\":[{\"@type\":\"ReadAction\",\"target\":[\"https:\\\/\\\/www.mexicanguitarplayers.com\\\/tienda\\\/sin categor\u00eda\\\/pastilla-sd-brazo-green-magic-hb-neck\\\/\"]}]},{\"@type\":\"ImageObject\",\"inLanguage\":\"en-US\",\"@id\":\"https:\\\/\\\/www.mexicanguitarplayers.com\\\/tienda\\\/sin categor\u00eda\\\/pastilla-sd-brazo-green-magic-hb-neck\\\/#primaryimage\",\"url\":\"https:\\\/\\\/www.mexicanguitarplayers.com\\\/wp-content\\\/uploads\\\/2025\\\/04\\\/RASEOGRNMGHBNE.jpg\",\"contentUrl\":\"https:\\\/\\\/www.mexicanguitarplayers.com\\\/wp-content\\\/uploads\\\/2025\\\/04\\\/RASEOGRNMGHBNE.jpg\",\"width\":1200,\"height\":1200},{\"@type\":\"BreadcrumbList\",\"@id\":\"https:\\\/\\\/www.mexicanguitarplayers.com\\\/tienda\\\/sin categor\u00eda\\\/pastilla-sd-brazo-green-magic-hb-neck\\\/#breadcrumb\",\"itemListElement\":[{\"@type\":\"ListItem\",\"position\":1,\"name\":\"Portada\",\"item\":\"https:\\\/\\\/www.mexicanguitarplayers.com\\\/\"},{\"@type\":\"ListItem\",\"position\":2,\"name\":\"Tienda\",\"item\":\"https:\\\/\\\/www.mexicanguitarplayers.com\\\/tienda\\\/\"},{\"@type\":\"ListItem\",\"position\":3,\"name\":\"PASTILLA SD BRAZO GREEN MAGIC HB NECK\"}]},{\"@type\":\"WebSite\",\"@id\":\"https:\\\/\\\/www.mexicanguitarplayers.com\\\/#website\",\"url\":\"https:\\\/\\\/www.mexicanguitarplayers.com\\\/\",\"name\":\"Mexican Guitar Players\",\"description\":\"Website\",\"publisher\":{\"@id\":\"https:\\\/\\\/www.mexicanguitarplayers.com\\\/#organization\"},\"potentialAction\":[{\"@type\":\"SearchAction\",\"target\":{\"@type\":\"EntryPoint\",\"urlTemplate\":\"https:\\\/\\\/www.mexicanguitarplayers.com\\\/?s={search_term_string}\"},\"query-input\":{\"@type\":\"PropertyValueSpecification\",\"valueRequired\":true,\"valueName\":\"search_term_string\"}}],\"inLanguage\":\"en-US\"},{\"@type\":\"Organization\",\"@id\":\"https:\\\/\\\/www.mexicanguitarplayers.com\\\/#organization\",\"name\":\"Mexican Guitar Players\",\"url\":\"https:\\\/\\\/www.mexicanguitarplayers.com\\\/\",\"logo\":{\"@type\":\"ImageObject\",\"inLanguage\":\"en-US\",\"@id\":\"https:\\\/\\\/www.mexicanguitarplayers.com\\\/#\\\/schema\\\/logo\\\/image\\\/\",\"url\":\"\",\"contentUrl\":\"\",\"caption\":\"Mexican Guitar Players\"},\"image\":{\"@id\":\"https:\\\/\\\/www.mexicanguitarplayers.com\\\/#\\\/schema\\\/logo\\\/image\\\/\"}}]}<\/script>\n<!-- \/ Yoast SEO plugin. -->","yoast_head_json":{"title":"PASTILLA SD BRAZO GREEN MAGIC HB NECK - Mexican Guitar Players","description":"Pastilla humbucker pasiva para guitarra el\u00e9ctrica de 6 cuerdas, modelo Green Magic, posici\u00f3n: brazo, cableado: 4 cables blindado, im\u00e1n: alnico 2, resistencia: 7.7 kilo-ohms, im\u00e1n instalado al rev\u00e9s, claridad y gran expresividad, obt\u00e9n los tonos aut\u00e9nticos de la era dorada del blues rock con un toque sobrenatural.","robots":{"index":"index","follow":"follow","max-snippet":"max-snippet:-1","max-image-preview":"max-image-preview:large","max-video-preview":"max-video-preview:-1"},"canonical":"https:\/\/www.mexicanguitarplayers.com\/en\/tienda\/sin categor\u00eda\/pastilla-sd-brazo-green-magic-hb-neck\/","og_locale":"en_US","og_type":"article","og_title":"PASTILLA SD BRAZO GREEN MAGIC HB NECK - Mexican Guitar Players","og_description":"Pastilla humbucker pasiva para guitarra el\u00e9ctrica de 6 cuerdas, modelo Green Magic, posici\u00f3n: brazo, cableado: 4 cables blindado, im\u00e1n: alnico 2, resistencia: 7.7 kilo-ohms, im\u00e1n instalado al rev\u00e9s, claridad y gran expresividad, obt\u00e9n los tonos aut\u00e9nticos de la era dorada del blues rock con un toque sobrenatural.","og_url":"https:\/\/www.mexicanguitarplayers.com\/en\/tienda\/sin categor\u00eda\/pastilla-sd-brazo-green-magic-hb-neck\/","og_site_name":"Mexican Guitar Players","article_modified_time":"2026-05-01T13:17:00+00:00","twitter_card":"summary_large_image","twitter_misc":{"Est. reading time":"1 minute"},"schema":{"@context":"https:\/\/schema.org","@graph":[{"@type":["WebPage","ItemPage"],"@id":"https:\/\/www.mexicanguitarplayers.com\/tienda\/sin categor\u00eda\/pastilla-sd-brazo-green-magic-hb-neck\/","url":"https:\/\/www.mexicanguitarplayers.com\/tienda\/sin categor\u00eda\/pastilla-sd-brazo-green-magic-hb-neck\/","name":"PASTILLA SD BRAZO GREEN MAGIC HB NECK - Mexican Guitar Players","isPartOf":{"@id":"https:\/\/www.mexicanguitarplayers.com\/#website"},"primaryImageOfPage":{"@id":"https:\/\/www.mexicanguitarplayers.com\/tienda\/sin categor\u00eda\/pastilla-sd-brazo-green-magic-hb-neck\/#primaryimage"},"image":{"@id":"https:\/\/www.mexicanguitarplayers.com\/tienda\/sin categor\u00eda\/pastilla-sd-brazo-green-magic-hb-neck\/#primaryimage"},"thumbnailUrl":"https:\/\/www.mexicanguitarplayers.com\/wp-content\/uploads\/2025\/04\/RASEOGRNMGHBNE.jpg","datePublished":"2025-04-09T13:28:20+00:00","dateModified":"2026-05-01T13:17:00+00:00","description":"Pastilla humbucker pasiva para guitarra el\u00e9ctrica de 6 cuerdas, modelo Green Magic, posici\u00f3n: brazo, cableado: 4 cables blindado, im\u00e1n: alnico 2, resistencia: 7.7 kilo-ohms, im\u00e1n instalado al rev\u00e9s, claridad y gran expresividad, obt\u00e9n los tonos aut\u00e9nticos de la era dorada del blues rock con un toque sobrenatural.","breadcrumb":{"@id":"https:\/\/www.mexicanguitarplayers.com\/tienda\/sin categor\u00eda\/pastilla-sd-brazo-green-magic-hb-neck\/#breadcrumb"},"inLanguage":"en-US","potentialAction":[{"@type":"ReadAction","target":["https:\/\/www.mexicanguitarplayers.com\/tienda\/sin categor\u00eda\/pastilla-sd-brazo-green-magic-hb-neck\/"]}]},{"@type":"ImageObject","inLanguage":"en-US","@id":"https:\/\/www.mexicanguitarplayers.com\/tienda\/sin categor\u00eda\/pastilla-sd-brazo-green-magic-hb-neck\/#primaryimage","url":"https:\/\/www.mexicanguitarplayers.com\/wp-content\/uploads\/2025\/04\/RASEOGRNMGHBNE.jpg","contentUrl":"https:\/\/www.mexicanguitarplayers.com\/wp-content\/uploads\/2025\/04\/RASEOGRNMGHBNE.jpg","width":1200,"height":1200},{"@type":"BreadcrumbList","@id":"https:\/\/www.mexicanguitarplayers.com\/tienda\/sin categor\u00eda\/pastilla-sd-brazo-green-magic-hb-neck\/#breadcrumb","itemListElement":[{"@type":"ListItem","position":1,"name":"Portada","item":"https:\/\/www.mexicanguitarplayers.com\/"},{"@type":"ListItem","position":2,"name":"Tienda","item":"https:\/\/www.mexicanguitarplayers.com\/tienda\/"},{"@type":"ListItem","position":3,"name":"PASTILLA SD BRAZO GREEN MAGIC HB NECK"}]},{"@type":"WebSite","@id":"https:\/\/www.mexicanguitarplayers.com\/#website","url":"https:\/\/www.mexicanguitarplayers.com\/","name":"Mexican Guitar Players","description":"Website","publisher":{"@id":"https:\/\/www.mexicanguitarplayers.com\/#organization"},"potentialAction":[{"@type":"SearchAction","target":{"@type":"EntryPoint","urlTemplate":"https:\/\/www.mexicanguitarplayers.com\/?s={search_term_string}"},"query-input":{"@type":"PropertyValueSpecification","valueRequired":true,"valueName":"search_term_string"}}],"inLanguage":"en-US"},{"@type":"Organization","@id":"https:\/\/www.mexicanguitarplayers.com\/#organization","name":"Mexican Guitar Players","url":"https:\/\/www.mexicanguitarplayers.com\/","logo":{"@type":"ImageObject","inLanguage":"en-US","@id":"https:\/\/www.mexicanguitarplayers.com\/#\/schema\/logo\/image\/","url":"","contentUrl":"","caption":"Mexican Guitar Players"},"image":{"@id":"https:\/\/www.mexicanguitarplayers.com\/#\/schema\/logo\/image\/"}}]}},"brands":[{"id":502,"name":"SEYMOUR DUNCAN","slug":"seymour-duncan"}],"_links":{"self":[{"href":"https:\/\/www.mexicanguitarplayers.com\/en\/wp-json\/wp\/v2\/product\/41232","targetHints":{"allow":["GET"]}}],"collection":[{"href":"https:\/\/www.mexicanguitarplayers.com\/en\/wp-json\/wp\/v2\/product"}],"about":[{"href":"https:\/\/www.mexicanguitarplayers.com\/en\/wp-json\/wp\/v2\/types\/product"}],"replies":[{"embeddable":true,"href":"https:\/\/www.mexicanguitarplayers.com\/en\/wp-json\/wp\/v2\/comments?post=41232"}],"wp:featuredmedia":[{"embeddable":true,"href":"https:\/\/www.mexicanguitarplayers.com\/en\/wp-json\/wp\/v2\/media\/41227"}],"wp:attachment":[{"href":"https:\/\/www.mexicanguitarplayers.com\/en\/wp-json\/wp\/v2\/media?parent=41232"}],"wp:term":[{"taxonomy":"pwb-brand","embeddable":true,"href":"https:\/\/www.mexicanguitarplayers.com\/en\/wp-json\/wp\/v2\/pwb-brand?post=41232"},{"taxonomy":"product_brand","embeddable":true,"href":"https:\/\/www.mexicanguitarplayers.com\/en\/wp-json\/wp\/v2\/product_brand?post=41232"},{"taxonomy":"product_cat","embeddable":true,"href":"https:\/\/www.mexicanguitarplayers.com\/en\/wp-json\/wp\/v2\/product_cat?post=41232"},{"taxonomy":"product_tag","embeddable":true,"href":"https:\/\/www.mexicanguitarplayers.com\/en\/wp-json\/wp\/v2\/product_tag?post=41232"}],"curies":[{"name":"wp","href":"https:\/\/api.w.org\/{rel}","templated":true}]}}