{"id":41241,"date":"2025-04-09T07:28:32","date_gmt":"2025-04-09T13:28:32","guid":{"rendered":"https:\/\/www.mexicanguitarplayers.com\/tienda\/sin categor\u00eda\/platillo-meinl-22-mod-pa22ehr\/"},"modified":"2026-04-10T04:18:37","modified_gmt":"2026-04-10T10:18:37","slug":"platillo-meinl-22-mod-pa22ehr","status":"publish","type":"product","link":"https:\/\/www.mexicanguitarplayers.com\/en\/tienda\/percusiones\/platillos\/splashes\/platillo-meinl-22-mod-pa22ehr\/","title":{"rendered":"PLATILLO MEINL  22   MOD. PA22EHR"},"content":{"rendered":"<div style=\"text-align: justify\">\n<div>\n<h3>PLATILLO MEINL  22   MOD. PA22EHR<\/h3>\n<\/div>\n<div>El Pure Alloy Extra Hammered Ride es un platillo de peso medio desarrollado para una definici\u00f3n de baqueta clara y seca con un cuerpo c\u00e1lido y un sustento corto. El pronunciado ataque del palo tiene una articulaci\u00f3n rica y musical debido al martilleo adicional en todas partes y tambi\u00e9n produce una complejidad profunda debajo del palo. La combinaci\u00f3n \u00fanica de definici\u00f3n clara y una voz c\u00e1lida permite utilizar este platillo de paseo en una amplia variedad de aplicaciones musicales.<\/div>\n<div>\n<h4>Characteristics<\/h4>\n<\/div>\n<div>\n<ul style=\"margin: 0px 0px 0px 25px\">\n<li style=\"list-style-type: circle;margin: 5px\">Material:<\/li>\n<li style=\"list-style-type: circle;margin: 5px\">COMPATIBLE LIMPIEZA<\/li>\n<li style=\"list-style-type: circle;margin: 5px\">Formaci\u00f3n<\/li>\n<li style=\"list-style-type: circle;margin: 5px\">Paso:<\/li>\n<li style=\"list-style-type: circle;margin: 5px\">Timbre:<\/li>\n<li style=\"list-style-type: circle;margin: 5px\">Torno:<\/li>\n<li style=\"list-style-type: circle;margin: 5px\">Personaje:<\/li>\n<li style=\"list-style-type: circle;margin: 5px\">Volumen:<\/li>\n<li style=\"list-style-type: circle;margin: 5px\">Sostener:<\/li>\n<li style=\"list-style-type: circle;margin: 5px\">Characteristics:<\/li>\n<li style=\"list-style-type: circle;margin: 5px\">Tipo de platillo:<\/li>\n<li style=\"list-style-type: circle;margin: 5px\">Weight:<\/li>\n<li style=\"list-style-type: circle;margin: 5px\">Tama\u00f1o:<\/li>\n<\/ul>\n<\/div>\n<\/div>","protected":false},"excerpt":{"rendered":"<p>Este Pure Alloy Extra Hammered Ride de 22\u201d ha sido meticulosamente fabricado en Alemania con martilleo computarizado, asegurando una calidad excepcional y un sonido consistente. Su peso medio delgado y tama\u00f1o generoso lo hacen vers\u00e1til para una variedad de estilos musicales. Con un car\u00e1cter brillante y una claridad distintiva, este platillo ofrece un timbre medio oscuro y un volumen moderado a bajo, ideal para adaptarse a diversos entornos de interpretaci\u00f3n. Su precisi\u00f3n en el torno garantiza un rendimiento confiable, mientras que su sostenimiento medio a corto ofrece un control \u00f3ptimo. Fabricado con una aleaci\u00f3n pura y sometido a un martilleo computarizado de alta calidad, este platillo es f\u00e1cil de limpiar y mantener con productos especializados de Meinl. Es una opci\u00f3n sobresaliente para m\u00fasicos que buscan un sonido atemporal y una artesan\u00eda de primera clase en su equipo de percusi\u00f3n.&hellip; <a class=\"kt-excerpt-readmore more-link\" href=\"https:\/\/www.mexicanguitarplayers.com\/en\/tienda\/percusiones\/platillos\/splashes\/platillo-meinl-22-mod-pa22ehr\/\">Read more<\/a><\/p>","protected":false},"featured_media":41235,"comment_status":"open","ping_status":"closed","template":"","meta":{"kt_blocks_editor_width":""},"pwb-brand":[290],"product_brand":[],"product_cat":[208,260,293],"product_tag":[],"class_list":{"0":"post-41241","1":"product","2":"type-product","3":"status-publish","4":"has-post-thumbnail","6":"pwb-brand-meinl","7":"product_cat-percusiones","8":"product_cat-platillos","9":"product_cat-splashes","10":"product_shipping_class-0-5-kg","12":"first","13":"outofstock","14":"taxable","15":"shipping-taxable","16":"purchasable","17":"product-type-simple"},"yoast_head":"<!-- This site is optimized with the Yoast SEO plugin v27.6 - https:\/\/yoast.com\/product\/yoast-seo-wordpress\/ -->\n<title>PLATILLO MEINL 22  MOD. PA22EHR - Mexican Guitar Players<\/title>\n<meta name=\"description\" content=\"Este Pure Alloy Extra Hammered Ride de 22\u201d ha sido meticulosamente fabricado en Alemania con martilleo computarizado, asegurando una calidad excepcional y un sonido consistente. Su peso medio delgado y tama\u00f1o generoso lo hacen vers\u00e1til para una variedad de estilos musicales. Con un car\u00e1cter brillante y una claridad distintiva, este platillo ofrece un timbre medio oscuro y un volumen moderado a bajo, ideal para adaptarse a diversos entornos de interpretaci\u00f3n. Su precisi\u00f3n en el torno garantiza un rendimiento confiable, mientras que su sostenimiento medio a corto ofrece un control \u00f3ptimo. Fabricado con una aleaci\u00f3n pura y sometido a un martilleo computarizado de alta calidad, este platillo es f\u00e1cil de limpiar y mantener con productos especializados de Meinl. Es una opci\u00f3n sobresaliente para m\u00fasicos que buscan un sonido atemporal y una artesan\u00eda de primera clase en su equipo de percusi\u00f3n.\" \/>\n<meta name=\"robots\" content=\"index, follow, max-snippet:-1, max-image-preview:large, max-video-preview:-1\" \/>\n<link rel=\"canonical\" href=\"https:\/\/www.mexicanguitarplayers.com\/en\/tienda\/sin%20categor\u00eda\/platillo-meinl-22-mod-pa22ehr\/\" \/>\n<meta property=\"og:locale\" content=\"en_US\" \/>\n<meta property=\"og:type\" content=\"article\" \/>\n<meta property=\"og:title\" content=\"PLATILLO MEINL 22  MOD. PA22EHR - Mexican Guitar Players\" \/>\n<meta property=\"og:description\" content=\"Este Pure Alloy Extra Hammered Ride de 22\u201d ha sido meticulosamente fabricado en Alemania con martilleo computarizado, asegurando una calidad excepcional y un sonido consistente. Su peso medio delgado y tama\u00f1o generoso lo hacen vers\u00e1til para una variedad de estilos musicales. Con un car\u00e1cter brillante y una claridad distintiva, este platillo ofrece un timbre medio oscuro y un volumen moderado a bajo, ideal para adaptarse a diversos entornos de interpretaci\u00f3n. Su precisi\u00f3n en el torno garantiza un rendimiento confiable, mientras que su sostenimiento medio a corto ofrece un control \u00f3ptimo. Fabricado con una aleaci\u00f3n pura y sometido a un martilleo computarizado de alta calidad, este platillo es f\u00e1cil de limpiar y mantener con productos especializados de Meinl. Es una opci\u00f3n sobresaliente para m\u00fasicos que buscan un sonido atemporal y una artesan\u00eda de primera clase en su equipo de percusi\u00f3n.\" \/>\n<meta property=\"og:url\" content=\"https:\/\/www.mexicanguitarplayers.com\/en\/tienda\/sin categor\u00eda\/platillo-meinl-22-mod-pa22ehr\/\" \/>\n<meta property=\"og:site_name\" content=\"Mexican Guitar Players\" \/>\n<meta property=\"article:modified_time\" content=\"2026-04-10T10:18:37+00:00\" \/>\n<meta name=\"twitter:card\" content=\"summary_large_image\" \/>\n<meta name=\"twitter:label1\" content=\"Est. reading time\" \/>\n\t<meta name=\"twitter:data1\" content=\"1 minute\" \/>\n<script type=\"application\/ld+json\" class=\"yoast-schema-graph\">{\"@context\":\"https:\\\/\\\/schema.org\",\"@graph\":[{\"@type\":[\"WebPage\",\"ItemPage\"],\"@id\":\"https:\\\/\\\/www.mexicanguitarplayers.com\\\/tienda\\\/sin categor\u00eda\\\/platillo-meinl-22-mod-pa22ehr\\\/\",\"url\":\"https:\\\/\\\/www.mexicanguitarplayers.com\\\/tienda\\\/sin categor\u00eda\\\/platillo-meinl-22-mod-pa22ehr\\\/\",\"name\":\"PLATILLO MEINL 22 MOD. PA22EHR - Mexican Guitar Players\",\"isPartOf\":{\"@id\":\"https:\\\/\\\/www.mexicanguitarplayers.com\\\/#website\"},\"primaryImageOfPage\":{\"@id\":\"https:\\\/\\\/www.mexicanguitarplayers.com\\\/tienda\\\/sin categor\u00eda\\\/platillo-meinl-22-mod-pa22ehr\\\/#primaryimage\"},\"image\":{\"@id\":\"https:\\\/\\\/www.mexicanguitarplayers.com\\\/tienda\\\/sin categor\u00eda\\\/platillo-meinl-22-mod-pa22ehr\\\/#primaryimage\"},\"thumbnailUrl\":\"https:\\\/\\\/www.mexicanguitarplayers.com\\\/wp-content\\\/uploads\\\/2025\\\/04\\\/IPMEIPA22EHR.jpg\",\"datePublished\":\"2025-04-09T13:28:32+00:00\",\"dateModified\":\"2026-04-10T10:18:37+00:00\",\"description\":\"Este Pure Alloy Extra Hammered Ride de 22\u201d ha sido meticulosamente fabricado en Alemania con martilleo computarizado, asegurando una calidad excepcional y un sonido consistente. Su peso medio delgado y tama\u00f1o generoso lo hacen vers\u00e1til para una variedad de estilos musicales. Con un car\u00e1cter brillante y una claridad distintiva, este platillo ofrece un timbre medio oscuro y un volumen moderado a bajo, ideal para adaptarse a diversos entornos de interpretaci\u00f3n. Su precisi\u00f3n en el torno garantiza un rendimiento confiable, mientras que su sostenimiento medio a corto ofrece un control \u00f3ptimo. Fabricado con una aleaci\u00f3n pura y sometido a un martilleo computarizado de alta calidad, este platillo es f\u00e1cil de limpiar y mantener con productos especializados de Meinl. Es una opci\u00f3n sobresaliente para m\u00fasicos que buscan un sonido atemporal y una artesan\u00eda de primera clase en su equipo de percusi\u00f3n.\",\"breadcrumb\":{\"@id\":\"https:\\\/\\\/www.mexicanguitarplayers.com\\\/tienda\\\/sin categor\u00eda\\\/platillo-meinl-22-mod-pa22ehr\\\/#breadcrumb\"},\"inLanguage\":\"en-US\",\"potentialAction\":[{\"@type\":\"ReadAction\",\"target\":[\"https:\\\/\\\/www.mexicanguitarplayers.com\\\/tienda\\\/sin categor\u00eda\\\/platillo-meinl-22-mod-pa22ehr\\\/\"]}]},{\"@type\":\"ImageObject\",\"inLanguage\":\"en-US\",\"@id\":\"https:\\\/\\\/www.mexicanguitarplayers.com\\\/tienda\\\/sin categor\u00eda\\\/platillo-meinl-22-mod-pa22ehr\\\/#primaryimage\",\"url\":\"https:\\\/\\\/www.mexicanguitarplayers.com\\\/wp-content\\\/uploads\\\/2025\\\/04\\\/IPMEIPA22EHR.jpg\",\"contentUrl\":\"https:\\\/\\\/www.mexicanguitarplayers.com\\\/wp-content\\\/uploads\\\/2025\\\/04\\\/IPMEIPA22EHR.jpg\",\"width\":1200,\"height\":1200},{\"@type\":\"BreadcrumbList\",\"@id\":\"https:\\\/\\\/www.mexicanguitarplayers.com\\\/tienda\\\/sin categor\u00eda\\\/platillo-meinl-22-mod-pa22ehr\\\/#breadcrumb\",\"itemListElement\":[{\"@type\":\"ListItem\",\"position\":1,\"name\":\"Portada\",\"item\":\"https:\\\/\\\/www.mexicanguitarplayers.com\\\/\"},{\"@type\":\"ListItem\",\"position\":2,\"name\":\"Tienda\",\"item\":\"https:\\\/\\\/www.mexicanguitarplayers.com\\\/tienda\\\/\"},{\"@type\":\"ListItem\",\"position\":3,\"name\":\"PLATILLO MEINL 22 MOD. PA22EHR\"}]},{\"@type\":\"WebSite\",\"@id\":\"https:\\\/\\\/www.mexicanguitarplayers.com\\\/#website\",\"url\":\"https:\\\/\\\/www.mexicanguitarplayers.com\\\/\",\"name\":\"Mexican Guitar Players\",\"description\":\"Website\",\"publisher\":{\"@id\":\"https:\\\/\\\/www.mexicanguitarplayers.com\\\/#organization\"},\"potentialAction\":[{\"@type\":\"SearchAction\",\"target\":{\"@type\":\"EntryPoint\",\"urlTemplate\":\"https:\\\/\\\/www.mexicanguitarplayers.com\\\/?s={search_term_string}\"},\"query-input\":{\"@type\":\"PropertyValueSpecification\",\"valueRequired\":true,\"valueName\":\"search_term_string\"}}],\"inLanguage\":\"en-US\"},{\"@type\":\"Organization\",\"@id\":\"https:\\\/\\\/www.mexicanguitarplayers.com\\\/#organization\",\"name\":\"Mexican Guitar Players\",\"url\":\"https:\\\/\\\/www.mexicanguitarplayers.com\\\/\",\"logo\":{\"@type\":\"ImageObject\",\"inLanguage\":\"en-US\",\"@id\":\"https:\\\/\\\/www.mexicanguitarplayers.com\\\/#\\\/schema\\\/logo\\\/image\\\/\",\"url\":\"\",\"contentUrl\":\"\",\"caption\":\"Mexican Guitar Players\"},\"image\":{\"@id\":\"https:\\\/\\\/www.mexicanguitarplayers.com\\\/#\\\/schema\\\/logo\\\/image\\\/\"}}]}<\/script>\n<!-- \/ Yoast SEO plugin. -->","yoast_head_json":{"title":"PLATILLO MEINL 22  MOD. PA22EHR - Mexican Guitar Players","description":"Este Pure Alloy Extra Hammered Ride de 22\u201d ha sido meticulosamente fabricado en Alemania con martilleo computarizado, asegurando una calidad excepcional y un sonido consistente. Su peso medio delgado y tama\u00f1o generoso lo hacen vers\u00e1til para una variedad de estilos musicales. Con un car\u00e1cter brillante y una claridad distintiva, este platillo ofrece un timbre medio oscuro y un volumen moderado a bajo, ideal para adaptarse a diversos entornos de interpretaci\u00f3n. Su precisi\u00f3n en el torno garantiza un rendimiento confiable, mientras que su sostenimiento medio a corto ofrece un control \u00f3ptimo. Fabricado con una aleaci\u00f3n pura y sometido a un martilleo computarizado de alta calidad, este platillo es f\u00e1cil de limpiar y mantener con productos especializados de Meinl. Es una opci\u00f3n sobresaliente para m\u00fasicos que buscan un sonido atemporal y una artesan\u00eda de primera clase en su equipo de percusi\u00f3n.","robots":{"index":"index","follow":"follow","max-snippet":"max-snippet:-1","max-image-preview":"max-image-preview:large","max-video-preview":"max-video-preview:-1"},"canonical":"https:\/\/www.mexicanguitarplayers.com\/en\/tienda\/sin categor\u00eda\/platillo-meinl-22-mod-pa22ehr\/","og_locale":"en_US","og_type":"article","og_title":"PLATILLO MEINL 22  MOD. PA22EHR - Mexican Guitar Players","og_description":"Este Pure Alloy Extra Hammered Ride de 22\u201d ha sido meticulosamente fabricado en Alemania con martilleo computarizado, asegurando una calidad excepcional y un sonido consistente. Su peso medio delgado y tama\u00f1o generoso lo hacen vers\u00e1til para una variedad de estilos musicales. Con un car\u00e1cter brillante y una claridad distintiva, este platillo ofrece un timbre medio oscuro y un volumen moderado a bajo, ideal para adaptarse a diversos entornos de interpretaci\u00f3n. Su precisi\u00f3n en el torno garantiza un rendimiento confiable, mientras que su sostenimiento medio a corto ofrece un control \u00f3ptimo. Fabricado con una aleaci\u00f3n pura y sometido a un martilleo computarizado de alta calidad, este platillo es f\u00e1cil de limpiar y mantener con productos especializados de Meinl. Es una opci\u00f3n sobresaliente para m\u00fasicos que buscan un sonido atemporal y una artesan\u00eda de primera clase en su equipo de percusi\u00f3n.","og_url":"https:\/\/www.mexicanguitarplayers.com\/en\/tienda\/sin categor\u00eda\/platillo-meinl-22-mod-pa22ehr\/","og_site_name":"Mexican Guitar Players","article_modified_time":"2026-04-10T10:18:37+00:00","twitter_card":"summary_large_image","twitter_misc":{"Est. reading time":"1 minute"},"schema":{"@context":"https:\/\/schema.org","@graph":[{"@type":["WebPage","ItemPage"],"@id":"https:\/\/www.mexicanguitarplayers.com\/tienda\/sin categor\u00eda\/platillo-meinl-22-mod-pa22ehr\/","url":"https:\/\/www.mexicanguitarplayers.com\/tienda\/sin categor\u00eda\/platillo-meinl-22-mod-pa22ehr\/","name":"PLATILLO MEINL 22 MOD. PA22EHR - Mexican Guitar Players","isPartOf":{"@id":"https:\/\/www.mexicanguitarplayers.com\/#website"},"primaryImageOfPage":{"@id":"https:\/\/www.mexicanguitarplayers.com\/tienda\/sin categor\u00eda\/platillo-meinl-22-mod-pa22ehr\/#primaryimage"},"image":{"@id":"https:\/\/www.mexicanguitarplayers.com\/tienda\/sin categor\u00eda\/platillo-meinl-22-mod-pa22ehr\/#primaryimage"},"thumbnailUrl":"https:\/\/www.mexicanguitarplayers.com\/wp-content\/uploads\/2025\/04\/IPMEIPA22EHR.jpg","datePublished":"2025-04-09T13:28:32+00:00","dateModified":"2026-04-10T10:18:37+00:00","description":"Este Pure Alloy Extra Hammered Ride de 22\u201d ha sido meticulosamente fabricado en Alemania con martilleo computarizado, asegurando una calidad excepcional y un sonido consistente. Su peso medio delgado y tama\u00f1o generoso lo hacen vers\u00e1til para una variedad de estilos musicales. Con un car\u00e1cter brillante y una claridad distintiva, este platillo ofrece un timbre medio oscuro y un volumen moderado a bajo, ideal para adaptarse a diversos entornos de interpretaci\u00f3n. Su precisi\u00f3n en el torno garantiza un rendimiento confiable, mientras que su sostenimiento medio a corto ofrece un control \u00f3ptimo. Fabricado con una aleaci\u00f3n pura y sometido a un martilleo computarizado de alta calidad, este platillo es f\u00e1cil de limpiar y mantener con productos especializados de Meinl. Es una opci\u00f3n sobresaliente para m\u00fasicos que buscan un sonido atemporal y una artesan\u00eda de primera clase en su equipo de percusi\u00f3n.","breadcrumb":{"@id":"https:\/\/www.mexicanguitarplayers.com\/tienda\/sin categor\u00eda\/platillo-meinl-22-mod-pa22ehr\/#breadcrumb"},"inLanguage":"en-US","potentialAction":[{"@type":"ReadAction","target":["https:\/\/www.mexicanguitarplayers.com\/tienda\/sin categor\u00eda\/platillo-meinl-22-mod-pa22ehr\/"]}]},{"@type":"ImageObject","inLanguage":"en-US","@id":"https:\/\/www.mexicanguitarplayers.com\/tienda\/sin categor\u00eda\/platillo-meinl-22-mod-pa22ehr\/#primaryimage","url":"https:\/\/www.mexicanguitarplayers.com\/wp-content\/uploads\/2025\/04\/IPMEIPA22EHR.jpg","contentUrl":"https:\/\/www.mexicanguitarplayers.com\/wp-content\/uploads\/2025\/04\/IPMEIPA22EHR.jpg","width":1200,"height":1200},{"@type":"BreadcrumbList","@id":"https:\/\/www.mexicanguitarplayers.com\/tienda\/sin categor\u00eda\/platillo-meinl-22-mod-pa22ehr\/#breadcrumb","itemListElement":[{"@type":"ListItem","position":1,"name":"Portada","item":"https:\/\/www.mexicanguitarplayers.com\/"},{"@type":"ListItem","position":2,"name":"Tienda","item":"https:\/\/www.mexicanguitarplayers.com\/tienda\/"},{"@type":"ListItem","position":3,"name":"PLATILLO MEINL 22 MOD. PA22EHR"}]},{"@type":"WebSite","@id":"https:\/\/www.mexicanguitarplayers.com\/#website","url":"https:\/\/www.mexicanguitarplayers.com\/","name":"Mexican Guitar Players","description":"Website","publisher":{"@id":"https:\/\/www.mexicanguitarplayers.com\/#organization"},"potentialAction":[{"@type":"SearchAction","target":{"@type":"EntryPoint","urlTemplate":"https:\/\/www.mexicanguitarplayers.com\/?s={search_term_string}"},"query-input":{"@type":"PropertyValueSpecification","valueRequired":true,"valueName":"search_term_string"}}],"inLanguage":"en-US"},{"@type":"Organization","@id":"https:\/\/www.mexicanguitarplayers.com\/#organization","name":"Mexican Guitar Players","url":"https:\/\/www.mexicanguitarplayers.com\/","logo":{"@type":"ImageObject","inLanguage":"en-US","@id":"https:\/\/www.mexicanguitarplayers.com\/#\/schema\/logo\/image\/","url":"","contentUrl":"","caption":"Mexican Guitar Players"},"image":{"@id":"https:\/\/www.mexicanguitarplayers.com\/#\/schema\/logo\/image\/"}}]}},"brands":[{"id":290,"name":"MEINL","slug":"meinl"}],"_links":{"self":[{"href":"https:\/\/www.mexicanguitarplayers.com\/en\/wp-json\/wp\/v2\/product\/41241","targetHints":{"allow":["GET"]}}],"collection":[{"href":"https:\/\/www.mexicanguitarplayers.com\/en\/wp-json\/wp\/v2\/product"}],"about":[{"href":"https:\/\/www.mexicanguitarplayers.com\/en\/wp-json\/wp\/v2\/types\/product"}],"replies":[{"embeddable":true,"href":"https:\/\/www.mexicanguitarplayers.com\/en\/wp-json\/wp\/v2\/comments?post=41241"}],"wp:featuredmedia":[{"embeddable":true,"href":"https:\/\/www.mexicanguitarplayers.com\/en\/wp-json\/wp\/v2\/media\/41235"}],"wp:attachment":[{"href":"https:\/\/www.mexicanguitarplayers.com\/en\/wp-json\/wp\/v2\/media?parent=41241"}],"wp:term":[{"taxonomy":"pwb-brand","embeddable":true,"href":"https:\/\/www.mexicanguitarplayers.com\/en\/wp-json\/wp\/v2\/pwb-brand?post=41241"},{"taxonomy":"product_brand","embeddable":true,"href":"https:\/\/www.mexicanguitarplayers.com\/en\/wp-json\/wp\/v2\/product_brand?post=41241"},{"taxonomy":"product_cat","embeddable":true,"href":"https:\/\/www.mexicanguitarplayers.com\/en\/wp-json\/wp\/v2\/product_cat?post=41241"},{"taxonomy":"product_tag","embeddable":true,"href":"https:\/\/www.mexicanguitarplayers.com\/en\/wp-json\/wp\/v2\/product_tag?post=41241"}],"curies":[{"name":"wp","href":"https:\/\/api.w.org\/{rel}","templated":true}]}}