{"id":41247,"date":"2025-04-09T07:28:40","date_gmt":"2025-04-09T13:28:40","guid":{"rendered":"https:\/\/www.mexicanguitarplayers.com\/tienda\/sin categor\u00eda\/amplificador-blackstar-p-gtr-ht-club-50h-mkiii\/"},"modified":"2026-04-15T04:15:56","modified_gmt":"2026-04-15T10:15:56","slug":"amplificador-blackstar-p-gtr-ht-club-50h-mkiii","status":"publish","type":"product","link":"https:\/\/www.mexicanguitarplayers.com\/en\/tienda\/audio\/bafles-y-bocinas\/bafles\/bafles-activos\/amplificador-blackstar-p-gtr-ht-club-50h-mkiii\/","title":{"rendered":"AMPLIFICADOR BLACKSTAR P\/GTR   HT CLUB 50H MKIII"},"content":{"rendered":"<div style=\"text-align: justify\">\n<div>\n<h3>HT Club 50H MKIII<\/h3>\n<\/div>\n<div>El HT Club 50 MK III ofrece el mismo conjunto de funciones que el combo HT Club 40 MK III en un formato de cabezal compacto y port\u00e1til. Este cabezal de dos canales y 4 voces con su funci\u00f3n de reducci\u00f3n de potencia se siente igualmente como en casa en una sala de ensayo, un estudio o un lugar del tama\u00f1o de un club. Con el control ISF patentado, canales limpios y overdrive que van desde el &#8216;crunch cl\u00e1sico&#8217; hasta el &#8216;solista s\u00faper saturado&#8217;, el cabezal HT Club 50 es realmente el amplificador definitivo para el guitarrista que toca.<\/div>\n<div>\n<h4>Characteristics<\/h4>\n<\/div>\n<div>\n<ul style=\"margin: 0px 0px 0px 25px\">\n<li style=\"list-style-type: circle;margin: 5px\">VATIOS<\/li>\n<li style=\"list-style-type: circle;margin: 5px\">VALVULAS<\/li>\n<li style=\"list-style-type: circle;margin: 5px\">CANALES\/VOCES <\/li>\n<li style=\"list-style-type: circle;margin: 5px\">CONMUTABLE POR PEDAL<\/li>\n<li style=\"list-style-type: circle;margin: 5px\">REDUCCI\u00d3N DE POTENCIA<\/li>\n<li style=\"list-style-type: circle;margin: 5px\">PONENTES<\/li>\n<li style=\"list-style-type: circle;margin: 5px\">REVERBERACI\u00d3N <\/li>\n<li style=\"list-style-type: circle;margin: 5px\">SALIDA EMULADA DE ALTAVOZ<\/li>\n<li style=\"list-style-type: circle;margin: 5px\">BUCLE DE EFECTOS<\/li>\n<li style=\"list-style-type: circle;margin: 5px\">GRABACI\u00d3N USB<\/li>\n<li style=\"list-style-type: circle;margin: 5px\">CONTROLADOR DE PIE INCLUIDO<\/li>\n<li style=\"list-style-type: circle;margin: 5px\">PESO<\/li>\n<li style=\"list-style-type: circle;margin: 5px\">DIMENSIONES<\/li>\n<\/ul>\n<\/div>\n<\/div>","protected":false},"excerpt":{"rendered":"<p>El cabezal de v\u00e1lvula HT Club 50 MK III de Blackstar ofrece una versatilidad excepcional en un formato compacto y port\u00e1til. Con 50W de potencia, dos canales y cuatro voces conmutables por pedal, este cabezal proporciona una amplia gama de tonos, desde limpios boutique hasta overdrive de alta ganancia. Equipado con v\u00e1lvulas ECC83 y EL34, junto con la funci\u00f3n patentada ISF para una modelaci\u00f3n tonal precisa, este cabezal ofrece una din\u00e1mica excepcional y una respuesta tonal \u00fanica. La funci\u00f3n de reducci\u00f3n de potencia permite una mayor flexibilidad, mientras que caracter\u00edsticas como la salida emulada de altavoz para grabaci\u00f3n y el controlador de pie incluido hacen del HT Club 50 MK III el amplificador definitivo para m\u00fasicos que buscan calidad y portabilidad.&hellip; <a class=\"kt-excerpt-readmore more-link\" href=\"https:\/\/www.mexicanguitarplayers.com\/en\/tienda\/audio\/bafles-y-bocinas\/bafles\/bafles-activos\/amplificador-blackstar-p-gtr-ht-club-50h-mkiii\/\">Read more<\/a><\/p>","protected":false},"featured_media":41242,"comment_status":"open","ping_status":"closed","template":"","meta":{"kt_blocks_editor_width":""},"pwb-brand":[172],"product_brand":[],"product_cat":[213,222,472,221],"product_tag":[],"class_list":{"0":"post-41247","1":"product","2":"type-product","3":"status-publish","4":"has-post-thumbnail","6":"pwb-brand-blackstar","7":"product_cat-audio","8":"product_cat-bafles","9":"product_cat-bafles-activos","10":"product_cat-bafles-y-bocinas","11":"product_shipping_class-15-20-kg","13":"first","14":"instock","15":"taxable","16":"shipping-taxable","17":"purchasable","18":"product-type-simple"},"yoast_head":"<!-- This site is optimized with the Yoast SEO plugin v27.5 - https:\/\/yoast.com\/product\/yoast-seo-wordpress\/ -->\n<title>AMPLIFICADOR BLACKSTAR P\/GTR  HT CLUB 50H MKIII - Mexican Guitar Players<\/title>\n<meta name=\"description\" content=\"El cabezal de v\u00e1lvula HT Club 50 MK III de Blackstar ofrece una versatilidad excepcional en un formato compacto y port\u00e1til. Con 50W de potencia, dos canales y cuatro voces conmutables por pedal, este cabezal proporciona una amplia gama de tonos, desde limpios boutique hasta overdrive de alta ganancia. Equipado con v\u00e1lvulas ECC83 y EL34, junto con la funci\u00f3n patentada ISF para una modelaci\u00f3n tonal precisa, este cabezal ofrece una din\u00e1mica excepcional y una respuesta tonal \u00fanica. La funci\u00f3n de reducci\u00f3n de potencia permite una mayor flexibilidad, mientras que caracter\u00edsticas como la salida emulada de altavoz para grabaci\u00f3n y el controlador de pie incluido hacen del HT Club 50 MK III el amplificador definitivo para m\u00fasicos que buscan calidad y portabilidad.\" \/>\n<meta name=\"robots\" content=\"index, follow, max-snippet:-1, max-image-preview:large, max-video-preview:-1\" \/>\n<link rel=\"canonical\" href=\"https:\/\/www.mexicanguitarplayers.com\/en\/tienda\/sin%20categor\u00eda\/amplificador-blackstar-p-gtr-ht-club-50h-mkiii\/\" \/>\n<meta property=\"og:locale\" content=\"en_US\" \/>\n<meta property=\"og:type\" content=\"article\" \/>\n<meta property=\"og:title\" content=\"AMPLIFICADOR BLACKSTAR P\/GTR  HT CLUB 50H MKIII - Mexican Guitar Players\" \/>\n<meta property=\"og:description\" content=\"El cabezal de v\u00e1lvula HT Club 50 MK III de Blackstar ofrece una versatilidad excepcional en un formato compacto y port\u00e1til. Con 50W de potencia, dos canales y cuatro voces conmutables por pedal, este cabezal proporciona una amplia gama de tonos, desde limpios boutique hasta overdrive de alta ganancia. Equipado con v\u00e1lvulas ECC83 y EL34, junto con la funci\u00f3n patentada ISF para una modelaci\u00f3n tonal precisa, este cabezal ofrece una din\u00e1mica excepcional y una respuesta tonal \u00fanica. La funci\u00f3n de reducci\u00f3n de potencia permite una mayor flexibilidad, mientras que caracter\u00edsticas como la salida emulada de altavoz para grabaci\u00f3n y el controlador de pie incluido hacen del HT Club 50 MK III el amplificador definitivo para m\u00fasicos que buscan calidad y portabilidad.\" \/>\n<meta property=\"og:url\" content=\"https:\/\/www.mexicanguitarplayers.com\/en\/tienda\/sin categor\u00eda\/amplificador-blackstar-p-gtr-ht-club-50h-mkiii\/\" \/>\n<meta property=\"og:site_name\" content=\"Mexican Guitar Players\" \/>\n<meta property=\"article:modified_time\" content=\"2026-04-15T10:15:56+00:00\" \/>\n<meta name=\"twitter:card\" content=\"summary_large_image\" \/>\n<meta name=\"twitter:label1\" content=\"Est. reading time\" \/>\n\t<meta name=\"twitter:data1\" content=\"1 minute\" \/>\n<script type=\"application\/ld+json\" class=\"yoast-schema-graph\">{\"@context\":\"https:\\\/\\\/schema.org\",\"@graph\":[{\"@type\":[\"WebPage\",\"ItemPage\"],\"@id\":\"https:\\\/\\\/www.mexicanguitarplayers.com\\\/tienda\\\/sin categor\u00eda\\\/amplificador-blackstar-p-gtr-ht-club-50h-mkiii\\\/\",\"url\":\"https:\\\/\\\/www.mexicanguitarplayers.com\\\/tienda\\\/sin categor\u00eda\\\/amplificador-blackstar-p-gtr-ht-club-50h-mkiii\\\/\",\"name\":\"AMPLIFICADOR BLACKSTAR P\\\/GTR HT CLUB 50H MKIII - Mexican Guitar Players\",\"isPartOf\":{\"@id\":\"https:\\\/\\\/www.mexicanguitarplayers.com\\\/#website\"},\"primaryImageOfPage\":{\"@id\":\"https:\\\/\\\/www.mexicanguitarplayers.com\\\/tienda\\\/sin categor\u00eda\\\/amplificador-blackstar-p-gtr-ht-club-50h-mkiii\\\/#primaryimage\"},\"image\":{\"@id\":\"https:\\\/\\\/www.mexicanguitarplayers.com\\\/tienda\\\/sin categor\u00eda\\\/amplificador-blackstar-p-gtr-ht-club-50h-mkiii\\\/#primaryimage\"},\"thumbnailUrl\":\"https:\\\/\\\/www.mexicanguitarplayers.com\\\/wp-content\\\/uploads\\\/2025\\\/04\\\/ICBLSHTV50MK3.jpg\",\"datePublished\":\"2025-04-09T13:28:40+00:00\",\"dateModified\":\"2026-04-15T10:15:56+00:00\",\"description\":\"El cabezal de v\u00e1lvula HT Club 50 MK III de Blackstar ofrece una versatilidad excepcional en un formato compacto y port\u00e1til. Con 50W de potencia, dos canales y cuatro voces conmutables por pedal, este cabezal proporciona una amplia gama de tonos, desde limpios boutique hasta overdrive de alta ganancia. Equipado con v\u00e1lvulas ECC83 y EL34, junto con la funci\u00f3n patentada ISF para una modelaci\u00f3n tonal precisa, este cabezal ofrece una din\u00e1mica excepcional y una respuesta tonal \u00fanica. La funci\u00f3n de reducci\u00f3n de potencia permite una mayor flexibilidad, mientras que caracter\u00edsticas como la salida emulada de altavoz para grabaci\u00f3n y el controlador de pie incluido hacen del HT Club 50 MK III el amplificador definitivo para m\u00fasicos que buscan calidad y portabilidad.\",\"breadcrumb\":{\"@id\":\"https:\\\/\\\/www.mexicanguitarplayers.com\\\/tienda\\\/sin categor\u00eda\\\/amplificador-blackstar-p-gtr-ht-club-50h-mkiii\\\/#breadcrumb\"},\"inLanguage\":\"en-US\",\"potentialAction\":[{\"@type\":\"ReadAction\",\"target\":[\"https:\\\/\\\/www.mexicanguitarplayers.com\\\/tienda\\\/sin categor\u00eda\\\/amplificador-blackstar-p-gtr-ht-club-50h-mkiii\\\/\"]}]},{\"@type\":\"ImageObject\",\"inLanguage\":\"en-US\",\"@id\":\"https:\\\/\\\/www.mexicanguitarplayers.com\\\/tienda\\\/sin categor\u00eda\\\/amplificador-blackstar-p-gtr-ht-club-50h-mkiii\\\/#primaryimage\",\"url\":\"https:\\\/\\\/www.mexicanguitarplayers.com\\\/wp-content\\\/uploads\\\/2025\\\/04\\\/ICBLSHTV50MK3.jpg\",\"contentUrl\":\"https:\\\/\\\/www.mexicanguitarplayers.com\\\/wp-content\\\/uploads\\\/2025\\\/04\\\/ICBLSHTV50MK3.jpg\",\"width\":1200,\"height\":1200},{\"@type\":\"BreadcrumbList\",\"@id\":\"https:\\\/\\\/www.mexicanguitarplayers.com\\\/tienda\\\/sin categor\u00eda\\\/amplificador-blackstar-p-gtr-ht-club-50h-mkiii\\\/#breadcrumb\",\"itemListElement\":[{\"@type\":\"ListItem\",\"position\":1,\"name\":\"Portada\",\"item\":\"https:\\\/\\\/www.mexicanguitarplayers.com\\\/\"},{\"@type\":\"ListItem\",\"position\":2,\"name\":\"Tienda\",\"item\":\"https:\\\/\\\/www.mexicanguitarplayers.com\\\/tienda\\\/\"},{\"@type\":\"ListItem\",\"position\":3,\"name\":\"AMPLIFICADOR BLACKSTAR P\\\/GTR HT CLUB 50H MKIII\"}]},{\"@type\":\"WebSite\",\"@id\":\"https:\\\/\\\/www.mexicanguitarplayers.com\\\/#website\",\"url\":\"https:\\\/\\\/www.mexicanguitarplayers.com\\\/\",\"name\":\"Mexican Guitar Players\",\"description\":\"Website\",\"publisher\":{\"@id\":\"https:\\\/\\\/www.mexicanguitarplayers.com\\\/#organization\"},\"potentialAction\":[{\"@type\":\"SearchAction\",\"target\":{\"@type\":\"EntryPoint\",\"urlTemplate\":\"https:\\\/\\\/www.mexicanguitarplayers.com\\\/?s={search_term_string}\"},\"query-input\":{\"@type\":\"PropertyValueSpecification\",\"valueRequired\":true,\"valueName\":\"search_term_string\"}}],\"inLanguage\":\"en-US\"},{\"@type\":\"Organization\",\"@id\":\"https:\\\/\\\/www.mexicanguitarplayers.com\\\/#organization\",\"name\":\"Mexican Guitar Players\",\"url\":\"https:\\\/\\\/www.mexicanguitarplayers.com\\\/\",\"logo\":{\"@type\":\"ImageObject\",\"inLanguage\":\"en-US\",\"@id\":\"https:\\\/\\\/www.mexicanguitarplayers.com\\\/#\\\/schema\\\/logo\\\/image\\\/\",\"url\":\"\",\"contentUrl\":\"\",\"caption\":\"Mexican Guitar Players\"},\"image\":{\"@id\":\"https:\\\/\\\/www.mexicanguitarplayers.com\\\/#\\\/schema\\\/logo\\\/image\\\/\"}}]}<\/script>\n<!-- \/ Yoast SEO plugin. -->","yoast_head_json":{"title":"AMPLIFICADOR BLACKSTAR P\/GTR  HT CLUB 50H MKIII - Mexican Guitar Players","description":"El cabezal de v\u00e1lvula HT Club 50 MK III de Blackstar ofrece una versatilidad excepcional en un formato compacto y port\u00e1til. Con 50W de potencia, dos canales y cuatro voces conmutables por pedal, este cabezal proporciona una amplia gama de tonos, desde limpios boutique hasta overdrive de alta ganancia. Equipado con v\u00e1lvulas ECC83 y EL34, junto con la funci\u00f3n patentada ISF para una modelaci\u00f3n tonal precisa, este cabezal ofrece una din\u00e1mica excepcional y una respuesta tonal \u00fanica. La funci\u00f3n de reducci\u00f3n de potencia permite una mayor flexibilidad, mientras que caracter\u00edsticas como la salida emulada de altavoz para grabaci\u00f3n y el controlador de pie incluido hacen del HT Club 50 MK III el amplificador definitivo para m\u00fasicos que buscan calidad y portabilidad.","robots":{"index":"index","follow":"follow","max-snippet":"max-snippet:-1","max-image-preview":"max-image-preview:large","max-video-preview":"max-video-preview:-1"},"canonical":"https:\/\/www.mexicanguitarplayers.com\/en\/tienda\/sin categor\u00eda\/amplificador-blackstar-p-gtr-ht-club-50h-mkiii\/","og_locale":"en_US","og_type":"article","og_title":"AMPLIFICADOR BLACKSTAR P\/GTR  HT CLUB 50H MKIII - Mexican Guitar Players","og_description":"El cabezal de v\u00e1lvula HT Club 50 MK III de Blackstar ofrece una versatilidad excepcional en un formato compacto y port\u00e1til. Con 50W de potencia, dos canales y cuatro voces conmutables por pedal, este cabezal proporciona una amplia gama de tonos, desde limpios boutique hasta overdrive de alta ganancia. Equipado con v\u00e1lvulas ECC83 y EL34, junto con la funci\u00f3n patentada ISF para una modelaci\u00f3n tonal precisa, este cabezal ofrece una din\u00e1mica excepcional y una respuesta tonal \u00fanica. La funci\u00f3n de reducci\u00f3n de potencia permite una mayor flexibilidad, mientras que caracter\u00edsticas como la salida emulada de altavoz para grabaci\u00f3n y el controlador de pie incluido hacen del HT Club 50 MK III el amplificador definitivo para m\u00fasicos que buscan calidad y portabilidad.","og_url":"https:\/\/www.mexicanguitarplayers.com\/en\/tienda\/sin categor\u00eda\/amplificador-blackstar-p-gtr-ht-club-50h-mkiii\/","og_site_name":"Mexican Guitar Players","article_modified_time":"2026-04-15T10:15:56+00:00","twitter_card":"summary_large_image","twitter_misc":{"Est. reading time":"1 minute"},"schema":{"@context":"https:\/\/schema.org","@graph":[{"@type":["WebPage","ItemPage"],"@id":"https:\/\/www.mexicanguitarplayers.com\/tienda\/sin categor\u00eda\/amplificador-blackstar-p-gtr-ht-club-50h-mkiii\/","url":"https:\/\/www.mexicanguitarplayers.com\/tienda\/sin categor\u00eda\/amplificador-blackstar-p-gtr-ht-club-50h-mkiii\/","name":"AMPLIFICADOR BLACKSTAR P\/GTR HT CLUB 50H MKIII - Mexican Guitar Players","isPartOf":{"@id":"https:\/\/www.mexicanguitarplayers.com\/#website"},"primaryImageOfPage":{"@id":"https:\/\/www.mexicanguitarplayers.com\/tienda\/sin categor\u00eda\/amplificador-blackstar-p-gtr-ht-club-50h-mkiii\/#primaryimage"},"image":{"@id":"https:\/\/www.mexicanguitarplayers.com\/tienda\/sin categor\u00eda\/amplificador-blackstar-p-gtr-ht-club-50h-mkiii\/#primaryimage"},"thumbnailUrl":"https:\/\/www.mexicanguitarplayers.com\/wp-content\/uploads\/2025\/04\/ICBLSHTV50MK3.jpg","datePublished":"2025-04-09T13:28:40+00:00","dateModified":"2026-04-15T10:15:56+00:00","description":"El cabezal de v\u00e1lvula HT Club 50 MK III de Blackstar ofrece una versatilidad excepcional en un formato compacto y port\u00e1til. Con 50W de potencia, dos canales y cuatro voces conmutables por pedal, este cabezal proporciona una amplia gama de tonos, desde limpios boutique hasta overdrive de alta ganancia. Equipado con v\u00e1lvulas ECC83 y EL34, junto con la funci\u00f3n patentada ISF para una modelaci\u00f3n tonal precisa, este cabezal ofrece una din\u00e1mica excepcional y una respuesta tonal \u00fanica. La funci\u00f3n de reducci\u00f3n de potencia permite una mayor flexibilidad, mientras que caracter\u00edsticas como la salida emulada de altavoz para grabaci\u00f3n y el controlador de pie incluido hacen del HT Club 50 MK III el amplificador definitivo para m\u00fasicos que buscan calidad y portabilidad.","breadcrumb":{"@id":"https:\/\/www.mexicanguitarplayers.com\/tienda\/sin categor\u00eda\/amplificador-blackstar-p-gtr-ht-club-50h-mkiii\/#breadcrumb"},"inLanguage":"en-US","potentialAction":[{"@type":"ReadAction","target":["https:\/\/www.mexicanguitarplayers.com\/tienda\/sin categor\u00eda\/amplificador-blackstar-p-gtr-ht-club-50h-mkiii\/"]}]},{"@type":"ImageObject","inLanguage":"en-US","@id":"https:\/\/www.mexicanguitarplayers.com\/tienda\/sin categor\u00eda\/amplificador-blackstar-p-gtr-ht-club-50h-mkiii\/#primaryimage","url":"https:\/\/www.mexicanguitarplayers.com\/wp-content\/uploads\/2025\/04\/ICBLSHTV50MK3.jpg","contentUrl":"https:\/\/www.mexicanguitarplayers.com\/wp-content\/uploads\/2025\/04\/ICBLSHTV50MK3.jpg","width":1200,"height":1200},{"@type":"BreadcrumbList","@id":"https:\/\/www.mexicanguitarplayers.com\/tienda\/sin categor\u00eda\/amplificador-blackstar-p-gtr-ht-club-50h-mkiii\/#breadcrumb","itemListElement":[{"@type":"ListItem","position":1,"name":"Portada","item":"https:\/\/www.mexicanguitarplayers.com\/"},{"@type":"ListItem","position":2,"name":"Tienda","item":"https:\/\/www.mexicanguitarplayers.com\/tienda\/"},{"@type":"ListItem","position":3,"name":"AMPLIFICADOR BLACKSTAR P\/GTR HT CLUB 50H MKIII"}]},{"@type":"WebSite","@id":"https:\/\/www.mexicanguitarplayers.com\/#website","url":"https:\/\/www.mexicanguitarplayers.com\/","name":"Mexican Guitar Players","description":"Website","publisher":{"@id":"https:\/\/www.mexicanguitarplayers.com\/#organization"},"potentialAction":[{"@type":"SearchAction","target":{"@type":"EntryPoint","urlTemplate":"https:\/\/www.mexicanguitarplayers.com\/?s={search_term_string}"},"query-input":{"@type":"PropertyValueSpecification","valueRequired":true,"valueName":"search_term_string"}}],"inLanguage":"en-US"},{"@type":"Organization","@id":"https:\/\/www.mexicanguitarplayers.com\/#organization","name":"Mexican Guitar Players","url":"https:\/\/www.mexicanguitarplayers.com\/","logo":{"@type":"ImageObject","inLanguage":"en-US","@id":"https:\/\/www.mexicanguitarplayers.com\/#\/schema\/logo\/image\/","url":"","contentUrl":"","caption":"Mexican Guitar Players"},"image":{"@id":"https:\/\/www.mexicanguitarplayers.com\/#\/schema\/logo\/image\/"}}]}},"brands":[{"id":172,"name":"BLACKSTAR","slug":"blackstar"}],"_links":{"self":[{"href":"https:\/\/www.mexicanguitarplayers.com\/en\/wp-json\/wp\/v2\/product\/41247","targetHints":{"allow":["GET"]}}],"collection":[{"href":"https:\/\/www.mexicanguitarplayers.com\/en\/wp-json\/wp\/v2\/product"}],"about":[{"href":"https:\/\/www.mexicanguitarplayers.com\/en\/wp-json\/wp\/v2\/types\/product"}],"replies":[{"embeddable":true,"href":"https:\/\/www.mexicanguitarplayers.com\/en\/wp-json\/wp\/v2\/comments?post=41247"}],"wp:featuredmedia":[{"embeddable":true,"href":"https:\/\/www.mexicanguitarplayers.com\/en\/wp-json\/wp\/v2\/media\/41242"}],"wp:attachment":[{"href":"https:\/\/www.mexicanguitarplayers.com\/en\/wp-json\/wp\/v2\/media?parent=41247"}],"wp:term":[{"taxonomy":"pwb-brand","embeddable":true,"href":"https:\/\/www.mexicanguitarplayers.com\/en\/wp-json\/wp\/v2\/pwb-brand?post=41247"},{"taxonomy":"product_brand","embeddable":true,"href":"https:\/\/www.mexicanguitarplayers.com\/en\/wp-json\/wp\/v2\/product_brand?post=41247"},{"taxonomy":"product_cat","embeddable":true,"href":"https:\/\/www.mexicanguitarplayers.com\/en\/wp-json\/wp\/v2\/product_cat?post=41247"},{"taxonomy":"product_tag","embeddable":true,"href":"https:\/\/www.mexicanguitarplayers.com\/en\/wp-json\/wp\/v2\/product_tag?post=41247"}],"curies":[{"name":"wp","href":"https:\/\/api.w.org\/{rel}","templated":true}]}}