{"id":41271,"date":"2025-04-09T07:29:15","date_gmt":"2025-04-09T13:29:15","guid":{"rendered":"https:\/\/www.mexicanguitarplayers.com\/tienda\/sin categor\u00eda\/combo-cruzer-p-guitarra-mod-cr-50rg\/"},"modified":"2025-04-09T07:29:15","modified_gmt":"2025-04-09T13:29:15","slug":"combo-cruzer-p-guitarra-mod-cr-50rg","status":"publish","type":"product","link":"https:\/\/www.mexicanguitarplayers.com\/en\/tienda\/cuerdas\/combos\/combos-para-guitarra\/combo-cruzer-p-guitarra-mod-cr-50rg\/","title":{"rendered":"COMBO CRUZER  P\/GUITARRA  MOD. CR-50RG"},"content":{"rendered":"<div style=\"text-align: justify\">\n<div>\n<h3>Potencia absoluta en tu combo.<\/h3>\n<\/div>\n<div>Con el  CR-50RG combo para guitarra de Cruizer, seas principiante o  avanzado tendr\u00e1s  la potencia que  estas  buscando,segurao la encontraras en tu   CR-50RG,  50W puros. Funcional para practicas personales y ensayos en lugares peque\u00f1os. Brillo, definici\u00f3n y nitidez en cualquiera de tus ejecuciones y lo  mejor es que no hallar\u00e1s saturaci\u00f3n cuando tienes activada la distorsi\u00f3n y obtendr\u00e1s a\u00fan m\u00e1s brillo con la reverberaci\u00f3n integrada. Fidelidad en cada nota, en cada ritmo, en cada pieza, en cada solo. Ideal para cualquier g\u00e9nero, definici\u00f3n perfecta segundo a segundo. F\u00e1cil de transportar. Combos para bajo y guitarra el\u00e9ctrica, guitarras ac\u00fasticas y bajos. Pedales de efectos y afinadores de gran calidad y precisi\u00f3n, todo con el respaldo de Cruzer Guitars. <\/div>\n<div>\n<h4>Quick look<\/h4>\n<\/div>\n<ul style=\"margin: 0px 0px 0px 25px\">\n<li style=\"list-style-type: circle;margin: 5px\">Canal de distorsi\u00f3n.<\/li>\n<li style=\"list-style-type: circle;margin: 5px\">Entrada para aud\u00edfonos. <\/li>\n<\/ul>\n<div>\n<div style=\"font-weight: bold\">Canal de distorsi\u00f3n.<\/div>\n<div>\n<p> Es eficiente para acompa\u00f1amientos y solos corpulentos, ideal para el blues y el Rock cl\u00e1sico. Te otorgara potencia sin saturaci\u00f3n ni ruidos a tus ejecuciones.<\/p>\n<\/div>\n<div style=\"font-weight: bold\">Entrada para aud\u00edfonos. <\/div>\n<div>\n<p>La entrada  para aud\u00edfonos es sumamente \u00fatil para la pr\u00e1ctica personal o verificar  a detalle efectos externos, riff imprecisos y frases. <\/p>\n<\/div>\n<\/div>\n<div>\n<h4>Characteristics<\/h4>\n<\/div>\n<div>\n<ul style=\"margin: 0px 0px 0px 25px\">\n<li style=\"list-style-type: circle;margin: 5px\">Efecto de reverberaci\u00f3n integrado.<\/li>\n<\/ul>\n<\/div>\n<\/div>","protected":false},"excerpt":{"rendered":"<p>Amplificador para gutarra CR-50RG 50 Watts rms,1 entrada, volumen maestro,reverberaci\u00f3n, entrada para aud\u00edfonos y drive.&hellip; <a class=\"kt-excerpt-readmore more-link\" href=\"https:\/\/www.mexicanguitarplayers.com\/en\/tienda\/cuerdas\/combos\/combos-para-guitarra\/combo-cruzer-p-guitarra-mod-cr-50rg\/\">Read more<\/a><\/p>","protected":false},"featured_media":41270,"comment_status":"open","ping_status":"closed","template":"","meta":{"kt_blocks_editor_width":""},"pwb-brand":[259],"product_brand":[],"product_cat":[236,237,224],"product_tag":[],"class_list":{"0":"post-41271","1":"product","2":"type-product","3":"status-publish","4":"has-post-thumbnail","6":"pwb-brand-cruzer","7":"product_cat-combos","8":"product_cat-combos-para-guitarra","9":"product_cat-cuerdas","10":"product_shipping_class-15-20-kg","12":"first","13":"outofstock","14":"taxable","15":"shipping-taxable","16":"purchasable","17":"product-type-simple"},"yoast_head":"<!-- This site is optimized with the Yoast SEO plugin v27.3 - https:\/\/yoast.com\/product\/yoast-seo-wordpress\/ -->\n<title>COMBO CRUZER P\/GUITARRA MOD. CR-50RG - Mexican Guitar Players<\/title>\n<meta name=\"description\" content=\"Amplificador para gutarra CR-50RG 50 Watts rms,1 entrada, volumen maestro,reverberaci\u00f3n, entrada para aud\u00edfonos y drive.\" \/>\n<meta name=\"robots\" content=\"index, follow, max-snippet:-1, max-image-preview:large, max-video-preview:-1\" \/>\n<link rel=\"canonical\" href=\"https:\/\/www.mexicanguitarplayers.com\/en\/tienda\/sin%20categor\u00eda\/combo-cruzer-p-guitarra-mod-cr-50rg\/\" \/>\n<meta property=\"og:locale\" content=\"en_US\" \/>\n<meta property=\"og:type\" content=\"article\" \/>\n<meta property=\"og:title\" content=\"COMBO CRUZER P\/GUITARRA MOD. CR-50RG - Mexican Guitar Players\" \/>\n<meta property=\"og:description\" content=\"Amplificador para gutarra CR-50RG 50 Watts rms,1 entrada, volumen maestro,reverberaci\u00f3n, entrada para aud\u00edfonos y drive.\" \/>\n<meta property=\"og:url\" content=\"https:\/\/www.mexicanguitarplayers.com\/en\/tienda\/sin categor\u00eda\/combo-cruzer-p-guitarra-mod-cr-50rg\/\" \/>\n<meta property=\"og:site_name\" content=\"Mexican Guitar Players\" \/>\n<meta name=\"twitter:card\" content=\"summary_large_image\" \/>\n<meta name=\"twitter:label1\" content=\"Est. reading time\" \/>\n\t<meta name=\"twitter:data1\" content=\"1 minute\" \/>\n<script type=\"application\/ld+json\" class=\"yoast-schema-graph\">{\"@context\":\"https:\\\/\\\/schema.org\",\"@graph\":[{\"@type\":[\"WebPage\",\"ItemPage\"],\"@id\":\"https:\\\/\\\/www.mexicanguitarplayers.com\\\/tienda\\\/sin categor\u00eda\\\/combo-cruzer-p-guitarra-mod-cr-50rg\\\/\",\"url\":\"https:\\\/\\\/www.mexicanguitarplayers.com\\\/tienda\\\/sin categor\u00eda\\\/combo-cruzer-p-guitarra-mod-cr-50rg\\\/\",\"name\":\"COMBO CRUZER P\\\/GUITARRA MOD. CR-50RG - Mexican Guitar Players\",\"isPartOf\":{\"@id\":\"https:\\\/\\\/www.mexicanguitarplayers.com\\\/#website\"},\"primaryImageOfPage\":{\"@id\":\"https:\\\/\\\/www.mexicanguitarplayers.com\\\/tienda\\\/sin categor\u00eda\\\/combo-cruzer-p-guitarra-mod-cr-50rg\\\/#primaryimage\"},\"image\":{\"@id\":\"https:\\\/\\\/www.mexicanguitarplayers.com\\\/tienda\\\/sin categor\u00eda\\\/combo-cruzer-p-guitarra-mod-cr-50rg\\\/#primaryimage\"},\"thumbnailUrl\":\"https:\\\/\\\/www.mexicanguitarplayers.com\\\/wp-content\\\/uploads\\\/2025\\\/04\\\/ICCRZCR50RG.jpg\",\"datePublished\":\"2025-04-09T13:29:15+00:00\",\"description\":\"Amplificador para gutarra CR-50RG 50 Watts rms,1 entrada, volumen maestro,reverberaci\u00f3n, entrada para aud\u00edfonos y drive.\",\"breadcrumb\":{\"@id\":\"https:\\\/\\\/www.mexicanguitarplayers.com\\\/tienda\\\/sin categor\u00eda\\\/combo-cruzer-p-guitarra-mod-cr-50rg\\\/#breadcrumb\"},\"inLanguage\":\"en-US\",\"potentialAction\":[{\"@type\":\"ReadAction\",\"target\":[\"https:\\\/\\\/www.mexicanguitarplayers.com\\\/tienda\\\/sin categor\u00eda\\\/combo-cruzer-p-guitarra-mod-cr-50rg\\\/\"]}]},{\"@type\":\"ImageObject\",\"inLanguage\":\"en-US\",\"@id\":\"https:\\\/\\\/www.mexicanguitarplayers.com\\\/tienda\\\/sin categor\u00eda\\\/combo-cruzer-p-guitarra-mod-cr-50rg\\\/#primaryimage\",\"url\":\"https:\\\/\\\/www.mexicanguitarplayers.com\\\/wp-content\\\/uploads\\\/2025\\\/04\\\/ICCRZCR50RG.jpg\",\"contentUrl\":\"https:\\\/\\\/www.mexicanguitarplayers.com\\\/wp-content\\\/uploads\\\/2025\\\/04\\\/ICCRZCR50RG.jpg\",\"width\":300,\"height\":300},{\"@type\":\"BreadcrumbList\",\"@id\":\"https:\\\/\\\/www.mexicanguitarplayers.com\\\/tienda\\\/sin categor\u00eda\\\/combo-cruzer-p-guitarra-mod-cr-50rg\\\/#breadcrumb\",\"itemListElement\":[{\"@type\":\"ListItem\",\"position\":1,\"name\":\"Portada\",\"item\":\"https:\\\/\\\/www.mexicanguitarplayers.com\\\/\"},{\"@type\":\"ListItem\",\"position\":2,\"name\":\"Tienda\",\"item\":\"https:\\\/\\\/www.mexicanguitarplayers.com\\\/tienda\\\/\"},{\"@type\":\"ListItem\",\"position\":3,\"name\":\"COMBO CRUZER P\\\/GUITARRA MOD. CR-50RG\"}]},{\"@type\":\"WebSite\",\"@id\":\"https:\\\/\\\/www.mexicanguitarplayers.com\\\/#website\",\"url\":\"https:\\\/\\\/www.mexicanguitarplayers.com\\\/\",\"name\":\"Mexican Guitar Players\",\"description\":\"Website\",\"publisher\":{\"@id\":\"https:\\\/\\\/www.mexicanguitarplayers.com\\\/#organization\"},\"potentialAction\":[{\"@type\":\"SearchAction\",\"target\":{\"@type\":\"EntryPoint\",\"urlTemplate\":\"https:\\\/\\\/www.mexicanguitarplayers.com\\\/?s={search_term_string}\"},\"query-input\":{\"@type\":\"PropertyValueSpecification\",\"valueRequired\":true,\"valueName\":\"search_term_string\"}}],\"inLanguage\":\"en-US\"},{\"@type\":\"Organization\",\"@id\":\"https:\\\/\\\/www.mexicanguitarplayers.com\\\/#organization\",\"name\":\"Mexican Guitar Players\",\"url\":\"https:\\\/\\\/www.mexicanguitarplayers.com\\\/\",\"logo\":{\"@type\":\"ImageObject\",\"inLanguage\":\"en-US\",\"@id\":\"https:\\\/\\\/www.mexicanguitarplayers.com\\\/#\\\/schema\\\/logo\\\/image\\\/\",\"url\":\"\",\"contentUrl\":\"\",\"caption\":\"Mexican Guitar Players\"},\"image\":{\"@id\":\"https:\\\/\\\/www.mexicanguitarplayers.com\\\/#\\\/schema\\\/logo\\\/image\\\/\"}}]}<\/script>\n<!-- \/ Yoast SEO plugin. -->","yoast_head_json":{"title":"COMBO CRUZER P\/GUITARRA MOD. CR-50RG - Mexican Guitar Players","description":"Amplificador para gutarra CR-50RG 50 Watts rms,1 entrada, volumen maestro,reverberaci\u00f3n, entrada para aud\u00edfonos y drive.","robots":{"index":"index","follow":"follow","max-snippet":"max-snippet:-1","max-image-preview":"max-image-preview:large","max-video-preview":"max-video-preview:-1"},"canonical":"https:\/\/www.mexicanguitarplayers.com\/en\/tienda\/sin categor\u00eda\/combo-cruzer-p-guitarra-mod-cr-50rg\/","og_locale":"en_US","og_type":"article","og_title":"COMBO CRUZER P\/GUITARRA MOD. CR-50RG - Mexican Guitar Players","og_description":"Amplificador para gutarra CR-50RG 50 Watts rms,1 entrada, volumen maestro,reverberaci\u00f3n, entrada para aud\u00edfonos y drive.","og_url":"https:\/\/www.mexicanguitarplayers.com\/en\/tienda\/sin categor\u00eda\/combo-cruzer-p-guitarra-mod-cr-50rg\/","og_site_name":"Mexican Guitar Players","twitter_card":"summary_large_image","twitter_misc":{"Est. reading time":"1 minute"},"schema":{"@context":"https:\/\/schema.org","@graph":[{"@type":["WebPage","ItemPage"],"@id":"https:\/\/www.mexicanguitarplayers.com\/tienda\/sin categor\u00eda\/combo-cruzer-p-guitarra-mod-cr-50rg\/","url":"https:\/\/www.mexicanguitarplayers.com\/tienda\/sin categor\u00eda\/combo-cruzer-p-guitarra-mod-cr-50rg\/","name":"COMBO CRUZER P\/GUITARRA MOD. CR-50RG - Mexican Guitar Players","isPartOf":{"@id":"https:\/\/www.mexicanguitarplayers.com\/#website"},"primaryImageOfPage":{"@id":"https:\/\/www.mexicanguitarplayers.com\/tienda\/sin categor\u00eda\/combo-cruzer-p-guitarra-mod-cr-50rg\/#primaryimage"},"image":{"@id":"https:\/\/www.mexicanguitarplayers.com\/tienda\/sin categor\u00eda\/combo-cruzer-p-guitarra-mod-cr-50rg\/#primaryimage"},"thumbnailUrl":"https:\/\/www.mexicanguitarplayers.com\/wp-content\/uploads\/2025\/04\/ICCRZCR50RG.jpg","datePublished":"2025-04-09T13:29:15+00:00","description":"Amplificador para gutarra CR-50RG 50 Watts rms,1 entrada, volumen maestro,reverberaci\u00f3n, entrada para aud\u00edfonos y drive.","breadcrumb":{"@id":"https:\/\/www.mexicanguitarplayers.com\/tienda\/sin categor\u00eda\/combo-cruzer-p-guitarra-mod-cr-50rg\/#breadcrumb"},"inLanguage":"en-US","potentialAction":[{"@type":"ReadAction","target":["https:\/\/www.mexicanguitarplayers.com\/tienda\/sin categor\u00eda\/combo-cruzer-p-guitarra-mod-cr-50rg\/"]}]},{"@type":"ImageObject","inLanguage":"en-US","@id":"https:\/\/www.mexicanguitarplayers.com\/tienda\/sin categor\u00eda\/combo-cruzer-p-guitarra-mod-cr-50rg\/#primaryimage","url":"https:\/\/www.mexicanguitarplayers.com\/wp-content\/uploads\/2025\/04\/ICCRZCR50RG.jpg","contentUrl":"https:\/\/www.mexicanguitarplayers.com\/wp-content\/uploads\/2025\/04\/ICCRZCR50RG.jpg","width":300,"height":300},{"@type":"BreadcrumbList","@id":"https:\/\/www.mexicanguitarplayers.com\/tienda\/sin categor\u00eda\/combo-cruzer-p-guitarra-mod-cr-50rg\/#breadcrumb","itemListElement":[{"@type":"ListItem","position":1,"name":"Portada","item":"https:\/\/www.mexicanguitarplayers.com\/"},{"@type":"ListItem","position":2,"name":"Tienda","item":"https:\/\/www.mexicanguitarplayers.com\/tienda\/"},{"@type":"ListItem","position":3,"name":"COMBO CRUZER P\/GUITARRA MOD. CR-50RG"}]},{"@type":"WebSite","@id":"https:\/\/www.mexicanguitarplayers.com\/#website","url":"https:\/\/www.mexicanguitarplayers.com\/","name":"Mexican Guitar Players","description":"Website","publisher":{"@id":"https:\/\/www.mexicanguitarplayers.com\/#organization"},"potentialAction":[{"@type":"SearchAction","target":{"@type":"EntryPoint","urlTemplate":"https:\/\/www.mexicanguitarplayers.com\/?s={search_term_string}"},"query-input":{"@type":"PropertyValueSpecification","valueRequired":true,"valueName":"search_term_string"}}],"inLanguage":"en-US"},{"@type":"Organization","@id":"https:\/\/www.mexicanguitarplayers.com\/#organization","name":"Mexican Guitar Players","url":"https:\/\/www.mexicanguitarplayers.com\/","logo":{"@type":"ImageObject","inLanguage":"en-US","@id":"https:\/\/www.mexicanguitarplayers.com\/#\/schema\/logo\/image\/","url":"","contentUrl":"","caption":"Mexican Guitar Players"},"image":{"@id":"https:\/\/www.mexicanguitarplayers.com\/#\/schema\/logo\/image\/"}}]}},"brands":[{"id":259,"name":"CRUISE","slug":"cruzer"}],"_links":{"self":[{"href":"https:\/\/www.mexicanguitarplayers.com\/en\/wp-json\/wp\/v2\/product\/41271","targetHints":{"allow":["GET"]}}],"collection":[{"href":"https:\/\/www.mexicanguitarplayers.com\/en\/wp-json\/wp\/v2\/product"}],"about":[{"href":"https:\/\/www.mexicanguitarplayers.com\/en\/wp-json\/wp\/v2\/types\/product"}],"replies":[{"embeddable":true,"href":"https:\/\/www.mexicanguitarplayers.com\/en\/wp-json\/wp\/v2\/comments?post=41271"}],"wp:featuredmedia":[{"embeddable":true,"href":"https:\/\/www.mexicanguitarplayers.com\/en\/wp-json\/wp\/v2\/media\/41270"}],"wp:attachment":[{"href":"https:\/\/www.mexicanguitarplayers.com\/en\/wp-json\/wp\/v2\/media?parent=41271"}],"wp:term":[{"taxonomy":"pwb-brand","embeddable":true,"href":"https:\/\/www.mexicanguitarplayers.com\/en\/wp-json\/wp\/v2\/pwb-brand?post=41271"},{"taxonomy":"product_brand","embeddable":true,"href":"https:\/\/www.mexicanguitarplayers.com\/en\/wp-json\/wp\/v2\/product_brand?post=41271"},{"taxonomy":"product_cat","embeddable":true,"href":"https:\/\/www.mexicanguitarplayers.com\/en\/wp-json\/wp\/v2\/product_cat?post=41271"},{"taxonomy":"product_tag","embeddable":true,"href":"https:\/\/www.mexicanguitarplayers.com\/en\/wp-json\/wp\/v2\/product_tag?post=41271"}],"curies":[{"name":"wp","href":"https:\/\/api.w.org\/{rel}","templated":true}]}}