{"id":41276,"date":"2025-04-09T07:29:21","date_gmt":"2025-04-09T13:29:21","guid":{"rendered":"https:\/\/www.mexicanguitarplayers.com\/tienda\/sin categor\u00eda\/baquetas-vic-firth-terra-mod-p5btn4pk\/"},"modified":"2026-02-23T04:15:07","modified_gmt":"2026-02-23T10:15:07","slug":"baquetas-vic-firth-terra-mod-p5btn4pk","status":"publish","type":"product","link":"https:\/\/www.mexicanguitarplayers.com\/en\/tienda\/accesorios\/para-bateria\/baquetas\/punta-de-madera\/baquetas-vic-firth-terra-mod-p5btn4pk\/","title":{"rendered":"BAQUETAS VIC FIRTH TERRA MOD. P5BTN4PK"},"content":{"rendered":"<div style=\"text-align: justify\">\n<div>\n<h3>AMERICAN CLASSIC\u00ae 5BTN TERRA SERIES 4PR VALUE PACK<\/h3>\n<\/div>\n<div>Presentamos la serie Vic Firth Terra\u2122, una celebraci\u00f3n de la belleza natural de cada par de baquetas y la conexi\u00f3n que cada baterista siente cuando se sienta detr\u00e1s de su kit. Es tu viaje musical: ve con \u00e9l.<\/div>\n<div>\n<h4>Characteristics<\/h4>\n<\/div>\n<div>\n<ul style=\"margin: 0px 0px 0px 25px\">\n<li style=\"list-style-type: circle;margin: 5px\">Di\u00e1metro<\/li>\n<li style=\"list-style-type: circle;margin: 5px\">Longitud<\/li>\n<li style=\"list-style-type: circle;margin: 5px\">Familia<\/li>\n<li style=\"list-style-type: circle;margin: 5px\">Tipo de madera<\/li>\n<li style=\"list-style-type: circle;margin: 5px\">Cono<\/li>\n<li style=\"list-style-type: circle;margin: 5px\">Serie<\/li>\n<li style=\"list-style-type: circle;margin: 5px\">Enfriamiento de la superficie<\/li>\n<li style=\"list-style-type: circle;margin: 5px\">Material<\/li>\n<li style=\"list-style-type: circle;margin: 5px\">Forma<\/li>\n<\/ul>\n<\/div>\n<\/div>","protected":false},"excerpt":{"rendered":"<p>Las baquetas Vic Firth Terra \u2122  Series cuentan con un tinte patentado que expone la hermosa y \u00fanica veta de cada par un mayor di\u00e1metro que el 5A para mayor peso y durabilidad y dise\u00f1o cl\u00e1sico 5B pero con una punta de nailon para una claridad y articulaci\u00f3n incre\u00edbles en los platillos. Elaborado con nogal americano de primera calidad en Newport, ME.&hellip; <a class=\"kt-excerpt-readmore more-link\" href=\"https:\/\/www.mexicanguitarplayers.com\/en\/tienda\/accesorios\/para-bateria\/baquetas\/punta-de-madera\/baquetas-vic-firth-terra-mod-p5btn4pk\/\">Read more<\/a><\/p>","protected":false},"featured_media":41272,"comment_status":"open","ping_status":"closed","template":"","meta":{"kt_blocks_editor_width":""},"pwb-brand":[643],"product_brand":[],"product_cat":[85,446,306,469],"product_tag":[],"class_list":{"0":"post-41276","1":"product","2":"type-product","3":"status-publish","4":"has-post-thumbnail","6":"pwb-brand-vic-firth","7":"product_cat-accesorios","8":"product_cat-baquetas","9":"product_cat-para-bateria","10":"product_cat-punta-de-madera","11":"product_shipping_class-0-5-kg","13":"first","14":"instock","15":"taxable","16":"shipping-taxable","17":"purchasable","18":"product-type-simple"},"yoast_head":"<!-- This site is optimized with the Yoast SEO plugin v27.3 - https:\/\/yoast.com\/product\/yoast-seo-wordpress\/ -->\n<title>BAQUETAS VIC FIRTH TERRA MOD. P5BTN4PK - Mexican Guitar Players<\/title>\n<meta name=\"description\" content=\"Las baquetas Vic Firth Terra \u2122 Series cuentan con un tinte patentado que expone la hermosa y \u00fanica veta de cada par un mayor di\u00e1metro que el 5A para mayor peso y durabilidad y dise\u00f1o cl\u00e1sico 5B pero con una punta de nailon para una claridad y articulaci\u00f3n incre\u00edbles en los platillos. Elaborado con nogal americano de primera calidad en Newport, ME.\" \/>\n<meta name=\"robots\" content=\"index, follow, max-snippet:-1, max-image-preview:large, max-video-preview:-1\" \/>\n<link rel=\"canonical\" href=\"https:\/\/www.mexicanguitarplayers.com\/en\/tienda\/sin%20categor\u00eda\/baquetas-vic-firth-terra-mod-p5btn4pk\/\" \/>\n<meta property=\"og:locale\" content=\"en_US\" \/>\n<meta property=\"og:type\" content=\"article\" \/>\n<meta property=\"og:title\" content=\"BAQUETAS VIC FIRTH TERRA MOD. P5BTN4PK - Mexican Guitar Players\" \/>\n<meta property=\"og:description\" content=\"Las baquetas Vic Firth Terra \u2122 Series cuentan con un tinte patentado que expone la hermosa y \u00fanica veta de cada par un mayor di\u00e1metro que el 5A para mayor peso y durabilidad y dise\u00f1o cl\u00e1sico 5B pero con una punta de nailon para una claridad y articulaci\u00f3n incre\u00edbles en los platillos. Elaborado con nogal americano de primera calidad en Newport, ME.\" \/>\n<meta property=\"og:url\" content=\"https:\/\/www.mexicanguitarplayers.com\/en\/tienda\/sin categor\u00eda\/baquetas-vic-firth-terra-mod-p5btn4pk\/\" \/>\n<meta property=\"og:site_name\" content=\"Mexican Guitar Players\" \/>\n<meta property=\"article:modified_time\" content=\"2026-02-23T10:15:07+00:00\" \/>\n<meta name=\"twitter:card\" content=\"summary_large_image\" \/>\n<script type=\"application\/ld+json\" class=\"yoast-schema-graph\">{\"@context\":\"https:\\\/\\\/schema.org\",\"@graph\":[{\"@type\":[\"WebPage\",\"ItemPage\"],\"@id\":\"https:\\\/\\\/www.mexicanguitarplayers.com\\\/tienda\\\/sin categor\u00eda\\\/baquetas-vic-firth-terra-mod-p5btn4pk\\\/\",\"url\":\"https:\\\/\\\/www.mexicanguitarplayers.com\\\/tienda\\\/sin categor\u00eda\\\/baquetas-vic-firth-terra-mod-p5btn4pk\\\/\",\"name\":\"BAQUETAS VIC FIRTH TERRA MOD. P5BTN4PK - Mexican Guitar Players\",\"isPartOf\":{\"@id\":\"https:\\\/\\\/www.mexicanguitarplayers.com\\\/#website\"},\"primaryImageOfPage\":{\"@id\":\"https:\\\/\\\/www.mexicanguitarplayers.com\\\/tienda\\\/sin categor\u00eda\\\/baquetas-vic-firth-terra-mod-p5btn4pk\\\/#primaryimage\"},\"image\":{\"@id\":\"https:\\\/\\\/www.mexicanguitarplayers.com\\\/tienda\\\/sin categor\u00eda\\\/baquetas-vic-firth-terra-mod-p5btn4pk\\\/#primaryimage\"},\"thumbnailUrl\":\"https:\\\/\\\/www.mexicanguitarplayers.com\\\/wp-content\\\/uploads\\\/2025\\\/04\\\/RAVICP5BTN4PK.jpg\",\"datePublished\":\"2025-04-09T13:29:21+00:00\",\"dateModified\":\"2026-02-23T10:15:07+00:00\",\"description\":\"Las baquetas Vic Firth Terra \u2122 Series cuentan con un tinte patentado que expone la hermosa y \u00fanica veta de cada par un mayor di\u00e1metro que el 5A para mayor peso y durabilidad y dise\u00f1o cl\u00e1sico 5B pero con una punta de nailon para una claridad y articulaci\u00f3n incre\u00edbles en los platillos. Elaborado con nogal americano de primera calidad en Newport, ME.\",\"breadcrumb\":{\"@id\":\"https:\\\/\\\/www.mexicanguitarplayers.com\\\/tienda\\\/sin categor\u00eda\\\/baquetas-vic-firth-terra-mod-p5btn4pk\\\/#breadcrumb\"},\"inLanguage\":\"en-US\",\"potentialAction\":[{\"@type\":\"ReadAction\",\"target\":[\"https:\\\/\\\/www.mexicanguitarplayers.com\\\/tienda\\\/sin categor\u00eda\\\/baquetas-vic-firth-terra-mod-p5btn4pk\\\/\"]}]},{\"@type\":\"ImageObject\",\"inLanguage\":\"en-US\",\"@id\":\"https:\\\/\\\/www.mexicanguitarplayers.com\\\/tienda\\\/sin categor\u00eda\\\/baquetas-vic-firth-terra-mod-p5btn4pk\\\/#primaryimage\",\"url\":\"https:\\\/\\\/www.mexicanguitarplayers.com\\\/wp-content\\\/uploads\\\/2025\\\/04\\\/RAVICP5BTN4PK.jpg\",\"contentUrl\":\"https:\\\/\\\/www.mexicanguitarplayers.com\\\/wp-content\\\/uploads\\\/2025\\\/04\\\/RAVICP5BTN4PK.jpg\",\"width\":1200,\"height\":1200},{\"@type\":\"BreadcrumbList\",\"@id\":\"https:\\\/\\\/www.mexicanguitarplayers.com\\\/tienda\\\/sin categor\u00eda\\\/baquetas-vic-firth-terra-mod-p5btn4pk\\\/#breadcrumb\",\"itemListElement\":[{\"@type\":\"ListItem\",\"position\":1,\"name\":\"Portada\",\"item\":\"https:\\\/\\\/www.mexicanguitarplayers.com\\\/\"},{\"@type\":\"ListItem\",\"position\":2,\"name\":\"Tienda\",\"item\":\"https:\\\/\\\/www.mexicanguitarplayers.com\\\/tienda\\\/\"},{\"@type\":\"ListItem\",\"position\":3,\"name\":\"BAQUETAS VIC FIRTH TERRA MOD. P5BTN4PK\"}]},{\"@type\":\"WebSite\",\"@id\":\"https:\\\/\\\/www.mexicanguitarplayers.com\\\/#website\",\"url\":\"https:\\\/\\\/www.mexicanguitarplayers.com\\\/\",\"name\":\"Mexican Guitar Players\",\"description\":\"Website\",\"publisher\":{\"@id\":\"https:\\\/\\\/www.mexicanguitarplayers.com\\\/#organization\"},\"potentialAction\":[{\"@type\":\"SearchAction\",\"target\":{\"@type\":\"EntryPoint\",\"urlTemplate\":\"https:\\\/\\\/www.mexicanguitarplayers.com\\\/?s={search_term_string}\"},\"query-input\":{\"@type\":\"PropertyValueSpecification\",\"valueRequired\":true,\"valueName\":\"search_term_string\"}}],\"inLanguage\":\"en-US\"},{\"@type\":\"Organization\",\"@id\":\"https:\\\/\\\/www.mexicanguitarplayers.com\\\/#organization\",\"name\":\"Mexican Guitar Players\",\"url\":\"https:\\\/\\\/www.mexicanguitarplayers.com\\\/\",\"logo\":{\"@type\":\"ImageObject\",\"inLanguage\":\"en-US\",\"@id\":\"https:\\\/\\\/www.mexicanguitarplayers.com\\\/#\\\/schema\\\/logo\\\/image\\\/\",\"url\":\"\",\"contentUrl\":\"\",\"caption\":\"Mexican Guitar Players\"},\"image\":{\"@id\":\"https:\\\/\\\/www.mexicanguitarplayers.com\\\/#\\\/schema\\\/logo\\\/image\\\/\"}}]}<\/script>\n<!-- \/ Yoast SEO plugin. -->","yoast_head_json":{"title":"BAQUETAS VIC FIRTH TERRA MOD. P5BTN4PK - Mexican Guitar Players","description":"Las baquetas Vic Firth Terra \u2122 Series cuentan con un tinte patentado que expone la hermosa y \u00fanica veta de cada par un mayor di\u00e1metro que el 5A para mayor peso y durabilidad y dise\u00f1o cl\u00e1sico 5B pero con una punta de nailon para una claridad y articulaci\u00f3n incre\u00edbles en los platillos. Elaborado con nogal americano de primera calidad en Newport, ME.","robots":{"index":"index","follow":"follow","max-snippet":"max-snippet:-1","max-image-preview":"max-image-preview:large","max-video-preview":"max-video-preview:-1"},"canonical":"https:\/\/www.mexicanguitarplayers.com\/en\/tienda\/sin categor\u00eda\/baquetas-vic-firth-terra-mod-p5btn4pk\/","og_locale":"en_US","og_type":"article","og_title":"BAQUETAS VIC FIRTH TERRA MOD. P5BTN4PK - Mexican Guitar Players","og_description":"Las baquetas Vic Firth Terra \u2122 Series cuentan con un tinte patentado que expone la hermosa y \u00fanica veta de cada par un mayor di\u00e1metro que el 5A para mayor peso y durabilidad y dise\u00f1o cl\u00e1sico 5B pero con una punta de nailon para una claridad y articulaci\u00f3n incre\u00edbles en los platillos. Elaborado con nogal americano de primera calidad en Newport, ME.","og_url":"https:\/\/www.mexicanguitarplayers.com\/en\/tienda\/sin categor\u00eda\/baquetas-vic-firth-terra-mod-p5btn4pk\/","og_site_name":"Mexican Guitar Players","article_modified_time":"2026-02-23T10:15:07+00:00","twitter_card":"summary_large_image","schema":{"@context":"https:\/\/schema.org","@graph":[{"@type":["WebPage","ItemPage"],"@id":"https:\/\/www.mexicanguitarplayers.com\/tienda\/sin categor\u00eda\/baquetas-vic-firth-terra-mod-p5btn4pk\/","url":"https:\/\/www.mexicanguitarplayers.com\/tienda\/sin categor\u00eda\/baquetas-vic-firth-terra-mod-p5btn4pk\/","name":"BAQUETAS VIC FIRTH TERRA MOD. P5BTN4PK - Mexican Guitar Players","isPartOf":{"@id":"https:\/\/www.mexicanguitarplayers.com\/#website"},"primaryImageOfPage":{"@id":"https:\/\/www.mexicanguitarplayers.com\/tienda\/sin categor\u00eda\/baquetas-vic-firth-terra-mod-p5btn4pk\/#primaryimage"},"image":{"@id":"https:\/\/www.mexicanguitarplayers.com\/tienda\/sin categor\u00eda\/baquetas-vic-firth-terra-mod-p5btn4pk\/#primaryimage"},"thumbnailUrl":"https:\/\/www.mexicanguitarplayers.com\/wp-content\/uploads\/2025\/04\/RAVICP5BTN4PK.jpg","datePublished":"2025-04-09T13:29:21+00:00","dateModified":"2026-02-23T10:15:07+00:00","description":"Las baquetas Vic Firth Terra \u2122 Series cuentan con un tinte patentado que expone la hermosa y \u00fanica veta de cada par un mayor di\u00e1metro que el 5A para mayor peso y durabilidad y dise\u00f1o cl\u00e1sico 5B pero con una punta de nailon para una claridad y articulaci\u00f3n incre\u00edbles en los platillos. Elaborado con nogal americano de primera calidad en Newport, ME.","breadcrumb":{"@id":"https:\/\/www.mexicanguitarplayers.com\/tienda\/sin categor\u00eda\/baquetas-vic-firth-terra-mod-p5btn4pk\/#breadcrumb"},"inLanguage":"en-US","potentialAction":[{"@type":"ReadAction","target":["https:\/\/www.mexicanguitarplayers.com\/tienda\/sin categor\u00eda\/baquetas-vic-firth-terra-mod-p5btn4pk\/"]}]},{"@type":"ImageObject","inLanguage":"en-US","@id":"https:\/\/www.mexicanguitarplayers.com\/tienda\/sin categor\u00eda\/baquetas-vic-firth-terra-mod-p5btn4pk\/#primaryimage","url":"https:\/\/www.mexicanguitarplayers.com\/wp-content\/uploads\/2025\/04\/RAVICP5BTN4PK.jpg","contentUrl":"https:\/\/www.mexicanguitarplayers.com\/wp-content\/uploads\/2025\/04\/RAVICP5BTN4PK.jpg","width":1200,"height":1200},{"@type":"BreadcrumbList","@id":"https:\/\/www.mexicanguitarplayers.com\/tienda\/sin categor\u00eda\/baquetas-vic-firth-terra-mod-p5btn4pk\/#breadcrumb","itemListElement":[{"@type":"ListItem","position":1,"name":"Portada","item":"https:\/\/www.mexicanguitarplayers.com\/"},{"@type":"ListItem","position":2,"name":"Tienda","item":"https:\/\/www.mexicanguitarplayers.com\/tienda\/"},{"@type":"ListItem","position":3,"name":"BAQUETAS VIC FIRTH TERRA MOD. P5BTN4PK"}]},{"@type":"WebSite","@id":"https:\/\/www.mexicanguitarplayers.com\/#website","url":"https:\/\/www.mexicanguitarplayers.com\/","name":"Mexican Guitar Players","description":"Website","publisher":{"@id":"https:\/\/www.mexicanguitarplayers.com\/#organization"},"potentialAction":[{"@type":"SearchAction","target":{"@type":"EntryPoint","urlTemplate":"https:\/\/www.mexicanguitarplayers.com\/?s={search_term_string}"},"query-input":{"@type":"PropertyValueSpecification","valueRequired":true,"valueName":"search_term_string"}}],"inLanguage":"en-US"},{"@type":"Organization","@id":"https:\/\/www.mexicanguitarplayers.com\/#organization","name":"Mexican Guitar Players","url":"https:\/\/www.mexicanguitarplayers.com\/","logo":{"@type":"ImageObject","inLanguage":"en-US","@id":"https:\/\/www.mexicanguitarplayers.com\/#\/schema\/logo\/image\/","url":"","contentUrl":"","caption":"Mexican Guitar Players"},"image":{"@id":"https:\/\/www.mexicanguitarplayers.com\/#\/schema\/logo\/image\/"}}]}},"brands":[{"id":643,"name":"VIC FIRTH","slug":"vic-firth"}],"_links":{"self":[{"href":"https:\/\/www.mexicanguitarplayers.com\/en\/wp-json\/wp\/v2\/product\/41276","targetHints":{"allow":["GET"]}}],"collection":[{"href":"https:\/\/www.mexicanguitarplayers.com\/en\/wp-json\/wp\/v2\/product"}],"about":[{"href":"https:\/\/www.mexicanguitarplayers.com\/en\/wp-json\/wp\/v2\/types\/product"}],"replies":[{"embeddable":true,"href":"https:\/\/www.mexicanguitarplayers.com\/en\/wp-json\/wp\/v2\/comments?post=41276"}],"wp:featuredmedia":[{"embeddable":true,"href":"https:\/\/www.mexicanguitarplayers.com\/en\/wp-json\/wp\/v2\/media\/41272"}],"wp:attachment":[{"href":"https:\/\/www.mexicanguitarplayers.com\/en\/wp-json\/wp\/v2\/media?parent=41276"}],"wp:term":[{"taxonomy":"pwb-brand","embeddable":true,"href":"https:\/\/www.mexicanguitarplayers.com\/en\/wp-json\/wp\/v2\/pwb-brand?post=41276"},{"taxonomy":"product_brand","embeddable":true,"href":"https:\/\/www.mexicanguitarplayers.com\/en\/wp-json\/wp\/v2\/product_brand?post=41276"},{"taxonomy":"product_cat","embeddable":true,"href":"https:\/\/www.mexicanguitarplayers.com\/en\/wp-json\/wp\/v2\/product_cat?post=41276"},{"taxonomy":"product_tag","embeddable":true,"href":"https:\/\/www.mexicanguitarplayers.com\/en\/wp-json\/wp\/v2\/product_tag?post=41276"}],"curies":[{"name":"wp","href":"https:\/\/api.w.org\/{rel}","templated":true}]}}