{"id":41281,"date":"2025-04-09T07:29:28","date_gmt":"2025-04-09T13:29:28","guid":{"rendered":"https:\/\/www.mexicanguitarplayers.com\/tienda\/sin categor\u00eda\/controlador-behringer-mod-x-touch-mini\/"},"modified":"2026-01-01T04:39:00","modified_gmt":"2026-01-01T10:39:00","slug":"controlador-behringer-mod-x-touch-mini","status":"publish","type":"product","link":"https:\/\/www.mexicanguitarplayers.com\/en\/tienda\/teclas\/sintetizador-y-controlador\/controlador-midi\/controlador-behringer-mod-x-touch-mini\/","title":{"rendered":"CONTROLADOR BEHRINGER MOD. X-TOUCH MINI"},"content":{"rendered":"<div style=\"text-align: justify\">\n<div>\n<h3>La mejor forma de controlar tu DAW.<\/h3>\n<\/div>\n<div>La superficie de control universal ultra compacta X-TOUCH MINI pone el poder de tu software de producci\u00f3n al alcance de tu mano. Te ofrece control en cualquier lugar y en cualquier momento de todos los DAWs populares, instrumentos, efectos y aplicaciones de iluminaci\u00f3n. Deja que tu creatividad fluya de forma salvaje cuando consigas quitar tus manos del mouse y ponerlos en este peque\u00f1o pero grande controlador. Control universal. Los DAWs, instrumentos, efectos y aplicaciones de iluminaci\u00f3n de hoy en d\u00eda est\u00e1n dise\u00f1ados para interactuar con controladores que permiten a los usuarios realizar cambios de alta precisi\u00f3n con un m\u00ednimo de efectividad. La emulaci\u00f3n Mackie Control incorporada le permite a tu X-TOUCH MINI trabajar con pr\u00e1cticamente cualquier software profesional de producci\u00f3n de audio imaginable, tan pronto como lo saques de su caja&#8230; no requiere configuraci\u00f3n. Ponte r\u00e1pidamente a trabajar. El X-TOUCH MINI cuenta con un fader maestro de 60 mm y modo Dual Layer para cambios r\u00e1pidos entre DAW y control de instrumentos (o cambiar entre dos aplicaciones diferentes). Por ejemplo, un DJ puede usar una capa para sintetizadores virtuales y la otra para controlar la iluminaci\u00f3n durante su show. O un ingeniero  en una iglesia puede controlar la iluminaci\u00f3n en una capa y controlar la reproducci\u00f3n DAW en otra. Ahora podr\u00e1s ser m\u00e1s creativo r\u00e1pidamente, porque el MINI viene con los elementos de control pre-configurados para el funcionamiento inmediato tan solo con sacarlo de su caja. Sin embargo, tambi\u00e9n puedes personalizar la experiencia con nuestra aplicaci\u00f3n descargable gratuita de edici\u00f3n que es demasiado f\u00e1cil de usar. Una maravilla llena de caracter\u00edsticas. El MINI cuenta con 8 perillas giratorias con collares LED para el ajuste sobre la marca de tus par\u00e1metros favoritos. Tiene tambi\u00e9n 16 botones iluminados (incluyendo el control de transporte) para el acceso directo a las funciones clave de tu DAW. La interfaz USB\/MIDI incorporada permite la conexi\u00f3n directa a tu Mac\/PC y para complementos futuros de otros controladores (no se requieren drivers). Solamente conecta el X-TOUCH MINI para un inmediato acceso a dos capas de impresionante control. Pensativamente dise\u00f1ado. Este controlador de dise\u00f1o ultra compacto  cabe f\u00e1cilmente en tu mochila y permite la conexi\u00f3n en cascada o la adici\u00f3n de otros modelos X-TOUCH. La alimentaci\u00f3n se suministra a trav\u00e9s de su bus USB, por lo que no necesitas llevar una fuente de alimentaci\u00f3n. Su construcci\u00f3n resistente y de alta calidad significa que podr\u00e1s usar este caballo de batalla por a\u00f1os. El X-TOUCH MINI est\u00e1 a la altura del viejo adagio de que las cosas grandes vienen en paquetes peque\u00f1os.<\/div>\n<div>\n<h4>Quick look<\/h4>\n<\/div>\n<ul style=\"margin: 0px 0px 0px 25px\">\n<li style=\"list-style-type: circle;margin: 5px\">Conexi\u00f3n a computadora.<\/li>\n<li style=\"list-style-type: circle;margin: 5px\">Controls<\/li>\n<li style=\"list-style-type: circle;margin: 5px\">Power supply.<\/li>\n<li style=\"list-style-type: circle;margin: 5px\">Dimensions.<\/li>\n<li style=\"list-style-type: circle;margin: 5px\">Weight.<\/li>\n<\/ul>\n<div>\n<div style=\"font-weight: bold\">Conexi\u00f3n a computadora.<\/div>\n<div>\n<p>USB 2.0 Tipo Mini-B.<\/p>\n<\/div>\n<div style=\"font-weight: bold\">Controls<\/div>\n<div>\n<p>8 controles giratorios o con collar LED: 8. 16 botones con retro iluminaci\u00f3n LED. 1 fader de 60 mm. Preajustes (programable por el usuario): Modo A*, B*, MC.<\/p>\n<\/div>\n<div style=\"font-weight: bold\">Power supply.<\/div>\n<div>\n<p>Voltaje: 5V. Consumo m\u00e1ximo de energ\u00eda: 1.26 watts. Fuente de energ\u00eda: Alimentado por USB:<\/p>\n<\/div>\n<div style=\"font-weight: bold\">Dimensions.<\/div>\n<div>\n<p>47 x 325 x 102 mm.<\/p>\n<\/div>\n<div style=\"font-weight: bold\">Weight.<\/div>\n<div>\n<p>0.5 kg.<\/p>\n<\/div>\n<\/div>\n<\/div>","protected":false},"excerpt":{"rendered":"<p>Controlador USB universal ultra compacto, ideal para DAWs, instrumentos, aplicaciones de efectos e iluminaci\u00f3n, modo de emulaci\u00f3n Mackie Control para una integraci\u00f3n perfecta con todos los programas de producci\u00f3n de m\u00fasica compatibles, faders maestro de 60 mm de largo, modo de doble capa para cambiar r\u00e1pidamente entre DAW y control de los instrumentos, elementos de control pre configurados para elfuncionamiento instant\u00e1neo apenas sac\u00e1ndolo de su caja, aplicaci\u00f3n de edici\u00f3n f\u00e1cil de usar para una configuraci\u00f3n detallada descargable desde la p\u00e1gina de Behringer, 8 controles giratorios con collares LED para ajustes sobre la marcha, 26botones iluminados dedicados (incluyendo control de transporte) para el acceso directo a las funciones clave, interfaz MIDI USB para conexi\u00f3n directa a Mac o PC (no se requieren drivers), dise\u00f1o ultra compacto para una f\u00e1cil conexi\u00f3n en cascada y complemento para otros modelos X-Touch, acceso inmediato a 2 capas de 25elementos de control, alimentado por bus UBS (no requiere adaptador de corriente), dimensiones: 47 x 325 x 102 mm, peso: 0.5 kg.&hellip; <a class=\"kt-excerpt-readmore more-link\" href=\"https:\/\/www.mexicanguitarplayers.com\/en\/tienda\/teclas\/sintetizador-y-controlador\/controlador-midi\/controlador-behringer-mod-x-touch-mini\/\">Read more<\/a><\/p>","protected":false},"featured_media":41277,"comment_status":"open","ping_status":"closed","template":"","meta":{"kt_blocks_editor_width":""},"pwb-brand":[171],"product_brand":[],"product_cat":[387,386,376],"product_tag":[],"class_list":{"0":"post-41281","1":"product","2":"type-product","3":"status-publish","4":"has-post-thumbnail","6":"pwb-brand-behringer","7":"product_cat-controlador-midi","8":"product_cat-sintetizador-y-controlador","9":"product_cat-teclas","10":"product_shipping_class-0-5-kg","12":"first","13":"instock","14":"taxable","15":"shipping-taxable","16":"purchasable","17":"product-type-simple"},"yoast_head":"<!-- This site is optimized with the Yoast SEO plugin v27.3 - https:\/\/yoast.com\/product\/yoast-seo-wordpress\/ -->\n<title>CONTROLADOR BEHRINGER MOD. X-TOUCH MINI - Mexican Guitar Players<\/title>\n<meta name=\"description\" content=\"Controlador USB universal ultra compacto, ideal para DAWs, instrumentos, aplicaciones de efectos e iluminaci\u00f3n, modo de emulaci\u00f3n Mackie Control para una integraci\u00f3n perfecta con todos los programas de producci\u00f3n de m\u00fasica compatibles, faders maestro de 60 mm de largo, modo de doble capa para cambiar r\u00e1pidamente entre DAW y control de los instrumentos, elementos de control pre configurados para elfuncionamiento instant\u00e1neo apenas sac\u00e1ndolo de su caja, aplicaci\u00f3n de edici\u00f3n f\u00e1cil de usar para una configuraci\u00f3n detallada descargable desde la p\u00e1gina de Behringer, 8 controles giratorios con collares LED para ajustes sobre la marcha, 26botones iluminados dedicados (incluyendo control de transporte) para el acceso directo a las funciones clave, interfaz MIDI USB para conexi\u00f3n directa a Mac o PC (no se requieren drivers), dise\u00f1o ultra compacto para una f\u00e1cil conexi\u00f3n en cascada y complemento para otros modelos X-Touch, acceso inmediato a 2 capas de 25elementos de control, alimentado por bus UBS (no requiere adaptador de corriente), dimensiones: 47 x 325 x 102 mm, peso: 0.5 kg.\" \/>\n<meta name=\"robots\" content=\"index, follow, max-snippet:-1, max-image-preview:large, max-video-preview:-1\" \/>\n<link rel=\"canonical\" href=\"https:\/\/www.mexicanguitarplayers.com\/en\/tienda\/sin%20categor\u00eda\/controlador-behringer-mod-x-touch-mini\/\" \/>\n<meta property=\"og:locale\" content=\"en_US\" \/>\n<meta property=\"og:type\" content=\"article\" \/>\n<meta property=\"og:title\" content=\"CONTROLADOR BEHRINGER MOD. X-TOUCH MINI - Mexican Guitar Players\" \/>\n<meta property=\"og:description\" content=\"Controlador USB universal ultra compacto, ideal para DAWs, instrumentos, aplicaciones de efectos e iluminaci\u00f3n, modo de emulaci\u00f3n Mackie Control para una integraci\u00f3n perfecta con todos los programas de producci\u00f3n de m\u00fasica compatibles, faders maestro de 60 mm de largo, modo de doble capa para cambiar r\u00e1pidamente entre DAW y control de los instrumentos, elementos de control pre configurados para elfuncionamiento instant\u00e1neo apenas sac\u00e1ndolo de su caja, aplicaci\u00f3n de edici\u00f3n f\u00e1cil de usar para una configuraci\u00f3n detallada descargable desde la p\u00e1gina de Behringer, 8 controles giratorios con collares LED para ajustes sobre la marcha, 26botones iluminados dedicados (incluyendo control de transporte) para el acceso directo a las funciones clave, interfaz MIDI USB para conexi\u00f3n directa a Mac o PC (no se requieren drivers), dise\u00f1o ultra compacto para una f\u00e1cil conexi\u00f3n en cascada y complemento para otros modelos X-Touch, acceso inmediato a 2 capas de 25elementos de control, alimentado por bus UBS (no requiere adaptador de corriente), dimensiones: 47 x 325 x 102 mm, peso: 0.5 kg.\" \/>\n<meta property=\"og:url\" content=\"https:\/\/www.mexicanguitarplayers.com\/en\/tienda\/sin categor\u00eda\/controlador-behringer-mod-x-touch-mini\/\" \/>\n<meta property=\"og:site_name\" content=\"Mexican Guitar Players\" \/>\n<meta property=\"article:modified_time\" content=\"2026-01-01T10:39:00+00:00\" \/>\n<meta name=\"twitter:card\" content=\"summary_large_image\" \/>\n<meta name=\"twitter:label1\" content=\"Est. reading time\" \/>\n\t<meta name=\"twitter:data1\" content=\"3 minutes\" \/>\n<script type=\"application\/ld+json\" class=\"yoast-schema-graph\">{\"@context\":\"https:\\\/\\\/schema.org\",\"@graph\":[{\"@type\":[\"WebPage\",\"ItemPage\"],\"@id\":\"https:\\\/\\\/www.mexicanguitarplayers.com\\\/tienda\\\/sin categor\u00eda\\\/controlador-behringer-mod-x-touch-mini\\\/\",\"url\":\"https:\\\/\\\/www.mexicanguitarplayers.com\\\/tienda\\\/sin categor\u00eda\\\/controlador-behringer-mod-x-touch-mini\\\/\",\"name\":\"CONTROLADOR BEHRINGER MOD. X-TOUCH MINI - Mexican Guitar Players\",\"isPartOf\":{\"@id\":\"https:\\\/\\\/www.mexicanguitarplayers.com\\\/#website\"},\"primaryImageOfPage\":{\"@id\":\"https:\\\/\\\/www.mexicanguitarplayers.com\\\/tienda\\\/sin categor\u00eda\\\/controlador-behringer-mod-x-touch-mini\\\/#primaryimage\"},\"image\":{\"@id\":\"https:\\\/\\\/www.mexicanguitarplayers.com\\\/tienda\\\/sin categor\u00eda\\\/controlador-behringer-mod-x-touch-mini\\\/#primaryimage\"},\"thumbnailUrl\":\"https:\\\/\\\/www.mexicanguitarplayers.com\\\/wp-content\\\/uploads\\\/2025\\\/04\\\/IABEHXTOUCHMIN.jpg\",\"datePublished\":\"2025-04-09T13:29:28+00:00\",\"dateModified\":\"2026-01-01T10:39:00+00:00\",\"description\":\"Controlador USB universal ultra compacto, ideal para DAWs, instrumentos, aplicaciones de efectos e iluminaci\u00f3n, modo de emulaci\u00f3n Mackie Control para una integraci\u00f3n perfecta con todos los programas de producci\u00f3n de m\u00fasica compatibles, faders maestro de 60 mm de largo, modo de doble capa para cambiar r\u00e1pidamente entre DAW y control de los instrumentos, elementos de control pre configurados para elfuncionamiento instant\u00e1neo apenas sac\u00e1ndolo de su caja, aplicaci\u00f3n de edici\u00f3n f\u00e1cil de usar para una configuraci\u00f3n detallada descargable desde la p\u00e1gina de Behringer, 8 controles giratorios con collares LED para ajustes sobre la marcha, 26botones iluminados dedicados (incluyendo control de transporte) para el acceso directo a las funciones clave, interfaz MIDI USB para conexi\u00f3n directa a Mac o PC (no se requieren drivers), dise\u00f1o ultra compacto para una f\u00e1cil conexi\u00f3n en cascada y complemento para otros modelos X-Touch, acceso inmediato a 2 capas de 25elementos de control, alimentado por bus UBS (no requiere adaptador de corriente), dimensiones: 47 x 325 x 102 mm, peso: 0.5 kg.\",\"breadcrumb\":{\"@id\":\"https:\\\/\\\/www.mexicanguitarplayers.com\\\/tienda\\\/sin categor\u00eda\\\/controlador-behringer-mod-x-touch-mini\\\/#breadcrumb\"},\"inLanguage\":\"en-US\",\"potentialAction\":[{\"@type\":\"ReadAction\",\"target\":[\"https:\\\/\\\/www.mexicanguitarplayers.com\\\/tienda\\\/sin categor\u00eda\\\/controlador-behringer-mod-x-touch-mini\\\/\"]}]},{\"@type\":\"ImageObject\",\"inLanguage\":\"en-US\",\"@id\":\"https:\\\/\\\/www.mexicanguitarplayers.com\\\/tienda\\\/sin categor\u00eda\\\/controlador-behringer-mod-x-touch-mini\\\/#primaryimage\",\"url\":\"https:\\\/\\\/www.mexicanguitarplayers.com\\\/wp-content\\\/uploads\\\/2025\\\/04\\\/IABEHXTOUCHMIN.jpg\",\"contentUrl\":\"https:\\\/\\\/www.mexicanguitarplayers.com\\\/wp-content\\\/uploads\\\/2025\\\/04\\\/IABEHXTOUCHMIN.jpg\",\"width\":1600,\"height\":800},{\"@type\":\"BreadcrumbList\",\"@id\":\"https:\\\/\\\/www.mexicanguitarplayers.com\\\/tienda\\\/sin categor\u00eda\\\/controlador-behringer-mod-x-touch-mini\\\/#breadcrumb\",\"itemListElement\":[{\"@type\":\"ListItem\",\"position\":1,\"name\":\"Portada\",\"item\":\"https:\\\/\\\/www.mexicanguitarplayers.com\\\/\"},{\"@type\":\"ListItem\",\"position\":2,\"name\":\"Tienda\",\"item\":\"https:\\\/\\\/www.mexicanguitarplayers.com\\\/tienda\\\/\"},{\"@type\":\"ListItem\",\"position\":3,\"name\":\"CONTROLADOR BEHRINGER MOD. X-TOUCH MINI\"}]},{\"@type\":\"WebSite\",\"@id\":\"https:\\\/\\\/www.mexicanguitarplayers.com\\\/#website\",\"url\":\"https:\\\/\\\/www.mexicanguitarplayers.com\\\/\",\"name\":\"Mexican Guitar Players\",\"description\":\"Website\",\"publisher\":{\"@id\":\"https:\\\/\\\/www.mexicanguitarplayers.com\\\/#organization\"},\"potentialAction\":[{\"@type\":\"SearchAction\",\"target\":{\"@type\":\"EntryPoint\",\"urlTemplate\":\"https:\\\/\\\/www.mexicanguitarplayers.com\\\/?s={search_term_string}\"},\"query-input\":{\"@type\":\"PropertyValueSpecification\",\"valueRequired\":true,\"valueName\":\"search_term_string\"}}],\"inLanguage\":\"en-US\"},{\"@type\":\"Organization\",\"@id\":\"https:\\\/\\\/www.mexicanguitarplayers.com\\\/#organization\",\"name\":\"Mexican Guitar Players\",\"url\":\"https:\\\/\\\/www.mexicanguitarplayers.com\\\/\",\"logo\":{\"@type\":\"ImageObject\",\"inLanguage\":\"en-US\",\"@id\":\"https:\\\/\\\/www.mexicanguitarplayers.com\\\/#\\\/schema\\\/logo\\\/image\\\/\",\"url\":\"\",\"contentUrl\":\"\",\"caption\":\"Mexican Guitar Players\"},\"image\":{\"@id\":\"https:\\\/\\\/www.mexicanguitarplayers.com\\\/#\\\/schema\\\/logo\\\/image\\\/\"}}]}<\/script>\n<!-- \/ Yoast SEO plugin. -->","yoast_head_json":{"title":"CONTROLADOR BEHRINGER MOD. X-TOUCH MINI - Mexican Guitar Players","description":"Controlador USB universal ultra compacto, ideal para DAWs, instrumentos, aplicaciones de efectos e iluminaci\u00f3n, modo de emulaci\u00f3n Mackie Control para una integraci\u00f3n perfecta con todos los programas de producci\u00f3n de m\u00fasica compatibles, faders maestro de 60 mm de largo, modo de doble capa para cambiar r\u00e1pidamente entre DAW y control de los instrumentos, elementos de control pre configurados para elfuncionamiento instant\u00e1neo apenas sac\u00e1ndolo de su caja, aplicaci\u00f3n de edici\u00f3n f\u00e1cil de usar para una configuraci\u00f3n detallada descargable desde la p\u00e1gina de Behringer, 8 controles giratorios con collares LED para ajustes sobre la marcha, 26botones iluminados dedicados (incluyendo control de transporte) para el acceso directo a las funciones clave, interfaz MIDI USB para conexi\u00f3n directa a Mac o PC (no se requieren drivers), dise\u00f1o ultra compacto para una f\u00e1cil conexi\u00f3n en cascada y complemento para otros modelos X-Touch, acceso inmediato a 2 capas de 25elementos de control, alimentado por bus UBS (no requiere adaptador de corriente), dimensiones: 47 x 325 x 102 mm, peso: 0.5 kg.","robots":{"index":"index","follow":"follow","max-snippet":"max-snippet:-1","max-image-preview":"max-image-preview:large","max-video-preview":"max-video-preview:-1"},"canonical":"https:\/\/www.mexicanguitarplayers.com\/en\/tienda\/sin categor\u00eda\/controlador-behringer-mod-x-touch-mini\/","og_locale":"en_US","og_type":"article","og_title":"CONTROLADOR BEHRINGER MOD. X-TOUCH MINI - Mexican Guitar Players","og_description":"Controlador USB universal ultra compacto, ideal para DAWs, instrumentos, aplicaciones de efectos e iluminaci\u00f3n, modo de emulaci\u00f3n Mackie Control para una integraci\u00f3n perfecta con todos los programas de producci\u00f3n de m\u00fasica compatibles, faders maestro de 60 mm de largo, modo de doble capa para cambiar r\u00e1pidamente entre DAW y control de los instrumentos, elementos de control pre configurados para elfuncionamiento instant\u00e1neo apenas sac\u00e1ndolo de su caja, aplicaci\u00f3n de edici\u00f3n f\u00e1cil de usar para una configuraci\u00f3n detallada descargable desde la p\u00e1gina de Behringer, 8 controles giratorios con collares LED para ajustes sobre la marcha, 26botones iluminados dedicados (incluyendo control de transporte) para el acceso directo a las funciones clave, interfaz MIDI USB para conexi\u00f3n directa a Mac o PC (no se requieren drivers), dise\u00f1o ultra compacto para una f\u00e1cil conexi\u00f3n en cascada y complemento para otros modelos X-Touch, acceso inmediato a 2 capas de 25elementos de control, alimentado por bus UBS (no requiere adaptador de corriente), dimensiones: 47 x 325 x 102 mm, peso: 0.5 kg.","og_url":"https:\/\/www.mexicanguitarplayers.com\/en\/tienda\/sin categor\u00eda\/controlador-behringer-mod-x-touch-mini\/","og_site_name":"Mexican Guitar Players","article_modified_time":"2026-01-01T10:39:00+00:00","twitter_card":"summary_large_image","twitter_misc":{"Est. reading time":"3 minutes"},"schema":{"@context":"https:\/\/schema.org","@graph":[{"@type":["WebPage","ItemPage"],"@id":"https:\/\/www.mexicanguitarplayers.com\/tienda\/sin categor\u00eda\/controlador-behringer-mod-x-touch-mini\/","url":"https:\/\/www.mexicanguitarplayers.com\/tienda\/sin categor\u00eda\/controlador-behringer-mod-x-touch-mini\/","name":"CONTROLADOR BEHRINGER MOD. X-TOUCH MINI - Mexican Guitar Players","isPartOf":{"@id":"https:\/\/www.mexicanguitarplayers.com\/#website"},"primaryImageOfPage":{"@id":"https:\/\/www.mexicanguitarplayers.com\/tienda\/sin categor\u00eda\/controlador-behringer-mod-x-touch-mini\/#primaryimage"},"image":{"@id":"https:\/\/www.mexicanguitarplayers.com\/tienda\/sin categor\u00eda\/controlador-behringer-mod-x-touch-mini\/#primaryimage"},"thumbnailUrl":"https:\/\/www.mexicanguitarplayers.com\/wp-content\/uploads\/2025\/04\/IABEHXTOUCHMIN.jpg","datePublished":"2025-04-09T13:29:28+00:00","dateModified":"2026-01-01T10:39:00+00:00","description":"Controlador USB universal ultra compacto, ideal para DAWs, instrumentos, aplicaciones de efectos e iluminaci\u00f3n, modo de emulaci\u00f3n Mackie Control para una integraci\u00f3n perfecta con todos los programas de producci\u00f3n de m\u00fasica compatibles, faders maestro de 60 mm de largo, modo de doble capa para cambiar r\u00e1pidamente entre DAW y control de los instrumentos, elementos de control pre configurados para elfuncionamiento instant\u00e1neo apenas sac\u00e1ndolo de su caja, aplicaci\u00f3n de edici\u00f3n f\u00e1cil de usar para una configuraci\u00f3n detallada descargable desde la p\u00e1gina de Behringer, 8 controles giratorios con collares LED para ajustes sobre la marcha, 26botones iluminados dedicados (incluyendo control de transporte) para el acceso directo a las funciones clave, interfaz MIDI USB para conexi\u00f3n directa a Mac o PC (no se requieren drivers), dise\u00f1o ultra compacto para una f\u00e1cil conexi\u00f3n en cascada y complemento para otros modelos X-Touch, acceso inmediato a 2 capas de 25elementos de control, alimentado por bus UBS (no requiere adaptador de corriente), dimensiones: 47 x 325 x 102 mm, peso: 0.5 kg.","breadcrumb":{"@id":"https:\/\/www.mexicanguitarplayers.com\/tienda\/sin categor\u00eda\/controlador-behringer-mod-x-touch-mini\/#breadcrumb"},"inLanguage":"en-US","potentialAction":[{"@type":"ReadAction","target":["https:\/\/www.mexicanguitarplayers.com\/tienda\/sin categor\u00eda\/controlador-behringer-mod-x-touch-mini\/"]}]},{"@type":"ImageObject","inLanguage":"en-US","@id":"https:\/\/www.mexicanguitarplayers.com\/tienda\/sin categor\u00eda\/controlador-behringer-mod-x-touch-mini\/#primaryimage","url":"https:\/\/www.mexicanguitarplayers.com\/wp-content\/uploads\/2025\/04\/IABEHXTOUCHMIN.jpg","contentUrl":"https:\/\/www.mexicanguitarplayers.com\/wp-content\/uploads\/2025\/04\/IABEHXTOUCHMIN.jpg","width":1600,"height":800},{"@type":"BreadcrumbList","@id":"https:\/\/www.mexicanguitarplayers.com\/tienda\/sin categor\u00eda\/controlador-behringer-mod-x-touch-mini\/#breadcrumb","itemListElement":[{"@type":"ListItem","position":1,"name":"Portada","item":"https:\/\/www.mexicanguitarplayers.com\/"},{"@type":"ListItem","position":2,"name":"Tienda","item":"https:\/\/www.mexicanguitarplayers.com\/tienda\/"},{"@type":"ListItem","position":3,"name":"CONTROLADOR BEHRINGER MOD. X-TOUCH MINI"}]},{"@type":"WebSite","@id":"https:\/\/www.mexicanguitarplayers.com\/#website","url":"https:\/\/www.mexicanguitarplayers.com\/","name":"Mexican Guitar Players","description":"Website","publisher":{"@id":"https:\/\/www.mexicanguitarplayers.com\/#organization"},"potentialAction":[{"@type":"SearchAction","target":{"@type":"EntryPoint","urlTemplate":"https:\/\/www.mexicanguitarplayers.com\/?s={search_term_string}"},"query-input":{"@type":"PropertyValueSpecification","valueRequired":true,"valueName":"search_term_string"}}],"inLanguage":"en-US"},{"@type":"Organization","@id":"https:\/\/www.mexicanguitarplayers.com\/#organization","name":"Mexican Guitar Players","url":"https:\/\/www.mexicanguitarplayers.com\/","logo":{"@type":"ImageObject","inLanguage":"en-US","@id":"https:\/\/www.mexicanguitarplayers.com\/#\/schema\/logo\/image\/","url":"","contentUrl":"","caption":"Mexican Guitar Players"},"image":{"@id":"https:\/\/www.mexicanguitarplayers.com\/#\/schema\/logo\/image\/"}}]}},"brands":[{"id":171,"name":"BEHRINGER","slug":"behringer"}],"_links":{"self":[{"href":"https:\/\/www.mexicanguitarplayers.com\/en\/wp-json\/wp\/v2\/product\/41281","targetHints":{"allow":["GET"]}}],"collection":[{"href":"https:\/\/www.mexicanguitarplayers.com\/en\/wp-json\/wp\/v2\/product"}],"about":[{"href":"https:\/\/www.mexicanguitarplayers.com\/en\/wp-json\/wp\/v2\/types\/product"}],"replies":[{"embeddable":true,"href":"https:\/\/www.mexicanguitarplayers.com\/en\/wp-json\/wp\/v2\/comments?post=41281"}],"wp:featuredmedia":[{"embeddable":true,"href":"https:\/\/www.mexicanguitarplayers.com\/en\/wp-json\/wp\/v2\/media\/41277"}],"wp:attachment":[{"href":"https:\/\/www.mexicanguitarplayers.com\/en\/wp-json\/wp\/v2\/media?parent=41281"}],"wp:term":[{"taxonomy":"pwb-brand","embeddable":true,"href":"https:\/\/www.mexicanguitarplayers.com\/en\/wp-json\/wp\/v2\/pwb-brand?post=41281"},{"taxonomy":"product_brand","embeddable":true,"href":"https:\/\/www.mexicanguitarplayers.com\/en\/wp-json\/wp\/v2\/product_brand?post=41281"},{"taxonomy":"product_cat","embeddable":true,"href":"https:\/\/www.mexicanguitarplayers.com\/en\/wp-json\/wp\/v2\/product_cat?post=41281"},{"taxonomy":"product_tag","embeddable":true,"href":"https:\/\/www.mexicanguitarplayers.com\/en\/wp-json\/wp\/v2\/product_tag?post=41281"}],"curies":[{"name":"wp","href":"https:\/\/api.w.org\/{rel}","templated":true}]}}