{"id":41286,"date":"2025-04-09T07:29:36","date_gmt":"2025-04-09T13:29:36","guid":{"rendered":"https:\/\/www.mexicanguitarplayers.com\/tienda\/sin categor\u00eda\/pedal-t-c-p-guitarra-tube-pilot-overdri\/"},"modified":"2026-05-01T04:16:49","modified_gmt":"2026-05-01T10:16:49","slug":"pedal-t-c-p-guitarra-tube-pilot-overdri","status":"publish","type":"product","link":"https:\/\/www.mexicanguitarplayers.com\/en\/tienda\/cuerdas\/efectos\/efectos-individuales\/pedal-t-c-p-guitarra-tube-pilot-overdri\/","title":{"rendered":"PEDAL T.C. P\/GUITARRA TUBE PILOT OVERDRI"},"content":{"rendered":"<div style=\"text-align: justify\">\n<div>\n<h3>Pon en marcha el pedal y toma el control.<\/h3>\n<\/div>\n<div>Tube Pilot Overdrive est\u00e1 lleno de la saturaci\u00f3n org\u00e1nica y muy sensible de un amplificador de bulbos, te lleva a una zona peligrosa e impulsa tu tono hacia la estrat\u00f3sfera. Lo suficientemente poderoso para satisfacer a cualquier as de la guitarra que sienta la necesidad de la velocidad. Este pedal escupe llamas de tonos por medio de un aut\u00e9ntico bulbo 12AX7 para obtener una aut\u00e9ntica respuesta de amplificaci\u00f3n de bulbo. Overdrive real de bulbo. El pedal Tube Pilot te da el sonido y la sensaci\u00f3n de los preamplificadores de bulbo old-school, llev\u00e1ndote a una distorsi\u00f3n natural. Dentro del pedal se encuentra un bulbo 12AX7 como el que se usaba en las etapas de pre-amplificaci\u00f3n de much\u00edsimos amplificadores cl\u00e1sicos de guitarra, produciendo el rico y arm\u00f3nicamente saturado overdrive que solamente los bulbos pueden producir. Usando la perilla Tube Drive en el pedal, t\u00fa controlas qu\u00e9 tan fuerte  est\u00e1 funcionando el bulbo. Desde un apenas dulce sudor hasta encender los postquemadores y volar hacia la estrat\u00f3sfera. Din\u00e1mica inigualable. El tono y la sensaci\u00f3n que obtienes del Tube Pilot son como lo que obtienes de un amplificador de bulbos de la vieja escuela. Es extremadamente sensible al toque y reacciona al modo en el que atacas las cuerdas. Tal y como un amplificador de bulbos encendido, puedes usar la din\u00e1mica de p\u00faas para ir sin problemas de tonos limpios y c\u00e1lidos a tonos ricos o fat blues con un gran sustain. Para uso rudo. Alojado en una carcasa met\u00e1lica de alta calidad, el pedal Tube Pilot Overdrive es resistente y durar\u00e1 por mucho tiempo gracias a sus materiales met\u00e1licos. El circuito completamente an\u00e1logo opera de forma silenciosa y con tecnolog\u00eda true-bypass manteniendo la integridad de tu sonido cuando el pedal no est\u00e1 funcionando. <\/div>\n<div>\n<h4>Quick look<\/h4>\n<\/div>\n<ul style=\"margin: 0px 0px 0px 25px\">\n<li style=\"list-style-type: circle;margin: 5px\">Connectors.<\/li>\n<li style=\"list-style-type: circle;margin: 5px\">Power input.<\/li>\n<li style=\"list-style-type: circle;margin: 5px\">Battery option.<\/li>\n<li style=\"list-style-type: circle;margin: 5px\">Energy consumption.<\/li>\n<li style=\"list-style-type: circle;margin: 5px\">Dimensions.<\/li>\n<li style=\"list-style-type: circle;margin: 5px\">Weight.<\/li>\n<\/ul>\n<div>\n<div style=\"font-weight: bold\">Connectors.<\/div>\n<div>\n<p>Entrada: TS 1\/4&#8243; desbalanceado. Impedancia de entrada: 1 mili-ohm. Salida: TS 1\/4&#8243; desbalanceado. Impedancia de salida: 1 kilo-ohm.<\/p>\n<\/div>\n<div style=\"font-weight: bold\">Power input.<\/div>\n<div>\n<p>9V DC est\u00e1ndar, centro negativo, &gt;400 mA (no incluido).<\/p>\n<\/div>\n<div style=\"font-weight: bold\">Battery option.<\/div>\n<div>\n<p>No.<\/p>\n<\/div>\n<div style=\"font-weight: bold\">Energy consumption.<\/div>\n<div>\n<p>400 mA.<\/p>\n<\/div>\n<div style=\"font-weight: bold\">Dimensions.<\/div>\n<div>\n<p>58 x 74 x 132 mm.<\/p>\n<\/div>\n<div style=\"font-weight: bold\">Weight.<\/div>\n<div>\n<p>0.5 kg.<\/p>\n<\/div>\n<\/div>\n<\/div>","protected":false},"excerpt":{"rendered":"<p>Pedal overdrive de bulbo para guitarra, usa un bulbo 12AX7, circuito completamente anal\u00f3gico, true bypass, din\u00e1mica sin igual, control de drive y control de nivel de salida, entrada y salida jack 1\/4\u201d, funciona con adaptador de corriente de 9V (no incluido), consumo de energ\u00eda: 400 mA, dimensiones: 58 x 74 x 132 mm, peso: 0.5 kg.&hellip; <a class=\"kt-excerpt-readmore more-link\" href=\"https:\/\/www.mexicanguitarplayers.com\/en\/tienda\/cuerdas\/efectos\/efectos-individuales\/pedal-t-c-p-guitarra-tube-pilot-overdri\/\">Read more<\/a><\/p>","protected":false},"featured_media":41284,"comment_status":"open","ping_status":"closed","template":"","meta":{"kt_blocks_editor_width":""},"pwb-brand":[170],"product_brand":[],"product_cat":[224,241,504],"product_tag":[],"class_list":{"0":"post-41286","1":"product","2":"type-product","3":"status-publish","4":"has-post-thumbnail","6":"pwb-brand-tc-electronic","7":"product_cat-cuerdas","8":"product_cat-efectos","9":"product_cat-efectos-individuales","10":"product_shipping_class-0-5-kg","12":"first","13":"outofstock","14":"taxable","15":"shipping-taxable","16":"purchasable","17":"product-type-simple"},"yoast_head":"<!-- This site is optimized with the Yoast SEO plugin v27.5 - https:\/\/yoast.com\/product\/yoast-seo-wordpress\/ -->\n<title>PEDAL T.C. P\/GUITARRA TUBE PILOT OVERDRI - Mexican Guitar Players<\/title>\n<meta name=\"description\" content=\"Pedal overdrive de bulbo para guitarra, usa un bulbo 12AX7, circuito completamente anal\u00f3gico, true bypass, din\u00e1mica sin igual, control de drive y control de nivel de salida, entrada y salida jack 1\/4\u201d, funciona con adaptador de corriente de 9V (no incluido), consumo de energ\u00eda: 400 mA, dimensiones: 58 x 74 x 132 mm, peso: 0.5 kg.\" \/>\n<meta name=\"robots\" content=\"index, follow, max-snippet:-1, max-image-preview:large, max-video-preview:-1\" \/>\n<link rel=\"canonical\" href=\"https:\/\/www.mexicanguitarplayers.com\/en\/tienda\/sin%20categor\u00eda\/pedal-t-c-p-guitarra-tube-pilot-overdri\/\" \/>\n<meta property=\"og:locale\" content=\"en_US\" \/>\n<meta property=\"og:type\" content=\"article\" \/>\n<meta property=\"og:title\" content=\"PEDAL T.C. P\/GUITARRA TUBE PILOT OVERDRI - Mexican Guitar Players\" \/>\n<meta property=\"og:description\" content=\"Pedal overdrive de bulbo para guitarra, usa un bulbo 12AX7, circuito completamente anal\u00f3gico, true bypass, din\u00e1mica sin igual, control de drive y control de nivel de salida, entrada y salida jack 1\/4\u201d, funciona con adaptador de corriente de 9V (no incluido), consumo de energ\u00eda: 400 mA, dimensiones: 58 x 74 x 132 mm, peso: 0.5 kg.\" \/>\n<meta property=\"og:url\" content=\"https:\/\/www.mexicanguitarplayers.com\/en\/tienda\/sin categor\u00eda\/pedal-t-c-p-guitarra-tube-pilot-overdri\/\" \/>\n<meta property=\"og:site_name\" content=\"Mexican Guitar Players\" \/>\n<meta property=\"article:modified_time\" content=\"2026-05-01T10:16:49+00:00\" \/>\n<meta name=\"twitter:card\" content=\"summary_large_image\" \/>\n<meta name=\"twitter:label1\" content=\"Est. reading time\" \/>\n\t<meta name=\"twitter:data1\" content=\"2 minutes\" \/>\n<script type=\"application\/ld+json\" class=\"yoast-schema-graph\">{\"@context\":\"https:\\\/\\\/schema.org\",\"@graph\":[{\"@type\":[\"WebPage\",\"ItemPage\"],\"@id\":\"https:\\\/\\\/www.mexicanguitarplayers.com\\\/tienda\\\/sin categor\u00eda\\\/pedal-t-c-p-guitarra-tube-pilot-overdri\\\/\",\"url\":\"https:\\\/\\\/www.mexicanguitarplayers.com\\\/tienda\\\/sin categor\u00eda\\\/pedal-t-c-p-guitarra-tube-pilot-overdri\\\/\",\"name\":\"PEDAL T.C. P\\\/GUITARRA TUBE PILOT OVERDRI - Mexican Guitar Players\",\"isPartOf\":{\"@id\":\"https:\\\/\\\/www.mexicanguitarplayers.com\\\/#website\"},\"primaryImageOfPage\":{\"@id\":\"https:\\\/\\\/www.mexicanguitarplayers.com\\\/tienda\\\/sin categor\u00eda\\\/pedal-t-c-p-guitarra-tube-pilot-overdri\\\/#primaryimage\"},\"image\":{\"@id\":\"https:\\\/\\\/www.mexicanguitarplayers.com\\\/tienda\\\/sin categor\u00eda\\\/pedal-t-c-p-guitarra-tube-pilot-overdri\\\/#primaryimage\"},\"thumbnailUrl\":\"https:\\\/\\\/www.mexicanguitarplayers.com\\\/wp-content\\\/uploads\\\/2025\\\/04\\\/VATCETUBEPILOT.jpg\",\"datePublished\":\"2025-04-09T13:29:36+00:00\",\"dateModified\":\"2026-05-01T10:16:49+00:00\",\"description\":\"Pedal overdrive de bulbo para guitarra, usa un bulbo 12AX7, circuito completamente anal\u00f3gico, true bypass, din\u00e1mica sin igual, control de drive y control de nivel de salida, entrada y salida jack 1\\\/4\u201d, funciona con adaptador de corriente de 9V (no incluido), consumo de energ\u00eda: 400 mA, dimensiones: 58 x 74 x 132 mm, peso: 0.5 kg.\",\"breadcrumb\":{\"@id\":\"https:\\\/\\\/www.mexicanguitarplayers.com\\\/tienda\\\/sin categor\u00eda\\\/pedal-t-c-p-guitarra-tube-pilot-overdri\\\/#breadcrumb\"},\"inLanguage\":\"en-US\",\"potentialAction\":[{\"@type\":\"ReadAction\",\"target\":[\"https:\\\/\\\/www.mexicanguitarplayers.com\\\/tienda\\\/sin categor\u00eda\\\/pedal-t-c-p-guitarra-tube-pilot-overdri\\\/\"]}]},{\"@type\":\"ImageObject\",\"inLanguage\":\"en-US\",\"@id\":\"https:\\\/\\\/www.mexicanguitarplayers.com\\\/tienda\\\/sin categor\u00eda\\\/pedal-t-c-p-guitarra-tube-pilot-overdri\\\/#primaryimage\",\"url\":\"https:\\\/\\\/www.mexicanguitarplayers.com\\\/wp-content\\\/uploads\\\/2025\\\/04\\\/VATCETUBEPILOT.jpg\",\"contentUrl\":\"https:\\\/\\\/www.mexicanguitarplayers.com\\\/wp-content\\\/uploads\\\/2025\\\/04\\\/VATCETUBEPILOT.jpg\",\"width\":1200,\"height\":1200},{\"@type\":\"BreadcrumbList\",\"@id\":\"https:\\\/\\\/www.mexicanguitarplayers.com\\\/tienda\\\/sin categor\u00eda\\\/pedal-t-c-p-guitarra-tube-pilot-overdri\\\/#breadcrumb\",\"itemListElement\":[{\"@type\":\"ListItem\",\"position\":1,\"name\":\"Portada\",\"item\":\"https:\\\/\\\/www.mexicanguitarplayers.com\\\/\"},{\"@type\":\"ListItem\",\"position\":2,\"name\":\"Tienda\",\"item\":\"https:\\\/\\\/www.mexicanguitarplayers.com\\\/tienda\\\/\"},{\"@type\":\"ListItem\",\"position\":3,\"name\":\"PEDAL T.C. P\\\/GUITARRA TUBE PILOT OVERDRI\"}]},{\"@type\":\"WebSite\",\"@id\":\"https:\\\/\\\/www.mexicanguitarplayers.com\\\/#website\",\"url\":\"https:\\\/\\\/www.mexicanguitarplayers.com\\\/\",\"name\":\"Mexican Guitar Players\",\"description\":\"Website\",\"publisher\":{\"@id\":\"https:\\\/\\\/www.mexicanguitarplayers.com\\\/#organization\"},\"potentialAction\":[{\"@type\":\"SearchAction\",\"target\":{\"@type\":\"EntryPoint\",\"urlTemplate\":\"https:\\\/\\\/www.mexicanguitarplayers.com\\\/?s={search_term_string}\"},\"query-input\":{\"@type\":\"PropertyValueSpecification\",\"valueRequired\":true,\"valueName\":\"search_term_string\"}}],\"inLanguage\":\"en-US\"},{\"@type\":\"Organization\",\"@id\":\"https:\\\/\\\/www.mexicanguitarplayers.com\\\/#organization\",\"name\":\"Mexican Guitar Players\",\"url\":\"https:\\\/\\\/www.mexicanguitarplayers.com\\\/\",\"logo\":{\"@type\":\"ImageObject\",\"inLanguage\":\"en-US\",\"@id\":\"https:\\\/\\\/www.mexicanguitarplayers.com\\\/#\\\/schema\\\/logo\\\/image\\\/\",\"url\":\"\",\"contentUrl\":\"\",\"caption\":\"Mexican Guitar Players\"},\"image\":{\"@id\":\"https:\\\/\\\/www.mexicanguitarplayers.com\\\/#\\\/schema\\\/logo\\\/image\\\/\"}}]}<\/script>\n<!-- \/ Yoast SEO plugin. -->","yoast_head_json":{"title":"PEDAL T.C. P\/GUITARRA TUBE PILOT OVERDRI - Mexican Guitar Players","description":"Pedal overdrive de bulbo para guitarra, usa un bulbo 12AX7, circuito completamente anal\u00f3gico, true bypass, din\u00e1mica sin igual, control de drive y control de nivel de salida, entrada y salida jack 1\/4\u201d, funciona con adaptador de corriente de 9V (no incluido), consumo de energ\u00eda: 400 mA, dimensiones: 58 x 74 x 132 mm, peso: 0.5 kg.","robots":{"index":"index","follow":"follow","max-snippet":"max-snippet:-1","max-image-preview":"max-image-preview:large","max-video-preview":"max-video-preview:-1"},"canonical":"https:\/\/www.mexicanguitarplayers.com\/en\/tienda\/sin categor\u00eda\/pedal-t-c-p-guitarra-tube-pilot-overdri\/","og_locale":"en_US","og_type":"article","og_title":"PEDAL T.C. P\/GUITARRA TUBE PILOT OVERDRI - Mexican Guitar Players","og_description":"Pedal overdrive de bulbo para guitarra, usa un bulbo 12AX7, circuito completamente anal\u00f3gico, true bypass, din\u00e1mica sin igual, control de drive y control de nivel de salida, entrada y salida jack 1\/4\u201d, funciona con adaptador de corriente de 9V (no incluido), consumo de energ\u00eda: 400 mA, dimensiones: 58 x 74 x 132 mm, peso: 0.5 kg.","og_url":"https:\/\/www.mexicanguitarplayers.com\/en\/tienda\/sin categor\u00eda\/pedal-t-c-p-guitarra-tube-pilot-overdri\/","og_site_name":"Mexican Guitar Players","article_modified_time":"2026-05-01T10:16:49+00:00","twitter_card":"summary_large_image","twitter_misc":{"Est. reading time":"2 minutes"},"schema":{"@context":"https:\/\/schema.org","@graph":[{"@type":["WebPage","ItemPage"],"@id":"https:\/\/www.mexicanguitarplayers.com\/tienda\/sin categor\u00eda\/pedal-t-c-p-guitarra-tube-pilot-overdri\/","url":"https:\/\/www.mexicanguitarplayers.com\/tienda\/sin categor\u00eda\/pedal-t-c-p-guitarra-tube-pilot-overdri\/","name":"PEDAL T.C. P\/GUITARRA TUBE PILOT OVERDRI - Mexican Guitar Players","isPartOf":{"@id":"https:\/\/www.mexicanguitarplayers.com\/#website"},"primaryImageOfPage":{"@id":"https:\/\/www.mexicanguitarplayers.com\/tienda\/sin categor\u00eda\/pedal-t-c-p-guitarra-tube-pilot-overdri\/#primaryimage"},"image":{"@id":"https:\/\/www.mexicanguitarplayers.com\/tienda\/sin categor\u00eda\/pedal-t-c-p-guitarra-tube-pilot-overdri\/#primaryimage"},"thumbnailUrl":"https:\/\/www.mexicanguitarplayers.com\/wp-content\/uploads\/2025\/04\/VATCETUBEPILOT.jpg","datePublished":"2025-04-09T13:29:36+00:00","dateModified":"2026-05-01T10:16:49+00:00","description":"Pedal overdrive de bulbo para guitarra, usa un bulbo 12AX7, circuito completamente anal\u00f3gico, true bypass, din\u00e1mica sin igual, control de drive y control de nivel de salida, entrada y salida jack 1\/4\u201d, funciona con adaptador de corriente de 9V (no incluido), consumo de energ\u00eda: 400 mA, dimensiones: 58 x 74 x 132 mm, peso: 0.5 kg.","breadcrumb":{"@id":"https:\/\/www.mexicanguitarplayers.com\/tienda\/sin categor\u00eda\/pedal-t-c-p-guitarra-tube-pilot-overdri\/#breadcrumb"},"inLanguage":"en-US","potentialAction":[{"@type":"ReadAction","target":["https:\/\/www.mexicanguitarplayers.com\/tienda\/sin categor\u00eda\/pedal-t-c-p-guitarra-tube-pilot-overdri\/"]}]},{"@type":"ImageObject","inLanguage":"en-US","@id":"https:\/\/www.mexicanguitarplayers.com\/tienda\/sin categor\u00eda\/pedal-t-c-p-guitarra-tube-pilot-overdri\/#primaryimage","url":"https:\/\/www.mexicanguitarplayers.com\/wp-content\/uploads\/2025\/04\/VATCETUBEPILOT.jpg","contentUrl":"https:\/\/www.mexicanguitarplayers.com\/wp-content\/uploads\/2025\/04\/VATCETUBEPILOT.jpg","width":1200,"height":1200},{"@type":"BreadcrumbList","@id":"https:\/\/www.mexicanguitarplayers.com\/tienda\/sin categor\u00eda\/pedal-t-c-p-guitarra-tube-pilot-overdri\/#breadcrumb","itemListElement":[{"@type":"ListItem","position":1,"name":"Portada","item":"https:\/\/www.mexicanguitarplayers.com\/"},{"@type":"ListItem","position":2,"name":"Tienda","item":"https:\/\/www.mexicanguitarplayers.com\/tienda\/"},{"@type":"ListItem","position":3,"name":"PEDAL T.C. P\/GUITARRA TUBE PILOT OVERDRI"}]},{"@type":"WebSite","@id":"https:\/\/www.mexicanguitarplayers.com\/#website","url":"https:\/\/www.mexicanguitarplayers.com\/","name":"Mexican Guitar Players","description":"Website","publisher":{"@id":"https:\/\/www.mexicanguitarplayers.com\/#organization"},"potentialAction":[{"@type":"SearchAction","target":{"@type":"EntryPoint","urlTemplate":"https:\/\/www.mexicanguitarplayers.com\/?s={search_term_string}"},"query-input":{"@type":"PropertyValueSpecification","valueRequired":true,"valueName":"search_term_string"}}],"inLanguage":"en-US"},{"@type":"Organization","@id":"https:\/\/www.mexicanguitarplayers.com\/#organization","name":"Mexican Guitar Players","url":"https:\/\/www.mexicanguitarplayers.com\/","logo":{"@type":"ImageObject","inLanguage":"en-US","@id":"https:\/\/www.mexicanguitarplayers.com\/#\/schema\/logo\/image\/","url":"","contentUrl":"","caption":"Mexican Guitar Players"},"image":{"@id":"https:\/\/www.mexicanguitarplayers.com\/#\/schema\/logo\/image\/"}}]}},"brands":[{"id":170,"name":"TC-ELECTRONIC","slug":"tc-electronic"}],"_links":{"self":[{"href":"https:\/\/www.mexicanguitarplayers.com\/en\/wp-json\/wp\/v2\/product\/41286","targetHints":{"allow":["GET"]}}],"collection":[{"href":"https:\/\/www.mexicanguitarplayers.com\/en\/wp-json\/wp\/v2\/product"}],"about":[{"href":"https:\/\/www.mexicanguitarplayers.com\/en\/wp-json\/wp\/v2\/types\/product"}],"replies":[{"embeddable":true,"href":"https:\/\/www.mexicanguitarplayers.com\/en\/wp-json\/wp\/v2\/comments?post=41286"}],"wp:featuredmedia":[{"embeddable":true,"href":"https:\/\/www.mexicanguitarplayers.com\/en\/wp-json\/wp\/v2\/media\/41284"}],"wp:attachment":[{"href":"https:\/\/www.mexicanguitarplayers.com\/en\/wp-json\/wp\/v2\/media?parent=41286"}],"wp:term":[{"taxonomy":"pwb-brand","embeddable":true,"href":"https:\/\/www.mexicanguitarplayers.com\/en\/wp-json\/wp\/v2\/pwb-brand?post=41286"},{"taxonomy":"product_brand","embeddable":true,"href":"https:\/\/www.mexicanguitarplayers.com\/en\/wp-json\/wp\/v2\/product_brand?post=41286"},{"taxonomy":"product_cat","embeddable":true,"href":"https:\/\/www.mexicanguitarplayers.com\/en\/wp-json\/wp\/v2\/product_cat?post=41286"},{"taxonomy":"product_tag","embeddable":true,"href":"https:\/\/www.mexicanguitarplayers.com\/en\/wp-json\/wp\/v2\/product_tag?post=41286"}],"curies":[{"name":"wp","href":"https:\/\/api.w.org\/{rel}","templated":true}]}}