{"id":41329,"date":"2025-04-09T07:31:15","date_gmt":"2025-04-09T13:31:15","guid":{"rendered":"https:\/\/www.mexicanguitarplayers.com\/tienda\/sin categor\u00eda\/pastillas-sd-jgo-sc-quarterpound-jazz-ba\/"},"modified":"2026-04-27T19:15:04","modified_gmt":"2026-04-28T01:15:04","slug":"pastillas-sd-jgo-sc-quarterpound-jazz-ba","status":"publish","type":"product","link":"https:\/\/www.mexicanguitarplayers.com\/en\/tienda\/accesorios\/estuches-y-fundas\/para-bajo-estuches-y-fundas\/pastillas-sd-jgo-sc-quarterpound-jazz-ba\/","title":{"rendered":"PASTILLAS SD JGO SC QUARTERPOUND JAZZ BA"},"content":{"rendered":"<div style=\"text-align: justify\">\n<div>\n<h3>El mejor sonido de tu bajo.<\/h3>\n<\/div>\n<div>Las pastillas Quarter Pound Jazz Bass lo tienen todo: Salida potente, gran ataque y actitud masiva. Los polos de 1\/4&#8243; de di\u00e1metro y el bobinado apretado brindan una respuesta completa y uniforme con gran sustain y complejidad s\u00f3nica para un tono poderoso adecuado para cualquier g\u00e9nero. Obtienes la salida m\u00e1s alta de una bobina overwound, con la articulaci\u00f3n y los agudos detallados de una pastilla vintage. El modelo de posici\u00f3n del brazo es bobinado RWRP (bobinado inverso\/polaridad inversa) para la cancelaci\u00f3n de zumbidos cuando se usa con la pastilla del puente. Estas pastillas son reemplazos directos para cualquier American Standar Jazz Bass (los Mexican Standar Jazz Bass usan dos pastillas de tama\u00f1o brazo). Fabricadas a mano en Santa B\u00e1rbara, California, las pastillas Quarter Pound para Jazz Bass utilizan imanes de alnico 5 y Forbon y est\u00e1n recubiertas de cera para un funcionamiento sin chirridos. Cada uno viene con una cubierta negra y est\u00e1n disponibles en configuraciones de 4 y 5 cuerdas.<\/div>\n<div>\n<h4>Quick look<\/h4>\n<\/div>\n<ul style=\"margin: 0px 0px 0px 25px\">\n<li style=\"list-style-type: circle;margin: 5px\">Modelo.<\/li>\n<li style=\"list-style-type: circle;margin: 5px\">Posici\u00f3n.<\/li>\n<li style=\"list-style-type: circle;margin: 5px\">Espaciado.<\/li>\n<li style=\"list-style-type: circle;margin: 5px\">Alambrado.<\/li>\n<li style=\"list-style-type: circle;margin: 5px\">Im\u00e1n.<\/li>\n<li style=\"list-style-type: circle;margin: 5px\">Resistencia.<\/li>\n<\/ul>\n<div>\n<div style=\"font-weight: bold\">Modelo.<\/div>\n<div>\n<p>Quarter Pound Jazz Bass.<\/p>\n<\/div>\n<div style=\"font-weight: bold\">Posici\u00f3n.<\/div>\n<div>\n<p>Para brazo y puente.<\/p>\n<\/div>\n<div style=\"font-weight: bold\">Espaciado.<\/div>\n<div>\n<p>Est\u00e1ndar.<\/p>\n<\/div>\n<div style=\"font-weight: bold\">Alambrado.<\/div>\n<div>\n<p>PVC Lead Wire.<\/p>\n<\/div>\n<div style=\"font-weight: bold\">Im\u00e1n.<\/div>\n<div>\n<p>Alinico 5.<\/p>\n<\/div>\n<div style=\"font-weight: bold\">Resistencia.<\/div>\n<div>\n<p>Brazo: 13.7 kilo-ohms. Puente: 13.7 kilo-ohms.<\/p>\n<\/div>\n<\/div>\n<\/div>","protected":false},"excerpt":{"rendered":"<p>Set de pastillas para bajo Jazz Bass de 4 cuerdas, modelo Quarter Pound Jazz Bass, posiciones: puente y brazo, im\u00e1n: alnico 5, cableado: PVC Lead Wire, tipo: pasivo, resistencia brazo: 13.7 kilo-ohms, resistencia puente: 13.7 kilo-ohms, pastillas de alta potencia (SJB-3) que brindan toda la actitud y el golpe que podr\u00edas desear de un Jazz Bass.&hellip; <a class=\"kt-excerpt-readmore more-link\" href=\"https:\/\/www.mexicanguitarplayers.com\/en\/tienda\/accesorios\/estuches-y-fundas\/para-bajo-estuches-y-fundas\/pastillas-sd-jgo-sc-quarterpound-jazz-ba\/\">Read more<\/a><\/p>","protected":false},"featured_media":41324,"comment_status":"open","ping_status":"closed","template":"","meta":{"kt_blocks_editor_width":""},"pwb-brand":[502],"product_brand":[],"product_cat":[85,578,610],"product_tag":[],"class_list":{"0":"post-41329","1":"product","2":"type-product","3":"status-publish","4":"has-post-thumbnail","6":"pwb-brand-seymour-duncan","7":"product_cat-accesorios","8":"product_cat-para-bajo-estuches-y-fundas","9":"product_cat-pastillas-para-inst-orquestales","10":"product_shipping_class-0-5-kg","12":"first","13":"outofstock","14":"taxable","15":"shipping-taxable","16":"purchasable","17":"product-type-simple"},"yoast_head":"<!-- This site is optimized with the Yoast SEO plugin v27.5 - https:\/\/yoast.com\/product\/yoast-seo-wordpress\/ -->\n<title>PASTILLAS SD JGO SC QUARTERPOUND JAZZ BA - Mexican Guitar Players<\/title>\n<meta name=\"description\" content=\"Set de pastillas para bajo Jazz Bass de 4 cuerdas, modelo Quarter Pound Jazz Bass, posiciones: puente y brazo, im\u00e1n: alnico 5, cableado: PVC Lead Wire, tipo: pasivo, resistencia brazo: 13.7 kilo-ohms, resistencia puente: 13.7 kilo-ohms, pastillas de alta potencia (SJB-3) que brindan toda la actitud y el golpe que podr\u00edas desear de un Jazz Bass.\" \/>\n<meta name=\"robots\" content=\"index, follow, max-snippet:-1, max-image-preview:large, max-video-preview:-1\" \/>\n<link rel=\"canonical\" href=\"https:\/\/www.mexicanguitarplayers.com\/en\/tienda\/sin%20categor\u00eda\/pastillas-sd-jgo-sc-quarterpound-jazz-ba\/\" \/>\n<meta property=\"og:locale\" content=\"en_US\" \/>\n<meta property=\"og:type\" content=\"article\" \/>\n<meta property=\"og:title\" content=\"PASTILLAS SD JGO SC QUARTERPOUND JAZZ BA - Mexican Guitar Players\" \/>\n<meta property=\"og:description\" content=\"Set de pastillas para bajo Jazz Bass de 4 cuerdas, modelo Quarter Pound Jazz Bass, posiciones: puente y brazo, im\u00e1n: alnico 5, cableado: PVC Lead Wire, tipo: pasivo, resistencia brazo: 13.7 kilo-ohms, resistencia puente: 13.7 kilo-ohms, pastillas de alta potencia (SJB-3) que brindan toda la actitud y el golpe que podr\u00edas desear de un Jazz Bass.\" \/>\n<meta property=\"og:url\" content=\"https:\/\/www.mexicanguitarplayers.com\/en\/tienda\/sin categor\u00eda\/pastillas-sd-jgo-sc-quarterpound-jazz-ba\/\" \/>\n<meta property=\"og:site_name\" content=\"Mexican Guitar Players\" \/>\n<meta property=\"article:modified_time\" content=\"2026-04-28T01:15:04+00:00\" \/>\n<meta name=\"twitter:card\" content=\"summary_large_image\" \/>\n<meta name=\"twitter:label1\" content=\"Est. reading time\" \/>\n\t<meta name=\"twitter:data1\" content=\"1 minute\" \/>\n<script type=\"application\/ld+json\" class=\"yoast-schema-graph\">{\"@context\":\"https:\\\/\\\/schema.org\",\"@graph\":[{\"@type\":[\"WebPage\",\"ItemPage\"],\"@id\":\"https:\\\/\\\/www.mexicanguitarplayers.com\\\/tienda\\\/sin categor\u00eda\\\/pastillas-sd-jgo-sc-quarterpound-jazz-ba\\\/\",\"url\":\"https:\\\/\\\/www.mexicanguitarplayers.com\\\/tienda\\\/sin categor\u00eda\\\/pastillas-sd-jgo-sc-quarterpound-jazz-ba\\\/\",\"name\":\"PASTILLAS SD JGO SC QUARTERPOUND JAZZ BA - Mexican Guitar Players\",\"isPartOf\":{\"@id\":\"https:\\\/\\\/www.mexicanguitarplayers.com\\\/#website\"},\"primaryImageOfPage\":{\"@id\":\"https:\\\/\\\/www.mexicanguitarplayers.com\\\/tienda\\\/sin categor\u00eda\\\/pastillas-sd-jgo-sc-quarterpound-jazz-ba\\\/#primaryimage\"},\"image\":{\"@id\":\"https:\\\/\\\/www.mexicanguitarplayers.com\\\/tienda\\\/sin categor\u00eda\\\/pastillas-sd-jgo-sc-quarterpound-jazz-ba\\\/#primaryimage\"},\"thumbnailUrl\":\"https:\\\/\\\/www.mexicanguitarplayers.com\\\/wp-content\\\/uploads\\\/2025\\\/04\\\/RASEOQUARPOJAZ.jpg\",\"datePublished\":\"2025-04-09T13:31:15+00:00\",\"dateModified\":\"2026-04-28T01:15:04+00:00\",\"description\":\"Set de pastillas para bajo Jazz Bass de 4 cuerdas, modelo Quarter Pound Jazz Bass, posiciones: puente y brazo, im\u00e1n: alnico 5, cableado: PVC Lead Wire, tipo: pasivo, resistencia brazo: 13.7 kilo-ohms, resistencia puente: 13.7 kilo-ohms, pastillas de alta potencia (SJB-3) que brindan toda la actitud y el golpe que podr\u00edas desear de un Jazz Bass.\",\"breadcrumb\":{\"@id\":\"https:\\\/\\\/www.mexicanguitarplayers.com\\\/tienda\\\/sin categor\u00eda\\\/pastillas-sd-jgo-sc-quarterpound-jazz-ba\\\/#breadcrumb\"},\"inLanguage\":\"en-US\",\"potentialAction\":[{\"@type\":\"ReadAction\",\"target\":[\"https:\\\/\\\/www.mexicanguitarplayers.com\\\/tienda\\\/sin categor\u00eda\\\/pastillas-sd-jgo-sc-quarterpound-jazz-ba\\\/\"]}]},{\"@type\":\"ImageObject\",\"inLanguage\":\"en-US\",\"@id\":\"https:\\\/\\\/www.mexicanguitarplayers.com\\\/tienda\\\/sin categor\u00eda\\\/pastillas-sd-jgo-sc-quarterpound-jazz-ba\\\/#primaryimage\",\"url\":\"https:\\\/\\\/www.mexicanguitarplayers.com\\\/wp-content\\\/uploads\\\/2025\\\/04\\\/RASEOQUARPOJAZ.jpg\",\"contentUrl\":\"https:\\\/\\\/www.mexicanguitarplayers.com\\\/wp-content\\\/uploads\\\/2025\\\/04\\\/RASEOQUARPOJAZ.jpg\",\"width\":1200,\"height\":1200},{\"@type\":\"BreadcrumbList\",\"@id\":\"https:\\\/\\\/www.mexicanguitarplayers.com\\\/tienda\\\/sin categor\u00eda\\\/pastillas-sd-jgo-sc-quarterpound-jazz-ba\\\/#breadcrumb\",\"itemListElement\":[{\"@type\":\"ListItem\",\"position\":1,\"name\":\"Portada\",\"item\":\"https:\\\/\\\/www.mexicanguitarplayers.com\\\/\"},{\"@type\":\"ListItem\",\"position\":2,\"name\":\"Tienda\",\"item\":\"https:\\\/\\\/www.mexicanguitarplayers.com\\\/tienda\\\/\"},{\"@type\":\"ListItem\",\"position\":3,\"name\":\"PASTILLAS SD JGO SC QUARTERPOUND JAZZ BA\"}]},{\"@type\":\"WebSite\",\"@id\":\"https:\\\/\\\/www.mexicanguitarplayers.com\\\/#website\",\"url\":\"https:\\\/\\\/www.mexicanguitarplayers.com\\\/\",\"name\":\"Mexican Guitar Players\",\"description\":\"Website\",\"publisher\":{\"@id\":\"https:\\\/\\\/www.mexicanguitarplayers.com\\\/#organization\"},\"potentialAction\":[{\"@type\":\"SearchAction\",\"target\":{\"@type\":\"EntryPoint\",\"urlTemplate\":\"https:\\\/\\\/www.mexicanguitarplayers.com\\\/?s={search_term_string}\"},\"query-input\":{\"@type\":\"PropertyValueSpecification\",\"valueRequired\":true,\"valueName\":\"search_term_string\"}}],\"inLanguage\":\"en-US\"},{\"@type\":\"Organization\",\"@id\":\"https:\\\/\\\/www.mexicanguitarplayers.com\\\/#organization\",\"name\":\"Mexican Guitar Players\",\"url\":\"https:\\\/\\\/www.mexicanguitarplayers.com\\\/\",\"logo\":{\"@type\":\"ImageObject\",\"inLanguage\":\"en-US\",\"@id\":\"https:\\\/\\\/www.mexicanguitarplayers.com\\\/#\\\/schema\\\/logo\\\/image\\\/\",\"url\":\"\",\"contentUrl\":\"\",\"caption\":\"Mexican Guitar Players\"},\"image\":{\"@id\":\"https:\\\/\\\/www.mexicanguitarplayers.com\\\/#\\\/schema\\\/logo\\\/image\\\/\"}}]}<\/script>\n<!-- \/ Yoast SEO plugin. -->","yoast_head_json":{"title":"PASTILLAS SD JGO SC QUARTERPOUND JAZZ BA - Mexican Guitar Players","description":"Set de pastillas para bajo Jazz Bass de 4 cuerdas, modelo Quarter Pound Jazz Bass, posiciones: puente y brazo, im\u00e1n: alnico 5, cableado: PVC Lead Wire, tipo: pasivo, resistencia brazo: 13.7 kilo-ohms, resistencia puente: 13.7 kilo-ohms, pastillas de alta potencia (SJB-3) que brindan toda la actitud y el golpe que podr\u00edas desear de un Jazz Bass.","robots":{"index":"index","follow":"follow","max-snippet":"max-snippet:-1","max-image-preview":"max-image-preview:large","max-video-preview":"max-video-preview:-1"},"canonical":"https:\/\/www.mexicanguitarplayers.com\/en\/tienda\/sin categor\u00eda\/pastillas-sd-jgo-sc-quarterpound-jazz-ba\/","og_locale":"en_US","og_type":"article","og_title":"PASTILLAS SD JGO SC QUARTERPOUND JAZZ BA - Mexican Guitar Players","og_description":"Set de pastillas para bajo Jazz Bass de 4 cuerdas, modelo Quarter Pound Jazz Bass, posiciones: puente y brazo, im\u00e1n: alnico 5, cableado: PVC Lead Wire, tipo: pasivo, resistencia brazo: 13.7 kilo-ohms, resistencia puente: 13.7 kilo-ohms, pastillas de alta potencia (SJB-3) que brindan toda la actitud y el golpe que podr\u00edas desear de un Jazz Bass.","og_url":"https:\/\/www.mexicanguitarplayers.com\/en\/tienda\/sin categor\u00eda\/pastillas-sd-jgo-sc-quarterpound-jazz-ba\/","og_site_name":"Mexican Guitar Players","article_modified_time":"2026-04-28T01:15:04+00:00","twitter_card":"summary_large_image","twitter_misc":{"Est. reading time":"1 minute"},"schema":{"@context":"https:\/\/schema.org","@graph":[{"@type":["WebPage","ItemPage"],"@id":"https:\/\/www.mexicanguitarplayers.com\/tienda\/sin categor\u00eda\/pastillas-sd-jgo-sc-quarterpound-jazz-ba\/","url":"https:\/\/www.mexicanguitarplayers.com\/tienda\/sin categor\u00eda\/pastillas-sd-jgo-sc-quarterpound-jazz-ba\/","name":"PASTILLAS SD JGO SC QUARTERPOUND JAZZ BA - Mexican Guitar Players","isPartOf":{"@id":"https:\/\/www.mexicanguitarplayers.com\/#website"},"primaryImageOfPage":{"@id":"https:\/\/www.mexicanguitarplayers.com\/tienda\/sin categor\u00eda\/pastillas-sd-jgo-sc-quarterpound-jazz-ba\/#primaryimage"},"image":{"@id":"https:\/\/www.mexicanguitarplayers.com\/tienda\/sin categor\u00eda\/pastillas-sd-jgo-sc-quarterpound-jazz-ba\/#primaryimage"},"thumbnailUrl":"https:\/\/www.mexicanguitarplayers.com\/wp-content\/uploads\/2025\/04\/RASEOQUARPOJAZ.jpg","datePublished":"2025-04-09T13:31:15+00:00","dateModified":"2026-04-28T01:15:04+00:00","description":"Set de pastillas para bajo Jazz Bass de 4 cuerdas, modelo Quarter Pound Jazz Bass, posiciones: puente y brazo, im\u00e1n: alnico 5, cableado: PVC Lead Wire, tipo: pasivo, resistencia brazo: 13.7 kilo-ohms, resistencia puente: 13.7 kilo-ohms, pastillas de alta potencia (SJB-3) que brindan toda la actitud y el golpe que podr\u00edas desear de un Jazz Bass.","breadcrumb":{"@id":"https:\/\/www.mexicanguitarplayers.com\/tienda\/sin categor\u00eda\/pastillas-sd-jgo-sc-quarterpound-jazz-ba\/#breadcrumb"},"inLanguage":"en-US","potentialAction":[{"@type":"ReadAction","target":["https:\/\/www.mexicanguitarplayers.com\/tienda\/sin categor\u00eda\/pastillas-sd-jgo-sc-quarterpound-jazz-ba\/"]}]},{"@type":"ImageObject","inLanguage":"en-US","@id":"https:\/\/www.mexicanguitarplayers.com\/tienda\/sin categor\u00eda\/pastillas-sd-jgo-sc-quarterpound-jazz-ba\/#primaryimage","url":"https:\/\/www.mexicanguitarplayers.com\/wp-content\/uploads\/2025\/04\/RASEOQUARPOJAZ.jpg","contentUrl":"https:\/\/www.mexicanguitarplayers.com\/wp-content\/uploads\/2025\/04\/RASEOQUARPOJAZ.jpg","width":1200,"height":1200},{"@type":"BreadcrumbList","@id":"https:\/\/www.mexicanguitarplayers.com\/tienda\/sin categor\u00eda\/pastillas-sd-jgo-sc-quarterpound-jazz-ba\/#breadcrumb","itemListElement":[{"@type":"ListItem","position":1,"name":"Portada","item":"https:\/\/www.mexicanguitarplayers.com\/"},{"@type":"ListItem","position":2,"name":"Tienda","item":"https:\/\/www.mexicanguitarplayers.com\/tienda\/"},{"@type":"ListItem","position":3,"name":"PASTILLAS SD JGO SC QUARTERPOUND JAZZ BA"}]},{"@type":"WebSite","@id":"https:\/\/www.mexicanguitarplayers.com\/#website","url":"https:\/\/www.mexicanguitarplayers.com\/","name":"Mexican Guitar Players","description":"Website","publisher":{"@id":"https:\/\/www.mexicanguitarplayers.com\/#organization"},"potentialAction":[{"@type":"SearchAction","target":{"@type":"EntryPoint","urlTemplate":"https:\/\/www.mexicanguitarplayers.com\/?s={search_term_string}"},"query-input":{"@type":"PropertyValueSpecification","valueRequired":true,"valueName":"search_term_string"}}],"inLanguage":"en-US"},{"@type":"Organization","@id":"https:\/\/www.mexicanguitarplayers.com\/#organization","name":"Mexican Guitar Players","url":"https:\/\/www.mexicanguitarplayers.com\/","logo":{"@type":"ImageObject","inLanguage":"en-US","@id":"https:\/\/www.mexicanguitarplayers.com\/#\/schema\/logo\/image\/","url":"","contentUrl":"","caption":"Mexican Guitar Players"},"image":{"@id":"https:\/\/www.mexicanguitarplayers.com\/#\/schema\/logo\/image\/"}}]}},"brands":[{"id":502,"name":"SEYMOUR DUNCAN","slug":"seymour-duncan"}],"_links":{"self":[{"href":"https:\/\/www.mexicanguitarplayers.com\/en\/wp-json\/wp\/v2\/product\/41329","targetHints":{"allow":["GET"]}}],"collection":[{"href":"https:\/\/www.mexicanguitarplayers.com\/en\/wp-json\/wp\/v2\/product"}],"about":[{"href":"https:\/\/www.mexicanguitarplayers.com\/en\/wp-json\/wp\/v2\/types\/product"}],"replies":[{"embeddable":true,"href":"https:\/\/www.mexicanguitarplayers.com\/en\/wp-json\/wp\/v2\/comments?post=41329"}],"wp:featuredmedia":[{"embeddable":true,"href":"https:\/\/www.mexicanguitarplayers.com\/en\/wp-json\/wp\/v2\/media\/41324"}],"wp:attachment":[{"href":"https:\/\/www.mexicanguitarplayers.com\/en\/wp-json\/wp\/v2\/media?parent=41329"}],"wp:term":[{"taxonomy":"pwb-brand","embeddable":true,"href":"https:\/\/www.mexicanguitarplayers.com\/en\/wp-json\/wp\/v2\/pwb-brand?post=41329"},{"taxonomy":"product_brand","embeddable":true,"href":"https:\/\/www.mexicanguitarplayers.com\/en\/wp-json\/wp\/v2\/product_brand?post=41329"},{"taxonomy":"product_cat","embeddable":true,"href":"https:\/\/www.mexicanguitarplayers.com\/en\/wp-json\/wp\/v2\/product_cat?post=41329"},{"taxonomy":"product_tag","embeddable":true,"href":"https:\/\/www.mexicanguitarplayers.com\/en\/wp-json\/wp\/v2\/product_tag?post=41329"}],"curies":[{"name":"wp","href":"https:\/\/api.w.org\/{rel}","templated":true}]}}