{"id":41333,"date":"2025-04-09T07:31:20","date_gmt":"2025-04-09T13:31:20","guid":{"rendered":"https:\/\/www.mexicanguitarplayers.com\/tienda\/sin categor\u00eda\/medusa-behringer-digital-mod-s16\/"},"modified":"2026-04-10T04:18:28","modified_gmt":"2026-04-10T10:18:28","slug":"medusa-behringer-digital-mod-s16","status":"publish","type":"product","link":"https:\/\/www.mexicanguitarplayers.com\/en\/tienda\/audio\/conectores\/multiconectores\/medusas\/medusa-behringer-digital-mod-s16\/","title":{"rendered":"MEDUSA BEHRINGER DIGITAL MOD. S16"},"content":{"rendered":"<div style=\"text-align: justify\">\n<div>\n<h3>Olvidate de los snakes pesados y conecta tu X32 al escenario.<\/h3>\n<\/div>\n<div>La mezcla digital ha revolucionado virtualmente en todo el flujo de trabajo de la producci\u00f3n de entretenimiento en vivo. Ahora hemos llegado a la soluci\u00f3n perfecta para conectar el talento en el escenario con tu consola FOH y el resto del mundo: La medusa digital S16. El S16 ofrece 16 preamps MIDAS controlables de forma remota y 8 retornos an\u00e1logos XLR balanceados y para todo esto requieres \u00fanicamente un cable CAT5e. Mientras que Klark Teknik, el l\u00edder de la industria en procesamiento de audio digital de gama alta, invent\u00f3 la tecnolog\u00eda SuperMAC que hizo todo esto posible, nuestra magn\u00edfica escala de producci\u00f3n hace que el S16 sea demasiado asequible. MIDAS &#8211; La leyenda en calidad de sonido. Desde su formaci\u00f3n en la d\u00e9cada de 1970, MIDAS ha tenido una larga historia de innovaci\u00f3n y liderazgo en el mundo de las consolas de mezcla de audio. Empleado por las giras m\u00e1s famosas e instalaciones en todo el mundo, las legendarias consolas MIDAS, tales como la XL4 y la Heritage H3000 se convirtieron r\u00e1pidamente en est\u00e1ndares de la industria. MIDAS ha ganado su impecable reputaci\u00f3n debido a su enfoque de no-compromiso para audio y calidad de construcci\u00f3n y en particular para sus premiados preamplificadores, considerados por los expertos en la industria como el mejor dise\u00f1o de sonido. Bas\u00e1ndose en este legado, la serie de sistemas de mezcla en vivo XL8 y PRO  contin\u00faan esta gran herencia galardonada. Behringer se enorgullece de incorporar un preamplificador de micr\u00f3fono dise\u00f1ado por MIDAS para ofrecer lo \u00faltimo en reproducci\u00f3n de audio de alta calidad tanto en vivo como en entornos de estudio. Conectividad masiva. Cuando se utiliza como parte de un sistema completo X32, dos medusas S16 pueden conectarse en cascada a trav\u00e9s de los puertos AES50 incorporados, proporcionando conectividad para hasta 32 entradas mic\/line, 16 salidas balanceadas y el impresionante sistema de monitoreo personal POWERPLAY P-16 que puede alimentar hasta 48 mezcladoras individuales de monitoreo. Tambi\u00e9n hemos incluido 2 sockets \u00f3pticos ADAT para conectar los canales 1 &#8211; 8 y 9 &#8211; 16 a dispositivos externos, un pr\u00e1ctico puerto USB para actualizaciones del sistema por medio de PC y E\/S MIDI para sistemas de iluminaci\u00f3n y control de m\u00f3dulos de sonido.  Modo de snake independiente. El snake S16  fue dise\u00f1ado inicialmente teniendo en mente nuestra mezcladora digital X32, pero cualquier mezcladora que tenga capacidad para red AES50 puede a\u00fan aprovechar el potente conjunto de caracter\u00edsticas del S16. As\u00ed que incluso, si el concierto requiere una tarjeta anal\u00f3gica, puedes montar r\u00e1pidamente un par de S16 y ADA8200s para crear un snake digital de 16 x 16 de alto rendimiento y peso ligero con total control remoto del preamp.<\/div>\n<div>\n<h4>Quick look<\/h4>\n<\/div>\n<ul style=\"margin: 0px 0px 0px 25px\">\n<li style=\"list-style-type: circle;margin: 5px\">Procesamiento.<\/li>\n<li style=\"list-style-type: circle;margin: 5px\">Connectors.<\/li>\n<li style=\"list-style-type: circle;margin: 5px\">Caracter\u00edsticas de entrada de micr\u00f3fono.<\/li>\n<li style=\"list-style-type: circle;margin: 5px\">Caracter\u00edsticas de Entrada \/ Salida.<\/li>\n<li style=\"list-style-type: circle;margin: 5px\">Indicadores.<\/li>\n<li style=\"list-style-type: circle;margin: 5px\">Feeding.<\/li>\n<li style=\"list-style-type: circle;margin: 5px\">Dimensions.<\/li>\n<li style=\"list-style-type: circle;margin: 5px\">Weight.<\/li>\n<\/ul>\n<div>\n<div style=\"font-weight: bold\">Procesamiento.<\/div>\n<div>\n<p>Conversi\u00f3n A\/D D\/A (Cirrus Logic A\/D CS5368, D\/A CS4385): 24 bit @ 44.1 \/ 48 kHz, rango din\u00e1mico 114 dB. Latencia E\/S de red (stagebox in&gt; console processing&gt;stagebox out): 1.1 ms.<\/p>\n<\/div>\n<div style=\"font-weight: bold\">Connectors.<\/div>\n<div>\n<p>Entradas XLR, preamps MIDAS programables: 16. Salidas XLR: 8. Salida phones, TRS 1\/4&#8243;: 1 (mono). Puertos AES50, SuperMAC: 2. Conector P-16 Ultranet (no requiere fuente de alimentaci\u00f3n): 1. E\/S MIDI: 1\/1. Salidas ADAT Toslink (1x 8 canales): 2. Conector USB tipo B en panel trasero: 1.<\/p>\n<\/div>\n<div style=\"font-weight: bold\">Caracter\u00edsticas de entrada de micr\u00f3fono.<\/div>\n<div>\n<p>Dise\u00f1o: MIDAS. THD + noise, 20 dB ganancia, 0 dBu salida: 70 dB. CMMR, XLR, @40 dB ganancia: &gt;80 dB.<\/p>\n<\/div>\n<div style=\"font-weight: bold\">Caracter\u00edsticas de Entrada \/ Salida.<\/div>\n<div>\n<p>Rango de frecuencia, @ 48 kHz frecuencia de muestreo, 0 dB a -1 dB: 10 Hz &#8211; 22 kHz. A\/D rango din\u00e1mico, preamp y convertidor (t\u00edpico): 109 dB. D\/A rango din\u00e1mico, convertidor y salida: 108 dB. Rechazo de crosstalk @ 1 kHz, canales adyacentes: 100 dB. Nivel de salida, XLR, nom\/max: +4 dBu \/ +21 dBu. Impedancia de salida, XLR, desbalanceado \/ balanceado: 75 ohms \/ 75 ohms. Impedancia de salida de phones \/ nivel: 40 ohms \/ +25 dBm (mono). Nivel de ruido residual, XLR y TRS: -87 dBu ponderado A.<\/p>\n<\/div>\n<div style=\"font-weight: bold\">Indicadores.<\/div>\n<div>\n<p>Display: 4 d\u00edgitos, 7 segmentos, LED. LEDs frontales de estado: AES50-A: Rojo\/Verde. AES50-B: Rojo\/Verde. HA Locked: Rojo. SN Master: Verde. Splitter: Naranja. Out +16: Naranja. Out +8: Naranja. Medidor: Sig, -30 dB, -18 dB, -12 dB, -9 dB, -6 dB, -3 dB, Clip. Panel trasero: Modo splitter: Naranja.<\/p>\n<\/div>\n<div style=\"font-weight: bold\">Feeding.<\/div>\n<div>\n<p>Fuente de alimentaci\u00f3n conmutable de auto-rango: 100-240V (50\/60 Hz). Consumo de energ\u00eda: 45 watts.<\/p>\n<\/div>\n<div style=\"font-weight: bold\">Dimensions.<\/div>\n<div>\n<p>482 x 225 x 89 mm.<\/p>\n<\/div>\n<div style=\"font-weight: bold\">Weight.<\/div>\n<div>\n<p>4.7 kg.<\/p>\n<\/div>\n<\/div>\n<\/div>","protected":false},"excerpt":{"rendered":"<p>Snake con 16 preamps con dise\u00f1o MIDAS completamente programables, 8 salidas XLR an\u00e1logas servo balanceadas y puerto de red AES50 con tecnolog\u00eda SuperMAC de Klark Teknik para jitter y latencia ultra baja, conectividad ULTRANET para sistema de monitoreo personal P16 de Behringer, conectividad digital de audio y control para sistemas de altavoces Turbosound, puerto doble AES50 para conexi\u00f3n en cascada de cajas de escenario S16, SD16 o SD8 adicionales que no requiere marcador o ruteador, LED de medici\u00f3n precisa de 7 segmentos para control de se\u00f1ales en el escenario, salidas dobles ADAT que proporcionan salida digital de 16 canales en dos conectores \u00f3pticos TOSLINK, salida phone asignable a cualquiera de las entradas o salidas para monitoreo en escenario, E\/S MIDI para comunicaci\u00f3n bidireccional entre la consola X32 de Behringer y los dispositivos MIDI en el escenario, funcionamiento remoto a trav\u00e9s de cable blindado CAT5e de hasta 100 metros de longitud, conector USB para actualizaciones del sistema por medio de PC, fuente de alimentaci\u00f3n conmutada \u201dPlanet Earth\u201d para m\u00e1xima flexibilidad (100 &#8211; 240 V~), audio libre de ruido, respuesta transitoria superior y bajo consumo de energ\u00eda, chasis de acero de 2 unidades de rack, dimensiones: 482 x 225 x 89 mm, peso: 4.7 kg.&hellip; <a class=\"kt-excerpt-readmore more-link\" href=\"https:\/\/www.mexicanguitarplayers.com\/en\/tienda\/audio\/conectores\/multiconectores\/medusas\/medusa-behringer-digital-mod-s16\/\">Read more<\/a><\/p>","protected":false},"featured_media":41330,"comment_status":"open","ping_status":"closed","template":"","meta":{"kt_blocks_editor_width":""},"pwb-brand":[171],"product_brand":[],"product_cat":[213,418,595,513],"product_tag":[],"class_list":{"0":"post-41333","1":"product","2":"type-product","3":"status-publish","4":"has-post-thumbnail","6":"pwb-brand-behringer","7":"product_cat-audio","8":"product_cat-conectores","9":"product_cat-medusas","10":"product_cat-multiconectores","11":"product_shipping_class-5-10-kg","13":"first","14":"outofstock","15":"taxable","16":"shipping-taxable","17":"purchasable","18":"product-type-simple"},"yoast_head":"<!-- This site is optimized with the Yoast SEO plugin v27.6 - https:\/\/yoast.com\/product\/yoast-seo-wordpress\/ -->\n<title>MEDUSA BEHRINGER DIGITAL MOD. S16 - Mexican Guitar Players<\/title>\n<meta name=\"description\" content=\"Snake con 16 preamps con dise\u00f1o MIDAS completamente programables, 8 salidas XLR an\u00e1logas servo balanceadas y puerto de red AES50 con tecnolog\u00eda SuperMAC de Klark Teknik para jitter y latencia ultra baja, conectividad ULTRANET para sistema de monitoreo personal P16 de Behringer, conectividad digital de audio y control para sistemas de altavoces Turbosound, puerto doble AES50 para conexi\u00f3n en cascada de cajas de escenario S16, SD16 o SD8 adicionales que no requiere marcador o ruteador, LED de medici\u00f3n precisa de 7 segmentos para control de se\u00f1ales en el escenario, salidas dobles ADAT que proporcionan salida digital de 16 canales en dos conectores \u00f3pticos TOSLINK, salida phone asignable a cualquiera de las entradas o salidas para monitoreo en escenario, E\/S MIDI para comunicaci\u00f3n bidireccional entre la consola X32 de Behringer y los dispositivos MIDI en el escenario, funcionamiento remoto a trav\u00e9s de cable blindado CAT5e de hasta 100 metros de longitud, conector USB para actualizaciones del sistema por medio de PC, fuente de alimentaci\u00f3n conmutada \u201dPlanet Earth\u201d para m\u00e1xima flexibilidad (100 - 240 V~), audio libre de ruido, respuesta transitoria superior y bajo consumo de energ\u00eda, chasis de acero de 2 unidades de rack, dimensiones: 482 x 225 x 89 mm, peso: 4.7 kg.\" \/>\n<meta name=\"robots\" content=\"index, follow, max-snippet:-1, max-image-preview:large, max-video-preview:-1\" \/>\n<link rel=\"canonical\" href=\"https:\/\/www.mexicanguitarplayers.com\/en\/tienda\/sin%20categor\u00eda\/medusa-behringer-digital-mod-s16\/\" \/>\n<meta property=\"og:locale\" content=\"en_US\" \/>\n<meta property=\"og:type\" content=\"article\" \/>\n<meta property=\"og:title\" content=\"MEDUSA BEHRINGER DIGITAL MOD. S16 - Mexican Guitar Players\" \/>\n<meta property=\"og:description\" content=\"Snake con 16 preamps con dise\u00f1o MIDAS completamente programables, 8 salidas XLR an\u00e1logas servo balanceadas y puerto de red AES50 con tecnolog\u00eda SuperMAC de Klark Teknik para jitter y latencia ultra baja, conectividad ULTRANET para sistema de monitoreo personal P16 de Behringer, conectividad digital de audio y control para sistemas de altavoces Turbosound, puerto doble AES50 para conexi\u00f3n en cascada de cajas de escenario S16, SD16 o SD8 adicionales que no requiere marcador o ruteador, LED de medici\u00f3n precisa de 7 segmentos para control de se\u00f1ales en el escenario, salidas dobles ADAT que proporcionan salida digital de 16 canales en dos conectores \u00f3pticos TOSLINK, salida phone asignable a cualquiera de las entradas o salidas para monitoreo en escenario, E\/S MIDI para comunicaci\u00f3n bidireccional entre la consola X32 de Behringer y los dispositivos MIDI en el escenario, funcionamiento remoto a trav\u00e9s de cable blindado CAT5e de hasta 100 metros de longitud, conector USB para actualizaciones del sistema por medio de PC, fuente de alimentaci\u00f3n conmutada \u201dPlanet Earth\u201d para m\u00e1xima flexibilidad (100 - 240 V~), audio libre de ruido, respuesta transitoria superior y bajo consumo de energ\u00eda, chasis de acero de 2 unidades de rack, dimensiones: 482 x 225 x 89 mm, peso: 4.7 kg.\" \/>\n<meta property=\"og:url\" content=\"https:\/\/www.mexicanguitarplayers.com\/en\/tienda\/sin categor\u00eda\/medusa-behringer-digital-mod-s16\/\" \/>\n<meta property=\"og:site_name\" content=\"Mexican Guitar Players\" \/>\n<meta property=\"article:modified_time\" content=\"2026-04-10T10:18:28+00:00\" \/>\n<meta name=\"twitter:card\" content=\"summary_large_image\" \/>\n<meta name=\"twitter:label1\" content=\"Est. reading time\" \/>\n\t<meta name=\"twitter:data1\" content=\"4 minutes\" \/>\n<script type=\"application\/ld+json\" class=\"yoast-schema-graph\">{\"@context\":\"https:\\\/\\\/schema.org\",\"@graph\":[{\"@type\":[\"WebPage\",\"ItemPage\"],\"@id\":\"https:\\\/\\\/www.mexicanguitarplayers.com\\\/tienda\\\/sin categor\u00eda\\\/medusa-behringer-digital-mod-s16\\\/\",\"url\":\"https:\\\/\\\/www.mexicanguitarplayers.com\\\/tienda\\\/sin categor\u00eda\\\/medusa-behringer-digital-mod-s16\\\/\",\"name\":\"MEDUSA BEHRINGER DIGITAL MOD. S16 - Mexican Guitar Players\",\"isPartOf\":{\"@id\":\"https:\\\/\\\/www.mexicanguitarplayers.com\\\/#website\"},\"primaryImageOfPage\":{\"@id\":\"https:\\\/\\\/www.mexicanguitarplayers.com\\\/tienda\\\/sin categor\u00eda\\\/medusa-behringer-digital-mod-s16\\\/#primaryimage\"},\"image\":{\"@id\":\"https:\\\/\\\/www.mexicanguitarplayers.com\\\/tienda\\\/sin categor\u00eda\\\/medusa-behringer-digital-mod-s16\\\/#primaryimage\"},\"thumbnailUrl\":\"https:\\\/\\\/www.mexicanguitarplayers.com\\\/wp-content\\\/uploads\\\/2025\\\/04\\\/IABEHS16.jpg\",\"datePublished\":\"2025-04-09T13:31:20+00:00\",\"dateModified\":\"2026-04-10T10:18:28+00:00\",\"description\":\"Snake con 16 preamps con dise\u00f1o MIDAS completamente programables, 8 salidas XLR an\u00e1logas servo balanceadas y puerto de red AES50 con tecnolog\u00eda SuperMAC de Klark Teknik para jitter y latencia ultra baja, conectividad ULTRANET para sistema de monitoreo personal P16 de Behringer, conectividad digital de audio y control para sistemas de altavoces Turbosound, puerto doble AES50 para conexi\u00f3n en cascada de cajas de escenario S16, SD16 o SD8 adicionales que no requiere marcador o ruteador, LED de medici\u00f3n precisa de 7 segmentos para control de se\u00f1ales en el escenario, salidas dobles ADAT que proporcionan salida digital de 16 canales en dos conectores \u00f3pticos TOSLINK, salida phone asignable a cualquiera de las entradas o salidas para monitoreo en escenario, E\\\/S MIDI para comunicaci\u00f3n bidireccional entre la consola X32 de Behringer y los dispositivos MIDI en el escenario, funcionamiento remoto a trav\u00e9s de cable blindado CAT5e de hasta 100 metros de longitud, conector USB para actualizaciones del sistema por medio de PC, fuente de alimentaci\u00f3n conmutada \u201dPlanet Earth\u201d para m\u00e1xima flexibilidad (100 - 240 V~), audio libre de ruido, respuesta transitoria superior y bajo consumo de energ\u00eda, chasis de acero de 2 unidades de rack, dimensiones: 482 x 225 x 89 mm, peso: 4.7 kg.\",\"breadcrumb\":{\"@id\":\"https:\\\/\\\/www.mexicanguitarplayers.com\\\/tienda\\\/sin categor\u00eda\\\/medusa-behringer-digital-mod-s16\\\/#breadcrumb\"},\"inLanguage\":\"en-US\",\"potentialAction\":[{\"@type\":\"ReadAction\",\"target\":[\"https:\\\/\\\/www.mexicanguitarplayers.com\\\/tienda\\\/sin categor\u00eda\\\/medusa-behringer-digital-mod-s16\\\/\"]}]},{\"@type\":\"ImageObject\",\"inLanguage\":\"en-US\",\"@id\":\"https:\\\/\\\/www.mexicanguitarplayers.com\\\/tienda\\\/sin categor\u00eda\\\/medusa-behringer-digital-mod-s16\\\/#primaryimage\",\"url\":\"https:\\\/\\\/www.mexicanguitarplayers.com\\\/wp-content\\\/uploads\\\/2025\\\/04\\\/IABEHS16.jpg\",\"contentUrl\":\"https:\\\/\\\/www.mexicanguitarplayers.com\\\/wp-content\\\/uploads\\\/2025\\\/04\\\/IABEHS16.jpg\",\"width\":1600,\"height\":800},{\"@type\":\"BreadcrumbList\",\"@id\":\"https:\\\/\\\/www.mexicanguitarplayers.com\\\/tienda\\\/sin categor\u00eda\\\/medusa-behringer-digital-mod-s16\\\/#breadcrumb\",\"itemListElement\":[{\"@type\":\"ListItem\",\"position\":1,\"name\":\"Portada\",\"item\":\"https:\\\/\\\/www.mexicanguitarplayers.com\\\/\"},{\"@type\":\"ListItem\",\"position\":2,\"name\":\"Tienda\",\"item\":\"https:\\\/\\\/www.mexicanguitarplayers.com\\\/tienda\\\/\"},{\"@type\":\"ListItem\",\"position\":3,\"name\":\"MEDUSA BEHRINGER DIGITAL MOD. S16\"}]},{\"@type\":\"WebSite\",\"@id\":\"https:\\\/\\\/www.mexicanguitarplayers.com\\\/#website\",\"url\":\"https:\\\/\\\/www.mexicanguitarplayers.com\\\/\",\"name\":\"Mexican Guitar Players\",\"description\":\"Website\",\"publisher\":{\"@id\":\"https:\\\/\\\/www.mexicanguitarplayers.com\\\/#organization\"},\"potentialAction\":[{\"@type\":\"SearchAction\",\"target\":{\"@type\":\"EntryPoint\",\"urlTemplate\":\"https:\\\/\\\/www.mexicanguitarplayers.com\\\/?s={search_term_string}\"},\"query-input\":{\"@type\":\"PropertyValueSpecification\",\"valueRequired\":true,\"valueName\":\"search_term_string\"}}],\"inLanguage\":\"en-US\"},{\"@type\":\"Organization\",\"@id\":\"https:\\\/\\\/www.mexicanguitarplayers.com\\\/#organization\",\"name\":\"Mexican Guitar Players\",\"url\":\"https:\\\/\\\/www.mexicanguitarplayers.com\\\/\",\"logo\":{\"@type\":\"ImageObject\",\"inLanguage\":\"en-US\",\"@id\":\"https:\\\/\\\/www.mexicanguitarplayers.com\\\/#\\\/schema\\\/logo\\\/image\\\/\",\"url\":\"\",\"contentUrl\":\"\",\"caption\":\"Mexican Guitar Players\"},\"image\":{\"@id\":\"https:\\\/\\\/www.mexicanguitarplayers.com\\\/#\\\/schema\\\/logo\\\/image\\\/\"}}]}<\/script>\n<!-- \/ Yoast SEO plugin. -->","yoast_head_json":{"title":"MEDUSA BEHRINGER DIGITAL MOD. S16 - Mexican Guitar Players","description":"Snake con 16 preamps con dise\u00f1o MIDAS completamente programables, 8 salidas XLR an\u00e1logas servo balanceadas y puerto de red AES50 con tecnolog\u00eda SuperMAC de Klark Teknik para jitter y latencia ultra baja, conectividad ULTRANET para sistema de monitoreo personal P16 de Behringer, conectividad digital de audio y control para sistemas de altavoces Turbosound, puerto doble AES50 para conexi\u00f3n en cascada de cajas de escenario S16, SD16 o SD8 adicionales que no requiere marcador o ruteador, LED de medici\u00f3n precisa de 7 segmentos para control de se\u00f1ales en el escenario, salidas dobles ADAT que proporcionan salida digital de 16 canales en dos conectores \u00f3pticos TOSLINK, salida phone asignable a cualquiera de las entradas o salidas para monitoreo en escenario, E\/S MIDI para comunicaci\u00f3n bidireccional entre la consola X32 de Behringer y los dispositivos MIDI en el escenario, funcionamiento remoto a trav\u00e9s de cable blindado CAT5e de hasta 100 metros de longitud, conector USB para actualizaciones del sistema por medio de PC, fuente de alimentaci\u00f3n conmutada \u201dPlanet Earth\u201d para m\u00e1xima flexibilidad (100 - 240 V~), audio libre de ruido, respuesta transitoria superior y bajo consumo de energ\u00eda, chasis de acero de 2 unidades de rack, dimensiones: 482 x 225 x 89 mm, peso: 4.7 kg.","robots":{"index":"index","follow":"follow","max-snippet":"max-snippet:-1","max-image-preview":"max-image-preview:large","max-video-preview":"max-video-preview:-1"},"canonical":"https:\/\/www.mexicanguitarplayers.com\/en\/tienda\/sin categor\u00eda\/medusa-behringer-digital-mod-s16\/","og_locale":"en_US","og_type":"article","og_title":"MEDUSA BEHRINGER DIGITAL MOD. S16 - Mexican Guitar Players","og_description":"Snake con 16 preamps con dise\u00f1o MIDAS completamente programables, 8 salidas XLR an\u00e1logas servo balanceadas y puerto de red AES50 con tecnolog\u00eda SuperMAC de Klark Teknik para jitter y latencia ultra baja, conectividad ULTRANET para sistema de monitoreo personal P16 de Behringer, conectividad digital de audio y control para sistemas de altavoces Turbosound, puerto doble AES50 para conexi\u00f3n en cascada de cajas de escenario S16, SD16 o SD8 adicionales que no requiere marcador o ruteador, LED de medici\u00f3n precisa de 7 segmentos para control de se\u00f1ales en el escenario, salidas dobles ADAT que proporcionan salida digital de 16 canales en dos conectores \u00f3pticos TOSLINK, salida phone asignable a cualquiera de las entradas o salidas para monitoreo en escenario, E\/S MIDI para comunicaci\u00f3n bidireccional entre la consola X32 de Behringer y los dispositivos MIDI en el escenario, funcionamiento remoto a trav\u00e9s de cable blindado CAT5e de hasta 100 metros de longitud, conector USB para actualizaciones del sistema por medio de PC, fuente de alimentaci\u00f3n conmutada \u201dPlanet Earth\u201d para m\u00e1xima flexibilidad (100 - 240 V~), audio libre de ruido, respuesta transitoria superior y bajo consumo de energ\u00eda, chasis de acero de 2 unidades de rack, dimensiones: 482 x 225 x 89 mm, peso: 4.7 kg.","og_url":"https:\/\/www.mexicanguitarplayers.com\/en\/tienda\/sin categor\u00eda\/medusa-behringer-digital-mod-s16\/","og_site_name":"Mexican Guitar Players","article_modified_time":"2026-04-10T10:18:28+00:00","twitter_card":"summary_large_image","twitter_misc":{"Est. reading time":"4 minutes"},"schema":{"@context":"https:\/\/schema.org","@graph":[{"@type":["WebPage","ItemPage"],"@id":"https:\/\/www.mexicanguitarplayers.com\/tienda\/sin categor\u00eda\/medusa-behringer-digital-mod-s16\/","url":"https:\/\/www.mexicanguitarplayers.com\/tienda\/sin categor\u00eda\/medusa-behringer-digital-mod-s16\/","name":"MEDUSA BEHRINGER DIGITAL MOD. S16 - Mexican Guitar Players","isPartOf":{"@id":"https:\/\/www.mexicanguitarplayers.com\/#website"},"primaryImageOfPage":{"@id":"https:\/\/www.mexicanguitarplayers.com\/tienda\/sin categor\u00eda\/medusa-behringer-digital-mod-s16\/#primaryimage"},"image":{"@id":"https:\/\/www.mexicanguitarplayers.com\/tienda\/sin categor\u00eda\/medusa-behringer-digital-mod-s16\/#primaryimage"},"thumbnailUrl":"https:\/\/www.mexicanguitarplayers.com\/wp-content\/uploads\/2025\/04\/IABEHS16.jpg","datePublished":"2025-04-09T13:31:20+00:00","dateModified":"2026-04-10T10:18:28+00:00","description":"Snake con 16 preamps con dise\u00f1o MIDAS completamente programables, 8 salidas XLR an\u00e1logas servo balanceadas y puerto de red AES50 con tecnolog\u00eda SuperMAC de Klark Teknik para jitter y latencia ultra baja, conectividad ULTRANET para sistema de monitoreo personal P16 de Behringer, conectividad digital de audio y control para sistemas de altavoces Turbosound, puerto doble AES50 para conexi\u00f3n en cascada de cajas de escenario S16, SD16 o SD8 adicionales que no requiere marcador o ruteador, LED de medici\u00f3n precisa de 7 segmentos para control de se\u00f1ales en el escenario, salidas dobles ADAT que proporcionan salida digital de 16 canales en dos conectores \u00f3pticos TOSLINK, salida phone asignable a cualquiera de las entradas o salidas para monitoreo en escenario, E\/S MIDI para comunicaci\u00f3n bidireccional entre la consola X32 de Behringer y los dispositivos MIDI en el escenario, funcionamiento remoto a trav\u00e9s de cable blindado CAT5e de hasta 100 metros de longitud, conector USB para actualizaciones del sistema por medio de PC, fuente de alimentaci\u00f3n conmutada \u201dPlanet Earth\u201d para m\u00e1xima flexibilidad (100 - 240 V~), audio libre de ruido, respuesta transitoria superior y bajo consumo de energ\u00eda, chasis de acero de 2 unidades de rack, dimensiones: 482 x 225 x 89 mm, peso: 4.7 kg.","breadcrumb":{"@id":"https:\/\/www.mexicanguitarplayers.com\/tienda\/sin categor\u00eda\/medusa-behringer-digital-mod-s16\/#breadcrumb"},"inLanguage":"en-US","potentialAction":[{"@type":"ReadAction","target":["https:\/\/www.mexicanguitarplayers.com\/tienda\/sin categor\u00eda\/medusa-behringer-digital-mod-s16\/"]}]},{"@type":"ImageObject","inLanguage":"en-US","@id":"https:\/\/www.mexicanguitarplayers.com\/tienda\/sin categor\u00eda\/medusa-behringer-digital-mod-s16\/#primaryimage","url":"https:\/\/www.mexicanguitarplayers.com\/wp-content\/uploads\/2025\/04\/IABEHS16.jpg","contentUrl":"https:\/\/www.mexicanguitarplayers.com\/wp-content\/uploads\/2025\/04\/IABEHS16.jpg","width":1600,"height":800},{"@type":"BreadcrumbList","@id":"https:\/\/www.mexicanguitarplayers.com\/tienda\/sin categor\u00eda\/medusa-behringer-digital-mod-s16\/#breadcrumb","itemListElement":[{"@type":"ListItem","position":1,"name":"Portada","item":"https:\/\/www.mexicanguitarplayers.com\/"},{"@type":"ListItem","position":2,"name":"Tienda","item":"https:\/\/www.mexicanguitarplayers.com\/tienda\/"},{"@type":"ListItem","position":3,"name":"MEDUSA BEHRINGER DIGITAL MOD. S16"}]},{"@type":"WebSite","@id":"https:\/\/www.mexicanguitarplayers.com\/#website","url":"https:\/\/www.mexicanguitarplayers.com\/","name":"Mexican Guitar Players","description":"Website","publisher":{"@id":"https:\/\/www.mexicanguitarplayers.com\/#organization"},"potentialAction":[{"@type":"SearchAction","target":{"@type":"EntryPoint","urlTemplate":"https:\/\/www.mexicanguitarplayers.com\/?s={search_term_string}"},"query-input":{"@type":"PropertyValueSpecification","valueRequired":true,"valueName":"search_term_string"}}],"inLanguage":"en-US"},{"@type":"Organization","@id":"https:\/\/www.mexicanguitarplayers.com\/#organization","name":"Mexican Guitar Players","url":"https:\/\/www.mexicanguitarplayers.com\/","logo":{"@type":"ImageObject","inLanguage":"en-US","@id":"https:\/\/www.mexicanguitarplayers.com\/#\/schema\/logo\/image\/","url":"","contentUrl":"","caption":"Mexican Guitar Players"},"image":{"@id":"https:\/\/www.mexicanguitarplayers.com\/#\/schema\/logo\/image\/"}}]}},"brands":[{"id":171,"name":"BEHRINGER","slug":"behringer"}],"_links":{"self":[{"href":"https:\/\/www.mexicanguitarplayers.com\/en\/wp-json\/wp\/v2\/product\/41333","targetHints":{"allow":["GET"]}}],"collection":[{"href":"https:\/\/www.mexicanguitarplayers.com\/en\/wp-json\/wp\/v2\/product"}],"about":[{"href":"https:\/\/www.mexicanguitarplayers.com\/en\/wp-json\/wp\/v2\/types\/product"}],"replies":[{"embeddable":true,"href":"https:\/\/www.mexicanguitarplayers.com\/en\/wp-json\/wp\/v2\/comments?post=41333"}],"wp:featuredmedia":[{"embeddable":true,"href":"https:\/\/www.mexicanguitarplayers.com\/en\/wp-json\/wp\/v2\/media\/41330"}],"wp:attachment":[{"href":"https:\/\/www.mexicanguitarplayers.com\/en\/wp-json\/wp\/v2\/media?parent=41333"}],"wp:term":[{"taxonomy":"pwb-brand","embeddable":true,"href":"https:\/\/www.mexicanguitarplayers.com\/en\/wp-json\/wp\/v2\/pwb-brand?post=41333"},{"taxonomy":"product_brand","embeddable":true,"href":"https:\/\/www.mexicanguitarplayers.com\/en\/wp-json\/wp\/v2\/product_brand?post=41333"},{"taxonomy":"product_cat","embeddable":true,"href":"https:\/\/www.mexicanguitarplayers.com\/en\/wp-json\/wp\/v2\/product_cat?post=41333"},{"taxonomy":"product_tag","embeddable":true,"href":"https:\/\/www.mexicanguitarplayers.com\/en\/wp-json\/wp\/v2\/product_tag?post=41333"}],"curies":[{"name":"wp","href":"https:\/\/api.w.org\/{rel}","templated":true}]}}