{"id":41348,"date":"2025-04-09T07:31:41","date_gmt":"2025-04-09T13:31:41","guid":{"rendered":"https:\/\/www.mexicanguitarplayers.com\/tienda\/sin categor\u00eda\/rack-skb-10-espacios-3skb-r10u20w\/"},"modified":"2026-04-10T04:18:26","modified_gmt":"2026-04-10T10:18:26","slug":"rack-skb-10-espacios-3skb-r10u20w","status":"publish","type":"product","link":"https:\/\/www.mexicanguitarplayers.com\/en\/tienda\/accesorios\/para-audio\/rack\/rack-skb-10-espacios-3skb-r10u20w\/","title":{"rendered":"RACK SKB 10 ESPACIOS 3SKB-R10U20W"},"content":{"rendered":"<div style=\"text-align: justify\">\n<div>\n<h3>Protegiendo tu inversi\u00f3n.<\/h3>\n<\/div>\n<div>La serie Shockmount  incorpora nuestra patente pendiente cerraduras TSA con un toque de recubrimiento en polvo negro. El dise\u00f1o moldeado proporciona rigidez adicional en las tapas y los lados, adem\u00e1s de facilitar los bastidores para permitir un apilamiento seguro. Las puertas son totalmente utilizables incluso cuando los racks se apilan juntos. Ruedas de pat\u00edn y juntas de protecci\u00f3n frontal y trasero, son todo el equipo est\u00e1ndar.<\/div>\n<div>\n<h4>Quick look<\/h4>\n<\/div>\n<ul style=\"margin: 0px 0px 0px 25px\">\n<li style=\"list-style-type: circle;margin: 5px\">Profundidad de la tapa.<\/li>\n<li style=\"list-style-type: circle;margin: 5px\">Ancho interior.<\/li>\n<li style=\"list-style-type: circle;margin: 5px\">Altura interior.<\/li>\n<li style=\"list-style-type: circle;margin: 5px\">Espacios de rack.<\/li>\n<li style=\"list-style-type: circle;margin: 5px\">Profundidad riel a riel.<\/li>\n<li style=\"list-style-type: circle;margin: 5px\">Profundidad de riel frontal a tapa trasera.<\/li>\n<li style=\"list-style-type: circle;margin: 5px\">Weight.<\/li>\n<\/ul>\n<div>\n<div style=\"font-weight: bold\">Profundidad de la tapa.<\/div>\n<div>\n<p>5.72 cm.<\/p>\n<\/div>\n<div style=\"font-weight: bold\">Ancho interior.<\/div>\n<div>\n<p>48.26 cm.<\/p>\n<\/div>\n<div style=\"font-weight: bold\">Altura interior.<\/div>\n<div>\n<p>44.45 cm.<\/p>\n<\/div>\n<div style=\"font-weight: bold\">Espacios de rack.<\/div>\n<div>\n<p>10.<\/p>\n<\/div>\n<div style=\"font-weight: bold\">Profundidad riel a riel.<\/div>\n<div>\n<p>50.80 cm.<\/p>\n<\/div>\n<div style=\"font-weight: bold\">Profundidad de riel frontal a tapa trasera.<\/div>\n<div>\n<p>56.52 cm.<\/p>\n<\/div>\n<div style=\"font-weight: bold\">Weight.<\/div>\n<div>\n<p>26.76 kg.<\/p>\n<\/div>\n<\/div>\n<div>\n<h4>Characteristics<\/h4>\n<\/div>\n<div>\n<ul style=\"margin: 0px 0px 0px 25px\">\n<li style=\"list-style-type: circle;margin: 5px\">Pestillos con recubrimiento en polvo negro con sistema de bloqueo.<\/li>\n<li style=\"list-style-type: circle;margin: 5px\">Rieles de acero enroscados.<\/li>\n<li style=\"list-style-type: circle;margin: 5px\">Rieles traseros.<\/li>\n<li style=\"list-style-type: circle;margin: 5px\">Ruedas incorporadas.<\/li>\n<li style=\"list-style-type: circle;margin: 5px\">Resistente a los choques y al agua.<\/li>\n<li style=\"list-style-type: circle;margin: 5px\">Manijas de bajo perfil.<\/li>\n<\/ul>\n<\/div>\n<\/div>","protected":false},"excerpt":{"rendered":"<p>Rack de 10 espacios, pestillos con recubrimiento en polvo negro con sistema de bloqueo, rieles de acero enroscados, rieles traseros, ruedas incorporadas, resistente a los choques y al agua, manijas de bajo perfil, profundidad de la tapa: 5.72 cm, ancho interior: 48.26 cm, altura interior: 44.45 cm, peso: 26.76 kg.&hellip; <a class=\"kt-excerpt-readmore more-link\" href=\"https:\/\/www.mexicanguitarplayers.com\/en\/tienda\/accesorios\/para-audio\/rack\/rack-skb-10-espacios-3skb-r10u20w\/\">Read more<\/a><\/p>","protected":false},"featured_media":41342,"comment_status":"open","ping_status":"closed","template":"","meta":{"kt_blocks_editor_width":""},"pwb-brand":[609],"product_brand":[],"product_cat":[85,410,411],"product_tag":[],"class_list":{"0":"post-41348","1":"product","2":"type-product","3":"status-publish","4":"has-post-thumbnail","6":"pwb-brand-skb","7":"product_cat-accesorios","8":"product_cat-para-audio","9":"product_cat-rack","11":"first","12":"outofstock","13":"taxable","14":"shipping-taxable","15":"purchasable","16":"product-type-simple"},"yoast_head":"<!-- This site is optimized with the Yoast SEO plugin v27.5 - https:\/\/yoast.com\/product\/yoast-seo-wordpress\/ -->\n<title>RACK SKB 10 ESPACIOS 3SKB-R10U20W - Mexican Guitar Players<\/title>\n<meta name=\"description\" content=\"Rack de 10 espacios, pestillos con recubrimiento en polvo negro con sistema de bloqueo, rieles de acero enroscados, rieles traseros, ruedas incorporadas, resistente a los choques y al agua, manijas de bajo perfil, profundidad de la tapa: 5.72 cm, ancho interior: 48.26 cm, altura interior: 44.45 cm, peso: 26.76 kg.\" \/>\n<meta name=\"robots\" content=\"index, follow, max-snippet:-1, max-image-preview:large, max-video-preview:-1\" \/>\n<link rel=\"canonical\" href=\"https:\/\/www.mexicanguitarplayers.com\/en\/tienda\/sin%20categor\u00eda\/rack-skb-10-espacios-3skb-r10u20w\/\" \/>\n<meta property=\"og:locale\" content=\"en_US\" \/>\n<meta property=\"og:type\" content=\"article\" \/>\n<meta property=\"og:title\" content=\"RACK SKB 10 ESPACIOS 3SKB-R10U20W - Mexican Guitar Players\" \/>\n<meta property=\"og:description\" content=\"Rack de 10 espacios, pestillos con recubrimiento en polvo negro con sistema de bloqueo, rieles de acero enroscados, rieles traseros, ruedas incorporadas, resistente a los choques y al agua, manijas de bajo perfil, profundidad de la tapa: 5.72 cm, ancho interior: 48.26 cm, altura interior: 44.45 cm, peso: 26.76 kg.\" \/>\n<meta property=\"og:url\" content=\"https:\/\/www.mexicanguitarplayers.com\/en\/tienda\/sin categor\u00eda\/rack-skb-10-espacios-3skb-r10u20w\/\" \/>\n<meta property=\"og:site_name\" content=\"Mexican Guitar Players\" \/>\n<meta property=\"article:modified_time\" content=\"2026-04-10T10:18:26+00:00\" \/>\n<meta name=\"twitter:card\" content=\"summary_large_image\" \/>\n<meta name=\"twitter:label1\" content=\"Est. reading time\" \/>\n\t<meta name=\"twitter:data1\" content=\"1 minute\" \/>\n<script type=\"application\/ld+json\" class=\"yoast-schema-graph\">{\"@context\":\"https:\\\/\\\/schema.org\",\"@graph\":[{\"@type\":[\"WebPage\",\"ItemPage\"],\"@id\":\"https:\\\/\\\/www.mexicanguitarplayers.com\\\/tienda\\\/sin categor\u00eda\\\/rack-skb-10-espacios-3skb-r10u20w\\\/\",\"url\":\"https:\\\/\\\/www.mexicanguitarplayers.com\\\/tienda\\\/sin categor\u00eda\\\/rack-skb-10-espacios-3skb-r10u20w\\\/\",\"name\":\"RACK SKB 10 ESPACIOS 3SKB-R10U20W - Mexican Guitar Players\",\"isPartOf\":{\"@id\":\"https:\\\/\\\/www.mexicanguitarplayers.com\\\/#website\"},\"primaryImageOfPage\":{\"@id\":\"https:\\\/\\\/www.mexicanguitarplayers.com\\\/tienda\\\/sin categor\u00eda\\\/rack-skb-10-espacios-3skb-r10u20w\\\/#primaryimage\"},\"image\":{\"@id\":\"https:\\\/\\\/www.mexicanguitarplayers.com\\\/tienda\\\/sin categor\u00eda\\\/rack-skb-10-espacios-3skb-r10u20w\\\/#primaryimage\"},\"thumbnailUrl\":\"https:\\\/\\\/www.mexicanguitarplayers.com\\\/wp-content\\\/uploads\\\/2025\\\/04\\\/VASKB3SR10U20W.jpg\",\"datePublished\":\"2025-04-09T13:31:41+00:00\",\"dateModified\":\"2026-04-10T10:18:26+00:00\",\"description\":\"Rack de 10 espacios, pestillos con recubrimiento en polvo negro con sistema de bloqueo, rieles de acero enroscados, rieles traseros, ruedas incorporadas, resistente a los choques y al agua, manijas de bajo perfil, profundidad de la tapa: 5.72 cm, ancho interior: 48.26 cm, altura interior: 44.45 cm, peso: 26.76 kg.\",\"breadcrumb\":{\"@id\":\"https:\\\/\\\/www.mexicanguitarplayers.com\\\/tienda\\\/sin categor\u00eda\\\/rack-skb-10-espacios-3skb-r10u20w\\\/#breadcrumb\"},\"inLanguage\":\"en-US\",\"potentialAction\":[{\"@type\":\"ReadAction\",\"target\":[\"https:\\\/\\\/www.mexicanguitarplayers.com\\\/tienda\\\/sin categor\u00eda\\\/rack-skb-10-espacios-3skb-r10u20w\\\/\"]}]},{\"@type\":\"ImageObject\",\"inLanguage\":\"en-US\",\"@id\":\"https:\\\/\\\/www.mexicanguitarplayers.com\\\/tienda\\\/sin categor\u00eda\\\/rack-skb-10-espacios-3skb-r10u20w\\\/#primaryimage\",\"url\":\"https:\\\/\\\/www.mexicanguitarplayers.com\\\/wp-content\\\/uploads\\\/2025\\\/04\\\/VASKB3SR10U20W.jpg\",\"contentUrl\":\"https:\\\/\\\/www.mexicanguitarplayers.com\\\/wp-content\\\/uploads\\\/2025\\\/04\\\/VASKB3SR10U20W.jpg\",\"width\":1200,\"height\":1200},{\"@type\":\"BreadcrumbList\",\"@id\":\"https:\\\/\\\/www.mexicanguitarplayers.com\\\/tienda\\\/sin categor\u00eda\\\/rack-skb-10-espacios-3skb-r10u20w\\\/#breadcrumb\",\"itemListElement\":[{\"@type\":\"ListItem\",\"position\":1,\"name\":\"Portada\",\"item\":\"https:\\\/\\\/www.mexicanguitarplayers.com\\\/\"},{\"@type\":\"ListItem\",\"position\":2,\"name\":\"Tienda\",\"item\":\"https:\\\/\\\/www.mexicanguitarplayers.com\\\/tienda\\\/\"},{\"@type\":\"ListItem\",\"position\":3,\"name\":\"RACK SKB 10 ESPACIOS 3SKB-R10U20W\"}]},{\"@type\":\"WebSite\",\"@id\":\"https:\\\/\\\/www.mexicanguitarplayers.com\\\/#website\",\"url\":\"https:\\\/\\\/www.mexicanguitarplayers.com\\\/\",\"name\":\"Mexican Guitar Players\",\"description\":\"Website\",\"publisher\":{\"@id\":\"https:\\\/\\\/www.mexicanguitarplayers.com\\\/#organization\"},\"potentialAction\":[{\"@type\":\"SearchAction\",\"target\":{\"@type\":\"EntryPoint\",\"urlTemplate\":\"https:\\\/\\\/www.mexicanguitarplayers.com\\\/?s={search_term_string}\"},\"query-input\":{\"@type\":\"PropertyValueSpecification\",\"valueRequired\":true,\"valueName\":\"search_term_string\"}}],\"inLanguage\":\"en-US\"},{\"@type\":\"Organization\",\"@id\":\"https:\\\/\\\/www.mexicanguitarplayers.com\\\/#organization\",\"name\":\"Mexican Guitar Players\",\"url\":\"https:\\\/\\\/www.mexicanguitarplayers.com\\\/\",\"logo\":{\"@type\":\"ImageObject\",\"inLanguage\":\"en-US\",\"@id\":\"https:\\\/\\\/www.mexicanguitarplayers.com\\\/#\\\/schema\\\/logo\\\/image\\\/\",\"url\":\"\",\"contentUrl\":\"\",\"caption\":\"Mexican Guitar Players\"},\"image\":{\"@id\":\"https:\\\/\\\/www.mexicanguitarplayers.com\\\/#\\\/schema\\\/logo\\\/image\\\/\"}}]}<\/script>\n<!-- \/ Yoast SEO plugin. -->","yoast_head_json":{"title":"RACK SKB 10 ESPACIOS 3SKB-R10U20W - Mexican Guitar Players","description":"Rack de 10 espacios, pestillos con recubrimiento en polvo negro con sistema de bloqueo, rieles de acero enroscados, rieles traseros, ruedas incorporadas, resistente a los choques y al agua, manijas de bajo perfil, profundidad de la tapa: 5.72 cm, ancho interior: 48.26 cm, altura interior: 44.45 cm, peso: 26.76 kg.","robots":{"index":"index","follow":"follow","max-snippet":"max-snippet:-1","max-image-preview":"max-image-preview:large","max-video-preview":"max-video-preview:-1"},"canonical":"https:\/\/www.mexicanguitarplayers.com\/en\/tienda\/sin categor\u00eda\/rack-skb-10-espacios-3skb-r10u20w\/","og_locale":"en_US","og_type":"article","og_title":"RACK SKB 10 ESPACIOS 3SKB-R10U20W - Mexican Guitar Players","og_description":"Rack de 10 espacios, pestillos con recubrimiento en polvo negro con sistema de bloqueo, rieles de acero enroscados, rieles traseros, ruedas incorporadas, resistente a los choques y al agua, manijas de bajo perfil, profundidad de la tapa: 5.72 cm, ancho interior: 48.26 cm, altura interior: 44.45 cm, peso: 26.76 kg.","og_url":"https:\/\/www.mexicanguitarplayers.com\/en\/tienda\/sin categor\u00eda\/rack-skb-10-espacios-3skb-r10u20w\/","og_site_name":"Mexican Guitar Players","article_modified_time":"2026-04-10T10:18:26+00:00","twitter_card":"summary_large_image","twitter_misc":{"Est. reading time":"1 minute"},"schema":{"@context":"https:\/\/schema.org","@graph":[{"@type":["WebPage","ItemPage"],"@id":"https:\/\/www.mexicanguitarplayers.com\/tienda\/sin categor\u00eda\/rack-skb-10-espacios-3skb-r10u20w\/","url":"https:\/\/www.mexicanguitarplayers.com\/tienda\/sin categor\u00eda\/rack-skb-10-espacios-3skb-r10u20w\/","name":"RACK SKB 10 ESPACIOS 3SKB-R10U20W - Mexican Guitar Players","isPartOf":{"@id":"https:\/\/www.mexicanguitarplayers.com\/#website"},"primaryImageOfPage":{"@id":"https:\/\/www.mexicanguitarplayers.com\/tienda\/sin categor\u00eda\/rack-skb-10-espacios-3skb-r10u20w\/#primaryimage"},"image":{"@id":"https:\/\/www.mexicanguitarplayers.com\/tienda\/sin categor\u00eda\/rack-skb-10-espacios-3skb-r10u20w\/#primaryimage"},"thumbnailUrl":"https:\/\/www.mexicanguitarplayers.com\/wp-content\/uploads\/2025\/04\/VASKB3SR10U20W.jpg","datePublished":"2025-04-09T13:31:41+00:00","dateModified":"2026-04-10T10:18:26+00:00","description":"Rack de 10 espacios, pestillos con recubrimiento en polvo negro con sistema de bloqueo, rieles de acero enroscados, rieles traseros, ruedas incorporadas, resistente a los choques y al agua, manijas de bajo perfil, profundidad de la tapa: 5.72 cm, ancho interior: 48.26 cm, altura interior: 44.45 cm, peso: 26.76 kg.","breadcrumb":{"@id":"https:\/\/www.mexicanguitarplayers.com\/tienda\/sin categor\u00eda\/rack-skb-10-espacios-3skb-r10u20w\/#breadcrumb"},"inLanguage":"en-US","potentialAction":[{"@type":"ReadAction","target":["https:\/\/www.mexicanguitarplayers.com\/tienda\/sin categor\u00eda\/rack-skb-10-espacios-3skb-r10u20w\/"]}]},{"@type":"ImageObject","inLanguage":"en-US","@id":"https:\/\/www.mexicanguitarplayers.com\/tienda\/sin categor\u00eda\/rack-skb-10-espacios-3skb-r10u20w\/#primaryimage","url":"https:\/\/www.mexicanguitarplayers.com\/wp-content\/uploads\/2025\/04\/VASKB3SR10U20W.jpg","contentUrl":"https:\/\/www.mexicanguitarplayers.com\/wp-content\/uploads\/2025\/04\/VASKB3SR10U20W.jpg","width":1200,"height":1200},{"@type":"BreadcrumbList","@id":"https:\/\/www.mexicanguitarplayers.com\/tienda\/sin categor\u00eda\/rack-skb-10-espacios-3skb-r10u20w\/#breadcrumb","itemListElement":[{"@type":"ListItem","position":1,"name":"Portada","item":"https:\/\/www.mexicanguitarplayers.com\/"},{"@type":"ListItem","position":2,"name":"Tienda","item":"https:\/\/www.mexicanguitarplayers.com\/tienda\/"},{"@type":"ListItem","position":3,"name":"RACK SKB 10 ESPACIOS 3SKB-R10U20W"}]},{"@type":"WebSite","@id":"https:\/\/www.mexicanguitarplayers.com\/#website","url":"https:\/\/www.mexicanguitarplayers.com\/","name":"Mexican Guitar Players","description":"Website","publisher":{"@id":"https:\/\/www.mexicanguitarplayers.com\/#organization"},"potentialAction":[{"@type":"SearchAction","target":{"@type":"EntryPoint","urlTemplate":"https:\/\/www.mexicanguitarplayers.com\/?s={search_term_string}"},"query-input":{"@type":"PropertyValueSpecification","valueRequired":true,"valueName":"search_term_string"}}],"inLanguage":"en-US"},{"@type":"Organization","@id":"https:\/\/www.mexicanguitarplayers.com\/#organization","name":"Mexican Guitar Players","url":"https:\/\/www.mexicanguitarplayers.com\/","logo":{"@type":"ImageObject","inLanguage":"en-US","@id":"https:\/\/www.mexicanguitarplayers.com\/#\/schema\/logo\/image\/","url":"","contentUrl":"","caption":"Mexican Guitar Players"},"image":{"@id":"https:\/\/www.mexicanguitarplayers.com\/#\/schema\/logo\/image\/"}}]}},"brands":[{"id":609,"name":"SKB","slug":"skb"}],"_links":{"self":[{"href":"https:\/\/www.mexicanguitarplayers.com\/en\/wp-json\/wp\/v2\/product\/41348","targetHints":{"allow":["GET"]}}],"collection":[{"href":"https:\/\/www.mexicanguitarplayers.com\/en\/wp-json\/wp\/v2\/product"}],"about":[{"href":"https:\/\/www.mexicanguitarplayers.com\/en\/wp-json\/wp\/v2\/types\/product"}],"replies":[{"embeddable":true,"href":"https:\/\/www.mexicanguitarplayers.com\/en\/wp-json\/wp\/v2\/comments?post=41348"}],"wp:featuredmedia":[{"embeddable":true,"href":"https:\/\/www.mexicanguitarplayers.com\/en\/wp-json\/wp\/v2\/media\/41342"}],"wp:attachment":[{"href":"https:\/\/www.mexicanguitarplayers.com\/en\/wp-json\/wp\/v2\/media?parent=41348"}],"wp:term":[{"taxonomy":"pwb-brand","embeddable":true,"href":"https:\/\/www.mexicanguitarplayers.com\/en\/wp-json\/wp\/v2\/pwb-brand?post=41348"},{"taxonomy":"product_brand","embeddable":true,"href":"https:\/\/www.mexicanguitarplayers.com\/en\/wp-json\/wp\/v2\/product_brand?post=41348"},{"taxonomy":"product_cat","embeddable":true,"href":"https:\/\/www.mexicanguitarplayers.com\/en\/wp-json\/wp\/v2\/product_cat?post=41348"},{"taxonomy":"product_tag","embeddable":true,"href":"https:\/\/www.mexicanguitarplayers.com\/en\/wp-json\/wp\/v2\/product_tag?post=41348"}],"curies":[{"name":"wp","href":"https:\/\/api.w.org\/{rel}","templated":true}]}}