{"id":41404,"date":"2025-04-09T07:33:42","date_gmt":"2025-04-09T13:33:42","guid":{"rendered":"https:\/\/www.mexicanguitarplayers.com\/tienda\/sin categor\u00eda\/bafle-turbosound-c-poder-mod-m12\/"},"modified":"2026-05-01T07:16:52","modified_gmt":"2026-05-01T13:16:52","slug":"bafle-turbosound-c-poder-mod-m12","status":"publish","type":"product","link":"https:\/\/www.mexicanguitarplayers.com\/en\/tienda\/audio\/bafles-y-bocinas\/bafles\/bafles-activos\/bafle-turbosound-c-poder-mod-m12\/","title":{"rendered":"BAFLE TURBOSOUND C\/PODER MOD. M12"},"content":{"rendered":"<div style=\"text-align: justify\">\n<div>\n<h3>Bafle de 12&#8243; pulgadas de 1100 watts de potencia con tecnolog\u00eda DPS Kark Teknik.<\/h3>\n<\/div>\n<div>El Milan M12 es un bafle de 12&#8243; pulgadas port\u00e1til activo de dos v\u00edas con dos canales independientes de entrada, micr\u00f3fono y l\u00ednea, dos bandas de ecualizaci\u00f3n, limitador inteligente y una funci\u00f3n Mix Out para conectar un bafle Milan adicional para un sistema f\u00e1cil de expansi\u00f3n. El amplificador clase D es una unidad de dos canales con un crossover electr\u00f3nico integrado, permitiendo que los conductores de HF y LF puedan ser alimentados por separado sin que uno sea capaz de influir en el sonido del otro. La potencia total de salida es de 600 watts pico, lo que proporciona bastante headroom para mantener un buen rango din\u00e1mico para se\u00f1ales transitorias que se entregan sin esfuerzo.El Milan M12 es un bafle de 12&#8243; pulgadas port\u00e1til activo de dos v\u00edas con dos canales independientes de entrada, micr\u00f3fono y l\u00ednea, dos bandas de ecualizaci\u00f3n, limitador inteligente y una funci\u00f3n Mix Out para conectar un bafle Milan adicional para un sistema f\u00e1cil de expansi\u00f3n. El amplificador clase D es una unidad de dos canales con un crossover electr\u00f3nico integrado, permitiendo que los conductores de HF y LF puedan ser alimentados por separado sin que uno sea capaz de influir en el sonido del otro. La potencia total de salida es de 1100 watts pico, lo que proporciona bastante headroom para mantener un buen rango din\u00e1mico para se\u00f1ales transitorias que se entregan sin esfuerzo.<\/div>\n<div>\n<h4>Quick look<\/h4>\n<\/div>\n<ul style=\"margin: 0px 0px 0px 25px\">\n<li style=\"list-style-type: circle;margin: 5px\">Tipo de sistema.<\/li>\n<li style=\"list-style-type: circle;margin: 5px\">Peso neto.<\/li>\n<li style=\"list-style-type: circle;margin: 5px\">Dimensions.<\/li>\n<li style=\"list-style-type: circle;margin: 5px\">Frequency response.<\/li>\n<li style=\"list-style-type: circle;margin: 5px\">Dispersi\u00f3n.<\/li>\n<li style=\"list-style-type: circle;margin: 5px\">Maximum SPL.<\/li>\n<li style=\"list-style-type: circle;margin: 5px\">Construcci\u00f3n.<\/li>\n<li style=\"list-style-type: circle;margin: 5px\">Connectors.<\/li>\n<\/ul>\n<div>\n<div style=\"font-weight: bold\">Tipo de sistema.<\/div>\n<div>\n<p>12&#8243; pulgadas, 1100 watts y dos v\u00edas.<\/p>\n<\/div>\n<div style=\"font-weight: bold\">Peso neto.<\/div>\n<div>\n<p>20.5 Kg.<\/p>\n<\/div>\n<div style=\"font-weight: bold\">Dimensions.<\/div>\n<div>\n<p>620 mm x 394 mm x 330 mm. <\/p>\n<\/div>\n<div style=\"font-weight: bold\">Frequency response.<\/div>\n<div>\n<p>55 Hz &#8211; 18 kHz \u00b1 3 dB.<\/p>\n<\/div>\n<div style=\"font-weight: bold\">Dispersi\u00f3n.<\/div>\n<div>\n<p>90\u00b0H x 60\u00b0V @ -6 dB.<\/p>\n<\/div>\n<div style=\"font-weight: bold\">Maximum SPL.<\/div>\n<div>\n<p>128 dB pico.<\/p>\n<\/div>\n<div style=\"font-weight: bold\">Construcci\u00f3n.<\/div>\n<div>\n<p>Gabinete de polipropileno moldeado por inyecci\u00f3n, asa empotrada, doble \u00e1ngulo de montaje en poste.<\/p>\n<\/div>\n<div style=\"font-weight: bold\">Connectors.<\/div>\n<div>\n<p>Entrada de l\u00ednea \/ micr\u00f3fono: Combo jack y XLR hembra.Salida: XLR macho.<\/p>\n<\/div>\n<\/div>\n<div>\n<h4>Characteristics<\/h4>\n<\/div>\n<div>\n<ul style=\"margin: 0px 0px 0px 25px\">\n<li style=\"list-style-type: circle;margin: 5px\">Amplificador eficiente de clase D.<\/li>\n<li style=\"list-style-type: circle;margin: 5px\">Gabinete de peso ligero perfecto para giras.<\/li>\n<li style=\"list-style-type: circle;margin: 5px\">Agarradera integral.<\/li>\n<li style=\"list-style-type: circle;margin: 5px\">2 canales de entrada discreta para l\u00ednea y micr\u00f3fono.<\/li>\n<li style=\"list-style-type: circle;margin: 5px\">Procesador de se\u00f1al Klark Teknik.<\/li>\n<li style=\"list-style-type: circle;margin: 5px\">Contorno musical \/ vocal.<\/li>\n<li style=\"list-style-type: circle;margin: 5px\">Conector Mix \/ Out.<\/li>\n<li style=\"list-style-type: circle;margin: 5px\">Convergencia de onda el\u00edptica.<\/li>\n<li style=\"list-style-type: circle;margin: 5px\">Angulo dual de montaje en poste.<\/li>\n<li style=\"list-style-type: circle;margin: 5px\">Puntos de suspensi\u00f3n internos.<\/li>\n<li style=\"list-style-type: circle;margin: 5px\">Logo frontal iluminado.<\/li>\n<\/ul>\n<\/div>\n<\/div>","protected":false},"excerpt":{"rendered":"<p>Bafle activo Turbosound. Modelo: M12. Serie Milan.12\u201d pulgadas, 1100 watts y dos v\u00edas. Amplificador eficiente de clase D. Gabinete de peso ligero perfecto para giras. 2 canales de entrada discreta para l\u00ednea y micr\u00f3fono. Procesador de se\u00f1al Klark Teknik. Peso neto: 20.5 Kg. Dimensiones: 620 mm x 394 mm x 330 mm. Respuesta de frecuencia: 55 Hz &#8211; 18 kHz \u00b1 3 dB. SPL m\u00e1ximo: 128 dB pico.&hellip; <a class=\"kt-excerpt-readmore more-link\" href=\"https:\/\/www.mexicanguitarplayers.com\/en\/tienda\/audio\/bafles-y-bocinas\/bafles\/bafles-activos\/bafle-turbosound-c-poder-mod-m12\/\">Read more<\/a><\/p>","protected":false},"featured_media":41398,"comment_status":"open","ping_status":"closed","template":"","meta":{"kt_blocks_editor_width":""},"pwb-brand":[498],"product_brand":[],"product_cat":[213,222,472,221],"product_tag":[],"class_list":{"0":"post-41404","1":"product","2":"type-product","3":"status-publish","4":"has-post-thumbnail","6":"pwb-brand-turbosound","7":"product_cat-audio","8":"product_cat-bafles","9":"product_cat-bafles-activos","10":"product_cat-bafles-y-bocinas","11":"product_shipping_class-20-25-kg","13":"first","14":"instock","15":"taxable","16":"shipping-taxable","17":"purchasable","18":"product-type-simple"},"yoast_head":"<!-- This site is optimized with the Yoast SEO plugin v27.5 - https:\/\/yoast.com\/product\/yoast-seo-wordpress\/ -->\n<title>BAFLE TURBOSOUND C\/PODER MOD. M12 - Mexican Guitar Players<\/title>\n<meta name=\"description\" content=\"Bafle activo Turbosound. Modelo: M12. Serie Milan.12\u201d pulgadas, 1100 watts y dos v\u00edas. Amplificador eficiente de clase D. Gabinete de peso ligero perfecto para giras. 2 canales de entrada discreta para l\u00ednea y micr\u00f3fono. Procesador de se\u00f1al Klark Teknik. Peso neto: 20.5 Kg. Dimensiones: 620 mm x 394 mm x 330 mm. Respuesta de frecuencia: 55 Hz - 18 kHz \u00b1 3 dB. SPL m\u00e1ximo: 128 dB pico.\" \/>\n<meta name=\"robots\" content=\"index, follow, max-snippet:-1, max-image-preview:large, max-video-preview:-1\" \/>\n<link rel=\"canonical\" href=\"https:\/\/www.mexicanguitarplayers.com\/en\/tienda\/sin%20categor\u00eda\/bafle-turbosound-c-poder-mod-m12\/\" \/>\n<meta property=\"og:locale\" content=\"en_US\" \/>\n<meta property=\"og:type\" content=\"article\" \/>\n<meta property=\"og:title\" content=\"BAFLE TURBOSOUND C\/PODER MOD. M12 - Mexican Guitar Players\" \/>\n<meta property=\"og:description\" content=\"Bafle activo Turbosound. Modelo: M12. Serie Milan.12\u201d pulgadas, 1100 watts y dos v\u00edas. Amplificador eficiente de clase D. Gabinete de peso ligero perfecto para giras. 2 canales de entrada discreta para l\u00ednea y micr\u00f3fono. Procesador de se\u00f1al Klark Teknik. Peso neto: 20.5 Kg. Dimensiones: 620 mm x 394 mm x 330 mm. Respuesta de frecuencia: 55 Hz - 18 kHz \u00b1 3 dB. SPL m\u00e1ximo: 128 dB pico.\" \/>\n<meta property=\"og:url\" content=\"https:\/\/www.mexicanguitarplayers.com\/en\/tienda\/sin categor\u00eda\/bafle-turbosound-c-poder-mod-m12\/\" \/>\n<meta property=\"og:site_name\" content=\"Mexican Guitar Players\" \/>\n<meta property=\"article:modified_time\" content=\"2026-05-01T13:16:52+00:00\" \/>\n<meta name=\"twitter:card\" content=\"summary_large_image\" \/>\n<meta name=\"twitter:label1\" content=\"Est. reading time\" \/>\n\t<meta name=\"twitter:data1\" content=\"2 minutes\" \/>\n<script type=\"application\/ld+json\" class=\"yoast-schema-graph\">{\"@context\":\"https:\\\/\\\/schema.org\",\"@graph\":[{\"@type\":[\"WebPage\",\"ItemPage\"],\"@id\":\"https:\\\/\\\/www.mexicanguitarplayers.com\\\/tienda\\\/sin categor\u00eda\\\/bafle-turbosound-c-poder-mod-m12\\\/\",\"url\":\"https:\\\/\\\/www.mexicanguitarplayers.com\\\/tienda\\\/sin categor\u00eda\\\/bafle-turbosound-c-poder-mod-m12\\\/\",\"name\":\"BAFLE TURBOSOUND C\\\/PODER MOD. M12 - Mexican Guitar Players\",\"isPartOf\":{\"@id\":\"https:\\\/\\\/www.mexicanguitarplayers.com\\\/#website\"},\"primaryImageOfPage\":{\"@id\":\"https:\\\/\\\/www.mexicanguitarplayers.com\\\/tienda\\\/sin categor\u00eda\\\/bafle-turbosound-c-poder-mod-m12\\\/#primaryimage\"},\"image\":{\"@id\":\"https:\\\/\\\/www.mexicanguitarplayers.com\\\/tienda\\\/sin categor\u00eda\\\/bafle-turbosound-c-poder-mod-m12\\\/#primaryimage\"},\"thumbnailUrl\":\"https:\\\/\\\/www.mexicanguitarplayers.com\\\/wp-content\\\/uploads\\\/2025\\\/04\\\/IATURM12.jpg\",\"datePublished\":\"2025-04-09T13:33:42+00:00\",\"dateModified\":\"2026-05-01T13:16:52+00:00\",\"description\":\"Bafle activo Turbosound. Modelo: M12. Serie Milan.12\u201d pulgadas, 1100 watts y dos v\u00edas. Amplificador eficiente de clase D. Gabinete de peso ligero perfecto para giras. 2 canales de entrada discreta para l\u00ednea y micr\u00f3fono. Procesador de se\u00f1al Klark Teknik. Peso neto: 20.5 Kg. Dimensiones: 620 mm x 394 mm x 330 mm. Respuesta de frecuencia: 55 Hz - 18 kHz \u00b1 3 dB. SPL m\u00e1ximo: 128 dB pico.\",\"breadcrumb\":{\"@id\":\"https:\\\/\\\/www.mexicanguitarplayers.com\\\/tienda\\\/sin categor\u00eda\\\/bafle-turbosound-c-poder-mod-m12\\\/#breadcrumb\"},\"inLanguage\":\"en-US\",\"potentialAction\":[{\"@type\":\"ReadAction\",\"target\":[\"https:\\\/\\\/www.mexicanguitarplayers.com\\\/tienda\\\/sin categor\u00eda\\\/bafle-turbosound-c-poder-mod-m12\\\/\"]}]},{\"@type\":\"ImageObject\",\"inLanguage\":\"en-US\",\"@id\":\"https:\\\/\\\/www.mexicanguitarplayers.com\\\/tienda\\\/sin categor\u00eda\\\/bafle-turbosound-c-poder-mod-m12\\\/#primaryimage\",\"url\":\"https:\\\/\\\/www.mexicanguitarplayers.com\\\/wp-content\\\/uploads\\\/2025\\\/04\\\/IATURM12.jpg\",\"contentUrl\":\"https:\\\/\\\/www.mexicanguitarplayers.com\\\/wp-content\\\/uploads\\\/2025\\\/04\\\/IATURM12.jpg\",\"width\":1200,\"height\":1200},{\"@type\":\"BreadcrumbList\",\"@id\":\"https:\\\/\\\/www.mexicanguitarplayers.com\\\/tienda\\\/sin categor\u00eda\\\/bafle-turbosound-c-poder-mod-m12\\\/#breadcrumb\",\"itemListElement\":[{\"@type\":\"ListItem\",\"position\":1,\"name\":\"Portada\",\"item\":\"https:\\\/\\\/www.mexicanguitarplayers.com\\\/\"},{\"@type\":\"ListItem\",\"position\":2,\"name\":\"Tienda\",\"item\":\"https:\\\/\\\/www.mexicanguitarplayers.com\\\/tienda\\\/\"},{\"@type\":\"ListItem\",\"position\":3,\"name\":\"BAFLE TURBOSOUND C\\\/PODER MOD. M12\"}]},{\"@type\":\"WebSite\",\"@id\":\"https:\\\/\\\/www.mexicanguitarplayers.com\\\/#website\",\"url\":\"https:\\\/\\\/www.mexicanguitarplayers.com\\\/\",\"name\":\"Mexican Guitar Players\",\"description\":\"Website\",\"publisher\":{\"@id\":\"https:\\\/\\\/www.mexicanguitarplayers.com\\\/#organization\"},\"potentialAction\":[{\"@type\":\"SearchAction\",\"target\":{\"@type\":\"EntryPoint\",\"urlTemplate\":\"https:\\\/\\\/www.mexicanguitarplayers.com\\\/?s={search_term_string}\"},\"query-input\":{\"@type\":\"PropertyValueSpecification\",\"valueRequired\":true,\"valueName\":\"search_term_string\"}}],\"inLanguage\":\"en-US\"},{\"@type\":\"Organization\",\"@id\":\"https:\\\/\\\/www.mexicanguitarplayers.com\\\/#organization\",\"name\":\"Mexican Guitar Players\",\"url\":\"https:\\\/\\\/www.mexicanguitarplayers.com\\\/\",\"logo\":{\"@type\":\"ImageObject\",\"inLanguage\":\"en-US\",\"@id\":\"https:\\\/\\\/www.mexicanguitarplayers.com\\\/#\\\/schema\\\/logo\\\/image\\\/\",\"url\":\"\",\"contentUrl\":\"\",\"caption\":\"Mexican Guitar Players\"},\"image\":{\"@id\":\"https:\\\/\\\/www.mexicanguitarplayers.com\\\/#\\\/schema\\\/logo\\\/image\\\/\"}}]}<\/script>\n<!-- \/ Yoast SEO plugin. -->","yoast_head_json":{"title":"BAFLE TURBOSOUND C\/PODER MOD. M12 - Mexican Guitar Players","description":"Bafle activo Turbosound. Modelo: M12. Serie Milan.12\u201d pulgadas, 1100 watts y dos v\u00edas. Amplificador eficiente de clase D. Gabinete de peso ligero perfecto para giras. 2 canales de entrada discreta para l\u00ednea y micr\u00f3fono. Procesador de se\u00f1al Klark Teknik. Peso neto: 20.5 Kg. Dimensiones: 620 mm x 394 mm x 330 mm. Respuesta de frecuencia: 55 Hz - 18 kHz \u00b1 3 dB. SPL m\u00e1ximo: 128 dB pico.","robots":{"index":"index","follow":"follow","max-snippet":"max-snippet:-1","max-image-preview":"max-image-preview:large","max-video-preview":"max-video-preview:-1"},"canonical":"https:\/\/www.mexicanguitarplayers.com\/en\/tienda\/sin categor\u00eda\/bafle-turbosound-c-poder-mod-m12\/","og_locale":"en_US","og_type":"article","og_title":"BAFLE TURBOSOUND C\/PODER MOD. M12 - Mexican Guitar Players","og_description":"Bafle activo Turbosound. Modelo: M12. Serie Milan.12\u201d pulgadas, 1100 watts y dos v\u00edas. Amplificador eficiente de clase D. Gabinete de peso ligero perfecto para giras. 2 canales de entrada discreta para l\u00ednea y micr\u00f3fono. Procesador de se\u00f1al Klark Teknik. Peso neto: 20.5 Kg. Dimensiones: 620 mm x 394 mm x 330 mm. Respuesta de frecuencia: 55 Hz - 18 kHz \u00b1 3 dB. SPL m\u00e1ximo: 128 dB pico.","og_url":"https:\/\/www.mexicanguitarplayers.com\/en\/tienda\/sin categor\u00eda\/bafle-turbosound-c-poder-mod-m12\/","og_site_name":"Mexican Guitar Players","article_modified_time":"2026-05-01T13:16:52+00:00","twitter_card":"summary_large_image","twitter_misc":{"Est. reading time":"2 minutes"},"schema":{"@context":"https:\/\/schema.org","@graph":[{"@type":["WebPage","ItemPage"],"@id":"https:\/\/www.mexicanguitarplayers.com\/tienda\/sin categor\u00eda\/bafle-turbosound-c-poder-mod-m12\/","url":"https:\/\/www.mexicanguitarplayers.com\/tienda\/sin categor\u00eda\/bafle-turbosound-c-poder-mod-m12\/","name":"BAFLE TURBOSOUND C\/PODER MOD. M12 - Mexican Guitar Players","isPartOf":{"@id":"https:\/\/www.mexicanguitarplayers.com\/#website"},"primaryImageOfPage":{"@id":"https:\/\/www.mexicanguitarplayers.com\/tienda\/sin categor\u00eda\/bafle-turbosound-c-poder-mod-m12\/#primaryimage"},"image":{"@id":"https:\/\/www.mexicanguitarplayers.com\/tienda\/sin categor\u00eda\/bafle-turbosound-c-poder-mod-m12\/#primaryimage"},"thumbnailUrl":"https:\/\/www.mexicanguitarplayers.com\/wp-content\/uploads\/2025\/04\/IATURM12.jpg","datePublished":"2025-04-09T13:33:42+00:00","dateModified":"2026-05-01T13:16:52+00:00","description":"Bafle activo Turbosound. Modelo: M12. Serie Milan.12\u201d pulgadas, 1100 watts y dos v\u00edas. Amplificador eficiente de clase D. Gabinete de peso ligero perfecto para giras. 2 canales de entrada discreta para l\u00ednea y micr\u00f3fono. Procesador de se\u00f1al Klark Teknik. Peso neto: 20.5 Kg. Dimensiones: 620 mm x 394 mm x 330 mm. Respuesta de frecuencia: 55 Hz - 18 kHz \u00b1 3 dB. SPL m\u00e1ximo: 128 dB pico.","breadcrumb":{"@id":"https:\/\/www.mexicanguitarplayers.com\/tienda\/sin categor\u00eda\/bafle-turbosound-c-poder-mod-m12\/#breadcrumb"},"inLanguage":"en-US","potentialAction":[{"@type":"ReadAction","target":["https:\/\/www.mexicanguitarplayers.com\/tienda\/sin categor\u00eda\/bafle-turbosound-c-poder-mod-m12\/"]}]},{"@type":"ImageObject","inLanguage":"en-US","@id":"https:\/\/www.mexicanguitarplayers.com\/tienda\/sin categor\u00eda\/bafle-turbosound-c-poder-mod-m12\/#primaryimage","url":"https:\/\/www.mexicanguitarplayers.com\/wp-content\/uploads\/2025\/04\/IATURM12.jpg","contentUrl":"https:\/\/www.mexicanguitarplayers.com\/wp-content\/uploads\/2025\/04\/IATURM12.jpg","width":1200,"height":1200},{"@type":"BreadcrumbList","@id":"https:\/\/www.mexicanguitarplayers.com\/tienda\/sin categor\u00eda\/bafle-turbosound-c-poder-mod-m12\/#breadcrumb","itemListElement":[{"@type":"ListItem","position":1,"name":"Portada","item":"https:\/\/www.mexicanguitarplayers.com\/"},{"@type":"ListItem","position":2,"name":"Tienda","item":"https:\/\/www.mexicanguitarplayers.com\/tienda\/"},{"@type":"ListItem","position":3,"name":"BAFLE TURBOSOUND C\/PODER MOD. M12"}]},{"@type":"WebSite","@id":"https:\/\/www.mexicanguitarplayers.com\/#website","url":"https:\/\/www.mexicanguitarplayers.com\/","name":"Mexican Guitar Players","description":"Website","publisher":{"@id":"https:\/\/www.mexicanguitarplayers.com\/#organization"},"potentialAction":[{"@type":"SearchAction","target":{"@type":"EntryPoint","urlTemplate":"https:\/\/www.mexicanguitarplayers.com\/?s={search_term_string}"},"query-input":{"@type":"PropertyValueSpecification","valueRequired":true,"valueName":"search_term_string"}}],"inLanguage":"en-US"},{"@type":"Organization","@id":"https:\/\/www.mexicanguitarplayers.com\/#organization","name":"Mexican Guitar Players","url":"https:\/\/www.mexicanguitarplayers.com\/","logo":{"@type":"ImageObject","inLanguage":"en-US","@id":"https:\/\/www.mexicanguitarplayers.com\/#\/schema\/logo\/image\/","url":"","contentUrl":"","caption":"Mexican Guitar Players"},"image":{"@id":"https:\/\/www.mexicanguitarplayers.com\/#\/schema\/logo\/image\/"}}]}},"brands":[{"id":498,"name":"TURBO SOUND","slug":"turbosound"}],"_links":{"self":[{"href":"https:\/\/www.mexicanguitarplayers.com\/en\/wp-json\/wp\/v2\/product\/41404","targetHints":{"allow":["GET"]}}],"collection":[{"href":"https:\/\/www.mexicanguitarplayers.com\/en\/wp-json\/wp\/v2\/product"}],"about":[{"href":"https:\/\/www.mexicanguitarplayers.com\/en\/wp-json\/wp\/v2\/types\/product"}],"replies":[{"embeddable":true,"href":"https:\/\/www.mexicanguitarplayers.com\/en\/wp-json\/wp\/v2\/comments?post=41404"}],"wp:featuredmedia":[{"embeddable":true,"href":"https:\/\/www.mexicanguitarplayers.com\/en\/wp-json\/wp\/v2\/media\/41398"}],"wp:attachment":[{"href":"https:\/\/www.mexicanguitarplayers.com\/en\/wp-json\/wp\/v2\/media?parent=41404"}],"wp:term":[{"taxonomy":"pwb-brand","embeddable":true,"href":"https:\/\/www.mexicanguitarplayers.com\/en\/wp-json\/wp\/v2\/pwb-brand?post=41404"},{"taxonomy":"product_brand","embeddable":true,"href":"https:\/\/www.mexicanguitarplayers.com\/en\/wp-json\/wp\/v2\/product_brand?post=41404"},{"taxonomy":"product_cat","embeddable":true,"href":"https:\/\/www.mexicanguitarplayers.com\/en\/wp-json\/wp\/v2\/product_cat?post=41404"},{"taxonomy":"product_tag","embeddable":true,"href":"https:\/\/www.mexicanguitarplayers.com\/en\/wp-json\/wp\/v2\/product_tag?post=41404"}],"curies":[{"name":"wp","href":"https:\/\/api.w.org\/{rel}","templated":true}]}}