{"id":41408,"date":"2025-04-09T07:33:48","date_gmt":"2025-04-09T13:33:48","guid":{"rendered":"https:\/\/www.mexicanguitarplayers.com\/tienda\/sin categor\u00eda\/afinador-tc-electronic-polytune-3-mini\/"},"modified":"2026-02-18T04:15:31","modified_gmt":"2026-02-18T10:15:31","slug":"afinador-tc-electronic-polytune-3-mini","status":"publish","type":"product","link":"https:\/\/www.mexicanguitarplayers.com\/en\/tienda\/accesorios\/afinadores-y-metronomos\/afinadores\/afinadores-cromaticos\/afinador-tc-electronic-polytune-3-mini\/","title":{"rendered":"TUNER TC ELECTRONIC POLYTUNE 3 MINI"},"content":{"rendered":"<div style=\"text-align: justify\">\n<div>\n<h3>The little guardian.<\/h3>\n<\/div>\n<div>Continuando con el legado de POLYTUNE, el POLYTUNE 3 MINI incluye una cantidad sin precedentes de potencia de afinaci\u00f3n en una peque\u00f1a huella sin sacrificar caracter\u00edsticas esenciales, como el modo &#8220;Always On&#8221; y nuestro circuito BONAFIDE BUFFER audi\u00f3filo para tonos sin compromiso, lo que lo hace ideal para pedales totalmente cargados, donde cada cent\u00edmetro cuenta. \u00bfTu se\u00f1al necesita desesperadamente un fuerte circuito buffer para salvar tu integridad tonal de un pelot\u00f3n de hambrientos pedales true-bypass? POLYTUNE 3 MINI lo tiene cubierto para cualquier configuraci\u00f3n y algo m\u00e1s. Gracias a su BUFFER BINAFIDE incorporado que garantiza una degradaci\u00f3n de se\u00f1al cero y una relaci\u00f3n se\u00f1al a ruido extremadamente alta, POLYTUNE 3 MINI es la herramienta de bolsillo 2 x 1 definitiva para pedaleras, manteniendo tu tono robusto y en su lugar. Apaga el buffer y volver\u00e1 instant\u00e1neamente al modo true-bypass. Cuando est\u00e1s rockeando en el escenario, simplemente no hay tiempo para detenerte y afinar, incluso si te has pasado un poco por la borda con la barra de whammy. Con el modo siempre activo del POLYTUNE 3 MINI, nunca tendr\u00e1s que perder el ritmo. Adem\u00e1s hay 2 interruptores DIP muy pr\u00e1cticos montados en el costado del pedal, que facilitan ir del buffer-bypass al true-bypass y el modo est\u00e1ndar al modo &#8220;Always On&#8221;. Ya sea que est\u00e9s tocando bajo la luz solar directa, bajo una plataforma de luz masiva o simplemente planeado ser el primer artista en vivo en la superficie del sol, la pantalla brillante del POLYTUNE 3 MINI permanece clara y legible. Y con 109 potentes LEDs funcionando a toda potencia, no tendr\u00e1s que buscar la pantalla, simplemente voltea y la encontrar\u00e1s.<\/div>\n<div>\n<h4>Quick look<\/h4>\n<\/div>\n<ul style=\"margin: 0px 0px 0px 25px\">\n<li style=\"list-style-type: circle;margin: 5px\">Kind.<\/li>\n<li style=\"list-style-type: circle;margin: 5px\">Buffer.<\/li>\n<li style=\"list-style-type: circle;margin: 5px\">Modes.<\/li>\n<li style=\"list-style-type: circle;margin: 5px\">Chassis.<\/li>\n<li style=\"list-style-type: circle;margin: 5px\">Screen.<\/li>\n<li style=\"list-style-type: circle;margin: 5px\">Entrances and exits.<\/li>\n<li style=\"list-style-type: circle;margin: 5px\">Footswitch.<\/li>\n<\/ul>\n<div>\n<div style=\"font-weight: bold\">Kind.<\/div>\n<div>\n<p>Polyphonic pedal tuner.<\/p>\n<\/div>\n<div style=\"font-weight: bold\">Buffer.<\/div>\n<div>\n<p>Built-in BONAFIDE BUFFER keeps tone crisp through long cables and large pedalboards. Premium buffer with a 1 milli-ohm input, 100 ohm output, and an extremely high signal-to-noise ratio of&gt; 112 dB. Switchable true bypass \/ buffer<\/p>\n<\/div>\n<div style=\"font-weight: bold\">Modes.<\/div>\n<div>\n<p>Modo polif\u00f3nico que afina todas las cuerdas a la vez. Modo crom\u00e1tico. Modo estrobosc\u00f3pico con ultra precisi\u00f3n de \u00b10.02 cents para un rendimiento definitivo de afinaci\u00f3n. Modo &#8220;Always On&#8221; para afinar incluso cuando se est\u00e1 tocando y no se est\u00e1 en modo mute.<\/p>\n<\/div>\n<div style=\"font-weight: bold\">Chassis.<\/div>\n<div>\n<p>Extra small cabinet that easily fits on any pedal board.<\/p>\n<\/div>\n<div style=\"font-weight: bold\">Screen.<\/div>\n<div>\n<p>Super bright 109 LEDs display providing clear readings.<\/p>\n<\/div>\n<div style=\"font-weight: bold\">Entrances and exits.<\/div>\n<div>\n<p>1\/4 \u2033 TRS input and output.<\/p>\n<\/div>\n<div style=\"font-weight: bold\">Footswitch.<\/div>\n<div>\n<p>Turn the tuner on and off. By holding down the footswitch you can toggle between standard and drop-D tuning mode.<\/p>\n<\/div>\n<\/div>\n<\/div>","protected":false},"excerpt":{"rendered":"<p>Afinador polif\u00f3nico de pedal con m\u00faltiples modos de afinaci\u00f3n, BONAFIDE BUFFER incorporado que mantiene el tono n\u00edtido a trav\u00e9s de cables largos y pedaleras grandes, brinda una afinaci\u00f3n r\u00e1pida y precisa y una herramienta de tono de alta calidad en una sola unidad, afina r\u00e1pidamente con modos de afinaci\u00f3n polif\u00f3nicos, crom\u00e1ticos y estrobosc\u00f3picos, el modo polif\u00f3nico afina todas las cuerdas a la vez, gabinete extra peque\u00f1o que cabe f\u00e1cilmente en cualquier pedalera, afinador estrobosc\u00f3pico con ultra precisi\u00f3n de \u00b10.02 cents para un rendimiento definitivo de afinaci\u00f3n, buffer premium con una entrada de 1 mili-ohm, salida de 100 ohms y una relaci\u00f3n se\u00f1al a ruido extremadamente alta de &gt;112 dB, true bypass\/buffer conmutable que optimiza la integridad de la se\u00f1al para cualquier configuraci\u00f3n, modo \u201dAlways On\u201d para afinar incluso cuando se est\u00e1 tocando y no se est\u00e1 en modo mute, pantalla s\u00faper brillante de 109 LEDs que proporciona lecturas claras en todas las condiciones de visualizaci\u00f3n, pasa autom\u00e1ticamente de afinaci\u00f3n polif\u00f3nica a monof\u00f3nica seg\u00fan la cantidad de cuerdas que toques.&hellip; <a class=\"kt-excerpt-readmore more-link\" href=\"https:\/\/www.mexicanguitarplayers.com\/en\/tienda\/accesorios\/afinadores-y-metronomos\/afinadores\/afinadores-cromaticos\/afinador-tc-electronic-polytune-3-mini\/\">Read more<\/a><\/p>","protected":false},"featured_media":41405,"comment_status":"open","ping_status":"closed","template":"","meta":{"kt_blocks_editor_width":""},"pwb-brand":[170],"product_brand":[],"product_cat":[85,423,424,422],"product_tag":[],"class_list":{"0":"post-41408","1":"product","2":"type-product","3":"status-publish","4":"has-post-thumbnail","6":"pwb-brand-tc-electronic","7":"product_cat-accesorios","8":"product_cat-afinadores","9":"product_cat-afinadores-cromaticos","10":"product_cat-afinadores-y-metronomos","11":"product_shipping_class-0-5-kg","13":"first","14":"outofstock","15":"taxable","16":"shipping-taxable","17":"purchasable","18":"product-type-simple"},"yoast_head":"<!-- This site is optimized with the Yoast SEO plugin v27.3 - https:\/\/yoast.com\/product\/yoast-seo-wordpress\/ -->\n<title>AFINADOR TC ELECTRONIC POLYTUNE 3 MINI - Mexican Guitar Players<\/title>\n<meta name=\"description\" content=\"Afinador polif\u00f3nico de pedal con m\u00faltiples modos de afinaci\u00f3n, BONAFIDE BUFFER incorporado que mantiene el tono n\u00edtido a trav\u00e9s de cables largos y pedaleras grandes, brinda una afinaci\u00f3n r\u00e1pida y precisa y una herramienta de tono de alta calidad en una sola unidad, afina r\u00e1pidamente con modos de afinaci\u00f3n polif\u00f3nicos, crom\u00e1ticos y estrobosc\u00f3picos, el modo polif\u00f3nico afina todas las cuerdas a la vez, gabinete extra peque\u00f1o que cabe f\u00e1cilmente en cualquier pedalera, afinador estrobosc\u00f3pico con ultra precisi\u00f3n de \u00b10.02 cents para un rendimiento definitivo de afinaci\u00f3n, buffer premium con una entrada de 1 mili-ohm, salida de 100 ohms y una relaci\u00f3n se\u00f1al a ruido extremadamente alta de &gt;112 dB, true bypass\/buffer conmutable que optimiza la integridad de la se\u00f1al para cualquier configuraci\u00f3n, modo \u201dAlways On\u201d para afinar incluso cuando se est\u00e1 tocando y no se est\u00e1 en modo mute, pantalla s\u00faper brillante de 109 LEDs que proporciona lecturas claras en todas las condiciones de visualizaci\u00f3n, pasa autom\u00e1ticamente de afinaci\u00f3n polif\u00f3nica a monof\u00f3nica seg\u00fan la cantidad de cuerdas que toques.\" \/>\n<meta name=\"robots\" content=\"index, follow, max-snippet:-1, max-image-preview:large, max-video-preview:-1\" \/>\n<link rel=\"canonical\" href=\"https:\/\/www.mexicanguitarplayers.com\/en\/tienda\/sin%20categor\u00eda\/afinador-tc-electronic-polytune-3-mini\/\" \/>\n<meta property=\"og:locale\" content=\"en_US\" \/>\n<meta property=\"og:type\" content=\"article\" \/>\n<meta property=\"og:title\" content=\"AFINADOR TC ELECTRONIC POLYTUNE 3 MINI - Mexican Guitar Players\" \/>\n<meta property=\"og:description\" content=\"Afinador polif\u00f3nico de pedal con m\u00faltiples modos de afinaci\u00f3n, BONAFIDE BUFFER incorporado que mantiene el tono n\u00edtido a trav\u00e9s de cables largos y pedaleras grandes, brinda una afinaci\u00f3n r\u00e1pida y precisa y una herramienta de tono de alta calidad en una sola unidad, afina r\u00e1pidamente con modos de afinaci\u00f3n polif\u00f3nicos, crom\u00e1ticos y estrobosc\u00f3picos, el modo polif\u00f3nico afina todas las cuerdas a la vez, gabinete extra peque\u00f1o que cabe f\u00e1cilmente en cualquier pedalera, afinador estrobosc\u00f3pico con ultra precisi\u00f3n de \u00b10.02 cents para un rendimiento definitivo de afinaci\u00f3n, buffer premium con una entrada de 1 mili-ohm, salida de 100 ohms y una relaci\u00f3n se\u00f1al a ruido extremadamente alta de &gt;112 dB, true bypass\/buffer conmutable que optimiza la integridad de la se\u00f1al para cualquier configuraci\u00f3n, modo \u201dAlways On\u201d para afinar incluso cuando se est\u00e1 tocando y no se est\u00e1 en modo mute, pantalla s\u00faper brillante de 109 LEDs que proporciona lecturas claras en todas las condiciones de visualizaci\u00f3n, pasa autom\u00e1ticamente de afinaci\u00f3n polif\u00f3nica a monof\u00f3nica seg\u00fan la cantidad de cuerdas que toques.\" \/>\n<meta property=\"og:url\" content=\"https:\/\/www.mexicanguitarplayers.com\/en\/tienda\/sin categor\u00eda\/afinador-tc-electronic-polytune-3-mini\/\" \/>\n<meta property=\"og:site_name\" content=\"Mexican Guitar Players\" \/>\n<meta property=\"article:modified_time\" content=\"2026-02-18T10:15:31+00:00\" \/>\n<meta name=\"twitter:card\" content=\"summary_large_image\" \/>\n<meta name=\"twitter:label1\" content=\"Est. reading time\" \/>\n\t<meta name=\"twitter:data1\" content=\"2 minutes\" \/>\n<script type=\"application\/ld+json\" class=\"yoast-schema-graph\">{\"@context\":\"https:\\\/\\\/schema.org\",\"@graph\":[{\"@type\":[\"WebPage\",\"ItemPage\"],\"@id\":\"https:\\\/\\\/www.mexicanguitarplayers.com\\\/tienda\\\/sin categor\u00eda\\\/afinador-tc-electronic-polytune-3-mini\\\/\",\"url\":\"https:\\\/\\\/www.mexicanguitarplayers.com\\\/tienda\\\/sin categor\u00eda\\\/afinador-tc-electronic-polytune-3-mini\\\/\",\"name\":\"AFINADOR TC ELECTRONIC POLYTUNE 3 MINI - Mexican Guitar Players\",\"isPartOf\":{\"@id\":\"https:\\\/\\\/www.mexicanguitarplayers.com\\\/#website\"},\"primaryImageOfPage\":{\"@id\":\"https:\\\/\\\/www.mexicanguitarplayers.com\\\/tienda\\\/sin categor\u00eda\\\/afinador-tc-electronic-polytune-3-mini\\\/#primaryimage\"},\"image\":{\"@id\":\"https:\\\/\\\/www.mexicanguitarplayers.com\\\/tienda\\\/sin categor\u00eda\\\/afinador-tc-electronic-polytune-3-mini\\\/#primaryimage\"},\"thumbnailUrl\":\"https:\\\/\\\/www.mexicanguitarplayers.com\\\/wp-content\\\/uploads\\\/2025\\\/04\\\/RATCEPOLYTUN3M.jpg\",\"datePublished\":\"2025-04-09T13:33:48+00:00\",\"dateModified\":\"2026-02-18T10:15:31+00:00\",\"description\":\"Afinador polif\u00f3nico de pedal con m\u00faltiples modos de afinaci\u00f3n, BONAFIDE BUFFER incorporado que mantiene el tono n\u00edtido a trav\u00e9s de cables largos y pedaleras grandes, brinda una afinaci\u00f3n r\u00e1pida y precisa y una herramienta de tono de alta calidad en una sola unidad, afina r\u00e1pidamente con modos de afinaci\u00f3n polif\u00f3nicos, crom\u00e1ticos y estrobosc\u00f3picos, el modo polif\u00f3nico afina todas las cuerdas a la vez, gabinete extra peque\u00f1o que cabe f\u00e1cilmente en cualquier pedalera, afinador estrobosc\u00f3pico con ultra precisi\u00f3n de \u00b10.02 cents para un rendimiento definitivo de afinaci\u00f3n, buffer premium con una entrada de 1 mili-ohm, salida de 100 ohms y una relaci\u00f3n se\u00f1al a ruido extremadamente alta de &gt;112 dB, true bypass\\\/buffer conmutable que optimiza la integridad de la se\u00f1al para cualquier configuraci\u00f3n, modo \u201dAlways On\u201d para afinar incluso cuando se est\u00e1 tocando y no se est\u00e1 en modo mute, pantalla s\u00faper brillante de 109 LEDs que proporciona lecturas claras en todas las condiciones de visualizaci\u00f3n, pasa autom\u00e1ticamente de afinaci\u00f3n polif\u00f3nica a monof\u00f3nica seg\u00fan la cantidad de cuerdas que toques.\",\"breadcrumb\":{\"@id\":\"https:\\\/\\\/www.mexicanguitarplayers.com\\\/tienda\\\/sin categor\u00eda\\\/afinador-tc-electronic-polytune-3-mini\\\/#breadcrumb\"},\"inLanguage\":\"en-US\",\"potentialAction\":[{\"@type\":\"ReadAction\",\"target\":[\"https:\\\/\\\/www.mexicanguitarplayers.com\\\/tienda\\\/sin categor\u00eda\\\/afinador-tc-electronic-polytune-3-mini\\\/\"]}]},{\"@type\":\"ImageObject\",\"inLanguage\":\"en-US\",\"@id\":\"https:\\\/\\\/www.mexicanguitarplayers.com\\\/tienda\\\/sin categor\u00eda\\\/afinador-tc-electronic-polytune-3-mini\\\/#primaryimage\",\"url\":\"https:\\\/\\\/www.mexicanguitarplayers.com\\\/wp-content\\\/uploads\\\/2025\\\/04\\\/RATCEPOLYTUN3M.jpg\",\"contentUrl\":\"https:\\\/\\\/www.mexicanguitarplayers.com\\\/wp-content\\\/uploads\\\/2025\\\/04\\\/RATCEPOLYTUN3M.jpg\",\"width\":1200,\"height\":1200},{\"@type\":\"BreadcrumbList\",\"@id\":\"https:\\\/\\\/www.mexicanguitarplayers.com\\\/tienda\\\/sin categor\u00eda\\\/afinador-tc-electronic-polytune-3-mini\\\/#breadcrumb\",\"itemListElement\":[{\"@type\":\"ListItem\",\"position\":1,\"name\":\"Portada\",\"item\":\"https:\\\/\\\/www.mexicanguitarplayers.com\\\/\"},{\"@type\":\"ListItem\",\"position\":2,\"name\":\"Tienda\",\"item\":\"https:\\\/\\\/www.mexicanguitarplayers.com\\\/tienda\\\/\"},{\"@type\":\"ListItem\",\"position\":3,\"name\":\"AFINADOR TC ELECTRONIC POLYTUNE 3 MINI\"}]},{\"@type\":\"WebSite\",\"@id\":\"https:\\\/\\\/www.mexicanguitarplayers.com\\\/#website\",\"url\":\"https:\\\/\\\/www.mexicanguitarplayers.com\\\/\",\"name\":\"Mexican Guitar Players\",\"description\":\"Website\",\"publisher\":{\"@id\":\"https:\\\/\\\/www.mexicanguitarplayers.com\\\/#organization\"},\"potentialAction\":[{\"@type\":\"SearchAction\",\"target\":{\"@type\":\"EntryPoint\",\"urlTemplate\":\"https:\\\/\\\/www.mexicanguitarplayers.com\\\/?s={search_term_string}\"},\"query-input\":{\"@type\":\"PropertyValueSpecification\",\"valueRequired\":true,\"valueName\":\"search_term_string\"}}],\"inLanguage\":\"en-US\"},{\"@type\":\"Organization\",\"@id\":\"https:\\\/\\\/www.mexicanguitarplayers.com\\\/#organization\",\"name\":\"Mexican Guitar Players\",\"url\":\"https:\\\/\\\/www.mexicanguitarplayers.com\\\/\",\"logo\":{\"@type\":\"ImageObject\",\"inLanguage\":\"en-US\",\"@id\":\"https:\\\/\\\/www.mexicanguitarplayers.com\\\/#\\\/schema\\\/logo\\\/image\\\/\",\"url\":\"\",\"contentUrl\":\"\",\"caption\":\"Mexican Guitar Players\"},\"image\":{\"@id\":\"https:\\\/\\\/www.mexicanguitarplayers.com\\\/#\\\/schema\\\/logo\\\/image\\\/\"}}]}<\/script>\n<!-- \/ Yoast SEO plugin. -->","yoast_head_json":{"title":"AFINADOR TC ELECTRONIC POLYTUNE 3 MINI - Mexican Guitar Players","description":"Afinador polif\u00f3nico de pedal con m\u00faltiples modos de afinaci\u00f3n, BONAFIDE BUFFER incorporado que mantiene el tono n\u00edtido a trav\u00e9s de cables largos y pedaleras grandes, brinda una afinaci\u00f3n r\u00e1pida y precisa y una herramienta de tono de alta calidad en una sola unidad, afina r\u00e1pidamente con modos de afinaci\u00f3n polif\u00f3nicos, crom\u00e1ticos y estrobosc\u00f3picos, el modo polif\u00f3nico afina todas las cuerdas a la vez, gabinete extra peque\u00f1o que cabe f\u00e1cilmente en cualquier pedalera, afinador estrobosc\u00f3pico con ultra precisi\u00f3n de \u00b10.02 cents para un rendimiento definitivo de afinaci\u00f3n, buffer premium con una entrada de 1 mili-ohm, salida de 100 ohms y una relaci\u00f3n se\u00f1al a ruido extremadamente alta de &gt;112 dB, true bypass\/buffer conmutable que optimiza la integridad de la se\u00f1al para cualquier configuraci\u00f3n, modo \u201dAlways On\u201d para afinar incluso cuando se est\u00e1 tocando y no se est\u00e1 en modo mute, pantalla s\u00faper brillante de 109 LEDs que proporciona lecturas claras en todas las condiciones de visualizaci\u00f3n, pasa autom\u00e1ticamente de afinaci\u00f3n polif\u00f3nica a monof\u00f3nica seg\u00fan la cantidad de cuerdas que toques.","robots":{"index":"index","follow":"follow","max-snippet":"max-snippet:-1","max-image-preview":"max-image-preview:large","max-video-preview":"max-video-preview:-1"},"canonical":"https:\/\/www.mexicanguitarplayers.com\/en\/tienda\/sin categor\u00eda\/afinador-tc-electronic-polytune-3-mini\/","og_locale":"en_US","og_type":"article","og_title":"AFINADOR TC ELECTRONIC POLYTUNE 3 MINI - Mexican Guitar Players","og_description":"Afinador polif\u00f3nico de pedal con m\u00faltiples modos de afinaci\u00f3n, BONAFIDE BUFFER incorporado que mantiene el tono n\u00edtido a trav\u00e9s de cables largos y pedaleras grandes, brinda una afinaci\u00f3n r\u00e1pida y precisa y una herramienta de tono de alta calidad en una sola unidad, afina r\u00e1pidamente con modos de afinaci\u00f3n polif\u00f3nicos, crom\u00e1ticos y estrobosc\u00f3picos, el modo polif\u00f3nico afina todas las cuerdas a la vez, gabinete extra peque\u00f1o que cabe f\u00e1cilmente en cualquier pedalera, afinador estrobosc\u00f3pico con ultra precisi\u00f3n de \u00b10.02 cents para un rendimiento definitivo de afinaci\u00f3n, buffer premium con una entrada de 1 mili-ohm, salida de 100 ohms y una relaci\u00f3n se\u00f1al a ruido extremadamente alta de &gt;112 dB, true bypass\/buffer conmutable que optimiza la integridad de la se\u00f1al para cualquier configuraci\u00f3n, modo \u201dAlways On\u201d para afinar incluso cuando se est\u00e1 tocando y no se est\u00e1 en modo mute, pantalla s\u00faper brillante de 109 LEDs que proporciona lecturas claras en todas las condiciones de visualizaci\u00f3n, pasa autom\u00e1ticamente de afinaci\u00f3n polif\u00f3nica a monof\u00f3nica seg\u00fan la cantidad de cuerdas que toques.","og_url":"https:\/\/www.mexicanguitarplayers.com\/en\/tienda\/sin categor\u00eda\/afinador-tc-electronic-polytune-3-mini\/","og_site_name":"Mexican Guitar Players","article_modified_time":"2026-02-18T10:15:31+00:00","twitter_card":"summary_large_image","twitter_misc":{"Est. reading time":"2 minutes"},"schema":{"@context":"https:\/\/schema.org","@graph":[{"@type":["WebPage","ItemPage"],"@id":"https:\/\/www.mexicanguitarplayers.com\/tienda\/sin categor\u00eda\/afinador-tc-electronic-polytune-3-mini\/","url":"https:\/\/www.mexicanguitarplayers.com\/tienda\/sin categor\u00eda\/afinador-tc-electronic-polytune-3-mini\/","name":"AFINADOR TC ELECTRONIC POLYTUNE 3 MINI - Mexican Guitar Players","isPartOf":{"@id":"https:\/\/www.mexicanguitarplayers.com\/#website"},"primaryImageOfPage":{"@id":"https:\/\/www.mexicanguitarplayers.com\/tienda\/sin categor\u00eda\/afinador-tc-electronic-polytune-3-mini\/#primaryimage"},"image":{"@id":"https:\/\/www.mexicanguitarplayers.com\/tienda\/sin categor\u00eda\/afinador-tc-electronic-polytune-3-mini\/#primaryimage"},"thumbnailUrl":"https:\/\/www.mexicanguitarplayers.com\/wp-content\/uploads\/2025\/04\/RATCEPOLYTUN3M.jpg","datePublished":"2025-04-09T13:33:48+00:00","dateModified":"2026-02-18T10:15:31+00:00","description":"Afinador polif\u00f3nico de pedal con m\u00faltiples modos de afinaci\u00f3n, BONAFIDE BUFFER incorporado que mantiene el tono n\u00edtido a trav\u00e9s de cables largos y pedaleras grandes, brinda una afinaci\u00f3n r\u00e1pida y precisa y una herramienta de tono de alta calidad en una sola unidad, afina r\u00e1pidamente con modos de afinaci\u00f3n polif\u00f3nicos, crom\u00e1ticos y estrobosc\u00f3picos, el modo polif\u00f3nico afina todas las cuerdas a la vez, gabinete extra peque\u00f1o que cabe f\u00e1cilmente en cualquier pedalera, afinador estrobosc\u00f3pico con ultra precisi\u00f3n de \u00b10.02 cents para un rendimiento definitivo de afinaci\u00f3n, buffer premium con una entrada de 1 mili-ohm, salida de 100 ohms y una relaci\u00f3n se\u00f1al a ruido extremadamente alta de &gt;112 dB, true bypass\/buffer conmutable que optimiza la integridad de la se\u00f1al para cualquier configuraci\u00f3n, modo \u201dAlways On\u201d para afinar incluso cuando se est\u00e1 tocando y no se est\u00e1 en modo mute, pantalla s\u00faper brillante de 109 LEDs que proporciona lecturas claras en todas las condiciones de visualizaci\u00f3n, pasa autom\u00e1ticamente de afinaci\u00f3n polif\u00f3nica a monof\u00f3nica seg\u00fan la cantidad de cuerdas que toques.","breadcrumb":{"@id":"https:\/\/www.mexicanguitarplayers.com\/tienda\/sin categor\u00eda\/afinador-tc-electronic-polytune-3-mini\/#breadcrumb"},"inLanguage":"en-US","potentialAction":[{"@type":"ReadAction","target":["https:\/\/www.mexicanguitarplayers.com\/tienda\/sin categor\u00eda\/afinador-tc-electronic-polytune-3-mini\/"]}]},{"@type":"ImageObject","inLanguage":"en-US","@id":"https:\/\/www.mexicanguitarplayers.com\/tienda\/sin categor\u00eda\/afinador-tc-electronic-polytune-3-mini\/#primaryimage","url":"https:\/\/www.mexicanguitarplayers.com\/wp-content\/uploads\/2025\/04\/RATCEPOLYTUN3M.jpg","contentUrl":"https:\/\/www.mexicanguitarplayers.com\/wp-content\/uploads\/2025\/04\/RATCEPOLYTUN3M.jpg","width":1200,"height":1200},{"@type":"BreadcrumbList","@id":"https:\/\/www.mexicanguitarplayers.com\/tienda\/sin categor\u00eda\/afinador-tc-electronic-polytune-3-mini\/#breadcrumb","itemListElement":[{"@type":"ListItem","position":1,"name":"Portada","item":"https:\/\/www.mexicanguitarplayers.com\/"},{"@type":"ListItem","position":2,"name":"Tienda","item":"https:\/\/www.mexicanguitarplayers.com\/tienda\/"},{"@type":"ListItem","position":3,"name":"AFINADOR TC ELECTRONIC POLYTUNE 3 MINI"}]},{"@type":"WebSite","@id":"https:\/\/www.mexicanguitarplayers.com\/#website","url":"https:\/\/www.mexicanguitarplayers.com\/","name":"Mexican Guitar Players","description":"Website","publisher":{"@id":"https:\/\/www.mexicanguitarplayers.com\/#organization"},"potentialAction":[{"@type":"SearchAction","target":{"@type":"EntryPoint","urlTemplate":"https:\/\/www.mexicanguitarplayers.com\/?s={search_term_string}"},"query-input":{"@type":"PropertyValueSpecification","valueRequired":true,"valueName":"search_term_string"}}],"inLanguage":"en-US"},{"@type":"Organization","@id":"https:\/\/www.mexicanguitarplayers.com\/#organization","name":"Mexican Guitar Players","url":"https:\/\/www.mexicanguitarplayers.com\/","logo":{"@type":"ImageObject","inLanguage":"en-US","@id":"https:\/\/www.mexicanguitarplayers.com\/#\/schema\/logo\/image\/","url":"","contentUrl":"","caption":"Mexican Guitar Players"},"image":{"@id":"https:\/\/www.mexicanguitarplayers.com\/#\/schema\/logo\/image\/"}}]}},"brands":[{"id":170,"name":"TC-ELECTRONIC","slug":"tc-electronic"}],"_links":{"self":[{"href":"https:\/\/www.mexicanguitarplayers.com\/en\/wp-json\/wp\/v2\/product\/41408","targetHints":{"allow":["GET"]}}],"collection":[{"href":"https:\/\/www.mexicanguitarplayers.com\/en\/wp-json\/wp\/v2\/product"}],"about":[{"href":"https:\/\/www.mexicanguitarplayers.com\/en\/wp-json\/wp\/v2\/types\/product"}],"replies":[{"embeddable":true,"href":"https:\/\/www.mexicanguitarplayers.com\/en\/wp-json\/wp\/v2\/comments?post=41408"}],"wp:featuredmedia":[{"embeddable":true,"href":"https:\/\/www.mexicanguitarplayers.com\/en\/wp-json\/wp\/v2\/media\/41405"}],"wp:attachment":[{"href":"https:\/\/www.mexicanguitarplayers.com\/en\/wp-json\/wp\/v2\/media?parent=41408"}],"wp:term":[{"taxonomy":"pwb-brand","embeddable":true,"href":"https:\/\/www.mexicanguitarplayers.com\/en\/wp-json\/wp\/v2\/pwb-brand?post=41408"},{"taxonomy":"product_brand","embeddable":true,"href":"https:\/\/www.mexicanguitarplayers.com\/en\/wp-json\/wp\/v2\/product_brand?post=41408"},{"taxonomy":"product_cat","embeddable":true,"href":"https:\/\/www.mexicanguitarplayers.com\/en\/wp-json\/wp\/v2\/product_cat?post=41408"},{"taxonomy":"product_tag","embeddable":true,"href":"https:\/\/www.mexicanguitarplayers.com\/en\/wp-json\/wp\/v2\/product_tag?post=41408"}],"curies":[{"name":"wp","href":"https:\/\/api.w.org\/{rel}","templated":true}]}}