{"id":41442,"date":"2025-04-09T07:34:34","date_gmt":"2025-04-09T13:34:34","guid":{"rendered":"https:\/\/www.mexicanguitarplayers.com\/tienda\/sin categor\u00eda\/sintetizador-kurzweil-mod-k2600xs\/"},"modified":"2026-04-10T04:18:18","modified_gmt":"2026-04-10T10:18:18","slug":"sintetizador-kurzweil-mod-k2600xs","status":"publish","type":"product","link":"https:\/\/www.mexicanguitarplayers.com\/en\/tienda\/teclas\/sintetizador-y-controlador\/sintetizador\/sintetizador-kurzweil-mod-k2600xs\/","title":{"rendered":"SINTETIZADOR KURZWEIL  MOD. K2600XS"},"content":{"rendered":"<div style=\"text-align: justify\">\n<div>\n<h3>Excelencia en sonido.<\/h3>\n<\/div>\n<div>Profesionales de todo el mundo utilizan instrumentos Kurzweil para todas sus necesidades de producci\u00f3n. A partir de estudios de cine y compositores al gobierno de EE.UU., Kurzweil ofrece la calidad de audio y premiada que es requerido por los mejores. Sobre la base del sistema operativo de Kurzweil de renombre mundial, el K2600X puede hacer m\u00e1s que nunca antes. El nuevo sistema operativo ampl\u00eda los algoritmos de 32 a 127 con el exclusivo procesamiento modular de Kurzweil Triple. El K2600X es una estaci\u00f3n de trabajo completa, lo que permite al usuario trabajar desde el concepto hasta su finalizaci\u00f3n, sin cambiar las estaciones.  Controladores, Stage Pianos, Sintetizadores y una amplia gama de teclados de todo tipo con una calidad profesional reconocida en todo el mundo.<\/div>\n<div>\n<h4>Quick look<\/h4>\n<\/div>\n<ul style=\"margin: 0px 0px 0px 25px\">\n<li style=\"list-style-type: circle;margin: 5px\">Teclas.<\/li>\n<li style=\"list-style-type: circle;margin: 5px\">Polifonia.<\/li>\n<li style=\"list-style-type: circle;margin: 5px\">Tonos.<\/li>\n<\/ul>\n<div>\n<div style=\"font-weight: bold\">Teclas.<\/div>\n<div>\n<p>88 con peso real de piano.<\/p>\n<\/div>\n<div style=\"font-weight: bold\">Polifonia.<\/div>\n<div>\n<p>48 notas.<\/p>\n<\/div>\n<div style=\"font-weight: bold\">Tonos.<\/div>\n<div>\n<p>450 integrados mas cd y floppy.<\/p>\n<\/div>\n<\/div>\n<\/div>","protected":false},"excerpt":{"rendered":"<p>Sintetizador Kurzweil  mod. K2600XS88 notas polifon\u00eda de 128 notas por bloque. Capacidad de sampleo, entrada de usb, Banco general midi, barra de slide y floppydrive 3.5, 450 sonidos de f\u00e1brica con expansi\u00f3n incluida de 4000 sonidos de lageneraci\u00f3n kurzweil. 42 canales de grabaci\u00f3n, poderoso bus de 5 canales stereo.8entradas balanceadas en stereo mix, kb3 drawbar mode, live mode, sound rom, sample ram,sequence \/ program ram, waveform editing  y 8 salidas balanceadas en stEN STEREO MIX&hellip; <a class=\"kt-excerpt-readmore more-link\" href=\"https:\/\/www.mexicanguitarplayers.com\/en\/tienda\/teclas\/sintetizador-y-controlador\/sintetizador\/sintetizador-kurzweil-mod-k2600xs\/\">Read more<\/a><\/p>","protected":false},"featured_media":41441,"comment_status":"open","ping_status":"closed","template":"","meta":{"kt_blocks_editor_width":""},"pwb-brand":[397],"product_brand":[],"product_cat":[393,386,376],"product_tag":[],"class_list":{"0":"post-41442","1":"product","2":"type-product","3":"status-publish","4":"has-post-thumbnail","6":"pwb-brand-kurzweil","7":"product_cat-sintetizador","8":"product_cat-sintetizador-y-controlador","9":"product_cat-teclas","10":"product_shipping_class-0-5-kg","12":"first","13":"outofstock","14":"taxable","15":"shipping-taxable","16":"purchasable","17":"product-type-simple"},"yoast_head":"<!-- This site is optimized with the Yoast SEO plugin v27.6 - https:\/\/yoast.com\/product\/yoast-seo-wordpress\/ -->\n<title>SINTETIZADOR KURZWEIL MOD. K2600XS - Mexican Guitar Players<\/title>\n<meta name=\"description\" content=\"Sintetizador Kurzweil mod. K2600XS88 notas polifon\u00eda de 128 notas por bloque. Capacidad de sampleo, entrada de usb, Banco general midi, barra de slide y floppydrive 3.5, 450 sonidos de f\u00e1brica con expansi\u00f3n incluida de 4000 sonidos de lageneraci\u00f3n kurzweil. 42 canales de grabaci\u00f3n, poderoso bus de 5 canales stereo.8entradas balanceadas en stereo mix, kb3 drawbar mode, live mode, sound rom, sample ram,sequence \/ program ram, waveform editing y 8 salidas balanceadas en stEN STEREO MIX\" \/>\n<meta name=\"robots\" content=\"index, follow, max-snippet:-1, max-image-preview:large, max-video-preview:-1\" \/>\n<link rel=\"canonical\" href=\"https:\/\/www.mexicanguitarplayers.com\/en\/tienda\/sin%20categor\u00eda\/sintetizador-kurzweil-mod-k2600xs\/\" \/>\n<meta property=\"og:locale\" content=\"en_US\" \/>\n<meta property=\"og:type\" content=\"article\" \/>\n<meta property=\"og:title\" content=\"SINTETIZADOR KURZWEIL MOD. K2600XS - Mexican Guitar Players\" \/>\n<meta property=\"og:description\" content=\"Sintetizador Kurzweil mod. K2600XS88 notas polifon\u00eda de 128 notas por bloque. Capacidad de sampleo, entrada de usb, Banco general midi, barra de slide y floppydrive 3.5, 450 sonidos de f\u00e1brica con expansi\u00f3n incluida de 4000 sonidos de lageneraci\u00f3n kurzweil. 42 canales de grabaci\u00f3n, poderoso bus de 5 canales stereo.8entradas balanceadas en stereo mix, kb3 drawbar mode, live mode, sound rom, sample ram,sequence \/ program ram, waveform editing y 8 salidas balanceadas en stEN STEREO MIX\" \/>\n<meta property=\"og:url\" content=\"https:\/\/www.mexicanguitarplayers.com\/en\/tienda\/sin categor\u00eda\/sintetizador-kurzweil-mod-k2600xs\/\" \/>\n<meta property=\"og:site_name\" content=\"Mexican Guitar Players\" \/>\n<meta property=\"article:modified_time\" content=\"2026-04-10T10:18:18+00:00\" \/>\n<meta name=\"twitter:card\" content=\"summary_large_image\" \/>\n<meta name=\"twitter:label1\" content=\"Est. reading time\" \/>\n\t<meta name=\"twitter:data1\" content=\"1 minute\" \/>\n<script type=\"application\/ld+json\" class=\"yoast-schema-graph\">{\"@context\":\"https:\\\/\\\/schema.org\",\"@graph\":[{\"@type\":[\"WebPage\",\"ItemPage\"],\"@id\":\"https:\\\/\\\/www.mexicanguitarplayers.com\\\/tienda\\\/sin categor\u00eda\\\/sintetizador-kurzweil-mod-k2600xs\\\/\",\"url\":\"https:\\\/\\\/www.mexicanguitarplayers.com\\\/tienda\\\/sin categor\u00eda\\\/sintetizador-kurzweil-mod-k2600xs\\\/\",\"name\":\"SINTETIZADOR KURZWEIL MOD. K2600XS - Mexican Guitar Players\",\"isPartOf\":{\"@id\":\"https:\\\/\\\/www.mexicanguitarplayers.com\\\/#website\"},\"primaryImageOfPage\":{\"@id\":\"https:\\\/\\\/www.mexicanguitarplayers.com\\\/tienda\\\/sin categor\u00eda\\\/sintetizador-kurzweil-mod-k2600xs\\\/#primaryimage\"},\"image\":{\"@id\":\"https:\\\/\\\/www.mexicanguitarplayers.com\\\/tienda\\\/sin categor\u00eda\\\/sintetizador-kurzweil-mod-k2600xs\\\/#primaryimage\"},\"thumbnailUrl\":\"https:\\\/\\\/www.mexicanguitarplayers.com\\\/wp-content\\\/uploads\\\/2025\\\/04\\\/ITKURK2600XS.jpg\",\"datePublished\":\"2025-04-09T13:34:34+00:00\",\"dateModified\":\"2026-04-10T10:18:18+00:00\",\"description\":\"Sintetizador Kurzweil mod. K2600XS88 notas polifon\u00eda de 128 notas por bloque. Capacidad de sampleo, entrada de usb, Banco general midi, barra de slide y floppydrive 3.5, 450 sonidos de f\u00e1brica con expansi\u00f3n incluida de 4000 sonidos de lageneraci\u00f3n kurzweil. 42 canales de grabaci\u00f3n, poderoso bus de 5 canales stereo.8entradas balanceadas en stereo mix, kb3 drawbar mode, live mode, sound rom, sample ram,sequence \\\/ program ram, waveform editing y 8 salidas balanceadas en stEN STEREO MIX\",\"breadcrumb\":{\"@id\":\"https:\\\/\\\/www.mexicanguitarplayers.com\\\/tienda\\\/sin categor\u00eda\\\/sintetizador-kurzweil-mod-k2600xs\\\/#breadcrumb\"},\"inLanguage\":\"en-US\",\"potentialAction\":[{\"@type\":\"ReadAction\",\"target\":[\"https:\\\/\\\/www.mexicanguitarplayers.com\\\/tienda\\\/sin categor\u00eda\\\/sintetizador-kurzweil-mod-k2600xs\\\/\"]}]},{\"@type\":\"ImageObject\",\"inLanguage\":\"en-US\",\"@id\":\"https:\\\/\\\/www.mexicanguitarplayers.com\\\/tienda\\\/sin categor\u00eda\\\/sintetizador-kurzweil-mod-k2600xs\\\/#primaryimage\",\"url\":\"https:\\\/\\\/www.mexicanguitarplayers.com\\\/wp-content\\\/uploads\\\/2025\\\/04\\\/ITKURK2600XS.jpg\",\"contentUrl\":\"https:\\\/\\\/www.mexicanguitarplayers.com\\\/wp-content\\\/uploads\\\/2025\\\/04\\\/ITKURK2600XS.jpg\",\"width\":1008,\"height\":1008},{\"@type\":\"BreadcrumbList\",\"@id\":\"https:\\\/\\\/www.mexicanguitarplayers.com\\\/tienda\\\/sin categor\u00eda\\\/sintetizador-kurzweil-mod-k2600xs\\\/#breadcrumb\",\"itemListElement\":[{\"@type\":\"ListItem\",\"position\":1,\"name\":\"Portada\",\"item\":\"https:\\\/\\\/www.mexicanguitarplayers.com\\\/\"},{\"@type\":\"ListItem\",\"position\":2,\"name\":\"Tienda\",\"item\":\"https:\\\/\\\/www.mexicanguitarplayers.com\\\/tienda\\\/\"},{\"@type\":\"ListItem\",\"position\":3,\"name\":\"SINTETIZADOR KURZWEIL MOD. K2600XS\"}]},{\"@type\":\"WebSite\",\"@id\":\"https:\\\/\\\/www.mexicanguitarplayers.com\\\/#website\",\"url\":\"https:\\\/\\\/www.mexicanguitarplayers.com\\\/\",\"name\":\"Mexican Guitar Players\",\"description\":\"Website\",\"publisher\":{\"@id\":\"https:\\\/\\\/www.mexicanguitarplayers.com\\\/#organization\"},\"potentialAction\":[{\"@type\":\"SearchAction\",\"target\":{\"@type\":\"EntryPoint\",\"urlTemplate\":\"https:\\\/\\\/www.mexicanguitarplayers.com\\\/?s={search_term_string}\"},\"query-input\":{\"@type\":\"PropertyValueSpecification\",\"valueRequired\":true,\"valueName\":\"search_term_string\"}}],\"inLanguage\":\"en-US\"},{\"@type\":\"Organization\",\"@id\":\"https:\\\/\\\/www.mexicanguitarplayers.com\\\/#organization\",\"name\":\"Mexican Guitar Players\",\"url\":\"https:\\\/\\\/www.mexicanguitarplayers.com\\\/\",\"logo\":{\"@type\":\"ImageObject\",\"inLanguage\":\"en-US\",\"@id\":\"https:\\\/\\\/www.mexicanguitarplayers.com\\\/#\\\/schema\\\/logo\\\/image\\\/\",\"url\":\"\",\"contentUrl\":\"\",\"caption\":\"Mexican Guitar Players\"},\"image\":{\"@id\":\"https:\\\/\\\/www.mexicanguitarplayers.com\\\/#\\\/schema\\\/logo\\\/image\\\/\"}}]}<\/script>\n<!-- \/ Yoast SEO plugin. -->","yoast_head_json":{"title":"SINTETIZADOR KURZWEIL MOD. K2600XS - Mexican Guitar Players","description":"Sintetizador Kurzweil mod. K2600XS88 notas polifon\u00eda de 128 notas por bloque. Capacidad de sampleo, entrada de usb, Banco general midi, barra de slide y floppydrive 3.5, 450 sonidos de f\u00e1brica con expansi\u00f3n incluida de 4000 sonidos de lageneraci\u00f3n kurzweil. 42 canales de grabaci\u00f3n, poderoso bus de 5 canales stereo.8entradas balanceadas en stereo mix, kb3 drawbar mode, live mode, sound rom, sample ram,sequence \/ program ram, waveform editing y 8 salidas balanceadas en stEN STEREO MIX","robots":{"index":"index","follow":"follow","max-snippet":"max-snippet:-1","max-image-preview":"max-image-preview:large","max-video-preview":"max-video-preview:-1"},"canonical":"https:\/\/www.mexicanguitarplayers.com\/en\/tienda\/sin categor\u00eda\/sintetizador-kurzweil-mod-k2600xs\/","og_locale":"en_US","og_type":"article","og_title":"SINTETIZADOR KURZWEIL MOD. K2600XS - Mexican Guitar Players","og_description":"Sintetizador Kurzweil mod. K2600XS88 notas polifon\u00eda de 128 notas por bloque. Capacidad de sampleo, entrada de usb, Banco general midi, barra de slide y floppydrive 3.5, 450 sonidos de f\u00e1brica con expansi\u00f3n incluida de 4000 sonidos de lageneraci\u00f3n kurzweil. 42 canales de grabaci\u00f3n, poderoso bus de 5 canales stereo.8entradas balanceadas en stereo mix, kb3 drawbar mode, live mode, sound rom, sample ram,sequence \/ program ram, waveform editing y 8 salidas balanceadas en stEN STEREO MIX","og_url":"https:\/\/www.mexicanguitarplayers.com\/en\/tienda\/sin categor\u00eda\/sintetizador-kurzweil-mod-k2600xs\/","og_site_name":"Mexican Guitar Players","article_modified_time":"2026-04-10T10:18:18+00:00","twitter_card":"summary_large_image","twitter_misc":{"Est. reading time":"1 minute"},"schema":{"@context":"https:\/\/schema.org","@graph":[{"@type":["WebPage","ItemPage"],"@id":"https:\/\/www.mexicanguitarplayers.com\/tienda\/sin categor\u00eda\/sintetizador-kurzweil-mod-k2600xs\/","url":"https:\/\/www.mexicanguitarplayers.com\/tienda\/sin categor\u00eda\/sintetizador-kurzweil-mod-k2600xs\/","name":"SINTETIZADOR KURZWEIL MOD. K2600XS - Mexican Guitar Players","isPartOf":{"@id":"https:\/\/www.mexicanguitarplayers.com\/#website"},"primaryImageOfPage":{"@id":"https:\/\/www.mexicanguitarplayers.com\/tienda\/sin categor\u00eda\/sintetizador-kurzweil-mod-k2600xs\/#primaryimage"},"image":{"@id":"https:\/\/www.mexicanguitarplayers.com\/tienda\/sin categor\u00eda\/sintetizador-kurzweil-mod-k2600xs\/#primaryimage"},"thumbnailUrl":"https:\/\/www.mexicanguitarplayers.com\/wp-content\/uploads\/2025\/04\/ITKURK2600XS.jpg","datePublished":"2025-04-09T13:34:34+00:00","dateModified":"2026-04-10T10:18:18+00:00","description":"Sintetizador Kurzweil mod. K2600XS88 notas polifon\u00eda de 128 notas por bloque. Capacidad de sampleo, entrada de usb, Banco general midi, barra de slide y floppydrive 3.5, 450 sonidos de f\u00e1brica con expansi\u00f3n incluida de 4000 sonidos de lageneraci\u00f3n kurzweil. 42 canales de grabaci\u00f3n, poderoso bus de 5 canales stereo.8entradas balanceadas en stereo mix, kb3 drawbar mode, live mode, sound rom, sample ram,sequence \/ program ram, waveform editing y 8 salidas balanceadas en stEN STEREO MIX","breadcrumb":{"@id":"https:\/\/www.mexicanguitarplayers.com\/tienda\/sin categor\u00eda\/sintetizador-kurzweil-mod-k2600xs\/#breadcrumb"},"inLanguage":"en-US","potentialAction":[{"@type":"ReadAction","target":["https:\/\/www.mexicanguitarplayers.com\/tienda\/sin categor\u00eda\/sintetizador-kurzweil-mod-k2600xs\/"]}]},{"@type":"ImageObject","inLanguage":"en-US","@id":"https:\/\/www.mexicanguitarplayers.com\/tienda\/sin categor\u00eda\/sintetizador-kurzweil-mod-k2600xs\/#primaryimage","url":"https:\/\/www.mexicanguitarplayers.com\/wp-content\/uploads\/2025\/04\/ITKURK2600XS.jpg","contentUrl":"https:\/\/www.mexicanguitarplayers.com\/wp-content\/uploads\/2025\/04\/ITKURK2600XS.jpg","width":1008,"height":1008},{"@type":"BreadcrumbList","@id":"https:\/\/www.mexicanguitarplayers.com\/tienda\/sin categor\u00eda\/sintetizador-kurzweil-mod-k2600xs\/#breadcrumb","itemListElement":[{"@type":"ListItem","position":1,"name":"Portada","item":"https:\/\/www.mexicanguitarplayers.com\/"},{"@type":"ListItem","position":2,"name":"Tienda","item":"https:\/\/www.mexicanguitarplayers.com\/tienda\/"},{"@type":"ListItem","position":3,"name":"SINTETIZADOR KURZWEIL MOD. K2600XS"}]},{"@type":"WebSite","@id":"https:\/\/www.mexicanguitarplayers.com\/#website","url":"https:\/\/www.mexicanguitarplayers.com\/","name":"Mexican Guitar Players","description":"Website","publisher":{"@id":"https:\/\/www.mexicanguitarplayers.com\/#organization"},"potentialAction":[{"@type":"SearchAction","target":{"@type":"EntryPoint","urlTemplate":"https:\/\/www.mexicanguitarplayers.com\/?s={search_term_string}"},"query-input":{"@type":"PropertyValueSpecification","valueRequired":true,"valueName":"search_term_string"}}],"inLanguage":"en-US"},{"@type":"Organization","@id":"https:\/\/www.mexicanguitarplayers.com\/#organization","name":"Mexican Guitar Players","url":"https:\/\/www.mexicanguitarplayers.com\/","logo":{"@type":"ImageObject","inLanguage":"en-US","@id":"https:\/\/www.mexicanguitarplayers.com\/#\/schema\/logo\/image\/","url":"","contentUrl":"","caption":"Mexican Guitar Players"},"image":{"@id":"https:\/\/www.mexicanguitarplayers.com\/#\/schema\/logo\/image\/"}}]}},"brands":[{"id":397,"name":"KURZWEIL","slug":"kurzweil"}],"_links":{"self":[{"href":"https:\/\/www.mexicanguitarplayers.com\/en\/wp-json\/wp\/v2\/product\/41442","targetHints":{"allow":["GET"]}}],"collection":[{"href":"https:\/\/www.mexicanguitarplayers.com\/en\/wp-json\/wp\/v2\/product"}],"about":[{"href":"https:\/\/www.mexicanguitarplayers.com\/en\/wp-json\/wp\/v2\/types\/product"}],"replies":[{"embeddable":true,"href":"https:\/\/www.mexicanguitarplayers.com\/en\/wp-json\/wp\/v2\/comments?post=41442"}],"wp:featuredmedia":[{"embeddable":true,"href":"https:\/\/www.mexicanguitarplayers.com\/en\/wp-json\/wp\/v2\/media\/41441"}],"wp:attachment":[{"href":"https:\/\/www.mexicanguitarplayers.com\/en\/wp-json\/wp\/v2\/media?parent=41442"}],"wp:term":[{"taxonomy":"pwb-brand","embeddable":true,"href":"https:\/\/www.mexicanguitarplayers.com\/en\/wp-json\/wp\/v2\/pwb-brand?post=41442"},{"taxonomy":"product_brand","embeddable":true,"href":"https:\/\/www.mexicanguitarplayers.com\/en\/wp-json\/wp\/v2\/product_brand?post=41442"},{"taxonomy":"product_cat","embeddable":true,"href":"https:\/\/www.mexicanguitarplayers.com\/en\/wp-json\/wp\/v2\/product_cat?post=41442"},{"taxonomy":"product_tag","embeddable":true,"href":"https:\/\/www.mexicanguitarplayers.com\/en\/wp-json\/wp\/v2\/product_tag?post=41442"}],"curies":[{"name":"wp","href":"https:\/\/api.w.org\/{rel}","templated":true}]}}