{"id":41455,"date":"2025-04-09T07:34:53","date_gmt":"2025-04-09T13:34:53","guid":{"rendered":"https:\/\/www.mexicanguitarplayers.com\/tienda\/sin categor\u00eda\/pastilla-sd-puente-sc-hot-rails-lead-tel\/"},"modified":"2026-04-10T04:18:17","modified_gmt":"2026-04-10T10:18:17","slug":"pastilla-sd-puente-sc-hot-rails-lead-tel","status":"publish","type":"product","link":"https:\/\/www.mexicanguitarplayers.com\/en\/tienda\/accesorios\/para-guitarras\/pastillas-para-guitarra-electrica\/pastilla-sd-puente-sc-hot-rails-lead-tel\/","title":{"rendered":"PASTILLA SD PUENTE SC HOT RAILS LEAD TEL"},"content":{"rendered":"<div style=\"text-align: justify\">\n<div>\n<h3>La pastilla ideal para tu Telecaster.<\/h3>\n<\/div>\n<div>El set Hot Rails para Tele, transformar\u00e1 tu Telecaster en una bestia escupe fuego con un sonido cruel que tiene el poder de un set de humbuckers de alto rendimiento de tama\u00f1o completo. La pastilla principal utiliza un potente im\u00e1n de cer\u00e1mica, dos hojas de acero y wound coils que se combinan para proporcionar un tono crudo y pesado con un sustain incre\u00edble. Los ricos arm\u00f3nicos de rango medio y los graves ajustados le dan un crujido que hace que esta pastilla sea ideal para todo tipo de rock y metal. La pasilla Hot Rail Tele Rhythm a juego se defiende con un tono humbucker c\u00e1lido y completo en un tama\u00f1o que cae directamente en tu stock de pastilla est\u00e1ndar. Ofrece un tono suave tanto para ritmo como para notas individuales para lead. Fabricadas a mano en Santa B\u00e1rbara, CA, el set Hot Rails Tele est\u00e1 dise\u00f1ado como un reemplazo directo para las pastillas American Standard Fender Telecaster. Viene con un cable de 4 conductores para m\u00faltiples opciones de cableado y est\u00e1 recubierto de cera para un funcionamiento sin chirridos.<\/div>\n<div>\n<h4>Quick look<\/h4>\n<\/div>\n<ul style=\"margin: 0px 0px 0px 25px\">\n<li style=\"list-style-type: circle;margin: 5px\">Modelo.<\/li>\n<li style=\"list-style-type: circle;margin: 5px\">Posici\u00f3n.<\/li>\n<li style=\"list-style-type: circle;margin: 5px\">Espaciado.<\/li>\n<li style=\"list-style-type: circle;margin: 5px\">Alambrado.<\/li>\n<li style=\"list-style-type: circle;margin: 5px\">Im\u00e1n.<\/li>\n<li style=\"list-style-type: circle;margin: 5px\">Resistencia.<\/li>\n<\/ul>\n<div>\n<div style=\"font-weight: bold\">Modelo.<\/div>\n<div>\n<p>Hot Rails Tele.<\/p>\n<\/div>\n<div style=\"font-weight: bold\">Posici\u00f3n.<\/div>\n<div>\n<p>Para puente.<\/p>\n<\/div>\n<div style=\"font-weight: bold\">Espaciado.<\/div>\n<div>\n<p>Est\u00e1ndar.<\/p>\n<\/div>\n<div style=\"font-weight: bold\">Alambrado.<\/div>\n<div>\n<p>4 conductores, blindado, PVC, cable condcutor.<\/p>\n<\/div>\n<div style=\"font-weight: bold\">Im\u00e1n.<\/div>\n<div>\n<p>Cer\u00e1mica.<\/p>\n<\/div>\n<div style=\"font-weight: bold\">Resistencia.<\/div>\n<div>\n<p>16 kilo-ohms.<\/p>\n<\/div>\n<\/div>\n<\/div>","protected":false},"excerpt":{"rendered":"<p>Pastilla pasiva para guitarra de 6 cuerdas tipo Tele, modelo: Hot Rails, para puente, im\u00e1n: cer\u00e1mica, cableado: 4 conductores, blindado, PVC, cable conductor, espaciado est\u00e1ndar, resistencia: 16 kilo-ohms, transformar\u00e1 tu Telecaster en una rocker de alta salida.&hellip; <a class=\"kt-excerpt-readmore more-link\" href=\"https:\/\/www.mexicanguitarplayers.com\/en\/tienda\/accesorios\/para-guitarras\/pastillas-para-guitarra-electrica\/pastilla-sd-puente-sc-hot-rails-lead-tel\/\">Read more<\/a><\/p>","protected":false},"featured_media":41450,"comment_status":"open","ping_status":"closed","template":"","meta":{"kt_blocks_editor_width":""},"pwb-brand":[502],"product_brand":[],"product_cat":[85,336,353],"product_tag":[],"class_list":{"0":"post-41455","1":"product","2":"type-product","3":"status-publish","4":"has-post-thumbnail","6":"pwb-brand-seymour-duncan","7":"product_cat-accesorios","8":"product_cat-para-guitarras","9":"product_cat-pastillas-para-guitarra-electrica","10":"product_shipping_class-0-5-kg","12":"first","13":"instock","14":"taxable","15":"shipping-taxable","16":"purchasable","17":"product-type-simple"},"yoast_head":"<!-- This site is optimized with the Yoast SEO plugin v27.5 - https:\/\/yoast.com\/product\/yoast-seo-wordpress\/ -->\n<title>PASTILLA SD PUENTE SC HOT RAILS LEAD TEL - Mexican Guitar Players<\/title>\n<meta name=\"description\" content=\"Pastilla pasiva para guitarra de 6 cuerdas tipo Tele, modelo: Hot Rails, para puente, im\u00e1n: cer\u00e1mica, cableado: 4 conductores, blindado, PVC, cable conductor, espaciado est\u00e1ndar, resistencia: 16 kilo-ohms, transformar\u00e1 tu Telecaster en una rocker de alta salida.\" \/>\n<meta name=\"robots\" content=\"index, follow, max-snippet:-1, max-image-preview:large, max-video-preview:-1\" \/>\n<link rel=\"canonical\" href=\"https:\/\/www.mexicanguitarplayers.com\/en\/tienda\/sin%20categor\u00eda\/pastilla-sd-puente-sc-hot-rails-lead-tel\/\" \/>\n<meta property=\"og:locale\" content=\"en_US\" \/>\n<meta property=\"og:type\" content=\"article\" \/>\n<meta property=\"og:title\" content=\"PASTILLA SD PUENTE SC HOT RAILS LEAD TEL - Mexican Guitar Players\" \/>\n<meta property=\"og:description\" content=\"Pastilla pasiva para guitarra de 6 cuerdas tipo Tele, modelo: Hot Rails, para puente, im\u00e1n: cer\u00e1mica, cableado: 4 conductores, blindado, PVC, cable conductor, espaciado est\u00e1ndar, resistencia: 16 kilo-ohms, transformar\u00e1 tu Telecaster en una rocker de alta salida.\" \/>\n<meta property=\"og:url\" content=\"https:\/\/www.mexicanguitarplayers.com\/en\/tienda\/sin categor\u00eda\/pastilla-sd-puente-sc-hot-rails-lead-tel\/\" \/>\n<meta property=\"og:site_name\" content=\"Mexican Guitar Players\" \/>\n<meta property=\"article:modified_time\" content=\"2026-04-10T10:18:17+00:00\" \/>\n<meta name=\"twitter:card\" content=\"summary_large_image\" \/>\n<meta name=\"twitter:label1\" content=\"Est. reading time\" \/>\n\t<meta name=\"twitter:data1\" content=\"1 minute\" \/>\n<script type=\"application\/ld+json\" class=\"yoast-schema-graph\">{\"@context\":\"https:\\\/\\\/schema.org\",\"@graph\":[{\"@type\":[\"WebPage\",\"ItemPage\"],\"@id\":\"https:\\\/\\\/www.mexicanguitarplayers.com\\\/tienda\\\/sin categor\u00eda\\\/pastilla-sd-puente-sc-hot-rails-lead-tel\\\/\",\"url\":\"https:\\\/\\\/www.mexicanguitarplayers.com\\\/tienda\\\/sin categor\u00eda\\\/pastilla-sd-puente-sc-hot-rails-lead-tel\\\/\",\"name\":\"PASTILLA SD PUENTE SC HOT RAILS LEAD TEL - Mexican Guitar Players\",\"isPartOf\":{\"@id\":\"https:\\\/\\\/www.mexicanguitarplayers.com\\\/#website\"},\"primaryImageOfPage\":{\"@id\":\"https:\\\/\\\/www.mexicanguitarplayers.com\\\/tienda\\\/sin categor\u00eda\\\/pastilla-sd-puente-sc-hot-rails-lead-tel\\\/#primaryimage\"},\"image\":{\"@id\":\"https:\\\/\\\/www.mexicanguitarplayers.com\\\/tienda\\\/sin categor\u00eda\\\/pastilla-sd-puente-sc-hot-rails-lead-tel\\\/#primaryimage\"},\"thumbnailUrl\":\"https:\\\/\\\/www.mexicanguitarplayers.com\\\/wp-content\\\/uploads\\\/2025\\\/04\\\/RASEOSTHR1BLEA.jpg\",\"datePublished\":\"2025-04-09T13:34:53+00:00\",\"dateModified\":\"2026-04-10T10:18:17+00:00\",\"description\":\"Pastilla pasiva para guitarra de 6 cuerdas tipo Tele, modelo: Hot Rails, para puente, im\u00e1n: cer\u00e1mica, cableado: 4 conductores, blindado, PVC, cable conductor, espaciado est\u00e1ndar, resistencia: 16 kilo-ohms, transformar\u00e1 tu Telecaster en una rocker de alta salida.\",\"breadcrumb\":{\"@id\":\"https:\\\/\\\/www.mexicanguitarplayers.com\\\/tienda\\\/sin categor\u00eda\\\/pastilla-sd-puente-sc-hot-rails-lead-tel\\\/#breadcrumb\"},\"inLanguage\":\"en-US\",\"potentialAction\":[{\"@type\":\"ReadAction\",\"target\":[\"https:\\\/\\\/www.mexicanguitarplayers.com\\\/tienda\\\/sin categor\u00eda\\\/pastilla-sd-puente-sc-hot-rails-lead-tel\\\/\"]}]},{\"@type\":\"ImageObject\",\"inLanguage\":\"en-US\",\"@id\":\"https:\\\/\\\/www.mexicanguitarplayers.com\\\/tienda\\\/sin categor\u00eda\\\/pastilla-sd-puente-sc-hot-rails-lead-tel\\\/#primaryimage\",\"url\":\"https:\\\/\\\/www.mexicanguitarplayers.com\\\/wp-content\\\/uploads\\\/2025\\\/04\\\/RASEOSTHR1BLEA.jpg\",\"contentUrl\":\"https:\\\/\\\/www.mexicanguitarplayers.com\\\/wp-content\\\/uploads\\\/2025\\\/04\\\/RASEOSTHR1BLEA.jpg\",\"width\":1600,\"height\":800},{\"@type\":\"BreadcrumbList\",\"@id\":\"https:\\\/\\\/www.mexicanguitarplayers.com\\\/tienda\\\/sin categor\u00eda\\\/pastilla-sd-puente-sc-hot-rails-lead-tel\\\/#breadcrumb\",\"itemListElement\":[{\"@type\":\"ListItem\",\"position\":1,\"name\":\"Portada\",\"item\":\"https:\\\/\\\/www.mexicanguitarplayers.com\\\/\"},{\"@type\":\"ListItem\",\"position\":2,\"name\":\"Tienda\",\"item\":\"https:\\\/\\\/www.mexicanguitarplayers.com\\\/tienda\\\/\"},{\"@type\":\"ListItem\",\"position\":3,\"name\":\"PASTILLA SD PUENTE SC HOT RAILS LEAD TEL\"}]},{\"@type\":\"WebSite\",\"@id\":\"https:\\\/\\\/www.mexicanguitarplayers.com\\\/#website\",\"url\":\"https:\\\/\\\/www.mexicanguitarplayers.com\\\/\",\"name\":\"Mexican Guitar Players\",\"description\":\"Website\",\"publisher\":{\"@id\":\"https:\\\/\\\/www.mexicanguitarplayers.com\\\/#organization\"},\"potentialAction\":[{\"@type\":\"SearchAction\",\"target\":{\"@type\":\"EntryPoint\",\"urlTemplate\":\"https:\\\/\\\/www.mexicanguitarplayers.com\\\/?s={search_term_string}\"},\"query-input\":{\"@type\":\"PropertyValueSpecification\",\"valueRequired\":true,\"valueName\":\"search_term_string\"}}],\"inLanguage\":\"en-US\"},{\"@type\":\"Organization\",\"@id\":\"https:\\\/\\\/www.mexicanguitarplayers.com\\\/#organization\",\"name\":\"Mexican Guitar Players\",\"url\":\"https:\\\/\\\/www.mexicanguitarplayers.com\\\/\",\"logo\":{\"@type\":\"ImageObject\",\"inLanguage\":\"en-US\",\"@id\":\"https:\\\/\\\/www.mexicanguitarplayers.com\\\/#\\\/schema\\\/logo\\\/image\\\/\",\"url\":\"\",\"contentUrl\":\"\",\"caption\":\"Mexican Guitar Players\"},\"image\":{\"@id\":\"https:\\\/\\\/www.mexicanguitarplayers.com\\\/#\\\/schema\\\/logo\\\/image\\\/\"}}]}<\/script>\n<!-- \/ Yoast SEO plugin. -->","yoast_head_json":{"title":"PASTILLA SD PUENTE SC HOT RAILS LEAD TEL - Mexican Guitar Players","description":"Pastilla pasiva para guitarra de 6 cuerdas tipo Tele, modelo: Hot Rails, para puente, im\u00e1n: cer\u00e1mica, cableado: 4 conductores, blindado, PVC, cable conductor, espaciado est\u00e1ndar, resistencia: 16 kilo-ohms, transformar\u00e1 tu Telecaster en una rocker de alta salida.","robots":{"index":"index","follow":"follow","max-snippet":"max-snippet:-1","max-image-preview":"max-image-preview:large","max-video-preview":"max-video-preview:-1"},"canonical":"https:\/\/www.mexicanguitarplayers.com\/en\/tienda\/sin categor\u00eda\/pastilla-sd-puente-sc-hot-rails-lead-tel\/","og_locale":"en_US","og_type":"article","og_title":"PASTILLA SD PUENTE SC HOT RAILS LEAD TEL - Mexican Guitar Players","og_description":"Pastilla pasiva para guitarra de 6 cuerdas tipo Tele, modelo: Hot Rails, para puente, im\u00e1n: cer\u00e1mica, cableado: 4 conductores, blindado, PVC, cable conductor, espaciado est\u00e1ndar, resistencia: 16 kilo-ohms, transformar\u00e1 tu Telecaster en una rocker de alta salida.","og_url":"https:\/\/www.mexicanguitarplayers.com\/en\/tienda\/sin categor\u00eda\/pastilla-sd-puente-sc-hot-rails-lead-tel\/","og_site_name":"Mexican Guitar Players","article_modified_time":"2026-04-10T10:18:17+00:00","twitter_card":"summary_large_image","twitter_misc":{"Est. reading time":"1 minute"},"schema":{"@context":"https:\/\/schema.org","@graph":[{"@type":["WebPage","ItemPage"],"@id":"https:\/\/www.mexicanguitarplayers.com\/tienda\/sin categor\u00eda\/pastilla-sd-puente-sc-hot-rails-lead-tel\/","url":"https:\/\/www.mexicanguitarplayers.com\/tienda\/sin categor\u00eda\/pastilla-sd-puente-sc-hot-rails-lead-tel\/","name":"PASTILLA SD PUENTE SC HOT RAILS LEAD TEL - Mexican Guitar Players","isPartOf":{"@id":"https:\/\/www.mexicanguitarplayers.com\/#website"},"primaryImageOfPage":{"@id":"https:\/\/www.mexicanguitarplayers.com\/tienda\/sin categor\u00eda\/pastilla-sd-puente-sc-hot-rails-lead-tel\/#primaryimage"},"image":{"@id":"https:\/\/www.mexicanguitarplayers.com\/tienda\/sin categor\u00eda\/pastilla-sd-puente-sc-hot-rails-lead-tel\/#primaryimage"},"thumbnailUrl":"https:\/\/www.mexicanguitarplayers.com\/wp-content\/uploads\/2025\/04\/RASEOSTHR1BLEA.jpg","datePublished":"2025-04-09T13:34:53+00:00","dateModified":"2026-04-10T10:18:17+00:00","description":"Pastilla pasiva para guitarra de 6 cuerdas tipo Tele, modelo: Hot Rails, para puente, im\u00e1n: cer\u00e1mica, cableado: 4 conductores, blindado, PVC, cable conductor, espaciado est\u00e1ndar, resistencia: 16 kilo-ohms, transformar\u00e1 tu Telecaster en una rocker de alta salida.","breadcrumb":{"@id":"https:\/\/www.mexicanguitarplayers.com\/tienda\/sin categor\u00eda\/pastilla-sd-puente-sc-hot-rails-lead-tel\/#breadcrumb"},"inLanguage":"en-US","potentialAction":[{"@type":"ReadAction","target":["https:\/\/www.mexicanguitarplayers.com\/tienda\/sin categor\u00eda\/pastilla-sd-puente-sc-hot-rails-lead-tel\/"]}]},{"@type":"ImageObject","inLanguage":"en-US","@id":"https:\/\/www.mexicanguitarplayers.com\/tienda\/sin categor\u00eda\/pastilla-sd-puente-sc-hot-rails-lead-tel\/#primaryimage","url":"https:\/\/www.mexicanguitarplayers.com\/wp-content\/uploads\/2025\/04\/RASEOSTHR1BLEA.jpg","contentUrl":"https:\/\/www.mexicanguitarplayers.com\/wp-content\/uploads\/2025\/04\/RASEOSTHR1BLEA.jpg","width":1600,"height":800},{"@type":"BreadcrumbList","@id":"https:\/\/www.mexicanguitarplayers.com\/tienda\/sin categor\u00eda\/pastilla-sd-puente-sc-hot-rails-lead-tel\/#breadcrumb","itemListElement":[{"@type":"ListItem","position":1,"name":"Portada","item":"https:\/\/www.mexicanguitarplayers.com\/"},{"@type":"ListItem","position":2,"name":"Tienda","item":"https:\/\/www.mexicanguitarplayers.com\/tienda\/"},{"@type":"ListItem","position":3,"name":"PASTILLA SD PUENTE SC HOT RAILS LEAD TEL"}]},{"@type":"WebSite","@id":"https:\/\/www.mexicanguitarplayers.com\/#website","url":"https:\/\/www.mexicanguitarplayers.com\/","name":"Mexican Guitar Players","description":"Website","publisher":{"@id":"https:\/\/www.mexicanguitarplayers.com\/#organization"},"potentialAction":[{"@type":"SearchAction","target":{"@type":"EntryPoint","urlTemplate":"https:\/\/www.mexicanguitarplayers.com\/?s={search_term_string}"},"query-input":{"@type":"PropertyValueSpecification","valueRequired":true,"valueName":"search_term_string"}}],"inLanguage":"en-US"},{"@type":"Organization","@id":"https:\/\/www.mexicanguitarplayers.com\/#organization","name":"Mexican Guitar Players","url":"https:\/\/www.mexicanguitarplayers.com\/","logo":{"@type":"ImageObject","inLanguage":"en-US","@id":"https:\/\/www.mexicanguitarplayers.com\/#\/schema\/logo\/image\/","url":"","contentUrl":"","caption":"Mexican Guitar Players"},"image":{"@id":"https:\/\/www.mexicanguitarplayers.com\/#\/schema\/logo\/image\/"}}]}},"brands":[{"id":502,"name":"SEYMOUR DUNCAN","slug":"seymour-duncan"}],"_links":{"self":[{"href":"https:\/\/www.mexicanguitarplayers.com\/en\/wp-json\/wp\/v2\/product\/41455","targetHints":{"allow":["GET"]}}],"collection":[{"href":"https:\/\/www.mexicanguitarplayers.com\/en\/wp-json\/wp\/v2\/product"}],"about":[{"href":"https:\/\/www.mexicanguitarplayers.com\/en\/wp-json\/wp\/v2\/types\/product"}],"replies":[{"embeddable":true,"href":"https:\/\/www.mexicanguitarplayers.com\/en\/wp-json\/wp\/v2\/comments?post=41455"}],"wp:featuredmedia":[{"embeddable":true,"href":"https:\/\/www.mexicanguitarplayers.com\/en\/wp-json\/wp\/v2\/media\/41450"}],"wp:attachment":[{"href":"https:\/\/www.mexicanguitarplayers.com\/en\/wp-json\/wp\/v2\/media?parent=41455"}],"wp:term":[{"taxonomy":"pwb-brand","embeddable":true,"href":"https:\/\/www.mexicanguitarplayers.com\/en\/wp-json\/wp\/v2\/pwb-brand?post=41455"},{"taxonomy":"product_brand","embeddable":true,"href":"https:\/\/www.mexicanguitarplayers.com\/en\/wp-json\/wp\/v2\/product_brand?post=41455"},{"taxonomy":"product_cat","embeddable":true,"href":"https:\/\/www.mexicanguitarplayers.com\/en\/wp-json\/wp\/v2\/product_cat?post=41455"},{"taxonomy":"product_tag","embeddable":true,"href":"https:\/\/www.mexicanguitarplayers.com\/en\/wp-json\/wp\/v2\/product_tag?post=41455"}],"curies":[{"name":"wp","href":"https:\/\/api.w.org\/{rel}","templated":true}]}}