{"id":41459,"date":"2025-04-09T07:34:58","date_gmt":"2025-04-09T13:34:58","guid":{"rendered":"https:\/\/www.mexicanguitarplayers.com\/tienda\/sin categor\u00eda\/parche-evans-jgo-mod-etp-db1-r\/"},"modified":"2026-05-01T07:16:48","modified_gmt":"2026-05-01T13:16:48","slug":"parche-evans-jgo-mod-etp-db1-r","status":"publish","type":"product","link":"https:\/\/www.mexicanguitarplayers.com\/en\/tienda\/accesorios\/para-bateria\/parches\/paquetes-parches\/parche-evans-jgo-mod-etp-db1-r\/","title":{"rendered":"PARCHE EVANS JGO.  MOD. ETP-DB1-R"},"content":{"rendered":"<div style=\"text-align: justify\">\n<div>\n<h3>Olv\u00eddate del ruido.<\/h3>\n<\/div>\n<div>Construidos con una sola capa de Malla Shockwave de Evans, combinados con la excepcional tecnolog\u00eda Kinetic Transfer Foam, los parches dB One de bajo volumen ofrecen una percusi\u00f3n silenciosa, al mismo tiempo que mantienen un verdadero tono y sensaci\u00f3n ac\u00fasticos. Los parches Evans dB One son parches de malla superiores, dise\u00f1ados para transferir energ\u00eda de impacto en vibraci\u00f3n s\u00f3nica sin problemas. Gracias a los Impact Patches especialmente dise\u00f1ados, que refuerzan la superficie de impacto y mejoran el ataque audible y la articulaci\u00f3n de cada golpe, puedes practicar de forma natural y silenciosa cuando y donde quieras.<\/div>\n<div>\n<h4>Quick look<\/h4>\n<\/div>\n<ul style=\"margin: 0px 0px 0px 25px\">\n<li style=\"list-style-type: circle;margin: 5px\">Reducci\u00f3n de volumen hasta 80%.<\/li>\n<li style=\"list-style-type: circle;margin: 5px\">Parche de impacto.<\/li>\n<li style=\"list-style-type: circle;margin: 5px\">Espuma de Transferencia Kinetik.<\/li>\n<\/ul>\n<div>\n<div style=\"font-weight: bold\">Reducci\u00f3n de volumen hasta 80%.<\/div>\n<div>\n<p>M\u00faltiples tecnolog\u00edas convergen para crear una reducci\u00f3n del volumen del 80% sin dejar de ser fiel al tono de volumen completo del kit. Experimenta una sensaci\u00f3n aut\u00e9ntica con la malla ShockWeave, KTF (Espuma de Transferencia Cin\u00e9tica) y la superficie de impacto Impact Patch, mientras que el tratamiento SnareSim aborda el zumbido, el crack y la emoci\u00f3n de la tarola ac\u00fastica.<\/p>\n<\/div>\n<div style=\"font-weight: bold\">Parche de impacto.<\/div>\n<div>\n<p>El Impact Patch de dB One refuerza las superficies de golpe y transfiere la energ\u00eda del impacto a la vibraci\u00f3n del sonido para un ataque y una articulaci\u00f3n naturales.<\/p>\n<\/div>\n<div style=\"font-weight: bold\">Espuma de Transferencia Kinetik.<\/div>\n<div>\n<p>El KTF (Kinetik Transfer Foam) y el Impact Patch refuerzan la superficie de impacto para transferir el impacto a una vibraci\u00f3n s\u00f3nica para que el alma de tu equipo y el esp\u00edritu de tu forma de tocar est\u00e9n intactos sin esfuerzo.<\/p>\n<\/div>\n<\/div>\n<\/div>","protected":false},"excerpt":{"rendered":"<p>Paquete de parches de malla para toms de 10\u201d, 12\u201d y 16\u201d pulgadas, configuraci\u00f3n Rock, serie dB One, bajo volumen, percusi\u00f3n silenciosa ideal para ensayo y pr\u00e1ctica, mantienen un verdadero tono y sensaci\u00f3n ac\u00fasticos, reducci\u00f3n de volumen hasta 80%, la malla ShockWeave, tratamiento SnareSim que aborda el zumbido, el crack y la emoci\u00f3n de la tarola, Impact Patch que refuerza las superficies de golpe, espuma de transferencia Kinetik (KTF) que ayuda a transferir el impacto a una vibraci\u00f3n s\u00f3nica para que tu sonido y estilo se mantengan intactos.&hellip; <a class=\"kt-excerpt-readmore more-link\" href=\"https:\/\/www.mexicanguitarplayers.com\/en\/tienda\/accesorios\/para-bateria\/parches\/paquetes-parches\/parche-evans-jgo-mod-etp-db1-r\/\">Read more<\/a><\/p>","protected":false},"featured_media":41458,"comment_status":"open","ping_status":"closed","template":"","meta":{"kt_blocks_editor_width":""},"pwb-brand":[366],"product_brand":[],"product_cat":[85,437,306,363],"product_tag":[],"class_list":{"0":"post-41459","1":"product","2":"type-product","3":"status-publish","4":"has-post-thumbnail","6":"pwb-brand-evans","7":"product_cat-accesorios","8":"product_cat-paquetes-parches","9":"product_cat-para-bateria","10":"product_cat-parches","11":"product_shipping_class-0-5-kg","13":"first","14":"instock","15":"taxable","16":"shipping-taxable","17":"purchasable","18":"product-type-simple"},"yoast_head":"<!-- This site is optimized with the Yoast SEO plugin v27.6 - https:\/\/yoast.com\/product\/yoast-seo-wordpress\/ -->\n<title>PARCHE EVANS JGO. MOD. ETP-DB1-R - Mexican Guitar Players<\/title>\n<meta name=\"description\" content=\"Paquete de parches de malla para toms de 10\u201d, 12\u201d y 16\u201d pulgadas, configuraci\u00f3n Rock, serie dB One, bajo volumen, percusi\u00f3n silenciosa ideal para ensayo y pr\u00e1ctica, mantienen un verdadero tono y sensaci\u00f3n ac\u00fasticos, reducci\u00f3n de volumen hasta 80%, la malla ShockWeave, tratamiento SnareSim que aborda el zumbido, el crack y la emoci\u00f3n de la tarola, Impact Patch que refuerza las superficies de golpe, espuma de transferencia Kinetik (KTF) que ayuda a transferir el impacto a una vibraci\u00f3n s\u00f3nica para que tu sonido y estilo se mantengan intactos.\" \/>\n<meta name=\"robots\" content=\"index, follow, max-snippet:-1, max-image-preview:large, max-video-preview:-1\" \/>\n<link rel=\"canonical\" href=\"https:\/\/www.mexicanguitarplayers.com\/en\/tienda\/sin%20categor\u00eda\/parche-evans-jgo-mod-etp-db1-r\/\" \/>\n<meta property=\"og:locale\" content=\"en_US\" \/>\n<meta property=\"og:type\" content=\"article\" \/>\n<meta property=\"og:title\" content=\"PARCHE EVANS JGO. MOD. ETP-DB1-R - Mexican Guitar Players\" \/>\n<meta property=\"og:description\" content=\"Paquete de parches de malla para toms de 10\u201d, 12\u201d y 16\u201d pulgadas, configuraci\u00f3n Rock, serie dB One, bajo volumen, percusi\u00f3n silenciosa ideal para ensayo y pr\u00e1ctica, mantienen un verdadero tono y sensaci\u00f3n ac\u00fasticos, reducci\u00f3n de volumen hasta 80%, la malla ShockWeave, tratamiento SnareSim que aborda el zumbido, el crack y la emoci\u00f3n de la tarola, Impact Patch que refuerza las superficies de golpe, espuma de transferencia Kinetik (KTF) que ayuda a transferir el impacto a una vibraci\u00f3n s\u00f3nica para que tu sonido y estilo se mantengan intactos.\" \/>\n<meta property=\"og:url\" content=\"https:\/\/www.mexicanguitarplayers.com\/en\/tienda\/sin categor\u00eda\/parche-evans-jgo-mod-etp-db1-r\/\" \/>\n<meta property=\"og:site_name\" content=\"Mexican Guitar Players\" \/>\n<meta property=\"article:modified_time\" content=\"2026-05-01T13:16:48+00:00\" \/>\n<meta name=\"twitter:card\" content=\"summary_large_image\" \/>\n<meta name=\"twitter:label1\" content=\"Est. reading time\" \/>\n\t<meta name=\"twitter:data1\" content=\"1 minute\" \/>\n<script type=\"application\/ld+json\" class=\"yoast-schema-graph\">{\"@context\":\"https:\\\/\\\/schema.org\",\"@graph\":[{\"@type\":[\"WebPage\",\"ItemPage\"],\"@id\":\"https:\\\/\\\/www.mexicanguitarplayers.com\\\/tienda\\\/sin categor\u00eda\\\/parche-evans-jgo-mod-etp-db1-r\\\/\",\"url\":\"https:\\\/\\\/www.mexicanguitarplayers.com\\\/tienda\\\/sin categor\u00eda\\\/parche-evans-jgo-mod-etp-db1-r\\\/\",\"name\":\"PARCHE EVANS JGO. MOD. ETP-DB1-R - Mexican Guitar Players\",\"isPartOf\":{\"@id\":\"https:\\\/\\\/www.mexicanguitarplayers.com\\\/#website\"},\"primaryImageOfPage\":{\"@id\":\"https:\\\/\\\/www.mexicanguitarplayers.com\\\/tienda\\\/sin categor\u00eda\\\/parche-evans-jgo-mod-etp-db1-r\\\/#primaryimage\"},\"image\":{\"@id\":\"https:\\\/\\\/www.mexicanguitarplayers.com\\\/tienda\\\/sin categor\u00eda\\\/parche-evans-jgo-mod-etp-db1-r\\\/#primaryimage\"},\"thumbnailUrl\":\"https:\\\/\\\/www.mexicanguitarplayers.com\\\/wp-content\\\/uploads\\\/2025\\\/04\\\/RAEVAETPDB1R.jpg\",\"datePublished\":\"2025-04-09T13:34:58+00:00\",\"dateModified\":\"2026-05-01T13:16:48+00:00\",\"description\":\"Paquete de parches de malla para toms de 10\u201d, 12\u201d y 16\u201d pulgadas, configuraci\u00f3n Rock, serie dB One, bajo volumen, percusi\u00f3n silenciosa ideal para ensayo y pr\u00e1ctica, mantienen un verdadero tono y sensaci\u00f3n ac\u00fasticos, reducci\u00f3n de volumen hasta 80%, la malla ShockWeave, tratamiento SnareSim que aborda el zumbido, el crack y la emoci\u00f3n de la tarola, Impact Patch que refuerza las superficies de golpe, espuma de transferencia Kinetik (KTF) que ayuda a transferir el impacto a una vibraci\u00f3n s\u00f3nica para que tu sonido y estilo se mantengan intactos.\",\"breadcrumb\":{\"@id\":\"https:\\\/\\\/www.mexicanguitarplayers.com\\\/tienda\\\/sin categor\u00eda\\\/parche-evans-jgo-mod-etp-db1-r\\\/#breadcrumb\"},\"inLanguage\":\"en-US\",\"potentialAction\":[{\"@type\":\"ReadAction\",\"target\":[\"https:\\\/\\\/www.mexicanguitarplayers.com\\\/tienda\\\/sin categor\u00eda\\\/parche-evans-jgo-mod-etp-db1-r\\\/\"]}]},{\"@type\":\"ImageObject\",\"inLanguage\":\"en-US\",\"@id\":\"https:\\\/\\\/www.mexicanguitarplayers.com\\\/tienda\\\/sin categor\u00eda\\\/parche-evans-jgo-mod-etp-db1-r\\\/#primaryimage\",\"url\":\"https:\\\/\\\/www.mexicanguitarplayers.com\\\/wp-content\\\/uploads\\\/2025\\\/04\\\/RAEVAETPDB1R.jpg\",\"contentUrl\":\"https:\\\/\\\/www.mexicanguitarplayers.com\\\/wp-content\\\/uploads\\\/2025\\\/04\\\/RAEVAETPDB1R.jpg\",\"width\":1200,\"height\":1200},{\"@type\":\"BreadcrumbList\",\"@id\":\"https:\\\/\\\/www.mexicanguitarplayers.com\\\/tienda\\\/sin categor\u00eda\\\/parche-evans-jgo-mod-etp-db1-r\\\/#breadcrumb\",\"itemListElement\":[{\"@type\":\"ListItem\",\"position\":1,\"name\":\"Portada\",\"item\":\"https:\\\/\\\/www.mexicanguitarplayers.com\\\/\"},{\"@type\":\"ListItem\",\"position\":2,\"name\":\"Tienda\",\"item\":\"https:\\\/\\\/www.mexicanguitarplayers.com\\\/tienda\\\/\"},{\"@type\":\"ListItem\",\"position\":3,\"name\":\"PARCHE EVANS JGO. MOD. ETP-DB1-R\"}]},{\"@type\":\"WebSite\",\"@id\":\"https:\\\/\\\/www.mexicanguitarplayers.com\\\/#website\",\"url\":\"https:\\\/\\\/www.mexicanguitarplayers.com\\\/\",\"name\":\"Mexican Guitar Players\",\"description\":\"Website\",\"publisher\":{\"@id\":\"https:\\\/\\\/www.mexicanguitarplayers.com\\\/#organization\"},\"potentialAction\":[{\"@type\":\"SearchAction\",\"target\":{\"@type\":\"EntryPoint\",\"urlTemplate\":\"https:\\\/\\\/www.mexicanguitarplayers.com\\\/?s={search_term_string}\"},\"query-input\":{\"@type\":\"PropertyValueSpecification\",\"valueRequired\":true,\"valueName\":\"search_term_string\"}}],\"inLanguage\":\"en-US\"},{\"@type\":\"Organization\",\"@id\":\"https:\\\/\\\/www.mexicanguitarplayers.com\\\/#organization\",\"name\":\"Mexican Guitar Players\",\"url\":\"https:\\\/\\\/www.mexicanguitarplayers.com\\\/\",\"logo\":{\"@type\":\"ImageObject\",\"inLanguage\":\"en-US\",\"@id\":\"https:\\\/\\\/www.mexicanguitarplayers.com\\\/#\\\/schema\\\/logo\\\/image\\\/\",\"url\":\"\",\"contentUrl\":\"\",\"caption\":\"Mexican Guitar Players\"},\"image\":{\"@id\":\"https:\\\/\\\/www.mexicanguitarplayers.com\\\/#\\\/schema\\\/logo\\\/image\\\/\"}}]}<\/script>\n<!-- \/ Yoast SEO plugin. -->","yoast_head_json":{"title":"PARCHE EVANS JGO. MOD. ETP-DB1-R - Mexican Guitar Players","description":"Paquete de parches de malla para toms de 10\u201d, 12\u201d y 16\u201d pulgadas, configuraci\u00f3n Rock, serie dB One, bajo volumen, percusi\u00f3n silenciosa ideal para ensayo y pr\u00e1ctica, mantienen un verdadero tono y sensaci\u00f3n ac\u00fasticos, reducci\u00f3n de volumen hasta 80%, la malla ShockWeave, tratamiento SnareSim que aborda el zumbido, el crack y la emoci\u00f3n de la tarola, Impact Patch que refuerza las superficies de golpe, espuma de transferencia Kinetik (KTF) que ayuda a transferir el impacto a una vibraci\u00f3n s\u00f3nica para que tu sonido y estilo se mantengan intactos.","robots":{"index":"index","follow":"follow","max-snippet":"max-snippet:-1","max-image-preview":"max-image-preview:large","max-video-preview":"max-video-preview:-1"},"canonical":"https:\/\/www.mexicanguitarplayers.com\/en\/tienda\/sin categor\u00eda\/parche-evans-jgo-mod-etp-db1-r\/","og_locale":"en_US","og_type":"article","og_title":"PARCHE EVANS JGO. MOD. ETP-DB1-R - Mexican Guitar Players","og_description":"Paquete de parches de malla para toms de 10\u201d, 12\u201d y 16\u201d pulgadas, configuraci\u00f3n Rock, serie dB One, bajo volumen, percusi\u00f3n silenciosa ideal para ensayo y pr\u00e1ctica, mantienen un verdadero tono y sensaci\u00f3n ac\u00fasticos, reducci\u00f3n de volumen hasta 80%, la malla ShockWeave, tratamiento SnareSim que aborda el zumbido, el crack y la emoci\u00f3n de la tarola, Impact Patch que refuerza las superficies de golpe, espuma de transferencia Kinetik (KTF) que ayuda a transferir el impacto a una vibraci\u00f3n s\u00f3nica para que tu sonido y estilo se mantengan intactos.","og_url":"https:\/\/www.mexicanguitarplayers.com\/en\/tienda\/sin categor\u00eda\/parche-evans-jgo-mod-etp-db1-r\/","og_site_name":"Mexican Guitar Players","article_modified_time":"2026-05-01T13:16:48+00:00","twitter_card":"summary_large_image","twitter_misc":{"Est. reading time":"1 minute"},"schema":{"@context":"https:\/\/schema.org","@graph":[{"@type":["WebPage","ItemPage"],"@id":"https:\/\/www.mexicanguitarplayers.com\/tienda\/sin categor\u00eda\/parche-evans-jgo-mod-etp-db1-r\/","url":"https:\/\/www.mexicanguitarplayers.com\/tienda\/sin categor\u00eda\/parche-evans-jgo-mod-etp-db1-r\/","name":"PARCHE EVANS JGO. MOD. ETP-DB1-R - Mexican Guitar Players","isPartOf":{"@id":"https:\/\/www.mexicanguitarplayers.com\/#website"},"primaryImageOfPage":{"@id":"https:\/\/www.mexicanguitarplayers.com\/tienda\/sin categor\u00eda\/parche-evans-jgo-mod-etp-db1-r\/#primaryimage"},"image":{"@id":"https:\/\/www.mexicanguitarplayers.com\/tienda\/sin categor\u00eda\/parche-evans-jgo-mod-etp-db1-r\/#primaryimage"},"thumbnailUrl":"https:\/\/www.mexicanguitarplayers.com\/wp-content\/uploads\/2025\/04\/RAEVAETPDB1R.jpg","datePublished":"2025-04-09T13:34:58+00:00","dateModified":"2026-05-01T13:16:48+00:00","description":"Paquete de parches de malla para toms de 10\u201d, 12\u201d y 16\u201d pulgadas, configuraci\u00f3n Rock, serie dB One, bajo volumen, percusi\u00f3n silenciosa ideal para ensayo y pr\u00e1ctica, mantienen un verdadero tono y sensaci\u00f3n ac\u00fasticos, reducci\u00f3n de volumen hasta 80%, la malla ShockWeave, tratamiento SnareSim que aborda el zumbido, el crack y la emoci\u00f3n de la tarola, Impact Patch que refuerza las superficies de golpe, espuma de transferencia Kinetik (KTF) que ayuda a transferir el impacto a una vibraci\u00f3n s\u00f3nica para que tu sonido y estilo se mantengan intactos.","breadcrumb":{"@id":"https:\/\/www.mexicanguitarplayers.com\/tienda\/sin categor\u00eda\/parche-evans-jgo-mod-etp-db1-r\/#breadcrumb"},"inLanguage":"en-US","potentialAction":[{"@type":"ReadAction","target":["https:\/\/www.mexicanguitarplayers.com\/tienda\/sin categor\u00eda\/parche-evans-jgo-mod-etp-db1-r\/"]}]},{"@type":"ImageObject","inLanguage":"en-US","@id":"https:\/\/www.mexicanguitarplayers.com\/tienda\/sin categor\u00eda\/parche-evans-jgo-mod-etp-db1-r\/#primaryimage","url":"https:\/\/www.mexicanguitarplayers.com\/wp-content\/uploads\/2025\/04\/RAEVAETPDB1R.jpg","contentUrl":"https:\/\/www.mexicanguitarplayers.com\/wp-content\/uploads\/2025\/04\/RAEVAETPDB1R.jpg","width":1200,"height":1200},{"@type":"BreadcrumbList","@id":"https:\/\/www.mexicanguitarplayers.com\/tienda\/sin categor\u00eda\/parche-evans-jgo-mod-etp-db1-r\/#breadcrumb","itemListElement":[{"@type":"ListItem","position":1,"name":"Portada","item":"https:\/\/www.mexicanguitarplayers.com\/"},{"@type":"ListItem","position":2,"name":"Tienda","item":"https:\/\/www.mexicanguitarplayers.com\/tienda\/"},{"@type":"ListItem","position":3,"name":"PARCHE EVANS JGO. MOD. ETP-DB1-R"}]},{"@type":"WebSite","@id":"https:\/\/www.mexicanguitarplayers.com\/#website","url":"https:\/\/www.mexicanguitarplayers.com\/","name":"Mexican Guitar Players","description":"Website","publisher":{"@id":"https:\/\/www.mexicanguitarplayers.com\/#organization"},"potentialAction":[{"@type":"SearchAction","target":{"@type":"EntryPoint","urlTemplate":"https:\/\/www.mexicanguitarplayers.com\/?s={search_term_string}"},"query-input":{"@type":"PropertyValueSpecification","valueRequired":true,"valueName":"search_term_string"}}],"inLanguage":"en-US"},{"@type":"Organization","@id":"https:\/\/www.mexicanguitarplayers.com\/#organization","name":"Mexican Guitar Players","url":"https:\/\/www.mexicanguitarplayers.com\/","logo":{"@type":"ImageObject","inLanguage":"en-US","@id":"https:\/\/www.mexicanguitarplayers.com\/#\/schema\/logo\/image\/","url":"","contentUrl":"","caption":"Mexican Guitar Players"},"image":{"@id":"https:\/\/www.mexicanguitarplayers.com\/#\/schema\/logo\/image\/"}}]}},"brands":[{"id":366,"name":"EVANS","slug":"evans"}],"_links":{"self":[{"href":"https:\/\/www.mexicanguitarplayers.com\/en\/wp-json\/wp\/v2\/product\/41459","targetHints":{"allow":["GET"]}}],"collection":[{"href":"https:\/\/www.mexicanguitarplayers.com\/en\/wp-json\/wp\/v2\/product"}],"about":[{"href":"https:\/\/www.mexicanguitarplayers.com\/en\/wp-json\/wp\/v2\/types\/product"}],"replies":[{"embeddable":true,"href":"https:\/\/www.mexicanguitarplayers.com\/en\/wp-json\/wp\/v2\/comments?post=41459"}],"wp:featuredmedia":[{"embeddable":true,"href":"https:\/\/www.mexicanguitarplayers.com\/en\/wp-json\/wp\/v2\/media\/41458"}],"wp:attachment":[{"href":"https:\/\/www.mexicanguitarplayers.com\/en\/wp-json\/wp\/v2\/media?parent=41459"}],"wp:term":[{"taxonomy":"pwb-brand","embeddable":true,"href":"https:\/\/www.mexicanguitarplayers.com\/en\/wp-json\/wp\/v2\/pwb-brand?post=41459"},{"taxonomy":"product_brand","embeddable":true,"href":"https:\/\/www.mexicanguitarplayers.com\/en\/wp-json\/wp\/v2\/product_brand?post=41459"},{"taxonomy":"product_cat","embeddable":true,"href":"https:\/\/www.mexicanguitarplayers.com\/en\/wp-json\/wp\/v2\/product_cat?post=41459"},{"taxonomy":"product_tag","embeddable":true,"href":"https:\/\/www.mexicanguitarplayers.com\/en\/wp-json\/wp\/v2\/product_tag?post=41459"}],"curies":[{"name":"wp","href":"https:\/\/api.w.org\/{rel}","templated":true}]}}