{"id":41488,"date":"2025-04-09T07:35:45","date_gmt":"2025-04-09T13:35:45","guid":{"rendered":"https:\/\/www.mexicanguitarplayers.com\/tienda\/sin categor\u00eda\/funda-meinl-p-platillos-mcb22rs\/"},"modified":"2026-05-04T04:15:05","modified_gmt":"2026-05-04T10:15:05","slug":"funda-meinl-p-platillos-mcb22rs","status":"publish","type":"product","link":"https:\/\/www.mexicanguitarplayers.com\/en\/tienda\/accesorios\/estuches-y-fundas\/para-percusiones\/funda-meinl-p-platillos-mcb22rs\/","title":{"rendered":"FUNDA MEINL P\/PLATILLOS     MCB22RS"},"content":{"rendered":"<div style=\"text-align: justify\">\n<div>\n<h3>Funda profesional para platillos.<\/h3>\n<\/div>\n<div>Un dise\u00f1o discreto se combina con materiales ultra duraderos para hacer que la funda de platillos Meinl Carbon Ripstop sea ideal para viajar a trav\u00e9s de entornos urbanos llenos para llegar al concierto o al estudio. El terminado exterior de carbono completamente negro est\u00e1 hecho con un resistente tejido ripshot de poli\u00e9ster 600D. Los hilos adicionales que forman un patr\u00f3n de sombreado cruzado, agregan protecci\u00f3n contra raspaduras y rasgaduras. Este material est\u00e1 respaldado con un revestimiento de PVC para darle a la funda m\u00e1s estructura y durabilidad. Las correas acolchadas  y ajustables tipo mochila cuentan con cerraduras ladder locks de ABS y hebilla en el pecho y te permiten llevar la funda c\u00f3modamente en la espalda para mantener las manos libres. Estas correas se pueden guardar en el bolsillo trasero grande cuando no se utilizan. Un asa de transporte gruesa y reforzada te brinda la capacidad de agarrar funda r\u00e1pidamente. Para almacenamiento adicional, la parte trasera cuenta con un gran bolsillo con cierre donde puedes guardar piezas de repuesto, herramientas, accesorios o partituras. Para aprovechas el exterior, el compartimento del hihat est\u00e1 equipado con una tira  de loops de PP trenzado de alta resistencia para sujetar un mosquet\u00f3n o cualquier otro clip. Este es un excelente lugar para colocar llaves, una botella de agua o herramientas de bater\u00eda para obtener un acceso r\u00e1pido. Dentro del compartimento principal, esta \u00e1rea fuertemente acolchada tiene capacidad para platillos de hasta 22&#8243; pulgadas de di\u00e1metro e incluye cuatro divisores de platillo cosidos y acolchados para evitar el contacto de metal con metal. La parte inferior presenta un forro de EVA extra ancho y grueso para proteger los bordes de los platillos y prolongar la vida \u00fatil de la funda. El compartimento exterior de los hihats se adapta a platillos de hasta 15&#8243; pulgadas de di\u00e1metro e incluye un divisor acolchado de platillos, as\u00ed como una bolsa de acceso r\u00e1pido, perfecta para un clutch de hihats o una llave de bater\u00eda. Todas las superficies interiores est\u00e1n hechas con tejido de poli\u00e9ster 420D con revestimiento de PU para resistencia a la abrasi\u00f3n. Meter los platillos a la funda es muy f\u00e1cil con sus grandes asas met\u00e1licas con cierre. Estos cierres de nylon en espiral son fuertes y duraderos, a la vez que brindan una sensaci\u00f3n suave y r\u00e1pida al abrir y cerrar los compartimentos. Para finalizar esta funda, un sutil logotipo de Meinl se combina con el terminado oscuro para lograr un estilo minimalista de alta gama.<\/div>\n<div>\n<h4>Quick look<\/h4>\n<\/div>\n<ul style=\"margin: 0px 0px 0px 25px\">\n<li style=\"list-style-type: circle;margin: 5px\">Characteristics.<\/li>\n<li style=\"list-style-type: circle;margin: 5px\">Tama\u00f1o.<\/li>\n<li style=\"list-style-type: circle;margin: 5px\">Material.<\/li>\n<li style=\"list-style-type: circle;margin: 5px\">Color.<\/li>\n<li style=\"list-style-type: circle;margin: 5px\">Design.<\/li>\n<\/ul>\n<div>\n<div style=\"font-weight: bold\">Characteristics.<\/div>\n<div>\n<p>Tejido anti desgarre resistente con terminado de carbono. Compartimento principal para platillos de 22&#8243; pulgadas de di\u00e1metro. Cuatro divisores de platillos cosidos y acolchados. Compartimento de hihats para platillos de hasta 15&#8243; pulgadas de di\u00e1metro. Correas acolchadas ajustables tipo mochila. Tira de loops exteriores duraderos para sujetar un mosquet\u00f3n o cualquier otro clip. Gran bolsillo exterior con cierre. Forro de EVA extra ancho en la parte inferior para protecci\u00f3n.<\/p>\n<\/div>\n<div style=\"font-weight: bold\">Tama\u00f1o.<\/div>\n<div>\n<p>22&#8243; pulgadas.<\/p>\n<\/div>\n<div style=\"font-weight: bold\">Material.<\/div>\n<div>\n<p>Tela anti desgarre.<\/p>\n<\/div>\n<div style=\"font-weight: bold\">Color.<\/div>\n<div>\n<p>Black.<\/p>\n<\/div>\n<div style=\"font-weight: bold\">Design.<\/div>\n<div>\n<p>Gris carb\u00f3n.<\/p>\n<\/div>\n<\/div>\n<\/div>","protected":false},"excerpt":{"rendered":"<p>Funda para platillos de hasta 22\u201d pulgadas, tejido anti desgarre resistente con terminado de carbono, compartimento principal para platillos de 22\u201d pulgadas de di\u00e1metro, cuatro divisores de platillos cosidos y acolchados, compartimento de hihats para platillos de hasta 15\u201d pulgadas de di\u00e1metro, correas acolchadas ajustables tipo mochila, tira de loops exteriores duraderos para sujetar un mosquet\u00f3n o cualquier otro clip, gran bolsillo exterior con cierre, forro de EVA extra ancho en la parte inferior para protecci\u00f3n, dise\u00f1o: gris carb\u00f3n.&hellip; <a class=\"kt-excerpt-readmore more-link\" href=\"https:\/\/www.mexicanguitarplayers.com\/en\/tienda\/accesorios\/estuches-y-fundas\/para-percusiones\/funda-meinl-p-platillos-mcb22rs\/\">Read more<\/a><\/p>","protected":false},"featured_media":41482,"comment_status":"open","ping_status":"closed","template":"","meta":{"kt_blocks_editor_width":""},"pwb-brand":[290],"product_brand":[],"product_cat":[85,517,584],"product_tag":[],"class_list":{"0":"post-41488","1":"product","2":"type-product","3":"status-publish","4":"has-post-thumbnail","6":"pwb-brand-meinl","7":"product_cat-accesorios","8":"product_cat-estuches-y-fundas","9":"product_cat-para-percusiones","10":"product_shipping_class-0-5-kg","12":"first","13":"outofstock","14":"taxable","15":"shipping-taxable","16":"purchasable","17":"product-type-simple"},"yoast_head":"<!-- This site is optimized with the Yoast SEO plugin v27.5 - https:\/\/yoast.com\/product\/yoast-seo-wordpress\/ -->\n<title>FUNDA MEINL P\/PLATILLOS   MCB22RS - Mexican Guitar Players<\/title>\n<meta name=\"description\" content=\"Funda para platillos de hasta 22\u201d pulgadas, tejido anti desgarre resistente con terminado de carbono, compartimento principal para platillos de 22\u201d pulgadas de di\u00e1metro, cuatro divisores de platillos cosidos y acolchados, compartimento de hihats para platillos de hasta 15\u201d pulgadas de di\u00e1metro, correas acolchadas ajustables tipo mochila, tira de loops exteriores duraderos para sujetar un mosquet\u00f3n o cualquier otro clip, gran bolsillo exterior con cierre, forro de EVA extra ancho en la parte inferior para protecci\u00f3n, dise\u00f1o: gris carb\u00f3n.\" \/>\n<meta name=\"robots\" content=\"index, follow, max-snippet:-1, max-image-preview:large, max-video-preview:-1\" \/>\n<link rel=\"canonical\" href=\"https:\/\/www.mexicanguitarplayers.com\/en\/tienda\/sin%20categor\u00eda\/funda-meinl-p-platillos-mcb22rs\/\" \/>\n<meta property=\"og:locale\" content=\"en_US\" \/>\n<meta property=\"og:type\" content=\"article\" \/>\n<meta property=\"og:title\" content=\"FUNDA MEINL P\/PLATILLOS   MCB22RS - Mexican Guitar Players\" \/>\n<meta property=\"og:description\" content=\"Funda para platillos de hasta 22\u201d pulgadas, tejido anti desgarre resistente con terminado de carbono, compartimento principal para platillos de 22\u201d pulgadas de di\u00e1metro, cuatro divisores de platillos cosidos y acolchados, compartimento de hihats para platillos de hasta 15\u201d pulgadas de di\u00e1metro, correas acolchadas ajustables tipo mochila, tira de loops exteriores duraderos para sujetar un mosquet\u00f3n o cualquier otro clip, gran bolsillo exterior con cierre, forro de EVA extra ancho en la parte inferior para protecci\u00f3n, dise\u00f1o: gris carb\u00f3n.\" \/>\n<meta property=\"og:url\" content=\"https:\/\/www.mexicanguitarplayers.com\/en\/tienda\/sin categor\u00eda\/funda-meinl-p-platillos-mcb22rs\/\" \/>\n<meta property=\"og:site_name\" content=\"Mexican Guitar Players\" \/>\n<meta property=\"article:modified_time\" content=\"2026-05-04T10:15:05+00:00\" \/>\n<meta name=\"twitter:card\" content=\"summary_large_image\" \/>\n<meta name=\"twitter:label1\" content=\"Est. reading time\" \/>\n\t<meta name=\"twitter:data1\" content=\"3 minutes\" \/>\n<script type=\"application\/ld+json\" class=\"yoast-schema-graph\">{\"@context\":\"https:\\\/\\\/schema.org\",\"@graph\":[{\"@type\":[\"WebPage\",\"ItemPage\"],\"@id\":\"https:\\\/\\\/www.mexicanguitarplayers.com\\\/tienda\\\/sin categor\u00eda\\\/funda-meinl-p-platillos-mcb22rs\\\/\",\"url\":\"https:\\\/\\\/www.mexicanguitarplayers.com\\\/tienda\\\/sin categor\u00eda\\\/funda-meinl-p-platillos-mcb22rs\\\/\",\"name\":\"FUNDA MEINL P\\\/PLATILLOS MCB22RS - Mexican Guitar Players\",\"isPartOf\":{\"@id\":\"https:\\\/\\\/www.mexicanguitarplayers.com\\\/#website\"},\"primaryImageOfPage\":{\"@id\":\"https:\\\/\\\/www.mexicanguitarplayers.com\\\/tienda\\\/sin categor\u00eda\\\/funda-meinl-p-platillos-mcb22rs\\\/#primaryimage\"},\"image\":{\"@id\":\"https:\\\/\\\/www.mexicanguitarplayers.com\\\/tienda\\\/sin categor\u00eda\\\/funda-meinl-p-platillos-mcb22rs\\\/#primaryimage\"},\"thumbnailUrl\":\"https:\\\/\\\/www.mexicanguitarplayers.com\\\/wp-content\\\/uploads\\\/2025\\\/04\\\/VAMEIMCB22RS.jpg\",\"datePublished\":\"2025-04-09T13:35:45+00:00\",\"dateModified\":\"2026-05-04T10:15:05+00:00\",\"description\":\"Funda para platillos de hasta 22\u201d pulgadas, tejido anti desgarre resistente con terminado de carbono, compartimento principal para platillos de 22\u201d pulgadas de di\u00e1metro, cuatro divisores de platillos cosidos y acolchados, compartimento de hihats para platillos de hasta 15\u201d pulgadas de di\u00e1metro, correas acolchadas ajustables tipo mochila, tira de loops exteriores duraderos para sujetar un mosquet\u00f3n o cualquier otro clip, gran bolsillo exterior con cierre, forro de EVA extra ancho en la parte inferior para protecci\u00f3n, dise\u00f1o: gris carb\u00f3n.\",\"breadcrumb\":{\"@id\":\"https:\\\/\\\/www.mexicanguitarplayers.com\\\/tienda\\\/sin categor\u00eda\\\/funda-meinl-p-platillos-mcb22rs\\\/#breadcrumb\"},\"inLanguage\":\"en-US\",\"potentialAction\":[{\"@type\":\"ReadAction\",\"target\":[\"https:\\\/\\\/www.mexicanguitarplayers.com\\\/tienda\\\/sin categor\u00eda\\\/funda-meinl-p-platillos-mcb22rs\\\/\"]}]},{\"@type\":\"ImageObject\",\"inLanguage\":\"en-US\",\"@id\":\"https:\\\/\\\/www.mexicanguitarplayers.com\\\/tienda\\\/sin categor\u00eda\\\/funda-meinl-p-platillos-mcb22rs\\\/#primaryimage\",\"url\":\"https:\\\/\\\/www.mexicanguitarplayers.com\\\/wp-content\\\/uploads\\\/2025\\\/04\\\/VAMEIMCB22RS.jpg\",\"contentUrl\":\"https:\\\/\\\/www.mexicanguitarplayers.com\\\/wp-content\\\/uploads\\\/2025\\\/04\\\/VAMEIMCB22RS.jpg\",\"width\":1200,\"height\":1200},{\"@type\":\"BreadcrumbList\",\"@id\":\"https:\\\/\\\/www.mexicanguitarplayers.com\\\/tienda\\\/sin categor\u00eda\\\/funda-meinl-p-platillos-mcb22rs\\\/#breadcrumb\",\"itemListElement\":[{\"@type\":\"ListItem\",\"position\":1,\"name\":\"Portada\",\"item\":\"https:\\\/\\\/www.mexicanguitarplayers.com\\\/\"},{\"@type\":\"ListItem\",\"position\":2,\"name\":\"Tienda\",\"item\":\"https:\\\/\\\/www.mexicanguitarplayers.com\\\/tienda\\\/\"},{\"@type\":\"ListItem\",\"position\":3,\"name\":\"FUNDA MEINL P\\\/PLATILLOS MCB22RS\"}]},{\"@type\":\"WebSite\",\"@id\":\"https:\\\/\\\/www.mexicanguitarplayers.com\\\/#website\",\"url\":\"https:\\\/\\\/www.mexicanguitarplayers.com\\\/\",\"name\":\"Mexican Guitar Players\",\"description\":\"Website\",\"publisher\":{\"@id\":\"https:\\\/\\\/www.mexicanguitarplayers.com\\\/#organization\"},\"potentialAction\":[{\"@type\":\"SearchAction\",\"target\":{\"@type\":\"EntryPoint\",\"urlTemplate\":\"https:\\\/\\\/www.mexicanguitarplayers.com\\\/?s={search_term_string}\"},\"query-input\":{\"@type\":\"PropertyValueSpecification\",\"valueRequired\":true,\"valueName\":\"search_term_string\"}}],\"inLanguage\":\"en-US\"},{\"@type\":\"Organization\",\"@id\":\"https:\\\/\\\/www.mexicanguitarplayers.com\\\/#organization\",\"name\":\"Mexican Guitar Players\",\"url\":\"https:\\\/\\\/www.mexicanguitarplayers.com\\\/\",\"logo\":{\"@type\":\"ImageObject\",\"inLanguage\":\"en-US\",\"@id\":\"https:\\\/\\\/www.mexicanguitarplayers.com\\\/#\\\/schema\\\/logo\\\/image\\\/\",\"url\":\"\",\"contentUrl\":\"\",\"caption\":\"Mexican Guitar Players\"},\"image\":{\"@id\":\"https:\\\/\\\/www.mexicanguitarplayers.com\\\/#\\\/schema\\\/logo\\\/image\\\/\"}}]}<\/script>\n<!-- \/ Yoast SEO plugin. -->","yoast_head_json":{"title":"FUNDA MEINL P\/PLATILLOS   MCB22RS - Mexican Guitar Players","description":"Funda para platillos de hasta 22\u201d pulgadas, tejido anti desgarre resistente con terminado de carbono, compartimento principal para platillos de 22\u201d pulgadas de di\u00e1metro, cuatro divisores de platillos cosidos y acolchados, compartimento de hihats para platillos de hasta 15\u201d pulgadas de di\u00e1metro, correas acolchadas ajustables tipo mochila, tira de loops exteriores duraderos para sujetar un mosquet\u00f3n o cualquier otro clip, gran bolsillo exterior con cierre, forro de EVA extra ancho en la parte inferior para protecci\u00f3n, dise\u00f1o: gris carb\u00f3n.","robots":{"index":"index","follow":"follow","max-snippet":"max-snippet:-1","max-image-preview":"max-image-preview:large","max-video-preview":"max-video-preview:-1"},"canonical":"https:\/\/www.mexicanguitarplayers.com\/en\/tienda\/sin categor\u00eda\/funda-meinl-p-platillos-mcb22rs\/","og_locale":"en_US","og_type":"article","og_title":"FUNDA MEINL P\/PLATILLOS   MCB22RS - Mexican Guitar Players","og_description":"Funda para platillos de hasta 22\u201d pulgadas, tejido anti desgarre resistente con terminado de carbono, compartimento principal para platillos de 22\u201d pulgadas de di\u00e1metro, cuatro divisores de platillos cosidos y acolchados, compartimento de hihats para platillos de hasta 15\u201d pulgadas de di\u00e1metro, correas acolchadas ajustables tipo mochila, tira de loops exteriores duraderos para sujetar un mosquet\u00f3n o cualquier otro clip, gran bolsillo exterior con cierre, forro de EVA extra ancho en la parte inferior para protecci\u00f3n, dise\u00f1o: gris carb\u00f3n.","og_url":"https:\/\/www.mexicanguitarplayers.com\/en\/tienda\/sin categor\u00eda\/funda-meinl-p-platillos-mcb22rs\/","og_site_name":"Mexican Guitar Players","article_modified_time":"2026-05-04T10:15:05+00:00","twitter_card":"summary_large_image","twitter_misc":{"Est. reading time":"3 minutes"},"schema":{"@context":"https:\/\/schema.org","@graph":[{"@type":["WebPage","ItemPage"],"@id":"https:\/\/www.mexicanguitarplayers.com\/tienda\/sin categor\u00eda\/funda-meinl-p-platillos-mcb22rs\/","url":"https:\/\/www.mexicanguitarplayers.com\/tienda\/sin categor\u00eda\/funda-meinl-p-platillos-mcb22rs\/","name":"FUNDA MEINL P\/PLATILLOS MCB22RS - Mexican Guitar Players","isPartOf":{"@id":"https:\/\/www.mexicanguitarplayers.com\/#website"},"primaryImageOfPage":{"@id":"https:\/\/www.mexicanguitarplayers.com\/tienda\/sin categor\u00eda\/funda-meinl-p-platillos-mcb22rs\/#primaryimage"},"image":{"@id":"https:\/\/www.mexicanguitarplayers.com\/tienda\/sin categor\u00eda\/funda-meinl-p-platillos-mcb22rs\/#primaryimage"},"thumbnailUrl":"https:\/\/www.mexicanguitarplayers.com\/wp-content\/uploads\/2025\/04\/VAMEIMCB22RS.jpg","datePublished":"2025-04-09T13:35:45+00:00","dateModified":"2026-05-04T10:15:05+00:00","description":"Funda para platillos de hasta 22\u201d pulgadas, tejido anti desgarre resistente con terminado de carbono, compartimento principal para platillos de 22\u201d pulgadas de di\u00e1metro, cuatro divisores de platillos cosidos y acolchados, compartimento de hihats para platillos de hasta 15\u201d pulgadas de di\u00e1metro, correas acolchadas ajustables tipo mochila, tira de loops exteriores duraderos para sujetar un mosquet\u00f3n o cualquier otro clip, gran bolsillo exterior con cierre, forro de EVA extra ancho en la parte inferior para protecci\u00f3n, dise\u00f1o: gris carb\u00f3n.","breadcrumb":{"@id":"https:\/\/www.mexicanguitarplayers.com\/tienda\/sin categor\u00eda\/funda-meinl-p-platillos-mcb22rs\/#breadcrumb"},"inLanguage":"en-US","potentialAction":[{"@type":"ReadAction","target":["https:\/\/www.mexicanguitarplayers.com\/tienda\/sin categor\u00eda\/funda-meinl-p-platillos-mcb22rs\/"]}]},{"@type":"ImageObject","inLanguage":"en-US","@id":"https:\/\/www.mexicanguitarplayers.com\/tienda\/sin categor\u00eda\/funda-meinl-p-platillos-mcb22rs\/#primaryimage","url":"https:\/\/www.mexicanguitarplayers.com\/wp-content\/uploads\/2025\/04\/VAMEIMCB22RS.jpg","contentUrl":"https:\/\/www.mexicanguitarplayers.com\/wp-content\/uploads\/2025\/04\/VAMEIMCB22RS.jpg","width":1200,"height":1200},{"@type":"BreadcrumbList","@id":"https:\/\/www.mexicanguitarplayers.com\/tienda\/sin categor\u00eda\/funda-meinl-p-platillos-mcb22rs\/#breadcrumb","itemListElement":[{"@type":"ListItem","position":1,"name":"Portada","item":"https:\/\/www.mexicanguitarplayers.com\/"},{"@type":"ListItem","position":2,"name":"Tienda","item":"https:\/\/www.mexicanguitarplayers.com\/tienda\/"},{"@type":"ListItem","position":3,"name":"FUNDA MEINL P\/PLATILLOS MCB22RS"}]},{"@type":"WebSite","@id":"https:\/\/www.mexicanguitarplayers.com\/#website","url":"https:\/\/www.mexicanguitarplayers.com\/","name":"Mexican Guitar Players","description":"Website","publisher":{"@id":"https:\/\/www.mexicanguitarplayers.com\/#organization"},"potentialAction":[{"@type":"SearchAction","target":{"@type":"EntryPoint","urlTemplate":"https:\/\/www.mexicanguitarplayers.com\/?s={search_term_string}"},"query-input":{"@type":"PropertyValueSpecification","valueRequired":true,"valueName":"search_term_string"}}],"inLanguage":"en-US"},{"@type":"Organization","@id":"https:\/\/www.mexicanguitarplayers.com\/#organization","name":"Mexican Guitar Players","url":"https:\/\/www.mexicanguitarplayers.com\/","logo":{"@type":"ImageObject","inLanguage":"en-US","@id":"https:\/\/www.mexicanguitarplayers.com\/#\/schema\/logo\/image\/","url":"","contentUrl":"","caption":"Mexican Guitar Players"},"image":{"@id":"https:\/\/www.mexicanguitarplayers.com\/#\/schema\/logo\/image\/"}}]}},"brands":[{"id":290,"name":"MEINL","slug":"meinl"}],"_links":{"self":[{"href":"https:\/\/www.mexicanguitarplayers.com\/en\/wp-json\/wp\/v2\/product\/41488","targetHints":{"allow":["GET"]}}],"collection":[{"href":"https:\/\/www.mexicanguitarplayers.com\/en\/wp-json\/wp\/v2\/product"}],"about":[{"href":"https:\/\/www.mexicanguitarplayers.com\/en\/wp-json\/wp\/v2\/types\/product"}],"replies":[{"embeddable":true,"href":"https:\/\/www.mexicanguitarplayers.com\/en\/wp-json\/wp\/v2\/comments?post=41488"}],"wp:featuredmedia":[{"embeddable":true,"href":"https:\/\/www.mexicanguitarplayers.com\/en\/wp-json\/wp\/v2\/media\/41482"}],"wp:attachment":[{"href":"https:\/\/www.mexicanguitarplayers.com\/en\/wp-json\/wp\/v2\/media?parent=41488"}],"wp:term":[{"taxonomy":"pwb-brand","embeddable":true,"href":"https:\/\/www.mexicanguitarplayers.com\/en\/wp-json\/wp\/v2\/pwb-brand?post=41488"},{"taxonomy":"product_brand","embeddable":true,"href":"https:\/\/www.mexicanguitarplayers.com\/en\/wp-json\/wp\/v2\/product_brand?post=41488"},{"taxonomy":"product_cat","embeddable":true,"href":"https:\/\/www.mexicanguitarplayers.com\/en\/wp-json\/wp\/v2\/product_cat?post=41488"},{"taxonomy":"product_tag","embeddable":true,"href":"https:\/\/www.mexicanguitarplayers.com\/en\/wp-json\/wp\/v2\/product_tag?post=41488"}],"curies":[{"name":"wp","href":"https:\/\/api.w.org\/{rel}","templated":true}]}}