{"id":41494,"date":"2025-04-09T07:35:53","date_gmt":"2025-04-09T13:35:53","guid":{"rendered":"https:\/\/www.mexicanguitarplayers.com\/tienda\/sin categor\u00eda\/bafle-behringer-monitor-mod-media40usb\/"},"modified":"2026-05-01T07:16:45","modified_gmt":"2026-05-01T13:16:45","slug":"bafle-behringer-monitor-mod-media40usb","status":"publish","type":"product","link":"https:\/\/www.mexicanguitarplayers.com\/en\/tienda\/audio\/bafles-y-bocinas\/bafles\/bafles-activos\/bafle-behringer-monitor-mod-media40usb\/","title":{"rendered":"BAFLE BEHRINGER MONITOR MOD. MEDIA40USB"},"content":{"rendered":"<div style=\"text-align: justify\">\n<div>\n<h3>Monitores digitales biamplificados de alta resoluci\u00f3n con entrada USB.<\/h3>\n<\/div>\n<div>Los MEDIA 40USB de Behringer son monitores digitales de 40 watts combinan una conectividad excepcional a trav\u00e9s de una entrada USB y una entrada anal\u00f3gica biamplificada, configuraci\u00f3n de 2 v\u00edas y proporciona una actualizaci\u00f3n sonora para cualquier aplicaci\u00f3n de audio o video. Seguro querr\u00e1s un par para cada estaci\u00f3n de trabajo en casa y crear una gran experiencia para altavoces de TV de pantalla plana y reproductores de medios audiovisuales independientes, as\u00ed como una soluci\u00f3n perfecta para monitoreo en dormitorios de universidad o cualquier lugar en donde disfrutar de la m\u00fasica sea una necesidad.<\/div>\n<div>\n<h4>Quick look<\/h4>\n<\/div>\n<ul style=\"margin: 0px 0px 0px 25px\">\n<li style=\"list-style-type: circle;margin: 5px\">Tipo de sistema.<\/li>\n<li style=\"list-style-type: circle;margin: 5px\">Bi amplificaci\u00f3n.<\/li>\n<li style=\"list-style-type: circle;margin: 5px\">Power.<\/li>\n<li style=\"list-style-type: circle;margin: 5px\">Woofers.<\/li>\n<li style=\"list-style-type: circle;margin: 5px\">Tickets.<\/li>\n<li style=\"list-style-type: circle;margin: 5px\">Blindaje.<\/li>\n<li style=\"list-style-type: circle;margin: 5px\">Woofers.<\/li>\n<li style=\"list-style-type: circle;margin: 5px\">Frequency response.<\/li>\n<\/ul>\n<div>\n<div style=\"font-weight: bold\">Tipo de sistema.<\/div>\n<div>\n<p>Par de monitores de 2 v\u00edas, ideales para estudios de computadora, audio y estaciones multimedia.<\/p>\n<\/div>\n<div style=\"font-weight: bold\">Bi amplificaci\u00f3n.<\/div>\n<div>\n<p>Modo de biamplificaci\u00f3n con 4 amplificadores para una gran resoluci\u00f3n de audio.<\/p>\n<\/div>\n<div style=\"font-weight: bold\">Power.<\/div>\n<div>\n<p>40 watts. Digital: 150 watts.<\/p>\n<\/div>\n<div style=\"font-weight: bold\">Woofers.<\/div>\n<div>\n<p>Potentes woofers y tweeters de alta resoluci\u00f3n para una respuesta de frecuencia ultra lineal.<\/p>\n<\/div>\n<div style=\"font-weight: bold\">Tickets.<\/div>\n<div>\n<p>Entrada USB para conectar directamente a fuentes digitales. Dos entradas an\u00e1logas con conectores TRS y RCA que pueden ser utilizadas simult\u00e1neamente o mezclarse con una fuente est\u00e9reo digital. Control de volumen iluminado para ambas entradas de l\u00ednea. Conector para aud\u00edfono de ?&#8221; con funci\u00f3n de mute, f\u00e1cilmente accesible desde el panel frontal.<\/p>\n<\/div>\n<div style=\"font-weight: bold\">Blindaje.<\/div>\n<div>\n<p>Blindaje magn\u00e9tico para poder colocarse cerca de monitores de computadora.<\/p>\n<\/div>\n<div style=\"font-weight: bold\">Woofers.<\/div>\n<div>\n<p>Woofer de 4&#8243; pulgadas. Tweeter de 0.75&#8243; pulgadas.<\/p>\n<\/div>\n<div style=\"font-weight: bold\">Frequency response.<\/div>\n<div>\n<p>70 Hz &#8211; 20 kHz.<\/p>\n<\/div>\n<\/div>\n<\/div>","protected":false},"excerpt":{"rendered":"<p>Par de monitores activo biamplificados de 2 v\u00edas a 40 watts, woofer de 4\u201d pulgadas y tweeter de 0.75\u201d pulgadas, respuesta de frecuencia de 70 Hz &#8211; 20 kHz, ideales para estudios de computadora, audio y estaciones multimedia, biamplificaci\u00f3n con 4 amplificadores, 150 watts de amplificaci\u00f3n digital, woofers y tweeters de alta resoluci\u00f3n, entrada USB para conectar directamente a fuentes digitales, dos entradas an\u00e1logas con conectores TRS y RCA, control de volumen iluminado, conector para aud\u00edfono.&hellip; <a class=\"kt-excerpt-readmore more-link\" href=\"https:\/\/www.mexicanguitarplayers.com\/en\/tienda\/audio\/bafles-y-bocinas\/bafles\/bafles-activos\/bafle-behringer-monitor-mod-media40usb\/\">Read more<\/a><\/p>","protected":false},"featured_media":41489,"comment_status":"open","ping_status":"closed","template":"","meta":{"kt_blocks_editor_width":""},"pwb-brand":[171],"product_brand":[],"product_cat":[213,222,472,221],"product_tag":[],"class_list":{"0":"post-41494","1":"product","2":"type-product","3":"status-publish","4":"has-post-thumbnail","6":"pwb-brand-behringer","7":"product_cat-audio","8":"product_cat-bafles","9":"product_cat-bafles-activos","10":"product_cat-bafles-y-bocinas","11":"product_shipping_class-5-10-kg","13":"first","14":"instock","15":"taxable","16":"shipping-taxable","17":"purchasable","18":"product-type-simple"},"yoast_head":"<!-- This site is optimized with the Yoast SEO plugin v27.5 - https:\/\/yoast.com\/product\/yoast-seo-wordpress\/ -->\n<title>BAFLE BEHRINGER MONITOR MOD. MEDIA40USB - Mexican Guitar Players<\/title>\n<meta name=\"description\" content=\"Par de monitores activo biamplificados de 2 v\u00edas a 40 watts, woofer de 4\u201d pulgadas y tweeter de 0.75\u201d pulgadas, respuesta de frecuencia de 70 Hz - 20 kHz, ideales para estudios de computadora, audio y estaciones multimedia, biamplificaci\u00f3n con 4 amplificadores, 150 watts de amplificaci\u00f3n digital, woofers y tweeters de alta resoluci\u00f3n, entrada USB para conectar directamente a fuentes digitales, dos entradas an\u00e1logas con conectores TRS y RCA, control de volumen iluminado, conector para aud\u00edfono.\" \/>\n<meta name=\"robots\" content=\"index, follow, max-snippet:-1, max-image-preview:large, max-video-preview:-1\" \/>\n<link rel=\"canonical\" href=\"https:\/\/www.mexicanguitarplayers.com\/en\/tienda\/sin%20categor\u00eda\/bafle-behringer-monitor-mod-media40usb\/\" \/>\n<meta property=\"og:locale\" content=\"en_US\" \/>\n<meta property=\"og:type\" content=\"article\" \/>\n<meta property=\"og:title\" content=\"BAFLE BEHRINGER MONITOR MOD. MEDIA40USB - Mexican Guitar Players\" \/>\n<meta property=\"og:description\" content=\"Par de monitores activo biamplificados de 2 v\u00edas a 40 watts, woofer de 4\u201d pulgadas y tweeter de 0.75\u201d pulgadas, respuesta de frecuencia de 70 Hz - 20 kHz, ideales para estudios de computadora, audio y estaciones multimedia, biamplificaci\u00f3n con 4 amplificadores, 150 watts de amplificaci\u00f3n digital, woofers y tweeters de alta resoluci\u00f3n, entrada USB para conectar directamente a fuentes digitales, dos entradas an\u00e1logas con conectores TRS y RCA, control de volumen iluminado, conector para aud\u00edfono.\" \/>\n<meta property=\"og:url\" content=\"https:\/\/www.mexicanguitarplayers.com\/en\/tienda\/sin categor\u00eda\/bafle-behringer-monitor-mod-media40usb\/\" \/>\n<meta property=\"og:site_name\" content=\"Mexican Guitar Players\" \/>\n<meta property=\"article:modified_time\" content=\"2026-05-01T13:16:45+00:00\" \/>\n<meta name=\"twitter:card\" content=\"summary_large_image\" \/>\n<meta name=\"twitter:label1\" content=\"Est. reading time\" \/>\n\t<meta name=\"twitter:data1\" content=\"1 minute\" \/>\n<script type=\"application\/ld+json\" class=\"yoast-schema-graph\">{\"@context\":\"https:\\\/\\\/schema.org\",\"@graph\":[{\"@type\":[\"WebPage\",\"ItemPage\"],\"@id\":\"https:\\\/\\\/www.mexicanguitarplayers.com\\\/tienda\\\/sin categor\u00eda\\\/bafle-behringer-monitor-mod-media40usb\\\/\",\"url\":\"https:\\\/\\\/www.mexicanguitarplayers.com\\\/tienda\\\/sin categor\u00eda\\\/bafle-behringer-monitor-mod-media40usb\\\/\",\"name\":\"BAFLE BEHRINGER MONITOR MOD. MEDIA40USB - Mexican Guitar Players\",\"isPartOf\":{\"@id\":\"https:\\\/\\\/www.mexicanguitarplayers.com\\\/#website\"},\"primaryImageOfPage\":{\"@id\":\"https:\\\/\\\/www.mexicanguitarplayers.com\\\/tienda\\\/sin categor\u00eda\\\/bafle-behringer-monitor-mod-media40usb\\\/#primaryimage\"},\"image\":{\"@id\":\"https:\\\/\\\/www.mexicanguitarplayers.com\\\/tienda\\\/sin categor\u00eda\\\/bafle-behringer-monitor-mod-media40usb\\\/#primaryimage\"},\"thumbnailUrl\":\"https:\\\/\\\/www.mexicanguitarplayers.com\\\/wp-content\\\/uploads\\\/2025\\\/04\\\/IABEHMEDIA40US.jpg\",\"datePublished\":\"2025-04-09T13:35:53+00:00\",\"dateModified\":\"2026-05-01T13:16:45+00:00\",\"description\":\"Par de monitores activo biamplificados de 2 v\u00edas a 40 watts, woofer de 4\u201d pulgadas y tweeter de 0.75\u201d pulgadas, respuesta de frecuencia de 70 Hz - 20 kHz, ideales para estudios de computadora, audio y estaciones multimedia, biamplificaci\u00f3n con 4 amplificadores, 150 watts de amplificaci\u00f3n digital, woofers y tweeters de alta resoluci\u00f3n, entrada USB para conectar directamente a fuentes digitales, dos entradas an\u00e1logas con conectores TRS y RCA, control de volumen iluminado, conector para aud\u00edfono.\",\"breadcrumb\":{\"@id\":\"https:\\\/\\\/www.mexicanguitarplayers.com\\\/tienda\\\/sin categor\u00eda\\\/bafle-behringer-monitor-mod-media40usb\\\/#breadcrumb\"},\"inLanguage\":\"en-US\",\"potentialAction\":[{\"@type\":\"ReadAction\",\"target\":[\"https:\\\/\\\/www.mexicanguitarplayers.com\\\/tienda\\\/sin categor\u00eda\\\/bafle-behringer-monitor-mod-media40usb\\\/\"]}]},{\"@type\":\"ImageObject\",\"inLanguage\":\"en-US\",\"@id\":\"https:\\\/\\\/www.mexicanguitarplayers.com\\\/tienda\\\/sin categor\u00eda\\\/bafle-behringer-monitor-mod-media40usb\\\/#primaryimage\",\"url\":\"https:\\\/\\\/www.mexicanguitarplayers.com\\\/wp-content\\\/uploads\\\/2025\\\/04\\\/IABEHMEDIA40US.jpg\",\"contentUrl\":\"https:\\\/\\\/www.mexicanguitarplayers.com\\\/wp-content\\\/uploads\\\/2025\\\/04\\\/IABEHMEDIA40US.jpg\",\"width\":1200,\"height\":1200},{\"@type\":\"BreadcrumbList\",\"@id\":\"https:\\\/\\\/www.mexicanguitarplayers.com\\\/tienda\\\/sin categor\u00eda\\\/bafle-behringer-monitor-mod-media40usb\\\/#breadcrumb\",\"itemListElement\":[{\"@type\":\"ListItem\",\"position\":1,\"name\":\"Portada\",\"item\":\"https:\\\/\\\/www.mexicanguitarplayers.com\\\/\"},{\"@type\":\"ListItem\",\"position\":2,\"name\":\"Tienda\",\"item\":\"https:\\\/\\\/www.mexicanguitarplayers.com\\\/tienda\\\/\"},{\"@type\":\"ListItem\",\"position\":3,\"name\":\"BAFLE BEHRINGER MONITOR MOD. MEDIA40USB\"}]},{\"@type\":\"WebSite\",\"@id\":\"https:\\\/\\\/www.mexicanguitarplayers.com\\\/#website\",\"url\":\"https:\\\/\\\/www.mexicanguitarplayers.com\\\/\",\"name\":\"Mexican Guitar Players\",\"description\":\"Website\",\"publisher\":{\"@id\":\"https:\\\/\\\/www.mexicanguitarplayers.com\\\/#organization\"},\"potentialAction\":[{\"@type\":\"SearchAction\",\"target\":{\"@type\":\"EntryPoint\",\"urlTemplate\":\"https:\\\/\\\/www.mexicanguitarplayers.com\\\/?s={search_term_string}\"},\"query-input\":{\"@type\":\"PropertyValueSpecification\",\"valueRequired\":true,\"valueName\":\"search_term_string\"}}],\"inLanguage\":\"en-US\"},{\"@type\":\"Organization\",\"@id\":\"https:\\\/\\\/www.mexicanguitarplayers.com\\\/#organization\",\"name\":\"Mexican Guitar Players\",\"url\":\"https:\\\/\\\/www.mexicanguitarplayers.com\\\/\",\"logo\":{\"@type\":\"ImageObject\",\"inLanguage\":\"en-US\",\"@id\":\"https:\\\/\\\/www.mexicanguitarplayers.com\\\/#\\\/schema\\\/logo\\\/image\\\/\",\"url\":\"\",\"contentUrl\":\"\",\"caption\":\"Mexican Guitar Players\"},\"image\":{\"@id\":\"https:\\\/\\\/www.mexicanguitarplayers.com\\\/#\\\/schema\\\/logo\\\/image\\\/\"}}]}<\/script>\n<!-- \/ Yoast SEO plugin. -->","yoast_head_json":{"title":"BAFLE BEHRINGER MONITOR MOD. MEDIA40USB - Mexican Guitar Players","description":"Par de monitores activo biamplificados de 2 v\u00edas a 40 watts, woofer de 4\u201d pulgadas y tweeter de 0.75\u201d pulgadas, respuesta de frecuencia de 70 Hz - 20 kHz, ideales para estudios de computadora, audio y estaciones multimedia, biamplificaci\u00f3n con 4 amplificadores, 150 watts de amplificaci\u00f3n digital, woofers y tweeters de alta resoluci\u00f3n, entrada USB para conectar directamente a fuentes digitales, dos entradas an\u00e1logas con conectores TRS y RCA, control de volumen iluminado, conector para aud\u00edfono.","robots":{"index":"index","follow":"follow","max-snippet":"max-snippet:-1","max-image-preview":"max-image-preview:large","max-video-preview":"max-video-preview:-1"},"canonical":"https:\/\/www.mexicanguitarplayers.com\/en\/tienda\/sin categor\u00eda\/bafle-behringer-monitor-mod-media40usb\/","og_locale":"en_US","og_type":"article","og_title":"BAFLE BEHRINGER MONITOR MOD. MEDIA40USB - Mexican Guitar Players","og_description":"Par de monitores activo biamplificados de 2 v\u00edas a 40 watts, woofer de 4\u201d pulgadas y tweeter de 0.75\u201d pulgadas, respuesta de frecuencia de 70 Hz - 20 kHz, ideales para estudios de computadora, audio y estaciones multimedia, biamplificaci\u00f3n con 4 amplificadores, 150 watts de amplificaci\u00f3n digital, woofers y tweeters de alta resoluci\u00f3n, entrada USB para conectar directamente a fuentes digitales, dos entradas an\u00e1logas con conectores TRS y RCA, control de volumen iluminado, conector para aud\u00edfono.","og_url":"https:\/\/www.mexicanguitarplayers.com\/en\/tienda\/sin categor\u00eda\/bafle-behringer-monitor-mod-media40usb\/","og_site_name":"Mexican Guitar Players","article_modified_time":"2026-05-01T13:16:45+00:00","twitter_card":"summary_large_image","twitter_misc":{"Est. reading time":"1 minute"},"schema":{"@context":"https:\/\/schema.org","@graph":[{"@type":["WebPage","ItemPage"],"@id":"https:\/\/www.mexicanguitarplayers.com\/tienda\/sin categor\u00eda\/bafle-behringer-monitor-mod-media40usb\/","url":"https:\/\/www.mexicanguitarplayers.com\/tienda\/sin categor\u00eda\/bafle-behringer-monitor-mod-media40usb\/","name":"BAFLE BEHRINGER MONITOR MOD. MEDIA40USB - Mexican Guitar Players","isPartOf":{"@id":"https:\/\/www.mexicanguitarplayers.com\/#website"},"primaryImageOfPage":{"@id":"https:\/\/www.mexicanguitarplayers.com\/tienda\/sin categor\u00eda\/bafle-behringer-monitor-mod-media40usb\/#primaryimage"},"image":{"@id":"https:\/\/www.mexicanguitarplayers.com\/tienda\/sin categor\u00eda\/bafle-behringer-monitor-mod-media40usb\/#primaryimage"},"thumbnailUrl":"https:\/\/www.mexicanguitarplayers.com\/wp-content\/uploads\/2025\/04\/IABEHMEDIA40US.jpg","datePublished":"2025-04-09T13:35:53+00:00","dateModified":"2026-05-01T13:16:45+00:00","description":"Par de monitores activo biamplificados de 2 v\u00edas a 40 watts, woofer de 4\u201d pulgadas y tweeter de 0.75\u201d pulgadas, respuesta de frecuencia de 70 Hz - 20 kHz, ideales para estudios de computadora, audio y estaciones multimedia, biamplificaci\u00f3n con 4 amplificadores, 150 watts de amplificaci\u00f3n digital, woofers y tweeters de alta resoluci\u00f3n, entrada USB para conectar directamente a fuentes digitales, dos entradas an\u00e1logas con conectores TRS y RCA, control de volumen iluminado, conector para aud\u00edfono.","breadcrumb":{"@id":"https:\/\/www.mexicanguitarplayers.com\/tienda\/sin categor\u00eda\/bafle-behringer-monitor-mod-media40usb\/#breadcrumb"},"inLanguage":"en-US","potentialAction":[{"@type":"ReadAction","target":["https:\/\/www.mexicanguitarplayers.com\/tienda\/sin categor\u00eda\/bafle-behringer-monitor-mod-media40usb\/"]}]},{"@type":"ImageObject","inLanguage":"en-US","@id":"https:\/\/www.mexicanguitarplayers.com\/tienda\/sin categor\u00eda\/bafle-behringer-monitor-mod-media40usb\/#primaryimage","url":"https:\/\/www.mexicanguitarplayers.com\/wp-content\/uploads\/2025\/04\/IABEHMEDIA40US.jpg","contentUrl":"https:\/\/www.mexicanguitarplayers.com\/wp-content\/uploads\/2025\/04\/IABEHMEDIA40US.jpg","width":1200,"height":1200},{"@type":"BreadcrumbList","@id":"https:\/\/www.mexicanguitarplayers.com\/tienda\/sin categor\u00eda\/bafle-behringer-monitor-mod-media40usb\/#breadcrumb","itemListElement":[{"@type":"ListItem","position":1,"name":"Portada","item":"https:\/\/www.mexicanguitarplayers.com\/"},{"@type":"ListItem","position":2,"name":"Tienda","item":"https:\/\/www.mexicanguitarplayers.com\/tienda\/"},{"@type":"ListItem","position":3,"name":"BAFLE BEHRINGER MONITOR MOD. MEDIA40USB"}]},{"@type":"WebSite","@id":"https:\/\/www.mexicanguitarplayers.com\/#website","url":"https:\/\/www.mexicanguitarplayers.com\/","name":"Mexican Guitar Players","description":"Website","publisher":{"@id":"https:\/\/www.mexicanguitarplayers.com\/#organization"},"potentialAction":[{"@type":"SearchAction","target":{"@type":"EntryPoint","urlTemplate":"https:\/\/www.mexicanguitarplayers.com\/?s={search_term_string}"},"query-input":{"@type":"PropertyValueSpecification","valueRequired":true,"valueName":"search_term_string"}}],"inLanguage":"en-US"},{"@type":"Organization","@id":"https:\/\/www.mexicanguitarplayers.com\/#organization","name":"Mexican Guitar Players","url":"https:\/\/www.mexicanguitarplayers.com\/","logo":{"@type":"ImageObject","inLanguage":"en-US","@id":"https:\/\/www.mexicanguitarplayers.com\/#\/schema\/logo\/image\/","url":"","contentUrl":"","caption":"Mexican Guitar Players"},"image":{"@id":"https:\/\/www.mexicanguitarplayers.com\/#\/schema\/logo\/image\/"}}]}},"brands":[{"id":171,"name":"BEHRINGER","slug":"behringer"}],"_links":{"self":[{"href":"https:\/\/www.mexicanguitarplayers.com\/en\/wp-json\/wp\/v2\/product\/41494","targetHints":{"allow":["GET"]}}],"collection":[{"href":"https:\/\/www.mexicanguitarplayers.com\/en\/wp-json\/wp\/v2\/product"}],"about":[{"href":"https:\/\/www.mexicanguitarplayers.com\/en\/wp-json\/wp\/v2\/types\/product"}],"replies":[{"embeddable":true,"href":"https:\/\/www.mexicanguitarplayers.com\/en\/wp-json\/wp\/v2\/comments?post=41494"}],"wp:featuredmedia":[{"embeddable":true,"href":"https:\/\/www.mexicanguitarplayers.com\/en\/wp-json\/wp\/v2\/media\/41489"}],"wp:attachment":[{"href":"https:\/\/www.mexicanguitarplayers.com\/en\/wp-json\/wp\/v2\/media?parent=41494"}],"wp:term":[{"taxonomy":"pwb-brand","embeddable":true,"href":"https:\/\/www.mexicanguitarplayers.com\/en\/wp-json\/wp\/v2\/pwb-brand?post=41494"},{"taxonomy":"product_brand","embeddable":true,"href":"https:\/\/www.mexicanguitarplayers.com\/en\/wp-json\/wp\/v2\/product_brand?post=41494"},{"taxonomy":"product_cat","embeddable":true,"href":"https:\/\/www.mexicanguitarplayers.com\/en\/wp-json\/wp\/v2\/product_cat?post=41494"},{"taxonomy":"product_tag","embeddable":true,"href":"https:\/\/www.mexicanguitarplayers.com\/en\/wp-json\/wp\/v2\/product_tag?post=41494"}],"curies":[{"name":"wp","href":"https:\/\/api.w.org\/{rel}","templated":true}]}}