{"id":41524,"date":"2025-04-09T08:50:15","date_gmt":"2025-04-09T14:50:15","guid":{"rendered":"https:\/\/www.mexicanguitarplayers.com\/tienda\/sin categor\u00eda\/pedal-meinl-percusion-mod-mps1\/"},"modified":"2026-04-10T04:18:07","modified_gmt":"2026-04-10T10:18:07","slug":"pedal-meinl-percusion-mod-mps1","status":"publish","type":"product","link":"https:\/\/www.mexicanguitarplayers.com\/en\/tienda\/accesorios\/para-bateria\/hardware-para-bateria\/pedales\/pedal-meinl-percusion-mod-mps1\/","title":{"rendered":"PEDAL MEINL PERCUSION MOD.  MPS1"},"content":{"rendered":"<div style=\"text-align: justify\">\n<div>\n<h3>Gran pedal anal\u00f3gico <\/h3>\n<\/div>\n<div>Es un Stomp Box de caoba y pastilla piezoel\u00e9ctria incorporada que brinda una potente se\u00f1al anal\u00f3gica. El cuerpo est\u00e1 hecho de caoba s\u00f3lida y est\u00e1 revestida de goma antideslizante. Cuenta con jacks de entrada y salida en 6.3 mm que dan un manejo sencillo. En el lado de la MEINL MPS1 Stomp Box Analog hay un modo para ajustar el volumen de salida. Es un gran pedal anal\u00f3gico con sonido seco y profundo, es ideal para cantantes, compositores y multi-instrumentistas.<\/div>\n<div>\n<h4>Quick look<\/h4>\n<\/div>\n<ul style=\"margin: 0px 0px 0px 25px\">\n<li style=\"list-style-type: circle;margin: 5px\">Pastillas.<\/li>\n<li style=\"list-style-type: circle;margin: 5px\">Connectors.<\/li>\n<\/ul>\n<div>\n<div style=\"font-weight: bold\">Pastillas.<\/div>\n<div>\n<p>Pastillas piezoel\u00e9ctricas incorporadas con control de volumen.<\/p>\n<\/div>\n<div style=\"font-weight: bold\">Connectors.<\/div>\n<div>\n<p>Se puede conectar a cualquier amplificador o PA, conectores de entrada y salida de 1\/4&#8243;.<\/p>\n<\/div>\n<\/div>\n<div>\n<h4>Characteristics<\/h4>\n<\/div>\n<div>\n<ul style=\"margin: 0px 0px 0px 25px\">\n<li style=\"list-style-type: circle;margin: 5px\">Se\u00f1al anal\u00f3gica.<\/li>\n<\/ul>\n<\/div>\n<\/div>","protected":false},"excerpt":{"rendered":"<p>Pedal de percusi\u00f3n, soluci\u00f3n para incorporar ritmo a tu m\u00fasica, se\u00f1al anal\u00f3gica que le da al pedal un sonido fuerte y natural, s\u00f3lido cuerpo de caoba, perfecto tanto para percusionistas, cantautores y multi-instrumentistas, se puede conectar a cualquier amplificador o PA, pastillas incorporadas sensibles a la velocidad, respuesta din\u00e1mica sin interrupciones, fondo antideslizante que mantiene el pedal en su lugar y evita la vibraci\u00f3n, pastillas piezoel\u00e9ctricas incorporadas con control de volumen, se\u00f1al anal\u00f3gica crea una se\u00f1al anal\u00f3gica pisando fuerte, conectores de entrada y salida de 1\/4\u201d.&hellip; <a class=\"kt-excerpt-readmore more-link\" href=\"https:\/\/www.mexicanguitarplayers.com\/en\/tienda\/accesorios\/para-bateria\/hardware-para-bateria\/pedales\/pedal-meinl-percusion-mod-mps1\/\">Read more<\/a><\/p>","protected":false},"featured_media":41518,"comment_status":"open","ping_status":"closed","template":"","meta":{"kt_blocks_editor_width":""},"pwb-brand":[290],"product_brand":[],"product_cat":[85,432,445],"product_tag":[],"class_list":{"0":"post-41524","1":"product","2":"type-product","3":"status-publish","4":"has-post-thumbnail","6":"pwb-brand-meinl","7":"product_cat-accesorios","8":"product_cat-para-percusion","9":"product_cat-pedales","10":"product_shipping_class-0-5-kg","12":"first","13":"outofstock","14":"taxable","15":"shipping-taxable","16":"purchasable","17":"product-type-simple"},"yoast_head":"<!-- This site is optimized with the Yoast SEO plugin v27.5 - https:\/\/yoast.com\/product\/yoast-seo-wordpress\/ -->\n<title>PEDAL MEINL PERCUSION MOD. MPS1 - Mexican Guitar Players<\/title>\n<meta name=\"description\" content=\"Pedal de percusi\u00f3n, soluci\u00f3n para incorporar ritmo a tu m\u00fasica, se\u00f1al anal\u00f3gica que le da al pedal un sonido fuerte y natural, s\u00f3lido cuerpo de caoba, perfecto tanto para percusionistas, cantautores y multi-instrumentistas, se puede conectar a cualquier amplificador o PA, pastillas incorporadas sensibles a la velocidad, respuesta din\u00e1mica sin interrupciones, fondo antideslizante que mantiene el pedal en su lugar y evita la vibraci\u00f3n, pastillas piezoel\u00e9ctricas incorporadas con control de volumen, se\u00f1al anal\u00f3gica crea una se\u00f1al anal\u00f3gica pisando fuerte, conectores de entrada y salida de 1\/4\u201d.\" \/>\n<meta name=\"robots\" content=\"index, follow, max-snippet:-1, max-image-preview:large, max-video-preview:-1\" \/>\n<link rel=\"canonical\" href=\"https:\/\/www.mexicanguitarplayers.com\/en\/tienda\/sin%20categor\u00eda\/pedal-meinl-percusion-mod-mps1\/\" \/>\n<meta property=\"og:locale\" content=\"en_US\" \/>\n<meta property=\"og:type\" content=\"article\" \/>\n<meta property=\"og:title\" content=\"PEDAL MEINL PERCUSION MOD. MPS1 - Mexican Guitar Players\" \/>\n<meta property=\"og:description\" content=\"Pedal de percusi\u00f3n, soluci\u00f3n para incorporar ritmo a tu m\u00fasica, se\u00f1al anal\u00f3gica que le da al pedal un sonido fuerte y natural, s\u00f3lido cuerpo de caoba, perfecto tanto para percusionistas, cantautores y multi-instrumentistas, se puede conectar a cualquier amplificador o PA, pastillas incorporadas sensibles a la velocidad, respuesta din\u00e1mica sin interrupciones, fondo antideslizante que mantiene el pedal en su lugar y evita la vibraci\u00f3n, pastillas piezoel\u00e9ctricas incorporadas con control de volumen, se\u00f1al anal\u00f3gica crea una se\u00f1al anal\u00f3gica pisando fuerte, conectores de entrada y salida de 1\/4\u201d.\" \/>\n<meta property=\"og:url\" content=\"https:\/\/www.mexicanguitarplayers.com\/en\/tienda\/sin categor\u00eda\/pedal-meinl-percusion-mod-mps1\/\" \/>\n<meta property=\"og:site_name\" content=\"Mexican Guitar Players\" \/>\n<meta property=\"article:modified_time\" content=\"2026-04-10T10:18:07+00:00\" \/>\n<meta name=\"twitter:card\" content=\"summary_large_image\" \/>\n<meta name=\"twitter:label1\" content=\"Est. reading time\" \/>\n\t<meta name=\"twitter:data1\" content=\"1 minute\" \/>\n<script type=\"application\/ld+json\" class=\"yoast-schema-graph\">{\"@context\":\"https:\\\/\\\/schema.org\",\"@graph\":[{\"@type\":[\"WebPage\",\"ItemPage\"],\"@id\":\"https:\\\/\\\/www.mexicanguitarplayers.com\\\/tienda\\\/sin categor\u00eda\\\/pedal-meinl-percusion-mod-mps1\\\/\",\"url\":\"https:\\\/\\\/www.mexicanguitarplayers.com\\\/tienda\\\/sin categor\u00eda\\\/pedal-meinl-percusion-mod-mps1\\\/\",\"name\":\"PEDAL MEINL PERCUSION MOD. MPS1 - Mexican Guitar Players\",\"isPartOf\":{\"@id\":\"https:\\\/\\\/www.mexicanguitarplayers.com\\\/#website\"},\"primaryImageOfPage\":{\"@id\":\"https:\\\/\\\/www.mexicanguitarplayers.com\\\/tienda\\\/sin categor\u00eda\\\/pedal-meinl-percusion-mod-mps1\\\/#primaryimage\"},\"image\":{\"@id\":\"https:\\\/\\\/www.mexicanguitarplayers.com\\\/tienda\\\/sin categor\u00eda\\\/pedal-meinl-percusion-mod-mps1\\\/#primaryimage\"},\"thumbnailUrl\":\"https:\\\/\\\/www.mexicanguitarplayers.com\\\/wp-content\\\/uploads\\\/2025\\\/04\\\/VAMEIMPS1.jpg\",\"datePublished\":\"2025-04-09T14:50:15+00:00\",\"dateModified\":\"2026-04-10T10:18:07+00:00\",\"description\":\"Pedal de percusi\u00f3n, soluci\u00f3n para incorporar ritmo a tu m\u00fasica, se\u00f1al anal\u00f3gica que le da al pedal un sonido fuerte y natural, s\u00f3lido cuerpo de caoba, perfecto tanto para percusionistas, cantautores y multi-instrumentistas, se puede conectar a cualquier amplificador o PA, pastillas incorporadas sensibles a la velocidad, respuesta din\u00e1mica sin interrupciones, fondo antideslizante que mantiene el pedal en su lugar y evita la vibraci\u00f3n, pastillas piezoel\u00e9ctricas incorporadas con control de volumen, se\u00f1al anal\u00f3gica crea una se\u00f1al anal\u00f3gica pisando fuerte, conectores de entrada y salida de 1\\\/4\u201d.\",\"breadcrumb\":{\"@id\":\"https:\\\/\\\/www.mexicanguitarplayers.com\\\/tienda\\\/sin categor\u00eda\\\/pedal-meinl-percusion-mod-mps1\\\/#breadcrumb\"},\"inLanguage\":\"en-US\",\"potentialAction\":[{\"@type\":\"ReadAction\",\"target\":[\"https:\\\/\\\/www.mexicanguitarplayers.com\\\/tienda\\\/sin categor\u00eda\\\/pedal-meinl-percusion-mod-mps1\\\/\"]}]},{\"@type\":\"ImageObject\",\"inLanguage\":\"en-US\",\"@id\":\"https:\\\/\\\/www.mexicanguitarplayers.com\\\/tienda\\\/sin categor\u00eda\\\/pedal-meinl-percusion-mod-mps1\\\/#primaryimage\",\"url\":\"https:\\\/\\\/www.mexicanguitarplayers.com\\\/wp-content\\\/uploads\\\/2025\\\/04\\\/VAMEIMPS1.jpg\",\"contentUrl\":\"https:\\\/\\\/www.mexicanguitarplayers.com\\\/wp-content\\\/uploads\\\/2025\\\/04\\\/VAMEIMPS1.jpg\",\"width\":1200,\"height\":1200},{\"@type\":\"BreadcrumbList\",\"@id\":\"https:\\\/\\\/www.mexicanguitarplayers.com\\\/tienda\\\/sin categor\u00eda\\\/pedal-meinl-percusion-mod-mps1\\\/#breadcrumb\",\"itemListElement\":[{\"@type\":\"ListItem\",\"position\":1,\"name\":\"Portada\",\"item\":\"https:\\\/\\\/www.mexicanguitarplayers.com\\\/\"},{\"@type\":\"ListItem\",\"position\":2,\"name\":\"Tienda\",\"item\":\"https:\\\/\\\/www.mexicanguitarplayers.com\\\/tienda\\\/\"},{\"@type\":\"ListItem\",\"position\":3,\"name\":\"PEDAL MEINL PERCUSION MOD. MPS1\"}]},{\"@type\":\"WebSite\",\"@id\":\"https:\\\/\\\/www.mexicanguitarplayers.com\\\/#website\",\"url\":\"https:\\\/\\\/www.mexicanguitarplayers.com\\\/\",\"name\":\"Mexican Guitar Players\",\"description\":\"Website\",\"publisher\":{\"@id\":\"https:\\\/\\\/www.mexicanguitarplayers.com\\\/#organization\"},\"potentialAction\":[{\"@type\":\"SearchAction\",\"target\":{\"@type\":\"EntryPoint\",\"urlTemplate\":\"https:\\\/\\\/www.mexicanguitarplayers.com\\\/?s={search_term_string}\"},\"query-input\":{\"@type\":\"PropertyValueSpecification\",\"valueRequired\":true,\"valueName\":\"search_term_string\"}}],\"inLanguage\":\"en-US\"},{\"@type\":\"Organization\",\"@id\":\"https:\\\/\\\/www.mexicanguitarplayers.com\\\/#organization\",\"name\":\"Mexican Guitar Players\",\"url\":\"https:\\\/\\\/www.mexicanguitarplayers.com\\\/\",\"logo\":{\"@type\":\"ImageObject\",\"inLanguage\":\"en-US\",\"@id\":\"https:\\\/\\\/www.mexicanguitarplayers.com\\\/#\\\/schema\\\/logo\\\/image\\\/\",\"url\":\"\",\"contentUrl\":\"\",\"caption\":\"Mexican Guitar Players\"},\"image\":{\"@id\":\"https:\\\/\\\/www.mexicanguitarplayers.com\\\/#\\\/schema\\\/logo\\\/image\\\/\"}}]}<\/script>\n<!-- \/ Yoast SEO plugin. -->","yoast_head_json":{"title":"PEDAL MEINL PERCUSION MOD. MPS1 - Mexican Guitar Players","description":"Pedal de percusi\u00f3n, soluci\u00f3n para incorporar ritmo a tu m\u00fasica, se\u00f1al anal\u00f3gica que le da al pedal un sonido fuerte y natural, s\u00f3lido cuerpo de caoba, perfecto tanto para percusionistas, cantautores y multi-instrumentistas, se puede conectar a cualquier amplificador o PA, pastillas incorporadas sensibles a la velocidad, respuesta din\u00e1mica sin interrupciones, fondo antideslizante que mantiene el pedal en su lugar y evita la vibraci\u00f3n, pastillas piezoel\u00e9ctricas incorporadas con control de volumen, se\u00f1al anal\u00f3gica crea una se\u00f1al anal\u00f3gica pisando fuerte, conectores de entrada y salida de 1\/4\u201d.","robots":{"index":"index","follow":"follow","max-snippet":"max-snippet:-1","max-image-preview":"max-image-preview:large","max-video-preview":"max-video-preview:-1"},"canonical":"https:\/\/www.mexicanguitarplayers.com\/en\/tienda\/sin categor\u00eda\/pedal-meinl-percusion-mod-mps1\/","og_locale":"en_US","og_type":"article","og_title":"PEDAL MEINL PERCUSION MOD. MPS1 - Mexican Guitar Players","og_description":"Pedal de percusi\u00f3n, soluci\u00f3n para incorporar ritmo a tu m\u00fasica, se\u00f1al anal\u00f3gica que le da al pedal un sonido fuerte y natural, s\u00f3lido cuerpo de caoba, perfecto tanto para percusionistas, cantautores y multi-instrumentistas, se puede conectar a cualquier amplificador o PA, pastillas incorporadas sensibles a la velocidad, respuesta din\u00e1mica sin interrupciones, fondo antideslizante que mantiene el pedal en su lugar y evita la vibraci\u00f3n, pastillas piezoel\u00e9ctricas incorporadas con control de volumen, se\u00f1al anal\u00f3gica crea una se\u00f1al anal\u00f3gica pisando fuerte, conectores de entrada y salida de 1\/4\u201d.","og_url":"https:\/\/www.mexicanguitarplayers.com\/en\/tienda\/sin categor\u00eda\/pedal-meinl-percusion-mod-mps1\/","og_site_name":"Mexican Guitar Players","article_modified_time":"2026-04-10T10:18:07+00:00","twitter_card":"summary_large_image","twitter_misc":{"Est. reading time":"1 minute"},"schema":{"@context":"https:\/\/schema.org","@graph":[{"@type":["WebPage","ItemPage"],"@id":"https:\/\/www.mexicanguitarplayers.com\/tienda\/sin categor\u00eda\/pedal-meinl-percusion-mod-mps1\/","url":"https:\/\/www.mexicanguitarplayers.com\/tienda\/sin categor\u00eda\/pedal-meinl-percusion-mod-mps1\/","name":"PEDAL MEINL PERCUSION MOD. MPS1 - Mexican Guitar Players","isPartOf":{"@id":"https:\/\/www.mexicanguitarplayers.com\/#website"},"primaryImageOfPage":{"@id":"https:\/\/www.mexicanguitarplayers.com\/tienda\/sin categor\u00eda\/pedal-meinl-percusion-mod-mps1\/#primaryimage"},"image":{"@id":"https:\/\/www.mexicanguitarplayers.com\/tienda\/sin categor\u00eda\/pedal-meinl-percusion-mod-mps1\/#primaryimage"},"thumbnailUrl":"https:\/\/www.mexicanguitarplayers.com\/wp-content\/uploads\/2025\/04\/VAMEIMPS1.jpg","datePublished":"2025-04-09T14:50:15+00:00","dateModified":"2026-04-10T10:18:07+00:00","description":"Pedal de percusi\u00f3n, soluci\u00f3n para incorporar ritmo a tu m\u00fasica, se\u00f1al anal\u00f3gica que le da al pedal un sonido fuerte y natural, s\u00f3lido cuerpo de caoba, perfecto tanto para percusionistas, cantautores y multi-instrumentistas, se puede conectar a cualquier amplificador o PA, pastillas incorporadas sensibles a la velocidad, respuesta din\u00e1mica sin interrupciones, fondo antideslizante que mantiene el pedal en su lugar y evita la vibraci\u00f3n, pastillas piezoel\u00e9ctricas incorporadas con control de volumen, se\u00f1al anal\u00f3gica crea una se\u00f1al anal\u00f3gica pisando fuerte, conectores de entrada y salida de 1\/4\u201d.","breadcrumb":{"@id":"https:\/\/www.mexicanguitarplayers.com\/tienda\/sin categor\u00eda\/pedal-meinl-percusion-mod-mps1\/#breadcrumb"},"inLanguage":"en-US","potentialAction":[{"@type":"ReadAction","target":["https:\/\/www.mexicanguitarplayers.com\/tienda\/sin categor\u00eda\/pedal-meinl-percusion-mod-mps1\/"]}]},{"@type":"ImageObject","inLanguage":"en-US","@id":"https:\/\/www.mexicanguitarplayers.com\/tienda\/sin categor\u00eda\/pedal-meinl-percusion-mod-mps1\/#primaryimage","url":"https:\/\/www.mexicanguitarplayers.com\/wp-content\/uploads\/2025\/04\/VAMEIMPS1.jpg","contentUrl":"https:\/\/www.mexicanguitarplayers.com\/wp-content\/uploads\/2025\/04\/VAMEIMPS1.jpg","width":1200,"height":1200},{"@type":"BreadcrumbList","@id":"https:\/\/www.mexicanguitarplayers.com\/tienda\/sin categor\u00eda\/pedal-meinl-percusion-mod-mps1\/#breadcrumb","itemListElement":[{"@type":"ListItem","position":1,"name":"Portada","item":"https:\/\/www.mexicanguitarplayers.com\/"},{"@type":"ListItem","position":2,"name":"Tienda","item":"https:\/\/www.mexicanguitarplayers.com\/tienda\/"},{"@type":"ListItem","position":3,"name":"PEDAL MEINL PERCUSION MOD. MPS1"}]},{"@type":"WebSite","@id":"https:\/\/www.mexicanguitarplayers.com\/#website","url":"https:\/\/www.mexicanguitarplayers.com\/","name":"Mexican Guitar Players","description":"Website","publisher":{"@id":"https:\/\/www.mexicanguitarplayers.com\/#organization"},"potentialAction":[{"@type":"SearchAction","target":{"@type":"EntryPoint","urlTemplate":"https:\/\/www.mexicanguitarplayers.com\/?s={search_term_string}"},"query-input":{"@type":"PropertyValueSpecification","valueRequired":true,"valueName":"search_term_string"}}],"inLanguage":"en-US"},{"@type":"Organization","@id":"https:\/\/www.mexicanguitarplayers.com\/#organization","name":"Mexican Guitar Players","url":"https:\/\/www.mexicanguitarplayers.com\/","logo":{"@type":"ImageObject","inLanguage":"en-US","@id":"https:\/\/www.mexicanguitarplayers.com\/#\/schema\/logo\/image\/","url":"","contentUrl":"","caption":"Mexican Guitar Players"},"image":{"@id":"https:\/\/www.mexicanguitarplayers.com\/#\/schema\/logo\/image\/"}}]}},"brands":[{"id":290,"name":"MEINL","slug":"meinl"}],"_links":{"self":[{"href":"https:\/\/www.mexicanguitarplayers.com\/en\/wp-json\/wp\/v2\/product\/41524","targetHints":{"allow":["GET"]}}],"collection":[{"href":"https:\/\/www.mexicanguitarplayers.com\/en\/wp-json\/wp\/v2\/product"}],"about":[{"href":"https:\/\/www.mexicanguitarplayers.com\/en\/wp-json\/wp\/v2\/types\/product"}],"replies":[{"embeddable":true,"href":"https:\/\/www.mexicanguitarplayers.com\/en\/wp-json\/wp\/v2\/comments?post=41524"}],"wp:featuredmedia":[{"embeddable":true,"href":"https:\/\/www.mexicanguitarplayers.com\/en\/wp-json\/wp\/v2\/media\/41518"}],"wp:attachment":[{"href":"https:\/\/www.mexicanguitarplayers.com\/en\/wp-json\/wp\/v2\/media?parent=41524"}],"wp:term":[{"taxonomy":"pwb-brand","embeddable":true,"href":"https:\/\/www.mexicanguitarplayers.com\/en\/wp-json\/wp\/v2\/pwb-brand?post=41524"},{"taxonomy":"product_brand","embeddable":true,"href":"https:\/\/www.mexicanguitarplayers.com\/en\/wp-json\/wp\/v2\/product_brand?post=41524"},{"taxonomy":"product_cat","embeddable":true,"href":"https:\/\/www.mexicanguitarplayers.com\/en\/wp-json\/wp\/v2\/product_cat?post=41524"},{"taxonomy":"product_tag","embeddable":true,"href":"https:\/\/www.mexicanguitarplayers.com\/en\/wp-json\/wp\/v2\/product_tag?post=41524"}],"curies":[{"name":"wp","href":"https:\/\/api.w.org\/{rel}","templated":true}]}}