{"id":41528,"date":"2025-04-09T08:50:21","date_gmt":"2025-04-09T14:50:21","guid":{"rendered":"https:\/\/www.mexicanguitarplayers.com\/tienda\/sin categor\u00eda\/pastillas-sd-juego-holcomb-ss-7st\/"},"modified":"2026-04-10T04:18:07","modified_gmt":"2026-04-10T10:18:07","slug":"pastillas-sd-juego-holcomb-ss-7st","status":"publish","type":"product","link":"https:\/\/www.mexicanguitarplayers.com\/en\/tienda\/accesorios\/para-guitarras\/pastillas-para-guitarra-electrica\/pastillas-sd-juego-holcomb-ss-7st\/","title":{"rendered":"PASTILLAS SD JUEGO HOLCOMB SS 7ST"},"content":{"rendered":"<div style=\"text-align: justify\">\n<div>\n<h3>SIGNATURE MARK HOLCOMB PASSIVE HUMBUCKER PICKUPS Mark Holcomb Scarlet &amp; Scourge<\/h3>\n<\/div>\n<div>Scarlet cuenta con un im\u00e1n de cer\u00e1mica, con una salida calibrada para la definici\u00f3n de notas, mientras que el Scourge cargado con Alnico 8 proporciona un rango medio moderno y de gama baja.<\/div>\n<div>\n<h4>Characteristics<\/h4>\n<\/div>\n<div>\n<ul style=\"margin: 0px 0px 0px 25px\">\n<li style=\"list-style-type: circle;margin: 5px\">RCD<\/li>\n<li style=\"list-style-type: circle;margin: 5px\">Im\u00e1n<\/li>\n<li style=\"list-style-type: circle;margin: 5px\">Cable<\/li>\n<li style=\"list-style-type: circle;margin: 5px\">Kind<\/li>\n<\/ul>\n<\/div>\n<\/div>","protected":false},"excerpt":{"rendered":"<p>El sonido de Scarlet &amp; Scourge se inspir\u00f3 en la tecnolog\u00eda de modelado de amplificadores de alta ganancia. Scarlet presenta un im\u00e1n de cer\u00e1mica, pero con una salida calibrada para la definici\u00f3n de notas en aplicaciones limpias y de ganancia media. El Scourge, con su im\u00e1n Alnico 8, proporciona el rango medio enfocado y de gama baja necesario para anclar el sonido moderno de Mark.&hellip; <a class=\"kt-excerpt-readmore more-link\" href=\"https:\/\/www.mexicanguitarplayers.com\/en\/tienda\/accesorios\/para-guitarras\/pastillas-para-guitarra-electrica\/pastillas-sd-juego-holcomb-ss-7st\/\">Read more<\/a><\/p>","protected":false},"featured_media":41525,"comment_status":"open","ping_status":"closed","template":"","meta":{"kt_blocks_editor_width":""},"pwb-brand":[502],"product_brand":[],"product_cat":[85,336,353],"product_tag":[],"class_list":{"0":"post-41528","1":"product","2":"type-product","3":"status-publish","4":"has-post-thumbnail","6":"pwb-brand-seymour-duncan","7":"product_cat-accesorios","8":"product_cat-para-guitarras","9":"product_cat-pastillas-para-guitarra-electrica","10":"product_shipping_class-0-5-kg","12":"first","13":"outofstock","14":"taxable","15":"shipping-taxable","16":"purchasable","17":"product-type-simple"},"yoast_head":"<!-- This site is optimized with the Yoast SEO plugin v27.6 - https:\/\/yoast.com\/product\/yoast-seo-wordpress\/ -->\n<title>PASTILLAS SD JUEGO HOLCOMB SS 7ST - Mexican Guitar Players<\/title>\n<meta name=\"description\" content=\"El sonido de Scarlet &amp; Scourge se inspir\u00f3 en la tecnolog\u00eda de modelado de amplificadores de alta ganancia. Scarlet presenta un im\u00e1n de cer\u00e1mica, pero con una salida calibrada para la definici\u00f3n de notas en aplicaciones limpias y de ganancia media. El Scourge, con su im\u00e1n Alnico 8, proporciona el rango medio enfocado y de gama baja necesario para anclar el sonido moderno de Mark.\" \/>\n<meta name=\"robots\" content=\"index, follow, max-snippet:-1, max-image-preview:large, max-video-preview:-1\" \/>\n<link rel=\"canonical\" href=\"https:\/\/www.mexicanguitarplayers.com\/en\/tienda\/sin%20categor\u00eda\/pastillas-sd-juego-holcomb-ss-7st\/\" \/>\n<meta property=\"og:locale\" content=\"en_US\" \/>\n<meta property=\"og:type\" content=\"article\" \/>\n<meta property=\"og:title\" content=\"PASTILLAS SD JUEGO HOLCOMB SS 7ST - Mexican Guitar Players\" \/>\n<meta property=\"og:description\" content=\"El sonido de Scarlet &amp; Scourge se inspir\u00f3 en la tecnolog\u00eda de modelado de amplificadores de alta ganancia. Scarlet presenta un im\u00e1n de cer\u00e1mica, pero con una salida calibrada para la definici\u00f3n de notas en aplicaciones limpias y de ganancia media. El Scourge, con su im\u00e1n Alnico 8, proporciona el rango medio enfocado y de gama baja necesario para anclar el sonido moderno de Mark.\" \/>\n<meta property=\"og:url\" content=\"https:\/\/www.mexicanguitarplayers.com\/en\/tienda\/sin categor\u00eda\/pastillas-sd-juego-holcomb-ss-7st\/\" \/>\n<meta property=\"og:site_name\" content=\"Mexican Guitar Players\" \/>\n<meta property=\"article:modified_time\" content=\"2026-04-10T10:18:07+00:00\" \/>\n<meta name=\"twitter:card\" content=\"summary_large_image\" \/>\n<script type=\"application\/ld+json\" class=\"yoast-schema-graph\">{\"@context\":\"https:\\\/\\\/schema.org\",\"@graph\":[{\"@type\":[\"WebPage\",\"ItemPage\"],\"@id\":\"https:\\\/\\\/www.mexicanguitarplayers.com\\\/tienda\\\/sin categor\u00eda\\\/pastillas-sd-juego-holcomb-ss-7st\\\/\",\"url\":\"https:\\\/\\\/www.mexicanguitarplayers.com\\\/tienda\\\/sin categor\u00eda\\\/pastillas-sd-juego-holcomb-ss-7st\\\/\",\"name\":\"PASTILLAS SD JUEGO HOLCOMB SS 7ST - Mexican Guitar Players\",\"isPartOf\":{\"@id\":\"https:\\\/\\\/www.mexicanguitarplayers.com\\\/#website\"},\"primaryImageOfPage\":{\"@id\":\"https:\\\/\\\/www.mexicanguitarplayers.com\\\/tienda\\\/sin categor\u00eda\\\/pastillas-sd-juego-holcomb-ss-7st\\\/#primaryimage\"},\"image\":{\"@id\":\"https:\\\/\\\/www.mexicanguitarplayers.com\\\/tienda\\\/sin categor\u00eda\\\/pastillas-sd-juego-holcomb-ss-7st\\\/#primaryimage\"},\"thumbnailUrl\":\"https:\\\/\\\/www.mexicanguitarplayers.com\\\/wp-content\\\/uploads\\\/2025\\\/04\\\/RASEOHOLCOBS7S.jpg\",\"datePublished\":\"2025-04-09T14:50:21+00:00\",\"dateModified\":\"2026-04-10T10:18:07+00:00\",\"description\":\"El sonido de Scarlet &amp; Scourge se inspir\u00f3 en la tecnolog\u00eda de modelado de amplificadores de alta ganancia. Scarlet presenta un im\u00e1n de cer\u00e1mica, pero con una salida calibrada para la definici\u00f3n de notas en aplicaciones limpias y de ganancia media. El Scourge, con su im\u00e1n Alnico 8, proporciona el rango medio enfocado y de gama baja necesario para anclar el sonido moderno de Mark.\",\"breadcrumb\":{\"@id\":\"https:\\\/\\\/www.mexicanguitarplayers.com\\\/tienda\\\/sin categor\u00eda\\\/pastillas-sd-juego-holcomb-ss-7st\\\/#breadcrumb\"},\"inLanguage\":\"en-US\",\"potentialAction\":[{\"@type\":\"ReadAction\",\"target\":[\"https:\\\/\\\/www.mexicanguitarplayers.com\\\/tienda\\\/sin categor\u00eda\\\/pastillas-sd-juego-holcomb-ss-7st\\\/\"]}]},{\"@type\":\"ImageObject\",\"inLanguage\":\"en-US\",\"@id\":\"https:\\\/\\\/www.mexicanguitarplayers.com\\\/tienda\\\/sin categor\u00eda\\\/pastillas-sd-juego-holcomb-ss-7st\\\/#primaryimage\",\"url\":\"https:\\\/\\\/www.mexicanguitarplayers.com\\\/wp-content\\\/uploads\\\/2025\\\/04\\\/RASEOHOLCOBS7S.jpg\",\"contentUrl\":\"https:\\\/\\\/www.mexicanguitarplayers.com\\\/wp-content\\\/uploads\\\/2025\\\/04\\\/RASEOHOLCOBS7S.jpg\",\"width\":1200,\"height\":1200},{\"@type\":\"BreadcrumbList\",\"@id\":\"https:\\\/\\\/www.mexicanguitarplayers.com\\\/tienda\\\/sin categor\u00eda\\\/pastillas-sd-juego-holcomb-ss-7st\\\/#breadcrumb\",\"itemListElement\":[{\"@type\":\"ListItem\",\"position\":1,\"name\":\"Portada\",\"item\":\"https:\\\/\\\/www.mexicanguitarplayers.com\\\/\"},{\"@type\":\"ListItem\",\"position\":2,\"name\":\"Tienda\",\"item\":\"https:\\\/\\\/www.mexicanguitarplayers.com\\\/tienda\\\/\"},{\"@type\":\"ListItem\",\"position\":3,\"name\":\"PASTILLAS SD JUEGO HOLCOMB SS 7ST\"}]},{\"@type\":\"WebSite\",\"@id\":\"https:\\\/\\\/www.mexicanguitarplayers.com\\\/#website\",\"url\":\"https:\\\/\\\/www.mexicanguitarplayers.com\\\/\",\"name\":\"Mexican Guitar Players\",\"description\":\"Website\",\"publisher\":{\"@id\":\"https:\\\/\\\/www.mexicanguitarplayers.com\\\/#organization\"},\"potentialAction\":[{\"@type\":\"SearchAction\",\"target\":{\"@type\":\"EntryPoint\",\"urlTemplate\":\"https:\\\/\\\/www.mexicanguitarplayers.com\\\/?s={search_term_string}\"},\"query-input\":{\"@type\":\"PropertyValueSpecification\",\"valueRequired\":true,\"valueName\":\"search_term_string\"}}],\"inLanguage\":\"en-US\"},{\"@type\":\"Organization\",\"@id\":\"https:\\\/\\\/www.mexicanguitarplayers.com\\\/#organization\",\"name\":\"Mexican Guitar Players\",\"url\":\"https:\\\/\\\/www.mexicanguitarplayers.com\\\/\",\"logo\":{\"@type\":\"ImageObject\",\"inLanguage\":\"en-US\",\"@id\":\"https:\\\/\\\/www.mexicanguitarplayers.com\\\/#\\\/schema\\\/logo\\\/image\\\/\",\"url\":\"\",\"contentUrl\":\"\",\"caption\":\"Mexican Guitar Players\"},\"image\":{\"@id\":\"https:\\\/\\\/www.mexicanguitarplayers.com\\\/#\\\/schema\\\/logo\\\/image\\\/\"}}]}<\/script>\n<!-- \/ Yoast SEO plugin. -->","yoast_head_json":{"title":"PASTILLAS SD JUEGO HOLCOMB SS 7ST - Mexican Guitar Players","description":"El sonido de Scarlet &amp; Scourge se inspir\u00f3 en la tecnolog\u00eda de modelado de amplificadores de alta ganancia. Scarlet presenta un im\u00e1n de cer\u00e1mica, pero con una salida calibrada para la definici\u00f3n de notas en aplicaciones limpias y de ganancia media. El Scourge, con su im\u00e1n Alnico 8, proporciona el rango medio enfocado y de gama baja necesario para anclar el sonido moderno de Mark.","robots":{"index":"index","follow":"follow","max-snippet":"max-snippet:-1","max-image-preview":"max-image-preview:large","max-video-preview":"max-video-preview:-1"},"canonical":"https:\/\/www.mexicanguitarplayers.com\/en\/tienda\/sin categor\u00eda\/pastillas-sd-juego-holcomb-ss-7st\/","og_locale":"en_US","og_type":"article","og_title":"PASTILLAS SD JUEGO HOLCOMB SS 7ST - Mexican Guitar Players","og_description":"El sonido de Scarlet &amp; Scourge se inspir\u00f3 en la tecnolog\u00eda de modelado de amplificadores de alta ganancia. Scarlet presenta un im\u00e1n de cer\u00e1mica, pero con una salida calibrada para la definici\u00f3n de notas en aplicaciones limpias y de ganancia media. El Scourge, con su im\u00e1n Alnico 8, proporciona el rango medio enfocado y de gama baja necesario para anclar el sonido moderno de Mark.","og_url":"https:\/\/www.mexicanguitarplayers.com\/en\/tienda\/sin categor\u00eda\/pastillas-sd-juego-holcomb-ss-7st\/","og_site_name":"Mexican Guitar Players","article_modified_time":"2026-04-10T10:18:07+00:00","twitter_card":"summary_large_image","schema":{"@context":"https:\/\/schema.org","@graph":[{"@type":["WebPage","ItemPage"],"@id":"https:\/\/www.mexicanguitarplayers.com\/tienda\/sin categor\u00eda\/pastillas-sd-juego-holcomb-ss-7st\/","url":"https:\/\/www.mexicanguitarplayers.com\/tienda\/sin categor\u00eda\/pastillas-sd-juego-holcomb-ss-7st\/","name":"PASTILLAS SD JUEGO HOLCOMB SS 7ST - Mexican Guitar Players","isPartOf":{"@id":"https:\/\/www.mexicanguitarplayers.com\/#website"},"primaryImageOfPage":{"@id":"https:\/\/www.mexicanguitarplayers.com\/tienda\/sin categor\u00eda\/pastillas-sd-juego-holcomb-ss-7st\/#primaryimage"},"image":{"@id":"https:\/\/www.mexicanguitarplayers.com\/tienda\/sin categor\u00eda\/pastillas-sd-juego-holcomb-ss-7st\/#primaryimage"},"thumbnailUrl":"https:\/\/www.mexicanguitarplayers.com\/wp-content\/uploads\/2025\/04\/RASEOHOLCOBS7S.jpg","datePublished":"2025-04-09T14:50:21+00:00","dateModified":"2026-04-10T10:18:07+00:00","description":"El sonido de Scarlet &amp; Scourge se inspir\u00f3 en la tecnolog\u00eda de modelado de amplificadores de alta ganancia. Scarlet presenta un im\u00e1n de cer\u00e1mica, pero con una salida calibrada para la definici\u00f3n de notas en aplicaciones limpias y de ganancia media. El Scourge, con su im\u00e1n Alnico 8, proporciona el rango medio enfocado y de gama baja necesario para anclar el sonido moderno de Mark.","breadcrumb":{"@id":"https:\/\/www.mexicanguitarplayers.com\/tienda\/sin categor\u00eda\/pastillas-sd-juego-holcomb-ss-7st\/#breadcrumb"},"inLanguage":"en-US","potentialAction":[{"@type":"ReadAction","target":["https:\/\/www.mexicanguitarplayers.com\/tienda\/sin categor\u00eda\/pastillas-sd-juego-holcomb-ss-7st\/"]}]},{"@type":"ImageObject","inLanguage":"en-US","@id":"https:\/\/www.mexicanguitarplayers.com\/tienda\/sin categor\u00eda\/pastillas-sd-juego-holcomb-ss-7st\/#primaryimage","url":"https:\/\/www.mexicanguitarplayers.com\/wp-content\/uploads\/2025\/04\/RASEOHOLCOBS7S.jpg","contentUrl":"https:\/\/www.mexicanguitarplayers.com\/wp-content\/uploads\/2025\/04\/RASEOHOLCOBS7S.jpg","width":1200,"height":1200},{"@type":"BreadcrumbList","@id":"https:\/\/www.mexicanguitarplayers.com\/tienda\/sin categor\u00eda\/pastillas-sd-juego-holcomb-ss-7st\/#breadcrumb","itemListElement":[{"@type":"ListItem","position":1,"name":"Portada","item":"https:\/\/www.mexicanguitarplayers.com\/"},{"@type":"ListItem","position":2,"name":"Tienda","item":"https:\/\/www.mexicanguitarplayers.com\/tienda\/"},{"@type":"ListItem","position":3,"name":"PASTILLAS SD JUEGO HOLCOMB SS 7ST"}]},{"@type":"WebSite","@id":"https:\/\/www.mexicanguitarplayers.com\/#website","url":"https:\/\/www.mexicanguitarplayers.com\/","name":"Mexican Guitar Players","description":"Website","publisher":{"@id":"https:\/\/www.mexicanguitarplayers.com\/#organization"},"potentialAction":[{"@type":"SearchAction","target":{"@type":"EntryPoint","urlTemplate":"https:\/\/www.mexicanguitarplayers.com\/?s={search_term_string}"},"query-input":{"@type":"PropertyValueSpecification","valueRequired":true,"valueName":"search_term_string"}}],"inLanguage":"en-US"},{"@type":"Organization","@id":"https:\/\/www.mexicanguitarplayers.com\/#organization","name":"Mexican Guitar Players","url":"https:\/\/www.mexicanguitarplayers.com\/","logo":{"@type":"ImageObject","inLanguage":"en-US","@id":"https:\/\/www.mexicanguitarplayers.com\/#\/schema\/logo\/image\/","url":"","contentUrl":"","caption":"Mexican Guitar Players"},"image":{"@id":"https:\/\/www.mexicanguitarplayers.com\/#\/schema\/logo\/image\/"}}]}},"brands":[{"id":502,"name":"SEYMOUR DUNCAN","slug":"seymour-duncan"}],"_links":{"self":[{"href":"https:\/\/www.mexicanguitarplayers.com\/en\/wp-json\/wp\/v2\/product\/41528","targetHints":{"allow":["GET"]}}],"collection":[{"href":"https:\/\/www.mexicanguitarplayers.com\/en\/wp-json\/wp\/v2\/product"}],"about":[{"href":"https:\/\/www.mexicanguitarplayers.com\/en\/wp-json\/wp\/v2\/types\/product"}],"replies":[{"embeddable":true,"href":"https:\/\/www.mexicanguitarplayers.com\/en\/wp-json\/wp\/v2\/comments?post=41528"}],"wp:featuredmedia":[{"embeddable":true,"href":"https:\/\/www.mexicanguitarplayers.com\/en\/wp-json\/wp\/v2\/media\/41525"}],"wp:attachment":[{"href":"https:\/\/www.mexicanguitarplayers.com\/en\/wp-json\/wp\/v2\/media?parent=41528"}],"wp:term":[{"taxonomy":"pwb-brand","embeddable":true,"href":"https:\/\/www.mexicanguitarplayers.com\/en\/wp-json\/wp\/v2\/pwb-brand?post=41528"},{"taxonomy":"product_brand","embeddable":true,"href":"https:\/\/www.mexicanguitarplayers.com\/en\/wp-json\/wp\/v2\/product_brand?post=41528"},{"taxonomy":"product_cat","embeddable":true,"href":"https:\/\/www.mexicanguitarplayers.com\/en\/wp-json\/wp\/v2\/product_cat?post=41528"},{"taxonomy":"product_tag","embeddable":true,"href":"https:\/\/www.mexicanguitarplayers.com\/en\/wp-json\/wp\/v2\/product_tag?post=41528"}],"curies":[{"name":"wp","href":"https:\/\/api.w.org\/{rel}","templated":true}]}}