{"id":41530,"date":"2025-04-09T08:50:24","date_gmt":"2025-04-09T14:50:24","guid":{"rendered":"https:\/\/www.mexicanguitarplayers.com\/tienda\/sin categor\u00eda\/cuerdas-d-addario-mod-j813-4-4m\/"},"modified":"2026-05-01T07:16:44","modified_gmt":"2026-05-01T13:16:44","slug":"cuerdas-d-addario-mod-j813-4-4m","status":"publish","type":"product","link":"https:\/\/www.mexicanguitarplayers.com\/en\/tienda\/accesorios\/para-guitarras\/cuerdas-y-encordaduras\/cuerdas-d-addario-mod-j813-4-4m\/","title":{"rendered":"CUERDAS D ADDARIO    MOD. J813 4\/4M"},"content":{"rendered":"<div style=\"text-align: justify\">\n<div>\n<h3>Ideal para estudiantes.<\/h3>\n<\/div>\n<div>est\u00e1n optimizadas para satisfacer las necesidades de la mayor\u00eda de los m\u00fasicos. La cuerda Re est\u00e1 entorchada en n\u00edquel. Se ofrecen en estuches sellados de dise\u00f1o exclusivo que proporcionan protecci\u00f3n inigualable contra los elementos que causan corrosi\u00f3n. Las cuerdas para viol\u00edn Prelude est\u00e1n fabricadas con un n\u00facleo de acero s\u00f3lido.   Inalteradas por los cambios de temperatura y humedad, ofrecen una excelente respuesta del arco. Las cuerdas Prelude emiten el sonido m\u00e1s c\u00e1lido disponible en un dise\u00f1o de cuerda econ\u00f3mico con n\u00facleo de acero s\u00f3lido. Prelude es la opci\u00f3n de cuerdas preferida por los profesores de m\u00fasica para sus estudiantes por la combinaci\u00f3n exclusiva de tono c\u00e1lido, durabilidad y valor que ofrecen. D&#8217;Addario es la marca de cuerdas para instrumento m\u00e1s vendida del mundo. Sus productos son el resultado de m\u00e1s de un siglo de investigaci\u00f3n y desarrollo y son instaladas como equipo de serie en las mejores marcas de instrumentos. La pureza de sus materiales y la maquinaria de alta tecnolog\u00eda empleadas en la fabricaci\u00f3n de sus productos hacen de D&#8217;Addario la marca preferida por los m\u00fasicos m\u00e1s relevantes de la actualidad. Todas las encordaduras D&#8217;Addario vienen en empaques sellados con un gas especial que previene la corrosi\u00f3n y son amigables con el medio ambiente.<\/div>\n<div>\n<h4>Quick look<\/h4>\n<\/div>\n<ul style=\"margin: 0px 0px 0px 25px\">\n<li style=\"list-style-type: circle;margin: 5px\">N\u00facleo de acero s\u00f3lido y entorchado de niquel.<\/li>\n<li style=\"list-style-type: circle;margin: 5px\">Ecological packaging.<\/li>\n<li style=\"list-style-type: circle;margin: 5px\">Ideal para estudiantes.<\/li>\n<\/ul>\n<div>\n<div style=\"font-weight: bold\">N\u00facleo de acero s\u00f3lido y entorchado de niquel.<\/div>\n<div>\n<p>Para obtener las mejores ventajas de una cuerda primera.<\/p>\n<\/div>\n<div style=\"font-weight: bold\">Ecological packaging.<\/div>\n<div>\n<p>Ecological and corrosion resistant package to preserve the freshness of the strings.<\/p>\n<\/div>\n<div style=\"font-weight: bold\">Ideal para estudiantes.<\/div>\n<div>\n<p>La opci\u00f3n de cuerdas preferida por los profesores de m\u00fasica para sus estudiantes por la combinaci\u00f3n exclusiva de tono c\u00e1lido, valor y durabilidad que ofrecen.<\/p>\n<\/div>\n<\/div>\n<div>\n<h4>Characteristics<\/h4>\n<\/div>\n<div>\n<ul style=\"margin: 0px 0px 0px 25px\">\n<li style=\"list-style-type: circle;margin: 5px\">Afinaci\u00f3n estable.<\/li>\n<li style=\"list-style-type: circle;margin: 5px\">Tensi\u00f3n mediana.<\/li>\n<li style=\"list-style-type: circle;margin: 5px\">Fabricado en USA.<\/li>\n<\/ul>\n<\/div>\n<\/div>","protected":false},"excerpt":{"rendered":"<p>Cuerda individual Re para viol\u00edn, serie Prelude de D&#8217;Addario, escala 4\/4, tensi\u00f3n media, apta para violines de 4\/4 con una longitud de 13\u201d pulgadas (328 mm), entorchada en n\u00edquel, n\u00facleo de acero s\u00f3lido, inalteradas por los cambios de temperatura y humedad, excelente respuesta del arco, sonido c\u00e1lido durable, paquete ecol\u00f3gico y resistente a la corrosi\u00f3n para conservar la frescura de las cuerdas.&hellip; <a class=\"kt-excerpt-readmore more-link\" href=\"https:\/\/www.mexicanguitarplayers.com\/en\/tienda\/accesorios\/para-guitarras\/cuerdas-y-encordaduras\/cuerdas-d-addario-mod-j813-4-4m\/\">Read more<\/a><\/p>","protected":false},"featured_media":41529,"comment_status":"open","ping_status":"closed","template":"","meta":{"kt_blocks_editor_width":""},"pwb-brand":[347],"product_brand":[],"product_cat":[85,337,336],"product_tag":[],"class_list":{"0":"post-41530","1":"product","2":"type-product","3":"status-publish","4":"has-post-thumbnail","6":"pwb-brand-d-addario","7":"product_cat-accesorios","8":"product_cat-cuerdas-y-encordaduras","9":"product_cat-para-guitarras","10":"product_shipping_class-0-5-kg-cuerdas","12":"first","13":"instock","14":"taxable","15":"shipping-taxable","16":"purchasable","17":"product-type-simple"},"yoast_head":"<!-- This site is optimized with the Yoast SEO plugin v27.5 - https:\/\/yoast.com\/product\/yoast-seo-wordpress\/ -->\n<title>CUERDAS D ADDARIO  MOD. J813 4\/4M - Mexican Guitar Players<\/title>\n<meta name=\"description\" content=\"Cuerda individual Re para viol\u00edn, serie Prelude de D&#039;Addario, escala 4\/4, tensi\u00f3n media, apta para violines de 4\/4 con una longitud de 13\u201d pulgadas (328 mm), entorchada en n\u00edquel, n\u00facleo de acero s\u00f3lido, inalteradas por los cambios de temperatura y humedad, excelente respuesta del arco, sonido c\u00e1lido durable, paquete ecol\u00f3gico y resistente a la corrosi\u00f3n para conservar la frescura de las cuerdas.\" \/>\n<meta name=\"robots\" content=\"index, follow, max-snippet:-1, max-image-preview:large, max-video-preview:-1\" \/>\n<link rel=\"canonical\" href=\"https:\/\/www.mexicanguitarplayers.com\/en\/tienda\/sin%20categor\u00eda\/cuerdas-d-addario-mod-j813-4-4m\/\" \/>\n<meta property=\"og:locale\" content=\"en_US\" \/>\n<meta property=\"og:type\" content=\"article\" \/>\n<meta property=\"og:title\" content=\"CUERDAS D ADDARIO  MOD. J813 4\/4M - Mexican Guitar Players\" \/>\n<meta property=\"og:description\" content=\"Cuerda individual Re para viol\u00edn, serie Prelude de D&#039;Addario, escala 4\/4, tensi\u00f3n media, apta para violines de 4\/4 con una longitud de 13\u201d pulgadas (328 mm), entorchada en n\u00edquel, n\u00facleo de acero s\u00f3lido, inalteradas por los cambios de temperatura y humedad, excelente respuesta del arco, sonido c\u00e1lido durable, paquete ecol\u00f3gico y resistente a la corrosi\u00f3n para conservar la frescura de las cuerdas.\" \/>\n<meta property=\"og:url\" content=\"https:\/\/www.mexicanguitarplayers.com\/en\/tienda\/sin categor\u00eda\/cuerdas-d-addario-mod-j813-4-4m\/\" \/>\n<meta property=\"og:site_name\" content=\"Mexican Guitar Players\" \/>\n<meta property=\"article:modified_time\" content=\"2026-05-01T13:16:44+00:00\" \/>\n<meta name=\"twitter:card\" content=\"summary_large_image\" \/>\n<meta name=\"twitter:label1\" content=\"Est. reading time\" \/>\n\t<meta name=\"twitter:data1\" content=\"2 minutes\" \/>\n<script type=\"application\/ld+json\" class=\"yoast-schema-graph\">{\"@context\":\"https:\\\/\\\/schema.org\",\"@graph\":[{\"@type\":[\"WebPage\",\"ItemPage\"],\"@id\":\"https:\\\/\\\/www.mexicanguitarplayers.com\\\/tienda\\\/sin categor\u00eda\\\/cuerdas-d-addario-mod-j813-4-4m\\\/\",\"url\":\"https:\\\/\\\/www.mexicanguitarplayers.com\\\/tienda\\\/sin categor\u00eda\\\/cuerdas-d-addario-mod-j813-4-4m\\\/\",\"name\":\"CUERDAS D ADDARIO MOD. J813 4\\\/4M - Mexican Guitar Players\",\"isPartOf\":{\"@id\":\"https:\\\/\\\/www.mexicanguitarplayers.com\\\/#website\"},\"primaryImageOfPage\":{\"@id\":\"https:\\\/\\\/www.mexicanguitarplayers.com\\\/tienda\\\/sin categor\u00eda\\\/cuerdas-d-addario-mod-j813-4-4m\\\/#primaryimage\"},\"image\":{\"@id\":\"https:\\\/\\\/www.mexicanguitarplayers.com\\\/tienda\\\/sin categor\u00eda\\\/cuerdas-d-addario-mod-j813-4-4m\\\/#primaryimage\"},\"thumbnailUrl\":\"https:\\\/\\\/www.mexicanguitarplayers.com\\\/wp-content\\\/uploads\\\/2025\\\/04\\\/RADADJ81344M.jpg\",\"datePublished\":\"2025-04-09T14:50:24+00:00\",\"dateModified\":\"2026-05-01T13:16:44+00:00\",\"description\":\"Cuerda individual Re para viol\u00edn, serie Prelude de D'Addario, escala 4\\\/4, tensi\u00f3n media, apta para violines de 4\\\/4 con una longitud de 13\u201d pulgadas (328 mm), entorchada en n\u00edquel, n\u00facleo de acero s\u00f3lido, inalteradas por los cambios de temperatura y humedad, excelente respuesta del arco, sonido c\u00e1lido durable, paquete ecol\u00f3gico y resistente a la corrosi\u00f3n para conservar la frescura de las cuerdas.\",\"breadcrumb\":{\"@id\":\"https:\\\/\\\/www.mexicanguitarplayers.com\\\/tienda\\\/sin categor\u00eda\\\/cuerdas-d-addario-mod-j813-4-4m\\\/#breadcrumb\"},\"inLanguage\":\"en-US\",\"potentialAction\":[{\"@type\":\"ReadAction\",\"target\":[\"https:\\\/\\\/www.mexicanguitarplayers.com\\\/tienda\\\/sin categor\u00eda\\\/cuerdas-d-addario-mod-j813-4-4m\\\/\"]}]},{\"@type\":\"ImageObject\",\"inLanguage\":\"en-US\",\"@id\":\"https:\\\/\\\/www.mexicanguitarplayers.com\\\/tienda\\\/sin categor\u00eda\\\/cuerdas-d-addario-mod-j813-4-4m\\\/#primaryimage\",\"url\":\"https:\\\/\\\/www.mexicanguitarplayers.com\\\/wp-content\\\/uploads\\\/2025\\\/04\\\/RADADJ81344M.jpg\",\"contentUrl\":\"https:\\\/\\\/www.mexicanguitarplayers.com\\\/wp-content\\\/uploads\\\/2025\\\/04\\\/RADADJ81344M.jpg\",\"width\":1200,\"height\":1200},{\"@type\":\"BreadcrumbList\",\"@id\":\"https:\\\/\\\/www.mexicanguitarplayers.com\\\/tienda\\\/sin categor\u00eda\\\/cuerdas-d-addario-mod-j813-4-4m\\\/#breadcrumb\",\"itemListElement\":[{\"@type\":\"ListItem\",\"position\":1,\"name\":\"Portada\",\"item\":\"https:\\\/\\\/www.mexicanguitarplayers.com\\\/\"},{\"@type\":\"ListItem\",\"position\":2,\"name\":\"Tienda\",\"item\":\"https:\\\/\\\/www.mexicanguitarplayers.com\\\/tienda\\\/\"},{\"@type\":\"ListItem\",\"position\":3,\"name\":\"CUERDAS D ADDARIO MOD. J813 4\\\/4M\"}]},{\"@type\":\"WebSite\",\"@id\":\"https:\\\/\\\/www.mexicanguitarplayers.com\\\/#website\",\"url\":\"https:\\\/\\\/www.mexicanguitarplayers.com\\\/\",\"name\":\"Mexican Guitar Players\",\"description\":\"Website\",\"publisher\":{\"@id\":\"https:\\\/\\\/www.mexicanguitarplayers.com\\\/#organization\"},\"potentialAction\":[{\"@type\":\"SearchAction\",\"target\":{\"@type\":\"EntryPoint\",\"urlTemplate\":\"https:\\\/\\\/www.mexicanguitarplayers.com\\\/?s={search_term_string}\"},\"query-input\":{\"@type\":\"PropertyValueSpecification\",\"valueRequired\":true,\"valueName\":\"search_term_string\"}}],\"inLanguage\":\"en-US\"},{\"@type\":\"Organization\",\"@id\":\"https:\\\/\\\/www.mexicanguitarplayers.com\\\/#organization\",\"name\":\"Mexican Guitar Players\",\"url\":\"https:\\\/\\\/www.mexicanguitarplayers.com\\\/\",\"logo\":{\"@type\":\"ImageObject\",\"inLanguage\":\"en-US\",\"@id\":\"https:\\\/\\\/www.mexicanguitarplayers.com\\\/#\\\/schema\\\/logo\\\/image\\\/\",\"url\":\"\",\"contentUrl\":\"\",\"caption\":\"Mexican Guitar Players\"},\"image\":{\"@id\":\"https:\\\/\\\/www.mexicanguitarplayers.com\\\/#\\\/schema\\\/logo\\\/image\\\/\"}}]}<\/script>\n<!-- \/ Yoast SEO plugin. -->","yoast_head_json":{"title":"CUERDAS D ADDARIO  MOD. J813 4\/4M - Mexican Guitar Players","description":"Cuerda individual Re para viol\u00edn, serie Prelude de D'Addario, escala 4\/4, tensi\u00f3n media, apta para violines de 4\/4 con una longitud de 13\u201d pulgadas (328 mm), entorchada en n\u00edquel, n\u00facleo de acero s\u00f3lido, inalteradas por los cambios de temperatura y humedad, excelente respuesta del arco, sonido c\u00e1lido durable, paquete ecol\u00f3gico y resistente a la corrosi\u00f3n para conservar la frescura de las cuerdas.","robots":{"index":"index","follow":"follow","max-snippet":"max-snippet:-1","max-image-preview":"max-image-preview:large","max-video-preview":"max-video-preview:-1"},"canonical":"https:\/\/www.mexicanguitarplayers.com\/en\/tienda\/sin categor\u00eda\/cuerdas-d-addario-mod-j813-4-4m\/","og_locale":"en_US","og_type":"article","og_title":"CUERDAS D ADDARIO  MOD. J813 4\/4M - Mexican Guitar Players","og_description":"Cuerda individual Re para viol\u00edn, serie Prelude de D'Addario, escala 4\/4, tensi\u00f3n media, apta para violines de 4\/4 con una longitud de 13\u201d pulgadas (328 mm), entorchada en n\u00edquel, n\u00facleo de acero s\u00f3lido, inalteradas por los cambios de temperatura y humedad, excelente respuesta del arco, sonido c\u00e1lido durable, paquete ecol\u00f3gico y resistente a la corrosi\u00f3n para conservar la frescura de las cuerdas.","og_url":"https:\/\/www.mexicanguitarplayers.com\/en\/tienda\/sin categor\u00eda\/cuerdas-d-addario-mod-j813-4-4m\/","og_site_name":"Mexican Guitar Players","article_modified_time":"2026-05-01T13:16:44+00:00","twitter_card":"summary_large_image","twitter_misc":{"Est. reading time":"2 minutes"},"schema":{"@context":"https:\/\/schema.org","@graph":[{"@type":["WebPage","ItemPage"],"@id":"https:\/\/www.mexicanguitarplayers.com\/tienda\/sin categor\u00eda\/cuerdas-d-addario-mod-j813-4-4m\/","url":"https:\/\/www.mexicanguitarplayers.com\/tienda\/sin categor\u00eda\/cuerdas-d-addario-mod-j813-4-4m\/","name":"CUERDAS D ADDARIO MOD. J813 4\/4M - Mexican Guitar Players","isPartOf":{"@id":"https:\/\/www.mexicanguitarplayers.com\/#website"},"primaryImageOfPage":{"@id":"https:\/\/www.mexicanguitarplayers.com\/tienda\/sin categor\u00eda\/cuerdas-d-addario-mod-j813-4-4m\/#primaryimage"},"image":{"@id":"https:\/\/www.mexicanguitarplayers.com\/tienda\/sin categor\u00eda\/cuerdas-d-addario-mod-j813-4-4m\/#primaryimage"},"thumbnailUrl":"https:\/\/www.mexicanguitarplayers.com\/wp-content\/uploads\/2025\/04\/RADADJ81344M.jpg","datePublished":"2025-04-09T14:50:24+00:00","dateModified":"2026-05-01T13:16:44+00:00","description":"Cuerda individual Re para viol\u00edn, serie Prelude de D'Addario, escala 4\/4, tensi\u00f3n media, apta para violines de 4\/4 con una longitud de 13\u201d pulgadas (328 mm), entorchada en n\u00edquel, n\u00facleo de acero s\u00f3lido, inalteradas por los cambios de temperatura y humedad, excelente respuesta del arco, sonido c\u00e1lido durable, paquete ecol\u00f3gico y resistente a la corrosi\u00f3n para conservar la frescura de las cuerdas.","breadcrumb":{"@id":"https:\/\/www.mexicanguitarplayers.com\/tienda\/sin categor\u00eda\/cuerdas-d-addario-mod-j813-4-4m\/#breadcrumb"},"inLanguage":"en-US","potentialAction":[{"@type":"ReadAction","target":["https:\/\/www.mexicanguitarplayers.com\/tienda\/sin categor\u00eda\/cuerdas-d-addario-mod-j813-4-4m\/"]}]},{"@type":"ImageObject","inLanguage":"en-US","@id":"https:\/\/www.mexicanguitarplayers.com\/tienda\/sin categor\u00eda\/cuerdas-d-addario-mod-j813-4-4m\/#primaryimage","url":"https:\/\/www.mexicanguitarplayers.com\/wp-content\/uploads\/2025\/04\/RADADJ81344M.jpg","contentUrl":"https:\/\/www.mexicanguitarplayers.com\/wp-content\/uploads\/2025\/04\/RADADJ81344M.jpg","width":1200,"height":1200},{"@type":"BreadcrumbList","@id":"https:\/\/www.mexicanguitarplayers.com\/tienda\/sin categor\u00eda\/cuerdas-d-addario-mod-j813-4-4m\/#breadcrumb","itemListElement":[{"@type":"ListItem","position":1,"name":"Portada","item":"https:\/\/www.mexicanguitarplayers.com\/"},{"@type":"ListItem","position":2,"name":"Tienda","item":"https:\/\/www.mexicanguitarplayers.com\/tienda\/"},{"@type":"ListItem","position":3,"name":"CUERDAS D ADDARIO MOD. J813 4\/4M"}]},{"@type":"WebSite","@id":"https:\/\/www.mexicanguitarplayers.com\/#website","url":"https:\/\/www.mexicanguitarplayers.com\/","name":"Mexican Guitar Players","description":"Website","publisher":{"@id":"https:\/\/www.mexicanguitarplayers.com\/#organization"},"potentialAction":[{"@type":"SearchAction","target":{"@type":"EntryPoint","urlTemplate":"https:\/\/www.mexicanguitarplayers.com\/?s={search_term_string}"},"query-input":{"@type":"PropertyValueSpecification","valueRequired":true,"valueName":"search_term_string"}}],"inLanguage":"en-US"},{"@type":"Organization","@id":"https:\/\/www.mexicanguitarplayers.com\/#organization","name":"Mexican Guitar Players","url":"https:\/\/www.mexicanguitarplayers.com\/","logo":{"@type":"ImageObject","inLanguage":"en-US","@id":"https:\/\/www.mexicanguitarplayers.com\/#\/schema\/logo\/image\/","url":"","contentUrl":"","caption":"Mexican Guitar Players"},"image":{"@id":"https:\/\/www.mexicanguitarplayers.com\/#\/schema\/logo\/image\/"}}]}},"brands":[{"id":347,"name":"D ADDARIO","slug":"d-addario"}],"_links":{"self":[{"href":"https:\/\/www.mexicanguitarplayers.com\/en\/wp-json\/wp\/v2\/product\/41530","targetHints":{"allow":["GET"]}}],"collection":[{"href":"https:\/\/www.mexicanguitarplayers.com\/en\/wp-json\/wp\/v2\/product"}],"about":[{"href":"https:\/\/www.mexicanguitarplayers.com\/en\/wp-json\/wp\/v2\/types\/product"}],"replies":[{"embeddable":true,"href":"https:\/\/www.mexicanguitarplayers.com\/en\/wp-json\/wp\/v2\/comments?post=41530"}],"wp:featuredmedia":[{"embeddable":true,"href":"https:\/\/www.mexicanguitarplayers.com\/en\/wp-json\/wp\/v2\/media\/41529"}],"wp:attachment":[{"href":"https:\/\/www.mexicanguitarplayers.com\/en\/wp-json\/wp\/v2\/media?parent=41530"}],"wp:term":[{"taxonomy":"pwb-brand","embeddable":true,"href":"https:\/\/www.mexicanguitarplayers.com\/en\/wp-json\/wp\/v2\/pwb-brand?post=41530"},{"taxonomy":"product_brand","embeddable":true,"href":"https:\/\/www.mexicanguitarplayers.com\/en\/wp-json\/wp\/v2\/product_brand?post=41530"},{"taxonomy":"product_cat","embeddable":true,"href":"https:\/\/www.mexicanguitarplayers.com\/en\/wp-json\/wp\/v2\/product_cat?post=41530"},{"taxonomy":"product_tag","embeddable":true,"href":"https:\/\/www.mexicanguitarplayers.com\/en\/wp-json\/wp\/v2\/product_tag?post=41530"}],"curies":[{"name":"wp","href":"https:\/\/api.w.org\/{rel}","templated":true}]}}