{"id":41599,"date":"2025-04-09T08:52:10","date_gmt":"2025-04-09T14:52:10","guid":{"rendered":"https:\/\/www.mexicanguitarplayers.com\/tienda\/sin categor\u00eda\/estuche-skb-rack-removible-3i-2317m146u\/"},"modified":"2026-04-10T04:18:03","modified_gmt":"2026-04-10T10:18:03","slug":"estuche-skb-rack-removible-3i-2317m146u","status":"publish","type":"product","link":"https:\/\/www.mexicanguitarplayers.com\/en\/tienda\/accesorios\/estuches-y-fundas\/cases\/estuche-skb-rack-removible-3i-2317m146u\/","title":{"rendered":"ESTUCHE SKB RACK REMOVIBLE  3I-2317M146U"},"content":{"rendered":"<div style=\"text-align: justify\">\n<div>\n<h3>La mejor soluci\u00f3n.<\/h3>\n<\/div>\n<div>Con bastidores y racks moldeados por inyecci\u00f3n, nuestros Fly Racks impermeables mejorados son m\u00e1s livianos y m\u00e1s asequibles que los modelos anteriores, todos sin comprometer la resistencia ni la durabilidad. Los bastidores de rack moldeados por inyecci\u00f3n de SKB se fabrican junto con nuestros estuches iSeries en Orange, California. Los bastidores de rack se pueden quitar y encajan f\u00e1cilmente en los estuches iSeries de SKB, donde est\u00e1n protegidos por espuma PE de alta calidad que ofrece espacio para perillas y botones. Con menos de la mitad del peso de los racks est\u00e1ndar, los Fly Racks de SKB cuentan con estuches moldeados por inyecci\u00f3n iSeries a prueba de agua que miden menos de 62&#8243; pulgadas lineales para evitar el exceso de tama\u00f1o: la soluci\u00f3n perfecta para volar o enviar equipos delicados. Las convenientes ruedas en l\u00ednea y un tirador de liberaci\u00f3n, facilitan el transporte. Las fundas impermeables Mil-Standard moldeadas por inyecci\u00f3n est\u00e1n moldeadas con resina de copol\u00edmero de polipropileno de resistencia extremadamente alta, con un dise\u00f1o sumergible, herm\u00e9tico al agua y al polvo, sellado con juntas (MIL-C-4150J \/ IP67). Otras caracter\u00edsticas est\u00e1ndar incluyen una bisagra moldeada, un sistema de pestillo patentado de liberaci\u00f3n de gatillo, una empu\u00f1adura amortiguadora de presi\u00f3n ambiental (MIL-STD-648C) y resistencia a los rayos UV, disolventes y corrosi\u00f3n, hongos y da\u00f1os por impacto (MIL-STD-810F).<\/div>\n<div>\n<h4>Quick look<\/h4>\n<\/div>\n<ul style=\"margin: 0px 0px 0px 25px\">\n<li style=\"list-style-type: circle;margin: 5px\">Longitud interior.<\/li>\n<li style=\"list-style-type: circle;margin: 5px\">Ancho interior.<\/li>\n<li style=\"list-style-type: circle;margin: 5px\">Altura interior.<\/li>\n<li style=\"list-style-type: circle;margin: 5px\">Profundidad exterior.<\/li>\n<li style=\"list-style-type: circle;margin: 5px\">Ancho exterior.<\/li>\n<li style=\"list-style-type: circle;margin: 5px\">Altura exterior.<\/li>\n<li style=\"list-style-type: circle;margin: 5px\">Unidades de rack totales.<\/li>\n<li style=\"list-style-type: circle;margin: 5px\">Profundidad de rack riel a riel.<\/li>\n<li style=\"list-style-type: circle;margin: 5px\">Weight.<\/li>\n<\/ul>\n<div>\n<div style=\"font-weight: bold\">Longitud interior.<\/div>\n<div>\n<p>55.88 cm.<\/p>\n<\/div>\n<div style=\"font-weight: bold\">Ancho interior.<\/div>\n<div>\n<p>43.18 cm.<\/p>\n<\/div>\n<div style=\"font-weight: bold\">Altura interior.<\/div>\n<div>\n<p>35.56 cm.<\/p>\n<\/div>\n<div style=\"font-weight: bold\">Profundidad exterior.<\/div>\n<div>\n<p>65.10 cm.<\/p>\n<\/div>\n<div style=\"font-weight: bold\">Ancho exterior.<\/div>\n<div>\n<p>49.53 cm.<\/p>\n<\/div>\n<div style=\"font-weight: bold\">Altura exterior.<\/div>\n<div>\n<p>39.70 cm.<\/p>\n<\/div>\n<div style=\"font-weight: bold\">Unidades de rack totales.<\/div>\n<div>\n<p>6.<\/p>\n<\/div>\n<div style=\"font-weight: bold\">Profundidad de rack riel a riel.<\/div>\n<div>\n<p>33.02 cm.<\/p>\n<\/div>\n<div style=\"font-weight: bold\">Weight.<\/div>\n<div>\n<p>13.79 kg.<\/p>\n<\/div>\n<\/div>\n<div>\n<h4>Characteristics<\/h4>\n<\/div>\n<div>\n<ul style=\"margin: 0px 0px 0px 25px\">\n<li style=\"list-style-type: circle;margin: 5px\">Estante U extra\u00edble moldeado por inyecci\u00f3n.<\/li>\n<li style=\"list-style-type: circle;margin: 5px\">Profundidad de rack de 13&#8243; pulgadas.<\/li>\n<li style=\"list-style-type: circle;margin: 5px\">Protecci\u00f3n interior de espuma.<\/li>\n<li style=\"list-style-type: circle;margin: 5px\">Construcci\u00f3n de estuche de copol\u00edmero de polipropileno de ultra alta resistencia.<\/li>\n<li style=\"list-style-type: circle;margin: 5px\">Resistente a los rayos UV, solventes, corrosi\u00f3n y hongos (MIL-STD-810F).<\/li>\n<li style=\"list-style-type: circle;margin: 5px\">Sello completo de la junta que hace al estuche absolutamente impermeable (MIL-STD-C-4150J).<\/li>\n<li style=\"list-style-type: circle;margin: 5px\">V\u00e1lvula de estabilidad autom\u00e1tica de presi\u00f3n ambiental (MIL-STD-648C &amp; IP67.<\/li>\n<li style=\"list-style-type: circle;margin: 5px\">Bisagras moldeadas.<\/li>\n<li style=\"list-style-type: circle;margin: 5px\">Sistema de cierre de gatillo TSA.<\/li>\n<li style=\"list-style-type: circle;margin: 5px\">Asas de agarre de goma amortiguadas sobre moldeadas.<\/li>\n<\/ul>\n<\/div>\n<\/div>","protected":false},"excerpt":{"rendered":"<p>Estuche de rack extra\u00edble moldeado por inyecci\u00f3n, 6 unidades de rack, rack de 13\u201d de profundidad, protecci\u00f3n interior de espuma, construcci\u00f3n de estuche de copol\u00edmero de polipropileno de ultra alta resistencia, resistente a los rayos UV, solventes, corrosi\u00f3n y hongos, absolutamente impermeable, v\u00e1lvula de estabilidad autom\u00e1tica de presi\u00f3n ambiental, bisagras moldeadas, sistema de cierre de gatillo TSA, asas de agarre de goma amortiguadas sobre moldeadas, longitud interior: 55.88 cm, ancho interior: 43.18 cm, altura interior: 35.56 cm, profundidad exterior: 65.10 cm, ancho exterior: 49.53 cm, altura exterior: 39.70 cm, profundidad de rack riel a riel: 33.02 cm, peso: 13.79 kg.&hellip; <a class=\"kt-excerpt-readmore more-link\" href=\"https:\/\/www.mexicanguitarplayers.com\/en\/tienda\/accesorios\/estuches-y-fundas\/cases\/estuche-skb-rack-removible-3i-2317m146u\/\">Read more<\/a><\/p>","protected":false},"featured_media":41595,"comment_status":"open","ping_status":"closed","template":"","meta":{"kt_blocks_editor_width":""},"pwb-brand":[609],"product_brand":[],"product_cat":[85,564,517],"product_tag":[],"class_list":{"0":"post-41599","1":"product","2":"type-product","3":"status-publish","4":"has-post-thumbnail","6":"pwb-brand-skb","7":"product_cat-accesorios","8":"product_cat-cases","9":"product_cat-estuches-y-fundas","10":"product_shipping_class-15-20-kg","12":"first","13":"outofstock","14":"taxable","15":"shipping-taxable","16":"purchasable","17":"product-type-simple"},"yoast_head":"<!-- This site is optimized with the Yoast SEO plugin v27.5 - https:\/\/yoast.com\/product\/yoast-seo-wordpress\/ -->\n<title>ESTUCHE SKB RACK REMOVIBLE 3I-2317M146U - Mexican Guitar Players<\/title>\n<meta name=\"description\" content=\"Estuche de rack extra\u00edble moldeado por inyecci\u00f3n, 6 unidades de rack, rack de 13\u201d de profundidad, protecci\u00f3n interior de espuma, construcci\u00f3n de estuche de copol\u00edmero de polipropileno de ultra alta resistencia, resistente a los rayos UV, solventes, corrosi\u00f3n y hongos, absolutamente impermeable, v\u00e1lvula de estabilidad autom\u00e1tica de presi\u00f3n ambiental, bisagras moldeadas, sistema de cierre de gatillo TSA, asas de agarre de goma amortiguadas sobre moldeadas, longitud interior: 55.88 cm, ancho interior: 43.18 cm, altura interior: 35.56 cm, profundidad exterior: 65.10 cm, ancho exterior: 49.53 cm, altura exterior: 39.70 cm, profundidad de rack riel a riel: 33.02 cm, peso: 13.79 kg.\" \/>\n<meta name=\"robots\" content=\"index, follow, max-snippet:-1, max-image-preview:large, max-video-preview:-1\" \/>\n<link rel=\"canonical\" href=\"https:\/\/www.mexicanguitarplayers.com\/en\/tienda\/sin%20categor\u00eda\/estuche-skb-rack-removible-3i-2317m146u\/\" \/>\n<meta property=\"og:locale\" content=\"en_US\" \/>\n<meta property=\"og:type\" content=\"article\" \/>\n<meta property=\"og:title\" content=\"ESTUCHE SKB RACK REMOVIBLE 3I-2317M146U - Mexican Guitar Players\" \/>\n<meta property=\"og:description\" content=\"Estuche de rack extra\u00edble moldeado por inyecci\u00f3n, 6 unidades de rack, rack de 13\u201d de profundidad, protecci\u00f3n interior de espuma, construcci\u00f3n de estuche de copol\u00edmero de polipropileno de ultra alta resistencia, resistente a los rayos UV, solventes, corrosi\u00f3n y hongos, absolutamente impermeable, v\u00e1lvula de estabilidad autom\u00e1tica de presi\u00f3n ambiental, bisagras moldeadas, sistema de cierre de gatillo TSA, asas de agarre de goma amortiguadas sobre moldeadas, longitud interior: 55.88 cm, ancho interior: 43.18 cm, altura interior: 35.56 cm, profundidad exterior: 65.10 cm, ancho exterior: 49.53 cm, altura exterior: 39.70 cm, profundidad de rack riel a riel: 33.02 cm, peso: 13.79 kg.\" \/>\n<meta property=\"og:url\" content=\"https:\/\/www.mexicanguitarplayers.com\/en\/tienda\/sin categor\u00eda\/estuche-skb-rack-removible-3i-2317m146u\/\" \/>\n<meta property=\"og:site_name\" content=\"Mexican Guitar Players\" \/>\n<meta property=\"article:modified_time\" content=\"2026-04-10T10:18:03+00:00\" \/>\n<meta name=\"twitter:card\" content=\"summary_large_image\" \/>\n<meta name=\"twitter:label1\" content=\"Est. reading time\" \/>\n\t<meta name=\"twitter:data1\" content=\"2 minutes\" \/>\n<script type=\"application\/ld+json\" class=\"yoast-schema-graph\">{\"@context\":\"https:\\\/\\\/schema.org\",\"@graph\":[{\"@type\":[\"WebPage\",\"ItemPage\"],\"@id\":\"https:\\\/\\\/www.mexicanguitarplayers.com\\\/tienda\\\/sin categor\u00eda\\\/estuche-skb-rack-removible-3i-2317m146u\\\/\",\"url\":\"https:\\\/\\\/www.mexicanguitarplayers.com\\\/tienda\\\/sin categor\u00eda\\\/estuche-skb-rack-removible-3i-2317m146u\\\/\",\"name\":\"ESTUCHE SKB RACK REMOVIBLE 3I-2317M146U - Mexican Guitar Players\",\"isPartOf\":{\"@id\":\"https:\\\/\\\/www.mexicanguitarplayers.com\\\/#website\"},\"primaryImageOfPage\":{\"@id\":\"https:\\\/\\\/www.mexicanguitarplayers.com\\\/tienda\\\/sin categor\u00eda\\\/estuche-skb-rack-removible-3i-2317m146u\\\/#primaryimage\"},\"image\":{\"@id\":\"https:\\\/\\\/www.mexicanguitarplayers.com\\\/tienda\\\/sin categor\u00eda\\\/estuche-skb-rack-removible-3i-2317m146u\\\/#primaryimage\"},\"thumbnailUrl\":\"https:\\\/\\\/www.mexicanguitarplayers.com\\\/wp-content\\\/uploads\\\/2025\\\/04\\\/VASKB32317146U.jpg\",\"datePublished\":\"2025-04-09T14:52:10+00:00\",\"dateModified\":\"2026-04-10T10:18:03+00:00\",\"description\":\"Estuche de rack extra\u00edble moldeado por inyecci\u00f3n, 6 unidades de rack, rack de 13\u201d de profundidad, protecci\u00f3n interior de espuma, construcci\u00f3n de estuche de copol\u00edmero de polipropileno de ultra alta resistencia, resistente a los rayos UV, solventes, corrosi\u00f3n y hongos, absolutamente impermeable, v\u00e1lvula de estabilidad autom\u00e1tica de presi\u00f3n ambiental, bisagras moldeadas, sistema de cierre de gatillo TSA, asas de agarre de goma amortiguadas sobre moldeadas, longitud interior: 55.88 cm, ancho interior: 43.18 cm, altura interior: 35.56 cm, profundidad exterior: 65.10 cm, ancho exterior: 49.53 cm, altura exterior: 39.70 cm, profundidad de rack riel a riel: 33.02 cm, peso: 13.79 kg.\",\"breadcrumb\":{\"@id\":\"https:\\\/\\\/www.mexicanguitarplayers.com\\\/tienda\\\/sin categor\u00eda\\\/estuche-skb-rack-removible-3i-2317m146u\\\/#breadcrumb\"},\"inLanguage\":\"en-US\",\"potentialAction\":[{\"@type\":\"ReadAction\",\"target\":[\"https:\\\/\\\/www.mexicanguitarplayers.com\\\/tienda\\\/sin categor\u00eda\\\/estuche-skb-rack-removible-3i-2317m146u\\\/\"]}]},{\"@type\":\"ImageObject\",\"inLanguage\":\"en-US\",\"@id\":\"https:\\\/\\\/www.mexicanguitarplayers.com\\\/tienda\\\/sin categor\u00eda\\\/estuche-skb-rack-removible-3i-2317m146u\\\/#primaryimage\",\"url\":\"https:\\\/\\\/www.mexicanguitarplayers.com\\\/wp-content\\\/uploads\\\/2025\\\/04\\\/VASKB32317146U.jpg\",\"contentUrl\":\"https:\\\/\\\/www.mexicanguitarplayers.com\\\/wp-content\\\/uploads\\\/2025\\\/04\\\/VASKB32317146U.jpg\",\"width\":1200,\"height\":1200},{\"@type\":\"BreadcrumbList\",\"@id\":\"https:\\\/\\\/www.mexicanguitarplayers.com\\\/tienda\\\/sin categor\u00eda\\\/estuche-skb-rack-removible-3i-2317m146u\\\/#breadcrumb\",\"itemListElement\":[{\"@type\":\"ListItem\",\"position\":1,\"name\":\"Portada\",\"item\":\"https:\\\/\\\/www.mexicanguitarplayers.com\\\/\"},{\"@type\":\"ListItem\",\"position\":2,\"name\":\"Tienda\",\"item\":\"https:\\\/\\\/www.mexicanguitarplayers.com\\\/tienda\\\/\"},{\"@type\":\"ListItem\",\"position\":3,\"name\":\"ESTUCHE SKB RACK REMOVIBLE 3I-2317M146U\"}]},{\"@type\":\"WebSite\",\"@id\":\"https:\\\/\\\/www.mexicanguitarplayers.com\\\/#website\",\"url\":\"https:\\\/\\\/www.mexicanguitarplayers.com\\\/\",\"name\":\"Mexican Guitar Players\",\"description\":\"Website\",\"publisher\":{\"@id\":\"https:\\\/\\\/www.mexicanguitarplayers.com\\\/#organization\"},\"potentialAction\":[{\"@type\":\"SearchAction\",\"target\":{\"@type\":\"EntryPoint\",\"urlTemplate\":\"https:\\\/\\\/www.mexicanguitarplayers.com\\\/?s={search_term_string}\"},\"query-input\":{\"@type\":\"PropertyValueSpecification\",\"valueRequired\":true,\"valueName\":\"search_term_string\"}}],\"inLanguage\":\"en-US\"},{\"@type\":\"Organization\",\"@id\":\"https:\\\/\\\/www.mexicanguitarplayers.com\\\/#organization\",\"name\":\"Mexican Guitar Players\",\"url\":\"https:\\\/\\\/www.mexicanguitarplayers.com\\\/\",\"logo\":{\"@type\":\"ImageObject\",\"inLanguage\":\"en-US\",\"@id\":\"https:\\\/\\\/www.mexicanguitarplayers.com\\\/#\\\/schema\\\/logo\\\/image\\\/\",\"url\":\"\",\"contentUrl\":\"\",\"caption\":\"Mexican Guitar Players\"},\"image\":{\"@id\":\"https:\\\/\\\/www.mexicanguitarplayers.com\\\/#\\\/schema\\\/logo\\\/image\\\/\"}}]}<\/script>\n<!-- \/ Yoast SEO plugin. -->","yoast_head_json":{"title":"ESTUCHE SKB RACK REMOVIBLE 3I-2317M146U - Mexican Guitar Players","description":"Estuche de rack extra\u00edble moldeado por inyecci\u00f3n, 6 unidades de rack, rack de 13\u201d de profundidad, protecci\u00f3n interior de espuma, construcci\u00f3n de estuche de copol\u00edmero de polipropileno de ultra alta resistencia, resistente a los rayos UV, solventes, corrosi\u00f3n y hongos, absolutamente impermeable, v\u00e1lvula de estabilidad autom\u00e1tica de presi\u00f3n ambiental, bisagras moldeadas, sistema de cierre de gatillo TSA, asas de agarre de goma amortiguadas sobre moldeadas, longitud interior: 55.88 cm, ancho interior: 43.18 cm, altura interior: 35.56 cm, profundidad exterior: 65.10 cm, ancho exterior: 49.53 cm, altura exterior: 39.70 cm, profundidad de rack riel a riel: 33.02 cm, peso: 13.79 kg.","robots":{"index":"index","follow":"follow","max-snippet":"max-snippet:-1","max-image-preview":"max-image-preview:large","max-video-preview":"max-video-preview:-1"},"canonical":"https:\/\/www.mexicanguitarplayers.com\/en\/tienda\/sin categor\u00eda\/estuche-skb-rack-removible-3i-2317m146u\/","og_locale":"en_US","og_type":"article","og_title":"ESTUCHE SKB RACK REMOVIBLE 3I-2317M146U - Mexican Guitar Players","og_description":"Estuche de rack extra\u00edble moldeado por inyecci\u00f3n, 6 unidades de rack, rack de 13\u201d de profundidad, protecci\u00f3n interior de espuma, construcci\u00f3n de estuche de copol\u00edmero de polipropileno de ultra alta resistencia, resistente a los rayos UV, solventes, corrosi\u00f3n y hongos, absolutamente impermeable, v\u00e1lvula de estabilidad autom\u00e1tica de presi\u00f3n ambiental, bisagras moldeadas, sistema de cierre de gatillo TSA, asas de agarre de goma amortiguadas sobre moldeadas, longitud interior: 55.88 cm, ancho interior: 43.18 cm, altura interior: 35.56 cm, profundidad exterior: 65.10 cm, ancho exterior: 49.53 cm, altura exterior: 39.70 cm, profundidad de rack riel a riel: 33.02 cm, peso: 13.79 kg.","og_url":"https:\/\/www.mexicanguitarplayers.com\/en\/tienda\/sin categor\u00eda\/estuche-skb-rack-removible-3i-2317m146u\/","og_site_name":"Mexican Guitar Players","article_modified_time":"2026-04-10T10:18:03+00:00","twitter_card":"summary_large_image","twitter_misc":{"Est. reading time":"2 minutes"},"schema":{"@context":"https:\/\/schema.org","@graph":[{"@type":["WebPage","ItemPage"],"@id":"https:\/\/www.mexicanguitarplayers.com\/tienda\/sin categor\u00eda\/estuche-skb-rack-removible-3i-2317m146u\/","url":"https:\/\/www.mexicanguitarplayers.com\/tienda\/sin categor\u00eda\/estuche-skb-rack-removible-3i-2317m146u\/","name":"ESTUCHE SKB RACK REMOVIBLE 3I-2317M146U - Mexican Guitar Players","isPartOf":{"@id":"https:\/\/www.mexicanguitarplayers.com\/#website"},"primaryImageOfPage":{"@id":"https:\/\/www.mexicanguitarplayers.com\/tienda\/sin categor\u00eda\/estuche-skb-rack-removible-3i-2317m146u\/#primaryimage"},"image":{"@id":"https:\/\/www.mexicanguitarplayers.com\/tienda\/sin categor\u00eda\/estuche-skb-rack-removible-3i-2317m146u\/#primaryimage"},"thumbnailUrl":"https:\/\/www.mexicanguitarplayers.com\/wp-content\/uploads\/2025\/04\/VASKB32317146U.jpg","datePublished":"2025-04-09T14:52:10+00:00","dateModified":"2026-04-10T10:18:03+00:00","description":"Estuche de rack extra\u00edble moldeado por inyecci\u00f3n, 6 unidades de rack, rack de 13\u201d de profundidad, protecci\u00f3n interior de espuma, construcci\u00f3n de estuche de copol\u00edmero de polipropileno de ultra alta resistencia, resistente a los rayos UV, solventes, corrosi\u00f3n y hongos, absolutamente impermeable, v\u00e1lvula de estabilidad autom\u00e1tica de presi\u00f3n ambiental, bisagras moldeadas, sistema de cierre de gatillo TSA, asas de agarre de goma amortiguadas sobre moldeadas, longitud interior: 55.88 cm, ancho interior: 43.18 cm, altura interior: 35.56 cm, profundidad exterior: 65.10 cm, ancho exterior: 49.53 cm, altura exterior: 39.70 cm, profundidad de rack riel a riel: 33.02 cm, peso: 13.79 kg.","breadcrumb":{"@id":"https:\/\/www.mexicanguitarplayers.com\/tienda\/sin categor\u00eda\/estuche-skb-rack-removible-3i-2317m146u\/#breadcrumb"},"inLanguage":"en-US","potentialAction":[{"@type":"ReadAction","target":["https:\/\/www.mexicanguitarplayers.com\/tienda\/sin categor\u00eda\/estuche-skb-rack-removible-3i-2317m146u\/"]}]},{"@type":"ImageObject","inLanguage":"en-US","@id":"https:\/\/www.mexicanguitarplayers.com\/tienda\/sin categor\u00eda\/estuche-skb-rack-removible-3i-2317m146u\/#primaryimage","url":"https:\/\/www.mexicanguitarplayers.com\/wp-content\/uploads\/2025\/04\/VASKB32317146U.jpg","contentUrl":"https:\/\/www.mexicanguitarplayers.com\/wp-content\/uploads\/2025\/04\/VASKB32317146U.jpg","width":1200,"height":1200},{"@type":"BreadcrumbList","@id":"https:\/\/www.mexicanguitarplayers.com\/tienda\/sin categor\u00eda\/estuche-skb-rack-removible-3i-2317m146u\/#breadcrumb","itemListElement":[{"@type":"ListItem","position":1,"name":"Portada","item":"https:\/\/www.mexicanguitarplayers.com\/"},{"@type":"ListItem","position":2,"name":"Tienda","item":"https:\/\/www.mexicanguitarplayers.com\/tienda\/"},{"@type":"ListItem","position":3,"name":"ESTUCHE SKB RACK REMOVIBLE 3I-2317M146U"}]},{"@type":"WebSite","@id":"https:\/\/www.mexicanguitarplayers.com\/#website","url":"https:\/\/www.mexicanguitarplayers.com\/","name":"Mexican Guitar Players","description":"Website","publisher":{"@id":"https:\/\/www.mexicanguitarplayers.com\/#organization"},"potentialAction":[{"@type":"SearchAction","target":{"@type":"EntryPoint","urlTemplate":"https:\/\/www.mexicanguitarplayers.com\/?s={search_term_string}"},"query-input":{"@type":"PropertyValueSpecification","valueRequired":true,"valueName":"search_term_string"}}],"inLanguage":"en-US"},{"@type":"Organization","@id":"https:\/\/www.mexicanguitarplayers.com\/#organization","name":"Mexican Guitar Players","url":"https:\/\/www.mexicanguitarplayers.com\/","logo":{"@type":"ImageObject","inLanguage":"en-US","@id":"https:\/\/www.mexicanguitarplayers.com\/#\/schema\/logo\/image\/","url":"","contentUrl":"","caption":"Mexican Guitar Players"},"image":{"@id":"https:\/\/www.mexicanguitarplayers.com\/#\/schema\/logo\/image\/"}}]}},"brands":[{"id":609,"name":"SKB","slug":"skb"}],"_links":{"self":[{"href":"https:\/\/www.mexicanguitarplayers.com\/en\/wp-json\/wp\/v2\/product\/41599","targetHints":{"allow":["GET"]}}],"collection":[{"href":"https:\/\/www.mexicanguitarplayers.com\/en\/wp-json\/wp\/v2\/product"}],"about":[{"href":"https:\/\/www.mexicanguitarplayers.com\/en\/wp-json\/wp\/v2\/types\/product"}],"replies":[{"embeddable":true,"href":"https:\/\/www.mexicanguitarplayers.com\/en\/wp-json\/wp\/v2\/comments?post=41599"}],"wp:featuredmedia":[{"embeddable":true,"href":"https:\/\/www.mexicanguitarplayers.com\/en\/wp-json\/wp\/v2\/media\/41595"}],"wp:attachment":[{"href":"https:\/\/www.mexicanguitarplayers.com\/en\/wp-json\/wp\/v2\/media?parent=41599"}],"wp:term":[{"taxonomy":"pwb-brand","embeddable":true,"href":"https:\/\/www.mexicanguitarplayers.com\/en\/wp-json\/wp\/v2\/pwb-brand?post=41599"},{"taxonomy":"product_brand","embeddable":true,"href":"https:\/\/www.mexicanguitarplayers.com\/en\/wp-json\/wp\/v2\/product_brand?post=41599"},{"taxonomy":"product_cat","embeddable":true,"href":"https:\/\/www.mexicanguitarplayers.com\/en\/wp-json\/wp\/v2\/product_cat?post=41599"},{"taxonomy":"product_tag","embeddable":true,"href":"https:\/\/www.mexicanguitarplayers.com\/en\/wp-json\/wp\/v2\/product_tag?post=41599"}],"curies":[{"name":"wp","href":"https:\/\/api.w.org\/{rel}","templated":true}]}}