{"id":41617,"date":"2025-04-09T08:52:37","date_gmt":"2025-04-09T14:52:37","guid":{"rendered":"https:\/\/www.mexicanguitarplayers.com\/tienda\/sin categor\u00eda\/bafle-proel-plafon-mod-x50ct\/"},"modified":"2026-04-10T04:18:00","modified_gmt":"2026-04-10T10:18:00","slug":"bafle-proel-plafon-mod-x50ct","status":"publish","type":"product","link":"https:\/\/www.mexicanguitarplayers.com\/en\/tienda\/audio\/bafles-y-bocinas\/bafles\/instalacion\/bafle-proel-plafon-mod-x50ct\/","title":{"rendered":"BAFLE PROEL PLAFON  MOD. X50CT"},"content":{"rendered":"<div style=\"text-align: justify\">\n<div>\n<h3>Una pr\u00e1ctica instalaci\u00f3n.<\/h3>\n<\/div>\n<div>El bafle X50CT de Proel cuenta con el dise\u00f1o elegante y contempor\u00e1neo de la serie XENIA en un altavoz para montaje en el techo, capaz de proporcionar m\u00fasica de fondo de alta calidad. El dise\u00f1o coaxial de 2 v\u00edas ofrece un sonido de alta fidelidad y una reproducci\u00f3n precisa de voz. Dise\u00f1ado para una instalaci\u00f3n r\u00e1pida y f\u00e1cil, el X50T viene con un transformador de l\u00ednea de 70\/100V y un selector de potencia de 5 pasos para hacer coincidir cualquier configuraci\u00f3n del sistema.<\/div>\n<div>\n<h4>Quick look<\/h4>\n<\/div>\n<ul style=\"margin: 0px 0px 0px 25px\">\n<li style=\"list-style-type: circle;margin: 5px\">Tipo de sistema.<\/li>\n<li style=\"list-style-type: circle;margin: 5px\">Speakers.<\/li>\n<li style=\"list-style-type: circle;margin: 5px\">Power.<\/li>\n<li style=\"list-style-type: circle;margin: 5px\">Line input.<\/li>\n<li style=\"list-style-type: circle;margin: 5px\">Conexiones.<\/li>\n<li style=\"list-style-type: circle;margin: 5px\">Controls<\/li>\n<li style=\"list-style-type: circle;margin: 5px\">Frequency response.<\/li>\n<li style=\"list-style-type: circle;margin: 5px\">SPL.<\/li>\n<li style=\"list-style-type: circle;margin: 5px\">Dimensions.<\/li>\n<li style=\"list-style-type: circle;margin: 5px\">Weight.<\/li>\n<\/ul>\n<div>\n<div style=\"font-weight: bold\">Tipo de sistema.<\/div>\n<div>\n<p>Altavoz de 2 v\u00edas para instalaci\u00f3n en techo.<\/p>\n<\/div>\n<div style=\"font-weight: bold\">Speakers.<\/div>\n<div>\n<p>Woofer de 5\u201d pulgadas. Tweeter de \u00bd\u201d pulgada.<\/p>\n<\/div>\n<div style=\"font-weight: bold\">Power.<\/div>\n<div>\n<p>Nominal: 10 watts. M\u00e1ximo: 20 watts.<\/p>\n<\/div>\n<div style=\"font-weight: bold\">Line input.<\/div>\n<div>\n<p>100 V.<\/p>\n<\/div>\n<div style=\"font-weight: bold\">Conexiones.<\/div>\n<div>\n<p>Terminales de cable.<\/p>\n<\/div>\n<div style=\"font-weight: bold\">Controls<\/div>\n<div>\n<p>Selector Power Tap 2.5\/5\/10 watts.<\/p>\n<\/div>\n<div style=\"font-weight: bold\">Frequency response.<\/div>\n<div>\n<p>95 &#8211; 20 kHz.<\/p>\n<\/div>\n<div style=\"font-weight: bold\">SPL.<\/div>\n<div>\n<p>91 dB.<\/p>\n<\/div>\n<div style=\"font-weight: bold\">Dimensions.<\/div>\n<div>\n<p>\u00d8 190 &#8211; H 8.<\/p>\n<\/div>\n<div style=\"font-weight: bold\">Weight.<\/div>\n<div>\n<p>1.3 Kg.<\/p>\n<\/div>\n<\/div>\n<\/div>","protected":false},"excerpt":{"rendered":"<p>Altavoz pasivo coaxial de alta fidelidad de 2 v\u00edas para techo, elegante y contempor\u00e1neo dise\u00f1o, capaz de proporcionar megafon\u00eda y m\u00fasica de fondo de alta calidad, instalaci\u00f3n r\u00e1pida y f\u00e1cil, woofer de 5\u201d pulgadas y tweeter de 0.5\u201d pulgadas, potencia RMS: 10\/5\/2\/1 W @ 100V, tensi\u00f3n constante: 100V, respuesta de frecuencia: 70 Hz &#8211; 20 kHz (-10 dB), SPL: 91 dB, SPL m\u00e1ximo: 103 dB, \u00e1ngulo de cobertura 1 kHz\/4 kHz (-6 dB): 150\u00ba \/ 95\u00ba, fabricado con pl\u00e1stico ABS, dimensiones: 190 x 80 mm, peso: 1.2 kg, sistema de fijaci\u00f3n: empotrado en el techo, orificio de montaje: 170 mm.&hellip; <a class=\"kt-excerpt-readmore more-link\" href=\"https:\/\/www.mexicanguitarplayers.com\/en\/tienda\/audio\/bafles-y-bocinas\/bafles\/instalacion\/bafle-proel-plafon-mod-x50ct\/\">Read more<\/a><\/p>","protected":false},"featured_media":41616,"comment_status":"open","ping_status":"closed","template":"","meta":{"kt_blocks_editor_width":""},"pwb-brand":[252],"product_brand":[],"product_cat":[213,222,221,243],"product_tag":[],"class_list":{"0":"post-41617","1":"product","2":"type-product","3":"status-publish","4":"has-post-thumbnail","6":"pwb-brand-proel","7":"product_cat-audio","8":"product_cat-bafles","9":"product_cat-bafles-y-bocinas","10":"product_cat-instalacion","11":"product_shipping_class-0-5-kg","13":"first","14":"outofstock","15":"taxable","16":"shipping-taxable","17":"purchasable","18":"product-type-simple"},"yoast_head":"<!-- This site is optimized with the Yoast SEO plugin v27.5 - https:\/\/yoast.com\/product\/yoast-seo-wordpress\/ -->\n<title>BAFLE PROEL PLAFON MOD. X50CT - Mexican Guitar Players<\/title>\n<meta name=\"description\" content=\"Altavoz pasivo coaxial de alta fidelidad de 2 v\u00edas para techo, elegante y contempor\u00e1neo dise\u00f1o, capaz de proporcionar megafon\u00eda y m\u00fasica de fondo de alta calidad, instalaci\u00f3n r\u00e1pida y f\u00e1cil, woofer de 5\u201d pulgadas y tweeter de 0.5\u201d pulgadas, potencia RMS: 10\/5\/2\/1 W @ 100V, tensi\u00f3n constante: 100V, respuesta de frecuencia: 70 Hz - 20 kHz (-10 dB), SPL: 91 dB, SPL m\u00e1ximo: 103 dB, \u00e1ngulo de cobertura 1 kHz\/4 kHz (-6 dB): 150\u00ba \/ 95\u00ba, fabricado con pl\u00e1stico ABS, dimensiones: 190 x 80 mm, peso: 1.2 kg, sistema de fijaci\u00f3n: empotrado en el techo, orificio de montaje: 170 mm.\" \/>\n<meta name=\"robots\" content=\"index, follow, max-snippet:-1, max-image-preview:large, max-video-preview:-1\" \/>\n<link rel=\"canonical\" href=\"https:\/\/www.mexicanguitarplayers.com\/en\/tienda\/sin%20categor\u00eda\/bafle-proel-plafon-mod-x50ct\/\" \/>\n<meta property=\"og:locale\" content=\"en_US\" \/>\n<meta property=\"og:type\" content=\"article\" \/>\n<meta property=\"og:title\" content=\"BAFLE PROEL PLAFON MOD. X50CT - Mexican Guitar Players\" \/>\n<meta property=\"og:description\" content=\"Altavoz pasivo coaxial de alta fidelidad de 2 v\u00edas para techo, elegante y contempor\u00e1neo dise\u00f1o, capaz de proporcionar megafon\u00eda y m\u00fasica de fondo de alta calidad, instalaci\u00f3n r\u00e1pida y f\u00e1cil, woofer de 5\u201d pulgadas y tweeter de 0.5\u201d pulgadas, potencia RMS: 10\/5\/2\/1 W @ 100V, tensi\u00f3n constante: 100V, respuesta de frecuencia: 70 Hz - 20 kHz (-10 dB), SPL: 91 dB, SPL m\u00e1ximo: 103 dB, \u00e1ngulo de cobertura 1 kHz\/4 kHz (-6 dB): 150\u00ba \/ 95\u00ba, fabricado con pl\u00e1stico ABS, dimensiones: 190 x 80 mm, peso: 1.2 kg, sistema de fijaci\u00f3n: empotrado en el techo, orificio de montaje: 170 mm.\" \/>\n<meta property=\"og:url\" content=\"https:\/\/www.mexicanguitarplayers.com\/en\/tienda\/sin categor\u00eda\/bafle-proel-plafon-mod-x50ct\/\" \/>\n<meta property=\"og:site_name\" content=\"Mexican Guitar Players\" \/>\n<meta property=\"article:modified_time\" content=\"2026-04-10T10:18:00+00:00\" \/>\n<meta name=\"twitter:card\" content=\"summary_large_image\" \/>\n<meta name=\"twitter:label1\" content=\"Est. reading time\" \/>\n\t<meta name=\"twitter:data1\" content=\"1 minute\" \/>\n<script type=\"application\/ld+json\" class=\"yoast-schema-graph\">{\"@context\":\"https:\\\/\\\/schema.org\",\"@graph\":[{\"@type\":[\"WebPage\",\"ItemPage\"],\"@id\":\"https:\\\/\\\/www.mexicanguitarplayers.com\\\/tienda\\\/sin categor\u00eda\\\/bafle-proel-plafon-mod-x50ct\\\/\",\"url\":\"https:\\\/\\\/www.mexicanguitarplayers.com\\\/tienda\\\/sin categor\u00eda\\\/bafle-proel-plafon-mod-x50ct\\\/\",\"name\":\"BAFLE PROEL PLAFON MOD. X50CT - Mexican Guitar Players\",\"isPartOf\":{\"@id\":\"https:\\\/\\\/www.mexicanguitarplayers.com\\\/#website\"},\"primaryImageOfPage\":{\"@id\":\"https:\\\/\\\/www.mexicanguitarplayers.com\\\/tienda\\\/sin categor\u00eda\\\/bafle-proel-plafon-mod-x50ct\\\/#primaryimage\"},\"image\":{\"@id\":\"https:\\\/\\\/www.mexicanguitarplayers.com\\\/tienda\\\/sin categor\u00eda\\\/bafle-proel-plafon-mod-x50ct\\\/#primaryimage\"},\"thumbnailUrl\":\"https:\\\/\\\/www.mexicanguitarplayers.com\\\/wp-content\\\/uploads\\\/2025\\\/04\\\/IAPREX50CT.jpg\",\"datePublished\":\"2025-04-09T14:52:37+00:00\",\"dateModified\":\"2026-04-10T10:18:00+00:00\",\"description\":\"Altavoz pasivo coaxial de alta fidelidad de 2 v\u00edas para techo, elegante y contempor\u00e1neo dise\u00f1o, capaz de proporcionar megafon\u00eda y m\u00fasica de fondo de alta calidad, instalaci\u00f3n r\u00e1pida y f\u00e1cil, woofer de 5\u201d pulgadas y tweeter de 0.5\u201d pulgadas, potencia RMS: 10\\\/5\\\/2\\\/1 W @ 100V, tensi\u00f3n constante: 100V, respuesta de frecuencia: 70 Hz - 20 kHz (-10 dB), SPL: 91 dB, SPL m\u00e1ximo: 103 dB, \u00e1ngulo de cobertura 1 kHz\\\/4 kHz (-6 dB): 150\u00ba \\\/ 95\u00ba, fabricado con pl\u00e1stico ABS, dimensiones: 190 x 80 mm, peso: 1.2 kg, sistema de fijaci\u00f3n: empotrado en el techo, orificio de montaje: 170 mm.\",\"breadcrumb\":{\"@id\":\"https:\\\/\\\/www.mexicanguitarplayers.com\\\/tienda\\\/sin categor\u00eda\\\/bafle-proel-plafon-mod-x50ct\\\/#breadcrumb\"},\"inLanguage\":\"en-US\",\"potentialAction\":[{\"@type\":\"ReadAction\",\"target\":[\"https:\\\/\\\/www.mexicanguitarplayers.com\\\/tienda\\\/sin categor\u00eda\\\/bafle-proel-plafon-mod-x50ct\\\/\"]}]},{\"@type\":\"ImageObject\",\"inLanguage\":\"en-US\",\"@id\":\"https:\\\/\\\/www.mexicanguitarplayers.com\\\/tienda\\\/sin categor\u00eda\\\/bafle-proel-plafon-mod-x50ct\\\/#primaryimage\",\"url\":\"https:\\\/\\\/www.mexicanguitarplayers.com\\\/wp-content\\\/uploads\\\/2025\\\/04\\\/IAPREX50CT.jpg\",\"contentUrl\":\"https:\\\/\\\/www.mexicanguitarplayers.com\\\/wp-content\\\/uploads\\\/2025\\\/04\\\/IAPREX50CT.jpg\",\"width\":1200,\"height\":1200},{\"@type\":\"BreadcrumbList\",\"@id\":\"https:\\\/\\\/www.mexicanguitarplayers.com\\\/tienda\\\/sin categor\u00eda\\\/bafle-proel-plafon-mod-x50ct\\\/#breadcrumb\",\"itemListElement\":[{\"@type\":\"ListItem\",\"position\":1,\"name\":\"Portada\",\"item\":\"https:\\\/\\\/www.mexicanguitarplayers.com\\\/\"},{\"@type\":\"ListItem\",\"position\":2,\"name\":\"Tienda\",\"item\":\"https:\\\/\\\/www.mexicanguitarplayers.com\\\/tienda\\\/\"},{\"@type\":\"ListItem\",\"position\":3,\"name\":\"BAFLE PROEL PLAFON MOD. X50CT\"}]},{\"@type\":\"WebSite\",\"@id\":\"https:\\\/\\\/www.mexicanguitarplayers.com\\\/#website\",\"url\":\"https:\\\/\\\/www.mexicanguitarplayers.com\\\/\",\"name\":\"Mexican Guitar Players\",\"description\":\"Website\",\"publisher\":{\"@id\":\"https:\\\/\\\/www.mexicanguitarplayers.com\\\/#organization\"},\"potentialAction\":[{\"@type\":\"SearchAction\",\"target\":{\"@type\":\"EntryPoint\",\"urlTemplate\":\"https:\\\/\\\/www.mexicanguitarplayers.com\\\/?s={search_term_string}\"},\"query-input\":{\"@type\":\"PropertyValueSpecification\",\"valueRequired\":true,\"valueName\":\"search_term_string\"}}],\"inLanguage\":\"en-US\"},{\"@type\":\"Organization\",\"@id\":\"https:\\\/\\\/www.mexicanguitarplayers.com\\\/#organization\",\"name\":\"Mexican Guitar Players\",\"url\":\"https:\\\/\\\/www.mexicanguitarplayers.com\\\/\",\"logo\":{\"@type\":\"ImageObject\",\"inLanguage\":\"en-US\",\"@id\":\"https:\\\/\\\/www.mexicanguitarplayers.com\\\/#\\\/schema\\\/logo\\\/image\\\/\",\"url\":\"\",\"contentUrl\":\"\",\"caption\":\"Mexican Guitar Players\"},\"image\":{\"@id\":\"https:\\\/\\\/www.mexicanguitarplayers.com\\\/#\\\/schema\\\/logo\\\/image\\\/\"}}]}<\/script>\n<!-- \/ Yoast SEO plugin. -->","yoast_head_json":{"title":"BAFLE PROEL PLAFON MOD. X50CT - Mexican Guitar Players","description":"Altavoz pasivo coaxial de alta fidelidad de 2 v\u00edas para techo, elegante y contempor\u00e1neo dise\u00f1o, capaz de proporcionar megafon\u00eda y m\u00fasica de fondo de alta calidad, instalaci\u00f3n r\u00e1pida y f\u00e1cil, woofer de 5\u201d pulgadas y tweeter de 0.5\u201d pulgadas, potencia RMS: 10\/5\/2\/1 W @ 100V, tensi\u00f3n constante: 100V, respuesta de frecuencia: 70 Hz - 20 kHz (-10 dB), SPL: 91 dB, SPL m\u00e1ximo: 103 dB, \u00e1ngulo de cobertura 1 kHz\/4 kHz (-6 dB): 150\u00ba \/ 95\u00ba, fabricado con pl\u00e1stico ABS, dimensiones: 190 x 80 mm, peso: 1.2 kg, sistema de fijaci\u00f3n: empotrado en el techo, orificio de montaje: 170 mm.","robots":{"index":"index","follow":"follow","max-snippet":"max-snippet:-1","max-image-preview":"max-image-preview:large","max-video-preview":"max-video-preview:-1"},"canonical":"https:\/\/www.mexicanguitarplayers.com\/en\/tienda\/sin categor\u00eda\/bafle-proel-plafon-mod-x50ct\/","og_locale":"en_US","og_type":"article","og_title":"BAFLE PROEL PLAFON MOD. X50CT - Mexican Guitar Players","og_description":"Altavoz pasivo coaxial de alta fidelidad de 2 v\u00edas para techo, elegante y contempor\u00e1neo dise\u00f1o, capaz de proporcionar megafon\u00eda y m\u00fasica de fondo de alta calidad, instalaci\u00f3n r\u00e1pida y f\u00e1cil, woofer de 5\u201d pulgadas y tweeter de 0.5\u201d pulgadas, potencia RMS: 10\/5\/2\/1 W @ 100V, tensi\u00f3n constante: 100V, respuesta de frecuencia: 70 Hz - 20 kHz (-10 dB), SPL: 91 dB, SPL m\u00e1ximo: 103 dB, \u00e1ngulo de cobertura 1 kHz\/4 kHz (-6 dB): 150\u00ba \/ 95\u00ba, fabricado con pl\u00e1stico ABS, dimensiones: 190 x 80 mm, peso: 1.2 kg, sistema de fijaci\u00f3n: empotrado en el techo, orificio de montaje: 170 mm.","og_url":"https:\/\/www.mexicanguitarplayers.com\/en\/tienda\/sin categor\u00eda\/bafle-proel-plafon-mod-x50ct\/","og_site_name":"Mexican Guitar Players","article_modified_time":"2026-04-10T10:18:00+00:00","twitter_card":"summary_large_image","twitter_misc":{"Est. reading time":"1 minute"},"schema":{"@context":"https:\/\/schema.org","@graph":[{"@type":["WebPage","ItemPage"],"@id":"https:\/\/www.mexicanguitarplayers.com\/tienda\/sin categor\u00eda\/bafle-proel-plafon-mod-x50ct\/","url":"https:\/\/www.mexicanguitarplayers.com\/tienda\/sin categor\u00eda\/bafle-proel-plafon-mod-x50ct\/","name":"BAFLE PROEL PLAFON MOD. X50CT - Mexican Guitar Players","isPartOf":{"@id":"https:\/\/www.mexicanguitarplayers.com\/#website"},"primaryImageOfPage":{"@id":"https:\/\/www.mexicanguitarplayers.com\/tienda\/sin categor\u00eda\/bafle-proel-plafon-mod-x50ct\/#primaryimage"},"image":{"@id":"https:\/\/www.mexicanguitarplayers.com\/tienda\/sin categor\u00eda\/bafle-proel-plafon-mod-x50ct\/#primaryimage"},"thumbnailUrl":"https:\/\/www.mexicanguitarplayers.com\/wp-content\/uploads\/2025\/04\/IAPREX50CT.jpg","datePublished":"2025-04-09T14:52:37+00:00","dateModified":"2026-04-10T10:18:00+00:00","description":"Altavoz pasivo coaxial de alta fidelidad de 2 v\u00edas para techo, elegante y contempor\u00e1neo dise\u00f1o, capaz de proporcionar megafon\u00eda y m\u00fasica de fondo de alta calidad, instalaci\u00f3n r\u00e1pida y f\u00e1cil, woofer de 5\u201d pulgadas y tweeter de 0.5\u201d pulgadas, potencia RMS: 10\/5\/2\/1 W @ 100V, tensi\u00f3n constante: 100V, respuesta de frecuencia: 70 Hz - 20 kHz (-10 dB), SPL: 91 dB, SPL m\u00e1ximo: 103 dB, \u00e1ngulo de cobertura 1 kHz\/4 kHz (-6 dB): 150\u00ba \/ 95\u00ba, fabricado con pl\u00e1stico ABS, dimensiones: 190 x 80 mm, peso: 1.2 kg, sistema de fijaci\u00f3n: empotrado en el techo, orificio de montaje: 170 mm.","breadcrumb":{"@id":"https:\/\/www.mexicanguitarplayers.com\/tienda\/sin categor\u00eda\/bafle-proel-plafon-mod-x50ct\/#breadcrumb"},"inLanguage":"en-US","potentialAction":[{"@type":"ReadAction","target":["https:\/\/www.mexicanguitarplayers.com\/tienda\/sin categor\u00eda\/bafle-proel-plafon-mod-x50ct\/"]}]},{"@type":"ImageObject","inLanguage":"en-US","@id":"https:\/\/www.mexicanguitarplayers.com\/tienda\/sin categor\u00eda\/bafle-proel-plafon-mod-x50ct\/#primaryimage","url":"https:\/\/www.mexicanguitarplayers.com\/wp-content\/uploads\/2025\/04\/IAPREX50CT.jpg","contentUrl":"https:\/\/www.mexicanguitarplayers.com\/wp-content\/uploads\/2025\/04\/IAPREX50CT.jpg","width":1200,"height":1200},{"@type":"BreadcrumbList","@id":"https:\/\/www.mexicanguitarplayers.com\/tienda\/sin categor\u00eda\/bafle-proel-plafon-mod-x50ct\/#breadcrumb","itemListElement":[{"@type":"ListItem","position":1,"name":"Portada","item":"https:\/\/www.mexicanguitarplayers.com\/"},{"@type":"ListItem","position":2,"name":"Tienda","item":"https:\/\/www.mexicanguitarplayers.com\/tienda\/"},{"@type":"ListItem","position":3,"name":"BAFLE PROEL PLAFON MOD. X50CT"}]},{"@type":"WebSite","@id":"https:\/\/www.mexicanguitarplayers.com\/#website","url":"https:\/\/www.mexicanguitarplayers.com\/","name":"Mexican Guitar Players","description":"Website","publisher":{"@id":"https:\/\/www.mexicanguitarplayers.com\/#organization"},"potentialAction":[{"@type":"SearchAction","target":{"@type":"EntryPoint","urlTemplate":"https:\/\/www.mexicanguitarplayers.com\/?s={search_term_string}"},"query-input":{"@type":"PropertyValueSpecification","valueRequired":true,"valueName":"search_term_string"}}],"inLanguage":"en-US"},{"@type":"Organization","@id":"https:\/\/www.mexicanguitarplayers.com\/#organization","name":"Mexican Guitar Players","url":"https:\/\/www.mexicanguitarplayers.com\/","logo":{"@type":"ImageObject","inLanguage":"en-US","@id":"https:\/\/www.mexicanguitarplayers.com\/#\/schema\/logo\/image\/","url":"","contentUrl":"","caption":"Mexican Guitar Players"},"image":{"@id":"https:\/\/www.mexicanguitarplayers.com\/#\/schema\/logo\/image\/"}}]}},"brands":[{"id":252,"name":"PROEL","slug":"proel"}],"_links":{"self":[{"href":"https:\/\/www.mexicanguitarplayers.com\/en\/wp-json\/wp\/v2\/product\/41617","targetHints":{"allow":["GET"]}}],"collection":[{"href":"https:\/\/www.mexicanguitarplayers.com\/en\/wp-json\/wp\/v2\/product"}],"about":[{"href":"https:\/\/www.mexicanguitarplayers.com\/en\/wp-json\/wp\/v2\/types\/product"}],"replies":[{"embeddable":true,"href":"https:\/\/www.mexicanguitarplayers.com\/en\/wp-json\/wp\/v2\/comments?post=41617"}],"wp:featuredmedia":[{"embeddable":true,"href":"https:\/\/www.mexicanguitarplayers.com\/en\/wp-json\/wp\/v2\/media\/41616"}],"wp:attachment":[{"href":"https:\/\/www.mexicanguitarplayers.com\/en\/wp-json\/wp\/v2\/media?parent=41617"}],"wp:term":[{"taxonomy":"pwb-brand","embeddable":true,"href":"https:\/\/www.mexicanguitarplayers.com\/en\/wp-json\/wp\/v2\/pwb-brand?post=41617"},{"taxonomy":"product_brand","embeddable":true,"href":"https:\/\/www.mexicanguitarplayers.com\/en\/wp-json\/wp\/v2\/product_brand?post=41617"},{"taxonomy":"product_cat","embeddable":true,"href":"https:\/\/www.mexicanguitarplayers.com\/en\/wp-json\/wp\/v2\/product_cat?post=41617"},{"taxonomy":"product_tag","embeddable":true,"href":"https:\/\/www.mexicanguitarplayers.com\/en\/wp-json\/wp\/v2\/product_tag?post=41617"}],"curies":[{"name":"wp","href":"https:\/\/api.w.org\/{rel}","templated":true}]}}