{"id":41629,"date":"2025-04-09T08:52:52","date_gmt":"2025-04-09T14:52:52","guid":{"rendered":"https:\/\/www.mexicanguitarplayers.com\/tienda\/sin categor\u00eda\/funda-proel-p-teclado-bag-9100pbg\/"},"modified":"2026-04-10T04:17:58","modified_gmt":"2026-04-10T10:17:58","slug":"funda-proel-p-teclado-bag-9100pbg","status":"publish","type":"product","link":"https:\/\/www.mexicanguitarplayers.com\/en\/tienda\/accesorios\/estuches-y-fundas\/para-teclado\/funda-proel-p-teclado-bag-9100pbg\/","title":{"rendered":"FUNDA PROEL P\/TECLADO   BAG-9100PBG"},"content":{"rendered":"<div style=\"text-align: justify\">\n<div>\n<h3>La mejor tecnolog\u00eda italiana en fundas.<\/h3>\n<\/div>\n<div>Las fundas para teclado Proel est\u00e1n dise\u00f1ados para eliminar los problemas asociados con las fundas convencionales. La mejor tecnolog\u00eda Italiana a tu alcance. La funda BAG-9100PBG para teclado de Proel est\u00e1 fabricada con resistente nylon 840D con bordes de tela. Tiene un interior acolchado de espuma de alta densidad de 20 mm de espesor y agarraderas de nylon reforzado con velcro.  La correa para hombro es acolchada y ajustable y se asegura en la parte trasera con s\u00f3lidos aros de metal. Amplios bolsillos al frente para guardar partituras y accesorios.<\/div>\n<div>\n<h4>Quick look<\/h4>\n<\/div>\n<ul style=\"margin: 0px 0px 0px 25px\">\n<li style=\"list-style-type: circle;margin: 5px\">Fabricaci\u00f3n.<\/li>\n<li style=\"list-style-type: circle;margin: 5px\">Agarraderas seguras.<\/li>\n<\/ul>\n<div>\n<div style=\"font-weight: bold\">Fabricaci\u00f3n.<\/div>\n<div>\n<p>Las fundas est\u00e1n hechas a base de resistente nylon 840D con bordes de tela y un acolchado de 20 mm  de espesor.<\/p>\n<\/div>\n<div style=\"font-weight: bold\">Agarraderas seguras.<\/div>\n<div>\n<p>Sus agarraderas son de nylon reforzado con Velcro. La correa con hombrera acolchada es ajustable y se asegura en la parte trasera con s\u00f3lidos aros de metal.<\/p>\n<\/div>\n<\/div>\n<div>\n<h4>Characteristics<\/h4>\n<\/div>\n<div>\n<ul style=\"margin: 0px 0px 0px 25px\">\n<li style=\"list-style-type: circle;margin: 5px\">Adem\u00e1s presenta amplios bolsillos al frente para guardar partituras y accesorios.<\/li>\n<li style=\"list-style-type: circle;margin: 5px\">F\u00e1cil de transportar.<\/li>\n<\/ul>\n<\/div>\n<\/div>","protected":false},"excerpt":{"rendered":"<p>Funda Proel para teclado. Modelo: BAG-9100PBG. Fabricada con resistente nylon 840D con bordes de tela. Interior acolchado de espuma de alta densidad de 20 mm deespesor. Agarraderas de nylon reforzado con velcro. La correa para hombro es acolchada y ajustable y se asegura en la parte trasera con s\u00f3lidos aros de metal.Amplios bolsillos al frente para guardar partituras y accesorios.&hellip; <a class=\"kt-excerpt-readmore more-link\" href=\"https:\/\/www.mexicanguitarplayers.com\/en\/tienda\/accesorios\/estuches-y-fundas\/para-teclado\/funda-proel-p-teclado-bag-9100pbg\/\">Read more<\/a><\/p>","protected":false},"featured_media":41628,"comment_status":"open","ping_status":"closed","template":"","meta":{"kt_blocks_editor_width":""},"pwb-brand":[252],"product_brand":[],"product_cat":[85,517,594],"product_tag":[],"class_list":{"0":"post-41629","1":"product","2":"type-product","3":"status-publish","4":"has-post-thumbnail","6":"pwb-brand-proel","7":"product_cat-accesorios","8":"product_cat-estuches-y-fundas","9":"product_cat-para-teclado","10":"product_shipping_class-0-5-kg","12":"first","13":"outofstock","14":"taxable","15":"shipping-taxable","16":"purchasable","17":"product-type-simple"},"yoast_head":"<!-- This site is optimized with the Yoast SEO plugin v27.5 - https:\/\/yoast.com\/product\/yoast-seo-wordpress\/ -->\n<title>FUNDA PROEL P\/TECLADO  BAG-9100PBG - Mexican Guitar Players<\/title>\n<meta name=\"description\" content=\"Funda Proel para teclado. Modelo: BAG-9100PBG. Fabricada con resistente nylon 840D con bordes de tela. Interior acolchado de espuma de alta densidad de 20 mm deespesor. Agarraderas de nylon reforzado con velcro. La correa para hombro es acolchada y ajustable y se asegura en la parte trasera con s\u00f3lidos aros de metal.Amplios bolsillos al frente para guardar partituras y accesorios.\" \/>\n<meta name=\"robots\" content=\"index, follow, max-snippet:-1, max-image-preview:large, max-video-preview:-1\" \/>\n<link rel=\"canonical\" href=\"https:\/\/www.mexicanguitarplayers.com\/en\/tienda\/sin%20categor\u00eda\/funda-proel-p-teclado-bag-9100pbg\/\" \/>\n<meta property=\"og:locale\" content=\"en_US\" \/>\n<meta property=\"og:type\" content=\"article\" \/>\n<meta property=\"og:title\" content=\"FUNDA PROEL P\/TECLADO  BAG-9100PBG - Mexican Guitar Players\" \/>\n<meta property=\"og:description\" content=\"Funda Proel para teclado. Modelo: BAG-9100PBG. Fabricada con resistente nylon 840D con bordes de tela. Interior acolchado de espuma de alta densidad de 20 mm deespesor. Agarraderas de nylon reforzado con velcro. La correa para hombro es acolchada y ajustable y se asegura en la parte trasera con s\u00f3lidos aros de metal.Amplios bolsillos al frente para guardar partituras y accesorios.\" \/>\n<meta property=\"og:url\" content=\"https:\/\/www.mexicanguitarplayers.com\/en\/tienda\/sin categor\u00eda\/funda-proel-p-teclado-bag-9100pbg\/\" \/>\n<meta property=\"og:site_name\" content=\"Mexican Guitar Players\" \/>\n<meta property=\"article:modified_time\" content=\"2026-04-10T10:17:58+00:00\" \/>\n<meta name=\"twitter:card\" content=\"summary_large_image\" \/>\n<meta name=\"twitter:label1\" content=\"Est. reading time\" \/>\n\t<meta name=\"twitter:data1\" content=\"1 minute\" \/>\n<script type=\"application\/ld+json\" class=\"yoast-schema-graph\">{\"@context\":\"https:\\\/\\\/schema.org\",\"@graph\":[{\"@type\":[\"WebPage\",\"ItemPage\"],\"@id\":\"https:\\\/\\\/www.mexicanguitarplayers.com\\\/tienda\\\/sin categor\u00eda\\\/funda-proel-p-teclado-bag-9100pbg\\\/\",\"url\":\"https:\\\/\\\/www.mexicanguitarplayers.com\\\/tienda\\\/sin categor\u00eda\\\/funda-proel-p-teclado-bag-9100pbg\\\/\",\"name\":\"FUNDA PROEL P\\\/TECLADO BAG-9100PBG - Mexican Guitar Players\",\"isPartOf\":{\"@id\":\"https:\\\/\\\/www.mexicanguitarplayers.com\\\/#website\"},\"primaryImageOfPage\":{\"@id\":\"https:\\\/\\\/www.mexicanguitarplayers.com\\\/tienda\\\/sin categor\u00eda\\\/funda-proel-p-teclado-bag-9100pbg\\\/#primaryimage\"},\"image\":{\"@id\":\"https:\\\/\\\/www.mexicanguitarplayers.com\\\/tienda\\\/sin categor\u00eda\\\/funda-proel-p-teclado-bag-9100pbg\\\/#primaryimage\"},\"thumbnailUrl\":\"https:\\\/\\\/www.mexicanguitarplayers.com\\\/wp-content\\\/uploads\\\/2025\\\/04\\\/VAPREBAG9100PG.jpg\",\"datePublished\":\"2025-04-09T14:52:52+00:00\",\"dateModified\":\"2026-04-10T10:17:58+00:00\",\"description\":\"Funda Proel para teclado. Modelo: BAG-9100PBG. Fabricada con resistente nylon 840D con bordes de tela. Interior acolchado de espuma de alta densidad de 20 mm deespesor. Agarraderas de nylon reforzado con velcro. La correa para hombro es acolchada y ajustable y se asegura en la parte trasera con s\u00f3lidos aros de metal.Amplios bolsillos al frente para guardar partituras y accesorios.\",\"breadcrumb\":{\"@id\":\"https:\\\/\\\/www.mexicanguitarplayers.com\\\/tienda\\\/sin categor\u00eda\\\/funda-proel-p-teclado-bag-9100pbg\\\/#breadcrumb\"},\"inLanguage\":\"en-US\",\"potentialAction\":[{\"@type\":\"ReadAction\",\"target\":[\"https:\\\/\\\/www.mexicanguitarplayers.com\\\/tienda\\\/sin categor\u00eda\\\/funda-proel-p-teclado-bag-9100pbg\\\/\"]}]},{\"@type\":\"ImageObject\",\"inLanguage\":\"en-US\",\"@id\":\"https:\\\/\\\/www.mexicanguitarplayers.com\\\/tienda\\\/sin categor\u00eda\\\/funda-proel-p-teclado-bag-9100pbg\\\/#primaryimage\",\"url\":\"https:\\\/\\\/www.mexicanguitarplayers.com\\\/wp-content\\\/uploads\\\/2025\\\/04\\\/VAPREBAG9100PG.jpg\",\"contentUrl\":\"https:\\\/\\\/www.mexicanguitarplayers.com\\\/wp-content\\\/uploads\\\/2025\\\/04\\\/VAPREBAG9100PG.jpg\",\"width\":1200,\"height\":1200},{\"@type\":\"BreadcrumbList\",\"@id\":\"https:\\\/\\\/www.mexicanguitarplayers.com\\\/tienda\\\/sin categor\u00eda\\\/funda-proel-p-teclado-bag-9100pbg\\\/#breadcrumb\",\"itemListElement\":[{\"@type\":\"ListItem\",\"position\":1,\"name\":\"Portada\",\"item\":\"https:\\\/\\\/www.mexicanguitarplayers.com\\\/\"},{\"@type\":\"ListItem\",\"position\":2,\"name\":\"Tienda\",\"item\":\"https:\\\/\\\/www.mexicanguitarplayers.com\\\/tienda\\\/\"},{\"@type\":\"ListItem\",\"position\":3,\"name\":\"FUNDA PROEL P\\\/TECLADO BAG-9100PBG\"}]},{\"@type\":\"WebSite\",\"@id\":\"https:\\\/\\\/www.mexicanguitarplayers.com\\\/#website\",\"url\":\"https:\\\/\\\/www.mexicanguitarplayers.com\\\/\",\"name\":\"Mexican Guitar Players\",\"description\":\"Website\",\"publisher\":{\"@id\":\"https:\\\/\\\/www.mexicanguitarplayers.com\\\/#organization\"},\"potentialAction\":[{\"@type\":\"SearchAction\",\"target\":{\"@type\":\"EntryPoint\",\"urlTemplate\":\"https:\\\/\\\/www.mexicanguitarplayers.com\\\/?s={search_term_string}\"},\"query-input\":{\"@type\":\"PropertyValueSpecification\",\"valueRequired\":true,\"valueName\":\"search_term_string\"}}],\"inLanguage\":\"en-US\"},{\"@type\":\"Organization\",\"@id\":\"https:\\\/\\\/www.mexicanguitarplayers.com\\\/#organization\",\"name\":\"Mexican Guitar Players\",\"url\":\"https:\\\/\\\/www.mexicanguitarplayers.com\\\/\",\"logo\":{\"@type\":\"ImageObject\",\"inLanguage\":\"en-US\",\"@id\":\"https:\\\/\\\/www.mexicanguitarplayers.com\\\/#\\\/schema\\\/logo\\\/image\\\/\",\"url\":\"\",\"contentUrl\":\"\",\"caption\":\"Mexican Guitar Players\"},\"image\":{\"@id\":\"https:\\\/\\\/www.mexicanguitarplayers.com\\\/#\\\/schema\\\/logo\\\/image\\\/\"}}]}<\/script>\n<!-- \/ Yoast SEO plugin. -->","yoast_head_json":{"title":"FUNDA PROEL P\/TECLADO  BAG-9100PBG - Mexican Guitar Players","description":"Funda Proel para teclado. Modelo: BAG-9100PBG. Fabricada con resistente nylon 840D con bordes de tela. Interior acolchado de espuma de alta densidad de 20 mm deespesor. Agarraderas de nylon reforzado con velcro. La correa para hombro es acolchada y ajustable y se asegura en la parte trasera con s\u00f3lidos aros de metal.Amplios bolsillos al frente para guardar partituras y accesorios.","robots":{"index":"index","follow":"follow","max-snippet":"max-snippet:-1","max-image-preview":"max-image-preview:large","max-video-preview":"max-video-preview:-1"},"canonical":"https:\/\/www.mexicanguitarplayers.com\/en\/tienda\/sin categor\u00eda\/funda-proel-p-teclado-bag-9100pbg\/","og_locale":"en_US","og_type":"article","og_title":"FUNDA PROEL P\/TECLADO  BAG-9100PBG - Mexican Guitar Players","og_description":"Funda Proel para teclado. Modelo: BAG-9100PBG. Fabricada con resistente nylon 840D con bordes de tela. Interior acolchado de espuma de alta densidad de 20 mm deespesor. Agarraderas de nylon reforzado con velcro. La correa para hombro es acolchada y ajustable y se asegura en la parte trasera con s\u00f3lidos aros de metal.Amplios bolsillos al frente para guardar partituras y accesorios.","og_url":"https:\/\/www.mexicanguitarplayers.com\/en\/tienda\/sin categor\u00eda\/funda-proel-p-teclado-bag-9100pbg\/","og_site_name":"Mexican Guitar Players","article_modified_time":"2026-04-10T10:17:58+00:00","twitter_card":"summary_large_image","twitter_misc":{"Est. reading time":"1 minute"},"schema":{"@context":"https:\/\/schema.org","@graph":[{"@type":["WebPage","ItemPage"],"@id":"https:\/\/www.mexicanguitarplayers.com\/tienda\/sin categor\u00eda\/funda-proel-p-teclado-bag-9100pbg\/","url":"https:\/\/www.mexicanguitarplayers.com\/tienda\/sin categor\u00eda\/funda-proel-p-teclado-bag-9100pbg\/","name":"FUNDA PROEL P\/TECLADO BAG-9100PBG - Mexican Guitar Players","isPartOf":{"@id":"https:\/\/www.mexicanguitarplayers.com\/#website"},"primaryImageOfPage":{"@id":"https:\/\/www.mexicanguitarplayers.com\/tienda\/sin categor\u00eda\/funda-proel-p-teclado-bag-9100pbg\/#primaryimage"},"image":{"@id":"https:\/\/www.mexicanguitarplayers.com\/tienda\/sin categor\u00eda\/funda-proel-p-teclado-bag-9100pbg\/#primaryimage"},"thumbnailUrl":"https:\/\/www.mexicanguitarplayers.com\/wp-content\/uploads\/2025\/04\/VAPREBAG9100PG.jpg","datePublished":"2025-04-09T14:52:52+00:00","dateModified":"2026-04-10T10:17:58+00:00","description":"Funda Proel para teclado. Modelo: BAG-9100PBG. Fabricada con resistente nylon 840D con bordes de tela. Interior acolchado de espuma de alta densidad de 20 mm deespesor. Agarraderas de nylon reforzado con velcro. La correa para hombro es acolchada y ajustable y se asegura en la parte trasera con s\u00f3lidos aros de metal.Amplios bolsillos al frente para guardar partituras y accesorios.","breadcrumb":{"@id":"https:\/\/www.mexicanguitarplayers.com\/tienda\/sin categor\u00eda\/funda-proel-p-teclado-bag-9100pbg\/#breadcrumb"},"inLanguage":"en-US","potentialAction":[{"@type":"ReadAction","target":["https:\/\/www.mexicanguitarplayers.com\/tienda\/sin categor\u00eda\/funda-proel-p-teclado-bag-9100pbg\/"]}]},{"@type":"ImageObject","inLanguage":"en-US","@id":"https:\/\/www.mexicanguitarplayers.com\/tienda\/sin categor\u00eda\/funda-proel-p-teclado-bag-9100pbg\/#primaryimage","url":"https:\/\/www.mexicanguitarplayers.com\/wp-content\/uploads\/2025\/04\/VAPREBAG9100PG.jpg","contentUrl":"https:\/\/www.mexicanguitarplayers.com\/wp-content\/uploads\/2025\/04\/VAPREBAG9100PG.jpg","width":1200,"height":1200},{"@type":"BreadcrumbList","@id":"https:\/\/www.mexicanguitarplayers.com\/tienda\/sin categor\u00eda\/funda-proel-p-teclado-bag-9100pbg\/#breadcrumb","itemListElement":[{"@type":"ListItem","position":1,"name":"Portada","item":"https:\/\/www.mexicanguitarplayers.com\/"},{"@type":"ListItem","position":2,"name":"Tienda","item":"https:\/\/www.mexicanguitarplayers.com\/tienda\/"},{"@type":"ListItem","position":3,"name":"FUNDA PROEL P\/TECLADO BAG-9100PBG"}]},{"@type":"WebSite","@id":"https:\/\/www.mexicanguitarplayers.com\/#website","url":"https:\/\/www.mexicanguitarplayers.com\/","name":"Mexican Guitar Players","description":"Website","publisher":{"@id":"https:\/\/www.mexicanguitarplayers.com\/#organization"},"potentialAction":[{"@type":"SearchAction","target":{"@type":"EntryPoint","urlTemplate":"https:\/\/www.mexicanguitarplayers.com\/?s={search_term_string}"},"query-input":{"@type":"PropertyValueSpecification","valueRequired":true,"valueName":"search_term_string"}}],"inLanguage":"en-US"},{"@type":"Organization","@id":"https:\/\/www.mexicanguitarplayers.com\/#organization","name":"Mexican Guitar Players","url":"https:\/\/www.mexicanguitarplayers.com\/","logo":{"@type":"ImageObject","inLanguage":"en-US","@id":"https:\/\/www.mexicanguitarplayers.com\/#\/schema\/logo\/image\/","url":"","contentUrl":"","caption":"Mexican Guitar Players"},"image":{"@id":"https:\/\/www.mexicanguitarplayers.com\/#\/schema\/logo\/image\/"}}]}},"brands":[{"id":252,"name":"PROEL","slug":"proel"}],"_links":{"self":[{"href":"https:\/\/www.mexicanguitarplayers.com\/en\/wp-json\/wp\/v2\/product\/41629","targetHints":{"allow":["GET"]}}],"collection":[{"href":"https:\/\/www.mexicanguitarplayers.com\/en\/wp-json\/wp\/v2\/product"}],"about":[{"href":"https:\/\/www.mexicanguitarplayers.com\/en\/wp-json\/wp\/v2\/types\/product"}],"replies":[{"embeddable":true,"href":"https:\/\/www.mexicanguitarplayers.com\/en\/wp-json\/wp\/v2\/comments?post=41629"}],"wp:featuredmedia":[{"embeddable":true,"href":"https:\/\/www.mexicanguitarplayers.com\/en\/wp-json\/wp\/v2\/media\/41628"}],"wp:attachment":[{"href":"https:\/\/www.mexicanguitarplayers.com\/en\/wp-json\/wp\/v2\/media?parent=41629"}],"wp:term":[{"taxonomy":"pwb-brand","embeddable":true,"href":"https:\/\/www.mexicanguitarplayers.com\/en\/wp-json\/wp\/v2\/pwb-brand?post=41629"},{"taxonomy":"product_brand","embeddable":true,"href":"https:\/\/www.mexicanguitarplayers.com\/en\/wp-json\/wp\/v2\/product_brand?post=41629"},{"taxonomy":"product_cat","embeddable":true,"href":"https:\/\/www.mexicanguitarplayers.com\/en\/wp-json\/wp\/v2\/product_cat?post=41629"},{"taxonomy":"product_tag","embeddable":true,"href":"https:\/\/www.mexicanguitarplayers.com\/en\/wp-json\/wp\/v2\/product_tag?post=41629"}],"curies":[{"name":"wp","href":"https:\/\/api.w.org\/{rel}","templated":true}]}}