{"id":41633,"date":"2025-04-09T08:52:57","date_gmt":"2025-04-09T14:52:57","guid":{"rendered":"https:\/\/www.mexicanguitarplayers.com\/tienda\/sin categor\u00eda\/amplificador-gk-p-bajo-mod-mb-500\/"},"modified":"2026-04-10T04:17:57","modified_gmt":"2026-04-10T10:17:57","slug":"amplificador-gk-p-bajo-mod-mb-500","status":"publish","type":"product","link":"https:\/\/www.mexicanguitarplayers.com\/en\/tienda\/cuerdas\/amplificadores-cuerdas\/amps-para-bajo\/amplificador-gk-p-bajo-mod-mb-500\/","title":{"rendered":"AMPLIFICADOR GK P\/BAJO MOD. MB 500"},"content":{"rendered":"<div style=\"text-align: justify\">\n<div>\n<h3>Serie MB, un ultraligero que vuela muy alto&#8230;<\/h3>\n<\/div>\n<div>Los amplificadores de la serie MB ofrecen alta potencia y calidad en un paquete compacto y ligero. Un preamp F.E.T (Transistores de Efecto de Campo) y un amplificador digital capaz de producir una incre\u00edble potencia sin que se lesione tu espalda. El MB 500 ofrece 1 canal con ganancia, EQ activo de 4 bandas con contour, salida pre\/post XLR, salida con muteo para afinador y pad de -10dB. GALLIEN-KRUEGER es hoy por hoy la firma m\u00e1s respetada en amplificaci\u00f3n para bajo el\u00e9ctrico y ac\u00fastico.  <\/div>\n<div>\n<h4>Quick look<\/h4>\n<\/div>\n<ul style=\"margin: 0px 0px 0px 25px\">\n<li style=\"list-style-type: circle;margin: 5px\">500W de potencia digital<\/li>\n<li style=\"list-style-type: circle;margin: 5px\">EQ de 4 bandas activo<\/li>\n<\/ul>\n<div>\n<div style=\"font-weight: bold\">500W de potencia digital<\/div>\n<div>\n<p>Mucha potencia y bajo peso.<\/p>\n<\/div>\n<div style=\"font-weight: bold\">EQ de 4 bandas activo<\/div>\n<div>\n<p>Todo el control en tus manos<\/p>\n<\/div>\n<\/div>\n<div>\n<h4>Characteristics<\/h4>\n<\/div>\n<div>\n<ul style=\"margin: 0px 0px 0px 25px\">\n<li style=\"list-style-type: circle;margin: 5px\">1.7kg de peso<\/li>\n<li style=\"list-style-type: circle;margin: 5px\">Limitador conmutable<\/li>\n<\/ul>\n<\/div>\n<\/div>","protected":false},"excerpt":{"rendered":"<p>Amplificador GK p\/bajo mod. MB 500. Amplificador para bajo, 500 watts a 4 ohms,350 watts a 8 ohms, pad de 10dB, EQ de 4 bandas activo con contour, salida XLR,pre\/post EQ, salida speakon. loop de efectos y salida a aud\u00edfonos, solo pesa 1.7kg!&hellip; <a class=\"kt-excerpt-readmore more-link\" href=\"https:\/\/www.mexicanguitarplayers.com\/en\/tienda\/cuerdas\/amplificadores-cuerdas\/amps-para-bajo\/amplificador-gk-p-bajo-mod-mb-500\/\">Read more<\/a><\/p>","protected":false},"featured_media":41630,"comment_status":"open","ping_status":"closed","template":"","meta":{"kt_blocks_editor_width":""},"pwb-brand":[265],"product_brand":[],"product_cat":[219,254,224],"product_tag":[],"class_list":{"0":"post-41633","1":"product","2":"type-product","3":"status-publish","4":"has-post-thumbnail","6":"pwb-brand-gallien-krueger","7":"product_cat-amplificadores-audio","8":"product_cat-amps-para-bajo","9":"product_cat-cuerdas","10":"product_shipping_class-0-5-kg","12":"first","13":"outofstock","14":"taxable","15":"shipping-taxable","16":"purchasable","17":"product-type-simple"},"yoast_head":"<!-- This site is optimized with the Yoast SEO plugin v27.5 - https:\/\/yoast.com\/product\/yoast-seo-wordpress\/ -->\n<title>AMPLIFICADOR GK P\/BAJO MOD. MB 500 - Mexican Guitar Players<\/title>\n<meta name=\"description\" content=\"Amplificador GK p\/bajo mod. MB 500. Amplificador para bajo, 500 watts a 4 ohms,350 watts a 8 ohms, pad de 10dB, EQ de 4 bandas activo con contour, salida XLR,pre\/post EQ, salida speakon. loop de efectos y salida a aud\u00edfonos, solo pesa 1.7kg!\" \/>\n<meta name=\"robots\" content=\"index, follow, max-snippet:-1, max-image-preview:large, max-video-preview:-1\" \/>\n<link rel=\"canonical\" href=\"https:\/\/www.mexicanguitarplayers.com\/en\/tienda\/sin%20categor\u00eda\/amplificador-gk-p-bajo-mod-mb-500\/\" \/>\n<meta property=\"og:locale\" content=\"en_US\" \/>\n<meta property=\"og:type\" content=\"article\" \/>\n<meta property=\"og:title\" content=\"AMPLIFICADOR GK P\/BAJO MOD. MB 500 - Mexican Guitar Players\" \/>\n<meta property=\"og:description\" content=\"Amplificador GK p\/bajo mod. MB 500. Amplificador para bajo, 500 watts a 4 ohms,350 watts a 8 ohms, pad de 10dB, EQ de 4 bandas activo con contour, salida XLR,pre\/post EQ, salida speakon. loop de efectos y salida a aud\u00edfonos, solo pesa 1.7kg!\" \/>\n<meta property=\"og:url\" content=\"https:\/\/www.mexicanguitarplayers.com\/en\/tienda\/sin categor\u00eda\/amplificador-gk-p-bajo-mod-mb-500\/\" \/>\n<meta property=\"og:site_name\" content=\"Mexican Guitar Players\" \/>\n<meta property=\"article:modified_time\" content=\"2026-04-10T10:17:57+00:00\" \/>\n<meta name=\"twitter:card\" content=\"summary_large_image\" \/>\n<meta name=\"twitter:label1\" content=\"Est. reading time\" \/>\n\t<meta name=\"twitter:data1\" content=\"1 minute\" \/>\n<script type=\"application\/ld+json\" class=\"yoast-schema-graph\">{\"@context\":\"https:\\\/\\\/schema.org\",\"@graph\":[{\"@type\":[\"WebPage\",\"ItemPage\"],\"@id\":\"https:\\\/\\\/www.mexicanguitarplayers.com\\\/tienda\\\/sin categor\u00eda\\\/amplificador-gk-p-bajo-mod-mb-500\\\/\",\"url\":\"https:\\\/\\\/www.mexicanguitarplayers.com\\\/tienda\\\/sin categor\u00eda\\\/amplificador-gk-p-bajo-mod-mb-500\\\/\",\"name\":\"AMPLIFICADOR GK P\\\/BAJO MOD. MB 500 - Mexican Guitar Players\",\"isPartOf\":{\"@id\":\"https:\\\/\\\/www.mexicanguitarplayers.com\\\/#website\"},\"primaryImageOfPage\":{\"@id\":\"https:\\\/\\\/www.mexicanguitarplayers.com\\\/tienda\\\/sin categor\u00eda\\\/amplificador-gk-p-bajo-mod-mb-500\\\/#primaryimage\"},\"image\":{\"@id\":\"https:\\\/\\\/www.mexicanguitarplayers.com\\\/tienda\\\/sin categor\u00eda\\\/amplificador-gk-p-bajo-mod-mb-500\\\/#primaryimage\"},\"thumbnailUrl\":\"https:\\\/\\\/www.mexicanguitarplayers.com\\\/wp-content\\\/uploads\\\/2025\\\/04\\\/ICGKRMB500.jpg\",\"datePublished\":\"2025-04-09T14:52:57+00:00\",\"dateModified\":\"2026-04-10T10:17:57+00:00\",\"description\":\"Amplificador GK p\\\/bajo mod. MB 500. Amplificador para bajo, 500 watts a 4 ohms,350 watts a 8 ohms, pad de 10dB, EQ de 4 bandas activo con contour, salida XLR,pre\\\/post EQ, salida speakon. loop de efectos y salida a aud\u00edfonos, solo pesa 1.7kg!\",\"breadcrumb\":{\"@id\":\"https:\\\/\\\/www.mexicanguitarplayers.com\\\/tienda\\\/sin categor\u00eda\\\/amplificador-gk-p-bajo-mod-mb-500\\\/#breadcrumb\"},\"inLanguage\":\"en-US\",\"potentialAction\":[{\"@type\":\"ReadAction\",\"target\":[\"https:\\\/\\\/www.mexicanguitarplayers.com\\\/tienda\\\/sin categor\u00eda\\\/amplificador-gk-p-bajo-mod-mb-500\\\/\"]}]},{\"@type\":\"ImageObject\",\"inLanguage\":\"en-US\",\"@id\":\"https:\\\/\\\/www.mexicanguitarplayers.com\\\/tienda\\\/sin categor\u00eda\\\/amplificador-gk-p-bajo-mod-mb-500\\\/#primaryimage\",\"url\":\"https:\\\/\\\/www.mexicanguitarplayers.com\\\/wp-content\\\/uploads\\\/2025\\\/04\\\/ICGKRMB500.jpg\",\"contentUrl\":\"https:\\\/\\\/www.mexicanguitarplayers.com\\\/wp-content\\\/uploads\\\/2025\\\/04\\\/ICGKRMB500.jpg\",\"width\":1600,\"height\":800},{\"@type\":\"BreadcrumbList\",\"@id\":\"https:\\\/\\\/www.mexicanguitarplayers.com\\\/tienda\\\/sin categor\u00eda\\\/amplificador-gk-p-bajo-mod-mb-500\\\/#breadcrumb\",\"itemListElement\":[{\"@type\":\"ListItem\",\"position\":1,\"name\":\"Portada\",\"item\":\"https:\\\/\\\/www.mexicanguitarplayers.com\\\/\"},{\"@type\":\"ListItem\",\"position\":2,\"name\":\"Tienda\",\"item\":\"https:\\\/\\\/www.mexicanguitarplayers.com\\\/tienda\\\/\"},{\"@type\":\"ListItem\",\"position\":3,\"name\":\"AMPLIFICADOR GK P\\\/BAJO MOD. MB 500\"}]},{\"@type\":\"WebSite\",\"@id\":\"https:\\\/\\\/www.mexicanguitarplayers.com\\\/#website\",\"url\":\"https:\\\/\\\/www.mexicanguitarplayers.com\\\/\",\"name\":\"Mexican Guitar Players\",\"description\":\"Website\",\"publisher\":{\"@id\":\"https:\\\/\\\/www.mexicanguitarplayers.com\\\/#organization\"},\"potentialAction\":[{\"@type\":\"SearchAction\",\"target\":{\"@type\":\"EntryPoint\",\"urlTemplate\":\"https:\\\/\\\/www.mexicanguitarplayers.com\\\/?s={search_term_string}\"},\"query-input\":{\"@type\":\"PropertyValueSpecification\",\"valueRequired\":true,\"valueName\":\"search_term_string\"}}],\"inLanguage\":\"en-US\"},{\"@type\":\"Organization\",\"@id\":\"https:\\\/\\\/www.mexicanguitarplayers.com\\\/#organization\",\"name\":\"Mexican Guitar Players\",\"url\":\"https:\\\/\\\/www.mexicanguitarplayers.com\\\/\",\"logo\":{\"@type\":\"ImageObject\",\"inLanguage\":\"en-US\",\"@id\":\"https:\\\/\\\/www.mexicanguitarplayers.com\\\/#\\\/schema\\\/logo\\\/image\\\/\",\"url\":\"\",\"contentUrl\":\"\",\"caption\":\"Mexican Guitar Players\"},\"image\":{\"@id\":\"https:\\\/\\\/www.mexicanguitarplayers.com\\\/#\\\/schema\\\/logo\\\/image\\\/\"}}]}<\/script>\n<!-- \/ Yoast SEO plugin. -->","yoast_head_json":{"title":"AMPLIFICADOR GK P\/BAJO MOD. MB 500 - Mexican Guitar Players","description":"Amplificador GK p\/bajo mod. MB 500. Amplificador para bajo, 500 watts a 4 ohms,350 watts a 8 ohms, pad de 10dB, EQ de 4 bandas activo con contour, salida XLR,pre\/post EQ, salida speakon. loop de efectos y salida a aud\u00edfonos, solo pesa 1.7kg!","robots":{"index":"index","follow":"follow","max-snippet":"max-snippet:-1","max-image-preview":"max-image-preview:large","max-video-preview":"max-video-preview:-1"},"canonical":"https:\/\/www.mexicanguitarplayers.com\/en\/tienda\/sin categor\u00eda\/amplificador-gk-p-bajo-mod-mb-500\/","og_locale":"en_US","og_type":"article","og_title":"AMPLIFICADOR GK P\/BAJO MOD. MB 500 - Mexican Guitar Players","og_description":"Amplificador GK p\/bajo mod. MB 500. Amplificador para bajo, 500 watts a 4 ohms,350 watts a 8 ohms, pad de 10dB, EQ de 4 bandas activo con contour, salida XLR,pre\/post EQ, salida speakon. loop de efectos y salida a aud\u00edfonos, solo pesa 1.7kg!","og_url":"https:\/\/www.mexicanguitarplayers.com\/en\/tienda\/sin categor\u00eda\/amplificador-gk-p-bajo-mod-mb-500\/","og_site_name":"Mexican Guitar Players","article_modified_time":"2026-04-10T10:17:57+00:00","twitter_card":"summary_large_image","twitter_misc":{"Est. reading time":"1 minute"},"schema":{"@context":"https:\/\/schema.org","@graph":[{"@type":["WebPage","ItemPage"],"@id":"https:\/\/www.mexicanguitarplayers.com\/tienda\/sin categor\u00eda\/amplificador-gk-p-bajo-mod-mb-500\/","url":"https:\/\/www.mexicanguitarplayers.com\/tienda\/sin categor\u00eda\/amplificador-gk-p-bajo-mod-mb-500\/","name":"AMPLIFICADOR GK P\/BAJO MOD. MB 500 - Mexican Guitar Players","isPartOf":{"@id":"https:\/\/www.mexicanguitarplayers.com\/#website"},"primaryImageOfPage":{"@id":"https:\/\/www.mexicanguitarplayers.com\/tienda\/sin categor\u00eda\/amplificador-gk-p-bajo-mod-mb-500\/#primaryimage"},"image":{"@id":"https:\/\/www.mexicanguitarplayers.com\/tienda\/sin categor\u00eda\/amplificador-gk-p-bajo-mod-mb-500\/#primaryimage"},"thumbnailUrl":"https:\/\/www.mexicanguitarplayers.com\/wp-content\/uploads\/2025\/04\/ICGKRMB500.jpg","datePublished":"2025-04-09T14:52:57+00:00","dateModified":"2026-04-10T10:17:57+00:00","description":"Amplificador GK p\/bajo mod. MB 500. Amplificador para bajo, 500 watts a 4 ohms,350 watts a 8 ohms, pad de 10dB, EQ de 4 bandas activo con contour, salida XLR,pre\/post EQ, salida speakon. loop de efectos y salida a aud\u00edfonos, solo pesa 1.7kg!","breadcrumb":{"@id":"https:\/\/www.mexicanguitarplayers.com\/tienda\/sin categor\u00eda\/amplificador-gk-p-bajo-mod-mb-500\/#breadcrumb"},"inLanguage":"en-US","potentialAction":[{"@type":"ReadAction","target":["https:\/\/www.mexicanguitarplayers.com\/tienda\/sin categor\u00eda\/amplificador-gk-p-bajo-mod-mb-500\/"]}]},{"@type":"ImageObject","inLanguage":"en-US","@id":"https:\/\/www.mexicanguitarplayers.com\/tienda\/sin categor\u00eda\/amplificador-gk-p-bajo-mod-mb-500\/#primaryimage","url":"https:\/\/www.mexicanguitarplayers.com\/wp-content\/uploads\/2025\/04\/ICGKRMB500.jpg","contentUrl":"https:\/\/www.mexicanguitarplayers.com\/wp-content\/uploads\/2025\/04\/ICGKRMB500.jpg","width":1600,"height":800},{"@type":"BreadcrumbList","@id":"https:\/\/www.mexicanguitarplayers.com\/tienda\/sin categor\u00eda\/amplificador-gk-p-bajo-mod-mb-500\/#breadcrumb","itemListElement":[{"@type":"ListItem","position":1,"name":"Portada","item":"https:\/\/www.mexicanguitarplayers.com\/"},{"@type":"ListItem","position":2,"name":"Tienda","item":"https:\/\/www.mexicanguitarplayers.com\/tienda\/"},{"@type":"ListItem","position":3,"name":"AMPLIFICADOR GK P\/BAJO MOD. MB 500"}]},{"@type":"WebSite","@id":"https:\/\/www.mexicanguitarplayers.com\/#website","url":"https:\/\/www.mexicanguitarplayers.com\/","name":"Mexican Guitar Players","description":"Website","publisher":{"@id":"https:\/\/www.mexicanguitarplayers.com\/#organization"},"potentialAction":[{"@type":"SearchAction","target":{"@type":"EntryPoint","urlTemplate":"https:\/\/www.mexicanguitarplayers.com\/?s={search_term_string}"},"query-input":{"@type":"PropertyValueSpecification","valueRequired":true,"valueName":"search_term_string"}}],"inLanguage":"en-US"},{"@type":"Organization","@id":"https:\/\/www.mexicanguitarplayers.com\/#organization","name":"Mexican Guitar Players","url":"https:\/\/www.mexicanguitarplayers.com\/","logo":{"@type":"ImageObject","inLanguage":"en-US","@id":"https:\/\/www.mexicanguitarplayers.com\/#\/schema\/logo\/image\/","url":"","contentUrl":"","caption":"Mexican Guitar Players"},"image":{"@id":"https:\/\/www.mexicanguitarplayers.com\/#\/schema\/logo\/image\/"}}]}},"brands":[{"id":265,"name":"GALLIEN-KRUEGER","slug":"gallien-krueger"}],"_links":{"self":[{"href":"https:\/\/www.mexicanguitarplayers.com\/en\/wp-json\/wp\/v2\/product\/41633","targetHints":{"allow":["GET"]}}],"collection":[{"href":"https:\/\/www.mexicanguitarplayers.com\/en\/wp-json\/wp\/v2\/product"}],"about":[{"href":"https:\/\/www.mexicanguitarplayers.com\/en\/wp-json\/wp\/v2\/types\/product"}],"replies":[{"embeddable":true,"href":"https:\/\/www.mexicanguitarplayers.com\/en\/wp-json\/wp\/v2\/comments?post=41633"}],"wp:featuredmedia":[{"embeddable":true,"href":"https:\/\/www.mexicanguitarplayers.com\/en\/wp-json\/wp\/v2\/media\/41630"}],"wp:attachment":[{"href":"https:\/\/www.mexicanguitarplayers.com\/en\/wp-json\/wp\/v2\/media?parent=41633"}],"wp:term":[{"taxonomy":"pwb-brand","embeddable":true,"href":"https:\/\/www.mexicanguitarplayers.com\/en\/wp-json\/wp\/v2\/pwb-brand?post=41633"},{"taxonomy":"product_brand","embeddable":true,"href":"https:\/\/www.mexicanguitarplayers.com\/en\/wp-json\/wp\/v2\/product_brand?post=41633"},{"taxonomy":"product_cat","embeddable":true,"href":"https:\/\/www.mexicanguitarplayers.com\/en\/wp-json\/wp\/v2\/product_cat?post=41633"},{"taxonomy":"product_tag","embeddable":true,"href":"https:\/\/www.mexicanguitarplayers.com\/en\/wp-json\/wp\/v2\/product_tag?post=41633"}],"curies":[{"name":"wp","href":"https:\/\/api.w.org\/{rel}","templated":true}]}}