{"id":41653,"date":"2025-04-09T08:53:24","date_gmt":"2025-04-09T14:53:24","guid":{"rendered":"https:\/\/www.mexicanguitarplayers.com\/tienda\/sin categor\u00eda\/bafle-proel-subwoofer-mod-tflv-218sp-4\/"},"modified":"2026-04-10T04:17:53","modified_gmt":"2026-04-10T10:17:53","slug":"bafle-proel-subwoofer-mod-tflv-218sp-4","status":"publish","type":"product","link":"https:\/\/www.mexicanguitarplayers.com\/en\/tienda\/audio\/bafles-y-bocinas\/bafles\/bafles-pasivos\/bafle-proel-subwoofer-mod-tflv-218sp-4\/","title":{"rendered":"BAFLE PROEL SUBWOOFER MOD. TFLV-218SP\/4"},"content":{"rendered":"<div style=\"text-align: justify\">\n<div>\n<h3>Las mejores caracter\u00edsticas en altavoces.<\/h3>\n<\/div>\n<div>La serie TFL de difusores trapezoidales es una l\u00ednea de productos aptos para la instalaci\u00f3n o para uso en giras, disponible en versi\u00f3n barnizada (cobertura muy resistente y anti rasgaduras) o forrada con moqueta ign\u00edfuga (clase 1).  Los recintos, dise\u00f1ados asim\u00e9tricamente para utilizarse tambi\u00e9n como monitores de suelo, est\u00e1n realizados en contrachapado de abedul de 18 mm. Los difusores est\u00e1n dotados de  una espesa red protectora de metal, una base para soportes y asas ergon\u00f3micas para facilitar su transporte.  Injertos M10 garantizan la m\u00e1xima fiabilidad en las instalaciones colgadas. Los woofers de alta calidad est\u00e1n caracterizados por el sistema ISV (Interleaved Sandwich Voice Coils) y por canastas en aluminio moldeado a presi\u00f3n con doble ventilaci\u00f3n, dise\u00f1adas para obtener una elevada disipaci\u00f3n del calor y para reducir el efecto de \u201cpower compression\u201d. La excursi\u00f3n mec\u00e1nica  est\u00e1 optimizada y garantizada por el sistema DSS (Double SIlicon Spider), que controla la linealidad del transductor. El sistema DDR (Double Demodulating Rings) asegura una baja distorsi\u00f3n y una excelente calidad sonora.  Los drivers de compresi\u00f3n para las altas frecuencias est\u00e1n caracterizados por diafragmas de titanio, bobina con hilo plano en aluminio, baja distorsi\u00f3n y una excelente  respuesta en frecuencia.  El sistema Proel de bocinas de gu\u00eda de onda esf\u00e9rica SWG (Spherical Wave Guide) tiene una cobertura de 70H x 70V y permite una dispersi\u00f3n uniforme de las altas frecuencias con una clara respuesta ac\u00fastica. Los difusores TFLV\/TFL incluyen crossover pasivos 12\/24dB\/oct con protecci\u00f3n electr\u00f3nica para las altas frecuencias, para alcanzar la m\u00e1xima flexibilidad en todas condiciones.  El selector externo Full Range\/Bi-Amp permite el control de sistemas m\u00faltiples. Dos conectores profesionales SPK4MP de 4 polos garantizan un bloqueo seguro de los cables de conexi\u00f3n y una excelente transferencia de la potencia. Todos los difusores Proel est\u00e1n sometidos a pruebas seg\u00fan las normas  AES; todos los dispositivos electr\u00f3nicos est\u00e1n fabricados seg\u00fan las normas CE.  La serie TFLV\/TFL est\u00e1 completada por una amplia gama de accesorios y hardware para la instalaci\u00f3n: soportes de suelo y de pared, cables de acero, alcayatas, coberturas de protecci\u00f3n y cables de potencia para facilitar el uso en cualquier tipo de instalaci\u00f3n. Proel propone, adem\u00e1s, cuatro kit TFLV\/TFL plug\u2019n\u2019play completos de rack de amplificaci\u00f3n PowerPack completamente cableado.<\/div>\n<div>\n<h4>Quick look<\/h4>\n<\/div>\n<ul style=\"margin: 0px 0px 0px 25px\">\n<li style=\"list-style-type: circle;margin: 5px\">Tipo de sistema.<\/li>\n<li style=\"list-style-type: circle;margin: 5px\">Nominal impedance.<\/li>\n<li style=\"list-style-type: circle;margin: 5px\">Power.<\/li>\n<li style=\"list-style-type: circle;margin: 5px\">Frequency response.<\/li>\n<li style=\"list-style-type: circle;margin: 5px\">Sensitivity.<\/li>\n<li style=\"list-style-type: circle;margin: 5px\">Maximum SPL.<\/li>\n<li style=\"list-style-type: circle;margin: 5px\">Dispositivo de baja frecuencia.<\/li>\n<li style=\"list-style-type: circle;margin: 5px\">Frecuencia del crossover.<\/li>\n<li style=\"list-style-type: circle;margin: 5px\">Connectors.<\/li>\n<li style=\"list-style-type: circle;margin: 5px\">Gabinete.<\/li>\n<li style=\"list-style-type: circle;margin: 5px\">Dimensions.<\/li>\n<li style=\"list-style-type: circle;margin: 5px\">Weight.<\/li>\n<\/ul>\n<div>\n<div style=\"font-weight: bold\">Tipo de sistema.<\/div>\n<div>\n<p>Subwoofer.<\/p>\n<\/div>\n<div style=\"font-weight: bold\">Nominal impedance.<\/div>\n<div>\n<p>4 ohms.<\/p>\n<\/div>\n<div style=\"font-weight: bold\">Power.<\/div>\n<div>\n<p>Continuo: 1200 Watts. Pico: 2400 Watts.<\/p>\n<\/div>\n<div style=\"font-weight: bold\">Frequency response.<\/div>\n<div>\n<p>Desde 35 Hz.<\/p>\n<\/div>\n<div style=\"font-weight: bold\">Sensitivity.<\/div>\n<div>\n<p>100 dB.<\/p>\n<\/div>\n<div style=\"font-weight: bold\">Maximum SPL.<\/div>\n<div>\n<p>133 dB.<\/p>\n<\/div>\n<div style=\"font-weight: bold\">Dispositivo de baja frecuencia.<\/div>\n<div>\n<p>2 woofers de 18\u201d. Bobina m\u00f3vil de 4\u201d.<\/p>\n<\/div>\n<div style=\"font-weight: bold\">Frecuencia del crossover.<\/div>\n<div>\n<p>80 &#8211; 160 Hz externo.<\/p>\n<\/div>\n<div style=\"font-weight: bold\">Connectors.<\/div>\n<div>\n<p>2 x SPK4MP linked.<\/p>\n<\/div>\n<div style=\"font-weight: bold\">Gabinete.<\/div>\n<div>\n<p>Contrachapado de abedul de 18 mm.<\/p>\n<\/div>\n<div style=\"font-weight: bold\">Dimensions.<\/div>\n<div>\n<p>50 x 130.5 x 75 cm.<\/p>\n<\/div>\n<div style=\"font-weight: bold\">Weight.<\/div>\n<div>\n<p>92 Kg.<\/p>\n<\/div>\n<\/div>\n<div>\n<h4>Characteristics<\/h4>\n<\/div>\n<div>\n<ul style=\"margin: 0px 0px 0px 25px\">\n<li style=\"list-style-type: circle;margin: 5px\">Selector externo para Full-Range Bi-Amp.<\/li>\n<li style=\"list-style-type: circle;margin: 5px\">Circuito de protecci\u00f3n electr\u00f3nica para driver de las altas frecuencias.<\/li>\n<li style=\"list-style-type: circle;margin: 5px\">Crossover pasivos 12\/24dB\/oct.<\/li>\n<li style=\"list-style-type: circle;margin: 5px\">Bocinas de gu\u00eda de onda esf\u00e9rica SWG 70H x 70V.<\/li>\n<li style=\"list-style-type: circle;margin: 5px\">Conectores profesionales SPK4MP de 4 polos.<\/li>\n<li style=\"list-style-type: circle;margin: 5px\">Asas de metal ergon\u00f3micas.<\/li>\n<li style=\"list-style-type: circle;margin: 5px\">Rejilla de protecci\u00f3n a prueba de  choque con barnizado resistente y anti rasgaduras.<\/li>\n<li style=\"list-style-type: circle;margin: 5px\">Revestimiento en barnizado extra-strong.<\/li>\n<li style=\"list-style-type: circle;margin: 5px\">Forro en moqueta ignifuga clase 1).<\/li>\n<li style=\"list-style-type: circle;margin: 5px\">Puntos de anclaje M10.<\/li>\n<li style=\"list-style-type: circle;margin: 5px\">Recintos asim\u00e9tricos para utilizaci\u00f3n como monitores de suelo.<\/li>\n<li style=\"list-style-type: circle;margin: 5px\">Contrachapado de abedul de 18 mm de alta calidad.<\/li>\n<li style=\"list-style-type: circle;margin: 5px\">Bases en aluminio moldeado a presi\u00f3n para soportes de suelo y de pared.<\/li>\n<\/ul>\n<\/div>\n<\/div>","protected":false},"excerpt":{"rendered":"<p>Subwoofer pasivo de la serie Templar Flying, impedancia nominal: 4 ohms, potencia continua: 1200 watts, potencia pico: 2400 watts, respuesta de frecuencia desde 35 Hz, sensibilidad: 100 dB, SPL m\u00e1ximo: 133 dB, gabinete contrachapado de abedul de 18 mm, dimensiones: 50 x 130.5 x 75 cm, peso: 92 kg.&hellip; <a class=\"kt-excerpt-readmore more-link\" href=\"https:\/\/www.mexicanguitarplayers.com\/en\/tienda\/audio\/bafles-y-bocinas\/bafles\/bafles-pasivos\/bafle-proel-subwoofer-mod-tflv-218sp-4\/\">Read more<\/a><\/p>","protected":false},"featured_media":41652,"comment_status":"open","ping_status":"closed","template":"","meta":{"kt_blocks_editor_width":""},"pwb-brand":[252],"product_brand":[],"product_cat":[213,222,223,221],"product_tag":[],"class_list":{"0":"post-41653","1":"product","2":"type-product","3":"status-publish","4":"has-post-thumbnail","6":"pwb-brand-proel","7":"product_cat-audio","8":"product_cat-bafles","9":"product_cat-bafles-pasivos","10":"product_cat-bafles-y-bocinas","12":"first","13":"outofstock","14":"taxable","15":"shipping-taxable","16":"purchasable","17":"product-type-simple"},"yoast_head":"<!-- This site is optimized with the Yoast SEO plugin v27.5 - https:\/\/yoast.com\/product\/yoast-seo-wordpress\/ -->\n<title>BAFLE PROEL SUBWOOFER MOD. TFLV-218SP\/4 - Mexican Guitar Players<\/title>\n<meta name=\"description\" content=\"Subwoofer pasivo de la serie Templar Flying, impedancia nominal: 4 ohms, potencia continua: 1200 watts, potencia pico: 2400 watts, respuesta de frecuencia desde 35 Hz, sensibilidad: 100 dB, SPL m\u00e1ximo: 133 dB, gabinete contrachapado de abedul de 18 mm, dimensiones: 50 x 130.5 x 75 cm, peso: 92 kg.\" \/>\n<meta name=\"robots\" content=\"index, follow, max-snippet:-1, max-image-preview:large, max-video-preview:-1\" \/>\n<link rel=\"canonical\" href=\"https:\/\/www.mexicanguitarplayers.com\/en\/tienda\/sin%20categor\u00eda\/bafle-proel-subwoofer-mod-tflv-218sp-4\/\" \/>\n<meta property=\"og:locale\" content=\"en_US\" \/>\n<meta property=\"og:type\" content=\"article\" \/>\n<meta property=\"og:title\" content=\"BAFLE PROEL SUBWOOFER MOD. TFLV-218SP\/4 - Mexican Guitar Players\" \/>\n<meta property=\"og:description\" content=\"Subwoofer pasivo de la serie Templar Flying, impedancia nominal: 4 ohms, potencia continua: 1200 watts, potencia pico: 2400 watts, respuesta de frecuencia desde 35 Hz, sensibilidad: 100 dB, SPL m\u00e1ximo: 133 dB, gabinete contrachapado de abedul de 18 mm, dimensiones: 50 x 130.5 x 75 cm, peso: 92 kg.\" \/>\n<meta property=\"og:url\" content=\"https:\/\/www.mexicanguitarplayers.com\/en\/tienda\/sin categor\u00eda\/bafle-proel-subwoofer-mod-tflv-218sp-4\/\" \/>\n<meta property=\"og:site_name\" content=\"Mexican Guitar Players\" \/>\n<meta property=\"article:modified_time\" content=\"2026-04-10T10:17:53+00:00\" \/>\n<meta name=\"twitter:card\" content=\"summary_large_image\" \/>\n<meta name=\"twitter:label1\" content=\"Est. reading time\" \/>\n\t<meta name=\"twitter:data1\" content=\"3 minutes\" \/>\n<script type=\"application\/ld+json\" class=\"yoast-schema-graph\">{\"@context\":\"https:\\\/\\\/schema.org\",\"@graph\":[{\"@type\":[\"WebPage\",\"ItemPage\"],\"@id\":\"https:\\\/\\\/www.mexicanguitarplayers.com\\\/tienda\\\/sin categor\u00eda\\\/bafle-proel-subwoofer-mod-tflv-218sp-4\\\/\",\"url\":\"https:\\\/\\\/www.mexicanguitarplayers.com\\\/tienda\\\/sin categor\u00eda\\\/bafle-proel-subwoofer-mod-tflv-218sp-4\\\/\",\"name\":\"BAFLE PROEL SUBWOOFER MOD. TFLV-218SP\\\/4 - Mexican Guitar Players\",\"isPartOf\":{\"@id\":\"https:\\\/\\\/www.mexicanguitarplayers.com\\\/#website\"},\"primaryImageOfPage\":{\"@id\":\"https:\\\/\\\/www.mexicanguitarplayers.com\\\/tienda\\\/sin categor\u00eda\\\/bafle-proel-subwoofer-mod-tflv-218sp-4\\\/#primaryimage\"},\"image\":{\"@id\":\"https:\\\/\\\/www.mexicanguitarplayers.com\\\/tienda\\\/sin categor\u00eda\\\/bafle-proel-subwoofer-mod-tflv-218sp-4\\\/#primaryimage\"},\"thumbnailUrl\":\"https:\\\/\\\/www.mexicanguitarplayers.com\\\/wp-content\\\/uploads\\\/2025\\\/04\\\/IAPRETFLV218S4.jpg\",\"datePublished\":\"2025-04-09T14:53:24+00:00\",\"dateModified\":\"2026-04-10T10:17:53+00:00\",\"description\":\"Subwoofer pasivo de la serie Templar Flying, impedancia nominal: 4 ohms, potencia continua: 1200 watts, potencia pico: 2400 watts, respuesta de frecuencia desde 35 Hz, sensibilidad: 100 dB, SPL m\u00e1ximo: 133 dB, gabinete contrachapado de abedul de 18 mm, dimensiones: 50 x 130.5 x 75 cm, peso: 92 kg.\",\"breadcrumb\":{\"@id\":\"https:\\\/\\\/www.mexicanguitarplayers.com\\\/tienda\\\/sin categor\u00eda\\\/bafle-proel-subwoofer-mod-tflv-218sp-4\\\/#breadcrumb\"},\"inLanguage\":\"en-US\",\"potentialAction\":[{\"@type\":\"ReadAction\",\"target\":[\"https:\\\/\\\/www.mexicanguitarplayers.com\\\/tienda\\\/sin categor\u00eda\\\/bafle-proel-subwoofer-mod-tflv-218sp-4\\\/\"]}]},{\"@type\":\"ImageObject\",\"inLanguage\":\"en-US\",\"@id\":\"https:\\\/\\\/www.mexicanguitarplayers.com\\\/tienda\\\/sin categor\u00eda\\\/bafle-proel-subwoofer-mod-tflv-218sp-4\\\/#primaryimage\",\"url\":\"https:\\\/\\\/www.mexicanguitarplayers.com\\\/wp-content\\\/uploads\\\/2025\\\/04\\\/IAPRETFLV218S4.jpg\",\"contentUrl\":\"https:\\\/\\\/www.mexicanguitarplayers.com\\\/wp-content\\\/uploads\\\/2025\\\/04\\\/IAPRETFLV218S4.jpg\",\"width\":1200,\"height\":1200},{\"@type\":\"BreadcrumbList\",\"@id\":\"https:\\\/\\\/www.mexicanguitarplayers.com\\\/tienda\\\/sin categor\u00eda\\\/bafle-proel-subwoofer-mod-tflv-218sp-4\\\/#breadcrumb\",\"itemListElement\":[{\"@type\":\"ListItem\",\"position\":1,\"name\":\"Portada\",\"item\":\"https:\\\/\\\/www.mexicanguitarplayers.com\\\/\"},{\"@type\":\"ListItem\",\"position\":2,\"name\":\"Tienda\",\"item\":\"https:\\\/\\\/www.mexicanguitarplayers.com\\\/tienda\\\/\"},{\"@type\":\"ListItem\",\"position\":3,\"name\":\"BAFLE PROEL SUBWOOFER MOD. TFLV-218SP\\\/4\"}]},{\"@type\":\"WebSite\",\"@id\":\"https:\\\/\\\/www.mexicanguitarplayers.com\\\/#website\",\"url\":\"https:\\\/\\\/www.mexicanguitarplayers.com\\\/\",\"name\":\"Mexican Guitar Players\",\"description\":\"Website\",\"publisher\":{\"@id\":\"https:\\\/\\\/www.mexicanguitarplayers.com\\\/#organization\"},\"potentialAction\":[{\"@type\":\"SearchAction\",\"target\":{\"@type\":\"EntryPoint\",\"urlTemplate\":\"https:\\\/\\\/www.mexicanguitarplayers.com\\\/?s={search_term_string}\"},\"query-input\":{\"@type\":\"PropertyValueSpecification\",\"valueRequired\":true,\"valueName\":\"search_term_string\"}}],\"inLanguage\":\"en-US\"},{\"@type\":\"Organization\",\"@id\":\"https:\\\/\\\/www.mexicanguitarplayers.com\\\/#organization\",\"name\":\"Mexican Guitar Players\",\"url\":\"https:\\\/\\\/www.mexicanguitarplayers.com\\\/\",\"logo\":{\"@type\":\"ImageObject\",\"inLanguage\":\"en-US\",\"@id\":\"https:\\\/\\\/www.mexicanguitarplayers.com\\\/#\\\/schema\\\/logo\\\/image\\\/\",\"url\":\"\",\"contentUrl\":\"\",\"caption\":\"Mexican Guitar Players\"},\"image\":{\"@id\":\"https:\\\/\\\/www.mexicanguitarplayers.com\\\/#\\\/schema\\\/logo\\\/image\\\/\"}}]}<\/script>\n<!-- \/ Yoast SEO plugin. -->","yoast_head_json":{"title":"BAFLE PROEL SUBWOOFER MOD. TFLV-218SP\/4 - Mexican Guitar Players","description":"Subwoofer pasivo de la serie Templar Flying, impedancia nominal: 4 ohms, potencia continua: 1200 watts, potencia pico: 2400 watts, respuesta de frecuencia desde 35 Hz, sensibilidad: 100 dB, SPL m\u00e1ximo: 133 dB, gabinete contrachapado de abedul de 18 mm, dimensiones: 50 x 130.5 x 75 cm, peso: 92 kg.","robots":{"index":"index","follow":"follow","max-snippet":"max-snippet:-1","max-image-preview":"max-image-preview:large","max-video-preview":"max-video-preview:-1"},"canonical":"https:\/\/www.mexicanguitarplayers.com\/en\/tienda\/sin categor\u00eda\/bafle-proel-subwoofer-mod-tflv-218sp-4\/","og_locale":"en_US","og_type":"article","og_title":"BAFLE PROEL SUBWOOFER MOD. TFLV-218SP\/4 - Mexican Guitar Players","og_description":"Subwoofer pasivo de la serie Templar Flying, impedancia nominal: 4 ohms, potencia continua: 1200 watts, potencia pico: 2400 watts, respuesta de frecuencia desde 35 Hz, sensibilidad: 100 dB, SPL m\u00e1ximo: 133 dB, gabinete contrachapado de abedul de 18 mm, dimensiones: 50 x 130.5 x 75 cm, peso: 92 kg.","og_url":"https:\/\/www.mexicanguitarplayers.com\/en\/tienda\/sin categor\u00eda\/bafle-proel-subwoofer-mod-tflv-218sp-4\/","og_site_name":"Mexican Guitar Players","article_modified_time":"2026-04-10T10:17:53+00:00","twitter_card":"summary_large_image","twitter_misc":{"Est. reading time":"3 minutes"},"schema":{"@context":"https:\/\/schema.org","@graph":[{"@type":["WebPage","ItemPage"],"@id":"https:\/\/www.mexicanguitarplayers.com\/tienda\/sin categor\u00eda\/bafle-proel-subwoofer-mod-tflv-218sp-4\/","url":"https:\/\/www.mexicanguitarplayers.com\/tienda\/sin categor\u00eda\/bafle-proel-subwoofer-mod-tflv-218sp-4\/","name":"BAFLE PROEL SUBWOOFER MOD. TFLV-218SP\/4 - Mexican Guitar Players","isPartOf":{"@id":"https:\/\/www.mexicanguitarplayers.com\/#website"},"primaryImageOfPage":{"@id":"https:\/\/www.mexicanguitarplayers.com\/tienda\/sin categor\u00eda\/bafle-proel-subwoofer-mod-tflv-218sp-4\/#primaryimage"},"image":{"@id":"https:\/\/www.mexicanguitarplayers.com\/tienda\/sin categor\u00eda\/bafle-proel-subwoofer-mod-tflv-218sp-4\/#primaryimage"},"thumbnailUrl":"https:\/\/www.mexicanguitarplayers.com\/wp-content\/uploads\/2025\/04\/IAPRETFLV218S4.jpg","datePublished":"2025-04-09T14:53:24+00:00","dateModified":"2026-04-10T10:17:53+00:00","description":"Subwoofer pasivo de la serie Templar Flying, impedancia nominal: 4 ohms, potencia continua: 1200 watts, potencia pico: 2400 watts, respuesta de frecuencia desde 35 Hz, sensibilidad: 100 dB, SPL m\u00e1ximo: 133 dB, gabinete contrachapado de abedul de 18 mm, dimensiones: 50 x 130.5 x 75 cm, peso: 92 kg.","breadcrumb":{"@id":"https:\/\/www.mexicanguitarplayers.com\/tienda\/sin categor\u00eda\/bafle-proel-subwoofer-mod-tflv-218sp-4\/#breadcrumb"},"inLanguage":"en-US","potentialAction":[{"@type":"ReadAction","target":["https:\/\/www.mexicanguitarplayers.com\/tienda\/sin categor\u00eda\/bafle-proel-subwoofer-mod-tflv-218sp-4\/"]}]},{"@type":"ImageObject","inLanguage":"en-US","@id":"https:\/\/www.mexicanguitarplayers.com\/tienda\/sin categor\u00eda\/bafle-proel-subwoofer-mod-tflv-218sp-4\/#primaryimage","url":"https:\/\/www.mexicanguitarplayers.com\/wp-content\/uploads\/2025\/04\/IAPRETFLV218S4.jpg","contentUrl":"https:\/\/www.mexicanguitarplayers.com\/wp-content\/uploads\/2025\/04\/IAPRETFLV218S4.jpg","width":1200,"height":1200},{"@type":"BreadcrumbList","@id":"https:\/\/www.mexicanguitarplayers.com\/tienda\/sin categor\u00eda\/bafle-proel-subwoofer-mod-tflv-218sp-4\/#breadcrumb","itemListElement":[{"@type":"ListItem","position":1,"name":"Portada","item":"https:\/\/www.mexicanguitarplayers.com\/"},{"@type":"ListItem","position":2,"name":"Tienda","item":"https:\/\/www.mexicanguitarplayers.com\/tienda\/"},{"@type":"ListItem","position":3,"name":"BAFLE PROEL SUBWOOFER MOD. TFLV-218SP\/4"}]},{"@type":"WebSite","@id":"https:\/\/www.mexicanguitarplayers.com\/#website","url":"https:\/\/www.mexicanguitarplayers.com\/","name":"Mexican Guitar Players","description":"Website","publisher":{"@id":"https:\/\/www.mexicanguitarplayers.com\/#organization"},"potentialAction":[{"@type":"SearchAction","target":{"@type":"EntryPoint","urlTemplate":"https:\/\/www.mexicanguitarplayers.com\/?s={search_term_string}"},"query-input":{"@type":"PropertyValueSpecification","valueRequired":true,"valueName":"search_term_string"}}],"inLanguage":"en-US"},{"@type":"Organization","@id":"https:\/\/www.mexicanguitarplayers.com\/#organization","name":"Mexican Guitar Players","url":"https:\/\/www.mexicanguitarplayers.com\/","logo":{"@type":"ImageObject","inLanguage":"en-US","@id":"https:\/\/www.mexicanguitarplayers.com\/#\/schema\/logo\/image\/","url":"","contentUrl":"","caption":"Mexican Guitar Players"},"image":{"@id":"https:\/\/www.mexicanguitarplayers.com\/#\/schema\/logo\/image\/"}}]}},"brands":[{"id":252,"name":"PROEL","slug":"proel"}],"_links":{"self":[{"href":"https:\/\/www.mexicanguitarplayers.com\/en\/wp-json\/wp\/v2\/product\/41653","targetHints":{"allow":["GET"]}}],"collection":[{"href":"https:\/\/www.mexicanguitarplayers.com\/en\/wp-json\/wp\/v2\/product"}],"about":[{"href":"https:\/\/www.mexicanguitarplayers.com\/en\/wp-json\/wp\/v2\/types\/product"}],"replies":[{"embeddable":true,"href":"https:\/\/www.mexicanguitarplayers.com\/en\/wp-json\/wp\/v2\/comments?post=41653"}],"wp:featuredmedia":[{"embeddable":true,"href":"https:\/\/www.mexicanguitarplayers.com\/en\/wp-json\/wp\/v2\/media\/41652"}],"wp:attachment":[{"href":"https:\/\/www.mexicanguitarplayers.com\/en\/wp-json\/wp\/v2\/media?parent=41653"}],"wp:term":[{"taxonomy":"pwb-brand","embeddable":true,"href":"https:\/\/www.mexicanguitarplayers.com\/en\/wp-json\/wp\/v2\/pwb-brand?post=41653"},{"taxonomy":"product_brand","embeddable":true,"href":"https:\/\/www.mexicanguitarplayers.com\/en\/wp-json\/wp\/v2\/product_brand?post=41653"},{"taxonomy":"product_cat","embeddable":true,"href":"https:\/\/www.mexicanguitarplayers.com\/en\/wp-json\/wp\/v2\/product_cat?post=41653"},{"taxonomy":"product_tag","embeddable":true,"href":"https:\/\/www.mexicanguitarplayers.com\/en\/wp-json\/wp\/v2\/product_tag?post=41653"}],"curies":[{"name":"wp","href":"https:\/\/api.w.org\/{rel}","templated":true}]}}