{"id":41693,"date":"2025-04-09T08:54:26","date_gmt":"2025-04-09T14:54:26","guid":{"rendered":"https:\/\/www.mexicanguitarplayers.com\/tienda\/sin categor\u00eda\/bafle-behringer-monitor-mod-b1031a\/"},"modified":"2026-05-01T07:16:36","modified_gmt":"2026-05-01T13:16:36","slug":"bafle-behringer-monitor-mod-b1031a","status":"publish","type":"product","link":"https:\/\/www.mexicanguitarplayers.com\/en\/tienda\/audio\/bafles-y-bocinas\/bafles\/bafles-activos\/bafle-behringer-monitor-mod-b1031a\/","title":{"rendered":"BAFLE BEHRINGER MONITOR MOD. B1031A"},"content":{"rendered":"<div style=\"text-align: justify\">\n<div>\n<h3>O\u00edr es creer.<\/h3>\n<\/div>\n<div>Nuestros monitores B1031A han sido tan exitosos que se han vendido miles y miles, entre ellos a algunas de las orejas m\u00e1s cr\u00edticas del planeta. Debido a su rendimiento de alta resoluci\u00f3n, los monitores de referencia de estudio B1031A activos de 2 v\u00edas, son perfectos para aplicaciones de monitoreo en campo cercano, desde entorno de mezclado peque\u00f1as hasta configuraciones de surround multicanal. Cuando se trata de tus grabaciones de estudio, lo que quieres siempre es honestidad en el sonido. De hecho, teniendo en cuenta lo importante que es tu arte, debes exigirlo as\u00ed. Es por eso que hemos dise\u00f1ado el monitor de referencia B1031A activo de 2 v\u00edas, para que puedas &#8220;hablar con la verdad&#8221;. Este monitor ofrece una gran potencia de 75 watts de salida bi-amplificada a un woofer de kevlar de 8&#8243; pulgadas de respuesta ultra sensible de largo alcance que proporciona una respuesta precisa y estrecha de graves y un tweeter de c\u00fapula de seda de alta resoluci\u00f3n de 1&#8243; pulgada para agudos cristalinos. Y aunque fue dise\u00f1ado para uso es estudio, en donde cada nota que toques est\u00e1 bajo el microscopio, el monitor B1031A hace siempre una adici\u00f3n absolutamente fant\u00e1stica a tu est\u00e9reo o sistema de sonido de video.<\/div>\n<div>\n<h4>Quick look<\/h4>\n<\/div>\n<ul style=\"margin: 0px 0px 0px 25px\">\n<li style=\"list-style-type: circle;margin: 5px\">Respuesta plana.<\/li>\n<li style=\"list-style-type: circle;margin: 5px\">Activo.<\/li>\n<li style=\"list-style-type: circle;margin: 5px\">Biamplificado.<\/li>\n<li style=\"list-style-type: circle;margin: 5px\">Blindaje magn\u00e9tico.<\/li>\n<li style=\"list-style-type: circle;margin: 5px\">Especificaciones.<\/li>\n<li style=\"list-style-type: circle;margin: 5px\">Tickets.<\/li>\n<li style=\"list-style-type: circle;margin: 5px\">Transductor.<\/li>\n<li style=\"list-style-type: circle;margin: 5px\">Potencia de amplificador.<\/li>\n<li style=\"list-style-type: circle;margin: 5px\">Crossover.<\/li>\n<li style=\"list-style-type: circle;margin: 5px\">Especificaciones.<\/li>\n<li style=\"list-style-type: circle;margin: 5px\">Power supply.<\/li>\n<li style=\"list-style-type: circle;margin: 5px\">Dimensions.<\/li>\n<li style=\"list-style-type: circle;margin: 5px\">Weight.<\/li>\n<\/ul>\n<div>\n<div style=\"font-weight: bold\">Respuesta plana.<\/div>\n<div>\n<p>Ideal para poder hacer una ecualizaci\u00f3n correcta.<\/p>\n<\/div>\n<div style=\"font-weight: bold\">Activo.<\/div>\n<div>\n<p>Monitor amplificado, solo saca la se\u00f1al de tu interfaz, mezcladora o equipo y listo.<\/p>\n<\/div>\n<div style=\"font-weight: bold\">Biamplificado.<\/div>\n<div>\n<p>El monitor trae amplificaci\u00f3n para el woofer y el driver por separado.<\/p>\n<\/div>\n<div style=\"font-weight: bold\">Blindaje magn\u00e9tico.<\/div>\n<div>\n<p>Puedes colocarlos cerca de tu monitor de coputadora sin ning\u00fan problema.<\/p>\n<\/div>\n<div style=\"font-weight: bold\">Especificaciones.<\/div>\n<div>\n<p>Monitor ultra linear de estudio activo de 2 v\u00edas de alta resoluci\u00f3n con woofer de kevlar de 8&#8243; pulgadas y dise\u00f1o &#8216;true-active&#8217;. Amplificadores de precisi\u00f3n clase A\/B con protecci\u00f3n de circuitos: 100 watts para frecuencia baja y 50 watts para frecuencia alta. Dome tweeter de 1&#8243; pulgada. Crossover de alta precisi\u00f3n con filtros Linkwitz-Riley de cuarto orden. Ajustable a una amplia gama de condiciones ac\u00fasticas. Limitador controlado separado para protecci\u00f3n de frecuencias altas y bajas. Protecci\u00f3n magn\u00e9tica que permite la colocaci\u00f3n cerca de monitores de computadora. Fuente de alimentaci\u00f3n &#8216;Planet Earth&#8217; para m\u00e1xima flexibilidad (100 &#8211; 240 V~), audio libre de ruido, respuesta transitoria superior y bajo consumo de energ\u00eda. Conectores de entrada XLR, \u00bc&#8221; y RCA desbalanceados.<\/p>\n<\/div>\n<div style=\"font-weight: bold\">Tickets.<\/div>\n<div>\n<p>Conectores: XLR y TRS \u00bc&#8221; balanceados y RCA desbalanceado. Impedancia de entrada: 10 kO. Recorte de entrada: -6 dB a +6 dB. Nivel m\u00e1ximo de entrada: +20 dB.<\/p>\n<\/div>\n<div style=\"font-weight: bold\">Transductor.<\/div>\n<div>\n<p>Driver de alta frecuencia: Dome tweeter de 1&#8243; pulgada de alta resoluci\u00f3n. Driver de baja frecuencia: Woofer de 8&#8243; pulgadas.<\/p>\n<\/div>\n<div style=\"font-weight: bold\">Potencia de amplificador.<\/div>\n<div>\n<p>Rango de baja frecuencia: RMS @ 0.1% THD (onda sinusoidal): 70 watts @ 4O. Potencia pico: 100 watts @ 4O. Rango de alta frecuencia: RMS @ 0.1% THD (onda sinusoidal): 33 watts @ 4O. Potencia pico: 50 watts @ 4O.<\/p>\n<\/div>\n<div style=\"font-weight: bold\">Crossover.<\/div>\n<div>\n<p>Tipo: Activo. Frecuencia de crossover: 2.5 kHz.<\/p>\n<\/div>\n<div style=\"font-weight: bold\">Especificaciones.<\/div>\n<div>\n<p>Respuesta de frecuencia (-3 dB): 35 Hz &#8211; 20 kHz. SPL m\u00e1ximo: 113 dB.<\/p>\n<\/div>\n<div style=\"font-weight: bold\">Power supply.<\/div>\n<div>\n<p>Fusible: 100 &#8211; 240V~ 50\/60 Hz T 2 A H 250 V. Consumo de energ\u00eda: 200 watts. Conector: Recept\u00e1culo IEC est\u00e1ndar.<\/p>\n<\/div>\n<div style=\"font-weight: bold\">Dimensions.<\/div>\n<div>\n<p>393 x 261 x 345 mm.<\/p>\n<\/div>\n<div style=\"font-weight: bold\">Weight.<\/div>\n<div>\n<p>11.3 kg.<\/p>\n<\/div>\n<\/div>\n<\/div>","protected":false},"excerpt":{"rendered":"<p>Monitor activo ultra lineal de estudio, amplificadores de precisi\u00f3n Clase AB con circuitos de protecci\u00f3n activa: 50 watts LF y 5 watts HF, tweeter de c\u00fapula de seda de 1\u201d de alta resoluci\u00f3n para una gran reproducci\u00f3n del sonido, woofer de 8\u201d pulgadas con cono de kevlar resistente a la deformaci\u00f3n para una respuesta extrema de graves, grandes caracter\u00edsticas de dispersi\u00f3n y \u201dsweet spot\u201d extremadamente grande debido a su avanzada tecnolog\u00eda, red de crossover de gran precisi\u00f3n con filtros Linkwitz-Riley de 4to orden, ajustable a una amplia gama de condiciones ac\u00fasticas, limitador controlado separado para protecci\u00f3n de sobrecarga de alta y baja frecuencia, blindaje magn\u00e9tico que permite la colocaci\u00f3n cerca de monitores de computadora, fuente de alimentaci\u00f3n \u201dPlanet Earth\u201d (100-120V~) para una m\u00e1xima flexibilidad, audio sin ruido, respuesta transitoria superior y bajo consumo de energ\u00eda,  entradas servo balanceadas con conectores XLR, 1\/4\u201dy RCA desbalanceados, dimensiones: 393 x 261 x 345 mm, peso: 11.3 kg.&hellip; <a class=\"kt-excerpt-readmore more-link\" href=\"https:\/\/www.mexicanguitarplayers.com\/en\/tienda\/audio\/bafles-y-bocinas\/bafles\/bafles-activos\/bafle-behringer-monitor-mod-b1031a\/\">Read more<\/a><\/p>","protected":false},"featured_media":41692,"comment_status":"open","ping_status":"closed","template":"","meta":{"kt_blocks_editor_width":""},"pwb-brand":[171],"product_brand":[],"product_cat":[213,222,472,221],"product_tag":[],"class_list":{"0":"post-41693","1":"product","2":"type-product","3":"status-publish","4":"has-post-thumbnail","6":"pwb-brand-behringer","7":"product_cat-audio","8":"product_cat-bafles","9":"product_cat-bafles-activos","10":"product_cat-bafles-y-bocinas","11":"product_shipping_class-10-15-kg","13":"first","14":"instock","15":"taxable","16":"shipping-taxable","17":"purchasable","18":"product-type-simple"},"yoast_head":"<!-- This site is optimized with the Yoast SEO plugin v27.6 - https:\/\/yoast.com\/product\/yoast-seo-wordpress\/ -->\n<title>BAFLE BEHRINGER MONITOR MOD. B1031A - Mexican Guitar Players<\/title>\n<meta name=\"description\" content=\"Monitor activo ultra lineal de estudio, amplificadores de precisi\u00f3n Clase AB con circuitos de protecci\u00f3n activa: 50 watts LF y 5 watts HF, tweeter de c\u00fapula de seda de 1\u201d de alta resoluci\u00f3n para una gran reproducci\u00f3n del sonido, woofer de 8\u201d pulgadas con cono de kevlar resistente a la deformaci\u00f3n para una respuesta extrema de graves, grandes caracter\u00edsticas de dispersi\u00f3n y \u201dsweet spot\u201d extremadamente grande debido a su avanzada tecnolog\u00eda, red de crossover de gran precisi\u00f3n con filtros Linkwitz-Riley de 4to orden, ajustable a una amplia gama de condiciones ac\u00fasticas, limitador controlado separado para protecci\u00f3n de sobrecarga de alta y baja frecuencia, blindaje magn\u00e9tico que permite la colocaci\u00f3n cerca de monitores de computadora, fuente de alimentaci\u00f3n \u201dPlanet Earth\u201d (100-120V~) para una m\u00e1xima flexibilidad, audio sin ruido, respuesta transitoria superior y bajo consumo de energ\u00eda, entradas servo balanceadas con conectores XLR, 1\/4\u201dy RCA desbalanceados, dimensiones: 393 x 261 x 345 mm, peso: 11.3 kg.\" \/>\n<meta name=\"robots\" content=\"index, follow, max-snippet:-1, max-image-preview:large, max-video-preview:-1\" \/>\n<link rel=\"canonical\" href=\"https:\/\/www.mexicanguitarplayers.com\/en\/tienda\/sin%20categor\u00eda\/bafle-behringer-monitor-mod-b1031a\/\" \/>\n<meta property=\"og:locale\" content=\"en_US\" \/>\n<meta property=\"og:type\" content=\"article\" \/>\n<meta property=\"og:title\" content=\"BAFLE BEHRINGER MONITOR MOD. B1031A - Mexican Guitar Players\" \/>\n<meta property=\"og:description\" content=\"Monitor activo ultra lineal de estudio, amplificadores de precisi\u00f3n Clase AB con circuitos de protecci\u00f3n activa: 50 watts LF y 5 watts HF, tweeter de c\u00fapula de seda de 1\u201d de alta resoluci\u00f3n para una gran reproducci\u00f3n del sonido, woofer de 8\u201d pulgadas con cono de kevlar resistente a la deformaci\u00f3n para una respuesta extrema de graves, grandes caracter\u00edsticas de dispersi\u00f3n y \u201dsweet spot\u201d extremadamente grande debido a su avanzada tecnolog\u00eda, red de crossover de gran precisi\u00f3n con filtros Linkwitz-Riley de 4to orden, ajustable a una amplia gama de condiciones ac\u00fasticas, limitador controlado separado para protecci\u00f3n de sobrecarga de alta y baja frecuencia, blindaje magn\u00e9tico que permite la colocaci\u00f3n cerca de monitores de computadora, fuente de alimentaci\u00f3n \u201dPlanet Earth\u201d (100-120V~) para una m\u00e1xima flexibilidad, audio sin ruido, respuesta transitoria superior y bajo consumo de energ\u00eda, entradas servo balanceadas con conectores XLR, 1\/4\u201dy RCA desbalanceados, dimensiones: 393 x 261 x 345 mm, peso: 11.3 kg.\" \/>\n<meta property=\"og:url\" content=\"https:\/\/www.mexicanguitarplayers.com\/en\/tienda\/sin categor\u00eda\/bafle-behringer-monitor-mod-b1031a\/\" \/>\n<meta property=\"og:site_name\" content=\"Mexican Guitar Players\" \/>\n<meta property=\"article:modified_time\" content=\"2026-05-01T13:16:36+00:00\" \/>\n<meta name=\"twitter:card\" content=\"summary_large_image\" \/>\n<meta name=\"twitter:label1\" content=\"Est. reading time\" \/>\n\t<meta name=\"twitter:data1\" content=\"3 minutes\" \/>\n<script type=\"application\/ld+json\" class=\"yoast-schema-graph\">{\"@context\":\"https:\\\/\\\/schema.org\",\"@graph\":[{\"@type\":[\"WebPage\",\"ItemPage\"],\"@id\":\"https:\\\/\\\/www.mexicanguitarplayers.com\\\/tienda\\\/sin categor\u00eda\\\/bafle-behringer-monitor-mod-b1031a\\\/\",\"url\":\"https:\\\/\\\/www.mexicanguitarplayers.com\\\/tienda\\\/sin categor\u00eda\\\/bafle-behringer-monitor-mod-b1031a\\\/\",\"name\":\"BAFLE BEHRINGER MONITOR MOD. B1031A - Mexican Guitar Players\",\"isPartOf\":{\"@id\":\"https:\\\/\\\/www.mexicanguitarplayers.com\\\/#website\"},\"primaryImageOfPage\":{\"@id\":\"https:\\\/\\\/www.mexicanguitarplayers.com\\\/tienda\\\/sin categor\u00eda\\\/bafle-behringer-monitor-mod-b1031a\\\/#primaryimage\"},\"image\":{\"@id\":\"https:\\\/\\\/www.mexicanguitarplayers.com\\\/tienda\\\/sin categor\u00eda\\\/bafle-behringer-monitor-mod-b1031a\\\/#primaryimage\"},\"thumbnailUrl\":\"https:\\\/\\\/www.mexicanguitarplayers.com\\\/wp-content\\\/uploads\\\/2025\\\/04\\\/IABEHB1031A.jpg\",\"datePublished\":\"2025-04-09T14:54:26+00:00\",\"dateModified\":\"2026-05-01T13:16:36+00:00\",\"description\":\"Monitor activo ultra lineal de estudio, amplificadores de precisi\u00f3n Clase AB con circuitos de protecci\u00f3n activa: 50 watts LF y 5 watts HF, tweeter de c\u00fapula de seda de 1\u201d de alta resoluci\u00f3n para una gran reproducci\u00f3n del sonido, woofer de 8\u201d pulgadas con cono de kevlar resistente a la deformaci\u00f3n para una respuesta extrema de graves, grandes caracter\u00edsticas de dispersi\u00f3n y \u201dsweet spot\u201d extremadamente grande debido a su avanzada tecnolog\u00eda, red de crossover de gran precisi\u00f3n con filtros Linkwitz-Riley de 4to orden, ajustable a una amplia gama de condiciones ac\u00fasticas, limitador controlado separado para protecci\u00f3n de sobrecarga de alta y baja frecuencia, blindaje magn\u00e9tico que permite la colocaci\u00f3n cerca de monitores de computadora, fuente de alimentaci\u00f3n \u201dPlanet Earth\u201d (100-120V~) para una m\u00e1xima flexibilidad, audio sin ruido, respuesta transitoria superior y bajo consumo de energ\u00eda, entradas servo balanceadas con conectores XLR, 1\\\/4\u201dy RCA desbalanceados, dimensiones: 393 x 261 x 345 mm, peso: 11.3 kg.\",\"breadcrumb\":{\"@id\":\"https:\\\/\\\/www.mexicanguitarplayers.com\\\/tienda\\\/sin categor\u00eda\\\/bafle-behringer-monitor-mod-b1031a\\\/#breadcrumb\"},\"inLanguage\":\"en-US\",\"potentialAction\":[{\"@type\":\"ReadAction\",\"target\":[\"https:\\\/\\\/www.mexicanguitarplayers.com\\\/tienda\\\/sin categor\u00eda\\\/bafle-behringer-monitor-mod-b1031a\\\/\"]}]},{\"@type\":\"ImageObject\",\"inLanguage\":\"en-US\",\"@id\":\"https:\\\/\\\/www.mexicanguitarplayers.com\\\/tienda\\\/sin categor\u00eda\\\/bafle-behringer-monitor-mod-b1031a\\\/#primaryimage\",\"url\":\"https:\\\/\\\/www.mexicanguitarplayers.com\\\/wp-content\\\/uploads\\\/2025\\\/04\\\/IABEHB1031A.jpg\",\"contentUrl\":\"https:\\\/\\\/www.mexicanguitarplayers.com\\\/wp-content\\\/uploads\\\/2025\\\/04\\\/IABEHB1031A.jpg\",\"width\":1200,\"height\":1200},{\"@type\":\"BreadcrumbList\",\"@id\":\"https:\\\/\\\/www.mexicanguitarplayers.com\\\/tienda\\\/sin categor\u00eda\\\/bafle-behringer-monitor-mod-b1031a\\\/#breadcrumb\",\"itemListElement\":[{\"@type\":\"ListItem\",\"position\":1,\"name\":\"Portada\",\"item\":\"https:\\\/\\\/www.mexicanguitarplayers.com\\\/\"},{\"@type\":\"ListItem\",\"position\":2,\"name\":\"Tienda\",\"item\":\"https:\\\/\\\/www.mexicanguitarplayers.com\\\/tienda\\\/\"},{\"@type\":\"ListItem\",\"position\":3,\"name\":\"BAFLE BEHRINGER MONITOR MOD. B1031A\"}]},{\"@type\":\"WebSite\",\"@id\":\"https:\\\/\\\/www.mexicanguitarplayers.com\\\/#website\",\"url\":\"https:\\\/\\\/www.mexicanguitarplayers.com\\\/\",\"name\":\"Mexican Guitar Players\",\"description\":\"Website\",\"publisher\":{\"@id\":\"https:\\\/\\\/www.mexicanguitarplayers.com\\\/#organization\"},\"potentialAction\":[{\"@type\":\"SearchAction\",\"target\":{\"@type\":\"EntryPoint\",\"urlTemplate\":\"https:\\\/\\\/www.mexicanguitarplayers.com\\\/?s={search_term_string}\"},\"query-input\":{\"@type\":\"PropertyValueSpecification\",\"valueRequired\":true,\"valueName\":\"search_term_string\"}}],\"inLanguage\":\"en-US\"},{\"@type\":\"Organization\",\"@id\":\"https:\\\/\\\/www.mexicanguitarplayers.com\\\/#organization\",\"name\":\"Mexican Guitar Players\",\"url\":\"https:\\\/\\\/www.mexicanguitarplayers.com\\\/\",\"logo\":{\"@type\":\"ImageObject\",\"inLanguage\":\"en-US\",\"@id\":\"https:\\\/\\\/www.mexicanguitarplayers.com\\\/#\\\/schema\\\/logo\\\/image\\\/\",\"url\":\"\",\"contentUrl\":\"\",\"caption\":\"Mexican Guitar Players\"},\"image\":{\"@id\":\"https:\\\/\\\/www.mexicanguitarplayers.com\\\/#\\\/schema\\\/logo\\\/image\\\/\"}}]}<\/script>\n<!-- \/ Yoast SEO plugin. -->","yoast_head_json":{"title":"BAFLE BEHRINGER MONITOR MOD. B1031A - Mexican Guitar Players","description":"Monitor activo ultra lineal de estudio, amplificadores de precisi\u00f3n Clase AB con circuitos de protecci\u00f3n activa: 50 watts LF y 5 watts HF, tweeter de c\u00fapula de seda de 1\u201d de alta resoluci\u00f3n para una gran reproducci\u00f3n del sonido, woofer de 8\u201d pulgadas con cono de kevlar resistente a la deformaci\u00f3n para una respuesta extrema de graves, grandes caracter\u00edsticas de dispersi\u00f3n y \u201dsweet spot\u201d extremadamente grande debido a su avanzada tecnolog\u00eda, red de crossover de gran precisi\u00f3n con filtros Linkwitz-Riley de 4to orden, ajustable a una amplia gama de condiciones ac\u00fasticas, limitador controlado separado para protecci\u00f3n de sobrecarga de alta y baja frecuencia, blindaje magn\u00e9tico que permite la colocaci\u00f3n cerca de monitores de computadora, fuente de alimentaci\u00f3n \u201dPlanet Earth\u201d (100-120V~) para una m\u00e1xima flexibilidad, audio sin ruido, respuesta transitoria superior y bajo consumo de energ\u00eda, entradas servo balanceadas con conectores XLR, 1\/4\u201dy RCA desbalanceados, dimensiones: 393 x 261 x 345 mm, peso: 11.3 kg.","robots":{"index":"index","follow":"follow","max-snippet":"max-snippet:-1","max-image-preview":"max-image-preview:large","max-video-preview":"max-video-preview:-1"},"canonical":"https:\/\/www.mexicanguitarplayers.com\/en\/tienda\/sin categor\u00eda\/bafle-behringer-monitor-mod-b1031a\/","og_locale":"en_US","og_type":"article","og_title":"BAFLE BEHRINGER MONITOR MOD. B1031A - Mexican Guitar Players","og_description":"Monitor activo ultra lineal de estudio, amplificadores de precisi\u00f3n Clase AB con circuitos de protecci\u00f3n activa: 50 watts LF y 5 watts HF, tweeter de c\u00fapula de seda de 1\u201d de alta resoluci\u00f3n para una gran reproducci\u00f3n del sonido, woofer de 8\u201d pulgadas con cono de kevlar resistente a la deformaci\u00f3n para una respuesta extrema de graves, grandes caracter\u00edsticas de dispersi\u00f3n y \u201dsweet spot\u201d extremadamente grande debido a su avanzada tecnolog\u00eda, red de crossover de gran precisi\u00f3n con filtros Linkwitz-Riley de 4to orden, ajustable a una amplia gama de condiciones ac\u00fasticas, limitador controlado separado para protecci\u00f3n de sobrecarga de alta y baja frecuencia, blindaje magn\u00e9tico que permite la colocaci\u00f3n cerca de monitores de computadora, fuente de alimentaci\u00f3n \u201dPlanet Earth\u201d (100-120V~) para una m\u00e1xima flexibilidad, audio sin ruido, respuesta transitoria superior y bajo consumo de energ\u00eda, entradas servo balanceadas con conectores XLR, 1\/4\u201dy RCA desbalanceados, dimensiones: 393 x 261 x 345 mm, peso: 11.3 kg.","og_url":"https:\/\/www.mexicanguitarplayers.com\/en\/tienda\/sin categor\u00eda\/bafle-behringer-monitor-mod-b1031a\/","og_site_name":"Mexican Guitar Players","article_modified_time":"2026-05-01T13:16:36+00:00","twitter_card":"summary_large_image","twitter_misc":{"Est. reading time":"3 minutes"},"schema":{"@context":"https:\/\/schema.org","@graph":[{"@type":["WebPage","ItemPage"],"@id":"https:\/\/www.mexicanguitarplayers.com\/tienda\/sin categor\u00eda\/bafle-behringer-monitor-mod-b1031a\/","url":"https:\/\/www.mexicanguitarplayers.com\/tienda\/sin categor\u00eda\/bafle-behringer-monitor-mod-b1031a\/","name":"BAFLE BEHRINGER MONITOR MOD. B1031A - Mexican Guitar Players","isPartOf":{"@id":"https:\/\/www.mexicanguitarplayers.com\/#website"},"primaryImageOfPage":{"@id":"https:\/\/www.mexicanguitarplayers.com\/tienda\/sin categor\u00eda\/bafle-behringer-monitor-mod-b1031a\/#primaryimage"},"image":{"@id":"https:\/\/www.mexicanguitarplayers.com\/tienda\/sin categor\u00eda\/bafle-behringer-monitor-mod-b1031a\/#primaryimage"},"thumbnailUrl":"https:\/\/www.mexicanguitarplayers.com\/wp-content\/uploads\/2025\/04\/IABEHB1031A.jpg","datePublished":"2025-04-09T14:54:26+00:00","dateModified":"2026-05-01T13:16:36+00:00","description":"Monitor activo ultra lineal de estudio, amplificadores de precisi\u00f3n Clase AB con circuitos de protecci\u00f3n activa: 50 watts LF y 5 watts HF, tweeter de c\u00fapula de seda de 1\u201d de alta resoluci\u00f3n para una gran reproducci\u00f3n del sonido, woofer de 8\u201d pulgadas con cono de kevlar resistente a la deformaci\u00f3n para una respuesta extrema de graves, grandes caracter\u00edsticas de dispersi\u00f3n y \u201dsweet spot\u201d extremadamente grande debido a su avanzada tecnolog\u00eda, red de crossover de gran precisi\u00f3n con filtros Linkwitz-Riley de 4to orden, ajustable a una amplia gama de condiciones ac\u00fasticas, limitador controlado separado para protecci\u00f3n de sobrecarga de alta y baja frecuencia, blindaje magn\u00e9tico que permite la colocaci\u00f3n cerca de monitores de computadora, fuente de alimentaci\u00f3n \u201dPlanet Earth\u201d (100-120V~) para una m\u00e1xima flexibilidad, audio sin ruido, respuesta transitoria superior y bajo consumo de energ\u00eda, entradas servo balanceadas con conectores XLR, 1\/4\u201dy RCA desbalanceados, dimensiones: 393 x 261 x 345 mm, peso: 11.3 kg.","breadcrumb":{"@id":"https:\/\/www.mexicanguitarplayers.com\/tienda\/sin categor\u00eda\/bafle-behringer-monitor-mod-b1031a\/#breadcrumb"},"inLanguage":"en-US","potentialAction":[{"@type":"ReadAction","target":["https:\/\/www.mexicanguitarplayers.com\/tienda\/sin categor\u00eda\/bafle-behringer-monitor-mod-b1031a\/"]}]},{"@type":"ImageObject","inLanguage":"en-US","@id":"https:\/\/www.mexicanguitarplayers.com\/tienda\/sin categor\u00eda\/bafle-behringer-monitor-mod-b1031a\/#primaryimage","url":"https:\/\/www.mexicanguitarplayers.com\/wp-content\/uploads\/2025\/04\/IABEHB1031A.jpg","contentUrl":"https:\/\/www.mexicanguitarplayers.com\/wp-content\/uploads\/2025\/04\/IABEHB1031A.jpg","width":1200,"height":1200},{"@type":"BreadcrumbList","@id":"https:\/\/www.mexicanguitarplayers.com\/tienda\/sin categor\u00eda\/bafle-behringer-monitor-mod-b1031a\/#breadcrumb","itemListElement":[{"@type":"ListItem","position":1,"name":"Portada","item":"https:\/\/www.mexicanguitarplayers.com\/"},{"@type":"ListItem","position":2,"name":"Tienda","item":"https:\/\/www.mexicanguitarplayers.com\/tienda\/"},{"@type":"ListItem","position":3,"name":"BAFLE BEHRINGER MONITOR MOD. B1031A"}]},{"@type":"WebSite","@id":"https:\/\/www.mexicanguitarplayers.com\/#website","url":"https:\/\/www.mexicanguitarplayers.com\/","name":"Mexican Guitar Players","description":"Website","publisher":{"@id":"https:\/\/www.mexicanguitarplayers.com\/#organization"},"potentialAction":[{"@type":"SearchAction","target":{"@type":"EntryPoint","urlTemplate":"https:\/\/www.mexicanguitarplayers.com\/?s={search_term_string}"},"query-input":{"@type":"PropertyValueSpecification","valueRequired":true,"valueName":"search_term_string"}}],"inLanguage":"en-US"},{"@type":"Organization","@id":"https:\/\/www.mexicanguitarplayers.com\/#organization","name":"Mexican Guitar Players","url":"https:\/\/www.mexicanguitarplayers.com\/","logo":{"@type":"ImageObject","inLanguage":"en-US","@id":"https:\/\/www.mexicanguitarplayers.com\/#\/schema\/logo\/image\/","url":"","contentUrl":"","caption":"Mexican Guitar Players"},"image":{"@id":"https:\/\/www.mexicanguitarplayers.com\/#\/schema\/logo\/image\/"}}]}},"brands":[{"id":171,"name":"BEHRINGER","slug":"behringer"}],"_links":{"self":[{"href":"https:\/\/www.mexicanguitarplayers.com\/en\/wp-json\/wp\/v2\/product\/41693","targetHints":{"allow":["GET"]}}],"collection":[{"href":"https:\/\/www.mexicanguitarplayers.com\/en\/wp-json\/wp\/v2\/product"}],"about":[{"href":"https:\/\/www.mexicanguitarplayers.com\/en\/wp-json\/wp\/v2\/types\/product"}],"replies":[{"embeddable":true,"href":"https:\/\/www.mexicanguitarplayers.com\/en\/wp-json\/wp\/v2\/comments?post=41693"}],"wp:featuredmedia":[{"embeddable":true,"href":"https:\/\/www.mexicanguitarplayers.com\/en\/wp-json\/wp\/v2\/media\/41692"}],"wp:attachment":[{"href":"https:\/\/www.mexicanguitarplayers.com\/en\/wp-json\/wp\/v2\/media?parent=41693"}],"wp:term":[{"taxonomy":"pwb-brand","embeddable":true,"href":"https:\/\/www.mexicanguitarplayers.com\/en\/wp-json\/wp\/v2\/pwb-brand?post=41693"},{"taxonomy":"product_brand","embeddable":true,"href":"https:\/\/www.mexicanguitarplayers.com\/en\/wp-json\/wp\/v2\/product_brand?post=41693"},{"taxonomy":"product_cat","embeddable":true,"href":"https:\/\/www.mexicanguitarplayers.com\/en\/wp-json\/wp\/v2\/product_cat?post=41693"},{"taxonomy":"product_tag","embeddable":true,"href":"https:\/\/www.mexicanguitarplayers.com\/en\/wp-json\/wp\/v2\/product_tag?post=41693"}],"curies":[{"name":"wp","href":"https:\/\/api.w.org\/{rel}","templated":true}]}}